{"id":760,"date":"2024-06-08T15:11:27","date_gmt":"2024-06-08T07:11:27","guid":{"rendered":"https:\/\/www.myautopartsfactory.com\/?post_type=product&#038;p=760"},"modified":"2024-06-08T15:11:29","modified_gmt":"2024-06-08T07:11:29","slug":"wholesale-auto-spare-parts-iacv-idle-air-control-valve-978f9f715ab-978f-9f715-ab-for-ford-escort-contour-mercury-cougar","status":"publish","type":"product","link":"https:\/\/www.myautopartsfactory.com\/tr\/product\/wholesale-auto-spare-parts-iacv-idle-air-control-valve-978f9f715ab-978f-9f715-ab-for-ford-escort-contour-mercury-cougar","title":{"rendered":"Toptan Oto Yedek Par\u00e7alar\u0131 IACV R\u00f6lanti Hava Kontrol Vanas\u0131 978F9F715AB 978F-9F715-AB Ford Escort Contour Mercury Cougar i\u00e7in"},"content":{"rendered":"<p><strong>\u00d6zellikler ve Faydalar:<\/strong><\/p>\n\n\n\n<p>M\u00fckemmel Uyum, Kolay Kurulum<\/p>\n\n\n\n<p>Sorunsuz bir kurulum i\u00e7in fabrika teknik \u00f6zelliklerine g\u00f6re \u00fcretilmi\u015ftir.<\/p>\n\n\n\n<p>Orijinal R\u00f6lanti Hava Kontrol Valfiniz i\u00e7in do\u011frudan yedek olarak tasarlanm\u0131\u015ft\u0131r, m\u00fckemmel uyum ve performans sa\u011flar.<\/p>\n\n\n\n<p><strong>\u00dcr\u00fcn \u00d6zellikleri\uff1a<\/strong><\/p>\n\n\n\n<p>G\u00fc\u00e7l\u00fc dayan\u0131kl\u0131l\u0131k: Y\u00fcksek kaliteli malzemelerden \u00fcretilmi\u015ftir, g\u00fc\u00e7l\u00fc dayan\u0131kl\u0131l\u0131\u011fa ve a\u015f\u0131nma direncine sahiptir ve uzun bir hizmet \u00f6mr\u00fcne sahiptir.<\/p>\n\n\n\n<p>Y\u00fcksek hassasiyet: Y\u00fcksek hassasiyetli ayarlama i\u015flevi, motorun dengesini ve ekonomisini sa\u011flamak i\u00e7in motorun r\u00f6lanti devrini do\u011fru bir \u015fekilde kontrol edebilir.<\/p>\n\n\n\n<p>Enerji tasarrufu ve \u00e7evre koruma: Motorun r\u00f6lanti devrinde tamamen yanmas\u0131n\u0131 sa\u011flay\u0131n, egzoz gaz\u0131 emisyonlar\u0131n\u0131 azalt\u0131n ve<\/p>","protected":false},"excerpt":{"rendered":"Features &amp; Benefits: \u25cfPerfect Fit, Easy Installation \u25cfMade to factory specifications for a hassle-free installation. \u25cfDesigned as a direct replacement for your original Idle Air Control Valve, ensuring excellent fitment and performance. Product Features\uff1a \u25cfStrong durability: Made of high-quality materials, it has strong durability and wear resistance and has a long service life. \u25cfHigh precision: [&hellip;]","protected":false},"featured_media":766,"menu_order":0,"template":"","meta":[],"product-tag":[],"products":[92],"brand":[59],"class_list":["post-760","product","type-product","status-publish","has-post-thumbnail","hentry","products-idle-air-control-valve","brand-ford"],"yoast_head":"<!-- This site is optimized with the Yoast SEO plugin v27.3 - https:\/\/yoast.com\/product\/yoast-seo-wordpress\/ -->\n<title>Wholesale Auto Spare Parts IACV Idle Air Control Valve 978F9F715AB 978F-9F715-AB For Ford Escort Contour Mercury Cougar - YZHIDIANF<\/title>\n<meta name=\"robots\" content=\"index, follow, max-snippet:-1, max-image-preview:large, max-video-preview:-1\" \/>\n<link rel=\"canonical\" href=\"https:\/\/www.myautopartsfactory.com\/tr\/product\/wholesale-auto-spare-parts-iacv-idle-air-control-valve-978f9f715ab-978f-9f715-ab-for-ford-escort-contour-mercury-cougar\/\" \/>\n<meta property=\"og:locale\" content=\"tr_TR\" \/>\n<meta property=\"og:type\" content=\"article\" \/>\n<meta property=\"og:title\" content=\"Wholesale Auto Spare Parts IACV Idle Air Control Valve 978F9F715AB 978F-9F715-AB For Ford Escort Contour Mercury Cougar - YZHIDIANF\" \/>\n<meta property=\"og:description\" content=\"Features &amp; Benefits: \u25cfPerfect Fit, Easy Installation \u25cfMade to factory specifications for a hassle-free installation. \u25cfDesigned as a direct replacement for your original Idle Air Control Valve, ensuring excellent fitment and performance. Product Features\uff1a \u25cfStrong durability: Made of high-quality materials, it has strong durability and wear resistance and has a long service life. \u25cfHigh precision: [&hellip;]\" \/>\n<meta property=\"og:url\" content=\"https:\/\/www.myautopartsfactory.com\/tr\/product\/wholesale-auto-spare-parts-iacv-idle-air-control-valve-978f9f715ab-978f-9f715-ab-for-ford-escort-contour-mercury-cougar\/\" \/>\n<meta property=\"og:site_name\" content=\"YZHIDIANF\" \/>\n<meta property=\"article:modified_time\" content=\"2024-06-08T07:11:29+00:00\" \/>\n<meta property=\"og:image\" content=\"https:\/\/www.myautopartsfactory.com\/wp-content\/uploads\/2024\/06\/978F9F715AB-6.jpg\" \/>\n\t<meta property=\"og:image:width\" content=\"800\" \/>\n\t<meta property=\"og:image:height\" content=\"800\" \/>\n\t<meta property=\"og:image:type\" content=\"image\/jpeg\" \/>\n<meta name=\"twitter:card\" content=\"summary_large_image\" \/>\n<meta name=\"twitter:label1\" content=\"Tahmini okuma s\u00fcresi\" \/>\n\t<meta name=\"twitter:data1\" content=\"1 dakika\" \/>\n<script type=\"application\/ld+json\" class=\"yoast-schema-graph\">{\"@context\":\"https:\\\/\\\/schema.org\",\"@graph\":[{\"@type\":\"WebPage\",\"@id\":\"https:\\\/\\\/www.myautopartsfactory.com\\\/product\\\/wholesale-auto-spare-parts-iacv-idle-air-control-valve-978f9f715ab-978f-9f715-ab-for-ford-escort-contour-mercury-cougar\",\"url\":\"https:\\\/\\\/www.myautopartsfactory.com\\\/product\\\/wholesale-auto-spare-parts-iacv-idle-air-control-valve-978f9f715ab-978f-9f715-ab-for-ford-escort-contour-mercury-cougar\",\"name\":\"Wholesale Auto Spare Parts IACV Idle Air Control Valve 978F9F715AB 978F-9F715-AB For Ford Escort Contour Mercury Cougar - YZHIDIANF\",\"isPartOf\":{\"@id\":\"https:\\\/\\\/www.myautopartsfactory.com\\\/#website\"},\"primaryImageOfPage\":{\"@id\":\"https:\\\/\\\/www.myautopartsfactory.com\\\/product\\\/wholesale-auto-spare-parts-iacv-idle-air-control-valve-978f9f715ab-978f-9f715-ab-for-ford-escort-contour-mercury-cougar#primaryimage\"},\"image\":{\"@id\":\"https:\\\/\\\/www.myautopartsfactory.com\\\/product\\\/wholesale-auto-spare-parts-iacv-idle-air-control-valve-978f9f715ab-978f-9f715-ab-for-ford-escort-contour-mercury-cougar#primaryimage\"},\"thumbnailUrl\":\"https:\\\/\\\/www.myautopartsfactory.com\\\/wp-content\\\/uploads\\\/2024\\\/06\\\/978F9F715AB-6.jpg\",\"datePublished\":\"2024-06-08T07:11:27+00:00\",\"dateModified\":\"2024-06-08T07:11:29+00:00\",\"breadcrumb\":{\"@id\":\"https:\\\/\\\/www.myautopartsfactory.com\\\/product\\\/wholesale-auto-spare-parts-iacv-idle-air-control-valve-978f9f715ab-978f-9f715-ab-for-ford-escort-contour-mercury-cougar#breadcrumb\"},\"inLanguage\":\"tr\",\"potentialAction\":[{\"@type\":\"ReadAction\",\"target\":[\"https:\\\/\\\/www.myautopartsfactory.com\\\/product\\\/wholesale-auto-spare-parts-iacv-idle-air-control-valve-978f9f715ab-978f-9f715-ab-for-ford-escort-contour-mercury-cougar\"]}]},{\"@type\":\"ImageObject\",\"inLanguage\":\"tr\",\"@id\":\"https:\\\/\\\/www.myautopartsfactory.com\\\/product\\\/wholesale-auto-spare-parts-iacv-idle-air-control-valve-978f9f715ab-978f-9f715-ab-for-ford-escort-contour-mercury-cougar#primaryimage\",\"url\":\"https:\\\/\\\/www.myautopartsfactory.com\\\/wp-content\\\/uploads\\\/2024\\\/06\\\/978F9F715AB-6.jpg\",\"contentUrl\":\"https:\\\/\\\/www.myautopartsfactory.com\\\/wp-content\\\/uploads\\\/2024\\\/06\\\/978F9F715AB-6.jpg\",\"width\":800,\"height\":800},{\"@type\":\"BreadcrumbList\",\"@id\":\"https:\\\/\\\/www.myautopartsfactory.com\\\/product\\\/wholesale-auto-spare-parts-iacv-idle-air-control-valve-978f9f715ab-978f-9f715-ab-for-ford-escort-contour-mercury-cougar#breadcrumb\",\"itemListElement\":[{\"@type\":\"ListItem\",\"position\":1,\"name\":\"\u9996\u9875\",\"item\":\"https:\\\/\\\/www.myautopartsfactory.com\\\/\"},{\"@type\":\"ListItem\",\"position\":2,\"name\":\"Wholesale Auto Spare Parts IACV Idle Air Control Valve 978F9F715AB 978F-9F715-AB For Ford Escort Contour Mercury Cougar\"}]},{\"@type\":\"WebSite\",\"@id\":\"https:\\\/\\\/www.myautopartsfactory.com\\\/#website\",\"url\":\"https:\\\/\\\/www.myautopartsfactory.com\\\/\",\"name\":\"YZHIDIANF\",\"description\":\"One-Stop Auto Parts Supplier\",\"publisher\":{\"@id\":\"https:\\\/\\\/www.myautopartsfactory.com\\\/#organization\"},\"potentialAction\":[{\"@type\":\"SearchAction\",\"target\":{\"@type\":\"EntryPoint\",\"urlTemplate\":\"https:\\\/\\\/www.myautopartsfactory.com\\\/?s={search_term_string}\"},\"query-input\":{\"@type\":\"PropertyValueSpecification\",\"valueRequired\":true,\"valueName\":\"search_term_string\"}}],\"inLanguage\":\"tr\"},{\"@type\":\"Organization\",\"@id\":\"https:\\\/\\\/www.myautopartsfactory.com\\\/#organization\",\"name\":\"YZHIDIANF\",\"url\":\"https:\\\/\\\/www.myautopartsfactory.com\\\/\",\"logo\":{\"@type\":\"ImageObject\",\"inLanguage\":\"tr\",\"@id\":\"https:\\\/\\\/www.myautopartsfactory.com\\\/#\\\/schema\\\/logo\\\/image\\\/\",\"url\":\"https:\\\/\\\/www.myautopartsfactory.com\\\/wp-content\\\/uploads\\\/2024\\\/05\\\/fav.jpg\",\"contentUrl\":\"https:\\\/\\\/www.myautopartsfactory.com\\\/wp-content\\\/uploads\\\/2024\\\/05\\\/fav.jpg\",\"width\":80,\"height\":80,\"caption\":\"YZHIDIANF\"},\"image\":{\"@id\":\"https:\\\/\\\/www.myautopartsfactory.com\\\/#\\\/schema\\\/logo\\\/image\\\/\"}}]}<\/script>\n<!-- \/ Yoast SEO plugin. -->","yoast_head_json":{"title":"Wholesale Auto Spare Parts IACV Idle Air Control Valve 978F9F715AB 978F-9F715-AB For Ford Escort Contour Mercury Cougar - YZHIDIANF","robots":{"index":"index","follow":"follow","max-snippet":"max-snippet:-1","max-image-preview":"max-image-preview:large","max-video-preview":"max-video-preview:-1"},"canonical":"https:\/\/www.myautopartsfactory.com\/tr\/product\/wholesale-auto-spare-parts-iacv-idle-air-control-valve-978f9f715ab-978f-9f715-ab-for-ford-escort-contour-mercury-cougar\/","og_locale":"tr_TR","og_type":"article","og_title":"Wholesale Auto Spare Parts IACV Idle Air Control Valve 978F9F715AB 978F-9F715-AB For Ford Escort Contour Mercury Cougar - YZHIDIANF","og_description":"Features &amp; Benefits: \u25cfPerfect Fit, Easy Installation \u25cfMade to factory specifications for a hassle-free installation. \u25cfDesigned as a direct replacement for your original Idle Air Control Valve, ensuring excellent fitment and performance. Product Features\uff1a \u25cfStrong durability: Made of high-quality materials, it has strong durability and wear resistance and has a long service life. \u25cfHigh precision: [&hellip;]","og_url":"https:\/\/www.myautopartsfactory.com\/tr\/product\/wholesale-auto-spare-parts-iacv-idle-air-control-valve-978f9f715ab-978f-9f715-ab-for-ford-escort-contour-mercury-cougar\/","og_site_name":"YZHIDIANF","article_modified_time":"2024-06-08T07:11:29+00:00","og_image":[{"width":800,"height":800,"url":"https:\/\/www.myautopartsfactory.com\/wp-content\/uploads\/2024\/06\/978F9F715AB-6.jpg","type":"image\/jpeg"}],"twitter_card":"summary_large_image","twitter_misc":{"Tahmini okuma s\u00fcresi":"1 dakika"},"schema":{"@context":"https:\/\/schema.org","@graph":[{"@type":"WebPage","@id":"https:\/\/www.myautopartsfactory.com\/product\/wholesale-auto-spare-parts-iacv-idle-air-control-valve-978f9f715ab-978f-9f715-ab-for-ford-escort-contour-mercury-cougar","url":"https:\/\/www.myautopartsfactory.com\/product\/wholesale-auto-spare-parts-iacv-idle-air-control-valve-978f9f715ab-978f-9f715-ab-for-ford-escort-contour-mercury-cougar","name":"Wholesale Auto Spare Parts IACV Idle Air Control Valve 978F9F715AB 978F-9F715-AB For Ford Escort Contour Mercury Cougar - YZHIDIANF","isPartOf":{"@id":"https:\/\/www.myautopartsfactory.com\/#website"},"primaryImageOfPage":{"@id":"https:\/\/www.myautopartsfactory.com\/product\/wholesale-auto-spare-parts-iacv-idle-air-control-valve-978f9f715ab-978f-9f715-ab-for-ford-escort-contour-mercury-cougar#primaryimage"},"image":{"@id":"https:\/\/www.myautopartsfactory.com\/product\/wholesale-auto-spare-parts-iacv-idle-air-control-valve-978f9f715ab-978f-9f715-ab-for-ford-escort-contour-mercury-cougar#primaryimage"},"thumbnailUrl":"https:\/\/www.myautopartsfactory.com\/wp-content\/uploads\/2024\/06\/978F9F715AB-6.jpg","datePublished":"2024-06-08T07:11:27+00:00","dateModified":"2024-06-08T07:11:29+00:00","breadcrumb":{"@id":"https:\/\/www.myautopartsfactory.com\/product\/wholesale-auto-spare-parts-iacv-idle-air-control-valve-978f9f715ab-978f-9f715-ab-for-ford-escort-contour-mercury-cougar#breadcrumb"},"inLanguage":"tr","potentialAction":[{"@type":"ReadAction","target":["https:\/\/www.myautopartsfactory.com\/product\/wholesale-auto-spare-parts-iacv-idle-air-control-valve-978f9f715ab-978f-9f715-ab-for-ford-escort-contour-mercury-cougar"]}]},{"@type":"ImageObject","inLanguage":"tr","@id":"https:\/\/www.myautopartsfactory.com\/product\/wholesale-auto-spare-parts-iacv-idle-air-control-valve-978f9f715ab-978f-9f715-ab-for-ford-escort-contour-mercury-cougar#primaryimage","url":"https:\/\/www.myautopartsfactory.com\/wp-content\/uploads\/2024\/06\/978F9F715AB-6.jpg","contentUrl":"https:\/\/www.myautopartsfactory.com\/wp-content\/uploads\/2024\/06\/978F9F715AB-6.jpg","width":800,"height":800},{"@type":"BreadcrumbList","@id":"https:\/\/www.myautopartsfactory.com\/product\/wholesale-auto-spare-parts-iacv-idle-air-control-valve-978f9f715ab-978f-9f715-ab-for-ford-escort-contour-mercury-cougar#breadcrumb","itemListElement":[{"@type":"ListItem","position":1,"name":"\u9996\u9875","item":"https:\/\/www.myautopartsfactory.com\/"},{"@type":"ListItem","position":2,"name":"Wholesale Auto Spare Parts IACV Idle Air Control Valve 978F9F715AB 978F-9F715-AB For Ford Escort Contour Mercury Cougar"}]},{"@type":"WebSite","@id":"https:\/\/www.myautopartsfactory.com\/#website","url":"https:\/\/www.myautopartsfactory.com\/","name":"YZHIDIANF","description":"Tek Noktadan Otomobil Par\u00e7alar\u0131 Tedarik\u00e7isi","publisher":{"@id":"https:\/\/www.myautopartsfactory.com\/#organization"},"potentialAction":[{"@type":"SearchAction","target":{"@type":"EntryPoint","urlTemplate":"https:\/\/www.myautopartsfactory.com\/?s={search_term_string}"},"query-input":{"@type":"PropertyValueSpecification","valueRequired":true,"valueName":"search_term_string"}}],"inLanguage":"tr"},{"@type":"Organization","@id":"https:\/\/www.myautopartsfactory.com\/#organization","name":"YZHIDIANF","url":"https:\/\/www.myautopartsfactory.com\/","logo":{"@type":"ImageObject","inLanguage":"tr","@id":"https:\/\/www.myautopartsfactory.com\/#\/schema\/logo\/image\/","url":"https:\/\/www.myautopartsfactory.com\/wp-content\/uploads\/2024\/05\/fav.jpg","contentUrl":"https:\/\/www.myautopartsfactory.com\/wp-content\/uploads\/2024\/05\/fav.jpg","width":80,"height":80,"caption":"YZHIDIANF"},"image":{"@id":"https:\/\/www.myautopartsfactory.com\/#\/schema\/logo\/image\/"}}]}},"acf":[],"_links":{"self":[{"href":"https:\/\/www.myautopartsfactory.com\/tr\/wp-json\/wp\/v2\/product\/760","targetHints":{"allow":["GET"]}}],"collection":[{"href":"https:\/\/www.myautopartsfactory.com\/tr\/wp-json\/wp\/v2\/product"}],"about":[{"href":"https:\/\/www.myautopartsfactory.com\/tr\/wp-json\/wp\/v2\/types\/product"}],"version-history":[{"count":0,"href":"https:\/\/www.myautopartsfactory.com\/tr\/wp-json\/wp\/v2\/product\/760\/revisions"}],"wp:featuredmedia":[{"embeddable":true,"href":"https:\/\/www.myautopartsfactory.com\/tr\/wp-json\/wp\/v2\/media\/766"}],"wp:attachment":[{"href":"https:\/\/www.myautopartsfactory.com\/tr\/wp-json\/wp\/v2\/media?parent=760"}],"wp:term":[{"taxonomy":"product-tag","embeddable":true,"href":"https:\/\/www.myautopartsfactory.com\/tr\/wp-json\/wp\/v2\/product-tag?post=760"},{"taxonomy":"products","embeddable":true,"href":"https:\/\/www.myautopartsfactory.com\/tr\/wp-json\/wp\/v2\/products?post=760"},{"taxonomy":"brand","embeddable":true,"href":"https:\/\/www.myautopartsfactory.com\/tr\/wp-json\/wp\/v2\/brand?post=760"}],"curies":[{"name":"wp","href":"https:\/\/api.w.org\/{rel}","templated":true}]}}