{"id":5520,"date":"2025-04-14T11:51:03","date_gmt":"2025-04-14T03:51:03","guid":{"rendered":"https:\/\/www.myautopartsfactory.com\/?post_type=product&#038;p=5520"},"modified":"2025-05-15T16:21:33","modified_gmt":"2025-05-15T08:21:33","slug":"fuel-pressure-regulator-22670-2y500-for-nissan-cefiro-maxima-elgrand-sunny-infiniti-g35-2003-2007","status":"publish","type":"product","link":"https:\/\/www.myautopartsfactory.com\/tr\/product\/fuel-pressure-regulator-22670-2y500-for-nissan-cefiro-maxima-elgrand-sunny-infiniti-g35-2003-2007","title":{"rendered":"Yak\u0131t Bas\u0131n\u00e7 Reg\u00fclat\u00f6r\u00fc 22670-2Y500 Nissan Cefiro Maxima Elgrand Sunny Infiniti G35 2003-2007 i\u00e7in"},"content":{"rendered":"<h2 class=\"wp-block-heading\"><strong>Giri\u015f <\/strong><strong>Yak\u0131t Bas\u0131n\u00e7 Reg\u00fclat\u00f6r\u00fc 22670-2Y500 <\/strong><strong><\/strong><\/h2>\n\n\n\n<p>YZHIDIANF Yak\u0131t Bas\u0131n\u00e7 Reg\u00fclat\u00f6r\u00fc 22670-2Y500, Nissan Cefiro, Maxima, Elgrand, Sunny ve Infiniti G35 (2003-2007) i\u00e7in y\u00fcksek performansl\u0131 bir yedek par\u00e7ad\u0131r. Yak\u0131t bas\u0131nc\u0131 reg\u00fclat\u00f6r\u00fc, \u00e7e\u015fitli \u00e7al\u0131\u015fma ko\u015fullar\u0131 alt\u0131nda s\u00fcrekli ve istikrarl\u0131 ya\u011f beslemesi sa\u011flamak i\u00e7in h\u0131zl\u0131 tepki, g\u00fc\u00e7l\u00fc s\u0131zd\u0131rmazl\u0131k ve uzun hizmet \u00f6mr\u00fcne sahip hassas bir vakum geri besleme bas\u0131nc\u0131 d\u00fczenleme mekanizmas\u0131 ile birlikte geli\u015fmi\u015f bir yay y\u00fckl\u00fc diyafram yap\u0131s\u0131n\u0131 benimser.<\/p>\n\n\n\n<h2 class=\"wp-block-heading\"><strong><strong>\u00d6zellikler<\/strong><\/strong> <strong>Yak\u0131t Bas\u0131n\u00e7 Reg\u00fclat\u00f6r\u00fc 22670-2Y500 <\/strong><\/h2>\n\n\n\n<h3 class=\"wp-block-heading\"><strong>Hassas Kontrol<\/strong><\/h3>\n\n\n\n<p>YZHIDIANF Yak\u0131t Bas\u0131n\u00e7 Reg\u00fclat\u00f6r\u00fc, yak\u0131t da\u011f\u0131t\u0131m borusunda sabit bas\u0131n\u00e7 sa\u011flamak i\u00e7in yak\u0131t d\u00f6n\u00fc\u015f ak\u0131\u015f\u0131n\u0131 otomatik olarak d\u00fczenleyen ve enjekt\u00f6rler i\u00e7in istikrarl\u0131 yak\u0131t bas\u0131nc\u0131 deste\u011fi sa\u011flayan olduk\u00e7a hassas bir vakum geri besleme sistemine dayanmaktad\u0131r. S\u0131k \u00e7al\u0131\u015ft\u0131rma ve durdurma, dik yoku\u015flarda s\u00fcr\u00fc\u015f veya d\u00f6n\u00fc\u015f\u00fcml\u00fc s\u0131cak ve so\u011fuk ko\u015fullar gibi a\u015f\u0131r\u0131 kullan\u0131m senaryolar\u0131nda bile, ECU'nun dinamik programlama ihtiya\u00e7lar\u0131na h\u0131zl\u0131 bir \u015fekilde yan\u0131t vererek yak\u0131t beslemesinin optimum durumunu korur ve durma ve sars\u0131nt\u0131 riskini en aza indirir.<\/p>\n\n\n\n<h3 class=\"wp-block-heading\"><strong>M\u00fckemmel G\u00fc\u00e7 Tepkisi<\/strong><\/h3>\n\n\n\n<p>Yak\u0131t bas\u0131nc\u0131 dalgalanmas\u0131 genellikle g\u00fc\u00e7 durgunlu\u011fu ve titre\u015fimin su\u00e7lusudur, yak\u0131t bas\u0131nc\u0131 reg\u00fclat\u00f6r\u00fc, enjeksiyon ge\u00e7ici kontrol\u00fcnde m\u00fckemmel performansa sahip, yanma verimlili\u011fini ve gaz kelebe\u011fi tepki h\u0131z\u0131n\u0131 \u00f6nemli \u00f6l\u00e7\u00fcde art\u0131ran optimize edilmi\u015f bir bas\u0131n\u00e7 reg\u00fclat\u00f6r\u00fc yap\u0131s\u0131n\u0131 benimser. Arac\u0131n g\u00fc\u00e7 \u00e7\u0131k\u0131\u015f\u0131, \u00e7al\u0131\u015ft\u0131rma, h\u0131zlanma ve vites de\u011fi\u015ftirme s\u0131ras\u0131nda daha do\u011frusal ve p\u00fcr\u00fczs\u00fczd\u00fcr, bu da onu \u00f6zellikle ev kullan\u0131c\u0131lar\u0131 ve kullan\u0131m kalitesi i\u00e7in daha y\u00fcksek gereksinimleri olan ticari platformlar i\u00e7in uygun hale getirir.<\/p>\n\n\n\n<h3 class=\"wp-block-heading\"><strong>\u00c7evre Standartlar\u0131na Uygunluk<\/strong><\/h3>\n\n\n\n<p>Hassas ya\u011f bas\u0131nc\u0131 reg\u00fclasyonu, do\u011fru hava-yak\u0131t oran\u0131 kontrol\u00fc elde etmenin anahtar\u0131d\u0131r ve yak\u0131t bas\u0131nc\u0131 reg\u00fclat\u00f6r\u00fc, tam yanma sa\u011flarken yak\u0131ts\u0131z buhar, karbon monoksit ve hidrokarbon emisyonlar\u0131n\u0131n konsantrasyonunu etkili bir \u015fekilde azalt\u0131r, bu da dolayl\u0131 olarak \u00fc\u00e7 yollu katalitik konvert\u00f6r\u00fcn verimlili\u011fini art\u0131r\u0131r, bu da onu ihracat pazarlar\u0131 ve s\u0131k\u0131 \u00e7evre d\u00fczenlemelerine sahip b\u00f6lgeler i\u00e7in uygun hale getirir.<\/p>\n\n\n\n<h3 class=\"wp-block-heading\"><strong>H\u0131zl\u0131 De\u011fi\u015ftirme Tasar\u0131m\u0131<\/strong><strong><\/strong><\/h3>\n\n\n\n<p>\u00dcr\u00fcn tamamen Nissan ve Infiniti'nin orijinal \u00f6zelliklerine uygun olarak geli\u015ftirilmi\u015ftir ve OE s\u0131n\u0131f\u0131 aray\u00fczleri ve montaj deliklerini benimser, b\u00f6ylece eski par\u00e7alar herhangi bir de\u011fi\u015fiklik yap\u0131lmadan de\u011fi\u015ftirilebilir. \u00dcr\u00fcn standart h\u0131zl\u0131 soket ve di\u015fli konnekt\u00f6r\u00fc entegre eder ve ortalama de\u011fi\u015ftirme s\u00fcresi 20 dakikadan azd\u0131r, bu da terminal ma\u011fazas\u0131n\u0131n \u00e7al\u0131\u015fma saatlerinin verimlili\u011fini b\u00fcy\u00fck \u00f6l\u00e7\u00fcde art\u0131r\u0131r ve standartla\u015ft\u0131r\u0131lm\u0131\u015f bak\u0131m s\u00fcreci ve y\u00fcksek frekansl\u0131 servis senaryolar\u0131 i\u00e7in uygundur.<\/p>\n\n\n\n<h2 class=\"wp-block-heading\"><strong>Yak\u0131t Bas\u0131n\u00e7 Reg\u00fclat\u00f6r\u00fc 22670-2Y500 De\u011ferleri<\/strong><\/h2>\n\n\n\n<h3 class=\"wp-block-heading\"><strong>Uzun S\u00fcreli Kullan\u0131m i\u00e7in G\u00fcvenilirlik<\/strong><\/h3>\n\n\n\n<p>Y\u00fcksek mukavemetli metal yap\u0131s\u0131 ve optimize edilmi\u015f s\u0131zd\u0131rmazl\u0131k sistemi sayesinde \u00fcr\u00fcn korozyona, y\u00fcksek s\u0131cakl\u0131klara ve yak\u0131t kirleticilerine kar\u015f\u0131 m\u00fckemmel dirence sahiptir ve de\u011fi\u015fken yol ko\u015fullar\u0131nda ve karma\u015f\u0131k yak\u0131t ortamlar\u0131nda istikrarl\u0131 bir \u015fekilde \u00e7al\u0131\u015fabilir, yak\u0131t sisteminin hizmet \u00f6mr\u00fcn\u00fc \u00f6nemli \u00f6l\u00e7\u00fcde uzat\u0131r ve bile\u015fen ar\u0131zas\u0131ndan kaynaklanan ilgili kay\u0131plar\u0131 azalt\u0131r.<\/p>\n\n\n\n<h3 class=\"wp-block-heading\"><strong>Genel \u0130\u015fletme ve Bak\u0131m Maliyetlerini Azalt\u0131n<\/strong><\/h3>\n\n\n\n<p>Hassas bas\u0131n\u00e7 kontrol\u00fc ve y\u00fcksek tutarl\u0131l\u0131ktaki \u00fcretim standartlar\u0131 sayesinde, yak\u0131t bas\u0131n\u00e7 reg\u00fclat\u00f6r\u00fc enjeksiyon sisteminin ar\u0131za oran\u0131n\u0131 ve g\u00fc\u00e7 anormalliklerini etkili bir \u015fekilde azaltabilir, son m\u00fc\u015fterilerin ar\u0131za oran\u0131n\u0131 ve planlanmam\u0131\u015f bak\u0131m s\u0131kl\u0131\u011f\u0131n\u0131 azaltmas\u0131na yard\u0131mc\u0131 olarak t\u00fcm yak\u0131t sisteminin TCO'sunu (Toplam Ya\u015fam D\u00f6ng\u00fcs\u00fc Maliyeti) d\u00fc\u015f\u00fcr\u00fcr.<\/p>\n\n\n\n<h3 class=\"wp-block-heading\"><strong>Kanal Sat\u0131\u015f ve Bak\u0131m Standardizasyonunun Etkinle\u015ftirilmesi<\/strong><\/h3>\n\n\n\n<p>Standartla\u015ft\u0131r\u0131lm\u0131\u015f \u00fcr\u00fcn kurulumu, g\u00fc\u00e7l\u00fc uyarlanabilirlik ve uygun bak\u0131m, aksesuar kanallar\u0131n\u0131n m\u00fc\u015fteri memnuniyetini ve \u00fcr\u00fcn devir verimlili\u011fini art\u0131rmas\u0131na yard\u0131mc\u0131 olurken, onar\u0131m ma\u011fazas\u0131 i\u015f istasyonlar\u0131n\u0131n ak\u0131\u015f h\u0131z\u0131n\u0131 art\u0131r\u0131r. Toplu sat\u0131n alma, envanter y\u00f6netimi ve hizmet standardizasyonu senaryolar\u0131 i\u00e7in uygundur ve kooperatif t\u00fcccarlara daha de\u011ferli yo\u011fun \u00e7\u00f6z\u00fcmler sunar.<\/p>\n\n\n\n<h2 class=\"wp-block-heading\"><strong>Bak\u0131m<\/strong><\/h2>\n\n\n\n<h3 class=\"wp-block-heading\"><strong>Kritik Aray\u00fczlerin D\u00fczenli Kontrol\u00fc<\/strong><\/h3>\n\n\n\n<p>Bozulma veya gev\u015feme nedeniyle s\u0131z\u0131nt\u0131lar\u0131 ve dengesiz bas\u0131n\u00e7lar\u0131 \u00f6nlemek i\u00e7in vakum portlar\u0131n\u0131n, yak\u0131t devresi ba\u011flant\u0131lar\u0131n\u0131n ve contalar\u0131n her 15.000-20.000 kilometrede bir veya y\u0131lda bir kontrol edilmesi \u00f6nerilir.<\/p>\n\n\n\n<h3 class=\"wp-block-heading\"><strong>A\u015f\u0131nd\u0131r\u0131c\u0131 Temizlik Maddelerinden Ka\u00e7\u0131n\u0131n<\/strong><\/h3>\n\n\n\n<p>\u00dcr\u00fcn kabu\u011funu temizlemeniz gerekirse, s\u0131zd\u0131rmazl\u0131k performans\u0131n\u0131 ve kabuk kaplamas\u0131n\u0131 korumak i\u00e7in hafif\u00e7e silmek i\u00e7in n\u00f6tr bir temizleme spreyi veya kuru bir bez kullanman\u0131z\u0131, benzin, g\u00fc\u00e7l\u00fc asitler ve alkaliler ve di\u011fer a\u015f\u0131nd\u0131r\u0131c\u0131 s\u0131v\u0131lar\u0131 kullanmaktan ka\u00e7\u0131nman\u0131z\u0131 \u00f6neririz.<\/p>\n\n\n\n<h2 class=\"wp-block-heading\"><strong>SSS<\/strong><strong><\/strong><\/h2>\n\n\n\n<p><strong>S1: Bu yak\u0131t bas\u0131n\u00e7 reg\u00fclat\u00f6r\u00fc hangi modellere uyar?<\/strong><br>YZHIDIANF 22670-2Y500 Yak\u0131t Bas\u0131n\u00e7 Reg\u00fclat\u00f6r\u00fc 2003-2007 Nissan Cefiro, Maxima, Elgrand, Sunny ve Infiniti G35 i\u00e7in uygundur. Kanal m\u00fc\u015fterileri veya servis sa\u011flay\u0131c\u0131lar\u0131 i\u00e7in, daha fazla modele uyman\u0131z gerekiyorsa, l\u00fctfen katalo\u011fumuz i\u00e7in bizimle ileti\u015fime ge\u00e7in. <\/p>\n\n\n\n<p><strong>S2: \u00dcr\u00fcn kurulumu karma\u015f\u0131k m\u0131? \u00d6zel aletlere ihtiyac\u0131m var m\u0131?<\/strong><br>Yak\u0131t bas\u0131n\u00e7 reg\u00fclat\u00f6r\u00fc 22670-2Y500 do\u011frudan montaj i\u00e7in tasarlanm\u0131\u015ft\u0131r, orijinal ara\u00e7 aray\u00fcz\u00fc ile uyumludur ve \u00f6zel aletler veya ECU modifikasyonu olmadan monte edilebilir. Yak\u0131t sisteminin s\u0131zd\u0131rmazl\u0131\u011f\u0131n\u0131 korumak i\u00e7in deneyimli servis personeli taraf\u0131ndan \u00e7al\u0131\u015ft\u0131r\u0131lmas\u0131 \u00f6nerilir.<\/p>\n\n\n\n<p><strong>S3: Sat\u0131\u015f sonras\u0131 ve kalite sertifikasyonunu destekliyor mu?<\/strong><br>YZHIDIANF kapsaml\u0131 ve g\u00fc\u00e7l\u00fc bir yak\u0131t bas\u0131n\u00e7 reg\u00fclat\u00f6r\u00fc tedarik\u00e7isidir, m\u00fckemmel sat\u0131\u015f sonras\u0131 hizmet sunmaktay\u0131z. Yak\u0131t Bas\u0131n\u00e7 Reg\u00fclat\u00f6r\u00fc 22670-2Y500, teslimattan \u00f6nce s\u0131zd\u0131rmazl\u0131k ve bas\u0131n\u00e7 tepkisi a\u00e7\u0131s\u0131ndan test edilmi\u015ftir. \u00dcretim hatalar\u0131n\u0131 ve reg\u00fclat\u00f6r\u00fcn insan kaynakl\u0131 olmayan ar\u0131zalar\u0131n\u0131 kapsayan 12 ayl\u0131k s\u0131n\u0131rl\u0131 garanti ile desteklenmektedir. B\u00fcy\u00fck miktarlar i\u00e7in test raporlar\u0131 ve ihracat belgeleri de mevcuttur.<\/p>\n\n\n\n<p><strong>S4: \u0130hracat ve toptan sat\u0131\u015f pazar\u0131 i\u00e7in uygun mu?<\/strong><br>Yak\u0131t bas\u0131n\u00e7 reg\u00fclat\u00f6r\u00fc 22670-2Y500, ihracat i\u015fi ve B-end toptan sat\u0131\u015f kanal\u0131 i\u00e7in uygun olan y\u00fcksek uyarlanabilirlik ve g\u00fcvenilirli\u011fe, \u00f6zelle\u015ftirilmi\u015f paketleme ve etiketlemeye sahiptir. YZHIDIANF, m\u00fc\u015fterilerin deniza\u015f\u0131r\u0131 pazar\u0131 geni\u015fletmelerine yard\u0131mc\u0131 olmak i\u00e7in lojistik destek ve hedefli sat\u0131\u015f sonras\u0131 \u00e7\u00f6z\u00fcmler sunar.<\/p>","protected":false},"excerpt":{"rendered":"Introduction to Fuel Pressure Regulator 22670-2Y500 YZHIDIANF Fuel Pressure Regulator 22670-2Y500 is a high-performance replacement part for Nissan Cefiro, Maxima, Elgrand, Sunny, and Infiniti G35 (2003-2007). The fuel pressure regulator adopts an advanced spring-loaded diaphragm structure, combined with a precise vacuum feedback pressure regulating mechanism, featuring fast response, strong sealing, and long service life, to [&hellip;]","protected":false},"featured_media":5521,"menu_order":0,"template":"","meta":[],"product-tag":[],"products":[97],"brand":[45],"class_list":["post-5520","product","type-product","status-publish","has-post-thumbnail","hentry","products-fuel-pressure-regulator","brand-nissan"],"yoast_head":"<!-- This site is optimized with the Yoast SEO plugin v27.3 - https:\/\/yoast.com\/product\/yoast-seo-wordpress\/ -->\n<title>Fuel Pressure Regulator 22670-2Y500 For Nissan Cefiro Maxima Elgrand Sunny Infiniti G35 2003-2007 - YZHIDIANF<\/title>\n<meta name=\"description\" content=\"uel pressure regulator 22670-2Y500 featur precise control, fast response, and easy OE-grade installation.\" \/>\n<meta name=\"robots\" content=\"index, follow, max-snippet:-1, max-image-preview:large, max-video-preview:-1\" \/>\n<link rel=\"canonical\" href=\"https:\/\/www.myautopartsfactory.com\/tr\/product\/fuel-pressure-regulator-22670-2y500-for-nissan-cefiro-maxima-elgrand-sunny-infiniti-g35-2003-2007\/\" \/>\n<meta property=\"og:locale\" content=\"tr_TR\" \/>\n<meta property=\"og:type\" content=\"article\" \/>\n<meta property=\"og:title\" content=\"Fuel Pressure Regulator 22670-2Y500 For Nissan Cefiro Maxima Elgrand Sunny Infiniti G35 2003-2007 - YZHIDIANF\" \/>\n<meta property=\"og:description\" content=\"uel pressure regulator 22670-2Y500 featur precise control, fast response, and easy OE-grade installation.\" \/>\n<meta property=\"og:url\" content=\"https:\/\/www.myautopartsfactory.com\/tr\/product\/fuel-pressure-regulator-22670-2y500-for-nissan-cefiro-maxima-elgrand-sunny-infiniti-g35-2003-2007\/\" \/>\n<meta property=\"og:site_name\" content=\"YZHIDIANF\" \/>\n<meta property=\"article:modified_time\" content=\"2025-05-15T08:21:33+00:00\" \/>\n<meta property=\"og:image\" content=\"https:\/\/www.myautopartsfactory.com\/wp-content\/uploads\/2025\/04\/22670-2Y500-1.jpg\" \/>\n\t<meta property=\"og:image:width\" content=\"800\" \/>\n\t<meta property=\"og:image:height\" content=\"800\" \/>\n\t<meta property=\"og:image:type\" content=\"image\/jpeg\" \/>\n<meta name=\"twitter:card\" content=\"summary_large_image\" \/>\n<meta name=\"twitter:label1\" content=\"Tahmini okuma s\u00fcresi\" \/>\n\t<meta name=\"twitter:data1\" content=\"5 dakika\" \/>\n<script type=\"application\/ld+json\" class=\"yoast-schema-graph\">{\"@context\":\"https:\\\/\\\/schema.org\",\"@graph\":[{\"@type\":\"WebPage\",\"@id\":\"https:\\\/\\\/www.myautopartsfactory.com\\\/product\\\/fuel-pressure-regulator-22670-2y500-for-nissan-cefiro-maxima-elgrand-sunny-infiniti-g35-2003-2007\",\"url\":\"https:\\\/\\\/www.myautopartsfactory.com\\\/product\\\/fuel-pressure-regulator-22670-2y500-for-nissan-cefiro-maxima-elgrand-sunny-infiniti-g35-2003-2007\",\"name\":\"Fuel Pressure Regulator 22670-2Y500 For Nissan Cefiro Maxima Elgrand Sunny Infiniti G35 2003-2007 - YZHIDIANF\",\"isPartOf\":{\"@id\":\"https:\\\/\\\/www.myautopartsfactory.com\\\/#website\"},\"primaryImageOfPage\":{\"@id\":\"https:\\\/\\\/www.myautopartsfactory.com\\\/product\\\/fuel-pressure-regulator-22670-2y500-for-nissan-cefiro-maxima-elgrand-sunny-infiniti-g35-2003-2007#primaryimage\"},\"image\":{\"@id\":\"https:\\\/\\\/www.myautopartsfactory.com\\\/product\\\/fuel-pressure-regulator-22670-2y500-for-nissan-cefiro-maxima-elgrand-sunny-infiniti-g35-2003-2007#primaryimage\"},\"thumbnailUrl\":\"https:\\\/\\\/www.myautopartsfactory.com\\\/wp-content\\\/uploads\\\/2025\\\/04\\\/22670-2Y500-1.jpg\",\"datePublished\":\"2025-04-14T03:51:03+00:00\",\"dateModified\":\"2025-05-15T08:21:33+00:00\",\"description\":\"uel pressure regulator 22670-2Y500 featur precise control, fast response, and easy OE-grade installation.\",\"breadcrumb\":{\"@id\":\"https:\\\/\\\/www.myautopartsfactory.com\\\/product\\\/fuel-pressure-regulator-22670-2y500-for-nissan-cefiro-maxima-elgrand-sunny-infiniti-g35-2003-2007#breadcrumb\"},\"inLanguage\":\"tr\",\"potentialAction\":[{\"@type\":\"ReadAction\",\"target\":[\"https:\\\/\\\/www.myautopartsfactory.com\\\/product\\\/fuel-pressure-regulator-22670-2y500-for-nissan-cefiro-maxima-elgrand-sunny-infiniti-g35-2003-2007\"]}]},{\"@type\":\"ImageObject\",\"inLanguage\":\"tr\",\"@id\":\"https:\\\/\\\/www.myautopartsfactory.com\\\/product\\\/fuel-pressure-regulator-22670-2y500-for-nissan-cefiro-maxima-elgrand-sunny-infiniti-g35-2003-2007#primaryimage\",\"url\":\"https:\\\/\\\/www.myautopartsfactory.com\\\/wp-content\\\/uploads\\\/2025\\\/04\\\/22670-2Y500-1.jpg\",\"contentUrl\":\"https:\\\/\\\/www.myautopartsfactory.com\\\/wp-content\\\/uploads\\\/2025\\\/04\\\/22670-2Y500-1.jpg\",\"width\":800,\"height\":800,\"caption\":\"Fuel Pressure Regulator\"},{\"@type\":\"BreadcrumbList\",\"@id\":\"https:\\\/\\\/www.myautopartsfactory.com\\\/product\\\/fuel-pressure-regulator-22670-2y500-for-nissan-cefiro-maxima-elgrand-sunny-infiniti-g35-2003-2007#breadcrumb\",\"itemListElement\":[{\"@type\":\"ListItem\",\"position\":1,\"name\":\"\u9996\u9875\",\"item\":\"https:\\\/\\\/www.myautopartsfactory.com\\\/\"},{\"@type\":\"ListItem\",\"position\":2,\"name\":\"Fuel Pressure Regulator 22670-2Y500 For Nissan Cefiro Maxima Elgrand Sunny Infiniti G35 2003-2007\"}]},{\"@type\":\"WebSite\",\"@id\":\"https:\\\/\\\/www.myautopartsfactory.com\\\/#website\",\"url\":\"https:\\\/\\\/www.myautopartsfactory.com\\\/\",\"name\":\"YZHIDIANF\",\"description\":\"One-Stop Auto Parts Supplier\",\"publisher\":{\"@id\":\"https:\\\/\\\/www.myautopartsfactory.com\\\/#organization\"},\"potentialAction\":[{\"@type\":\"SearchAction\",\"target\":{\"@type\":\"EntryPoint\",\"urlTemplate\":\"https:\\\/\\\/www.myautopartsfactory.com\\\/?s={search_term_string}\"},\"query-input\":{\"@type\":\"PropertyValueSpecification\",\"valueRequired\":true,\"valueName\":\"search_term_string\"}}],\"inLanguage\":\"tr\"},{\"@type\":\"Organization\",\"@id\":\"https:\\\/\\\/www.myautopartsfactory.com\\\/#organization\",\"name\":\"YZHIDIANF\",\"url\":\"https:\\\/\\\/www.myautopartsfactory.com\\\/\",\"logo\":{\"@type\":\"ImageObject\",\"inLanguage\":\"tr\",\"@id\":\"https:\\\/\\\/www.myautopartsfactory.com\\\/#\\\/schema\\\/logo\\\/image\\\/\",\"url\":\"https:\\\/\\\/www.myautopartsfactory.com\\\/wp-content\\\/uploads\\\/2024\\\/05\\\/fav.jpg\",\"contentUrl\":\"https:\\\/\\\/www.myautopartsfactory.com\\\/wp-content\\\/uploads\\\/2024\\\/05\\\/fav.jpg\",\"width\":80,\"height\":80,\"caption\":\"YZHIDIANF\"},\"image\":{\"@id\":\"https:\\\/\\\/www.myautopartsfactory.com\\\/#\\\/schema\\\/logo\\\/image\\\/\"}}]}<\/script>\n<!-- \/ Yoast SEO plugin. -->","yoast_head_json":{"title":"Yak\u0131t Bas\u0131n\u00e7 Reg\u00fclat\u00f6r\u00fc 22670-2Y500 Nissan Cefiro Maxima Elgrand Sunny Infiniti G35 2003-2007 i\u00e7in - YZHIDIANF","description":"uel bas\u0131n\u00e7 reg\u00fclat\u00f6r\u00fc 22670-2Y500 hassas kontrol, h\u0131zl\u0131 tepki ve kolay OE s\u0131n\u0131f\u0131 kurulum \u00f6zelliklerine sahiptir.","robots":{"index":"index","follow":"follow","max-snippet":"max-snippet:-1","max-image-preview":"max-image-preview:large","max-video-preview":"max-video-preview:-1"},"canonical":"https:\/\/www.myautopartsfactory.com\/tr\/product\/fuel-pressure-regulator-22670-2y500-for-nissan-cefiro-maxima-elgrand-sunny-infiniti-g35-2003-2007\/","og_locale":"tr_TR","og_type":"article","og_title":"Fuel Pressure Regulator 22670-2Y500 For Nissan Cefiro Maxima Elgrand Sunny Infiniti G35 2003-2007 - YZHIDIANF","og_description":"uel pressure regulator 22670-2Y500 featur precise control, fast response, and easy OE-grade installation.","og_url":"https:\/\/www.myautopartsfactory.com\/tr\/product\/fuel-pressure-regulator-22670-2y500-for-nissan-cefiro-maxima-elgrand-sunny-infiniti-g35-2003-2007\/","og_site_name":"YZHIDIANF","article_modified_time":"2025-05-15T08:21:33+00:00","og_image":[{"width":800,"height":800,"url":"https:\/\/www.myautopartsfactory.com\/wp-content\/uploads\/2025\/04\/22670-2Y500-1.jpg","type":"image\/jpeg"}],"twitter_card":"summary_large_image","twitter_misc":{"Tahmini okuma s\u00fcresi":"5 dakika"},"schema":{"@context":"https:\/\/schema.org","@graph":[{"@type":"WebPage","@id":"https:\/\/www.myautopartsfactory.com\/product\/fuel-pressure-regulator-22670-2y500-for-nissan-cefiro-maxima-elgrand-sunny-infiniti-g35-2003-2007","url":"https:\/\/www.myautopartsfactory.com\/product\/fuel-pressure-regulator-22670-2y500-for-nissan-cefiro-maxima-elgrand-sunny-infiniti-g35-2003-2007","name":"Yak\u0131t Bas\u0131n\u00e7 Reg\u00fclat\u00f6r\u00fc 22670-2Y500 Nissan Cefiro Maxima Elgrand Sunny Infiniti G35 2003-2007 i\u00e7in - YZHIDIANF","isPartOf":{"@id":"https:\/\/www.myautopartsfactory.com\/#website"},"primaryImageOfPage":{"@id":"https:\/\/www.myautopartsfactory.com\/product\/fuel-pressure-regulator-22670-2y500-for-nissan-cefiro-maxima-elgrand-sunny-infiniti-g35-2003-2007#primaryimage"},"image":{"@id":"https:\/\/www.myautopartsfactory.com\/product\/fuel-pressure-regulator-22670-2y500-for-nissan-cefiro-maxima-elgrand-sunny-infiniti-g35-2003-2007#primaryimage"},"thumbnailUrl":"https:\/\/www.myautopartsfactory.com\/wp-content\/uploads\/2025\/04\/22670-2Y500-1.jpg","datePublished":"2025-04-14T03:51:03+00:00","dateModified":"2025-05-15T08:21:33+00:00","description":"uel bas\u0131n\u00e7 reg\u00fclat\u00f6r\u00fc 22670-2Y500 hassas kontrol, h\u0131zl\u0131 tepki ve kolay OE s\u0131n\u0131f\u0131 kurulum \u00f6zelliklerine sahiptir.","breadcrumb":{"@id":"https:\/\/www.myautopartsfactory.com\/product\/fuel-pressure-regulator-22670-2y500-for-nissan-cefiro-maxima-elgrand-sunny-infiniti-g35-2003-2007#breadcrumb"},"inLanguage":"tr","potentialAction":[{"@type":"ReadAction","target":["https:\/\/www.myautopartsfactory.com\/product\/fuel-pressure-regulator-22670-2y500-for-nissan-cefiro-maxima-elgrand-sunny-infiniti-g35-2003-2007"]}]},{"@type":"ImageObject","inLanguage":"tr","@id":"https:\/\/www.myautopartsfactory.com\/product\/fuel-pressure-regulator-22670-2y500-for-nissan-cefiro-maxima-elgrand-sunny-infiniti-g35-2003-2007#primaryimage","url":"https:\/\/www.myautopartsfactory.com\/wp-content\/uploads\/2025\/04\/22670-2Y500-1.jpg","contentUrl":"https:\/\/www.myautopartsfactory.com\/wp-content\/uploads\/2025\/04\/22670-2Y500-1.jpg","width":800,"height":800,"caption":"Fuel Pressure Regulator"},{"@type":"BreadcrumbList","@id":"https:\/\/www.myautopartsfactory.com\/product\/fuel-pressure-regulator-22670-2y500-for-nissan-cefiro-maxima-elgrand-sunny-infiniti-g35-2003-2007#breadcrumb","itemListElement":[{"@type":"ListItem","position":1,"name":"\u9996\u9875","item":"https:\/\/www.myautopartsfactory.com\/"},{"@type":"ListItem","position":2,"name":"Fuel Pressure Regulator 22670-2Y500 For Nissan Cefiro Maxima Elgrand Sunny Infiniti G35 2003-2007"}]},{"@type":"WebSite","@id":"https:\/\/www.myautopartsfactory.com\/#website","url":"https:\/\/www.myautopartsfactory.com\/","name":"YZHIDIANF","description":"Tek Noktadan Otomobil Par\u00e7alar\u0131 Tedarik\u00e7isi","publisher":{"@id":"https:\/\/www.myautopartsfactory.com\/#organization"},"potentialAction":[{"@type":"SearchAction","target":{"@type":"EntryPoint","urlTemplate":"https:\/\/www.myautopartsfactory.com\/?s={search_term_string}"},"query-input":{"@type":"PropertyValueSpecification","valueRequired":true,"valueName":"search_term_string"}}],"inLanguage":"tr"},{"@type":"Organization","@id":"https:\/\/www.myautopartsfactory.com\/#organization","name":"YZHIDIANF","url":"https:\/\/www.myautopartsfactory.com\/","logo":{"@type":"ImageObject","inLanguage":"tr","@id":"https:\/\/www.myautopartsfactory.com\/#\/schema\/logo\/image\/","url":"https:\/\/www.myautopartsfactory.com\/wp-content\/uploads\/2024\/05\/fav.jpg","contentUrl":"https:\/\/www.myautopartsfactory.com\/wp-content\/uploads\/2024\/05\/fav.jpg","width":80,"height":80,"caption":"YZHIDIANF"},"image":{"@id":"https:\/\/www.myautopartsfactory.com\/#\/schema\/logo\/image\/"}}]}},"acf":[],"_links":{"self":[{"href":"https:\/\/www.myautopartsfactory.com\/tr\/wp-json\/wp\/v2\/product\/5520","targetHints":{"allow":["GET"]}}],"collection":[{"href":"https:\/\/www.myautopartsfactory.com\/tr\/wp-json\/wp\/v2\/product"}],"about":[{"href":"https:\/\/www.myautopartsfactory.com\/tr\/wp-json\/wp\/v2\/types\/product"}],"version-history":[{"count":0,"href":"https:\/\/www.myautopartsfactory.com\/tr\/wp-json\/wp\/v2\/product\/5520\/revisions"}],"wp:featuredmedia":[{"embeddable":true,"href":"https:\/\/www.myautopartsfactory.com\/tr\/wp-json\/wp\/v2\/media\/5521"}],"wp:attachment":[{"href":"https:\/\/www.myautopartsfactory.com\/tr\/wp-json\/wp\/v2\/media?parent=5520"}],"wp:term":[{"taxonomy":"product-tag","embeddable":true,"href":"https:\/\/www.myautopartsfactory.com\/tr\/wp-json\/wp\/v2\/product-tag?post=5520"},{"taxonomy":"products","embeddable":true,"href":"https:\/\/www.myautopartsfactory.com\/tr\/wp-json\/wp\/v2\/products?post=5520"},{"taxonomy":"brand","embeddable":true,"href":"https:\/\/www.myautopartsfactory.com\/tr\/wp-json\/wp\/v2\/brand?post=5520"}],"curies":[{"name":"wp","href":"https:\/\/api.w.org\/{rel}","templated":true}]}}