{"id":529,"date":"2024-06-06T14:36:18","date_gmt":"2024-06-06T06:36:18","guid":{"rendered":"https:\/\/www.myautopartsfactory.com\/?post_type=product&#038;p=529"},"modified":"2024-06-06T14:36:19","modified_gmt":"2024-06-06T06:36:19","slug":"wholesale-automotive-parts-vvt-variable-timing-control-valve-10921-aa140-10921aa140-ts1053-for-subaru-forester-wrx","status":"publish","type":"product","link":"https:\/\/www.myautopartsfactory.com\/tr\/product\/wholesale-automotive-parts-vvt-variable-timing-control-valve-10921-aa140-10921aa140-ts1053-for-subaru-forester-wrx","title":{"rendered":"Toptan Otomotiv Par\u00e7alar\u0131 VVT De\u011fi\u015fken Zamanlama Kontrol Vanas\u0131 10921-AA140 10921AA140 TS1053 Subaru Forester Wrx i\u00e7in"},"content":{"rendered":"<p><strong>\u00d6zellikler ve Faydalar:<\/strong><\/p>\n\n\n\n<p>M\u00fckemmel Uyum, Kolay Kurulum<\/p>\n\n\n\n<p>Sorunsuz bir kurulum i\u00e7in fabrika teknik \u00f6zelliklerine g\u00f6re \u00fcretilmi\u015ftir.<\/p>\n\n\n\n<p>Orijinal de\u011fi\u015fken valf zamanlaman\u0131z\u0131n do\u011frudan yerine ge\u00e7ecek \u015fekilde tasarlanm\u0131\u015ft\u0131r, m\u00fckemmel uyum ve performans sa\u011flar.<\/p>\n\n\n\n<p><strong>\u00dcr\u00fcn \u00d6zellikleri\uff1a<\/strong><\/p>\n\n\n\n<p>G\u00fc\u00e7 \u00e7\u0131k\u0131\u015f\u0131n\u0131 art\u0131r\u0131n: G\u00fc\u00e7 \u00e7\u0131k\u0131\u015f\u0131n\u0131 art\u0131rmak i\u00e7in motor y\u00fck\u00fc ve h\u0131z\u0131ndaki de\u011fi\u015fikliklere g\u00f6re valf zamanlamas\u0131n\u0131 ayarlay\u0131n.<\/p>\n\n\n\n<p>Yak\u0131t ekonomisini iyile\u015ftirin: Valf zamanlamas\u0131n\u0131 optimize ederek daha iyi yanma verimlili\u011fi elde edin, at\u0131klar\u0131 azalt\u0131n ve yak\u0131t t\u00fcketimini azalt\u0131n.<\/p>\n\n\n\n<p>Kuyruk gaz\u0131 emisyonlar\u0131n\u0131 azalt\u0131n: Yanma s\u00fcrecini iyile\u015ftirebilir, yanmam\u0131\u015f yak\u0131t ve zararl\u0131 madde emisyonlar\u0131n\u0131 azaltabilir ve kirlili\u011fi azaltabilir.<\/p>","protected":false},"excerpt":{"rendered":"Features &amp; Benefits: Perfect Fit, Easy Installation \u25cfMade to factory specifications for a hassle-free installation. \u25cfDesigned as a direct replacement for your original variable valve timing, ensuring excellent fitment and performance. Product Features\uff1a \u25cfEnhance power output: adjust valve timing according to changes in engine load and speed to improve power output. \u25cfImprove fuel economy: Achieve [&hellip;]","protected":false},"featured_media":534,"menu_order":0,"template":"","meta":[],"product-tag":[],"products":[91],"brand":[47],"class_list":["post-529","product","type-product","status-publish","has-post-thumbnail","hentry","products-variable-valve-timing","brand-subaru"],"yoast_head":"<!-- This site is optimized with the Yoast SEO plugin v27.3 - https:\/\/yoast.com\/product\/yoast-seo-wordpress\/ -->\n<title>Wholesale Automotive Parts VVT Variable Timing Control Valve 10921-AA140 10921AA140 TS1053 For Subaru Forester Wrx - YZHIDIANF<\/title>\n<meta name=\"robots\" content=\"index, follow, max-snippet:-1, max-image-preview:large, max-video-preview:-1\" \/>\n<link rel=\"canonical\" href=\"https:\/\/www.myautopartsfactory.com\/tr\/product\/wholesale-automotive-parts-vvt-variable-timing-control-valve-10921-aa140-10921aa140-ts1053-for-subaru-forester-wrx\/\" \/>\n<meta property=\"og:locale\" content=\"tr_TR\" \/>\n<meta property=\"og:type\" content=\"article\" \/>\n<meta property=\"og:title\" content=\"Wholesale Automotive Parts VVT Variable Timing Control Valve 10921-AA140 10921AA140 TS1053 For Subaru Forester Wrx - YZHIDIANF\" \/>\n<meta property=\"og:description\" content=\"Features &amp; Benefits: Perfect Fit, Easy Installation \u25cfMade to factory specifications for a hassle-free installation. \u25cfDesigned as a direct replacement for your original variable valve timing, ensuring excellent fitment and performance. Product Features\uff1a \u25cfEnhance power output: adjust valve timing according to changes in engine load and speed to improve power output. \u25cfImprove fuel economy: Achieve [&hellip;]\" \/>\n<meta property=\"og:url\" content=\"https:\/\/www.myautopartsfactory.com\/tr\/product\/wholesale-automotive-parts-vvt-variable-timing-control-valve-10921-aa140-10921aa140-ts1053-for-subaru-forester-wrx\/\" \/>\n<meta property=\"og:site_name\" content=\"YZHIDIANF\" \/>\n<meta property=\"article:modified_time\" content=\"2024-06-06T06:36:19+00:00\" \/>\n<meta property=\"og:image\" content=\"https:\/\/www.myautopartsfactory.com\/wp-content\/uploads\/2024\/06\/10921-AA140-5.jpg\" \/>\n\t<meta property=\"og:image:width\" content=\"800\" \/>\n\t<meta property=\"og:image:height\" content=\"800\" \/>\n\t<meta property=\"og:image:type\" content=\"image\/jpeg\" \/>\n<meta name=\"twitter:card\" content=\"summary_large_image\" \/>\n<meta name=\"twitter:label1\" content=\"Tahmini okuma s\u00fcresi\" \/>\n\t<meta name=\"twitter:data1\" content=\"1 dakika\" \/>\n<script type=\"application\/ld+json\" class=\"yoast-schema-graph\">{\"@context\":\"https:\\\/\\\/schema.org\",\"@graph\":[{\"@type\":\"WebPage\",\"@id\":\"https:\\\/\\\/www.myautopartsfactory.com\\\/product\\\/wholesale-automotive-parts-vvt-variable-timing-control-valve-10921-aa140-10921aa140-ts1053-for-subaru-forester-wrx\",\"url\":\"https:\\\/\\\/www.myautopartsfactory.com\\\/product\\\/wholesale-automotive-parts-vvt-variable-timing-control-valve-10921-aa140-10921aa140-ts1053-for-subaru-forester-wrx\",\"name\":\"Wholesale Automotive Parts VVT Variable Timing Control Valve 10921-AA140 10921AA140 TS1053 For Subaru Forester Wrx - YZHIDIANF\",\"isPartOf\":{\"@id\":\"https:\\\/\\\/www.myautopartsfactory.com\\\/#website\"},\"primaryImageOfPage\":{\"@id\":\"https:\\\/\\\/www.myautopartsfactory.com\\\/product\\\/wholesale-automotive-parts-vvt-variable-timing-control-valve-10921-aa140-10921aa140-ts1053-for-subaru-forester-wrx#primaryimage\"},\"image\":{\"@id\":\"https:\\\/\\\/www.myautopartsfactory.com\\\/product\\\/wholesale-automotive-parts-vvt-variable-timing-control-valve-10921-aa140-10921aa140-ts1053-for-subaru-forester-wrx#primaryimage\"},\"thumbnailUrl\":\"https:\\\/\\\/www.myautopartsfactory.com\\\/wp-content\\\/uploads\\\/2024\\\/06\\\/10921-AA140-5.jpg\",\"datePublished\":\"2024-06-06T06:36:18+00:00\",\"dateModified\":\"2024-06-06T06:36:19+00:00\",\"breadcrumb\":{\"@id\":\"https:\\\/\\\/www.myautopartsfactory.com\\\/product\\\/wholesale-automotive-parts-vvt-variable-timing-control-valve-10921-aa140-10921aa140-ts1053-for-subaru-forester-wrx#breadcrumb\"},\"inLanguage\":\"tr\",\"potentialAction\":[{\"@type\":\"ReadAction\",\"target\":[\"https:\\\/\\\/www.myautopartsfactory.com\\\/product\\\/wholesale-automotive-parts-vvt-variable-timing-control-valve-10921-aa140-10921aa140-ts1053-for-subaru-forester-wrx\"]}]},{\"@type\":\"ImageObject\",\"inLanguage\":\"tr\",\"@id\":\"https:\\\/\\\/www.myautopartsfactory.com\\\/product\\\/wholesale-automotive-parts-vvt-variable-timing-control-valve-10921-aa140-10921aa140-ts1053-for-subaru-forester-wrx#primaryimage\",\"url\":\"https:\\\/\\\/www.myautopartsfactory.com\\\/wp-content\\\/uploads\\\/2024\\\/06\\\/10921-AA140-5.jpg\",\"contentUrl\":\"https:\\\/\\\/www.myautopartsfactory.com\\\/wp-content\\\/uploads\\\/2024\\\/06\\\/10921-AA140-5.jpg\",\"width\":800,\"height\":800},{\"@type\":\"BreadcrumbList\",\"@id\":\"https:\\\/\\\/www.myautopartsfactory.com\\\/product\\\/wholesale-automotive-parts-vvt-variable-timing-control-valve-10921-aa140-10921aa140-ts1053-for-subaru-forester-wrx#breadcrumb\",\"itemListElement\":[{\"@type\":\"ListItem\",\"position\":1,\"name\":\"\u9996\u9875\",\"item\":\"https:\\\/\\\/www.myautopartsfactory.com\\\/\"},{\"@type\":\"ListItem\",\"position\":2,\"name\":\"Wholesale Automotive Parts VVT Variable Timing Control Valve 10921-AA140 10921AA140 TS1053 For Subaru Forester Wrx\"}]},{\"@type\":\"WebSite\",\"@id\":\"https:\\\/\\\/www.myautopartsfactory.com\\\/#website\",\"url\":\"https:\\\/\\\/www.myautopartsfactory.com\\\/\",\"name\":\"YZHIDIANF\",\"description\":\"One-Stop Auto Parts Supplier\",\"publisher\":{\"@id\":\"https:\\\/\\\/www.myautopartsfactory.com\\\/#organization\"},\"potentialAction\":[{\"@type\":\"SearchAction\",\"target\":{\"@type\":\"EntryPoint\",\"urlTemplate\":\"https:\\\/\\\/www.myautopartsfactory.com\\\/?s={search_term_string}\"},\"query-input\":{\"@type\":\"PropertyValueSpecification\",\"valueRequired\":true,\"valueName\":\"search_term_string\"}}],\"inLanguage\":\"tr\"},{\"@type\":\"Organization\",\"@id\":\"https:\\\/\\\/www.myautopartsfactory.com\\\/#organization\",\"name\":\"YZHIDIANF\",\"url\":\"https:\\\/\\\/www.myautopartsfactory.com\\\/\",\"logo\":{\"@type\":\"ImageObject\",\"inLanguage\":\"tr\",\"@id\":\"https:\\\/\\\/www.myautopartsfactory.com\\\/#\\\/schema\\\/logo\\\/image\\\/\",\"url\":\"https:\\\/\\\/www.myautopartsfactory.com\\\/wp-content\\\/uploads\\\/2024\\\/05\\\/fav.jpg\",\"contentUrl\":\"https:\\\/\\\/www.myautopartsfactory.com\\\/wp-content\\\/uploads\\\/2024\\\/05\\\/fav.jpg\",\"width\":80,\"height\":80,\"caption\":\"YZHIDIANF\"},\"image\":{\"@id\":\"https:\\\/\\\/www.myautopartsfactory.com\\\/#\\\/schema\\\/logo\\\/image\\\/\"}}]}<\/script>\n<!-- \/ Yoast SEO plugin. -->","yoast_head_json":{"title":"Toptan Otomotiv Par\u00e7alar\u0131 VVT De\u011fi\u015fken Zamanlama Kontrol Vanas\u0131 10921-AA140 10921AA140 TS1053 Subaru Forester Wrx \u0130\u00e7in - YZHIDIANF","robots":{"index":"index","follow":"follow","max-snippet":"max-snippet:-1","max-image-preview":"max-image-preview:large","max-video-preview":"max-video-preview:-1"},"canonical":"https:\/\/www.myautopartsfactory.com\/tr\/product\/wholesale-automotive-parts-vvt-variable-timing-control-valve-10921-aa140-10921aa140-ts1053-for-subaru-forester-wrx\/","og_locale":"tr_TR","og_type":"article","og_title":"Wholesale Automotive Parts VVT Variable Timing Control Valve 10921-AA140 10921AA140 TS1053 For Subaru Forester Wrx - YZHIDIANF","og_description":"Features &amp; Benefits: Perfect Fit, Easy Installation \u25cfMade to factory specifications for a hassle-free installation. \u25cfDesigned as a direct replacement for your original variable valve timing, ensuring excellent fitment and performance. Product Features\uff1a \u25cfEnhance power output: adjust valve timing according to changes in engine load and speed to improve power output. \u25cfImprove fuel economy: Achieve [&hellip;]","og_url":"https:\/\/www.myautopartsfactory.com\/tr\/product\/wholesale-automotive-parts-vvt-variable-timing-control-valve-10921-aa140-10921aa140-ts1053-for-subaru-forester-wrx\/","og_site_name":"YZHIDIANF","article_modified_time":"2024-06-06T06:36:19+00:00","og_image":[{"width":800,"height":800,"url":"https:\/\/www.myautopartsfactory.com\/wp-content\/uploads\/2024\/06\/10921-AA140-5.jpg","type":"image\/jpeg"}],"twitter_card":"summary_large_image","twitter_misc":{"Tahmini okuma s\u00fcresi":"1 dakika"},"schema":{"@context":"https:\/\/schema.org","@graph":[{"@type":"WebPage","@id":"https:\/\/www.myautopartsfactory.com\/product\/wholesale-automotive-parts-vvt-variable-timing-control-valve-10921-aa140-10921aa140-ts1053-for-subaru-forester-wrx","url":"https:\/\/www.myautopartsfactory.com\/product\/wholesale-automotive-parts-vvt-variable-timing-control-valve-10921-aa140-10921aa140-ts1053-for-subaru-forester-wrx","name":"Toptan Otomotiv Par\u00e7alar\u0131 VVT De\u011fi\u015fken Zamanlama Kontrol Vanas\u0131 10921-AA140 10921AA140 TS1053 Subaru Forester Wrx \u0130\u00e7in - YZHIDIANF","isPartOf":{"@id":"https:\/\/www.myautopartsfactory.com\/#website"},"primaryImageOfPage":{"@id":"https:\/\/www.myautopartsfactory.com\/product\/wholesale-automotive-parts-vvt-variable-timing-control-valve-10921-aa140-10921aa140-ts1053-for-subaru-forester-wrx#primaryimage"},"image":{"@id":"https:\/\/www.myautopartsfactory.com\/product\/wholesale-automotive-parts-vvt-variable-timing-control-valve-10921-aa140-10921aa140-ts1053-for-subaru-forester-wrx#primaryimage"},"thumbnailUrl":"https:\/\/www.myautopartsfactory.com\/wp-content\/uploads\/2024\/06\/10921-AA140-5.jpg","datePublished":"2024-06-06T06:36:18+00:00","dateModified":"2024-06-06T06:36:19+00:00","breadcrumb":{"@id":"https:\/\/www.myautopartsfactory.com\/product\/wholesale-automotive-parts-vvt-variable-timing-control-valve-10921-aa140-10921aa140-ts1053-for-subaru-forester-wrx#breadcrumb"},"inLanguage":"tr","potentialAction":[{"@type":"ReadAction","target":["https:\/\/www.myautopartsfactory.com\/product\/wholesale-automotive-parts-vvt-variable-timing-control-valve-10921-aa140-10921aa140-ts1053-for-subaru-forester-wrx"]}]},{"@type":"ImageObject","inLanguage":"tr","@id":"https:\/\/www.myautopartsfactory.com\/product\/wholesale-automotive-parts-vvt-variable-timing-control-valve-10921-aa140-10921aa140-ts1053-for-subaru-forester-wrx#primaryimage","url":"https:\/\/www.myautopartsfactory.com\/wp-content\/uploads\/2024\/06\/10921-AA140-5.jpg","contentUrl":"https:\/\/www.myautopartsfactory.com\/wp-content\/uploads\/2024\/06\/10921-AA140-5.jpg","width":800,"height":800},{"@type":"BreadcrumbList","@id":"https:\/\/www.myautopartsfactory.com\/product\/wholesale-automotive-parts-vvt-variable-timing-control-valve-10921-aa140-10921aa140-ts1053-for-subaru-forester-wrx#breadcrumb","itemListElement":[{"@type":"ListItem","position":1,"name":"\u9996\u9875","item":"https:\/\/www.myautopartsfactory.com\/"},{"@type":"ListItem","position":2,"name":"Wholesale Automotive Parts VVT Variable Timing Control Valve 10921-AA140 10921AA140 TS1053 For Subaru Forester Wrx"}]},{"@type":"WebSite","@id":"https:\/\/www.myautopartsfactory.com\/#website","url":"https:\/\/www.myautopartsfactory.com\/","name":"YZHIDIANF","description":"Tek Noktadan Otomobil Par\u00e7alar\u0131 Tedarik\u00e7isi","publisher":{"@id":"https:\/\/www.myautopartsfactory.com\/#organization"},"potentialAction":[{"@type":"SearchAction","target":{"@type":"EntryPoint","urlTemplate":"https:\/\/www.myautopartsfactory.com\/?s={search_term_string}"},"query-input":{"@type":"PropertyValueSpecification","valueRequired":true,"valueName":"search_term_string"}}],"inLanguage":"tr"},{"@type":"Organization","@id":"https:\/\/www.myautopartsfactory.com\/#organization","name":"YZHIDIANF","url":"https:\/\/www.myautopartsfactory.com\/","logo":{"@type":"ImageObject","inLanguage":"tr","@id":"https:\/\/www.myautopartsfactory.com\/#\/schema\/logo\/image\/","url":"https:\/\/www.myautopartsfactory.com\/wp-content\/uploads\/2024\/05\/fav.jpg","contentUrl":"https:\/\/www.myautopartsfactory.com\/wp-content\/uploads\/2024\/05\/fav.jpg","width":80,"height":80,"caption":"YZHIDIANF"},"image":{"@id":"https:\/\/www.myautopartsfactory.com\/#\/schema\/logo\/image\/"}}]}},"acf":[],"_links":{"self":[{"href":"https:\/\/www.myautopartsfactory.com\/tr\/wp-json\/wp\/v2\/product\/529","targetHints":{"allow":["GET"]}}],"collection":[{"href":"https:\/\/www.myautopartsfactory.com\/tr\/wp-json\/wp\/v2\/product"}],"about":[{"href":"https:\/\/www.myautopartsfactory.com\/tr\/wp-json\/wp\/v2\/types\/product"}],"version-history":[{"count":0,"href":"https:\/\/www.myautopartsfactory.com\/tr\/wp-json\/wp\/v2\/product\/529\/revisions"}],"wp:featuredmedia":[{"embeddable":true,"href":"https:\/\/www.myautopartsfactory.com\/tr\/wp-json\/wp\/v2\/media\/534"}],"wp:attachment":[{"href":"https:\/\/www.myautopartsfactory.com\/tr\/wp-json\/wp\/v2\/media?parent=529"}],"wp:term":[{"taxonomy":"product-tag","embeddable":true,"href":"https:\/\/www.myautopartsfactory.com\/tr\/wp-json\/wp\/v2\/product-tag?post=529"},{"taxonomy":"products","embeddable":true,"href":"https:\/\/www.myautopartsfactory.com\/tr\/wp-json\/wp\/v2\/products?post=529"},{"taxonomy":"brand","embeddable":true,"href":"https:\/\/www.myautopartsfactory.com\/tr\/wp-json\/wp\/v2\/brand?post=529"}],"curies":[{"name":"wp","href":"https:\/\/api.w.org\/{rel}","templated":true}]}}