{"id":5170,"date":"2025-03-10T16:24:58","date_gmt":"2025-03-10T08:24:58","guid":{"rendered":"https:\/\/www.myautopartsfactory.com\/?post_type=product&#038;p=5170"},"modified":"2025-03-10T16:25:01","modified_gmt":"2025-03-10T08:25:01","slug":"blower-fan-motor-resistor-8200045082-7700432632-7701049661-7700432779-for-renault-clio-espace-laguna-trafic","status":"publish","type":"product","link":"https:\/\/www.myautopartsfactory.com\/tr\/product\/blower-fan-motor-resistor-8200045082-7700432632-7701049661-7700432779-for-renault-clio-espace-laguna-trafic","title":{"rendered":"\u00dcfleyici Fan Motoru Rezist\u00f6r\u00fc 8200045082 7700432632 7701049661 7700432779 Renault Clio Espace Laguna Trafic i\u00e7in"},"content":{"rendered":"<h2 class=\"wp-block-heading\">\u00d6zellikler ve Faydalar:<\/h2>\n\n\n\n<ul class=\"wp-block-list\">\n<li>M\u00fckemmel Uyum, Kolay Kurulum<\/li>\n\n\n\n<li>Sorunsuz bir kurulum i\u00e7in fabrika \u00f6zelliklerine g\u00f6re \u00fcretilmi\u015ftir.<\/li>\n\n\n\n<li>Designed as a direct replacement for your original blower resistor, ensuring excellent fitment and performance.<\/li>\n<\/ul>\n\n\n\n<h2 class=\"wp-block-heading\">\u00dcr\u00fcn \u00d6zellikleri\uff1a<\/h2>\n\n\n\n<ul class=\"wp-block-list\">\n<li>Adjust wind speed: By controlling the size of the resistor, the resistor can switch between multiple wind speeds to provide different air flow speeds.<\/li>\n\n\n\n<li>Strong heat dissipation: Using heat sinks or specific materials to help the resistor dissipate heat efficiently and avoid overheating damage.<\/li>\n\n\n\n<li>Small size: Blower resistors are usually small in size, but the function of adjusting air flow is very effective, which can meet the needs of air conditioning wind speed under different driving conditions<\/li>\n<\/ul>","protected":false},"excerpt":{"rendered":"Features &amp; Benefits: Product Features\uff1a","protected":false},"featured_media":5174,"menu_order":0,"template":"","meta":[],"product-tag":[],"products":[107],"brand":[68],"class_list":["post-5170","product","type-product","status-publish","has-post-thumbnail","hentry","products-blower-resistor","brand-renault"],"yoast_head":"<!-- This site is optimized with the Yoast SEO plugin v27.3 - https:\/\/yoast.com\/product\/yoast-seo-wordpress\/ -->\n<title>Blower Fan Motor Resistor 8200045082 7700432632 7701049661 7700432779 For Renault Clio Espace Laguna Trafic - YZHIDIANF<\/title>\n<meta name=\"robots\" content=\"index, follow, max-snippet:-1, max-image-preview:large, max-video-preview:-1\" \/>\n<link rel=\"canonical\" href=\"https:\/\/www.myautopartsfactory.com\/tr\/product\/blower-fan-motor-resistor-8200045082-7700432632-7701049661-7700432779-for-renault-clio-espace-laguna-trafic\/\" \/>\n<meta property=\"og:locale\" content=\"tr_TR\" \/>\n<meta property=\"og:type\" content=\"article\" \/>\n<meta property=\"og:title\" content=\"Blower Fan Motor Resistor 8200045082 7700432632 7701049661 7700432779 For Renault Clio Espace Laguna Trafic - YZHIDIANF\" \/>\n<meta property=\"og:description\" content=\"Features &amp; Benefits: Product Features\uff1a\" \/>\n<meta property=\"og:url\" content=\"https:\/\/www.myautopartsfactory.com\/tr\/product\/blower-fan-motor-resistor-8200045082-7700432632-7701049661-7700432779-for-renault-clio-espace-laguna-trafic\/\" \/>\n<meta property=\"og:site_name\" content=\"YZHIDIANF\" \/>\n<meta property=\"article:modified_time\" content=\"2025-03-10T08:25:01+00:00\" \/>\n<meta property=\"og:image\" content=\"https:\/\/www.myautopartsfactory.com\/wp-content\/uploads\/2025\/03\/7700432779-4.jpg\" \/>\n\t<meta property=\"og:image:width\" content=\"800\" \/>\n\t<meta property=\"og:image:height\" content=\"800\" \/>\n\t<meta property=\"og:image:type\" content=\"image\/jpeg\" \/>\n<meta name=\"twitter:card\" content=\"summary_large_image\" \/>\n<meta name=\"twitter:label1\" content=\"Tahmini okuma s\u00fcresi\" \/>\n\t<meta name=\"twitter:data1\" content=\"1 dakika\" \/>\n<script type=\"application\/ld+json\" class=\"yoast-schema-graph\">{\"@context\":\"https:\\\/\\\/schema.org\",\"@graph\":[{\"@type\":\"WebPage\",\"@id\":\"https:\\\/\\\/www.myautopartsfactory.com\\\/product\\\/blower-fan-motor-resistor-8200045082-7700432632-7701049661-7700432779-for-renault-clio-espace-laguna-trafic\",\"url\":\"https:\\\/\\\/www.myautopartsfactory.com\\\/product\\\/blower-fan-motor-resistor-8200045082-7700432632-7701049661-7700432779-for-renault-clio-espace-laguna-trafic\",\"name\":\"Blower Fan Motor Resistor 8200045082 7700432632 7701049661 7700432779 For Renault Clio Espace Laguna Trafic - YZHIDIANF\",\"isPartOf\":{\"@id\":\"https:\\\/\\\/www.myautopartsfactory.com\\\/#website\"},\"primaryImageOfPage\":{\"@id\":\"https:\\\/\\\/www.myautopartsfactory.com\\\/product\\\/blower-fan-motor-resistor-8200045082-7700432632-7701049661-7700432779-for-renault-clio-espace-laguna-trafic#primaryimage\"},\"image\":{\"@id\":\"https:\\\/\\\/www.myautopartsfactory.com\\\/product\\\/blower-fan-motor-resistor-8200045082-7700432632-7701049661-7700432779-for-renault-clio-espace-laguna-trafic#primaryimage\"},\"thumbnailUrl\":\"https:\\\/\\\/www.myautopartsfactory.com\\\/wp-content\\\/uploads\\\/2025\\\/03\\\/7700432779-4.jpg\",\"datePublished\":\"2025-03-10T08:24:58+00:00\",\"dateModified\":\"2025-03-10T08:25:01+00:00\",\"breadcrumb\":{\"@id\":\"https:\\\/\\\/www.myautopartsfactory.com\\\/product\\\/blower-fan-motor-resistor-8200045082-7700432632-7701049661-7700432779-for-renault-clio-espace-laguna-trafic#breadcrumb\"},\"inLanguage\":\"tr\",\"potentialAction\":[{\"@type\":\"ReadAction\",\"target\":[\"https:\\\/\\\/www.myautopartsfactory.com\\\/product\\\/blower-fan-motor-resistor-8200045082-7700432632-7701049661-7700432779-for-renault-clio-espace-laguna-trafic\"]}]},{\"@type\":\"ImageObject\",\"inLanguage\":\"tr\",\"@id\":\"https:\\\/\\\/www.myautopartsfactory.com\\\/product\\\/blower-fan-motor-resistor-8200045082-7700432632-7701049661-7700432779-for-renault-clio-espace-laguna-trafic#primaryimage\",\"url\":\"https:\\\/\\\/www.myautopartsfactory.com\\\/wp-content\\\/uploads\\\/2025\\\/03\\\/7700432779-4.jpg\",\"contentUrl\":\"https:\\\/\\\/www.myautopartsfactory.com\\\/wp-content\\\/uploads\\\/2025\\\/03\\\/7700432779-4.jpg\",\"width\":800,\"height\":800},{\"@type\":\"BreadcrumbList\",\"@id\":\"https:\\\/\\\/www.myautopartsfactory.com\\\/product\\\/blower-fan-motor-resistor-8200045082-7700432632-7701049661-7700432779-for-renault-clio-espace-laguna-trafic#breadcrumb\",\"itemListElement\":[{\"@type\":\"ListItem\",\"position\":1,\"name\":\"\u9996\u9875\",\"item\":\"https:\\\/\\\/www.myautopartsfactory.com\\\/\"},{\"@type\":\"ListItem\",\"position\":2,\"name\":\"Blower Fan Motor Resistor 8200045082 7700432632 7701049661 7700432779 For Renault Clio Espace Laguna Trafic\"}]},{\"@type\":\"WebSite\",\"@id\":\"https:\\\/\\\/www.myautopartsfactory.com\\\/#website\",\"url\":\"https:\\\/\\\/www.myautopartsfactory.com\\\/\",\"name\":\"YZHIDIANF\",\"description\":\"One-Stop Auto Parts Supplier\",\"publisher\":{\"@id\":\"https:\\\/\\\/www.myautopartsfactory.com\\\/#organization\"},\"potentialAction\":[{\"@type\":\"SearchAction\",\"target\":{\"@type\":\"EntryPoint\",\"urlTemplate\":\"https:\\\/\\\/www.myautopartsfactory.com\\\/?s={search_term_string}\"},\"query-input\":{\"@type\":\"PropertyValueSpecification\",\"valueRequired\":true,\"valueName\":\"search_term_string\"}}],\"inLanguage\":\"tr\"},{\"@type\":\"Organization\",\"@id\":\"https:\\\/\\\/www.myautopartsfactory.com\\\/#organization\",\"name\":\"YZHIDIANF\",\"url\":\"https:\\\/\\\/www.myautopartsfactory.com\\\/\",\"logo\":{\"@type\":\"ImageObject\",\"inLanguage\":\"tr\",\"@id\":\"https:\\\/\\\/www.myautopartsfactory.com\\\/#\\\/schema\\\/logo\\\/image\\\/\",\"url\":\"https:\\\/\\\/www.myautopartsfactory.com\\\/wp-content\\\/uploads\\\/2024\\\/05\\\/fav.jpg\",\"contentUrl\":\"https:\\\/\\\/www.myautopartsfactory.com\\\/wp-content\\\/uploads\\\/2024\\\/05\\\/fav.jpg\",\"width\":80,\"height\":80,\"caption\":\"YZHIDIANF\"},\"image\":{\"@id\":\"https:\\\/\\\/www.myautopartsfactory.com\\\/#\\\/schema\\\/logo\\\/image\\\/\"}}]}<\/script>\n<!-- \/ Yoast SEO plugin. -->","yoast_head_json":{"title":"Blower Fan Motor Resistor 8200045082 7700432632 7701049661 7700432779 For Renault Clio Espace Laguna Trafic - YZHIDIANF","robots":{"index":"index","follow":"follow","max-snippet":"max-snippet:-1","max-image-preview":"max-image-preview:large","max-video-preview":"max-video-preview:-1"},"canonical":"https:\/\/www.myautopartsfactory.com\/tr\/product\/blower-fan-motor-resistor-8200045082-7700432632-7701049661-7700432779-for-renault-clio-espace-laguna-trafic\/","og_locale":"tr_TR","og_type":"article","og_title":"Blower Fan Motor Resistor 8200045082 7700432632 7701049661 7700432779 For Renault Clio Espace Laguna Trafic - YZHIDIANF","og_description":"Features &amp; Benefits: Product Features\uff1a","og_url":"https:\/\/www.myautopartsfactory.com\/tr\/product\/blower-fan-motor-resistor-8200045082-7700432632-7701049661-7700432779-for-renault-clio-espace-laguna-trafic\/","og_site_name":"YZHIDIANF","article_modified_time":"2025-03-10T08:25:01+00:00","og_image":[{"width":800,"height":800,"url":"https:\/\/www.myautopartsfactory.com\/wp-content\/uploads\/2025\/03\/7700432779-4.jpg","type":"image\/jpeg"}],"twitter_card":"summary_large_image","twitter_misc":{"Tahmini okuma s\u00fcresi":"1 dakika"},"schema":{"@context":"https:\/\/schema.org","@graph":[{"@type":"WebPage","@id":"https:\/\/www.myautopartsfactory.com\/product\/blower-fan-motor-resistor-8200045082-7700432632-7701049661-7700432779-for-renault-clio-espace-laguna-trafic","url":"https:\/\/www.myautopartsfactory.com\/product\/blower-fan-motor-resistor-8200045082-7700432632-7701049661-7700432779-for-renault-clio-espace-laguna-trafic","name":"Blower Fan Motor Resistor 8200045082 7700432632 7701049661 7700432779 For Renault Clio Espace Laguna Trafic - YZHIDIANF","isPartOf":{"@id":"https:\/\/www.myautopartsfactory.com\/#website"},"primaryImageOfPage":{"@id":"https:\/\/www.myautopartsfactory.com\/product\/blower-fan-motor-resistor-8200045082-7700432632-7701049661-7700432779-for-renault-clio-espace-laguna-trafic#primaryimage"},"image":{"@id":"https:\/\/www.myautopartsfactory.com\/product\/blower-fan-motor-resistor-8200045082-7700432632-7701049661-7700432779-for-renault-clio-espace-laguna-trafic#primaryimage"},"thumbnailUrl":"https:\/\/www.myautopartsfactory.com\/wp-content\/uploads\/2025\/03\/7700432779-4.jpg","datePublished":"2025-03-10T08:24:58+00:00","dateModified":"2025-03-10T08:25:01+00:00","breadcrumb":{"@id":"https:\/\/www.myautopartsfactory.com\/product\/blower-fan-motor-resistor-8200045082-7700432632-7701049661-7700432779-for-renault-clio-espace-laguna-trafic#breadcrumb"},"inLanguage":"tr","potentialAction":[{"@type":"ReadAction","target":["https:\/\/www.myautopartsfactory.com\/product\/blower-fan-motor-resistor-8200045082-7700432632-7701049661-7700432779-for-renault-clio-espace-laguna-trafic"]}]},{"@type":"ImageObject","inLanguage":"tr","@id":"https:\/\/www.myautopartsfactory.com\/product\/blower-fan-motor-resistor-8200045082-7700432632-7701049661-7700432779-for-renault-clio-espace-laguna-trafic#primaryimage","url":"https:\/\/www.myautopartsfactory.com\/wp-content\/uploads\/2025\/03\/7700432779-4.jpg","contentUrl":"https:\/\/www.myautopartsfactory.com\/wp-content\/uploads\/2025\/03\/7700432779-4.jpg","width":800,"height":800},{"@type":"BreadcrumbList","@id":"https:\/\/www.myautopartsfactory.com\/product\/blower-fan-motor-resistor-8200045082-7700432632-7701049661-7700432779-for-renault-clio-espace-laguna-trafic#breadcrumb","itemListElement":[{"@type":"ListItem","position":1,"name":"\u9996\u9875","item":"https:\/\/www.myautopartsfactory.com\/"},{"@type":"ListItem","position":2,"name":"Blower Fan Motor Resistor 8200045082 7700432632 7701049661 7700432779 For Renault Clio Espace Laguna Trafic"}]},{"@type":"WebSite","@id":"https:\/\/www.myautopartsfactory.com\/#website","url":"https:\/\/www.myautopartsfactory.com\/","name":"YZHIDIANF","description":"Tek Noktadan Otomobil Par\u00e7alar\u0131 Tedarik\u00e7isi","publisher":{"@id":"https:\/\/www.myautopartsfactory.com\/#organization"},"potentialAction":[{"@type":"SearchAction","target":{"@type":"EntryPoint","urlTemplate":"https:\/\/www.myautopartsfactory.com\/?s={search_term_string}"},"query-input":{"@type":"PropertyValueSpecification","valueRequired":true,"valueName":"search_term_string"}}],"inLanguage":"tr"},{"@type":"Organization","@id":"https:\/\/www.myautopartsfactory.com\/#organization","name":"YZHIDIANF","url":"https:\/\/www.myautopartsfactory.com\/","logo":{"@type":"ImageObject","inLanguage":"tr","@id":"https:\/\/www.myautopartsfactory.com\/#\/schema\/logo\/image\/","url":"https:\/\/www.myautopartsfactory.com\/wp-content\/uploads\/2024\/05\/fav.jpg","contentUrl":"https:\/\/www.myautopartsfactory.com\/wp-content\/uploads\/2024\/05\/fav.jpg","width":80,"height":80,"caption":"YZHIDIANF"},"image":{"@id":"https:\/\/www.myautopartsfactory.com\/#\/schema\/logo\/image\/"}}]}},"acf":[],"_links":{"self":[{"href":"https:\/\/www.myautopartsfactory.com\/tr\/wp-json\/wp\/v2\/product\/5170","targetHints":{"allow":["GET"]}}],"collection":[{"href":"https:\/\/www.myautopartsfactory.com\/tr\/wp-json\/wp\/v2\/product"}],"about":[{"href":"https:\/\/www.myautopartsfactory.com\/tr\/wp-json\/wp\/v2\/types\/product"}],"version-history":[{"count":0,"href":"https:\/\/www.myautopartsfactory.com\/tr\/wp-json\/wp\/v2\/product\/5170\/revisions"}],"wp:featuredmedia":[{"embeddable":true,"href":"https:\/\/www.myautopartsfactory.com\/tr\/wp-json\/wp\/v2\/media\/5174"}],"wp:attachment":[{"href":"https:\/\/www.myautopartsfactory.com\/tr\/wp-json\/wp\/v2\/media?parent=5170"}],"wp:term":[{"taxonomy":"product-tag","embeddable":true,"href":"https:\/\/www.myautopartsfactory.com\/tr\/wp-json\/wp\/v2\/product-tag?post=5170"},{"taxonomy":"products","embeddable":true,"href":"https:\/\/www.myautopartsfactory.com\/tr\/wp-json\/wp\/v2\/products?post=5170"},{"taxonomy":"brand","embeddable":true,"href":"https:\/\/www.myautopartsfactory.com\/tr\/wp-json\/wp\/v2\/brand?post=5170"}],"curies":[{"name":"wp","href":"https:\/\/api.w.org\/{rel}","templated":true}]}}