{"id":4992,"date":"2025-02-20T15:34:14","date_gmt":"2025-02-20T07:34:14","guid":{"rendered":"https:\/\/www.myautopartsfactory.com\/?post_type=product&#038;p=4992"},"modified":"2026-03-30T16:42:42","modified_gmt":"2026-03-30T08:42:42","slug":"auto-part-nitrogen-oxygen-sensor-5wk96790b-5115408-0019-51154080019-nox-sensor-for-man-truck","status":"publish","type":"product","link":"https:\/\/www.myautopartsfactory.com\/tr\/product\/auto-part-nitrogen-oxygen-sensor-5wk96790b-5115408-0019-51154080019-nox-sensor-for-man-truck","title":{"rendered":"Otomobil Par\u00e7as\u0131 Azot Oksijen Sens\u00f6r\u00fc 5WK96790B 5115408-0019 51154080019 Erkek Kamyon \u0130\u00e7in Nox Sens\u00f6r\u00fc"},"content":{"rendered":"<h2 class=\"wp-block-heading\">\u00d6zellikler ve Faydalar:<\/h2>\n\n\n\n<ul class=\"wp-block-list\">\n<li>Sorunsuz bir kurulum i\u00e7in fabrika \u00f6zelliklerine g\u00f6re \u00fcretilmi\u015ftir.<\/li>\n\n\n\n<li>M\u00fckemmel Uyum, Kolay Kurulum<\/li>\n\n\n\n<li>Orijinal Nox Sens\u00f6r\u00fcn\u00fcz i\u00e7in do\u011frudan yedek olarak tasarlanm\u0131\u015ft\u0131r, m\u00fckemmel uyum ve performans sa\u011flar.<\/li>\n<\/ul>\n\n\n\n<h2 class=\"wp-block-heading\">\u00dcr\u00fcn \u00d6zellikleri:<\/h2>\n\n\n\n<ul class=\"wp-block-list\">\n<li>Emisyon kontrol sistemleri ile birlikte \u00e7al\u0131\u015f\u0131r: Genellikle SCR sistemleri, EGR sistemleri (egzoz gaz\u0131 devridaimi), oksijen sens\u00f6rleri vb. ile birlikte \u00e7al\u0131\u015f\u0131r. NOx konsantrasyon verilerini geri besleyerek, sistem \u00fcre enjeksiyon miktar\u0131n\u0131 veya egzoz gaz\u0131 devridaim miktar\u0131n\u0131 ayarlayabilir, b\u00f6ylece azot oksit emisyonlar\u0131n\u0131 azaltabilir ve \u00e7evre koruma standartlar\u0131n\u0131 kar\u015f\u0131layabilir.<\/li>\n\n\n\n<li>Motor verimlili\u011fini ve emisyon kontrol\u00fcn\u00fc iyile\u015ftirme: NOx sens\u00f6rleri, NOx seviyelerini do\u011fru bir \u015fekilde izleyerek ECU'nun motorun yanma s\u00fcrecini optimize etmesine yard\u0131mc\u0131 olur. Do\u011fru veri geri bildirimi, daha y\u00fcksek yanma verimlili\u011fi elde etmek i\u00e7in hava-yak\u0131t kar\u0131\u015f\u0131m oran\u0131, yak\u0131t enjeksiyon zamanlamas\u0131, turbo\u015farj vb. parametrelerin ayarlanmas\u0131na yard\u0131mc\u0131 olur.<\/li>\n\n\n\n<li>Ak\u0131ll\u0131 te\u015fhis fonksiyonu: Modern NOx sens\u00f6rleri ayr\u0131ca ak\u0131ll\u0131 te\u015fhis fonksiyonlar\u0131na sahiptir. Kendi \u00e7al\u0131\u015fma durumlar\u0131n\u0131 alg\u0131layabilir ve ECU'ya ar\u0131zalar\u0131 veya performans d\u00fc\u015f\u00fc\u015f\u00fcn\u00fc rapor edebilirler.<\/li>\n<\/ul>","protected":false},"excerpt":{"rendered":"Features &amp; Benefits: Product Features:","protected":false},"featured_media":4998,"menu_order":0,"template":"","meta":[],"product-tag":[],"products":[3],"brand":[],"class_list":["post-4992","product","type-product","status-publish","has-post-thumbnail","hentry","products-nox-sensor"],"yoast_head":"<!-- This site is optimized with the Yoast SEO plugin v27.3 - https:\/\/yoast.com\/product\/yoast-seo-wordpress\/ -->\n<title>Auto Part Nitrogen Oxygen Sensor 5WK96790B 5115408-0019 51154080019 Nox Sensor For Man Truck - YZHIDIANF<\/title>\n<meta name=\"robots\" content=\"index, follow, max-snippet:-1, max-image-preview:large, max-video-preview:-1\" \/>\n<link rel=\"canonical\" href=\"https:\/\/www.myautopartsfactory.com\/tr\/product\/auto-part-nitrogen-oxygen-sensor-5wk96790b-5115408-0019-51154080019-nox-sensor-for-man-truck\/\" \/>\n<meta property=\"og:locale\" content=\"tr_TR\" \/>\n<meta property=\"og:type\" content=\"article\" \/>\n<meta property=\"og:title\" content=\"Auto Part Nitrogen Oxygen Sensor 5WK96790B 5115408-0019 51154080019 Nox Sensor For Man Truck - YZHIDIANF\" \/>\n<meta property=\"og:description\" content=\"Features &amp; Benefits: Product Features:\" \/>\n<meta property=\"og:url\" content=\"https:\/\/www.myautopartsfactory.com\/tr\/product\/auto-part-nitrogen-oxygen-sensor-5wk96790b-5115408-0019-51154080019-nox-sensor-for-man-truck\/\" \/>\n<meta property=\"og:site_name\" content=\"YZHIDIANF\" \/>\n<meta property=\"article:modified_time\" content=\"2026-03-30T08:42:42+00:00\" \/>\n<meta property=\"og:image\" content=\"https:\/\/www.myautopartsfactory.com\/wp-content\/uploads\/2025\/02\/6-5.jpg\" \/>\n\t<meta property=\"og:image:width\" content=\"800\" \/>\n\t<meta property=\"og:image:height\" content=\"800\" \/>\n\t<meta property=\"og:image:type\" content=\"image\/jpeg\" \/>\n<meta name=\"twitter:card\" content=\"summary_large_image\" \/>\n<meta name=\"twitter:label1\" content=\"Tahmini okuma s\u00fcresi\" \/>\n\t<meta name=\"twitter:data1\" content=\"2 dakika\" \/>\n<script type=\"application\/ld+json\" class=\"yoast-schema-graph\">{\"@context\":\"https:\\\/\\\/schema.org\",\"@graph\":[{\"@type\":\"WebPage\",\"@id\":\"https:\\\/\\\/www.myautopartsfactory.com\\\/product\\\/auto-part-nitrogen-oxygen-sensor-5wk96790b-5115408-0019-51154080019-nox-sensor-for-man-truck\",\"url\":\"https:\\\/\\\/www.myautopartsfactory.com\\\/product\\\/auto-part-nitrogen-oxygen-sensor-5wk96790b-5115408-0019-51154080019-nox-sensor-for-man-truck\",\"name\":\"Auto Part Nitrogen Oxygen Sensor 5WK96790B 5115408-0019 51154080019 Nox Sensor For Man Truck - YZHIDIANF\",\"isPartOf\":{\"@id\":\"https:\\\/\\\/www.myautopartsfactory.com\\\/#website\"},\"primaryImageOfPage\":{\"@id\":\"https:\\\/\\\/www.myautopartsfactory.com\\\/product\\\/auto-part-nitrogen-oxygen-sensor-5wk96790b-5115408-0019-51154080019-nox-sensor-for-man-truck#primaryimage\"},\"image\":{\"@id\":\"https:\\\/\\\/www.myautopartsfactory.com\\\/product\\\/auto-part-nitrogen-oxygen-sensor-5wk96790b-5115408-0019-51154080019-nox-sensor-for-man-truck#primaryimage\"},\"thumbnailUrl\":\"https:\\\/\\\/www.myautopartsfactory.com\\\/wp-content\\\/uploads\\\/2025\\\/02\\\/6-5.jpg\",\"datePublished\":\"2025-02-20T07:34:14+00:00\",\"dateModified\":\"2026-03-30T08:42:42+00:00\",\"breadcrumb\":{\"@id\":\"https:\\\/\\\/www.myautopartsfactory.com\\\/product\\\/auto-part-nitrogen-oxygen-sensor-5wk96790b-5115408-0019-51154080019-nox-sensor-for-man-truck#breadcrumb\"},\"inLanguage\":\"tr\",\"potentialAction\":[{\"@type\":\"ReadAction\",\"target\":[\"https:\\\/\\\/www.myautopartsfactory.com\\\/product\\\/auto-part-nitrogen-oxygen-sensor-5wk96790b-5115408-0019-51154080019-nox-sensor-for-man-truck\"]}]},{\"@type\":\"ImageObject\",\"inLanguage\":\"tr\",\"@id\":\"https:\\\/\\\/www.myautopartsfactory.com\\\/product\\\/auto-part-nitrogen-oxygen-sensor-5wk96790b-5115408-0019-51154080019-nox-sensor-for-man-truck#primaryimage\",\"url\":\"https:\\\/\\\/www.myautopartsfactory.com\\\/wp-content\\\/uploads\\\/2025\\\/02\\\/6-5.jpg\",\"contentUrl\":\"https:\\\/\\\/www.myautopartsfactory.com\\\/wp-content\\\/uploads\\\/2025\\\/02\\\/6-5.jpg\",\"width\":800,\"height\":800,\"caption\":\"Nox sensor\"},{\"@type\":\"BreadcrumbList\",\"@id\":\"https:\\\/\\\/www.myautopartsfactory.com\\\/product\\\/auto-part-nitrogen-oxygen-sensor-5wk96790b-5115408-0019-51154080019-nox-sensor-for-man-truck#breadcrumb\",\"itemListElement\":[{\"@type\":\"ListItem\",\"position\":1,\"name\":\"\u9996\u9875\",\"item\":\"https:\\\/\\\/www.myautopartsfactory.com\\\/\"},{\"@type\":\"ListItem\",\"position\":2,\"name\":\"Auto Part Nitrogen Oxygen Sensor 5WK96790B 5115408-0019 51154080019 Nox Sensor For Man Truck\"}]},{\"@type\":\"WebSite\",\"@id\":\"https:\\\/\\\/www.myautopartsfactory.com\\\/#website\",\"url\":\"https:\\\/\\\/www.myautopartsfactory.com\\\/\",\"name\":\"YZHIDIANF\",\"description\":\"One-Stop Auto Parts Supplier\",\"publisher\":{\"@id\":\"https:\\\/\\\/www.myautopartsfactory.com\\\/#organization\"},\"potentialAction\":[{\"@type\":\"SearchAction\",\"target\":{\"@type\":\"EntryPoint\",\"urlTemplate\":\"https:\\\/\\\/www.myautopartsfactory.com\\\/?s={search_term_string}\"},\"query-input\":{\"@type\":\"PropertyValueSpecification\",\"valueRequired\":true,\"valueName\":\"search_term_string\"}}],\"inLanguage\":\"tr\"},{\"@type\":\"Organization\",\"@id\":\"https:\\\/\\\/www.myautopartsfactory.com\\\/#organization\",\"name\":\"YZHIDIANF\",\"url\":\"https:\\\/\\\/www.myautopartsfactory.com\\\/\",\"logo\":{\"@type\":\"ImageObject\",\"inLanguage\":\"tr\",\"@id\":\"https:\\\/\\\/www.myautopartsfactory.com\\\/#\\\/schema\\\/logo\\\/image\\\/\",\"url\":\"https:\\\/\\\/www.myautopartsfactory.com\\\/wp-content\\\/uploads\\\/2024\\\/05\\\/fav.jpg\",\"contentUrl\":\"https:\\\/\\\/www.myautopartsfactory.com\\\/wp-content\\\/uploads\\\/2024\\\/05\\\/fav.jpg\",\"width\":80,\"height\":80,\"caption\":\"YZHIDIANF\"},\"image\":{\"@id\":\"https:\\\/\\\/www.myautopartsfactory.com\\\/#\\\/schema\\\/logo\\\/image\\\/\"}}]}<\/script>\n<!-- \/ Yoast SEO plugin. -->","yoast_head_json":{"title":"Auto Part Nitrogen Oxygen Sensor 5WK96790B 5115408-0019 51154080019 Nox Sensor For Man Truck - YZHIDIANF","robots":{"index":"index","follow":"follow","max-snippet":"max-snippet:-1","max-image-preview":"max-image-preview:large","max-video-preview":"max-video-preview:-1"},"canonical":"https:\/\/www.myautopartsfactory.com\/tr\/product\/auto-part-nitrogen-oxygen-sensor-5wk96790b-5115408-0019-51154080019-nox-sensor-for-man-truck\/","og_locale":"tr_TR","og_type":"article","og_title":"Auto Part Nitrogen Oxygen Sensor 5WK96790B 5115408-0019 51154080019 Nox Sensor For Man Truck - YZHIDIANF","og_description":"Features &amp; Benefits: Product Features:","og_url":"https:\/\/www.myautopartsfactory.com\/tr\/product\/auto-part-nitrogen-oxygen-sensor-5wk96790b-5115408-0019-51154080019-nox-sensor-for-man-truck\/","og_site_name":"YZHIDIANF","article_modified_time":"2026-03-30T08:42:42+00:00","og_image":[{"width":800,"height":800,"url":"https:\/\/www.myautopartsfactory.com\/wp-content\/uploads\/2025\/02\/6-5.jpg","type":"image\/jpeg"}],"twitter_card":"summary_large_image","twitter_misc":{"Tahmini okuma s\u00fcresi":"2 dakika"},"schema":{"@context":"https:\/\/schema.org","@graph":[{"@type":"WebPage","@id":"https:\/\/www.myautopartsfactory.com\/product\/auto-part-nitrogen-oxygen-sensor-5wk96790b-5115408-0019-51154080019-nox-sensor-for-man-truck","url":"https:\/\/www.myautopartsfactory.com\/product\/auto-part-nitrogen-oxygen-sensor-5wk96790b-5115408-0019-51154080019-nox-sensor-for-man-truck","name":"Auto Part Nitrogen Oxygen Sensor 5WK96790B 5115408-0019 51154080019 Nox Sensor For Man Truck - YZHIDIANF","isPartOf":{"@id":"https:\/\/www.myautopartsfactory.com\/#website"},"primaryImageOfPage":{"@id":"https:\/\/www.myautopartsfactory.com\/product\/auto-part-nitrogen-oxygen-sensor-5wk96790b-5115408-0019-51154080019-nox-sensor-for-man-truck#primaryimage"},"image":{"@id":"https:\/\/www.myautopartsfactory.com\/product\/auto-part-nitrogen-oxygen-sensor-5wk96790b-5115408-0019-51154080019-nox-sensor-for-man-truck#primaryimage"},"thumbnailUrl":"https:\/\/www.myautopartsfactory.com\/wp-content\/uploads\/2025\/02\/6-5.jpg","datePublished":"2025-02-20T07:34:14+00:00","dateModified":"2026-03-30T08:42:42+00:00","breadcrumb":{"@id":"https:\/\/www.myautopartsfactory.com\/product\/auto-part-nitrogen-oxygen-sensor-5wk96790b-5115408-0019-51154080019-nox-sensor-for-man-truck#breadcrumb"},"inLanguage":"tr","potentialAction":[{"@type":"ReadAction","target":["https:\/\/www.myautopartsfactory.com\/product\/auto-part-nitrogen-oxygen-sensor-5wk96790b-5115408-0019-51154080019-nox-sensor-for-man-truck"]}]},{"@type":"ImageObject","inLanguage":"tr","@id":"https:\/\/www.myautopartsfactory.com\/product\/auto-part-nitrogen-oxygen-sensor-5wk96790b-5115408-0019-51154080019-nox-sensor-for-man-truck#primaryimage","url":"https:\/\/www.myautopartsfactory.com\/wp-content\/uploads\/2025\/02\/6-5.jpg","contentUrl":"https:\/\/www.myautopartsfactory.com\/wp-content\/uploads\/2025\/02\/6-5.jpg","width":800,"height":800,"caption":"Nox sensor"},{"@type":"BreadcrumbList","@id":"https:\/\/www.myautopartsfactory.com\/product\/auto-part-nitrogen-oxygen-sensor-5wk96790b-5115408-0019-51154080019-nox-sensor-for-man-truck#breadcrumb","itemListElement":[{"@type":"ListItem","position":1,"name":"\u9996\u9875","item":"https:\/\/www.myautopartsfactory.com\/"},{"@type":"ListItem","position":2,"name":"Auto Part Nitrogen Oxygen Sensor 5WK96790B 5115408-0019 51154080019 Nox Sensor For Man Truck"}]},{"@type":"WebSite","@id":"https:\/\/www.myautopartsfactory.com\/#website","url":"https:\/\/www.myautopartsfactory.com\/","name":"YZHIDIANF","description":"Tek Noktadan Otomobil Par\u00e7alar\u0131 Tedarik\u00e7isi","publisher":{"@id":"https:\/\/www.myautopartsfactory.com\/#organization"},"potentialAction":[{"@type":"SearchAction","target":{"@type":"EntryPoint","urlTemplate":"https:\/\/www.myautopartsfactory.com\/?s={search_term_string}"},"query-input":{"@type":"PropertyValueSpecification","valueRequired":true,"valueName":"search_term_string"}}],"inLanguage":"tr"},{"@type":"Organization","@id":"https:\/\/www.myautopartsfactory.com\/#organization","name":"YZHIDIANF","url":"https:\/\/www.myautopartsfactory.com\/","logo":{"@type":"ImageObject","inLanguage":"tr","@id":"https:\/\/www.myautopartsfactory.com\/#\/schema\/logo\/image\/","url":"https:\/\/www.myautopartsfactory.com\/wp-content\/uploads\/2024\/05\/fav.jpg","contentUrl":"https:\/\/www.myautopartsfactory.com\/wp-content\/uploads\/2024\/05\/fav.jpg","width":80,"height":80,"caption":"YZHIDIANF"},"image":{"@id":"https:\/\/www.myautopartsfactory.com\/#\/schema\/logo\/image\/"}}]}},"acf":[],"_links":{"self":[{"href":"https:\/\/www.myautopartsfactory.com\/tr\/wp-json\/wp\/v2\/product\/4992","targetHints":{"allow":["GET"]}}],"collection":[{"href":"https:\/\/www.myautopartsfactory.com\/tr\/wp-json\/wp\/v2\/product"}],"about":[{"href":"https:\/\/www.myautopartsfactory.com\/tr\/wp-json\/wp\/v2\/types\/product"}],"version-history":[{"count":0,"href":"https:\/\/www.myautopartsfactory.com\/tr\/wp-json\/wp\/v2\/product\/4992\/revisions"}],"wp:featuredmedia":[{"embeddable":true,"href":"https:\/\/www.myautopartsfactory.com\/tr\/wp-json\/wp\/v2\/media\/4998"}],"wp:attachment":[{"href":"https:\/\/www.myautopartsfactory.com\/tr\/wp-json\/wp\/v2\/media?parent=4992"}],"wp:term":[{"taxonomy":"product-tag","embeddable":true,"href":"https:\/\/www.myautopartsfactory.com\/tr\/wp-json\/wp\/v2\/product-tag?post=4992"},{"taxonomy":"products","embeddable":true,"href":"https:\/\/www.myautopartsfactory.com\/tr\/wp-json\/wp\/v2\/products?post=4992"},{"taxonomy":"brand","embeddable":true,"href":"https:\/\/www.myautopartsfactory.com\/tr\/wp-json\/wp\/v2\/brand?post=4992"}],"curies":[{"name":"wp","href":"https:\/\/api.w.org\/{rel}","templated":true}]}}