{"id":4246,"date":"2024-07-30T16:07:26","date_gmt":"2024-07-30T08:07:26","guid":{"rendered":"https:\/\/www.myautopartsfactory.com\/?post_type=product&#038;p=4246"},"modified":"2024-07-30T16:07:28","modified_gmt":"2024-07-30T08:07:28","slug":"wholesale-vapor-purge-vacuum-switching-valve-90910-12283-90910-ac004-for-toyota-corolla-im-1-8l-l4-2014-2019","status":"publish","type":"product","link":"https:\/\/www.myautopartsfactory.com\/tr\/product\/wholesale-vapor-purge-vacuum-switching-valve-90910-12283-90910-ac004-for-toyota-corolla-im-1-8l-l4-2014-2019","title":{"rendered":"Wholesale Vapor Purge Vacuum Switching Valve 90910-12283 90910-AC004 For Toyota Corolla iM 1.8L L4 2014-2019"},"content":{"rendered":"<h2 class=\"wp-block-heading\">\u00d6zellikler ve Faydalar:<\/h2>\n\n\n\n<ul class=\"wp-block-list\">\n<li>Sorunsuz bir kurulum i\u00e7in fabrika \u00f6zelliklerine g\u00f6re \u00fcretilmi\u015ftir.<\/li>\n\n\n\n<li>M\u00fckemmel Uyum, Kolay Kurulum<\/li>\n\n\n\n<li>Orijinal buhar kab\u0131 tahliye valfiniz i\u00e7in do\u011frudan yedek olarak tasarlanm\u0131\u015ft\u0131r, m\u00fckemmel uyum ve performans sa\u011flar.<\/li>\n<\/ul>\n\n\n\n<h2 class=\"wp-block-heading\">\u00dcr\u00fcn \u00d6zellikleri\uff1a<\/h2>\n\n\n\n<ul class=\"wp-block-list\">\n<li>\u0130\u015flevsellik: Kir ve art\u0131k maddeleri gidermek i\u00e7in buhar tank\u0131n\u0131n i\u00e7 k\u0131sm\u0131na temizleme veya y\u0131kama s\u0131v\u0131s\u0131 sa\u011flar.<\/li>\n\n\n\n<li>Dayan\u0131kl\u0131l\u0131k: Temizleme vanalar\u0131, uzun s\u00fcreli kullan\u0131m s\u0131ras\u0131nda kimyasal temizlik maddelerinden zarar g\u00f6rmemelerini sa\u011flamak i\u00e7in genellikle korozyona dayan\u0131kl\u0131 malzemelerden yap\u0131l\u0131r.<\/li>\n\n\n\n<li>Kurulumu ve \u00e7al\u0131\u015ft\u0131rmas\u0131 kolayd\u0131r: Temizlik ekipman\u0131n\u0131n h\u0131zl\u0131 bir \u015fekilde ba\u011flanabilmesi ve gerekli bak\u0131m i\u015flemlerinin ger\u00e7ekle\u015ftirilebilmesi i\u015f verimlili\u011fini art\u0131r\u0131r.<\/li>\n<\/ul>","protected":false},"excerpt":{"rendered":"Features &amp; Benefits: Product Features\uff1a","protected":false},"featured_media":4250,"menu_order":0,"template":"","meta":[],"product-tag":[],"products":[136],"brand":[32],"class_list":["post-4246","product","type-product","status-publish","has-post-thumbnail","hentry","products-vapor-canister-purge-valve","brand-toyota"],"yoast_head":"<!-- This site is optimized with the Yoast SEO plugin v27.3 - https:\/\/yoast.com\/product\/yoast-seo-wordpress\/ -->\n<title>Wholesale Vapor Purge Vacuum Switching Valve 90910-12283 90910-AC004 For Toyota Corolla iM 1.8L L4 2014-2019 - YZHIDIANF<\/title>\n<meta name=\"robots\" content=\"index, follow, max-snippet:-1, max-image-preview:large, max-video-preview:-1\" \/>\n<link rel=\"canonical\" href=\"https:\/\/www.myautopartsfactory.com\/tr\/product\/wholesale-vapor-purge-vacuum-switching-valve-90910-12283-90910-ac004-for-toyota-corolla-im-1-8l-l4-2014-2019\/\" \/>\n<meta property=\"og:locale\" content=\"tr_TR\" \/>\n<meta property=\"og:type\" content=\"article\" \/>\n<meta property=\"og:title\" content=\"Wholesale Vapor Purge Vacuum Switching Valve 90910-12283 90910-AC004 For Toyota Corolla iM 1.8L L4 2014-2019 - YZHIDIANF\" \/>\n<meta property=\"og:description\" content=\"Features &amp; Benefits: Product Features\uff1a\" \/>\n<meta property=\"og:url\" content=\"https:\/\/www.myautopartsfactory.com\/tr\/product\/wholesale-vapor-purge-vacuum-switching-valve-90910-12283-90910-ac004-for-toyota-corolla-im-1-8l-l4-2014-2019\/\" \/>\n<meta property=\"og:site_name\" content=\"YZHIDIANF\" \/>\n<meta property=\"article:modified_time\" content=\"2024-07-30T08:07:28+00:00\" \/>\n<meta property=\"og:image\" content=\"https:\/\/www.myautopartsfactory.com\/wp-content\/uploads\/2024\/07\/90910-AC004-4.jpg\" \/>\n\t<meta property=\"og:image:width\" content=\"800\" \/>\n\t<meta property=\"og:image:height\" content=\"800\" \/>\n\t<meta property=\"og:image:type\" content=\"image\/jpeg\" \/>\n<meta name=\"twitter:card\" content=\"summary_large_image\" \/>\n<meta name=\"twitter:label1\" content=\"Tahmini okuma s\u00fcresi\" \/>\n\t<meta name=\"twitter:data1\" content=\"1 dakika\" \/>\n<script type=\"application\/ld+json\" class=\"yoast-schema-graph\">{\"@context\":\"https:\\\/\\\/schema.org\",\"@graph\":[{\"@type\":\"WebPage\",\"@id\":\"https:\\\/\\\/www.myautopartsfactory.com\\\/product\\\/wholesale-vapor-purge-vacuum-switching-valve-90910-12283-90910-ac004-for-toyota-corolla-im-1-8l-l4-2014-2019\",\"url\":\"https:\\\/\\\/www.myautopartsfactory.com\\\/product\\\/wholesale-vapor-purge-vacuum-switching-valve-90910-12283-90910-ac004-for-toyota-corolla-im-1-8l-l4-2014-2019\",\"name\":\"Wholesale Vapor Purge Vacuum Switching Valve 90910-12283 90910-AC004 For Toyota Corolla iM 1.8L L4 2014-2019 - YZHIDIANF\",\"isPartOf\":{\"@id\":\"https:\\\/\\\/www.myautopartsfactory.com\\\/#website\"},\"primaryImageOfPage\":{\"@id\":\"https:\\\/\\\/www.myautopartsfactory.com\\\/product\\\/wholesale-vapor-purge-vacuum-switching-valve-90910-12283-90910-ac004-for-toyota-corolla-im-1-8l-l4-2014-2019#primaryimage\"},\"image\":{\"@id\":\"https:\\\/\\\/www.myautopartsfactory.com\\\/product\\\/wholesale-vapor-purge-vacuum-switching-valve-90910-12283-90910-ac004-for-toyota-corolla-im-1-8l-l4-2014-2019#primaryimage\"},\"thumbnailUrl\":\"https:\\\/\\\/www.myautopartsfactory.com\\\/wp-content\\\/uploads\\\/2024\\\/07\\\/90910-AC004-4.jpg\",\"datePublished\":\"2024-07-30T08:07:26+00:00\",\"dateModified\":\"2024-07-30T08:07:28+00:00\",\"breadcrumb\":{\"@id\":\"https:\\\/\\\/www.myautopartsfactory.com\\\/product\\\/wholesale-vapor-purge-vacuum-switching-valve-90910-12283-90910-ac004-for-toyota-corolla-im-1-8l-l4-2014-2019#breadcrumb\"},\"inLanguage\":\"tr\",\"potentialAction\":[{\"@type\":\"ReadAction\",\"target\":[\"https:\\\/\\\/www.myautopartsfactory.com\\\/product\\\/wholesale-vapor-purge-vacuum-switching-valve-90910-12283-90910-ac004-for-toyota-corolla-im-1-8l-l4-2014-2019\"]}]},{\"@type\":\"ImageObject\",\"inLanguage\":\"tr\",\"@id\":\"https:\\\/\\\/www.myautopartsfactory.com\\\/product\\\/wholesale-vapor-purge-vacuum-switching-valve-90910-12283-90910-ac004-for-toyota-corolla-im-1-8l-l4-2014-2019#primaryimage\",\"url\":\"https:\\\/\\\/www.myautopartsfactory.com\\\/wp-content\\\/uploads\\\/2024\\\/07\\\/90910-AC004-4.jpg\",\"contentUrl\":\"https:\\\/\\\/www.myautopartsfactory.com\\\/wp-content\\\/uploads\\\/2024\\\/07\\\/90910-AC004-4.jpg\",\"width\":800,\"height\":800,\"caption\":\"90910-AC004\"},{\"@type\":\"BreadcrumbList\",\"@id\":\"https:\\\/\\\/www.myautopartsfactory.com\\\/product\\\/wholesale-vapor-purge-vacuum-switching-valve-90910-12283-90910-ac004-for-toyota-corolla-im-1-8l-l4-2014-2019#breadcrumb\",\"itemListElement\":[{\"@type\":\"ListItem\",\"position\":1,\"name\":\"\u9996\u9875\",\"item\":\"https:\\\/\\\/www.myautopartsfactory.com\\\/\"},{\"@type\":\"ListItem\",\"position\":2,\"name\":\"Wholesale Vapor Purge Vacuum Switching Valve 90910-12283 90910-AC004 For Toyota Corolla iM 1.8L L4 2014-2019\"}]},{\"@type\":\"WebSite\",\"@id\":\"https:\\\/\\\/www.myautopartsfactory.com\\\/#website\",\"url\":\"https:\\\/\\\/www.myautopartsfactory.com\\\/\",\"name\":\"YZHIDIANF\",\"description\":\"One-Stop Auto Parts Supplier\",\"publisher\":{\"@id\":\"https:\\\/\\\/www.myautopartsfactory.com\\\/#organization\"},\"potentialAction\":[{\"@type\":\"SearchAction\",\"target\":{\"@type\":\"EntryPoint\",\"urlTemplate\":\"https:\\\/\\\/www.myautopartsfactory.com\\\/?s={search_term_string}\"},\"query-input\":{\"@type\":\"PropertyValueSpecification\",\"valueRequired\":true,\"valueName\":\"search_term_string\"}}],\"inLanguage\":\"tr\"},{\"@type\":\"Organization\",\"@id\":\"https:\\\/\\\/www.myautopartsfactory.com\\\/#organization\",\"name\":\"YZHIDIANF\",\"url\":\"https:\\\/\\\/www.myautopartsfactory.com\\\/\",\"logo\":{\"@type\":\"ImageObject\",\"inLanguage\":\"tr\",\"@id\":\"https:\\\/\\\/www.myautopartsfactory.com\\\/#\\\/schema\\\/logo\\\/image\\\/\",\"url\":\"https:\\\/\\\/www.myautopartsfactory.com\\\/wp-content\\\/uploads\\\/2024\\\/05\\\/fav.jpg\",\"contentUrl\":\"https:\\\/\\\/www.myautopartsfactory.com\\\/wp-content\\\/uploads\\\/2024\\\/05\\\/fav.jpg\",\"width\":80,\"height\":80,\"caption\":\"YZHIDIANF\"},\"image\":{\"@id\":\"https:\\\/\\\/www.myautopartsfactory.com\\\/#\\\/schema\\\/logo\\\/image\\\/\"}}]}<\/script>\n<!-- \/ Yoast SEO plugin. -->","yoast_head_json":{"title":"Wholesale Vapor Purge Vacuum Switching Valve 90910-12283 90910-AC004 For Toyota Corolla iM 1.8L L4 2014-2019 - YZHIDIANF","robots":{"index":"index","follow":"follow","max-snippet":"max-snippet:-1","max-image-preview":"max-image-preview:large","max-video-preview":"max-video-preview:-1"},"canonical":"https:\/\/www.myautopartsfactory.com\/tr\/product\/wholesale-vapor-purge-vacuum-switching-valve-90910-12283-90910-ac004-for-toyota-corolla-im-1-8l-l4-2014-2019\/","og_locale":"tr_TR","og_type":"article","og_title":"Wholesale Vapor Purge Vacuum Switching Valve 90910-12283 90910-AC004 For Toyota Corolla iM 1.8L L4 2014-2019 - YZHIDIANF","og_description":"Features &amp; Benefits: Product Features\uff1a","og_url":"https:\/\/www.myautopartsfactory.com\/tr\/product\/wholesale-vapor-purge-vacuum-switching-valve-90910-12283-90910-ac004-for-toyota-corolla-im-1-8l-l4-2014-2019\/","og_site_name":"YZHIDIANF","article_modified_time":"2024-07-30T08:07:28+00:00","og_image":[{"width":800,"height":800,"url":"https:\/\/www.myautopartsfactory.com\/wp-content\/uploads\/2024\/07\/90910-AC004-4.jpg","type":"image\/jpeg"}],"twitter_card":"summary_large_image","twitter_misc":{"Tahmini okuma s\u00fcresi":"1 dakika"},"schema":{"@context":"https:\/\/schema.org","@graph":[{"@type":"WebPage","@id":"https:\/\/www.myautopartsfactory.com\/product\/wholesale-vapor-purge-vacuum-switching-valve-90910-12283-90910-ac004-for-toyota-corolla-im-1-8l-l4-2014-2019","url":"https:\/\/www.myautopartsfactory.com\/product\/wholesale-vapor-purge-vacuum-switching-valve-90910-12283-90910-ac004-for-toyota-corolla-im-1-8l-l4-2014-2019","name":"Wholesale Vapor Purge Vacuum Switching Valve 90910-12283 90910-AC004 For Toyota Corolla iM 1.8L L4 2014-2019 - YZHIDIANF","isPartOf":{"@id":"https:\/\/www.myautopartsfactory.com\/#website"},"primaryImageOfPage":{"@id":"https:\/\/www.myautopartsfactory.com\/product\/wholesale-vapor-purge-vacuum-switching-valve-90910-12283-90910-ac004-for-toyota-corolla-im-1-8l-l4-2014-2019#primaryimage"},"image":{"@id":"https:\/\/www.myautopartsfactory.com\/product\/wholesale-vapor-purge-vacuum-switching-valve-90910-12283-90910-ac004-for-toyota-corolla-im-1-8l-l4-2014-2019#primaryimage"},"thumbnailUrl":"https:\/\/www.myautopartsfactory.com\/wp-content\/uploads\/2024\/07\/90910-AC004-4.jpg","datePublished":"2024-07-30T08:07:26+00:00","dateModified":"2024-07-30T08:07:28+00:00","breadcrumb":{"@id":"https:\/\/www.myautopartsfactory.com\/product\/wholesale-vapor-purge-vacuum-switching-valve-90910-12283-90910-ac004-for-toyota-corolla-im-1-8l-l4-2014-2019#breadcrumb"},"inLanguage":"tr","potentialAction":[{"@type":"ReadAction","target":["https:\/\/www.myautopartsfactory.com\/product\/wholesale-vapor-purge-vacuum-switching-valve-90910-12283-90910-ac004-for-toyota-corolla-im-1-8l-l4-2014-2019"]}]},{"@type":"ImageObject","inLanguage":"tr","@id":"https:\/\/www.myautopartsfactory.com\/product\/wholesale-vapor-purge-vacuum-switching-valve-90910-12283-90910-ac004-for-toyota-corolla-im-1-8l-l4-2014-2019#primaryimage","url":"https:\/\/www.myautopartsfactory.com\/wp-content\/uploads\/2024\/07\/90910-AC004-4.jpg","contentUrl":"https:\/\/www.myautopartsfactory.com\/wp-content\/uploads\/2024\/07\/90910-AC004-4.jpg","width":800,"height":800,"caption":"90910-AC004"},{"@type":"BreadcrumbList","@id":"https:\/\/www.myautopartsfactory.com\/product\/wholesale-vapor-purge-vacuum-switching-valve-90910-12283-90910-ac004-for-toyota-corolla-im-1-8l-l4-2014-2019#breadcrumb","itemListElement":[{"@type":"ListItem","position":1,"name":"\u9996\u9875","item":"https:\/\/www.myautopartsfactory.com\/"},{"@type":"ListItem","position":2,"name":"Wholesale Vapor Purge Vacuum Switching Valve 90910-12283 90910-AC004 For Toyota Corolla iM 1.8L L4 2014-2019"}]},{"@type":"WebSite","@id":"https:\/\/www.myautopartsfactory.com\/#website","url":"https:\/\/www.myautopartsfactory.com\/","name":"YZHIDIANF","description":"Tek Noktadan Otomobil Par\u00e7alar\u0131 Tedarik\u00e7isi","publisher":{"@id":"https:\/\/www.myautopartsfactory.com\/#organization"},"potentialAction":[{"@type":"SearchAction","target":{"@type":"EntryPoint","urlTemplate":"https:\/\/www.myautopartsfactory.com\/?s={search_term_string}"},"query-input":{"@type":"PropertyValueSpecification","valueRequired":true,"valueName":"search_term_string"}}],"inLanguage":"tr"},{"@type":"Organization","@id":"https:\/\/www.myautopartsfactory.com\/#organization","name":"YZHIDIANF","url":"https:\/\/www.myautopartsfactory.com\/","logo":{"@type":"ImageObject","inLanguage":"tr","@id":"https:\/\/www.myautopartsfactory.com\/#\/schema\/logo\/image\/","url":"https:\/\/www.myautopartsfactory.com\/wp-content\/uploads\/2024\/05\/fav.jpg","contentUrl":"https:\/\/www.myautopartsfactory.com\/wp-content\/uploads\/2024\/05\/fav.jpg","width":80,"height":80,"caption":"YZHIDIANF"},"image":{"@id":"https:\/\/www.myautopartsfactory.com\/#\/schema\/logo\/image\/"}}]}},"acf":[],"_links":{"self":[{"href":"https:\/\/www.myautopartsfactory.com\/tr\/wp-json\/wp\/v2\/product\/4246","targetHints":{"allow":["GET"]}}],"collection":[{"href":"https:\/\/www.myautopartsfactory.com\/tr\/wp-json\/wp\/v2\/product"}],"about":[{"href":"https:\/\/www.myautopartsfactory.com\/tr\/wp-json\/wp\/v2\/types\/product"}],"version-history":[{"count":0,"href":"https:\/\/www.myautopartsfactory.com\/tr\/wp-json\/wp\/v2\/product\/4246\/revisions"}],"wp:featuredmedia":[{"embeddable":true,"href":"https:\/\/www.myautopartsfactory.com\/tr\/wp-json\/wp\/v2\/media\/4250"}],"wp:attachment":[{"href":"https:\/\/www.myautopartsfactory.com\/tr\/wp-json\/wp\/v2\/media?parent=4246"}],"wp:term":[{"taxonomy":"product-tag","embeddable":true,"href":"https:\/\/www.myautopartsfactory.com\/tr\/wp-json\/wp\/v2\/product-tag?post=4246"},{"taxonomy":"products","embeddable":true,"href":"https:\/\/www.myautopartsfactory.com\/tr\/wp-json\/wp\/v2\/products?post=4246"},{"taxonomy":"brand","embeddable":true,"href":"https:\/\/www.myautopartsfactory.com\/tr\/wp-json\/wp\/v2\/brand?post=4246"}],"curies":[{"name":"wp","href":"https:\/\/api.w.org\/{rel}","templated":true}]}}