{"id":3645,"date":"2024-07-20T10:58:07","date_gmt":"2024-07-20T02:58:07","guid":{"rendered":"https:\/\/www.myautopartsfactory.com\/?post_type=product&#038;p=3645"},"modified":"2024-07-20T10:58:08","modified_gmt":"2024-07-20T02:58:08","slug":"wholesale-oem-transmission-vehicle-speed-sensor-89413-32010-213-1656-for-toyota-4runner-corolla-fj-cruiser","status":"publish","type":"product","link":"https:\/\/www.myautopartsfactory.com\/tr\/product\/wholesale-oem-transmission-vehicle-speed-sensor-89413-32010-213-1656-for-toyota-4runner-corolla-fj-cruiser","title":{"rendered":"Wholesale OEM Transmission Vehicle Speed Sensor 89413-32010 213-1656 For Toyota 4Runner Corolla FJ Cruiser"},"content":{"rendered":"<h2 class=\"wp-block-heading\">\u00d6zellikler ve Faydalar:<\/h2>\n\n\n\n<ul class=\"wp-block-list\">\n<li>M\u00fckemmel Uyum, Kolay Kurulum<\/li>\n\n\n\n<li>Sorunsuz bir kurulum i\u00e7in fabrika \u00f6zelliklerine g\u00f6re \u00fcretilmi\u015ftir.<\/li>\n\n\n\n<li>Designed as a direct replacement for your original Transmission Speed Sensor, ensuring excellent fitment and performance.<\/li>\n<\/ul>\n\n\n\n<h2 class=\"wp-block-heading\">\u00dcr\u00fcn \u00d6zellikleri\uff1a<\/h2>\n\n\n\n<ul class=\"wp-block-list\">\n<li><strong>Y\u00fcksek do\u011fruluk:<\/strong>&nbsp;Y\u00fcksek do\u011fruluk, \u00e7ok k\u00fc\u00e7\u00fck h\u0131z de\u011fi\u015fiklikleri \u00f6l\u00e7\u00fclebilir.<\/li>\n\n\n\n<li><strong>\u00c7e\u015fitlilik:&nbsp;<\/strong>Do\u011frusal hareket ve d\u00f6nme hareketi dahil olmak \u00fczere farkl\u0131 nesne hareketi t\u00fcrleri i\u00e7in uygundur.<\/li>\n\n\n\n<li><strong>Kurulumu kolayd\u0131r:<\/strong>&nbsp;Tipik olarak k\u00fc\u00e7\u00fck ve hafif olacak \u015fekilde tasarlanan bu cihazlar\u0131n \u00e7e\u015fitli cihazlara kurulumu kolayd\u0131r.<\/li>\n\n\n\n<li><strong>D\u00fc\u015f\u00fck g\u00fc\u00e7 t\u00fcketimi:<\/strong>&nbsp;D\u00fc\u015f\u00fck g\u00fc\u00e7 t\u00fcketimi tasar\u0131m\u0131 ile pil \u00f6mr\u00fcn\u00fc uzatabilir ve enerji maliyetlerinden tasarruf sa\u011flayabilir.<\/li>\n\n\n\n<li><strong>H\u0131zl\u0131 yan\u0131t:&nbsp;<\/strong>H\u0131zl\u0131 tepki verme, nesnelerin hareket h\u0131z\u0131n\u0131 ger\u00e7ek zamanl\u0131 olarak alg\u0131lama ve geri bildirimde bulunma yetene\u011fine sahiptir.<\/li>\n\n\n\n<li><strong>Dayan\u0131kl\u0131l\u0131k:<\/strong>&nbsp; Y\u00fcksek mukavemetli malzemelerden yap\u0131lm\u0131\u015ft\u0131r, iyi dayan\u0131kl\u0131l\u0131k ve \u015fok direncine sahiptir ve zorlu ortamlarda kullan\u0131labilir.<\/li>\n<\/ul>","protected":false},"excerpt":{"rendered":"Features &amp; Benefits: Product Features\uff1a","protected":false},"featured_media":3647,"menu_order":0,"template":"","meta":[],"product-tag":[],"products":[87],"brand":[32],"class_list":["post-3645","product","type-product","status-publish","has-post-thumbnail","hentry","products-transmission-speed-sensor","brand-toyota"],"yoast_head":"<!-- This site is optimized with the Yoast SEO plugin v27.3 - https:\/\/yoast.com\/product\/yoast-seo-wordpress\/ -->\n<title>Wholesale OEM Transmission Vehicle Speed Sensor 89413-32010 213-1656 For Toyota 4Runner Corolla FJ Cruiser - YZHIDIANF<\/title>\n<meta name=\"robots\" content=\"index, follow, max-snippet:-1, max-image-preview:large, max-video-preview:-1\" \/>\n<link rel=\"canonical\" href=\"https:\/\/www.myautopartsfactory.com\/tr\/product\/wholesale-oem-transmission-vehicle-speed-sensor-89413-32010-213-1656-for-toyota-4runner-corolla-fj-cruiser\/\" \/>\n<meta property=\"og:locale\" content=\"tr_TR\" \/>\n<meta property=\"og:type\" content=\"article\" \/>\n<meta property=\"og:title\" content=\"Wholesale OEM Transmission Vehicle Speed Sensor 89413-32010 213-1656 For Toyota 4Runner Corolla FJ Cruiser - YZHIDIANF\" \/>\n<meta property=\"og:description\" content=\"Features &amp; Benefits: Product Features\uff1a\" \/>\n<meta property=\"og:url\" content=\"https:\/\/www.myautopartsfactory.com\/tr\/product\/wholesale-oem-transmission-vehicle-speed-sensor-89413-32010-213-1656-for-toyota-4runner-corolla-fj-cruiser\/\" \/>\n<meta property=\"og:site_name\" content=\"YZHIDIANF\" \/>\n<meta property=\"article:modified_time\" content=\"2024-07-20T02:58:08+00:00\" \/>\n<meta property=\"og:image\" content=\"https:\/\/www.myautopartsfactory.com\/wp-content\/uploads\/2024\/07\/89413-32010-1.jpg\" \/>\n\t<meta property=\"og:image:width\" content=\"800\" \/>\n\t<meta property=\"og:image:height\" content=\"800\" \/>\n\t<meta property=\"og:image:type\" content=\"image\/jpeg\" \/>\n<meta name=\"twitter:card\" content=\"summary_large_image\" \/>\n<meta name=\"twitter:label1\" content=\"Tahmini okuma s\u00fcresi\" \/>\n\t<meta name=\"twitter:data1\" content=\"1 dakika\" \/>\n<script type=\"application\/ld+json\" class=\"yoast-schema-graph\">{\"@context\":\"https:\\\/\\\/schema.org\",\"@graph\":[{\"@type\":\"WebPage\",\"@id\":\"https:\\\/\\\/www.myautopartsfactory.com\\\/product\\\/wholesale-oem-transmission-vehicle-speed-sensor-89413-32010-213-1656-for-toyota-4runner-corolla-fj-cruiser\",\"url\":\"https:\\\/\\\/www.myautopartsfactory.com\\\/product\\\/wholesale-oem-transmission-vehicle-speed-sensor-89413-32010-213-1656-for-toyota-4runner-corolla-fj-cruiser\",\"name\":\"Wholesale OEM Transmission Vehicle Speed Sensor 89413-32010 213-1656 For Toyota 4Runner Corolla FJ Cruiser - YZHIDIANF\",\"isPartOf\":{\"@id\":\"https:\\\/\\\/www.myautopartsfactory.com\\\/#website\"},\"primaryImageOfPage\":{\"@id\":\"https:\\\/\\\/www.myautopartsfactory.com\\\/product\\\/wholesale-oem-transmission-vehicle-speed-sensor-89413-32010-213-1656-for-toyota-4runner-corolla-fj-cruiser#primaryimage\"},\"image\":{\"@id\":\"https:\\\/\\\/www.myautopartsfactory.com\\\/product\\\/wholesale-oem-transmission-vehicle-speed-sensor-89413-32010-213-1656-for-toyota-4runner-corolla-fj-cruiser#primaryimage\"},\"thumbnailUrl\":\"https:\\\/\\\/www.myautopartsfactory.com\\\/wp-content\\\/uploads\\\/2024\\\/07\\\/89413-32010-1.jpg\",\"datePublished\":\"2024-07-20T02:58:07+00:00\",\"dateModified\":\"2024-07-20T02:58:08+00:00\",\"breadcrumb\":{\"@id\":\"https:\\\/\\\/www.myautopartsfactory.com\\\/product\\\/wholesale-oem-transmission-vehicle-speed-sensor-89413-32010-213-1656-for-toyota-4runner-corolla-fj-cruiser#breadcrumb\"},\"inLanguage\":\"tr\",\"potentialAction\":[{\"@type\":\"ReadAction\",\"target\":[\"https:\\\/\\\/www.myautopartsfactory.com\\\/product\\\/wholesale-oem-transmission-vehicle-speed-sensor-89413-32010-213-1656-for-toyota-4runner-corolla-fj-cruiser\"]}]},{\"@type\":\"ImageObject\",\"inLanguage\":\"tr\",\"@id\":\"https:\\\/\\\/www.myautopartsfactory.com\\\/product\\\/wholesale-oem-transmission-vehicle-speed-sensor-89413-32010-213-1656-for-toyota-4runner-corolla-fj-cruiser#primaryimage\",\"url\":\"https:\\\/\\\/www.myautopartsfactory.com\\\/wp-content\\\/uploads\\\/2024\\\/07\\\/89413-32010-1.jpg\",\"contentUrl\":\"https:\\\/\\\/www.myautopartsfactory.com\\\/wp-content\\\/uploads\\\/2024\\\/07\\\/89413-32010-1.jpg\",\"width\":800,\"height\":800,\"caption\":\"89413-32010\"},{\"@type\":\"BreadcrumbList\",\"@id\":\"https:\\\/\\\/www.myautopartsfactory.com\\\/product\\\/wholesale-oem-transmission-vehicle-speed-sensor-89413-32010-213-1656-for-toyota-4runner-corolla-fj-cruiser#breadcrumb\",\"itemListElement\":[{\"@type\":\"ListItem\",\"position\":1,\"name\":\"\u9996\u9875\",\"item\":\"https:\\\/\\\/www.myautopartsfactory.com\\\/\"},{\"@type\":\"ListItem\",\"position\":2,\"name\":\"Wholesale OEM Transmission Vehicle Speed Sensor 89413-32010 213-1656 For Toyota 4Runner Corolla FJ Cruiser\"}]},{\"@type\":\"WebSite\",\"@id\":\"https:\\\/\\\/www.myautopartsfactory.com\\\/#website\",\"url\":\"https:\\\/\\\/www.myautopartsfactory.com\\\/\",\"name\":\"YZHIDIANF\",\"description\":\"One-Stop Auto Parts Supplier\",\"publisher\":{\"@id\":\"https:\\\/\\\/www.myautopartsfactory.com\\\/#organization\"},\"potentialAction\":[{\"@type\":\"SearchAction\",\"target\":{\"@type\":\"EntryPoint\",\"urlTemplate\":\"https:\\\/\\\/www.myautopartsfactory.com\\\/?s={search_term_string}\"},\"query-input\":{\"@type\":\"PropertyValueSpecification\",\"valueRequired\":true,\"valueName\":\"search_term_string\"}}],\"inLanguage\":\"tr\"},{\"@type\":\"Organization\",\"@id\":\"https:\\\/\\\/www.myautopartsfactory.com\\\/#organization\",\"name\":\"YZHIDIANF\",\"url\":\"https:\\\/\\\/www.myautopartsfactory.com\\\/\",\"logo\":{\"@type\":\"ImageObject\",\"inLanguage\":\"tr\",\"@id\":\"https:\\\/\\\/www.myautopartsfactory.com\\\/#\\\/schema\\\/logo\\\/image\\\/\",\"url\":\"https:\\\/\\\/www.myautopartsfactory.com\\\/wp-content\\\/uploads\\\/2024\\\/05\\\/fav.jpg\",\"contentUrl\":\"https:\\\/\\\/www.myautopartsfactory.com\\\/wp-content\\\/uploads\\\/2024\\\/05\\\/fav.jpg\",\"width\":80,\"height\":80,\"caption\":\"YZHIDIANF\"},\"image\":{\"@id\":\"https:\\\/\\\/www.myautopartsfactory.com\\\/#\\\/schema\\\/logo\\\/image\\\/\"}}]}<\/script>\n<!-- \/ Yoast SEO plugin. -->","yoast_head_json":{"title":"Wholesale OEM Transmission Vehicle Speed Sensor 89413-32010 213-1656 For Toyota 4Runner Corolla FJ Cruiser - YZHIDIANF","robots":{"index":"index","follow":"follow","max-snippet":"max-snippet:-1","max-image-preview":"max-image-preview:large","max-video-preview":"max-video-preview:-1"},"canonical":"https:\/\/www.myautopartsfactory.com\/tr\/product\/wholesale-oem-transmission-vehicle-speed-sensor-89413-32010-213-1656-for-toyota-4runner-corolla-fj-cruiser\/","og_locale":"tr_TR","og_type":"article","og_title":"Wholesale OEM Transmission Vehicle Speed Sensor 89413-32010 213-1656 For Toyota 4Runner Corolla FJ Cruiser - YZHIDIANF","og_description":"Features &amp; Benefits: Product Features\uff1a","og_url":"https:\/\/www.myautopartsfactory.com\/tr\/product\/wholesale-oem-transmission-vehicle-speed-sensor-89413-32010-213-1656-for-toyota-4runner-corolla-fj-cruiser\/","og_site_name":"YZHIDIANF","article_modified_time":"2024-07-20T02:58:08+00:00","og_image":[{"width":800,"height":800,"url":"https:\/\/www.myautopartsfactory.com\/wp-content\/uploads\/2024\/07\/89413-32010-1.jpg","type":"image\/jpeg"}],"twitter_card":"summary_large_image","twitter_misc":{"Tahmini okuma s\u00fcresi":"1 dakika"},"schema":{"@context":"https:\/\/schema.org","@graph":[{"@type":"WebPage","@id":"https:\/\/www.myautopartsfactory.com\/product\/wholesale-oem-transmission-vehicle-speed-sensor-89413-32010-213-1656-for-toyota-4runner-corolla-fj-cruiser","url":"https:\/\/www.myautopartsfactory.com\/product\/wholesale-oem-transmission-vehicle-speed-sensor-89413-32010-213-1656-for-toyota-4runner-corolla-fj-cruiser","name":"Wholesale OEM Transmission Vehicle Speed Sensor 89413-32010 213-1656 For Toyota 4Runner Corolla FJ Cruiser - YZHIDIANF","isPartOf":{"@id":"https:\/\/www.myautopartsfactory.com\/#website"},"primaryImageOfPage":{"@id":"https:\/\/www.myautopartsfactory.com\/product\/wholesale-oem-transmission-vehicle-speed-sensor-89413-32010-213-1656-for-toyota-4runner-corolla-fj-cruiser#primaryimage"},"image":{"@id":"https:\/\/www.myautopartsfactory.com\/product\/wholesale-oem-transmission-vehicle-speed-sensor-89413-32010-213-1656-for-toyota-4runner-corolla-fj-cruiser#primaryimage"},"thumbnailUrl":"https:\/\/www.myautopartsfactory.com\/wp-content\/uploads\/2024\/07\/89413-32010-1.jpg","datePublished":"2024-07-20T02:58:07+00:00","dateModified":"2024-07-20T02:58:08+00:00","breadcrumb":{"@id":"https:\/\/www.myautopartsfactory.com\/product\/wholesale-oem-transmission-vehicle-speed-sensor-89413-32010-213-1656-for-toyota-4runner-corolla-fj-cruiser#breadcrumb"},"inLanguage":"tr","potentialAction":[{"@type":"ReadAction","target":["https:\/\/www.myautopartsfactory.com\/product\/wholesale-oem-transmission-vehicle-speed-sensor-89413-32010-213-1656-for-toyota-4runner-corolla-fj-cruiser"]}]},{"@type":"ImageObject","inLanguage":"tr","@id":"https:\/\/www.myautopartsfactory.com\/product\/wholesale-oem-transmission-vehicle-speed-sensor-89413-32010-213-1656-for-toyota-4runner-corolla-fj-cruiser#primaryimage","url":"https:\/\/www.myautopartsfactory.com\/wp-content\/uploads\/2024\/07\/89413-32010-1.jpg","contentUrl":"https:\/\/www.myautopartsfactory.com\/wp-content\/uploads\/2024\/07\/89413-32010-1.jpg","width":800,"height":800,"caption":"89413-32010"},{"@type":"BreadcrumbList","@id":"https:\/\/www.myautopartsfactory.com\/product\/wholesale-oem-transmission-vehicle-speed-sensor-89413-32010-213-1656-for-toyota-4runner-corolla-fj-cruiser#breadcrumb","itemListElement":[{"@type":"ListItem","position":1,"name":"\u9996\u9875","item":"https:\/\/www.myautopartsfactory.com\/"},{"@type":"ListItem","position":2,"name":"Wholesale OEM Transmission Vehicle Speed Sensor 89413-32010 213-1656 For Toyota 4Runner Corolla FJ Cruiser"}]},{"@type":"WebSite","@id":"https:\/\/www.myautopartsfactory.com\/#website","url":"https:\/\/www.myautopartsfactory.com\/","name":"YZHIDIANF","description":"Tek Noktadan Otomobil Par\u00e7alar\u0131 Tedarik\u00e7isi","publisher":{"@id":"https:\/\/www.myautopartsfactory.com\/#organization"},"potentialAction":[{"@type":"SearchAction","target":{"@type":"EntryPoint","urlTemplate":"https:\/\/www.myautopartsfactory.com\/?s={search_term_string}"},"query-input":{"@type":"PropertyValueSpecification","valueRequired":true,"valueName":"search_term_string"}}],"inLanguage":"tr"},{"@type":"Organization","@id":"https:\/\/www.myautopartsfactory.com\/#organization","name":"YZHIDIANF","url":"https:\/\/www.myautopartsfactory.com\/","logo":{"@type":"ImageObject","inLanguage":"tr","@id":"https:\/\/www.myautopartsfactory.com\/#\/schema\/logo\/image\/","url":"https:\/\/www.myautopartsfactory.com\/wp-content\/uploads\/2024\/05\/fav.jpg","contentUrl":"https:\/\/www.myautopartsfactory.com\/wp-content\/uploads\/2024\/05\/fav.jpg","width":80,"height":80,"caption":"YZHIDIANF"},"image":{"@id":"https:\/\/www.myautopartsfactory.com\/#\/schema\/logo\/image\/"}}]}},"acf":[],"_links":{"self":[{"href":"https:\/\/www.myautopartsfactory.com\/tr\/wp-json\/wp\/v2\/product\/3645","targetHints":{"allow":["GET"]}}],"collection":[{"href":"https:\/\/www.myautopartsfactory.com\/tr\/wp-json\/wp\/v2\/product"}],"about":[{"href":"https:\/\/www.myautopartsfactory.com\/tr\/wp-json\/wp\/v2\/types\/product"}],"version-history":[{"count":0,"href":"https:\/\/www.myautopartsfactory.com\/tr\/wp-json\/wp\/v2\/product\/3645\/revisions"}],"wp:featuredmedia":[{"embeddable":true,"href":"https:\/\/www.myautopartsfactory.com\/tr\/wp-json\/wp\/v2\/media\/3647"}],"wp:attachment":[{"href":"https:\/\/www.myautopartsfactory.com\/tr\/wp-json\/wp\/v2\/media?parent=3645"}],"wp:term":[{"taxonomy":"product-tag","embeddable":true,"href":"https:\/\/www.myautopartsfactory.com\/tr\/wp-json\/wp\/v2\/product-tag?post=3645"},{"taxonomy":"products","embeddable":true,"href":"https:\/\/www.myautopartsfactory.com\/tr\/wp-json\/wp\/v2\/products?post=3645"},{"taxonomy":"brand","embeddable":true,"href":"https:\/\/www.myautopartsfactory.com\/tr\/wp-json\/wp\/v2\/brand?post=3645"}],"curies":[{"name":"wp","href":"https:\/\/api.w.org\/{rel}","templated":true}]}}