{"id":3258,"date":"2024-06-24T17:17:39","date_gmt":"2024-06-24T09:17:39","guid":{"rendered":"https:\/\/www.myautopartsfactory.com\/?post_type=product&#038;p=3258"},"modified":"2024-06-24T17:17:40","modified_gmt":"2024-06-24T09:17:40","slug":"wholesale-car-mass-air-flow-meter-sensor-13600-58800-13800-58b00-adk87403-e5t53071-for-mazda-suzuki-vitara-chevy","status":"publish","type":"product","link":"https:\/\/www.myautopartsfactory.com\/tr\/product\/wholesale-car-mass-air-flow-meter-sensor-13600-58800-13800-58b00-adk87403-e5t53071-for-mazda-suzuki-vitara-chevy","title":{"rendered":"Toptan Araba K\u00fctle Hava Ak\u0131\u015f \u00d6l\u00e7er Sens\u00f6r\u00fc 13600-58800 13800-58B00 ADK87403 E5T53071 Mazda Suzuki Vitara Chevy i\u00e7in"},"content":{"rendered":"<h2 class=\"wp-block-heading\"><strong>\u00d6zellikler ve Faydalar:<\/strong><\/h2>\n\n\n\n<ul class=\"wp-block-list\">\n<li>M\u00fckemmel Uyum, Kolay Kurulum<\/li>\n\n\n\n<li>Sorunsuz bir kurulum i\u00e7in fabrika \u00f6zelliklerine g\u00f6re \u00fcretilmi\u015ftir.<\/li>\n\n\n\n<li>Orijinal k\u00fctle hava ak\u0131\u015f sens\u00f6r\u00fcn\u00fcz i\u00e7in do\u011frudan yedek olarak tasarlanm\u0131\u015ft\u0131r, m\u00fckemmel uyum ve performans sa\u011flar.<\/li>\n<\/ul>\n\n\n\n<h2 class=\"wp-block-heading\"><strong>\u00dcr\u00fcn \u00d6zellikleri\uff1a<\/strong><\/h2>\n\n\n\n<ul class=\"wp-block-list\">\n<li><strong>Enerji tasarrufu ve \u00e7evre koruma: <\/strong>D\u00fc\u015f\u00fck g\u00fc\u00e7 t\u00fcketimi tasar\u0131m\u0131n\u0131 kullanarak etkili bir \u015fekilde enerji tasarrufu sa\u011flayabilir.<\/li>\n\n\n\n<li><strong>\u00c7oklu aray\u00fcz ve boyut se\u00e7enekleri:<\/strong> Farkl\u0131 uygulama ihtiya\u00e7lar\u0131na uygun \u00e7e\u015fitli aray\u00fcz ve boyut se\u00e7enekleri sunar.<\/li>\n\n\n\n<li><strong>G\u00fcvenilirlik ve Kararl\u0131l\u0131k: <\/strong>Genellikle y\u00fcksek kaliteli malzemeler ve s\u00fcre\u00e7lerle \u00fcretilen bu \u00fcr\u00fcnler, iyi bir g\u00fcvenilirlik ve kararl\u0131l\u0131\u011fa sahiptir.<\/li>\n<\/ul>","protected":false},"excerpt":{"rendered":"Features &amp; Benefits: Product Features\uff1a","protected":false},"featured_media":3259,"menu_order":0,"template":"","meta":[],"product-tag":[],"products":[9],"brand":[48,51,57],"class_list":["post-3258","product","type-product","status-publish","has-post-thumbnail","hentry","products-air-flow-sensor-maf","brand-mazda","brand-suzuki","brand-chevrolet"],"yoast_head":"<!-- This site is optimized with the Yoast SEO plugin v27.3 - https:\/\/yoast.com\/product\/yoast-seo-wordpress\/ -->\n<title>Wholesale Car Mass Air Flow Meter Sensor 13600-58800 13800-58B00 ADK87403 E5T53071 For Mazda Suzuki Vitara Chevy - YZHIDIANF<\/title>\n<meta name=\"robots\" content=\"index, follow, max-snippet:-1, max-image-preview:large, max-video-preview:-1\" \/>\n<link rel=\"canonical\" href=\"https:\/\/www.myautopartsfactory.com\/tr\/product\/wholesale-car-mass-air-flow-meter-sensor-13600-58800-13800-58b00-adk87403-e5t53071-for-mazda-suzuki-vitara-chevy\/\" \/>\n<meta property=\"og:locale\" content=\"tr_TR\" \/>\n<meta property=\"og:type\" content=\"article\" \/>\n<meta property=\"og:title\" content=\"Wholesale Car Mass Air Flow Meter Sensor 13600-58800 13800-58B00 ADK87403 E5T53071 For Mazda Suzuki Vitara Chevy - YZHIDIANF\" \/>\n<meta property=\"og:description\" content=\"Features &amp; Benefits: Product Features\uff1a\" \/>\n<meta property=\"og:url\" content=\"https:\/\/www.myautopartsfactory.com\/tr\/product\/wholesale-car-mass-air-flow-meter-sensor-13600-58800-13800-58b00-adk87403-e5t53071-for-mazda-suzuki-vitara-chevy\/\" \/>\n<meta property=\"og:site_name\" content=\"YZHIDIANF\" \/>\n<meta property=\"article:modified_time\" content=\"2024-06-24T09:17:40+00:00\" \/>\n<meta property=\"og:image\" content=\"https:\/\/www.myautopartsfactory.com\/wp-content\/uploads\/2024\/06\/13800-58B00-1.jpg\" \/>\n\t<meta property=\"og:image:width\" content=\"800\" \/>\n\t<meta property=\"og:image:height\" content=\"800\" \/>\n\t<meta property=\"og:image:type\" content=\"image\/jpeg\" \/>\n<meta name=\"twitter:card\" content=\"summary_large_image\" \/>\n<meta name=\"twitter:label1\" content=\"Tahmini okuma s\u00fcresi\" \/>\n\t<meta name=\"twitter:data1\" content=\"1 dakika\" \/>\n<script type=\"application\/ld+json\" class=\"yoast-schema-graph\">{\"@context\":\"https:\\\/\\\/schema.org\",\"@graph\":[{\"@type\":\"WebPage\",\"@id\":\"https:\\\/\\\/www.myautopartsfactory.com\\\/product\\\/wholesale-car-mass-air-flow-meter-sensor-13600-58800-13800-58b00-adk87403-e5t53071-for-mazda-suzuki-vitara-chevy\",\"url\":\"https:\\\/\\\/www.myautopartsfactory.com\\\/product\\\/wholesale-car-mass-air-flow-meter-sensor-13600-58800-13800-58b00-adk87403-e5t53071-for-mazda-suzuki-vitara-chevy\",\"name\":\"Wholesale Car Mass Air Flow Meter Sensor 13600-58800 13800-58B00 ADK87403 E5T53071 For Mazda Suzuki Vitara Chevy - YZHIDIANF\",\"isPartOf\":{\"@id\":\"https:\\\/\\\/www.myautopartsfactory.com\\\/#website\"},\"primaryImageOfPage\":{\"@id\":\"https:\\\/\\\/www.myautopartsfactory.com\\\/product\\\/wholesale-car-mass-air-flow-meter-sensor-13600-58800-13800-58b00-adk87403-e5t53071-for-mazda-suzuki-vitara-chevy#primaryimage\"},\"image\":{\"@id\":\"https:\\\/\\\/www.myautopartsfactory.com\\\/product\\\/wholesale-car-mass-air-flow-meter-sensor-13600-58800-13800-58b00-adk87403-e5t53071-for-mazda-suzuki-vitara-chevy#primaryimage\"},\"thumbnailUrl\":\"https:\\\/\\\/www.myautopartsfactory.com\\\/wp-content\\\/uploads\\\/2024\\\/06\\\/13800-58B00-1.jpg\",\"datePublished\":\"2024-06-24T09:17:39+00:00\",\"dateModified\":\"2024-06-24T09:17:40+00:00\",\"breadcrumb\":{\"@id\":\"https:\\\/\\\/www.myautopartsfactory.com\\\/product\\\/wholesale-car-mass-air-flow-meter-sensor-13600-58800-13800-58b00-adk87403-e5t53071-for-mazda-suzuki-vitara-chevy#breadcrumb\"},\"inLanguage\":\"tr\",\"potentialAction\":[{\"@type\":\"ReadAction\",\"target\":[\"https:\\\/\\\/www.myautopartsfactory.com\\\/product\\\/wholesale-car-mass-air-flow-meter-sensor-13600-58800-13800-58b00-adk87403-e5t53071-for-mazda-suzuki-vitara-chevy\"]}]},{\"@type\":\"ImageObject\",\"inLanguage\":\"tr\",\"@id\":\"https:\\\/\\\/www.myautopartsfactory.com\\\/product\\\/wholesale-car-mass-air-flow-meter-sensor-13600-58800-13800-58b00-adk87403-e5t53071-for-mazda-suzuki-vitara-chevy#primaryimage\",\"url\":\"https:\\\/\\\/www.myautopartsfactory.com\\\/wp-content\\\/uploads\\\/2024\\\/06\\\/13800-58B00-1.jpg\",\"contentUrl\":\"https:\\\/\\\/www.myautopartsfactory.com\\\/wp-content\\\/uploads\\\/2024\\\/06\\\/13800-58B00-1.jpg\",\"width\":800,\"height\":800},{\"@type\":\"BreadcrumbList\",\"@id\":\"https:\\\/\\\/www.myautopartsfactory.com\\\/product\\\/wholesale-car-mass-air-flow-meter-sensor-13600-58800-13800-58b00-adk87403-e5t53071-for-mazda-suzuki-vitara-chevy#breadcrumb\",\"itemListElement\":[{\"@type\":\"ListItem\",\"position\":1,\"name\":\"\u9996\u9875\",\"item\":\"https:\\\/\\\/www.myautopartsfactory.com\\\/\"},{\"@type\":\"ListItem\",\"position\":2,\"name\":\"Wholesale Car Mass Air Flow Meter Sensor 13600-58800 13800-58B00 ADK87403 E5T53071 For Mazda Suzuki Vitara Chevy\"}]},{\"@type\":\"WebSite\",\"@id\":\"https:\\\/\\\/www.myautopartsfactory.com\\\/#website\",\"url\":\"https:\\\/\\\/www.myautopartsfactory.com\\\/\",\"name\":\"YZHIDIANF\",\"description\":\"One-Stop Auto Parts Supplier\",\"publisher\":{\"@id\":\"https:\\\/\\\/www.myautopartsfactory.com\\\/#organization\"},\"potentialAction\":[{\"@type\":\"SearchAction\",\"target\":{\"@type\":\"EntryPoint\",\"urlTemplate\":\"https:\\\/\\\/www.myautopartsfactory.com\\\/?s={search_term_string}\"},\"query-input\":{\"@type\":\"PropertyValueSpecification\",\"valueRequired\":true,\"valueName\":\"search_term_string\"}}],\"inLanguage\":\"tr\"},{\"@type\":\"Organization\",\"@id\":\"https:\\\/\\\/www.myautopartsfactory.com\\\/#organization\",\"name\":\"YZHIDIANF\",\"url\":\"https:\\\/\\\/www.myautopartsfactory.com\\\/\",\"logo\":{\"@type\":\"ImageObject\",\"inLanguage\":\"tr\",\"@id\":\"https:\\\/\\\/www.myautopartsfactory.com\\\/#\\\/schema\\\/logo\\\/image\\\/\",\"url\":\"https:\\\/\\\/www.myautopartsfactory.com\\\/wp-content\\\/uploads\\\/2024\\\/05\\\/fav.jpg\",\"contentUrl\":\"https:\\\/\\\/www.myautopartsfactory.com\\\/wp-content\\\/uploads\\\/2024\\\/05\\\/fav.jpg\",\"width\":80,\"height\":80,\"caption\":\"YZHIDIANF\"},\"image\":{\"@id\":\"https:\\\/\\\/www.myautopartsfactory.com\\\/#\\\/schema\\\/logo\\\/image\\\/\"}}]}<\/script>\n<!-- \/ Yoast SEO plugin. -->","yoast_head_json":{"title":"Wholesale Car Mass Air Flow Meter Sensor 13600-58800 13800-58B00 ADK87403 E5T53071 For Mazda Suzuki Vitara Chevy - YZHIDIANF","robots":{"index":"index","follow":"follow","max-snippet":"max-snippet:-1","max-image-preview":"max-image-preview:large","max-video-preview":"max-video-preview:-1"},"canonical":"https:\/\/www.myautopartsfactory.com\/tr\/product\/wholesale-car-mass-air-flow-meter-sensor-13600-58800-13800-58b00-adk87403-e5t53071-for-mazda-suzuki-vitara-chevy\/","og_locale":"tr_TR","og_type":"article","og_title":"Wholesale Car Mass Air Flow Meter Sensor 13600-58800 13800-58B00 ADK87403 E5T53071 For Mazda Suzuki Vitara Chevy - YZHIDIANF","og_description":"Features &amp; Benefits: Product Features\uff1a","og_url":"https:\/\/www.myautopartsfactory.com\/tr\/product\/wholesale-car-mass-air-flow-meter-sensor-13600-58800-13800-58b00-adk87403-e5t53071-for-mazda-suzuki-vitara-chevy\/","og_site_name":"YZHIDIANF","article_modified_time":"2024-06-24T09:17:40+00:00","og_image":[{"width":800,"height":800,"url":"https:\/\/www.myautopartsfactory.com\/wp-content\/uploads\/2024\/06\/13800-58B00-1.jpg","type":"image\/jpeg"}],"twitter_card":"summary_large_image","twitter_misc":{"Tahmini okuma s\u00fcresi":"1 dakika"},"schema":{"@context":"https:\/\/schema.org","@graph":[{"@type":"WebPage","@id":"https:\/\/www.myautopartsfactory.com\/product\/wholesale-car-mass-air-flow-meter-sensor-13600-58800-13800-58b00-adk87403-e5t53071-for-mazda-suzuki-vitara-chevy","url":"https:\/\/www.myautopartsfactory.com\/product\/wholesale-car-mass-air-flow-meter-sensor-13600-58800-13800-58b00-adk87403-e5t53071-for-mazda-suzuki-vitara-chevy","name":"Wholesale Car Mass Air Flow Meter Sensor 13600-58800 13800-58B00 ADK87403 E5T53071 For Mazda Suzuki Vitara Chevy - YZHIDIANF","isPartOf":{"@id":"https:\/\/www.myautopartsfactory.com\/#website"},"primaryImageOfPage":{"@id":"https:\/\/www.myautopartsfactory.com\/product\/wholesale-car-mass-air-flow-meter-sensor-13600-58800-13800-58b00-adk87403-e5t53071-for-mazda-suzuki-vitara-chevy#primaryimage"},"image":{"@id":"https:\/\/www.myautopartsfactory.com\/product\/wholesale-car-mass-air-flow-meter-sensor-13600-58800-13800-58b00-adk87403-e5t53071-for-mazda-suzuki-vitara-chevy#primaryimage"},"thumbnailUrl":"https:\/\/www.myautopartsfactory.com\/wp-content\/uploads\/2024\/06\/13800-58B00-1.jpg","datePublished":"2024-06-24T09:17:39+00:00","dateModified":"2024-06-24T09:17:40+00:00","breadcrumb":{"@id":"https:\/\/www.myautopartsfactory.com\/product\/wholesale-car-mass-air-flow-meter-sensor-13600-58800-13800-58b00-adk87403-e5t53071-for-mazda-suzuki-vitara-chevy#breadcrumb"},"inLanguage":"tr","potentialAction":[{"@type":"ReadAction","target":["https:\/\/www.myautopartsfactory.com\/product\/wholesale-car-mass-air-flow-meter-sensor-13600-58800-13800-58b00-adk87403-e5t53071-for-mazda-suzuki-vitara-chevy"]}]},{"@type":"ImageObject","inLanguage":"tr","@id":"https:\/\/www.myautopartsfactory.com\/product\/wholesale-car-mass-air-flow-meter-sensor-13600-58800-13800-58b00-adk87403-e5t53071-for-mazda-suzuki-vitara-chevy#primaryimage","url":"https:\/\/www.myautopartsfactory.com\/wp-content\/uploads\/2024\/06\/13800-58B00-1.jpg","contentUrl":"https:\/\/www.myautopartsfactory.com\/wp-content\/uploads\/2024\/06\/13800-58B00-1.jpg","width":800,"height":800},{"@type":"BreadcrumbList","@id":"https:\/\/www.myautopartsfactory.com\/product\/wholesale-car-mass-air-flow-meter-sensor-13600-58800-13800-58b00-adk87403-e5t53071-for-mazda-suzuki-vitara-chevy#breadcrumb","itemListElement":[{"@type":"ListItem","position":1,"name":"\u9996\u9875","item":"https:\/\/www.myautopartsfactory.com\/"},{"@type":"ListItem","position":2,"name":"Wholesale Car Mass Air Flow Meter Sensor 13600-58800 13800-58B00 ADK87403 E5T53071 For Mazda Suzuki Vitara Chevy"}]},{"@type":"WebSite","@id":"https:\/\/www.myautopartsfactory.com\/#website","url":"https:\/\/www.myautopartsfactory.com\/","name":"YZHIDIANF","description":"Tek Noktadan Otomobil Par\u00e7alar\u0131 Tedarik\u00e7isi","publisher":{"@id":"https:\/\/www.myautopartsfactory.com\/#organization"},"potentialAction":[{"@type":"SearchAction","target":{"@type":"EntryPoint","urlTemplate":"https:\/\/www.myautopartsfactory.com\/?s={search_term_string}"},"query-input":{"@type":"PropertyValueSpecification","valueRequired":true,"valueName":"search_term_string"}}],"inLanguage":"tr"},{"@type":"Organization","@id":"https:\/\/www.myautopartsfactory.com\/#organization","name":"YZHIDIANF","url":"https:\/\/www.myautopartsfactory.com\/","logo":{"@type":"ImageObject","inLanguage":"tr","@id":"https:\/\/www.myautopartsfactory.com\/#\/schema\/logo\/image\/","url":"https:\/\/www.myautopartsfactory.com\/wp-content\/uploads\/2024\/05\/fav.jpg","contentUrl":"https:\/\/www.myautopartsfactory.com\/wp-content\/uploads\/2024\/05\/fav.jpg","width":80,"height":80,"caption":"YZHIDIANF"},"image":{"@id":"https:\/\/www.myautopartsfactory.com\/#\/schema\/logo\/image\/"}}]}},"acf":[],"_links":{"self":[{"href":"https:\/\/www.myautopartsfactory.com\/tr\/wp-json\/wp\/v2\/product\/3258","targetHints":{"allow":["GET"]}}],"collection":[{"href":"https:\/\/www.myautopartsfactory.com\/tr\/wp-json\/wp\/v2\/product"}],"about":[{"href":"https:\/\/www.myautopartsfactory.com\/tr\/wp-json\/wp\/v2\/types\/product"}],"version-history":[{"count":0,"href":"https:\/\/www.myautopartsfactory.com\/tr\/wp-json\/wp\/v2\/product\/3258\/revisions"}],"wp:featuredmedia":[{"embeddable":true,"href":"https:\/\/www.myautopartsfactory.com\/tr\/wp-json\/wp\/v2\/media\/3259"}],"wp:attachment":[{"href":"https:\/\/www.myautopartsfactory.com\/tr\/wp-json\/wp\/v2\/media?parent=3258"}],"wp:term":[{"taxonomy":"product-tag","embeddable":true,"href":"https:\/\/www.myautopartsfactory.com\/tr\/wp-json\/wp\/v2\/product-tag?post=3258"},{"taxonomy":"products","embeddable":true,"href":"https:\/\/www.myautopartsfactory.com\/tr\/wp-json\/wp\/v2\/products?post=3258"},{"taxonomy":"brand","embeddable":true,"href":"https:\/\/www.myautopartsfactory.com\/tr\/wp-json\/wp\/v2\/brand?post=3258"}],"curies":[{"name":"wp","href":"https:\/\/api.w.org\/{rel}","templated":true}]}}