{"id":285,"date":"2024-05-10T11:37:42","date_gmt":"2024-05-10T03:37:42","guid":{"rendered":"https:\/\/www.myautopartsfactory.com\/?post_type=product&#038;p=285"},"modified":"2024-05-10T11:37:43","modified_gmt":"2024-05-10T03:37:43","slug":"wholesale-front-rear-right-left-abs-wheel-speed-sensor-47901-3da0a-for-nissan-sentra-2013-2019","status":"publish","type":"product","link":"https:\/\/www.myautopartsfactory.com\/tr\/product\/wholesale-front-rear-right-left-abs-wheel-speed-sensor-47901-3da0a-for-nissan-sentra-2013-2019","title":{"rendered":"Nissan Sentra 2013-2019 i\u00e7in Toptan \u00d6n Arka Sa\u011f Sol ABS Tekerlek H\u0131z Sens\u00f6r\u00fc 47901-3DA0A"},"content":{"rendered":"<h2 class=\"wp-block-heading\">\u00d6zellikler ve Faydalar:<\/h2>\n\n\n\n<p>M\u00fckemmel Uyum, Kolay Kurulum<\/p>\n\n\n\n<p>Sorunsuz bir kurulum i\u00e7in fabrika teknik \u00f6zelliklerine g\u00f6re \u00fcretilmi\u015ftir.<\/p>\n\n\n\n<p>\u25cfDesigned as a direct replacement for your original abs wheel speed sensor, ensuring excellent fitment and performance.<\/p>\n\n\n\n<h2 class=\"wp-block-heading\">\u00dcr\u00fcn \u00d6zellikleri\uff1a<\/h2>\n\n\n\n<p>\u25cfIncrease braking effect: By monitoring the wheel speed, it ensures that the braking force of each tire can be accurately controlled, improvingbraking effect and stability.<\/p>\n\n\n\n<p>\u25cfImprove driving safety: Real-time monitoring of the speed of each tire of the vehicle, detecting that the tire is about to lock or slip,will provide targeted braking intervention to avoid vehicle loss of control or sideslip.<\/p>\n\n\n\n<p>\u25cfPrevent tire slipping: In emergency braking or slippery road conditions, the system can quickly sense changes in tire status and adjust the braking force in a timely manner to prevent tire slipping.<\/p>","protected":false},"excerpt":{"rendered":"Features &amp; Benefits: Perfect Fit, Easy Installation \u25cfMade to factory specifications for a hassle-free installation. \u25cfDesigned as a direct replacement for your original abs wheel speed sensor, ensuring excellent fitment and performance. Product Features\uff1a \u25cfIncrease braking effect: By monitoring the wheel speed, it ensures that the braking force of each tire can be accurately controlled, [&hellip;]","protected":false},"featured_media":291,"menu_order":0,"template":"","meta":[],"product-tag":[],"products":[105],"brand":[],"class_list":["post-285","product","type-product","status-publish","has-post-thumbnail","hentry","products-abs-wheel-speed-sensor"],"yoast_head":"<!-- This site is optimized with the Yoast SEO plugin v27.3 - https:\/\/yoast.com\/product\/yoast-seo-wordpress\/ -->\n<title>Wholesale Front Rear Right Left ABS Wheel Speed Sensor 47901-3DA0A For Nissan Sentra 2013-2019 - YZHIDIANF<\/title>\n<meta name=\"robots\" content=\"index, follow, max-snippet:-1, max-image-preview:large, max-video-preview:-1\" \/>\n<link rel=\"canonical\" href=\"https:\/\/www.myautopartsfactory.com\/tr\/product\/wholesale-front-rear-right-left-abs-wheel-speed-sensor-47901-3da0a-for-nissan-sentra-2013-2019\/\" \/>\n<meta property=\"og:locale\" content=\"tr_TR\" \/>\n<meta property=\"og:type\" content=\"article\" \/>\n<meta property=\"og:title\" content=\"Wholesale Front Rear Right Left ABS Wheel Speed Sensor 47901-3DA0A For Nissan Sentra 2013-2019 - YZHIDIANF\" \/>\n<meta property=\"og:description\" content=\"Features &amp; Benefits: Perfect Fit, Easy Installation \u25cfMade to factory specifications for a hassle-free installation. \u25cfDesigned as a direct replacement for your original abs wheel speed sensor, ensuring excellent fitment and performance. Product Features\uff1a \u25cfIncrease braking effect: By monitoring the wheel speed, it ensures that the braking force of each tire can be accurately controlled, [&hellip;]\" \/>\n<meta property=\"og:url\" content=\"https:\/\/www.myautopartsfactory.com\/tr\/product\/wholesale-front-rear-right-left-abs-wheel-speed-sensor-47901-3da0a-for-nissan-sentra-2013-2019\/\" \/>\n<meta property=\"og:site_name\" content=\"YZHIDIANF\" \/>\n<meta property=\"article:modified_time\" content=\"2024-05-10T03:37:43+00:00\" \/>\n<meta property=\"og:image\" content=\"https:\/\/www.myautopartsfactory.com\/wp-content\/uploads\/2024\/05\/479013DA0A-6.jpg\" \/>\n\t<meta property=\"og:image:width\" content=\"800\" \/>\n\t<meta property=\"og:image:height\" content=\"800\" \/>\n\t<meta property=\"og:image:type\" content=\"image\/jpeg\" \/>\n<meta name=\"twitter:card\" content=\"summary_large_image\" \/>\n<script type=\"application\/ld+json\" class=\"yoast-schema-graph\">{\"@context\":\"https:\\\/\\\/schema.org\",\"@graph\":[{\"@type\":\"WebPage\",\"@id\":\"https:\\\/\\\/www.myautopartsfactory.com\\\/product\\\/wholesale-front-rear-right-left-abs-wheel-speed-sensor-47901-3da0a-for-nissan-sentra-2013-2019\",\"url\":\"https:\\\/\\\/www.myautopartsfactory.com\\\/product\\\/wholesale-front-rear-right-left-abs-wheel-speed-sensor-47901-3da0a-for-nissan-sentra-2013-2019\",\"name\":\"Wholesale Front Rear Right Left ABS Wheel Speed Sensor 47901-3DA0A For Nissan Sentra 2013-2019 - YZHIDIANF\",\"isPartOf\":{\"@id\":\"https:\\\/\\\/www.myautopartsfactory.com\\\/#website\"},\"primaryImageOfPage\":{\"@id\":\"https:\\\/\\\/www.myautopartsfactory.com\\\/product\\\/wholesale-front-rear-right-left-abs-wheel-speed-sensor-47901-3da0a-for-nissan-sentra-2013-2019#primaryimage\"},\"image\":{\"@id\":\"https:\\\/\\\/www.myautopartsfactory.com\\\/product\\\/wholesale-front-rear-right-left-abs-wheel-speed-sensor-47901-3da0a-for-nissan-sentra-2013-2019#primaryimage\"},\"thumbnailUrl\":\"https:\\\/\\\/www.myautopartsfactory.com\\\/wp-content\\\/uploads\\\/2024\\\/05\\\/479013DA0A-6.jpg\",\"datePublished\":\"2024-05-10T03:37:42+00:00\",\"dateModified\":\"2024-05-10T03:37:43+00:00\",\"breadcrumb\":{\"@id\":\"https:\\\/\\\/www.myautopartsfactory.com\\\/product\\\/wholesale-front-rear-right-left-abs-wheel-speed-sensor-47901-3da0a-for-nissan-sentra-2013-2019#breadcrumb\"},\"inLanguage\":\"tr\",\"potentialAction\":[{\"@type\":\"ReadAction\",\"target\":[\"https:\\\/\\\/www.myautopartsfactory.com\\\/product\\\/wholesale-front-rear-right-left-abs-wheel-speed-sensor-47901-3da0a-for-nissan-sentra-2013-2019\"]}]},{\"@type\":\"ImageObject\",\"inLanguage\":\"tr\",\"@id\":\"https:\\\/\\\/www.myautopartsfactory.com\\\/product\\\/wholesale-front-rear-right-left-abs-wheel-speed-sensor-47901-3da0a-for-nissan-sentra-2013-2019#primaryimage\",\"url\":\"https:\\\/\\\/www.myautopartsfactory.com\\\/wp-content\\\/uploads\\\/2024\\\/05\\\/479013DA0A-6.jpg\",\"contentUrl\":\"https:\\\/\\\/www.myautopartsfactory.com\\\/wp-content\\\/uploads\\\/2024\\\/05\\\/479013DA0A-6.jpg\",\"width\":800,\"height\":800},{\"@type\":\"BreadcrumbList\",\"@id\":\"https:\\\/\\\/www.myautopartsfactory.com\\\/product\\\/wholesale-front-rear-right-left-abs-wheel-speed-sensor-47901-3da0a-for-nissan-sentra-2013-2019#breadcrumb\",\"itemListElement\":[{\"@type\":\"ListItem\",\"position\":1,\"name\":\"\u9996\u9875\",\"item\":\"https:\\\/\\\/www.myautopartsfactory.com\\\/\"},{\"@type\":\"ListItem\",\"position\":2,\"name\":\"Wholesale Front Rear Right Left ABS Wheel Speed Sensor 47901-3DA0A For Nissan Sentra 2013-2019\"}]},{\"@type\":\"WebSite\",\"@id\":\"https:\\\/\\\/www.myautopartsfactory.com\\\/#website\",\"url\":\"https:\\\/\\\/www.myautopartsfactory.com\\\/\",\"name\":\"YZHIDIANF\",\"description\":\"One-Stop Auto Parts Supplier\",\"publisher\":{\"@id\":\"https:\\\/\\\/www.myautopartsfactory.com\\\/#organization\"},\"potentialAction\":[{\"@type\":\"SearchAction\",\"target\":{\"@type\":\"EntryPoint\",\"urlTemplate\":\"https:\\\/\\\/www.myautopartsfactory.com\\\/?s={search_term_string}\"},\"query-input\":{\"@type\":\"PropertyValueSpecification\",\"valueRequired\":true,\"valueName\":\"search_term_string\"}}],\"inLanguage\":\"tr\"},{\"@type\":\"Organization\",\"@id\":\"https:\\\/\\\/www.myautopartsfactory.com\\\/#organization\",\"name\":\"YZHIDIANF\",\"url\":\"https:\\\/\\\/www.myautopartsfactory.com\\\/\",\"logo\":{\"@type\":\"ImageObject\",\"inLanguage\":\"tr\",\"@id\":\"https:\\\/\\\/www.myautopartsfactory.com\\\/#\\\/schema\\\/logo\\\/image\\\/\",\"url\":\"https:\\\/\\\/www.myautopartsfactory.com\\\/wp-content\\\/uploads\\\/2024\\\/05\\\/fav.jpg\",\"contentUrl\":\"https:\\\/\\\/www.myautopartsfactory.com\\\/wp-content\\\/uploads\\\/2024\\\/05\\\/fav.jpg\",\"width\":80,\"height\":80,\"caption\":\"YZHIDIANF\"},\"image\":{\"@id\":\"https:\\\/\\\/www.myautopartsfactory.com\\\/#\\\/schema\\\/logo\\\/image\\\/\"}}]}<\/script>\n<!-- \/ Yoast SEO plugin. -->","yoast_head_json":{"title":"Wholesale Front Rear Right Left ABS Wheel Speed Sensor 47901-3DA0A For Nissan Sentra 2013-2019 - YZHIDIANF","robots":{"index":"index","follow":"follow","max-snippet":"max-snippet:-1","max-image-preview":"max-image-preview:large","max-video-preview":"max-video-preview:-1"},"canonical":"https:\/\/www.myautopartsfactory.com\/tr\/product\/wholesale-front-rear-right-left-abs-wheel-speed-sensor-47901-3da0a-for-nissan-sentra-2013-2019\/","og_locale":"tr_TR","og_type":"article","og_title":"Wholesale Front Rear Right Left ABS Wheel Speed Sensor 47901-3DA0A For Nissan Sentra 2013-2019 - YZHIDIANF","og_description":"Features &amp; Benefits: Perfect Fit, Easy Installation \u25cfMade to factory specifications for a hassle-free installation. \u25cfDesigned as a direct replacement for your original abs wheel speed sensor, ensuring excellent fitment and performance. Product Features\uff1a \u25cfIncrease braking effect: By monitoring the wheel speed, it ensures that the braking force of each tire can be accurately controlled, [&hellip;]","og_url":"https:\/\/www.myautopartsfactory.com\/tr\/product\/wholesale-front-rear-right-left-abs-wheel-speed-sensor-47901-3da0a-for-nissan-sentra-2013-2019\/","og_site_name":"YZHIDIANF","article_modified_time":"2024-05-10T03:37:43+00:00","og_image":[{"width":800,"height":800,"url":"https:\/\/www.myautopartsfactory.com\/wp-content\/uploads\/2024\/05\/479013DA0A-6.jpg","type":"image\/jpeg"}],"twitter_card":"summary_large_image","schema":{"@context":"https:\/\/schema.org","@graph":[{"@type":"WebPage","@id":"https:\/\/www.myautopartsfactory.com\/product\/wholesale-front-rear-right-left-abs-wheel-speed-sensor-47901-3da0a-for-nissan-sentra-2013-2019","url":"https:\/\/www.myautopartsfactory.com\/product\/wholesale-front-rear-right-left-abs-wheel-speed-sensor-47901-3da0a-for-nissan-sentra-2013-2019","name":"Wholesale Front Rear Right Left ABS Wheel Speed Sensor 47901-3DA0A For Nissan Sentra 2013-2019 - YZHIDIANF","isPartOf":{"@id":"https:\/\/www.myautopartsfactory.com\/#website"},"primaryImageOfPage":{"@id":"https:\/\/www.myautopartsfactory.com\/product\/wholesale-front-rear-right-left-abs-wheel-speed-sensor-47901-3da0a-for-nissan-sentra-2013-2019#primaryimage"},"image":{"@id":"https:\/\/www.myautopartsfactory.com\/product\/wholesale-front-rear-right-left-abs-wheel-speed-sensor-47901-3da0a-for-nissan-sentra-2013-2019#primaryimage"},"thumbnailUrl":"https:\/\/www.myautopartsfactory.com\/wp-content\/uploads\/2024\/05\/479013DA0A-6.jpg","datePublished":"2024-05-10T03:37:42+00:00","dateModified":"2024-05-10T03:37:43+00:00","breadcrumb":{"@id":"https:\/\/www.myautopartsfactory.com\/product\/wholesale-front-rear-right-left-abs-wheel-speed-sensor-47901-3da0a-for-nissan-sentra-2013-2019#breadcrumb"},"inLanguage":"tr","potentialAction":[{"@type":"ReadAction","target":["https:\/\/www.myautopartsfactory.com\/product\/wholesale-front-rear-right-left-abs-wheel-speed-sensor-47901-3da0a-for-nissan-sentra-2013-2019"]}]},{"@type":"ImageObject","inLanguage":"tr","@id":"https:\/\/www.myautopartsfactory.com\/product\/wholesale-front-rear-right-left-abs-wheel-speed-sensor-47901-3da0a-for-nissan-sentra-2013-2019#primaryimage","url":"https:\/\/www.myautopartsfactory.com\/wp-content\/uploads\/2024\/05\/479013DA0A-6.jpg","contentUrl":"https:\/\/www.myautopartsfactory.com\/wp-content\/uploads\/2024\/05\/479013DA0A-6.jpg","width":800,"height":800},{"@type":"BreadcrumbList","@id":"https:\/\/www.myautopartsfactory.com\/product\/wholesale-front-rear-right-left-abs-wheel-speed-sensor-47901-3da0a-for-nissan-sentra-2013-2019#breadcrumb","itemListElement":[{"@type":"ListItem","position":1,"name":"\u9996\u9875","item":"https:\/\/www.myautopartsfactory.com\/"},{"@type":"ListItem","position":2,"name":"Wholesale Front Rear Right Left ABS Wheel Speed Sensor 47901-3DA0A For Nissan Sentra 2013-2019"}]},{"@type":"WebSite","@id":"https:\/\/www.myautopartsfactory.com\/#website","url":"https:\/\/www.myautopartsfactory.com\/","name":"YZHIDIANF","description":"Tek Noktadan Otomobil Par\u00e7alar\u0131 Tedarik\u00e7isi","publisher":{"@id":"https:\/\/www.myautopartsfactory.com\/#organization"},"potentialAction":[{"@type":"SearchAction","target":{"@type":"EntryPoint","urlTemplate":"https:\/\/www.myautopartsfactory.com\/?s={search_term_string}"},"query-input":{"@type":"PropertyValueSpecification","valueRequired":true,"valueName":"search_term_string"}}],"inLanguage":"tr"},{"@type":"Organization","@id":"https:\/\/www.myautopartsfactory.com\/#organization","name":"YZHIDIANF","url":"https:\/\/www.myautopartsfactory.com\/","logo":{"@type":"ImageObject","inLanguage":"tr","@id":"https:\/\/www.myautopartsfactory.com\/#\/schema\/logo\/image\/","url":"https:\/\/www.myautopartsfactory.com\/wp-content\/uploads\/2024\/05\/fav.jpg","contentUrl":"https:\/\/www.myautopartsfactory.com\/wp-content\/uploads\/2024\/05\/fav.jpg","width":80,"height":80,"caption":"YZHIDIANF"},"image":{"@id":"https:\/\/www.myautopartsfactory.com\/#\/schema\/logo\/image\/"}}]}},"acf":[],"_links":{"self":[{"href":"https:\/\/www.myautopartsfactory.com\/tr\/wp-json\/wp\/v2\/product\/285","targetHints":{"allow":["GET"]}}],"collection":[{"href":"https:\/\/www.myautopartsfactory.com\/tr\/wp-json\/wp\/v2\/product"}],"about":[{"href":"https:\/\/www.myautopartsfactory.com\/tr\/wp-json\/wp\/v2\/types\/product"}],"version-history":[{"count":0,"href":"https:\/\/www.myautopartsfactory.com\/tr\/wp-json\/wp\/v2\/product\/285\/revisions"}],"wp:featuredmedia":[{"embeddable":true,"href":"https:\/\/www.myautopartsfactory.com\/tr\/wp-json\/wp\/v2\/media\/291"}],"wp:attachment":[{"href":"https:\/\/www.myautopartsfactory.com\/tr\/wp-json\/wp\/v2\/media?parent=285"}],"wp:term":[{"taxonomy":"product-tag","embeddable":true,"href":"https:\/\/www.myautopartsfactory.com\/tr\/wp-json\/wp\/v2\/product-tag?post=285"},{"taxonomy":"products","embeddable":true,"href":"https:\/\/www.myautopartsfactory.com\/tr\/wp-json\/wp\/v2\/products?post=285"},{"taxonomy":"brand","embeddable":true,"href":"https:\/\/www.myautopartsfactory.com\/tr\/wp-json\/wp\/v2\/brand?post=285"}],"curies":[{"name":"wp","href":"https:\/\/api.w.org\/{rel}","templated":true}]}}