{"id":2358,"date":"2024-06-19T11:31:14","date_gmt":"2024-06-19T03:31:14","guid":{"rendered":"https:\/\/www.myautopartsfactory.com\/?post_type=product&#038;p=2358"},"modified":"2024-06-19T11:31:16","modified_gmt":"2024-06-19T03:31:16","slug":"wholesale-knock-sensor-car-engine-parts-06f905377-for-vw-passat-jetta-iii-golf-vi-audi","status":"publish","type":"product","link":"https:\/\/www.myautopartsfactory.com\/tr\/product\/wholesale-knock-sensor-car-engine-parts-06f905377-for-vw-passat-jetta-iii-golf-vi-audi","title":{"rendered":"Toptan Vuruntu Sens\u00f6r\u00fc Araba Motor Par\u00e7alar\u0131 06F905377 VW Passat Jetta III Golf VI Audi i\u00e7in"},"content":{"rendered":"<h2 class=\"wp-block-heading\">\u00d6zellikler ve Faydalar:<\/h2>\n\n\n\n<p>M\u00fckemmel Uyum, Kolay Kurulum<\/p>\n\n\n\n<p>Sorunsuz bir kurulum i\u00e7in fabrika teknik \u00f6zelliklerine g\u00f6re \u00fcretilmi\u015ftir.<\/p>\n\n\n\n<p>Orijinal vuruntu sens\u00f6r\u00fcn\u00fcz i\u00e7in do\u011frudan yedek olarak tasarlanm\u0131\u015ft\u0131r, m\u00fckemmel uyum ve performans sa\u011flar.<\/p>\n\n\n\n<h2 class=\"wp-block-heading\">\u00dcr\u00fcn \u00d6zellikleri\uff1a<\/h2>\n\n\n\n<p>Y\u00fcksek frekans tepkisi: Y\u00fcksek frekansl\u0131 vuruntu sinyallerine h\u0131zla yan\u0131t verir ve bunlar\u0131 elektrik sinyali \u00e7\u0131k\u0131\u015f\u0131na d\u00f6n\u00fc\u015ft\u00fcr\u00fcr.<\/p>\n\n\n\n<p>Y\u00fcksek hassasiyet: i\u00e7ten yanmal\u0131 motorun yanma odas\u0131nda vuruntu olu\u015fumunu do\u011fru bir \u015fekilde tespit edebilir.<\/p>\n\n\n\n<p>Kurulumu ve kullan\u0131m\u0131 kolayd\u0131r: Vuruntu sens\u00f6r\u00fc k\u00fc\u00e7\u00fck boyutludur, hafiftir, kurulumu kolayd\u0131r ve kolay kullan\u0131m i\u00e7in basit bir aray\u00fcz tasar\u0131m\u0131na sahiptir.<\/p>\n\n\n\n<p>Y\u00fcksek stabilite: Geli\u015fmi\u015f paketleme teknolojisi ve malzemeleri kullanarak, \u00e7e\u015fitli zorlu \u00e7al\u0131\u015fma ortamlar\u0131nda y\u00fcksek stabiliteyi koruyabilir.<\/p>\n\n\n\n<p>Y\u00fcksek g\u00fcvenilirlik: Tasar\u0131m, harici parazit veya di\u011fer nedenlerden kaynaklanan ar\u0131zalar\u0131 etkili bir \u015fekilde \u00f6nlemek i\u00e7in \u00e7oklu koruma \u00f6nlemleri benimser.<\/p>\n\n\n\n<p>Y\u00fcksek hassasiyet: Y\u00fcksek hassasiyetli \u00f6l\u00e7\u00fcm yeteneklerine sahiptir ve vuruntu sinyalinin genli\u011fini, frekans\u0131n\u0131 ve di\u011fer parametrelerini do\u011fru bir \u015fekilde \u00f6l\u00e7ebilir.<\/p>","protected":false},"excerpt":{"rendered":"Features &amp; Benefits: \u25cfPerfect Fit, Easy Installation \u25cfMade to factory specifications for a hassle-free installation. \u25cfDesigned as a direct replacement for your original knock sensor, ensuring excellent fitment and performance. Product Features\uff1a \u25cfHigh-frequency response: Quickly respond to high-frequency knock signals and convert them into electrical signal output. \u25cfHigh sensitivity: can accurately detect the occurrence of [&hellip;]","protected":false},"featured_media":2364,"menu_order":0,"template":"","meta":[],"product-tag":[],"products":[8],"brand":[63],"class_list":["post-2358","product","type-product","status-publish","has-post-thumbnail","hentry","products-knock-sensor","brand-audi"],"yoast_head":"<!-- This site is optimized with the Yoast SEO plugin v27.3 - https:\/\/yoast.com\/product\/yoast-seo-wordpress\/ -->\n<title>Wholesale Knock Sensor Car Engine Parts 06F905377 For VW Passat Jetta III Golf VI Audi - YZHIDIANF<\/title>\n<meta name=\"robots\" content=\"index, follow, max-snippet:-1, max-image-preview:large, max-video-preview:-1\" \/>\n<link rel=\"canonical\" href=\"https:\/\/www.myautopartsfactory.com\/tr\/product\/wholesale-knock-sensor-car-engine-parts-06f905377-for-vw-passat-jetta-iii-golf-vi-audi\/\" \/>\n<meta property=\"og:locale\" content=\"tr_TR\" \/>\n<meta property=\"og:type\" content=\"article\" \/>\n<meta property=\"og:title\" content=\"Wholesale Knock Sensor Car Engine Parts 06F905377 For VW Passat Jetta III Golf VI Audi - YZHIDIANF\" \/>\n<meta property=\"og:description\" content=\"Features &amp; Benefits: \u25cfPerfect Fit, Easy Installation \u25cfMade to factory specifications for a hassle-free installation. \u25cfDesigned as a direct replacement for your original knock sensor, ensuring excellent fitment and performance. Product Features\uff1a \u25cfHigh-frequency response: Quickly respond to high-frequency knock signals and convert them into electrical signal output. \u25cfHigh sensitivity: can accurately detect the occurrence of [&hellip;]\" \/>\n<meta property=\"og:url\" content=\"https:\/\/www.myautopartsfactory.com\/tr\/product\/wholesale-knock-sensor-car-engine-parts-06f905377-for-vw-passat-jetta-iii-golf-vi-audi\/\" \/>\n<meta property=\"og:site_name\" content=\"YZHIDIANF\" \/>\n<meta property=\"article:modified_time\" content=\"2024-06-19T03:31:16+00:00\" \/>\n<meta property=\"og:image\" content=\"https:\/\/www.myautopartsfactory.com\/wp-content\/uploads\/2024\/06\/06F905377-7.jpg\" \/>\n\t<meta property=\"og:image:width\" content=\"800\" \/>\n\t<meta property=\"og:image:height\" content=\"800\" \/>\n\t<meta property=\"og:image:type\" content=\"image\/jpeg\" \/>\n<meta name=\"twitter:card\" content=\"summary_large_image\" \/>\n<meta name=\"twitter:label1\" content=\"Tahmini okuma s\u00fcresi\" \/>\n\t<meta name=\"twitter:data1\" content=\"2 dakika\" \/>\n<script type=\"application\/ld+json\" class=\"yoast-schema-graph\">{\"@context\":\"https:\\\/\\\/schema.org\",\"@graph\":[{\"@type\":\"WebPage\",\"@id\":\"https:\\\/\\\/www.myautopartsfactory.com\\\/product\\\/wholesale-knock-sensor-car-engine-parts-06f905377-for-vw-passat-jetta-iii-golf-vi-audi\",\"url\":\"https:\\\/\\\/www.myautopartsfactory.com\\\/product\\\/wholesale-knock-sensor-car-engine-parts-06f905377-for-vw-passat-jetta-iii-golf-vi-audi\",\"name\":\"Wholesale Knock Sensor Car Engine Parts 06F905377 For VW Passat Jetta III Golf VI Audi - YZHIDIANF\",\"isPartOf\":{\"@id\":\"https:\\\/\\\/www.myautopartsfactory.com\\\/#website\"},\"primaryImageOfPage\":{\"@id\":\"https:\\\/\\\/www.myautopartsfactory.com\\\/product\\\/wholesale-knock-sensor-car-engine-parts-06f905377-for-vw-passat-jetta-iii-golf-vi-audi#primaryimage\"},\"image\":{\"@id\":\"https:\\\/\\\/www.myautopartsfactory.com\\\/product\\\/wholesale-knock-sensor-car-engine-parts-06f905377-for-vw-passat-jetta-iii-golf-vi-audi#primaryimage\"},\"thumbnailUrl\":\"https:\\\/\\\/www.myautopartsfactory.com\\\/wp-content\\\/uploads\\\/2024\\\/06\\\/06F905377-7.jpg\",\"datePublished\":\"2024-06-19T03:31:14+00:00\",\"dateModified\":\"2024-06-19T03:31:16+00:00\",\"breadcrumb\":{\"@id\":\"https:\\\/\\\/www.myautopartsfactory.com\\\/product\\\/wholesale-knock-sensor-car-engine-parts-06f905377-for-vw-passat-jetta-iii-golf-vi-audi#breadcrumb\"},\"inLanguage\":\"tr\",\"potentialAction\":[{\"@type\":\"ReadAction\",\"target\":[\"https:\\\/\\\/www.myautopartsfactory.com\\\/product\\\/wholesale-knock-sensor-car-engine-parts-06f905377-for-vw-passat-jetta-iii-golf-vi-audi\"]}]},{\"@type\":\"ImageObject\",\"inLanguage\":\"tr\",\"@id\":\"https:\\\/\\\/www.myautopartsfactory.com\\\/product\\\/wholesale-knock-sensor-car-engine-parts-06f905377-for-vw-passat-jetta-iii-golf-vi-audi#primaryimage\",\"url\":\"https:\\\/\\\/www.myautopartsfactory.com\\\/wp-content\\\/uploads\\\/2024\\\/06\\\/06F905377-7.jpg\",\"contentUrl\":\"https:\\\/\\\/www.myautopartsfactory.com\\\/wp-content\\\/uploads\\\/2024\\\/06\\\/06F905377-7.jpg\",\"width\":800,\"height\":800},{\"@type\":\"BreadcrumbList\",\"@id\":\"https:\\\/\\\/www.myautopartsfactory.com\\\/product\\\/wholesale-knock-sensor-car-engine-parts-06f905377-for-vw-passat-jetta-iii-golf-vi-audi#breadcrumb\",\"itemListElement\":[{\"@type\":\"ListItem\",\"position\":1,\"name\":\"\u9996\u9875\",\"item\":\"https:\\\/\\\/www.myautopartsfactory.com\\\/\"},{\"@type\":\"ListItem\",\"position\":2,\"name\":\"Wholesale Knock Sensor Car Engine Parts 06F905377 For VW Passat Jetta III Golf VI Audi\"}]},{\"@type\":\"WebSite\",\"@id\":\"https:\\\/\\\/www.myautopartsfactory.com\\\/#website\",\"url\":\"https:\\\/\\\/www.myautopartsfactory.com\\\/\",\"name\":\"YZHIDIANF\",\"description\":\"One-Stop Auto Parts Supplier\",\"publisher\":{\"@id\":\"https:\\\/\\\/www.myautopartsfactory.com\\\/#organization\"},\"potentialAction\":[{\"@type\":\"SearchAction\",\"target\":{\"@type\":\"EntryPoint\",\"urlTemplate\":\"https:\\\/\\\/www.myautopartsfactory.com\\\/?s={search_term_string}\"},\"query-input\":{\"@type\":\"PropertyValueSpecification\",\"valueRequired\":true,\"valueName\":\"search_term_string\"}}],\"inLanguage\":\"tr\"},{\"@type\":\"Organization\",\"@id\":\"https:\\\/\\\/www.myautopartsfactory.com\\\/#organization\",\"name\":\"YZHIDIANF\",\"url\":\"https:\\\/\\\/www.myautopartsfactory.com\\\/\",\"logo\":{\"@type\":\"ImageObject\",\"inLanguage\":\"tr\",\"@id\":\"https:\\\/\\\/www.myautopartsfactory.com\\\/#\\\/schema\\\/logo\\\/image\\\/\",\"url\":\"https:\\\/\\\/www.myautopartsfactory.com\\\/wp-content\\\/uploads\\\/2024\\\/05\\\/fav.jpg\",\"contentUrl\":\"https:\\\/\\\/www.myautopartsfactory.com\\\/wp-content\\\/uploads\\\/2024\\\/05\\\/fav.jpg\",\"width\":80,\"height\":80,\"caption\":\"YZHIDIANF\"},\"image\":{\"@id\":\"https:\\\/\\\/www.myautopartsfactory.com\\\/#\\\/schema\\\/logo\\\/image\\\/\"}}]}<\/script>\n<!-- \/ Yoast SEO plugin. -->","yoast_head_json":{"title":"Wholesale Knock Sensor Car Engine Parts 06F905377 For VW Passat Jetta III Golf VI Audi - YZHIDIANF","robots":{"index":"index","follow":"follow","max-snippet":"max-snippet:-1","max-image-preview":"max-image-preview:large","max-video-preview":"max-video-preview:-1"},"canonical":"https:\/\/www.myautopartsfactory.com\/tr\/product\/wholesale-knock-sensor-car-engine-parts-06f905377-for-vw-passat-jetta-iii-golf-vi-audi\/","og_locale":"tr_TR","og_type":"article","og_title":"Wholesale Knock Sensor Car Engine Parts 06F905377 For VW Passat Jetta III Golf VI Audi - YZHIDIANF","og_description":"Features &amp; Benefits: \u25cfPerfect Fit, Easy Installation \u25cfMade to factory specifications for a hassle-free installation. \u25cfDesigned as a direct replacement for your original knock sensor, ensuring excellent fitment and performance. Product Features\uff1a \u25cfHigh-frequency response: Quickly respond to high-frequency knock signals and convert them into electrical signal output. \u25cfHigh sensitivity: can accurately detect the occurrence of [&hellip;]","og_url":"https:\/\/www.myautopartsfactory.com\/tr\/product\/wholesale-knock-sensor-car-engine-parts-06f905377-for-vw-passat-jetta-iii-golf-vi-audi\/","og_site_name":"YZHIDIANF","article_modified_time":"2024-06-19T03:31:16+00:00","og_image":[{"width":800,"height":800,"url":"https:\/\/www.myautopartsfactory.com\/wp-content\/uploads\/2024\/06\/06F905377-7.jpg","type":"image\/jpeg"}],"twitter_card":"summary_large_image","twitter_misc":{"Tahmini okuma s\u00fcresi":"2 dakika"},"schema":{"@context":"https:\/\/schema.org","@graph":[{"@type":"WebPage","@id":"https:\/\/www.myautopartsfactory.com\/product\/wholesale-knock-sensor-car-engine-parts-06f905377-for-vw-passat-jetta-iii-golf-vi-audi","url":"https:\/\/www.myautopartsfactory.com\/product\/wholesale-knock-sensor-car-engine-parts-06f905377-for-vw-passat-jetta-iii-golf-vi-audi","name":"Wholesale Knock Sensor Car Engine Parts 06F905377 For VW Passat Jetta III Golf VI Audi - YZHIDIANF","isPartOf":{"@id":"https:\/\/www.myautopartsfactory.com\/#website"},"primaryImageOfPage":{"@id":"https:\/\/www.myautopartsfactory.com\/product\/wholesale-knock-sensor-car-engine-parts-06f905377-for-vw-passat-jetta-iii-golf-vi-audi#primaryimage"},"image":{"@id":"https:\/\/www.myautopartsfactory.com\/product\/wholesale-knock-sensor-car-engine-parts-06f905377-for-vw-passat-jetta-iii-golf-vi-audi#primaryimage"},"thumbnailUrl":"https:\/\/www.myautopartsfactory.com\/wp-content\/uploads\/2024\/06\/06F905377-7.jpg","datePublished":"2024-06-19T03:31:14+00:00","dateModified":"2024-06-19T03:31:16+00:00","breadcrumb":{"@id":"https:\/\/www.myautopartsfactory.com\/product\/wholesale-knock-sensor-car-engine-parts-06f905377-for-vw-passat-jetta-iii-golf-vi-audi#breadcrumb"},"inLanguage":"tr","potentialAction":[{"@type":"ReadAction","target":["https:\/\/www.myautopartsfactory.com\/product\/wholesale-knock-sensor-car-engine-parts-06f905377-for-vw-passat-jetta-iii-golf-vi-audi"]}]},{"@type":"ImageObject","inLanguage":"tr","@id":"https:\/\/www.myautopartsfactory.com\/product\/wholesale-knock-sensor-car-engine-parts-06f905377-for-vw-passat-jetta-iii-golf-vi-audi#primaryimage","url":"https:\/\/www.myautopartsfactory.com\/wp-content\/uploads\/2024\/06\/06F905377-7.jpg","contentUrl":"https:\/\/www.myautopartsfactory.com\/wp-content\/uploads\/2024\/06\/06F905377-7.jpg","width":800,"height":800},{"@type":"BreadcrumbList","@id":"https:\/\/www.myautopartsfactory.com\/product\/wholesale-knock-sensor-car-engine-parts-06f905377-for-vw-passat-jetta-iii-golf-vi-audi#breadcrumb","itemListElement":[{"@type":"ListItem","position":1,"name":"\u9996\u9875","item":"https:\/\/www.myautopartsfactory.com\/"},{"@type":"ListItem","position":2,"name":"Wholesale Knock Sensor Car Engine Parts 06F905377 For VW Passat Jetta III Golf VI Audi"}]},{"@type":"WebSite","@id":"https:\/\/www.myautopartsfactory.com\/#website","url":"https:\/\/www.myautopartsfactory.com\/","name":"YZHIDIANF","description":"Tek Noktadan Otomobil Par\u00e7alar\u0131 Tedarik\u00e7isi","publisher":{"@id":"https:\/\/www.myautopartsfactory.com\/#organization"},"potentialAction":[{"@type":"SearchAction","target":{"@type":"EntryPoint","urlTemplate":"https:\/\/www.myautopartsfactory.com\/?s={search_term_string}"},"query-input":{"@type":"PropertyValueSpecification","valueRequired":true,"valueName":"search_term_string"}}],"inLanguage":"tr"},{"@type":"Organization","@id":"https:\/\/www.myautopartsfactory.com\/#organization","name":"YZHIDIANF","url":"https:\/\/www.myautopartsfactory.com\/","logo":{"@type":"ImageObject","inLanguage":"tr","@id":"https:\/\/www.myautopartsfactory.com\/#\/schema\/logo\/image\/","url":"https:\/\/www.myautopartsfactory.com\/wp-content\/uploads\/2024\/05\/fav.jpg","contentUrl":"https:\/\/www.myautopartsfactory.com\/wp-content\/uploads\/2024\/05\/fav.jpg","width":80,"height":80,"caption":"YZHIDIANF"},"image":{"@id":"https:\/\/www.myautopartsfactory.com\/#\/schema\/logo\/image\/"}}]}},"acf":[],"_links":{"self":[{"href":"https:\/\/www.myautopartsfactory.com\/tr\/wp-json\/wp\/v2\/product\/2358","targetHints":{"allow":["GET"]}}],"collection":[{"href":"https:\/\/www.myautopartsfactory.com\/tr\/wp-json\/wp\/v2\/product"}],"about":[{"href":"https:\/\/www.myautopartsfactory.com\/tr\/wp-json\/wp\/v2\/types\/product"}],"version-history":[{"count":0,"href":"https:\/\/www.myautopartsfactory.com\/tr\/wp-json\/wp\/v2\/product\/2358\/revisions"}],"wp:featuredmedia":[{"embeddable":true,"href":"https:\/\/www.myautopartsfactory.com\/tr\/wp-json\/wp\/v2\/media\/2364"}],"wp:attachment":[{"href":"https:\/\/www.myautopartsfactory.com\/tr\/wp-json\/wp\/v2\/media?parent=2358"}],"wp:term":[{"taxonomy":"product-tag","embeddable":true,"href":"https:\/\/www.myautopartsfactory.com\/tr\/wp-json\/wp\/v2\/product-tag?post=2358"},{"taxonomy":"products","embeddable":true,"href":"https:\/\/www.myautopartsfactory.com\/tr\/wp-json\/wp\/v2\/products?post=2358"},{"taxonomy":"brand","embeddable":true,"href":"https:\/\/www.myautopartsfactory.com\/tr\/wp-json\/wp\/v2\/brand?post=2358"}],"curies":[{"name":"wp","href":"https:\/\/api.w.org\/{rel}","templated":true}]}}