{"id":1884,"date":"2024-06-17T09:38:44","date_gmt":"2024-06-17T01:38:44","guid":{"rendered":"https:\/\/www.myautopartsfactory.com\/?post_type=product&#038;p=1884"},"modified":"2024-06-17T09:38:46","modified_gmt":"2024-06-17T01:38:46","slug":"wholesale-transmission-speed-sensor-sc634-dl8z7m101a-9l8z7m101a-auto-sensor-for-ford-fusion-explorer-edge-lincoln-mkz-mkt-mkc","status":"publish","type":"product","link":"https:\/\/www.myautopartsfactory.com\/tr\/product\/wholesale-transmission-speed-sensor-sc634-dl8z7m101a-9l8z7m101a-auto-sensor-for-ford-fusion-explorer-edge-lincoln-mkz-mkt-mkc","title":{"rendered":"Wholesale Transmission Speed Sensor SC634 DL8Z7M101A 9L8Z7M101A Auto Sensor For Ford Fusion Explorer Edge Lincoln Mkz Mkt Mkc"},"content":{"rendered":"<h2 class=\"wp-block-heading\">\u00d6zellikler ve Faydalar:<\/h2>\n\n\n\n<p>M\u00fckemmel Uyum, Kolay Kurulum<\/p>\n\n\n\n<p>Sorunsuz bir kurulum i\u00e7in fabrika teknik \u00f6zelliklerine g\u00f6re \u00fcretilmi\u015ftir.<\/p>\n\n\n\n<p>Orijinal \u015eanz\u0131man H\u0131z Sens\u00f6r\u00fcn\u00fcz i\u00e7in do\u011frudan yedek olarak tasarlanm\u0131\u015ft\u0131r, m\u00fckemmel uyum ve performans sa\u011flar.<\/p>\n\n\n\n<h2 class=\"wp-block-heading\">\u00dcr\u00fcn \u00d6zellikleri\uff1a<\/h2>\n\n\n\n<p>\u25cf<strong>Y\u00fcksek do\u011fruluk:<\/strong>\u00a0Y\u00fcksek do\u011fruluk, \u00e7ok k\u00fc\u00e7\u00fck h\u0131z de\u011fi\u015fiklikleri \u00f6l\u00e7\u00fclebilir.<\/p>\n\n\n\n<p>\u25cf<strong>\u00c7e\u015fitlilik:\u00a0<\/strong>Do\u011frusal hareket ve d\u00f6nme hareketi dahil olmak \u00fczere farkl\u0131 nesne hareketi t\u00fcrleri i\u00e7in uygundur.<\/p>\n\n\n\n<p>\u25cf<strong>Kurulumu kolayd\u0131r:<\/strong>\u00a0Tipik olarak k\u00fc\u00e7\u00fck ve hafif olacak \u015fekilde tasarlanan bu cihazlar\u0131n \u00e7e\u015fitli cihazlara kurulumu kolayd\u0131r.<\/p>\n\n\n\n<p>\u25cf<strong>D\u00fc\u015f\u00fck g\u00fc\u00e7 t\u00fcketimi:<\/strong>\u00a0D\u00fc\u015f\u00fck g\u00fc\u00e7 t\u00fcketimi tasar\u0131m\u0131 ile pil \u00f6mr\u00fcn\u00fc uzatabilir ve enerji maliyetlerinden tasarruf sa\u011flayabilir.<\/p>\n\n\n\n<p><strong>H\u0131zl\u0131 yan\u0131t:&nbsp;<\/strong>H\u0131zl\u0131 tepki verme, nesnelerin hareket h\u0131z\u0131n\u0131 ger\u00e7ek zamanl\u0131 olarak alg\u0131lama ve geri bildirimde bulunma yetene\u011fine sahiptir.<\/p>\n\n\n\n<p>\u25cf<strong>Dayan\u0131kl\u0131l\u0131k:<\/strong>\u00a0 Y\u00fcksek mukavemetli malzemelerden yap\u0131lm\u0131\u015ft\u0131r, iyi dayan\u0131kl\u0131l\u0131k ve \u015fok direncine sahiptir ve zorlu ortamlarda kullan\u0131labilir.<\/p>","protected":false},"excerpt":{"rendered":"Features &amp; Benefits: \u25cfPerfect Fit, Easy Installation \u25cfMade to factory specifications for a hassle-free installation. \u25cfDesigned as a direct replacement for your original Transmission Speed Sensor, ensuring excellent fitment and performance. Product Features\uff1a \u25cfHigh accuracy:\u00a0High accuracy, very small speed changes can be measured. \u25cfDiversity:\u00a0Suitable for different types of object motion, including linear motion and rotational [&hellip;]","protected":false},"featured_media":1894,"menu_order":0,"template":"","meta":[],"product-tag":[],"products":[87],"brand":[59,70],"class_list":["post-1884","product","type-product","status-publish","has-post-thumbnail","hentry","products-transmission-speed-sensor","brand-ford","brand-lincoln"],"yoast_head":"<!-- This site is optimized with the Yoast SEO plugin v27.3 - https:\/\/yoast.com\/product\/yoast-seo-wordpress\/ -->\n<title>Wholesale Transmission Speed Sensor SC634 DL8Z7M101A 9L8Z7M101A Auto Sensor For Ford Fusion Explorer Edge Lincoln Mkz Mkt Mkc - YZHIDIANF<\/title>\n<meta name=\"robots\" content=\"index, follow, max-snippet:-1, max-image-preview:large, max-video-preview:-1\" \/>\n<link rel=\"canonical\" href=\"https:\/\/www.myautopartsfactory.com\/tr\/product\/wholesale-transmission-speed-sensor-sc634-dl8z7m101a-9l8z7m101a-auto-sensor-for-ford-fusion-explorer-edge-lincoln-mkz-mkt-mkc\/\" \/>\n<meta property=\"og:locale\" content=\"tr_TR\" \/>\n<meta property=\"og:type\" content=\"article\" \/>\n<meta property=\"og:title\" content=\"Wholesale Transmission Speed Sensor SC634 DL8Z7M101A 9L8Z7M101A Auto Sensor For Ford Fusion Explorer Edge Lincoln Mkz Mkt Mkc - YZHIDIANF\" \/>\n<meta property=\"og:description\" content=\"Features &amp; Benefits: \u25cfPerfect Fit, Easy Installation \u25cfMade to factory specifications for a hassle-free installation. \u25cfDesigned as a direct replacement for your original Transmission Speed Sensor, ensuring excellent fitment and performance. Product Features\uff1a \u25cfHigh accuracy:\u00a0High accuracy, very small speed changes can be measured. \u25cfDiversity:\u00a0Suitable for different types of object motion, including linear motion and rotational [&hellip;]\" \/>\n<meta property=\"og:url\" content=\"https:\/\/www.myautopartsfactory.com\/tr\/product\/wholesale-transmission-speed-sensor-sc634-dl8z7m101a-9l8z7m101a-auto-sensor-for-ford-fusion-explorer-edge-lincoln-mkz-mkt-mkc\/\" \/>\n<meta property=\"og:site_name\" content=\"YZHIDIANF\" \/>\n<meta property=\"article:modified_time\" content=\"2024-06-17T01:38:46+00:00\" \/>\n<meta property=\"og:image\" content=\"https:\/\/www.myautopartsfactory.com\/wp-content\/uploads\/2024\/06\/9L8Z7M101A-6-1.jpg\" \/>\n\t<meta property=\"og:image:width\" content=\"800\" \/>\n\t<meta property=\"og:image:height\" content=\"800\" \/>\n\t<meta property=\"og:image:type\" content=\"image\/jpeg\" \/>\n<meta name=\"twitter:card\" content=\"summary_large_image\" \/>\n<meta name=\"twitter:label1\" content=\"Tahmini okuma s\u00fcresi\" \/>\n\t<meta name=\"twitter:data1\" content=\"1 dakika\" \/>\n<script type=\"application\/ld+json\" class=\"yoast-schema-graph\">{\"@context\":\"https:\\\/\\\/schema.org\",\"@graph\":[{\"@type\":\"WebPage\",\"@id\":\"https:\\\/\\\/www.myautopartsfactory.com\\\/product\\\/wholesale-transmission-speed-sensor-sc634-dl8z7m101a-9l8z7m101a-auto-sensor-for-ford-fusion-explorer-edge-lincoln-mkz-mkt-mkc\",\"url\":\"https:\\\/\\\/www.myautopartsfactory.com\\\/product\\\/wholesale-transmission-speed-sensor-sc634-dl8z7m101a-9l8z7m101a-auto-sensor-for-ford-fusion-explorer-edge-lincoln-mkz-mkt-mkc\",\"name\":\"Wholesale Transmission Speed Sensor SC634 DL8Z7M101A 9L8Z7M101A Auto Sensor For Ford Fusion Explorer Edge Lincoln Mkz Mkt Mkc - YZHIDIANF\",\"isPartOf\":{\"@id\":\"https:\\\/\\\/www.myautopartsfactory.com\\\/#website\"},\"primaryImageOfPage\":{\"@id\":\"https:\\\/\\\/www.myautopartsfactory.com\\\/product\\\/wholesale-transmission-speed-sensor-sc634-dl8z7m101a-9l8z7m101a-auto-sensor-for-ford-fusion-explorer-edge-lincoln-mkz-mkt-mkc#primaryimage\"},\"image\":{\"@id\":\"https:\\\/\\\/www.myautopartsfactory.com\\\/product\\\/wholesale-transmission-speed-sensor-sc634-dl8z7m101a-9l8z7m101a-auto-sensor-for-ford-fusion-explorer-edge-lincoln-mkz-mkt-mkc#primaryimage\"},\"thumbnailUrl\":\"https:\\\/\\\/www.myautopartsfactory.com\\\/wp-content\\\/uploads\\\/2024\\\/06\\\/9L8Z7M101A-6-1.jpg\",\"datePublished\":\"2024-06-17T01:38:44+00:00\",\"dateModified\":\"2024-06-17T01:38:46+00:00\",\"breadcrumb\":{\"@id\":\"https:\\\/\\\/www.myautopartsfactory.com\\\/product\\\/wholesale-transmission-speed-sensor-sc634-dl8z7m101a-9l8z7m101a-auto-sensor-for-ford-fusion-explorer-edge-lincoln-mkz-mkt-mkc#breadcrumb\"},\"inLanguage\":\"tr\",\"potentialAction\":[{\"@type\":\"ReadAction\",\"target\":[\"https:\\\/\\\/www.myautopartsfactory.com\\\/product\\\/wholesale-transmission-speed-sensor-sc634-dl8z7m101a-9l8z7m101a-auto-sensor-for-ford-fusion-explorer-edge-lincoln-mkz-mkt-mkc\"]}]},{\"@type\":\"ImageObject\",\"inLanguage\":\"tr\",\"@id\":\"https:\\\/\\\/www.myautopartsfactory.com\\\/product\\\/wholesale-transmission-speed-sensor-sc634-dl8z7m101a-9l8z7m101a-auto-sensor-for-ford-fusion-explorer-edge-lincoln-mkz-mkt-mkc#primaryimage\",\"url\":\"https:\\\/\\\/www.myautopartsfactory.com\\\/wp-content\\\/uploads\\\/2024\\\/06\\\/9L8Z7M101A-6-1.jpg\",\"contentUrl\":\"https:\\\/\\\/www.myautopartsfactory.com\\\/wp-content\\\/uploads\\\/2024\\\/06\\\/9L8Z7M101A-6-1.jpg\",\"width\":800,\"height\":800},{\"@type\":\"BreadcrumbList\",\"@id\":\"https:\\\/\\\/www.myautopartsfactory.com\\\/product\\\/wholesale-transmission-speed-sensor-sc634-dl8z7m101a-9l8z7m101a-auto-sensor-for-ford-fusion-explorer-edge-lincoln-mkz-mkt-mkc#breadcrumb\",\"itemListElement\":[{\"@type\":\"ListItem\",\"position\":1,\"name\":\"\u9996\u9875\",\"item\":\"https:\\\/\\\/www.myautopartsfactory.com\\\/\"},{\"@type\":\"ListItem\",\"position\":2,\"name\":\"Wholesale Transmission Speed Sensor SC634 DL8Z7M101A 9L8Z7M101A Auto Sensor For Ford Fusion Explorer Edge Lincoln Mkz Mkt Mkc\"}]},{\"@type\":\"WebSite\",\"@id\":\"https:\\\/\\\/www.myautopartsfactory.com\\\/#website\",\"url\":\"https:\\\/\\\/www.myautopartsfactory.com\\\/\",\"name\":\"YZHIDIANF\",\"description\":\"One-Stop Auto Parts Supplier\",\"publisher\":{\"@id\":\"https:\\\/\\\/www.myautopartsfactory.com\\\/#organization\"},\"potentialAction\":[{\"@type\":\"SearchAction\",\"target\":{\"@type\":\"EntryPoint\",\"urlTemplate\":\"https:\\\/\\\/www.myautopartsfactory.com\\\/?s={search_term_string}\"},\"query-input\":{\"@type\":\"PropertyValueSpecification\",\"valueRequired\":true,\"valueName\":\"search_term_string\"}}],\"inLanguage\":\"tr\"},{\"@type\":\"Organization\",\"@id\":\"https:\\\/\\\/www.myautopartsfactory.com\\\/#organization\",\"name\":\"YZHIDIANF\",\"url\":\"https:\\\/\\\/www.myautopartsfactory.com\\\/\",\"logo\":{\"@type\":\"ImageObject\",\"inLanguage\":\"tr\",\"@id\":\"https:\\\/\\\/www.myautopartsfactory.com\\\/#\\\/schema\\\/logo\\\/image\\\/\",\"url\":\"https:\\\/\\\/www.myautopartsfactory.com\\\/wp-content\\\/uploads\\\/2024\\\/05\\\/fav.jpg\",\"contentUrl\":\"https:\\\/\\\/www.myautopartsfactory.com\\\/wp-content\\\/uploads\\\/2024\\\/05\\\/fav.jpg\",\"width\":80,\"height\":80,\"caption\":\"YZHIDIANF\"},\"image\":{\"@id\":\"https:\\\/\\\/www.myautopartsfactory.com\\\/#\\\/schema\\\/logo\\\/image\\\/\"}}]}<\/script>\n<!-- \/ Yoast SEO plugin. -->","yoast_head_json":{"title":"Wholesale Transmission Speed Sensor SC634 DL8Z7M101A 9L8Z7M101A Auto Sensor For Ford Fusion Explorer Edge Lincoln Mkz Mkt Mkc - YZHIDIANF","robots":{"index":"index","follow":"follow","max-snippet":"max-snippet:-1","max-image-preview":"max-image-preview:large","max-video-preview":"max-video-preview:-1"},"canonical":"https:\/\/www.myautopartsfactory.com\/tr\/product\/wholesale-transmission-speed-sensor-sc634-dl8z7m101a-9l8z7m101a-auto-sensor-for-ford-fusion-explorer-edge-lincoln-mkz-mkt-mkc\/","og_locale":"tr_TR","og_type":"article","og_title":"Wholesale Transmission Speed Sensor SC634 DL8Z7M101A 9L8Z7M101A Auto Sensor For Ford Fusion Explorer Edge Lincoln Mkz Mkt Mkc - YZHIDIANF","og_description":"Features &amp; Benefits: \u25cfPerfect Fit, Easy Installation \u25cfMade to factory specifications for a hassle-free installation. \u25cfDesigned as a direct replacement for your original Transmission Speed Sensor, ensuring excellent fitment and performance. Product Features\uff1a \u25cfHigh accuracy:\u00a0High accuracy, very small speed changes can be measured. \u25cfDiversity:\u00a0Suitable for different types of object motion, including linear motion and rotational [&hellip;]","og_url":"https:\/\/www.myautopartsfactory.com\/tr\/product\/wholesale-transmission-speed-sensor-sc634-dl8z7m101a-9l8z7m101a-auto-sensor-for-ford-fusion-explorer-edge-lincoln-mkz-mkt-mkc\/","og_site_name":"YZHIDIANF","article_modified_time":"2024-06-17T01:38:46+00:00","og_image":[{"width":800,"height":800,"url":"https:\/\/www.myautopartsfactory.com\/wp-content\/uploads\/2024\/06\/9L8Z7M101A-6-1.jpg","type":"image\/jpeg"}],"twitter_card":"summary_large_image","twitter_misc":{"Tahmini okuma s\u00fcresi":"1 dakika"},"schema":{"@context":"https:\/\/schema.org","@graph":[{"@type":"WebPage","@id":"https:\/\/www.myautopartsfactory.com\/product\/wholesale-transmission-speed-sensor-sc634-dl8z7m101a-9l8z7m101a-auto-sensor-for-ford-fusion-explorer-edge-lincoln-mkz-mkt-mkc","url":"https:\/\/www.myautopartsfactory.com\/product\/wholesale-transmission-speed-sensor-sc634-dl8z7m101a-9l8z7m101a-auto-sensor-for-ford-fusion-explorer-edge-lincoln-mkz-mkt-mkc","name":"Wholesale Transmission Speed Sensor SC634 DL8Z7M101A 9L8Z7M101A Auto Sensor For Ford Fusion Explorer Edge Lincoln Mkz Mkt Mkc - YZHIDIANF","isPartOf":{"@id":"https:\/\/www.myautopartsfactory.com\/#website"},"primaryImageOfPage":{"@id":"https:\/\/www.myautopartsfactory.com\/product\/wholesale-transmission-speed-sensor-sc634-dl8z7m101a-9l8z7m101a-auto-sensor-for-ford-fusion-explorer-edge-lincoln-mkz-mkt-mkc#primaryimage"},"image":{"@id":"https:\/\/www.myautopartsfactory.com\/product\/wholesale-transmission-speed-sensor-sc634-dl8z7m101a-9l8z7m101a-auto-sensor-for-ford-fusion-explorer-edge-lincoln-mkz-mkt-mkc#primaryimage"},"thumbnailUrl":"https:\/\/www.myautopartsfactory.com\/wp-content\/uploads\/2024\/06\/9L8Z7M101A-6-1.jpg","datePublished":"2024-06-17T01:38:44+00:00","dateModified":"2024-06-17T01:38:46+00:00","breadcrumb":{"@id":"https:\/\/www.myautopartsfactory.com\/product\/wholesale-transmission-speed-sensor-sc634-dl8z7m101a-9l8z7m101a-auto-sensor-for-ford-fusion-explorer-edge-lincoln-mkz-mkt-mkc#breadcrumb"},"inLanguage":"tr","potentialAction":[{"@type":"ReadAction","target":["https:\/\/www.myautopartsfactory.com\/product\/wholesale-transmission-speed-sensor-sc634-dl8z7m101a-9l8z7m101a-auto-sensor-for-ford-fusion-explorer-edge-lincoln-mkz-mkt-mkc"]}]},{"@type":"ImageObject","inLanguage":"tr","@id":"https:\/\/www.myautopartsfactory.com\/product\/wholesale-transmission-speed-sensor-sc634-dl8z7m101a-9l8z7m101a-auto-sensor-for-ford-fusion-explorer-edge-lincoln-mkz-mkt-mkc#primaryimage","url":"https:\/\/www.myautopartsfactory.com\/wp-content\/uploads\/2024\/06\/9L8Z7M101A-6-1.jpg","contentUrl":"https:\/\/www.myautopartsfactory.com\/wp-content\/uploads\/2024\/06\/9L8Z7M101A-6-1.jpg","width":800,"height":800},{"@type":"BreadcrumbList","@id":"https:\/\/www.myautopartsfactory.com\/product\/wholesale-transmission-speed-sensor-sc634-dl8z7m101a-9l8z7m101a-auto-sensor-for-ford-fusion-explorer-edge-lincoln-mkz-mkt-mkc#breadcrumb","itemListElement":[{"@type":"ListItem","position":1,"name":"\u9996\u9875","item":"https:\/\/www.myautopartsfactory.com\/"},{"@type":"ListItem","position":2,"name":"Wholesale Transmission Speed Sensor SC634 DL8Z7M101A 9L8Z7M101A Auto Sensor For Ford Fusion Explorer Edge Lincoln Mkz Mkt Mkc"}]},{"@type":"WebSite","@id":"https:\/\/www.myautopartsfactory.com\/#website","url":"https:\/\/www.myautopartsfactory.com\/","name":"YZHIDIANF","description":"Tek Noktadan Otomobil Par\u00e7alar\u0131 Tedarik\u00e7isi","publisher":{"@id":"https:\/\/www.myautopartsfactory.com\/#organization"},"potentialAction":[{"@type":"SearchAction","target":{"@type":"EntryPoint","urlTemplate":"https:\/\/www.myautopartsfactory.com\/?s={search_term_string}"},"query-input":{"@type":"PropertyValueSpecification","valueRequired":true,"valueName":"search_term_string"}}],"inLanguage":"tr"},{"@type":"Organization","@id":"https:\/\/www.myautopartsfactory.com\/#organization","name":"YZHIDIANF","url":"https:\/\/www.myautopartsfactory.com\/","logo":{"@type":"ImageObject","inLanguage":"tr","@id":"https:\/\/www.myautopartsfactory.com\/#\/schema\/logo\/image\/","url":"https:\/\/www.myautopartsfactory.com\/wp-content\/uploads\/2024\/05\/fav.jpg","contentUrl":"https:\/\/www.myautopartsfactory.com\/wp-content\/uploads\/2024\/05\/fav.jpg","width":80,"height":80,"caption":"YZHIDIANF"},"image":{"@id":"https:\/\/www.myautopartsfactory.com\/#\/schema\/logo\/image\/"}}]}},"acf":[],"_links":{"self":[{"href":"https:\/\/www.myautopartsfactory.com\/tr\/wp-json\/wp\/v2\/product\/1884","targetHints":{"allow":["GET"]}}],"collection":[{"href":"https:\/\/www.myautopartsfactory.com\/tr\/wp-json\/wp\/v2\/product"}],"about":[{"href":"https:\/\/www.myautopartsfactory.com\/tr\/wp-json\/wp\/v2\/types\/product"}],"version-history":[{"count":0,"href":"https:\/\/www.myautopartsfactory.com\/tr\/wp-json\/wp\/v2\/product\/1884\/revisions"}],"wp:featuredmedia":[{"embeddable":true,"href":"https:\/\/www.myautopartsfactory.com\/tr\/wp-json\/wp\/v2\/media\/1894"}],"wp:attachment":[{"href":"https:\/\/www.myautopartsfactory.com\/tr\/wp-json\/wp\/v2\/media?parent=1884"}],"wp:term":[{"taxonomy":"product-tag","embeddable":true,"href":"https:\/\/www.myautopartsfactory.com\/tr\/wp-json\/wp\/v2\/product-tag?post=1884"},{"taxonomy":"products","embeddable":true,"href":"https:\/\/www.myautopartsfactory.com\/tr\/wp-json\/wp\/v2\/products?post=1884"},{"taxonomy":"brand","embeddable":true,"href":"https:\/\/www.myautopartsfactory.com\/tr\/wp-json\/wp\/v2\/brand?post=1884"}],"curies":[{"name":"wp","href":"https:\/\/api.w.org\/{rel}","templated":true}]}}