{"id":1772,"date":"2024-06-14T16:12:42","date_gmt":"2024-06-14T08:12:42","guid":{"rendered":"https:\/\/www.myautopartsfactory.com\/?post_type=product&#038;p=1772"},"modified":"2024-06-14T16:12:43","modified_gmt":"2024-06-14T08:12:43","slug":"factory-direct-sale-car-camshaft-position-sensor-at4e6b288aa-at4e-6b288-aa-auto-camshaft-sensor-for-ford-edge-fusion-lincoln","status":"publish","type":"product","link":"https:\/\/www.myautopartsfactory.com\/tr\/product\/factory-direct-sale-car-camshaft-position-sensor-at4e6b288aa-at4e-6b288-aa-auto-camshaft-sensor-for-ford-edge-fusion-lincoln","title":{"rendered":"Factory Direct Sale Car Camshaft Position Sensor AT4E6B288AA AT4E-6B288-AA Auto Camshaft Sensor For Ford Edge Fusion Lincoln"},"content":{"rendered":"<h2 class=\"wp-block-heading\">\u00d6zellikler ve Faydalar:<\/h2>\n\n\n\n<p>M\u00fckemmel Uyum, Kolay Kurulum<\/p>\n\n\n\n<p>Sorunsuz bir kurulum i\u00e7in fabrika teknik \u00f6zelliklerine g\u00f6re \u00fcretilmi\u015ftir.<\/p>\n\n\n\n<p>Orijinal eksantrik mili konum sens\u00f6r\u00fcn\u00fcz i\u00e7in do\u011frudan yedek olarak tasarlanm\u0131\u015ft\u0131r, m\u00fckemmel uyum ve performans sa\u011flar.<\/p>\n\n\n\n<h2 class=\"wp-block-heading\">\u00dcr\u00fcn \u00d6zellikleri\uff1a<\/h2>\n\n\n\n<p>Dayan\u0131kl\u0131l\u0131k: Uzun bir hizmet \u00f6mr\u00fcne sahiptir ve zorlu \u00e7al\u0131\u015fma ortamlar\u0131nda istikrarl\u0131 ve g\u00fcvenilir performans\u0131 koruyabilir.<\/p>\n\n\n\n<p>Do\u011fruluk: Eksantrik milinin konumunu ve h\u0131z\u0131n\u0131 do\u011fru bir \u015fekilde alg\u0131lar, istikrarl\u0131 ve verimli motor performans\u0131 sa\u011flamak i\u00e7in do\u011fru veriler sa\u011flar.<\/p>\n\n\n\n<p>Motor verimlili\u011fi: Eksantrik mili konumunun ger\u00e7ek zamanl\u0131 izlenmesi, farkl\u0131 h\u0131zlara ve y\u00fck ko\u015fullar\u0131na g\u00f6re hassas ate\u015fleme ve yak\u0131t enjeksiyonu kontrol\u00fc ve iyile\u015ftirilmi\u015f yanma verimlili\u011fi.<\/p>","protected":false},"excerpt":{"rendered":"Features &amp; Benefits: Perfect Fit, Easy Installation \u25cfMade to factory specifications for a hassle-free installation. \u25cfDesigned as a direct replacement for your original camshaft position sensor, ensuring excellent fitment and performance. Product Features\uff1a \u25cfDurability: It has a long service life and can maintain stable and reliable performance in harsh working environments. \u25cfAccuracy: Accurately detects the [&hellip;]","protected":false},"featured_media":1778,"menu_order":0,"template":"","meta":[],"product-tag":[],"products":[5],"brand":[59,70],"class_list":["post-1772","product","type-product","status-publish","has-post-thumbnail","hentry","products-camshaft-position-sensor","brand-ford","brand-lincoln"],"yoast_head":"<!-- This site is optimized with the Yoast SEO plugin v27.3 - https:\/\/yoast.com\/product\/yoast-seo-wordpress\/ -->\n<title>Factory Direct Sale Car Camshaft Position Sensor AT4E6B288AA AT4E-6B288-AA Auto Camshaft Sensor For Ford Edge Fusion Lincoln - YZHIDIANF<\/title>\n<meta name=\"robots\" content=\"index, follow, max-snippet:-1, max-image-preview:large, max-video-preview:-1\" \/>\n<link rel=\"canonical\" href=\"https:\/\/www.myautopartsfactory.com\/tr\/product\/factory-direct-sale-car-camshaft-position-sensor-at4e6b288aa-at4e-6b288-aa-auto-camshaft-sensor-for-ford-edge-fusion-lincoln\/\" \/>\n<meta property=\"og:locale\" content=\"tr_TR\" \/>\n<meta property=\"og:type\" content=\"article\" \/>\n<meta property=\"og:title\" content=\"Factory Direct Sale Car Camshaft Position Sensor AT4E6B288AA AT4E-6B288-AA Auto Camshaft Sensor For Ford Edge Fusion Lincoln - YZHIDIANF\" \/>\n<meta property=\"og:description\" content=\"Features &amp; Benefits: Perfect Fit, Easy Installation \u25cfMade to factory specifications for a hassle-free installation. \u25cfDesigned as a direct replacement for your original camshaft position sensor, ensuring excellent fitment and performance. Product Features\uff1a \u25cfDurability: It has a long service life and can maintain stable and reliable performance in harsh working environments. \u25cfAccuracy: Accurately detects the [&hellip;]\" \/>\n<meta property=\"og:url\" content=\"https:\/\/www.myautopartsfactory.com\/tr\/product\/factory-direct-sale-car-camshaft-position-sensor-at4e6b288aa-at4e-6b288-aa-auto-camshaft-sensor-for-ford-edge-fusion-lincoln\/\" \/>\n<meta property=\"og:site_name\" content=\"YZHIDIANF\" \/>\n<meta property=\"article:modified_time\" content=\"2024-06-14T08:12:43+00:00\" \/>\n<meta property=\"og:image\" content=\"https:\/\/www.myautopartsfactory.com\/wp-content\/uploads\/2024\/06\/AT4E-6B288-AA-6.jpg\" \/>\n\t<meta property=\"og:image:width\" content=\"800\" \/>\n\t<meta property=\"og:image:height\" content=\"800\" \/>\n\t<meta property=\"og:image:type\" content=\"image\/jpeg\" \/>\n<meta name=\"twitter:card\" content=\"summary_large_image\" \/>\n<meta name=\"twitter:label1\" content=\"Tahmini okuma s\u00fcresi\" \/>\n\t<meta name=\"twitter:data1\" content=\"1 dakika\" \/>\n<script type=\"application\/ld+json\" class=\"yoast-schema-graph\">{\"@context\":\"https:\\\/\\\/schema.org\",\"@graph\":[{\"@type\":\"WebPage\",\"@id\":\"https:\\\/\\\/www.myautopartsfactory.com\\\/product\\\/factory-direct-sale-car-camshaft-position-sensor-at4e6b288aa-at4e-6b288-aa-auto-camshaft-sensor-for-ford-edge-fusion-lincoln\",\"url\":\"https:\\\/\\\/www.myautopartsfactory.com\\\/product\\\/factory-direct-sale-car-camshaft-position-sensor-at4e6b288aa-at4e-6b288-aa-auto-camshaft-sensor-for-ford-edge-fusion-lincoln\",\"name\":\"Factory Direct Sale Car Camshaft Position Sensor AT4E6B288AA AT4E-6B288-AA Auto Camshaft Sensor For Ford Edge Fusion Lincoln - YZHIDIANF\",\"isPartOf\":{\"@id\":\"https:\\\/\\\/www.myautopartsfactory.com\\\/#website\"},\"primaryImageOfPage\":{\"@id\":\"https:\\\/\\\/www.myautopartsfactory.com\\\/product\\\/factory-direct-sale-car-camshaft-position-sensor-at4e6b288aa-at4e-6b288-aa-auto-camshaft-sensor-for-ford-edge-fusion-lincoln#primaryimage\"},\"image\":{\"@id\":\"https:\\\/\\\/www.myautopartsfactory.com\\\/product\\\/factory-direct-sale-car-camshaft-position-sensor-at4e6b288aa-at4e-6b288-aa-auto-camshaft-sensor-for-ford-edge-fusion-lincoln#primaryimage\"},\"thumbnailUrl\":\"https:\\\/\\\/www.myautopartsfactory.com\\\/wp-content\\\/uploads\\\/2024\\\/06\\\/AT4E-6B288-AA-6.jpg\",\"datePublished\":\"2024-06-14T08:12:42+00:00\",\"dateModified\":\"2024-06-14T08:12:43+00:00\",\"breadcrumb\":{\"@id\":\"https:\\\/\\\/www.myautopartsfactory.com\\\/product\\\/factory-direct-sale-car-camshaft-position-sensor-at4e6b288aa-at4e-6b288-aa-auto-camshaft-sensor-for-ford-edge-fusion-lincoln#breadcrumb\"},\"inLanguage\":\"tr\",\"potentialAction\":[{\"@type\":\"ReadAction\",\"target\":[\"https:\\\/\\\/www.myautopartsfactory.com\\\/product\\\/factory-direct-sale-car-camshaft-position-sensor-at4e6b288aa-at4e-6b288-aa-auto-camshaft-sensor-for-ford-edge-fusion-lincoln\"]}]},{\"@type\":\"ImageObject\",\"inLanguage\":\"tr\",\"@id\":\"https:\\\/\\\/www.myautopartsfactory.com\\\/product\\\/factory-direct-sale-car-camshaft-position-sensor-at4e6b288aa-at4e-6b288-aa-auto-camshaft-sensor-for-ford-edge-fusion-lincoln#primaryimage\",\"url\":\"https:\\\/\\\/www.myautopartsfactory.com\\\/wp-content\\\/uploads\\\/2024\\\/06\\\/AT4E-6B288-AA-6.jpg\",\"contentUrl\":\"https:\\\/\\\/www.myautopartsfactory.com\\\/wp-content\\\/uploads\\\/2024\\\/06\\\/AT4E-6B288-AA-6.jpg\",\"width\":800,\"height\":800},{\"@type\":\"BreadcrumbList\",\"@id\":\"https:\\\/\\\/www.myautopartsfactory.com\\\/product\\\/factory-direct-sale-car-camshaft-position-sensor-at4e6b288aa-at4e-6b288-aa-auto-camshaft-sensor-for-ford-edge-fusion-lincoln#breadcrumb\",\"itemListElement\":[{\"@type\":\"ListItem\",\"position\":1,\"name\":\"\u9996\u9875\",\"item\":\"https:\\\/\\\/www.myautopartsfactory.com\\\/\"},{\"@type\":\"ListItem\",\"position\":2,\"name\":\"Factory Direct Sale Car Camshaft Position Sensor AT4E6B288AA AT4E-6B288-AA Auto Camshaft Sensor For Ford Edge Fusion Lincoln\"}]},{\"@type\":\"WebSite\",\"@id\":\"https:\\\/\\\/www.myautopartsfactory.com\\\/#website\",\"url\":\"https:\\\/\\\/www.myautopartsfactory.com\\\/\",\"name\":\"YZHIDIANF\",\"description\":\"One-Stop Auto Parts Supplier\",\"publisher\":{\"@id\":\"https:\\\/\\\/www.myautopartsfactory.com\\\/#organization\"},\"potentialAction\":[{\"@type\":\"SearchAction\",\"target\":{\"@type\":\"EntryPoint\",\"urlTemplate\":\"https:\\\/\\\/www.myautopartsfactory.com\\\/?s={search_term_string}\"},\"query-input\":{\"@type\":\"PropertyValueSpecification\",\"valueRequired\":true,\"valueName\":\"search_term_string\"}}],\"inLanguage\":\"tr\"},{\"@type\":\"Organization\",\"@id\":\"https:\\\/\\\/www.myautopartsfactory.com\\\/#organization\",\"name\":\"YZHIDIANF\",\"url\":\"https:\\\/\\\/www.myautopartsfactory.com\\\/\",\"logo\":{\"@type\":\"ImageObject\",\"inLanguage\":\"tr\",\"@id\":\"https:\\\/\\\/www.myautopartsfactory.com\\\/#\\\/schema\\\/logo\\\/image\\\/\",\"url\":\"https:\\\/\\\/www.myautopartsfactory.com\\\/wp-content\\\/uploads\\\/2024\\\/05\\\/fav.jpg\",\"contentUrl\":\"https:\\\/\\\/www.myautopartsfactory.com\\\/wp-content\\\/uploads\\\/2024\\\/05\\\/fav.jpg\",\"width\":80,\"height\":80,\"caption\":\"YZHIDIANF\"},\"image\":{\"@id\":\"https:\\\/\\\/www.myautopartsfactory.com\\\/#\\\/schema\\\/logo\\\/image\\\/\"}}]}<\/script>\n<!-- \/ Yoast SEO plugin. -->","yoast_head_json":{"title":"Factory Direct Sale Car Camshaft Position Sensor AT4E6B288AA AT4E-6B288-AA Auto Camshaft Sensor For Ford Edge Fusion Lincoln - YZHIDIANF","robots":{"index":"index","follow":"follow","max-snippet":"max-snippet:-1","max-image-preview":"max-image-preview:large","max-video-preview":"max-video-preview:-1"},"canonical":"https:\/\/www.myautopartsfactory.com\/tr\/product\/factory-direct-sale-car-camshaft-position-sensor-at4e6b288aa-at4e-6b288-aa-auto-camshaft-sensor-for-ford-edge-fusion-lincoln\/","og_locale":"tr_TR","og_type":"article","og_title":"Factory Direct Sale Car Camshaft Position Sensor AT4E6B288AA AT4E-6B288-AA Auto Camshaft Sensor For Ford Edge Fusion Lincoln - YZHIDIANF","og_description":"Features &amp; Benefits: Perfect Fit, Easy Installation \u25cfMade to factory specifications for a hassle-free installation. \u25cfDesigned as a direct replacement for your original camshaft position sensor, ensuring excellent fitment and performance. Product Features\uff1a \u25cfDurability: It has a long service life and can maintain stable and reliable performance in harsh working environments. \u25cfAccuracy: Accurately detects the [&hellip;]","og_url":"https:\/\/www.myautopartsfactory.com\/tr\/product\/factory-direct-sale-car-camshaft-position-sensor-at4e6b288aa-at4e-6b288-aa-auto-camshaft-sensor-for-ford-edge-fusion-lincoln\/","og_site_name":"YZHIDIANF","article_modified_time":"2024-06-14T08:12:43+00:00","og_image":[{"width":800,"height":800,"url":"https:\/\/www.myautopartsfactory.com\/wp-content\/uploads\/2024\/06\/AT4E-6B288-AA-6.jpg","type":"image\/jpeg"}],"twitter_card":"summary_large_image","twitter_misc":{"Tahmini okuma s\u00fcresi":"1 dakika"},"schema":{"@context":"https:\/\/schema.org","@graph":[{"@type":"WebPage","@id":"https:\/\/www.myautopartsfactory.com\/product\/factory-direct-sale-car-camshaft-position-sensor-at4e6b288aa-at4e-6b288-aa-auto-camshaft-sensor-for-ford-edge-fusion-lincoln","url":"https:\/\/www.myautopartsfactory.com\/product\/factory-direct-sale-car-camshaft-position-sensor-at4e6b288aa-at4e-6b288-aa-auto-camshaft-sensor-for-ford-edge-fusion-lincoln","name":"Factory Direct Sale Car Camshaft Position Sensor AT4E6B288AA AT4E-6B288-AA Auto Camshaft Sensor For Ford Edge Fusion Lincoln - YZHIDIANF","isPartOf":{"@id":"https:\/\/www.myautopartsfactory.com\/#website"},"primaryImageOfPage":{"@id":"https:\/\/www.myautopartsfactory.com\/product\/factory-direct-sale-car-camshaft-position-sensor-at4e6b288aa-at4e-6b288-aa-auto-camshaft-sensor-for-ford-edge-fusion-lincoln#primaryimage"},"image":{"@id":"https:\/\/www.myautopartsfactory.com\/product\/factory-direct-sale-car-camshaft-position-sensor-at4e6b288aa-at4e-6b288-aa-auto-camshaft-sensor-for-ford-edge-fusion-lincoln#primaryimage"},"thumbnailUrl":"https:\/\/www.myautopartsfactory.com\/wp-content\/uploads\/2024\/06\/AT4E-6B288-AA-6.jpg","datePublished":"2024-06-14T08:12:42+00:00","dateModified":"2024-06-14T08:12:43+00:00","breadcrumb":{"@id":"https:\/\/www.myautopartsfactory.com\/product\/factory-direct-sale-car-camshaft-position-sensor-at4e6b288aa-at4e-6b288-aa-auto-camshaft-sensor-for-ford-edge-fusion-lincoln#breadcrumb"},"inLanguage":"tr","potentialAction":[{"@type":"ReadAction","target":["https:\/\/www.myautopartsfactory.com\/product\/factory-direct-sale-car-camshaft-position-sensor-at4e6b288aa-at4e-6b288-aa-auto-camshaft-sensor-for-ford-edge-fusion-lincoln"]}]},{"@type":"ImageObject","inLanguage":"tr","@id":"https:\/\/www.myautopartsfactory.com\/product\/factory-direct-sale-car-camshaft-position-sensor-at4e6b288aa-at4e-6b288-aa-auto-camshaft-sensor-for-ford-edge-fusion-lincoln#primaryimage","url":"https:\/\/www.myautopartsfactory.com\/wp-content\/uploads\/2024\/06\/AT4E-6B288-AA-6.jpg","contentUrl":"https:\/\/www.myautopartsfactory.com\/wp-content\/uploads\/2024\/06\/AT4E-6B288-AA-6.jpg","width":800,"height":800},{"@type":"BreadcrumbList","@id":"https:\/\/www.myautopartsfactory.com\/product\/factory-direct-sale-car-camshaft-position-sensor-at4e6b288aa-at4e-6b288-aa-auto-camshaft-sensor-for-ford-edge-fusion-lincoln#breadcrumb","itemListElement":[{"@type":"ListItem","position":1,"name":"\u9996\u9875","item":"https:\/\/www.myautopartsfactory.com\/"},{"@type":"ListItem","position":2,"name":"Factory Direct Sale Car Camshaft Position Sensor AT4E6B288AA AT4E-6B288-AA Auto Camshaft Sensor For Ford Edge Fusion Lincoln"}]},{"@type":"WebSite","@id":"https:\/\/www.myautopartsfactory.com\/#website","url":"https:\/\/www.myautopartsfactory.com\/","name":"YZHIDIANF","description":"Tek Noktadan Otomobil Par\u00e7alar\u0131 Tedarik\u00e7isi","publisher":{"@id":"https:\/\/www.myautopartsfactory.com\/#organization"},"potentialAction":[{"@type":"SearchAction","target":{"@type":"EntryPoint","urlTemplate":"https:\/\/www.myautopartsfactory.com\/?s={search_term_string}"},"query-input":{"@type":"PropertyValueSpecification","valueRequired":true,"valueName":"search_term_string"}}],"inLanguage":"tr"},{"@type":"Organization","@id":"https:\/\/www.myautopartsfactory.com\/#organization","name":"YZHIDIANF","url":"https:\/\/www.myautopartsfactory.com\/","logo":{"@type":"ImageObject","inLanguage":"tr","@id":"https:\/\/www.myautopartsfactory.com\/#\/schema\/logo\/image\/","url":"https:\/\/www.myautopartsfactory.com\/wp-content\/uploads\/2024\/05\/fav.jpg","contentUrl":"https:\/\/www.myautopartsfactory.com\/wp-content\/uploads\/2024\/05\/fav.jpg","width":80,"height":80,"caption":"YZHIDIANF"},"image":{"@id":"https:\/\/www.myautopartsfactory.com\/#\/schema\/logo\/image\/"}}]}},"acf":[],"_links":{"self":[{"href":"https:\/\/www.myautopartsfactory.com\/tr\/wp-json\/wp\/v2\/product\/1772","targetHints":{"allow":["GET"]}}],"collection":[{"href":"https:\/\/www.myautopartsfactory.com\/tr\/wp-json\/wp\/v2\/product"}],"about":[{"href":"https:\/\/www.myautopartsfactory.com\/tr\/wp-json\/wp\/v2\/types\/product"}],"version-history":[{"count":0,"href":"https:\/\/www.myautopartsfactory.com\/tr\/wp-json\/wp\/v2\/product\/1772\/revisions"}],"wp:featuredmedia":[{"embeddable":true,"href":"https:\/\/www.myautopartsfactory.com\/tr\/wp-json\/wp\/v2\/media\/1778"}],"wp:attachment":[{"href":"https:\/\/www.myautopartsfactory.com\/tr\/wp-json\/wp\/v2\/media?parent=1772"}],"wp:term":[{"taxonomy":"product-tag","embeddable":true,"href":"https:\/\/www.myautopartsfactory.com\/tr\/wp-json\/wp\/v2\/product-tag?post=1772"},{"taxonomy":"products","embeddable":true,"href":"https:\/\/www.myautopartsfactory.com\/tr\/wp-json\/wp\/v2\/products?post=1772"},{"taxonomy":"brand","embeddable":true,"href":"https:\/\/www.myautopartsfactory.com\/tr\/wp-json\/wp\/v2\/brand?post=1772"}],"curies":[{"name":"wp","href":"https:\/\/api.w.org\/{rel}","templated":true}]}}