{"id":1140,"date":"2024-06-12T14:26:59","date_gmt":"2024-06-12T06:26:59","guid":{"rendered":"https:\/\/www.myautopartsfactory.com\/?post_type=product&#038;p=1140"},"modified":"2024-06-12T14:27:01","modified_gmt":"2024-06-12T06:27:01","slug":"wholesale-auto-parts-carburetor-throttle-solenoid-valve-2106261010-21062-61010-for-toyota-land-cruiser-coaster-lexus-gx400","status":"publish","type":"product","link":"https:\/\/www.myautopartsfactory.com\/tr\/product\/wholesale-auto-parts-carburetor-throttle-solenoid-valve-2106261010-21062-61010-for-toyota-land-cruiser-coaster-lexus-gx400","title":{"rendered":"Toptan Otomobil Par\u00e7alar\u0131 Karb\u00fcrat\u00f6r Gaz Kelebe\u011fi Solenoid Valf\u0131 2106261010 21062-61010 Toyota Land Cruiser Coaster Lexus GX400 i\u00e7in"},"content":{"rendered":"<p><strong>\u00d6zellikler ve Faydalar:<\/strong><\/p>\n\n\n\n<p>M\u00fckemmel Uyum, Kolay Kurulum<\/p>\n\n\n\n<p>Sorunsuz bir kurulum i\u00e7in fabrika teknik \u00f6zelliklerine g\u00f6re \u00fcretilmi\u015ftir.<\/p>\n\n\n\n<p>Orijinal Vakum Solenoid Valfiniz i\u00e7in do\u011frudan yedek olarak tasarlanm\u0131\u015ft\u0131r, m\u00fckemmel uyum ve performans sa\u011flar.<\/p>\n\n\n\n<p><strong>\u00dcr\u00fcn \u00d6zellikleri\uff1a<\/strong><\/p>\n\n\n\n<p>G\u00fc\u00e7l\u00fc stabilite: Motorun sorunsuz \u00e7al\u0131\u015fmas\u0131n\u0131 sa\u011flamak i\u00e7in sabit vakum bas\u0131nc\u0131 sa\u011flay\u0131n.<\/p>\n\n\n\n<p>H\u0131zl\u0131 tepki: Motor y\u00fck\u00fc de\u011fi\u015fikliklerine h\u0131zla yan\u0131t verir ve vakum bas\u0131nc\u0131n\u0131 h\u0131zla ayarlar.<\/p>\n\n\n\n<p>Y\u00fcksek s\u0131zd\u0131rmazl\u0131k performans\u0131: Vakum s\u0131z\u0131nt\u0131s\u0131n\u0131 \u00f6nlemek ve motorun normal \u00e7al\u0131\u015fmas\u0131n\u0131 sa\u011flamak i\u00e7in iyi s\u0131zd\u0131rmazl\u0131k performans\u0131na sahiptir.<\/p>\n\n\n\n<p>Y\u00fcksek s\u0131cakl\u0131k dayan\u0131m\u0131: Y\u00fcksek s\u0131cakl\u0131\u011fa dayan\u0131kl\u0131 malzemelerden \u00fcretilmi\u015ftir, y\u00fcksek s\u0131cakl\u0131ktaki ortamlarda uzun s\u00fcre istikrarl\u0131 bir \u015fekilde \u00e7al\u0131\u015fabilir.<\/p>\n\n\n\n<p>Y\u00fcksek ayar hassasiyeti: Hassas kontrol mekanizmalar\u0131 ve sens\u00f6rlerle donat\u0131lm\u0131\u015f hassas vakum bas\u0131nc\u0131 ayar\u0131, istikrarl\u0131 hava giri\u015f kontrol\u00fc sa\u011flar.<\/p>\n\n\n\n<p>G\u00fc\u00e7l\u00fc korozyon direnci: Korozyona dayan\u0131kl\u0131 malzemelerden yap\u0131lm\u0131\u015ft\u0131r, motordaki kimyasal maddelerin korozyonuna direnebilir ve hizmet \u00f6mr\u00fcn\u00fc uzatabilir.<\/p>","protected":false},"excerpt":{"rendered":"Features &amp; Benefits: \u25cfPerfect Fit, Easy Installation \u25cfMade to factory specifications for a hassle-free installation. \u25cfDesigned as a direct replacement for your original Vacuum Solenoid Valve , ensuring excellent fitment and performance. Product Features\uff1a \u25cfStrong stability: Provide stable vacuum pressure to ensure smooth engine operation. \u25cfQuick response: Quickly respond to engine load changes and quickly [&hellip;]","protected":false},"featured_media":1145,"menu_order":0,"template":"","meta":[],"product-tag":[],"products":[122],"brand":[32],"class_list":["post-1140","product","type-product","status-publish","has-post-thumbnail","hentry","products-vacuum-solenoid-valve","brand-toyota"],"yoast_head":"<!-- This site is optimized with the Yoast SEO plugin v27.3 - https:\/\/yoast.com\/product\/yoast-seo-wordpress\/ -->\n<title>Wholesale Auto Parts Carburetor Throttle Solenoid Valve 2106261010 21062-61010 For Toyota Land Cruiser Coaster Lexus GX400 - YZHIDIANF<\/title>\n<meta name=\"robots\" content=\"index, follow, max-snippet:-1, max-image-preview:large, max-video-preview:-1\" \/>\n<link rel=\"canonical\" href=\"https:\/\/www.myautopartsfactory.com\/tr\/product\/wholesale-auto-parts-carburetor-throttle-solenoid-valve-2106261010-21062-61010-for-toyota-land-cruiser-coaster-lexus-gx400\/\" \/>\n<meta property=\"og:locale\" content=\"tr_TR\" \/>\n<meta property=\"og:type\" content=\"article\" \/>\n<meta property=\"og:title\" content=\"Wholesale Auto Parts Carburetor Throttle Solenoid Valve 2106261010 21062-61010 For Toyota Land Cruiser Coaster Lexus GX400 - YZHIDIANF\" \/>\n<meta property=\"og:description\" content=\"Features &amp; Benefits: \u25cfPerfect Fit, Easy Installation \u25cfMade to factory specifications for a hassle-free installation. \u25cfDesigned as a direct replacement for your original Vacuum Solenoid Valve , ensuring excellent fitment and performance. Product Features\uff1a \u25cfStrong stability: Provide stable vacuum pressure to ensure smooth engine operation. \u25cfQuick response: Quickly respond to engine load changes and quickly [&hellip;]\" \/>\n<meta property=\"og:url\" content=\"https:\/\/www.myautopartsfactory.com\/tr\/product\/wholesale-auto-parts-carburetor-throttle-solenoid-valve-2106261010-21062-61010-for-toyota-land-cruiser-coaster-lexus-gx400\/\" \/>\n<meta property=\"og:site_name\" content=\"YZHIDIANF\" \/>\n<meta property=\"article:modified_time\" content=\"2024-06-12T06:27:01+00:00\" \/>\n<meta property=\"og:image\" content=\"https:\/\/www.myautopartsfactory.com\/wp-content\/uploads\/2024\/06\/21062-61010-5.jpg\" \/>\n\t<meta property=\"og:image:width\" content=\"800\" \/>\n\t<meta property=\"og:image:height\" content=\"800\" \/>\n\t<meta property=\"og:image:type\" content=\"image\/jpeg\" \/>\n<meta name=\"twitter:card\" content=\"summary_large_image\" \/>\n<meta name=\"twitter:label1\" content=\"Tahmini okuma s\u00fcresi\" \/>\n\t<meta name=\"twitter:data1\" content=\"1 dakika\" \/>\n<script type=\"application\/ld+json\" class=\"yoast-schema-graph\">{\"@context\":\"https:\\\/\\\/schema.org\",\"@graph\":[{\"@type\":\"WebPage\",\"@id\":\"https:\\\/\\\/www.myautopartsfactory.com\\\/product\\\/wholesale-auto-parts-carburetor-throttle-solenoid-valve-2106261010-21062-61010-for-toyota-land-cruiser-coaster-lexus-gx400\",\"url\":\"https:\\\/\\\/www.myautopartsfactory.com\\\/product\\\/wholesale-auto-parts-carburetor-throttle-solenoid-valve-2106261010-21062-61010-for-toyota-land-cruiser-coaster-lexus-gx400\",\"name\":\"Wholesale Auto Parts Carburetor Throttle Solenoid Valve 2106261010 21062-61010 For Toyota Land Cruiser Coaster Lexus GX400 - YZHIDIANF\",\"isPartOf\":{\"@id\":\"https:\\\/\\\/www.myautopartsfactory.com\\\/#website\"},\"primaryImageOfPage\":{\"@id\":\"https:\\\/\\\/www.myautopartsfactory.com\\\/product\\\/wholesale-auto-parts-carburetor-throttle-solenoid-valve-2106261010-21062-61010-for-toyota-land-cruiser-coaster-lexus-gx400#primaryimage\"},\"image\":{\"@id\":\"https:\\\/\\\/www.myautopartsfactory.com\\\/product\\\/wholesale-auto-parts-carburetor-throttle-solenoid-valve-2106261010-21062-61010-for-toyota-land-cruiser-coaster-lexus-gx400#primaryimage\"},\"thumbnailUrl\":\"https:\\\/\\\/www.myautopartsfactory.com\\\/wp-content\\\/uploads\\\/2024\\\/06\\\/21062-61010-5.jpg\",\"datePublished\":\"2024-06-12T06:26:59+00:00\",\"dateModified\":\"2024-06-12T06:27:01+00:00\",\"breadcrumb\":{\"@id\":\"https:\\\/\\\/www.myautopartsfactory.com\\\/product\\\/wholesale-auto-parts-carburetor-throttle-solenoid-valve-2106261010-21062-61010-for-toyota-land-cruiser-coaster-lexus-gx400#breadcrumb\"},\"inLanguage\":\"tr\",\"potentialAction\":[{\"@type\":\"ReadAction\",\"target\":[\"https:\\\/\\\/www.myautopartsfactory.com\\\/product\\\/wholesale-auto-parts-carburetor-throttle-solenoid-valve-2106261010-21062-61010-for-toyota-land-cruiser-coaster-lexus-gx400\"]}]},{\"@type\":\"ImageObject\",\"inLanguage\":\"tr\",\"@id\":\"https:\\\/\\\/www.myautopartsfactory.com\\\/product\\\/wholesale-auto-parts-carburetor-throttle-solenoid-valve-2106261010-21062-61010-for-toyota-land-cruiser-coaster-lexus-gx400#primaryimage\",\"url\":\"https:\\\/\\\/www.myautopartsfactory.com\\\/wp-content\\\/uploads\\\/2024\\\/06\\\/21062-61010-5.jpg\",\"contentUrl\":\"https:\\\/\\\/www.myautopartsfactory.com\\\/wp-content\\\/uploads\\\/2024\\\/06\\\/21062-61010-5.jpg\",\"width\":800,\"height\":800},{\"@type\":\"BreadcrumbList\",\"@id\":\"https:\\\/\\\/www.myautopartsfactory.com\\\/product\\\/wholesale-auto-parts-carburetor-throttle-solenoid-valve-2106261010-21062-61010-for-toyota-land-cruiser-coaster-lexus-gx400#breadcrumb\",\"itemListElement\":[{\"@type\":\"ListItem\",\"position\":1,\"name\":\"\u9996\u9875\",\"item\":\"https:\\\/\\\/www.myautopartsfactory.com\\\/\"},{\"@type\":\"ListItem\",\"position\":2,\"name\":\"Wholesale Auto Parts Carburetor Throttle Solenoid Valve 2106261010 21062-61010 For Toyota Land Cruiser Coaster Lexus GX400\"}]},{\"@type\":\"WebSite\",\"@id\":\"https:\\\/\\\/www.myautopartsfactory.com\\\/#website\",\"url\":\"https:\\\/\\\/www.myautopartsfactory.com\\\/\",\"name\":\"YZHIDIANF\",\"description\":\"One-Stop Auto Parts Supplier\",\"publisher\":{\"@id\":\"https:\\\/\\\/www.myautopartsfactory.com\\\/#organization\"},\"potentialAction\":[{\"@type\":\"SearchAction\",\"target\":{\"@type\":\"EntryPoint\",\"urlTemplate\":\"https:\\\/\\\/www.myautopartsfactory.com\\\/?s={search_term_string}\"},\"query-input\":{\"@type\":\"PropertyValueSpecification\",\"valueRequired\":true,\"valueName\":\"search_term_string\"}}],\"inLanguage\":\"tr\"},{\"@type\":\"Organization\",\"@id\":\"https:\\\/\\\/www.myautopartsfactory.com\\\/#organization\",\"name\":\"YZHIDIANF\",\"url\":\"https:\\\/\\\/www.myautopartsfactory.com\\\/\",\"logo\":{\"@type\":\"ImageObject\",\"inLanguage\":\"tr\",\"@id\":\"https:\\\/\\\/www.myautopartsfactory.com\\\/#\\\/schema\\\/logo\\\/image\\\/\",\"url\":\"https:\\\/\\\/www.myautopartsfactory.com\\\/wp-content\\\/uploads\\\/2024\\\/05\\\/fav.jpg\",\"contentUrl\":\"https:\\\/\\\/www.myautopartsfactory.com\\\/wp-content\\\/uploads\\\/2024\\\/05\\\/fav.jpg\",\"width\":80,\"height\":80,\"caption\":\"YZHIDIANF\"},\"image\":{\"@id\":\"https:\\\/\\\/www.myautopartsfactory.com\\\/#\\\/schema\\\/logo\\\/image\\\/\"}}]}<\/script>\n<!-- \/ Yoast SEO plugin. -->","yoast_head_json":{"title":"Toptan Otomobil Par\u00e7alar\u0131 Karb\u00fcrat\u00f6r Gaz Kelebe\u011fi Solenoid Valf\u0131 2106261010 21062-61010 Toyota Land Cruiser Coaster Lexus GX400 i\u00e7in - YZHIDIANF","robots":{"index":"index","follow":"follow","max-snippet":"max-snippet:-1","max-image-preview":"max-image-preview:large","max-video-preview":"max-video-preview:-1"},"canonical":"https:\/\/www.myautopartsfactory.com\/tr\/product\/wholesale-auto-parts-carburetor-throttle-solenoid-valve-2106261010-21062-61010-for-toyota-land-cruiser-coaster-lexus-gx400\/","og_locale":"tr_TR","og_type":"article","og_title":"Wholesale Auto Parts Carburetor Throttle Solenoid Valve 2106261010 21062-61010 For Toyota Land Cruiser Coaster Lexus GX400 - YZHIDIANF","og_description":"Features &amp; Benefits: \u25cfPerfect Fit, Easy Installation \u25cfMade to factory specifications for a hassle-free installation. \u25cfDesigned as a direct replacement for your original Vacuum Solenoid Valve , ensuring excellent fitment and performance. Product Features\uff1a \u25cfStrong stability: Provide stable vacuum pressure to ensure smooth engine operation. \u25cfQuick response: Quickly respond to engine load changes and quickly [&hellip;]","og_url":"https:\/\/www.myautopartsfactory.com\/tr\/product\/wholesale-auto-parts-carburetor-throttle-solenoid-valve-2106261010-21062-61010-for-toyota-land-cruiser-coaster-lexus-gx400\/","og_site_name":"YZHIDIANF","article_modified_time":"2024-06-12T06:27:01+00:00","og_image":[{"width":800,"height":800,"url":"https:\/\/www.myautopartsfactory.com\/wp-content\/uploads\/2024\/06\/21062-61010-5.jpg","type":"image\/jpeg"}],"twitter_card":"summary_large_image","twitter_misc":{"Tahmini okuma s\u00fcresi":"1 dakika"},"schema":{"@context":"https:\/\/schema.org","@graph":[{"@type":"WebPage","@id":"https:\/\/www.myautopartsfactory.com\/product\/wholesale-auto-parts-carburetor-throttle-solenoid-valve-2106261010-21062-61010-for-toyota-land-cruiser-coaster-lexus-gx400","url":"https:\/\/www.myautopartsfactory.com\/product\/wholesale-auto-parts-carburetor-throttle-solenoid-valve-2106261010-21062-61010-for-toyota-land-cruiser-coaster-lexus-gx400","name":"Toptan Otomobil Par\u00e7alar\u0131 Karb\u00fcrat\u00f6r Gaz Kelebe\u011fi Solenoid Valf\u0131 2106261010 21062-61010 Toyota Land Cruiser Coaster Lexus GX400 i\u00e7in - YZHIDIANF","isPartOf":{"@id":"https:\/\/www.myautopartsfactory.com\/#website"},"primaryImageOfPage":{"@id":"https:\/\/www.myautopartsfactory.com\/product\/wholesale-auto-parts-carburetor-throttle-solenoid-valve-2106261010-21062-61010-for-toyota-land-cruiser-coaster-lexus-gx400#primaryimage"},"image":{"@id":"https:\/\/www.myautopartsfactory.com\/product\/wholesale-auto-parts-carburetor-throttle-solenoid-valve-2106261010-21062-61010-for-toyota-land-cruiser-coaster-lexus-gx400#primaryimage"},"thumbnailUrl":"https:\/\/www.myautopartsfactory.com\/wp-content\/uploads\/2024\/06\/21062-61010-5.jpg","datePublished":"2024-06-12T06:26:59+00:00","dateModified":"2024-06-12T06:27:01+00:00","breadcrumb":{"@id":"https:\/\/www.myautopartsfactory.com\/product\/wholesale-auto-parts-carburetor-throttle-solenoid-valve-2106261010-21062-61010-for-toyota-land-cruiser-coaster-lexus-gx400#breadcrumb"},"inLanguage":"tr","potentialAction":[{"@type":"ReadAction","target":["https:\/\/www.myautopartsfactory.com\/product\/wholesale-auto-parts-carburetor-throttle-solenoid-valve-2106261010-21062-61010-for-toyota-land-cruiser-coaster-lexus-gx400"]}]},{"@type":"ImageObject","inLanguage":"tr","@id":"https:\/\/www.myautopartsfactory.com\/product\/wholesale-auto-parts-carburetor-throttle-solenoid-valve-2106261010-21062-61010-for-toyota-land-cruiser-coaster-lexus-gx400#primaryimage","url":"https:\/\/www.myautopartsfactory.com\/wp-content\/uploads\/2024\/06\/21062-61010-5.jpg","contentUrl":"https:\/\/www.myautopartsfactory.com\/wp-content\/uploads\/2024\/06\/21062-61010-5.jpg","width":800,"height":800},{"@type":"BreadcrumbList","@id":"https:\/\/www.myautopartsfactory.com\/product\/wholesale-auto-parts-carburetor-throttle-solenoid-valve-2106261010-21062-61010-for-toyota-land-cruiser-coaster-lexus-gx400#breadcrumb","itemListElement":[{"@type":"ListItem","position":1,"name":"\u9996\u9875","item":"https:\/\/www.myautopartsfactory.com\/"},{"@type":"ListItem","position":2,"name":"Wholesale Auto Parts Carburetor Throttle Solenoid Valve 2106261010 21062-61010 For Toyota Land Cruiser Coaster Lexus GX400"}]},{"@type":"WebSite","@id":"https:\/\/www.myautopartsfactory.com\/#website","url":"https:\/\/www.myautopartsfactory.com\/","name":"YZHIDIANF","description":"Tek Noktadan Otomobil Par\u00e7alar\u0131 Tedarik\u00e7isi","publisher":{"@id":"https:\/\/www.myautopartsfactory.com\/#organization"},"potentialAction":[{"@type":"SearchAction","target":{"@type":"EntryPoint","urlTemplate":"https:\/\/www.myautopartsfactory.com\/?s={search_term_string}"},"query-input":{"@type":"PropertyValueSpecification","valueRequired":true,"valueName":"search_term_string"}}],"inLanguage":"tr"},{"@type":"Organization","@id":"https:\/\/www.myautopartsfactory.com\/#organization","name":"YZHIDIANF","url":"https:\/\/www.myautopartsfactory.com\/","logo":{"@type":"ImageObject","inLanguage":"tr","@id":"https:\/\/www.myautopartsfactory.com\/#\/schema\/logo\/image\/","url":"https:\/\/www.myautopartsfactory.com\/wp-content\/uploads\/2024\/05\/fav.jpg","contentUrl":"https:\/\/www.myautopartsfactory.com\/wp-content\/uploads\/2024\/05\/fav.jpg","width":80,"height":80,"caption":"YZHIDIANF"},"image":{"@id":"https:\/\/www.myautopartsfactory.com\/#\/schema\/logo\/image\/"}}]}},"acf":[],"_links":{"self":[{"href":"https:\/\/www.myautopartsfactory.com\/tr\/wp-json\/wp\/v2\/product\/1140","targetHints":{"allow":["GET"]}}],"collection":[{"href":"https:\/\/www.myautopartsfactory.com\/tr\/wp-json\/wp\/v2\/product"}],"about":[{"href":"https:\/\/www.myautopartsfactory.com\/tr\/wp-json\/wp\/v2\/types\/product"}],"version-history":[{"count":0,"href":"https:\/\/www.myautopartsfactory.com\/tr\/wp-json\/wp\/v2\/product\/1140\/revisions"}],"wp:featuredmedia":[{"embeddable":true,"href":"https:\/\/www.myautopartsfactory.com\/tr\/wp-json\/wp\/v2\/media\/1145"}],"wp:attachment":[{"href":"https:\/\/www.myautopartsfactory.com\/tr\/wp-json\/wp\/v2\/media?parent=1140"}],"wp:term":[{"taxonomy":"product-tag","embeddable":true,"href":"https:\/\/www.myautopartsfactory.com\/tr\/wp-json\/wp\/v2\/product-tag?post=1140"},{"taxonomy":"products","embeddable":true,"href":"https:\/\/www.myautopartsfactory.com\/tr\/wp-json\/wp\/v2\/products?post=1140"},{"taxonomy":"brand","embeddable":true,"href":"https:\/\/www.myautopartsfactory.com\/tr\/wp-json\/wp\/v2\/brand?post=1140"}],"curies":[{"name":"wp","href":"https:\/\/api.w.org\/{rel}","templated":true}]}}