{"id":214,"date":"2024-04-17T14:11:26","date_gmt":"2024-04-17T06:11:26","guid":{"rendered":"https:\/\/www.myautopartsfactory.com\/?page_id=214"},"modified":"2024-04-17T14:11:41","modified_gmt":"2024-04-17T06:11:41","slug":"privacy-policy","status":"publish","type":"page","link":"https:\/\/www.myautopartsfactory.com\/tr\/privacy-policy","title":{"rendered":"Gizlilik Politikas\u0131"},"content":{"rendered":"<h3 class=\"wp-block-heading\">Hangi bilgileri topluyoruz?<\/h3>\n\n\n\n<p>Siteye kaydoldu\u011funuzda, sipari\u015f verdi\u011finizde, bir yar\u0131\u015fmaya veya \u00e7ekili\u015fe kat\u0131ld\u0131\u011f\u0131n\u0131zda, bir ankete veya e-posta gibi bir ileti\u015fime yan\u0131t verdi\u011finizde veya ba\u015fka bir site \u00f6zelli\u011fine kat\u0131ld\u0131\u011f\u0131n\u0131zda sizden bilgi toplar\u0131z. Sipari\u015f verirken veya kay\u0131t olurken sizden ad\u0131n\u0131z\u0131, e-posta adresinizi, posta adresinizi, telefon numaran\u0131z\u0131, kredi kart\u0131 bilgilerinizi veya di\u011fer bilgileri isteyebiliriz. Bununla birlikte, sitemizi anonim olarak ziyaret edebilirsiniz. Hediye sat\u0131n alma i\u015flemini ger\u00e7ekle\u015ftirebilmemiz i\u00e7in hediye al\u0131c\u0131lar\u0131 hakk\u0131nda da bilgi toplar\u0131z. Hediye al\u0131c\u0131lar\u0131 hakk\u0131nda toplad\u0131\u011f\u0131m\u0131z bilgiler pazarlama amac\u0131yla kullan\u0131lmaz. Bir\u00e7ok web sitesi gibi, deneyiminizi geli\u015ftirmek ve ziyaret\u00e7iler ve web sitelerimize yap\u0131lan ziyaretler hakk\u0131nda bilgi toplamak i\u00e7in \u201c\u00e7erezler\u201d kullan\u0131yoruz. \u00c7erezler ve bunlar\u0131 nas\u0131l kulland\u0131\u011f\u0131m\u0131z hakk\u0131nda bilgi i\u00e7in l\u00fctfen a\u015fa\u011f\u0131daki \u201c\u2018\u00c7erez\u2019 kullan\u0131yor muyuz?\u201d b\u00f6l\u00fcm\u00fcne bak\u0131n.<\/p>\n\n\n\n<h3 class=\"wp-block-heading\">Bilgilerinizi nas\u0131l kullan\u0131yoruz?<\/h3>\n\n\n\n<p>Kay\u0131t oldu\u011funuzda, \u00fcr\u00fcn sat\u0131n ald\u0131\u011f\u0131n\u0131zda, bir yar\u0131\u015fmaya veya promosyona kat\u0131ld\u0131\u011f\u0131n\u0131zda, bir ankete veya pazarlama ileti\u015fimine yan\u0131t verdi\u011finizde, web sitesinde gezindi\u011finizde veya di\u011fer baz\u0131 site \u00f6zelliklerini kulland\u0131\u011f\u0131n\u0131zda sizden toplad\u0131\u011f\u0131m\u0131z bilgileri a\u015fa\u011f\u0131daki \u015fekillerde kullanabiliriz: Site deneyiminizi ki\u015fiselle\u015ftirmek ve en \u00e7ok ilgilendi\u011finiz i\u00e7erik ve \u00fcr\u00fcn tekliflerini sunmam\u0131z\u0131 sa\u011flamak. M\u00fc\u015fteri hizmetleri taleplerinize yan\u0131t verirken size daha iyi hizmet vermemizi sa\u011flamak. \u0130\u015flemlerinizi h\u0131zl\u0131 bir \u015fekilde ger\u00e7ekle\u015ftirmek i\u00e7in. Bir yar\u0131\u015fma, promosyon, anket veya di\u011fer site \u00f6zelliklerini y\u00f6netmek i\u00e7in. E-posta b\u00fcltenimizi almay\u0131 se\u00e7tiyseniz, size periyodik e-postalar g\u00f6nderebiliriz. Bizden art\u0131k promosyon e-postalar\u0131 almak istemiyorsan\u0131z, l\u00fctfen a\u015fa\u011f\u0131daki \u201cOnay\u0131n\u0131z\u0131 geri \u00e7ekme\u201d b\u00f6l\u00fcm\u00fcne bak\u0131n. E-posta b\u00fcltenlerini almay\u0131 tercih etmediyseniz, bu e-postalar\u0131 almayacaks\u0131n\u0131z. Pazarlama programlar\u0131 ve \u2018sadece \u00fcyelere \u00f6zel\u2019 i\u00e7erik gibi di\u011fer site \u00f6zelliklerine kaydolan veya kat\u0131lan ziyaret\u00e7ilere, e-posta listemizde olmak ve bizden e-posta ileti\u015fimi almak isteyip istemedikleri konusunda bir se\u00e7enek sunulacakt\u0131r.<\/p>\n\n\n\n<h3 class=\"wp-block-heading\">Ziyaret\u00e7i bilgilerini nas\u0131l koruyoruz?<\/h3>\n\n\n\n<p>Ki\u015fisel bilgilerinizin g\u00fcvenli\u011fini sa\u011flamak i\u00e7in \u00e7e\u015fitli g\u00fcvenlik \u00f6nlemleri uygulamaktay\u0131z. Ki\u015fisel bilgileriniz g\u00fcvenli a\u011flar\u0131n arkas\u0131nda bulunur ve yaln\u0131zca bu t\u00fcr sistemlere \u00f6zel eri\u015fim haklar\u0131na sahip olan ve bilgileri gizli tutmas\u0131 gereken s\u0131n\u0131rl\u0131 say\u0131da ki\u015fi taraf\u0131ndan eri\u015filebilir. Sipari\u015f verdi\u011finizde veya ki\u015fisel bilgilerinize eri\u015fti\u011finizde, g\u00fcvenli bir sunucu kullan\u0131m\u0131 sunuyoruz. Verdi\u011finiz t\u00fcm hassas\/kredi bilgileri Secure Socket Layer (SSL) teknolojisi arac\u0131l\u0131\u011f\u0131yla iletilir ve ard\u0131ndan yaln\u0131zca yukar\u0131da belirtildi\u011fi \u015fekilde eri\u015filmek \u00fczere veri tabanlar\u0131m\u0131za \u015fifrelenir.<\/p>\n\n\n\n<h3 class=\"wp-block-heading\">\u201c\u00c7erez\u201d kullan\u0131yor muyuz?<\/h3>\n\n\n\n<p>Evet. \u00c7erezler, bir sitenin veya hizmet sa\u011flay\u0131c\u0131s\u0131n\u0131n Web taray\u0131c\u0131n\u0131z arac\u0131l\u0131\u011f\u0131yla (izin verirseniz) bilgisayar\u0131n\u0131z\u0131n sabit diskine aktard\u0131\u011f\u0131 ve sitenin veya hizmet sa\u011flay\u0131c\u0131s\u0131n\u0131n sistemlerinin taray\u0131c\u0131n\u0131z\u0131 tan\u0131mas\u0131n\u0131 ve belirli bilgileri yakalay\u0131p hat\u0131rlamas\u0131n\u0131 sa\u011flayan k\u00fc\u00e7\u00fck dosyalard\u0131r. \u00d6rne\u011fin, al\u0131\u015fveri\u015f sepetinizdeki \u00fcr\u00fcnleri hat\u0131rlamam\u0131za ve i\u015flememize yard\u0131mc\u0131 olmas\u0131 i\u00e7in \u00e7erezleri kullan\u0131r\u0131z. Ayr\u0131ca, \u00f6nceki veya mevcut site etkinli\u011fine dayal\u0131 olarak tercihlerinizi anlamam\u0131za yard\u0131mc\u0131 olmak i\u00e7in kullan\u0131l\u0131rlar, bu da size daha iyi hizmetler sunmam\u0131z\u0131 sa\u011flar. \u00c7erezleri, gelecekte daha iyi site deneyimleri ve ara\u00e7lar\u0131 sunabilmemiz i\u00e7in site trafi\u011fi ve site etkile\u015fimi hakk\u0131nda toplu verileri derlememize yard\u0131mc\u0131 olmak i\u00e7in de kullan\u0131r\u0131z. Site ziyaret\u00e7ilerimizi daha iyi anlamam\u0131za yard\u0131mc\u0131 olmalar\u0131 i\u00e7in \u00fc\u00e7\u00fcnc\u00fc taraf hizmet sa\u011flay\u0131c\u0131larla s\u00f6zle\u015fme yapabiliriz. Bu hizmet sa\u011flay\u0131c\u0131lar\u0131n bizim ad\u0131m\u0131za toplanan bilgileri, i\u015fimizi y\u00fcr\u00fctmemize ve geli\u015ftirmemize yard\u0131mc\u0131 olmak d\u0131\u015f\u0131nda kullanmalar\u0131na izin verilmez. Her \u00e7erez g\u00f6nderildi\u011finde bilgisayar\u0131n\u0131z\u0131n sizi uyarmas\u0131n\u0131 se\u00e7ebilir veya t\u00fcm \u00e7erezleri kapatmay\u0131 tercih edebilirsiniz. Bunu taray\u0131c\u0131n\u0131z\u0131n (Google Chrome, Microsoft Edge veya Safari gibi) ayarlar\u0131 arac\u0131l\u0131\u011f\u0131yla yapabilirsiniz. Her taray\u0131c\u0131 biraz farkl\u0131d\u0131r, bu nedenle \u00e7erezlerinizi de\u011fi\u015ftirmenin do\u011fru yolunu \u00f6\u011frenmek i\u00e7in taray\u0131c\u0131n\u0131z\u0131n \u2018Yard\u0131m\u2019 men\u00fcs\u00fcne bak\u0131n. \u00c7erezleri kapat\u0131rsan\u0131z, site deneyiminizi daha verimli hale getiren bir\u00e7ok \u00f6zelli\u011fe eri\u015femezsiniz ve baz\u0131 hizmetlerimiz d\u00fczg\u00fcn \u00e7al\u0131\u015fmaz. Ancak, m\u00fc\u015fteri hizmetleri ile ileti\u015fime ge\u00e7erek telefon \u00fczerinden sipari\u015f vermeye devam edebilirsiniz.<\/p>\n\n\n\n<h3 class=\"wp-block-heading\">Toplad\u0131\u011f\u0131m\u0131z bilgileri d\u0131\u015f taraflara if\u015fa ediyor muyuz?<\/h3>\n\n\n\n<p>A\u015fa\u011f\u0131da a\u00e7\u0131klanan durumlar d\u0131\u015f\u0131nda, size \u00f6nceden bildirimde bulunmad\u0131\u011f\u0131m\u0131z s\u00fcrece ki\u015fisel olarak tan\u0131mlanabilir bilgilerinizi d\u0131\u015f taraflara satmay\u0131z, takas etmeyiz veya ba\u015fka bir \u015fekilde aktarmay\u0131z. \u201cD\u0131\u015f taraflar\u201d terimi i\u015fletmemizi i\u00e7ermez. Ayr\u0131ca, bu taraflar bu bilgileri gizli tutmay\u0131 kabul ettikleri s\u00fcrece, web sitemizi i\u015fletmemize, i\u015fimizi y\u00fcr\u00fctmemize veya size hizmet etmemize yard\u0131mc\u0131 olan web sitesi bar\u0131nd\u0131rma ortaklar\u0131n\u0131 ve di\u011fer taraflar\u0131 da i\u00e7ermez. Yasalara uymak, site politikalar\u0131m\u0131z\u0131 uygulamak veya bizim ya da ba\u015fkalar\u0131n\u0131n haklar\u0131n\u0131, m\u00fclkiyetini veya g\u00fcvenli\u011fini korumak i\u00e7in yay\u0131nlaman\u0131n uygun oldu\u011funa inand\u0131\u011f\u0131m\u0131zda da bilgilerinizi yay\u0131nlayabiliriz. Ancak, ki\u015fisel olarak tan\u0131mlanamayan ziyaret\u00e7i bilgileri pazarlama, reklam veya di\u011fer kullan\u0131mlar i\u00e7in di\u011fer taraflara sa\u011flanabilir. Bize sa\u011flad\u0131\u011f\u0131n\u0131z bilgileri nas\u0131l devre d\u0131\u015f\u0131 b\u0131rakabilir, kald\u0131rabilir veya de\u011fi\u015ftirebilirsiniz? E-posta aboneliklerinizi de\u011fi\u015ftirmek i\u00e7in, l\u00fctfen \u2019Hesab\u0131m\u201c b\u00f6l\u00fcm\u00fcndeki tercihlerinizi de\u011fi\u015ftirerek bize bildirin. E-posta \u00fcretim programlar\u0131 nedeniyle halihaz\u0131rda \u00fcretimde olan e-postalar\u0131 alabilece\u011finizi l\u00fctfen unutmay\u0131n. T\u00fcm \u00e7evrimi\u00e7i hesap bilgilerinizi veritaban\u0131m\u0131zdan silmek i\u00e7in, sitemizin \u201dHesab\u0131m\u201c b\u00f6l\u00fcm\u00fcnde oturum a\u00e7\u0131n ve g\u00f6nderim adreslerinizi, fatura adreslerinizi ve \u00f6deme bilgilerinizi kald\u0131r\u0131n. Bireysel bir sat\u0131\u015f i\u015flemi hakk\u0131ndaki bilgileri, bu i\u015fleme hizmet vermek ve kay\u0131t tutmak amac\u0131yla saklayabilece\u011fimizi l\u00fctfen unutmay\u0131n. \u00dc\u00e7\u00fcnc\u00fc taraf ba\u011flant\u0131lar\u0131 Size daha fazla de\u011fer sa\u011flamak amac\u0131yla, sitemize \u00fc\u00e7\u00fcnc\u00fc taraf ba\u011flant\u0131lar\u0131 ekleyebiliriz. Bu ba\u011flant\u0131l\u0131 sitelerin ayr\u0131 ve ba\u011f\u0131ms\u0131z gizlilik politikalar\u0131 vard\u0131r. Bu nedenle, bu ba\u011flant\u0131l\u0131 sitelerin i\u00e7eri\u011fi ve faaliyetleri i\u00e7in hi\u00e7bir sorumlulu\u011fumuz veya y\u00fck\u00fcml\u00fcl\u00fc\u011f\u00fcm\u00fcz yoktur. Bununla birlikte, sitemizin b\u00fct\u00fcnl\u00fc\u011f\u00fcn\u00fc korumaya \u00e7al\u0131\u015f\u0131yoruz ve bu ba\u011flant\u0131l\u0131 sitelerle ilgili her t\u00fcrl\u00fc geri bildirimi memnuniyetle kar\u015f\u0131l\u0131yoruz (belirli bir ba\u011flant\u0131n\u0131n \u00e7al\u0131\u015fmamas\u0131 dahil). Gizlilik politikam\u0131z\u0131 de\u011fi\u015ftirmeye karar verirsek, politikam\u0131zdaki de\u011fi\u015fiklikler bu sayfada yay\u0131nlanacakt\u0131r. Politika de\u011fi\u015fiklikleri yaln\u0131zca de\u011fi\u015fiklik tarihinden sonra toplanan bilgiler i\u00e7in ge\u00e7erli olacakt\u0131r. Bu politika en son 25 May\u0131s 2018 tarihinde de\u011fi\u015ftirilmi\u015ftir.<\/p>\n\n\n\n<h3 class=\"wp-block-heading\">Sorular ve geri bildirim<\/h3>\n\n\n\n<p>Gizlilikle ilgili sorular\u0131n\u0131z\u0131, yorumlar\u0131n\u0131z\u0131 ve endi\u015felerinizi memnuniyetle kar\u015f\u0131l\u0131yoruz. L\u00fctfen gizlilik veya ba\u015fka herhangi bir konu hakk\u0131nda bize geri bildirim g\u00f6nderin. Yaln\u0131zca \u00c7evrimi\u00e7i Politika. Bu \u00e7evrimi\u00e7i gizlilik politikas\u0131 yaln\u0131zca web sitemiz arac\u0131l\u0131\u011f\u0131yla toplanan bilgiler i\u00e7in ge\u00e7erlidir ve \u00e7evrimd\u0131\u015f\u0131 toplanan bilgiler i\u00e7in ge\u00e7erli de\u011fildir.<\/p>\n\n\n\n<h3 class=\"wp-block-heading\">Sizin onay\u0131n\u0131z<\/h3>\n\n\n\n<p>Web sitemiz \u00fczerinden bir sat\u0131n alma i\u015flemi yaparak veya bir teklif almak veya bir sipari\u015f i\u00e7in herhangi bir yolla \u00f6deme yapmak veya bir teslimat d\u00fczenlemek i\u00e7in ki\u015fisel veya ticari bilgilerle bir soru\u015fturma g\u00f6ndererek, bu bilgileri sizin yarar\u0131n\u0131za ve\/veya hizmetlerimizi ve tekliflerimizi geli\u015ftirmek i\u00e7in toplamam\u0131za, saklamam\u0131za ve kullanmam\u0131za izin vermi\u015f olursunuz. Bunu yaparak, bir MugFactory m\u00fc\u015fterisi oldu\u011funuzu a\u00e7\u0131klamam\u0131za ve ayr\u0131ca aksi belirtilmedik\u00e7e, \u00fcr\u00fcnlerimizi ve hizmetlerimizi sergilemek amac\u0131yla i\u015fletmenizin ad\u0131n\u0131, logosunu ve ambalaj\u0131n\u0131 kullanmam\u0131za da izin vermi\u015f olursunuz.<\/p>\n\n\n\n<h3 class=\"wp-block-heading\">Onay\u0131n\u0131z\u0131 geri \u00e7ekme<\/h3>\n\n\n\n<p>Herhangi bir zamanda, MugFactory'nin bilgilerinizi toplamas\u0131, kullanmas\u0131 veya if\u015fa etmesi i\u00e7in verdi\u011finiz izni istedi\u011finiz zaman bizimle ileti\u015fime ge\u00e7erek geri \u00e7ekmeyi se\u00e7ebilirsiniz. MugFactory, herhangi bir sipari\u015fi yerine getirmek veya herhangi bir anla\u015fmazl\u0131\u011f\u0131 veya soru\u015fturmay\u0131 \u00e7\u00f6zmek i\u00e7in daha \u00f6nce toplanan bilgileri saklama hakk\u0131n\u0131 sakl\u0131 tutar. Web sitemizi ziyaret ederken, m\u00fc\u015fterilerimize daha iyi yard\u0131mc\u0131 olmak ve daha iyi, daha \u00f6zelle\u015ftirilmi\u015f bir deneyim sunmak i\u00e7in cihaz\u0131n\u0131z\u0131n internet protokol\u00fc (IP) adresini, kaba co\u011frafi b\u00f6lgeyi ve taray\u0131c\u0131n\u0131z ve i\u015fletim sisteminiz hakk\u0131ndaki di\u011fer temel bilgileri otomatik olarak al\u0131r\u0131z.<\/p>","protected":false},"excerpt":{"rendered":"What information do we collect? We collect information from you when you register on the site, place an order, enter a contest or sweepstakes, respond to a survey or communication such as e-mail, or participate in another site feature. When ordering or registering, we may ask you for your name, e-mail address, mailing address, phone [&hellip;]","protected":false},"author":4,"featured_media":0,"parent":0,"menu_order":0,"comment_status":"closed","ping_status":"closed","template":"","meta":{"footnotes":""},"class_list":["post-214","page","type-page","status-publish","hentry"],"yoast_head":"<!-- This site is optimized with the Yoast SEO plugin v27.3 - https:\/\/yoast.com\/product\/yoast-seo-wordpress\/ -->\n<title>Privacy Policy - YZHIDIANF<\/title>\n<meta name=\"robots\" content=\"index, follow, max-snippet:-1, max-image-preview:large, max-video-preview:-1\" \/>\n<link rel=\"canonical\" href=\"https:\/\/www.myautopartsfactory.com\/tr\/privacy-policy\/\" \/>\n<meta property=\"og:locale\" content=\"tr_TR\" \/>\n<meta property=\"og:type\" content=\"article\" \/>\n<meta property=\"og:title\" content=\"Privacy Policy - YZHIDIANF\" \/>\n<meta property=\"og:description\" content=\"What information do we collect? We collect information from you when you register on the site, place an order, enter a contest or sweepstakes, respond to a survey or communication such as e-mail, or participate in another site feature. When ordering or registering, we may ask you for your name, e-mail address, mailing address, phone [&hellip;]\" \/>\n<meta property=\"og:url\" content=\"https:\/\/www.myautopartsfactory.com\/tr\/privacy-policy\/\" \/>\n<meta property=\"og:site_name\" content=\"YZHIDIANF\" \/>\n<meta property=\"article:modified_time\" content=\"2024-04-17T06:11:41+00:00\" \/>\n<meta name=\"twitter:card\" content=\"summary_large_image\" \/>\n<script type=\"application\/ld+json\" class=\"yoast-schema-graph\">{\"@context\":\"https:\\\/\\\/schema.org\",\"@graph\":[{\"@type\":\"WebPage\",\"@id\":\"https:\\\/\\\/www.myautopartsfactory.com\\\/privacy-policy\",\"url\":\"https:\\\/\\\/www.myautopartsfactory.com\\\/privacy-policy\",\"name\":\"Privacy Policy - YZHIDIANF\",\"isPartOf\":{\"@id\":\"https:\\\/\\\/www.myautopartsfactory.com\\\/#website\"},\"datePublished\":\"2024-04-17T06:11:26+00:00\",\"dateModified\":\"2024-04-17T06:11:41+00:00\",\"breadcrumb\":{\"@id\":\"https:\\\/\\\/www.myautopartsfactory.com\\\/privacy-policy#breadcrumb\"},\"inLanguage\":\"tr\",\"potentialAction\":[{\"@type\":\"ReadAction\",\"target\":[\"https:\\\/\\\/www.myautopartsfactory.com\\\/privacy-policy\"]}]},{\"@type\":\"BreadcrumbList\",\"@id\":\"https:\\\/\\\/www.myautopartsfactory.com\\\/privacy-policy#breadcrumb\",\"itemListElement\":[{\"@type\":\"ListItem\",\"position\":1,\"name\":\"\u9996\u9875\",\"item\":\"https:\\\/\\\/www.myautopartsfactory.com\\\/\"},{\"@type\":\"ListItem\",\"position\":2,\"name\":\"Privacy Policy\"}]},{\"@type\":\"WebSite\",\"@id\":\"https:\\\/\\\/www.myautopartsfactory.com\\\/#website\",\"url\":\"https:\\\/\\\/www.myautopartsfactory.com\\\/\",\"name\":\"YZHIDIANF\",\"description\":\"One-Stop Auto Parts Supplier\",\"publisher\":{\"@id\":\"https:\\\/\\\/www.myautopartsfactory.com\\\/#organization\"},\"potentialAction\":[{\"@type\":\"SearchAction\",\"target\":{\"@type\":\"EntryPoint\",\"urlTemplate\":\"https:\\\/\\\/www.myautopartsfactory.com\\\/?s={search_term_string}\"},\"query-input\":{\"@type\":\"PropertyValueSpecification\",\"valueRequired\":true,\"valueName\":\"search_term_string\"}}],\"inLanguage\":\"tr\"},{\"@type\":\"Organization\",\"@id\":\"https:\\\/\\\/www.myautopartsfactory.com\\\/#organization\",\"name\":\"YZHIDIANF\",\"url\":\"https:\\\/\\\/www.myautopartsfactory.com\\\/\",\"logo\":{\"@type\":\"ImageObject\",\"inLanguage\":\"tr\",\"@id\":\"https:\\\/\\\/www.myautopartsfactory.com\\\/#\\\/schema\\\/logo\\\/image\\\/\",\"url\":\"https:\\\/\\\/www.myautopartsfactory.com\\\/wp-content\\\/uploads\\\/2024\\\/05\\\/fav.jpg\",\"contentUrl\":\"https:\\\/\\\/www.myautopartsfactory.com\\\/wp-content\\\/uploads\\\/2024\\\/05\\\/fav.jpg\",\"width\":80,\"height\":80,\"caption\":\"YZHIDIANF\"},\"image\":{\"@id\":\"https:\\\/\\\/www.myautopartsfactory.com\\\/#\\\/schema\\\/logo\\\/image\\\/\"}}]}<\/script>\n<!-- \/ Yoast SEO plugin. -->","yoast_head_json":{"title":"Gizlilik Politikas\u0131 - YZHIDIANF","robots":{"index":"index","follow":"follow","max-snippet":"max-snippet:-1","max-image-preview":"max-image-preview:large","max-video-preview":"max-video-preview:-1"},"canonical":"https:\/\/www.myautopartsfactory.com\/tr\/privacy-policy\/","og_locale":"tr_TR","og_type":"article","og_title":"Privacy Policy - YZHIDIANF","og_description":"What information do we collect? We collect information from you when you register on the site, place an order, enter a contest or sweepstakes, respond to a survey or communication such as e-mail, or participate in another site feature. When ordering or registering, we may ask you for your name, e-mail address, mailing address, phone [&hellip;]","og_url":"https:\/\/www.myautopartsfactory.com\/tr\/privacy-policy\/","og_site_name":"YZHIDIANF","article_modified_time":"2024-04-17T06:11:41+00:00","twitter_card":"summary_large_image","schema":{"@context":"https:\/\/schema.org","@graph":[{"@type":"WebPage","@id":"https:\/\/www.myautopartsfactory.com\/privacy-policy","url":"https:\/\/www.myautopartsfactory.com\/privacy-policy","name":"Gizlilik Politikas\u0131 - YZHIDIANF","isPartOf":{"@id":"https:\/\/www.myautopartsfactory.com\/#website"},"datePublished":"2024-04-17T06:11:26+00:00","dateModified":"2024-04-17T06:11:41+00:00","breadcrumb":{"@id":"https:\/\/www.myautopartsfactory.com\/privacy-policy#breadcrumb"},"inLanguage":"tr","potentialAction":[{"@type":"ReadAction","target":["https:\/\/www.myautopartsfactory.com\/privacy-policy"]}]},{"@type":"BreadcrumbList","@id":"https:\/\/www.myautopartsfactory.com\/privacy-policy#breadcrumb","itemListElement":[{"@type":"ListItem","position":1,"name":"\u9996\u9875","item":"https:\/\/www.myautopartsfactory.com\/"},{"@type":"ListItem","position":2,"name":"Privacy Policy"}]},{"@type":"WebSite","@id":"https:\/\/www.myautopartsfactory.com\/#website","url":"https:\/\/www.myautopartsfactory.com\/","name":"YZHIDIANF","description":"Tek Noktadan Otomobil Par\u00e7alar\u0131 Tedarik\u00e7isi","publisher":{"@id":"https:\/\/www.myautopartsfactory.com\/#organization"},"potentialAction":[{"@type":"SearchAction","target":{"@type":"EntryPoint","urlTemplate":"https:\/\/www.myautopartsfactory.com\/?s={search_term_string}"},"query-input":{"@type":"PropertyValueSpecification","valueRequired":true,"valueName":"search_term_string"}}],"inLanguage":"tr"},{"@type":"Organization","@id":"https:\/\/www.myautopartsfactory.com\/#organization","name":"YZHIDIANF","url":"https:\/\/www.myautopartsfactory.com\/","logo":{"@type":"ImageObject","inLanguage":"tr","@id":"https:\/\/www.myautopartsfactory.com\/#\/schema\/logo\/image\/","url":"https:\/\/www.myautopartsfactory.com\/wp-content\/uploads\/2024\/05\/fav.jpg","contentUrl":"https:\/\/www.myautopartsfactory.com\/wp-content\/uploads\/2024\/05\/fav.jpg","width":80,"height":80,"caption":"YZHIDIANF"},"image":{"@id":"https:\/\/www.myautopartsfactory.com\/#\/schema\/logo\/image\/"}}]}},"acf":[],"_links":{"self":[{"href":"https:\/\/www.myautopartsfactory.com\/tr\/wp-json\/wp\/v2\/pages\/214","targetHints":{"allow":["GET"]}}],"collection":[{"href":"https:\/\/www.myautopartsfactory.com\/tr\/wp-json\/wp\/v2\/pages"}],"about":[{"href":"https:\/\/www.myautopartsfactory.com\/tr\/wp-json\/wp\/v2\/types\/page"}],"author":[{"embeddable":true,"href":"https:\/\/www.myautopartsfactory.com\/tr\/wp-json\/wp\/v2\/users\/4"}],"replies":[{"embeddable":true,"href":"https:\/\/www.myautopartsfactory.com\/tr\/wp-json\/wp\/v2\/comments?post=214"}],"version-history":[{"count":0,"href":"https:\/\/www.myautopartsfactory.com\/tr\/wp-json\/wp\/v2\/pages\/214\/revisions"}],"wp:attachment":[{"href":"https:\/\/www.myautopartsfactory.com\/tr\/wp-json\/wp\/v2\/media?parent=214"}],"curies":[{"name":"wp","href":"https:\/\/api.w.org\/{rel}","templated":true}]}}