{"id":111,"date":"2024-04-14T22:16:33","date_gmt":"2024-04-14T14:16:33","guid":{"rendered":"https:\/\/www.myautopartsfactory.com\/?page_id=111"},"modified":"2025-10-20T16:54:11","modified_gmt":"2025-10-20T08:54:11","slug":"help-faq","status":"publish","type":"page","link":"https:\/\/www.myautopartsfactory.com\/tr\/help-faq","title":{"rendered":"Yard\u0131m &amp; SSS"},"content":{"rendered":"<h2 class=\"wp-block-heading\">Where is your company located?<\/h2>\n\n\n\n<p>Guangzhou, \u00c7in'de bulunuyoruz ve m\u00fc\u015fterilerimiz d\u00fcnyan\u0131n her yerinde bulunuyor. Hi\u00e7 \u00c7in'den ithalat yapt\u0131n\u0131z m\u0131?<\/p>\n\n\n\n<h2 class=\"wp-block-heading\">What do you mainly sell?<\/h2>\n\n\n\n<p>A\u011f\u0131rl\u0131kl\u0131 olarak sat\u0131\u015f yap\u0131yoruz <a href=\"https:\/\/www.myautopartsfactory.com\/tr\/products\/engine-system-parts\/\">motor si\u0307stemi\u0307 par\u00e7alari<\/a> ve <a href=\"https:\/\/www.myautopartsfactory.com\/tr\/products\/fuel-system-parts\/\">yak\u0131t sistemi par\u00e7alar\u0131<\/a>, including sensors, fuel injectors, ignition coils, window switches, SCVs, and other engine accessories. We have 17 years of experience in Auto parts, and we have many customers in your local area.<\/p>\n\n\n\n<h2 class=\"wp-block-heading\">Can you send the products catalog?<\/h2>\n\n\n\n<p>Can you tell me the products you mainly sell? In this way I can send you the corresponding product catalog.<\/p>\n\n\n\n<h2 class=\"wp-block-heading\">Are you a factory?<\/h2>\n\n\n\n<p>Yes, we have our own factory, we are a company integrating industry and trade, so our price and quality are very advantageous. You can send me the products you need and I will send you the best price<\/p>\n\n\n\n<h2 class=\"wp-block-heading\">What is your payment method? How do I purchase?<\/h2>\n\n\n\n<p>TT, Western Union, Alibaba, Visa, paypal ve benzerlerini destekliyoruz. Hangi \u00f6deme y\u00f6ntemi sizin i\u00e7in daha uygun?<\/p>\n\n\n\n<p>You can&nbsp;also&nbsp;contact our colleagues and place orders through our official website, Alibaba, AliExpress, and 1688.<\/p>\n\n\n\n<h2 class=\"wp-block-heading\">What is your MOQ? How is your packaging?<\/h2>\n\n\n\n<p>Our MOQ&nbsp;is 10 pieces, and we can provide neutral or our brand packaging boxes.<\/p>\n\n\n<div class=\"wp-block-image\">\n<figure class=\"aligncenter size-full\"><img fetchpriority=\"high\" decoding=\"async\" width=\"832\" height=\"440\" src=\"https:\/\/www.myautopartsfactory.com\/wp-content\/uploads\/2024\/05\/we-can-provide-neutral-or-our-brand-packaging-boxes.jpg\" alt=\"packaging method\" class=\"wp-image-336\" srcset=\"https:\/\/www.myautopartsfactory.com\/wp-content\/uploads\/2024\/05\/we-can-provide-neutral-or-our-brand-packaging-boxes.jpg 832w, https:\/\/www.myautopartsfactory.com\/wp-content\/uploads\/2024\/05\/we-can-provide-neutral-or-our-brand-packaging-boxes-768x406.jpg 768w\" sizes=\"(max-width: 832px) 100vw, 832px\" \/><\/figure>\n<\/div>\n\n\n<h2 class=\"wp-block-heading\">What is your shipping method?<\/h2>\n\n\n\n<p>Genellikle hava ta\u015f\u0131mac\u0131l\u0131\u011f\u0131 ile g\u00f6nderiyoruz. UPS, DHL ve FedEx gibi. Kendi acenteniz varsa, acentenize de g\u00f6nderebiliriz.<\/p>\n\n\n\n<h2 class=\"wp-block-heading\">Do you have a store in our local area?<\/h2>\n\n\n\n<p>Bulundu\u011funuz b\u00f6lgede bir ma\u011fazam\u0131z yok. Firmam\u0131z Guangzhou, \u00c7in'de bulunmaktad\u0131r, ancak \u00fcr\u00fcnlerimizi internet \u00fczerinden t\u00fcm d\u00fcnyaya sat\u0131yoruz.<\/p>\n\n\n\n<h2 class=\"wp-block-heading\">Do you support customization?<\/h2>\n\n\n\n<p>Evet, <a href=\"https:\/\/www.myautopartsfactory.com\/tr\/about-us\/\">customized services<\/a> are one of our distinctive services, we can help you laser print your logo for free, you just need to send me your logo picture\u00a0or words.<\/p>\n\n\n\n<h2 class=\"wp-block-heading\">How do you ensure quality and what is your after-sales service?<\/h2>\n\n\n\n<p>As a professional auto parts manufacturer, our products will be tested before shipment. If there are no problems in the test, we will arrange shipment. Our warranty is one year. If there are quality problems with the product ,We can provide you with returns and exchanges.<\/p>","protected":false},"excerpt":{"rendered":"Where is your company located? We are located in Guangzhou, China, and our customers are located all over the world. Have you ever imported from China? What do you mainly sell? We mainly sell engine system parts and fuel system parts, including sensors, fuel injectors, ignition coils, window switches, SCVs, and other engine accessories. We [&hellip;]","protected":false},"author":4,"featured_media":0,"parent":0,"menu_order":0,"comment_status":"closed","ping_status":"closed","template":"","meta":{"footnotes":""},"class_list":["post-111","page","type-page","status-publish","hentry"],"yoast_head":"<!-- This site is optimized with the Yoast SEO plugin v27.3 - https:\/\/yoast.com\/product\/yoast-seo-wordpress\/ -->\n<title>Help &amp; FAQ | Auto parts supplier - YZHIDIANF<\/title>\n<meta name=\"description\" content=\"Guangzhou-based factory Auto parts supplier of engine &amp; fuel auto parts\u201417 yrs expertise, global shipping, OEM custom, low MOQ, 1-yr warranty.\" \/>\n<meta name=\"robots\" content=\"index, follow, max-snippet:-1, max-image-preview:large, max-video-preview:-1\" \/>\n<link rel=\"canonical\" href=\"https:\/\/www.myautopartsfactory.com\/tr\/help-faq\/\" \/>\n<meta property=\"og:locale\" content=\"tr_TR\" \/>\n<meta property=\"og:type\" content=\"article\" \/>\n<meta property=\"og:title\" content=\"Help &amp; FAQ | Auto parts supplier - YZHIDIANF\" \/>\n<meta property=\"og:description\" content=\"Guangzhou-based factory Auto parts supplier of engine &amp; fuel auto parts\u201417 yrs expertise, global shipping, OEM custom, low MOQ, 1-yr warranty.\" \/>\n<meta property=\"og:url\" content=\"https:\/\/www.myautopartsfactory.com\/tr\/help-faq\/\" \/>\n<meta property=\"og:site_name\" content=\"YZHIDIANF\" \/>\n<meta property=\"article:modified_time\" content=\"2025-10-20T08:54:11+00:00\" \/>\n<meta property=\"og:image\" content=\"https:\/\/www.myautopartsfactory.com\/wp-content\/uploads\/2024\/05\/we-can-provide-neutral-or-our-brand-packaging-boxes.jpg\" \/>\n\t<meta property=\"og:image:width\" content=\"832\" \/>\n\t<meta property=\"og:image:height\" content=\"440\" \/>\n\t<meta property=\"og:image:type\" content=\"image\/jpeg\" \/>\n<meta name=\"twitter:card\" content=\"summary_large_image\" \/>\n<meta name=\"twitter:label1\" content=\"Tahmini okuma s\u00fcresi\" \/>\n\t<meta name=\"twitter:data1\" content=\"3 dakika\" \/>\n<script type=\"application\/ld+json\" class=\"yoast-schema-graph\">{\"@context\":\"https:\\\/\\\/schema.org\",\"@graph\":[{\"@type\":\"WebPage\",\"@id\":\"https:\\\/\\\/www.myautopartsfactory.com\\\/help-faq\",\"url\":\"https:\\\/\\\/www.myautopartsfactory.com\\\/help-faq\",\"name\":\"Help &amp; FAQ | Auto parts supplier - YZHIDIANF\",\"isPartOf\":{\"@id\":\"https:\\\/\\\/www.myautopartsfactory.com\\\/#website\"},\"primaryImageOfPage\":{\"@id\":\"https:\\\/\\\/www.myautopartsfactory.com\\\/help-faq#primaryimage\"},\"image\":{\"@id\":\"https:\\\/\\\/www.myautopartsfactory.com\\\/help-faq#primaryimage\"},\"thumbnailUrl\":\"https:\\\/\\\/www.myautopartsfactory.com\\\/wp-content\\\/uploads\\\/2024\\\/05\\\/we-can-provide-neutral-or-our-brand-packaging-boxes.jpg\",\"datePublished\":\"2024-04-14T14:16:33+00:00\",\"dateModified\":\"2025-10-20T08:54:11+00:00\",\"description\":\"Guangzhou-based factory Auto parts supplier of engine & fuel auto parts\u201417 yrs expertise, global shipping, OEM custom, low MOQ, 1-yr warranty.\",\"breadcrumb\":{\"@id\":\"https:\\\/\\\/www.myautopartsfactory.com\\\/help-faq#breadcrumb\"},\"inLanguage\":\"tr\",\"potentialAction\":[{\"@type\":\"ReadAction\",\"target\":[\"https:\\\/\\\/www.myautopartsfactory.com\\\/help-faq\"]}]},{\"@type\":\"ImageObject\",\"inLanguage\":\"tr\",\"@id\":\"https:\\\/\\\/www.myautopartsfactory.com\\\/help-faq#primaryimage\",\"url\":\"https:\\\/\\\/www.myautopartsfactory.com\\\/wp-content\\\/uploads\\\/2024\\\/05\\\/we-can-provide-neutral-or-our-brand-packaging-boxes.jpg\",\"contentUrl\":\"https:\\\/\\\/www.myautopartsfactory.com\\\/wp-content\\\/uploads\\\/2024\\\/05\\\/we-can-provide-neutral-or-our-brand-packaging-boxes.jpg\"},{\"@type\":\"BreadcrumbList\",\"@id\":\"https:\\\/\\\/www.myautopartsfactory.com\\\/help-faq#breadcrumb\",\"itemListElement\":[{\"@type\":\"ListItem\",\"position\":1,\"name\":\"\u9996\u9875\",\"item\":\"https:\\\/\\\/www.myautopartsfactory.com\\\/\"},{\"@type\":\"ListItem\",\"position\":2,\"name\":\"Help &amp; FAQ\"}]},{\"@type\":\"WebSite\",\"@id\":\"https:\\\/\\\/www.myautopartsfactory.com\\\/#website\",\"url\":\"https:\\\/\\\/www.myautopartsfactory.com\\\/\",\"name\":\"YZHIDIANF\",\"description\":\"One-Stop Auto Parts Supplier\",\"publisher\":{\"@id\":\"https:\\\/\\\/www.myautopartsfactory.com\\\/#organization\"},\"potentialAction\":[{\"@type\":\"SearchAction\",\"target\":{\"@type\":\"EntryPoint\",\"urlTemplate\":\"https:\\\/\\\/www.myautopartsfactory.com\\\/?s={search_term_string}\"},\"query-input\":{\"@type\":\"PropertyValueSpecification\",\"valueRequired\":true,\"valueName\":\"search_term_string\"}}],\"inLanguage\":\"tr\"},{\"@type\":\"Organization\",\"@id\":\"https:\\\/\\\/www.myautopartsfactory.com\\\/#organization\",\"name\":\"YZHIDIANF\",\"url\":\"https:\\\/\\\/www.myautopartsfactory.com\\\/\",\"logo\":{\"@type\":\"ImageObject\",\"inLanguage\":\"tr\",\"@id\":\"https:\\\/\\\/www.myautopartsfactory.com\\\/#\\\/schema\\\/logo\\\/image\\\/\",\"url\":\"https:\\\/\\\/www.myautopartsfactory.com\\\/wp-content\\\/uploads\\\/2024\\\/05\\\/fav.jpg\",\"contentUrl\":\"https:\\\/\\\/www.myautopartsfactory.com\\\/wp-content\\\/uploads\\\/2024\\\/05\\\/fav.jpg\",\"width\":80,\"height\":80,\"caption\":\"YZHIDIANF\"},\"image\":{\"@id\":\"https:\\\/\\\/www.myautopartsfactory.com\\\/#\\\/schema\\\/logo\\\/image\\\/\"}}]}<\/script>\n<!-- \/ Yoast SEO plugin. -->","yoast_head_json":{"title":"Help &amp; FAQ | Auto parts supplier - YZHIDIANF","description":"Guangzhou-based factory Auto parts supplier of engine & fuel auto parts\u201417 yrs expertise, global shipping, OEM custom, low MOQ, 1-yr warranty.","robots":{"index":"index","follow":"follow","max-snippet":"max-snippet:-1","max-image-preview":"max-image-preview:large","max-video-preview":"max-video-preview:-1"},"canonical":"https:\/\/www.myautopartsfactory.com\/tr\/help-faq\/","og_locale":"tr_TR","og_type":"article","og_title":"Help &amp; FAQ | Auto parts supplier - YZHIDIANF","og_description":"Guangzhou-based factory Auto parts supplier of engine & fuel auto parts\u201417 yrs expertise, global shipping, OEM custom, low MOQ, 1-yr warranty.","og_url":"https:\/\/www.myautopartsfactory.com\/tr\/help-faq\/","og_site_name":"YZHIDIANF","article_modified_time":"2025-10-20T08:54:11+00:00","og_image":[{"width":832,"height":440,"url":"https:\/\/www.myautopartsfactory.com\/wp-content\/uploads\/2024\/05\/we-can-provide-neutral-or-our-brand-packaging-boxes.jpg","type":"image\/jpeg"}],"twitter_card":"summary_large_image","twitter_misc":{"Tahmini okuma s\u00fcresi":"3 dakika"},"schema":{"@context":"https:\/\/schema.org","@graph":[{"@type":"WebPage","@id":"https:\/\/www.myautopartsfactory.com\/help-faq","url":"https:\/\/www.myautopartsfactory.com\/help-faq","name":"Help &amp; FAQ | Auto parts supplier - YZHIDIANF","isPartOf":{"@id":"https:\/\/www.myautopartsfactory.com\/#website"},"primaryImageOfPage":{"@id":"https:\/\/www.myautopartsfactory.com\/help-faq#primaryimage"},"image":{"@id":"https:\/\/www.myautopartsfactory.com\/help-faq#primaryimage"},"thumbnailUrl":"https:\/\/www.myautopartsfactory.com\/wp-content\/uploads\/2024\/05\/we-can-provide-neutral-or-our-brand-packaging-boxes.jpg","datePublished":"2024-04-14T14:16:33+00:00","dateModified":"2025-10-20T08:54:11+00:00","description":"Guangzhou-based factory Auto parts supplier of engine & fuel auto parts\u201417 yrs expertise, global shipping, OEM custom, low MOQ, 1-yr warranty.","breadcrumb":{"@id":"https:\/\/www.myautopartsfactory.com\/help-faq#breadcrumb"},"inLanguage":"tr","potentialAction":[{"@type":"ReadAction","target":["https:\/\/www.myautopartsfactory.com\/help-faq"]}]},{"@type":"ImageObject","inLanguage":"tr","@id":"https:\/\/www.myautopartsfactory.com\/help-faq#primaryimage","url":"https:\/\/www.myautopartsfactory.com\/wp-content\/uploads\/2024\/05\/we-can-provide-neutral-or-our-brand-packaging-boxes.jpg","contentUrl":"https:\/\/www.myautopartsfactory.com\/wp-content\/uploads\/2024\/05\/we-can-provide-neutral-or-our-brand-packaging-boxes.jpg"},{"@type":"BreadcrumbList","@id":"https:\/\/www.myautopartsfactory.com\/help-faq#breadcrumb","itemListElement":[{"@type":"ListItem","position":1,"name":"\u9996\u9875","item":"https:\/\/www.myautopartsfactory.com\/"},{"@type":"ListItem","position":2,"name":"Help &amp; FAQ"}]},{"@type":"WebSite","@id":"https:\/\/www.myautopartsfactory.com\/#website","url":"https:\/\/www.myautopartsfactory.com\/","name":"YZHIDIANF","description":"Tek Noktadan Otomobil Par\u00e7alar\u0131 Tedarik\u00e7isi","publisher":{"@id":"https:\/\/www.myautopartsfactory.com\/#organization"},"potentialAction":[{"@type":"SearchAction","target":{"@type":"EntryPoint","urlTemplate":"https:\/\/www.myautopartsfactory.com\/?s={search_term_string}"},"query-input":{"@type":"PropertyValueSpecification","valueRequired":true,"valueName":"search_term_string"}}],"inLanguage":"tr"},{"@type":"Organization","@id":"https:\/\/www.myautopartsfactory.com\/#organization","name":"YZHIDIANF","url":"https:\/\/www.myautopartsfactory.com\/","logo":{"@type":"ImageObject","inLanguage":"tr","@id":"https:\/\/www.myautopartsfactory.com\/#\/schema\/logo\/image\/","url":"https:\/\/www.myautopartsfactory.com\/wp-content\/uploads\/2024\/05\/fav.jpg","contentUrl":"https:\/\/www.myautopartsfactory.com\/wp-content\/uploads\/2024\/05\/fav.jpg","width":80,"height":80,"caption":"YZHIDIANF"},"image":{"@id":"https:\/\/www.myautopartsfactory.com\/#\/schema\/logo\/image\/"}}]}},"acf":[],"_links":{"self":[{"href":"https:\/\/www.myautopartsfactory.com\/tr\/wp-json\/wp\/v2\/pages\/111","targetHints":{"allow":["GET"]}}],"collection":[{"href":"https:\/\/www.myautopartsfactory.com\/tr\/wp-json\/wp\/v2\/pages"}],"about":[{"href":"https:\/\/www.myautopartsfactory.com\/tr\/wp-json\/wp\/v2\/types\/page"}],"author":[{"embeddable":true,"href":"https:\/\/www.myautopartsfactory.com\/tr\/wp-json\/wp\/v2\/users\/4"}],"replies":[{"embeddable":true,"href":"https:\/\/www.myautopartsfactory.com\/tr\/wp-json\/wp\/v2\/comments?post=111"}],"version-history":[{"count":0,"href":"https:\/\/www.myautopartsfactory.com\/tr\/wp-json\/wp\/v2\/pages\/111\/revisions"}],"wp:attachment":[{"href":"https:\/\/www.myautopartsfactory.com\/tr\/wp-json\/wp\/v2\/media?parent=111"}],"curies":[{"name":"wp","href":"https:\/\/api.w.org\/{rel}","templated":true}]}}