{"id":773,"date":"2024-06-08T15:23:18","date_gmt":"2024-06-08T07:23:18","guid":{"rendered":"https:\/\/www.myautopartsfactory.com\/?post_type=product&#038;p=773"},"modified":"2024-06-08T15:23:19","modified_gmt":"2024-06-08T07:23:19","slug":"wholesale-auto-parts-idle-air-speed-control-valve-8101-13k80-89452-bz030-89420-bz010-for-toyota-agya-ayla","status":"publish","type":"product","link":"https:\/\/www.myautopartsfactory.com\/pt\/product\/wholesale-auto-parts-idle-air-speed-control-valve-8101-13k80-89452-bz030-89420-bz010-for-toyota-agya-ayla","title":{"rendered":"Wholesale Auto Parts Idle Air Speed Control Valve 8101-13K80 89452-BZ030 89420-BZ010 For Toyota Agya Ayla"},"content":{"rendered":"<p><strong>Carater\u00edsticas e vantagens:<\/strong><\/p>\n\n\n\n<p>Encaixe perfeito, f\u00e1cil instala\u00e7\u00e3o<\/p>\n\n\n\n<p>Fabricado de acordo com as especifica\u00e7\u00f5es de f\u00e1brica para uma instala\u00e7\u00e3o sem problemas.<\/p>\n\n\n\n<p>Concebida como um substituto direto da sua v\u00e1lvula de controlo do ar de ralenti original, garantindo uma excelente adapta\u00e7\u00e3o e desempenho.<\/p>\n\n\n\n<p><strong>Carater\u00edsticas do produto\uff1a<\/strong><\/p>\n\n\n\n<p>Durabilidade forte: Feito de materiais de alta qualidade, tem uma forte durabilidade e resist\u00eancia ao desgaste e tem uma longa vida \u00fatil.<\/p>\n\n\n\n<p>Alta precis\u00e3o: A fun\u00e7\u00e3o de ajuste de alta precis\u00e3o pode controlar com precis\u00e3o a velocidade de ralenti do motor para garantir a estabilidade e economia do motor.<\/p>\n\n\n\n<p>Poupan\u00e7a de energia e prote\u00e7\u00e3o ambiental: Assegurar que o motor \u00e9 totalmente queimado em marcha lenta, reduzir as emiss\u00f5es de gases de escape e alcan\u00e7ar<\/p>","protected":false},"excerpt":{"rendered":"Features &amp; Benefits: \u25cfPerfect Fit, Easy Installation \u25cfMade to factory specifications for a hassle-free installation. \u25cfDesigned as a direct replacement for your original Idle Air Control Valve, ensuring excellent fitment and performance. Product Features\uff1a \u25cfStrong durability: Made of high-quality materials, it has strong durability and wear resistance and has a long service life. \u25cfHigh precision: [&hellip;]","protected":false},"featured_media":779,"menu_order":0,"template":"","meta":[],"product-tag":[],"products":[92],"brand":[32],"class_list":["post-773","product","type-product","status-publish","has-post-thumbnail","hentry","products-idle-air-control-valve","brand-toyota"],"yoast_head":"<!-- This site is optimized with the Yoast SEO plugin v27.3 - https:\/\/yoast.com\/product\/yoast-seo-wordpress\/ -->\n<title>Wholesale Auto Parts Idle Air Speed Control Valve 8101-13K80 89452-BZ030 89420-BZ010 For Toyota Agya Ayla - YZHIDIANF<\/title>\n<meta name=\"robots\" content=\"index, follow, max-snippet:-1, max-image-preview:large, max-video-preview:-1\" \/>\n<link rel=\"canonical\" href=\"https:\/\/www.myautopartsfactory.com\/pt\/product\/wholesale-auto-parts-idle-air-speed-control-valve-8101-13k80-89452-bz030-89420-bz010-for-toyota-agya-ayla\/\" \/>\n<meta property=\"og:locale\" content=\"pt_PT\" \/>\n<meta property=\"og:type\" content=\"article\" \/>\n<meta property=\"og:title\" content=\"Wholesale Auto Parts Idle Air Speed Control Valve 8101-13K80 89452-BZ030 89420-BZ010 For Toyota Agya Ayla - YZHIDIANF\" \/>\n<meta property=\"og:description\" content=\"Features &amp; Benefits: \u25cfPerfect Fit, Easy Installation \u25cfMade to factory specifications for a hassle-free installation. \u25cfDesigned as a direct replacement for your original Idle Air Control Valve, ensuring excellent fitment and performance. Product Features\uff1a \u25cfStrong durability: Made of high-quality materials, it has strong durability and wear resistance and has a long service life. \u25cfHigh precision: [&hellip;]\" \/>\n<meta property=\"og:url\" content=\"https:\/\/www.myautopartsfactory.com\/pt\/product\/wholesale-auto-parts-idle-air-speed-control-valve-8101-13k80-89452-bz030-89420-bz010-for-toyota-agya-ayla\/\" \/>\n<meta property=\"og:site_name\" content=\"YZHIDIANF\" \/>\n<meta property=\"article:modified_time\" content=\"2024-06-08T07:23:19+00:00\" \/>\n<meta property=\"og:image\" content=\"https:\/\/www.myautopartsfactory.com\/wp-content\/uploads\/2024\/06\/89452-BZ030-6.jpg\" \/>\n\t<meta property=\"og:image:width\" content=\"800\" \/>\n\t<meta property=\"og:image:height\" content=\"800\" \/>\n\t<meta property=\"og:image:type\" content=\"image\/jpeg\" \/>\n<meta name=\"twitter:card\" content=\"summary_large_image\" \/>\n<meta name=\"twitter:label1\" content=\"Tempo estimado de leitura\" \/>\n\t<meta name=\"twitter:data1\" content=\"1 minuto\" \/>\n<script type=\"application\/ld+json\" class=\"yoast-schema-graph\">{\"@context\":\"https:\\\/\\\/schema.org\",\"@graph\":[{\"@type\":\"WebPage\",\"@id\":\"https:\\\/\\\/www.myautopartsfactory.com\\\/product\\\/wholesale-auto-parts-idle-air-speed-control-valve-8101-13k80-89452-bz030-89420-bz010-for-toyota-agya-ayla\",\"url\":\"https:\\\/\\\/www.myautopartsfactory.com\\\/product\\\/wholesale-auto-parts-idle-air-speed-control-valve-8101-13k80-89452-bz030-89420-bz010-for-toyota-agya-ayla\",\"name\":\"Wholesale Auto Parts Idle Air Speed Control Valve 8101-13K80 89452-BZ030 89420-BZ010 For Toyota Agya Ayla - YZHIDIANF\",\"isPartOf\":{\"@id\":\"https:\\\/\\\/www.myautopartsfactory.com\\\/#website\"},\"primaryImageOfPage\":{\"@id\":\"https:\\\/\\\/www.myautopartsfactory.com\\\/product\\\/wholesale-auto-parts-idle-air-speed-control-valve-8101-13k80-89452-bz030-89420-bz010-for-toyota-agya-ayla#primaryimage\"},\"image\":{\"@id\":\"https:\\\/\\\/www.myautopartsfactory.com\\\/product\\\/wholesale-auto-parts-idle-air-speed-control-valve-8101-13k80-89452-bz030-89420-bz010-for-toyota-agya-ayla#primaryimage\"},\"thumbnailUrl\":\"https:\\\/\\\/www.myautopartsfactory.com\\\/wp-content\\\/uploads\\\/2024\\\/06\\\/89452-BZ030-6.jpg\",\"datePublished\":\"2024-06-08T07:23:18+00:00\",\"dateModified\":\"2024-06-08T07:23:19+00:00\",\"breadcrumb\":{\"@id\":\"https:\\\/\\\/www.myautopartsfactory.com\\\/product\\\/wholesale-auto-parts-idle-air-speed-control-valve-8101-13k80-89452-bz030-89420-bz010-for-toyota-agya-ayla#breadcrumb\"},\"inLanguage\":\"pt-PT\",\"potentialAction\":[{\"@type\":\"ReadAction\",\"target\":[\"https:\\\/\\\/www.myautopartsfactory.com\\\/product\\\/wholesale-auto-parts-idle-air-speed-control-valve-8101-13k80-89452-bz030-89420-bz010-for-toyota-agya-ayla\"]}]},{\"@type\":\"ImageObject\",\"inLanguage\":\"pt-PT\",\"@id\":\"https:\\\/\\\/www.myautopartsfactory.com\\\/product\\\/wholesale-auto-parts-idle-air-speed-control-valve-8101-13k80-89452-bz030-89420-bz010-for-toyota-agya-ayla#primaryimage\",\"url\":\"https:\\\/\\\/www.myautopartsfactory.com\\\/wp-content\\\/uploads\\\/2024\\\/06\\\/89452-BZ030-6.jpg\",\"contentUrl\":\"https:\\\/\\\/www.myautopartsfactory.com\\\/wp-content\\\/uploads\\\/2024\\\/06\\\/89452-BZ030-6.jpg\",\"width\":800,\"height\":800},{\"@type\":\"BreadcrumbList\",\"@id\":\"https:\\\/\\\/www.myautopartsfactory.com\\\/product\\\/wholesale-auto-parts-idle-air-speed-control-valve-8101-13k80-89452-bz030-89420-bz010-for-toyota-agya-ayla#breadcrumb\",\"itemListElement\":[{\"@type\":\"ListItem\",\"position\":1,\"name\":\"\u9996\u9875\",\"item\":\"https:\\\/\\\/www.myautopartsfactory.com\\\/\"},{\"@type\":\"ListItem\",\"position\":2,\"name\":\"Wholesale Auto Parts Idle Air Speed Control Valve 8101-13K80 89452-BZ030 89420-BZ010 For Toyota Agya Ayla\"}]},{\"@type\":\"WebSite\",\"@id\":\"https:\\\/\\\/www.myautopartsfactory.com\\\/#website\",\"url\":\"https:\\\/\\\/www.myautopartsfactory.com\\\/\",\"name\":\"YZHIDIANF\",\"description\":\"One-Stop Auto Parts Supplier\",\"publisher\":{\"@id\":\"https:\\\/\\\/www.myautopartsfactory.com\\\/#organization\"},\"potentialAction\":[{\"@type\":\"SearchAction\",\"target\":{\"@type\":\"EntryPoint\",\"urlTemplate\":\"https:\\\/\\\/www.myautopartsfactory.com\\\/?s={search_term_string}\"},\"query-input\":{\"@type\":\"PropertyValueSpecification\",\"valueRequired\":true,\"valueName\":\"search_term_string\"}}],\"inLanguage\":\"pt-PT\"},{\"@type\":\"Organization\",\"@id\":\"https:\\\/\\\/www.myautopartsfactory.com\\\/#organization\",\"name\":\"YZHIDIANF\",\"url\":\"https:\\\/\\\/www.myautopartsfactory.com\\\/\",\"logo\":{\"@type\":\"ImageObject\",\"inLanguage\":\"pt-PT\",\"@id\":\"https:\\\/\\\/www.myautopartsfactory.com\\\/#\\\/schema\\\/logo\\\/image\\\/\",\"url\":\"https:\\\/\\\/www.myautopartsfactory.com\\\/wp-content\\\/uploads\\\/2024\\\/05\\\/fav.jpg\",\"contentUrl\":\"https:\\\/\\\/www.myautopartsfactory.com\\\/wp-content\\\/uploads\\\/2024\\\/05\\\/fav.jpg\",\"width\":80,\"height\":80,\"caption\":\"YZHIDIANF\"},\"image\":{\"@id\":\"https:\\\/\\\/www.myautopartsfactory.com\\\/#\\\/schema\\\/logo\\\/image\\\/\"}}]}<\/script>\n<!-- \/ Yoast SEO plugin. -->","yoast_head_json":{"title":"Wholesale Auto Parts Idle Air Speed Control Valve 8101-13K80 89452-BZ030 89420-BZ010 For Toyota Agya Ayla - YZHIDIANF","robots":{"index":"index","follow":"follow","max-snippet":"max-snippet:-1","max-image-preview":"max-image-preview:large","max-video-preview":"max-video-preview:-1"},"canonical":"https:\/\/www.myautopartsfactory.com\/pt\/product\/wholesale-auto-parts-idle-air-speed-control-valve-8101-13k80-89452-bz030-89420-bz010-for-toyota-agya-ayla\/","og_locale":"pt_PT","og_type":"article","og_title":"Wholesale Auto Parts Idle Air Speed Control Valve 8101-13K80 89452-BZ030 89420-BZ010 For Toyota Agya Ayla - YZHIDIANF","og_description":"Features &amp; Benefits: \u25cfPerfect Fit, Easy Installation \u25cfMade to factory specifications for a hassle-free installation. \u25cfDesigned as a direct replacement for your original Idle Air Control Valve, ensuring excellent fitment and performance. Product Features\uff1a \u25cfStrong durability: Made of high-quality materials, it has strong durability and wear resistance and has a long service life. \u25cfHigh precision: [&hellip;]","og_url":"https:\/\/www.myautopartsfactory.com\/pt\/product\/wholesale-auto-parts-idle-air-speed-control-valve-8101-13k80-89452-bz030-89420-bz010-for-toyota-agya-ayla\/","og_site_name":"YZHIDIANF","article_modified_time":"2024-06-08T07:23:19+00:00","og_image":[{"width":800,"height":800,"url":"https:\/\/www.myautopartsfactory.com\/wp-content\/uploads\/2024\/06\/89452-BZ030-6.jpg","type":"image\/jpeg"}],"twitter_card":"summary_large_image","twitter_misc":{"Tempo estimado de leitura":"1 minuto"},"schema":{"@context":"https:\/\/schema.org","@graph":[{"@type":"WebPage","@id":"https:\/\/www.myautopartsfactory.com\/product\/wholesale-auto-parts-idle-air-speed-control-valve-8101-13k80-89452-bz030-89420-bz010-for-toyota-agya-ayla","url":"https:\/\/www.myautopartsfactory.com\/product\/wholesale-auto-parts-idle-air-speed-control-valve-8101-13k80-89452-bz030-89420-bz010-for-toyota-agya-ayla","name":"Wholesale Auto Parts Idle Air Speed Control Valve 8101-13K80 89452-BZ030 89420-BZ010 For Toyota Agya Ayla - YZHIDIANF","isPartOf":{"@id":"https:\/\/www.myautopartsfactory.com\/#website"},"primaryImageOfPage":{"@id":"https:\/\/www.myautopartsfactory.com\/product\/wholesale-auto-parts-idle-air-speed-control-valve-8101-13k80-89452-bz030-89420-bz010-for-toyota-agya-ayla#primaryimage"},"image":{"@id":"https:\/\/www.myautopartsfactory.com\/product\/wholesale-auto-parts-idle-air-speed-control-valve-8101-13k80-89452-bz030-89420-bz010-for-toyota-agya-ayla#primaryimage"},"thumbnailUrl":"https:\/\/www.myautopartsfactory.com\/wp-content\/uploads\/2024\/06\/89452-BZ030-6.jpg","datePublished":"2024-06-08T07:23:18+00:00","dateModified":"2024-06-08T07:23:19+00:00","breadcrumb":{"@id":"https:\/\/www.myautopartsfactory.com\/product\/wholesale-auto-parts-idle-air-speed-control-valve-8101-13k80-89452-bz030-89420-bz010-for-toyota-agya-ayla#breadcrumb"},"inLanguage":"pt-PT","potentialAction":[{"@type":"ReadAction","target":["https:\/\/www.myautopartsfactory.com\/product\/wholesale-auto-parts-idle-air-speed-control-valve-8101-13k80-89452-bz030-89420-bz010-for-toyota-agya-ayla"]}]},{"@type":"ImageObject","inLanguage":"pt-PT","@id":"https:\/\/www.myautopartsfactory.com\/product\/wholesale-auto-parts-idle-air-speed-control-valve-8101-13k80-89452-bz030-89420-bz010-for-toyota-agya-ayla#primaryimage","url":"https:\/\/www.myautopartsfactory.com\/wp-content\/uploads\/2024\/06\/89452-BZ030-6.jpg","contentUrl":"https:\/\/www.myautopartsfactory.com\/wp-content\/uploads\/2024\/06\/89452-BZ030-6.jpg","width":800,"height":800},{"@type":"BreadcrumbList","@id":"https:\/\/www.myautopartsfactory.com\/product\/wholesale-auto-parts-idle-air-speed-control-valve-8101-13k80-89452-bz030-89420-bz010-for-toyota-agya-ayla#breadcrumb","itemListElement":[{"@type":"ListItem","position":1,"name":"\u9996\u9875","item":"https:\/\/www.myautopartsfactory.com\/"},{"@type":"ListItem","position":2,"name":"Wholesale Auto Parts Idle Air Speed Control Valve 8101-13K80 89452-BZ030 89420-BZ010 For Toyota Agya Ayla"}]},{"@type":"WebSite","@id":"https:\/\/www.myautopartsfactory.com\/#website","url":"https:\/\/www.myautopartsfactory.com\/","name":"YZHIDIANF","description":"Fornecedor \u00fanico de pe\u00e7as para autom\u00f3veis","publisher":{"@id":"https:\/\/www.myautopartsfactory.com\/#organization"},"potentialAction":[{"@type":"SearchAction","target":{"@type":"EntryPoint","urlTemplate":"https:\/\/www.myautopartsfactory.com\/?s={search_term_string}"},"query-input":{"@type":"PropertyValueSpecification","valueRequired":true,"valueName":"search_term_string"}}],"inLanguage":"pt-PT"},{"@type":"Organization","@id":"https:\/\/www.myautopartsfactory.com\/#organization","name":"YZHIDIANF","url":"https:\/\/www.myautopartsfactory.com\/","logo":{"@type":"ImageObject","inLanguage":"pt-PT","@id":"https:\/\/www.myautopartsfactory.com\/#\/schema\/logo\/image\/","url":"https:\/\/www.myautopartsfactory.com\/wp-content\/uploads\/2024\/05\/fav.jpg","contentUrl":"https:\/\/www.myautopartsfactory.com\/wp-content\/uploads\/2024\/05\/fav.jpg","width":80,"height":80,"caption":"YZHIDIANF"},"image":{"@id":"https:\/\/www.myautopartsfactory.com\/#\/schema\/logo\/image\/"}}]}},"acf":[],"_links":{"self":[{"href":"https:\/\/www.myautopartsfactory.com\/pt\/wp-json\/wp\/v2\/product\/773","targetHints":{"allow":["GET"]}}],"collection":[{"href":"https:\/\/www.myautopartsfactory.com\/pt\/wp-json\/wp\/v2\/product"}],"about":[{"href":"https:\/\/www.myautopartsfactory.com\/pt\/wp-json\/wp\/v2\/types\/product"}],"version-history":[{"count":0,"href":"https:\/\/www.myautopartsfactory.com\/pt\/wp-json\/wp\/v2\/product\/773\/revisions"}],"wp:featuredmedia":[{"embeddable":true,"href":"https:\/\/www.myautopartsfactory.com\/pt\/wp-json\/wp\/v2\/media\/779"}],"wp:attachment":[{"href":"https:\/\/www.myautopartsfactory.com\/pt\/wp-json\/wp\/v2\/media?parent=773"}],"wp:term":[{"taxonomy":"product-tag","embeddable":true,"href":"https:\/\/www.myautopartsfactory.com\/pt\/wp-json\/wp\/v2\/product-tag?post=773"},{"taxonomy":"products","embeddable":true,"href":"https:\/\/www.myautopartsfactory.com\/pt\/wp-json\/wp\/v2\/products?post=773"},{"taxonomy":"brand","embeddable":true,"href":"https:\/\/www.myautopartsfactory.com\/pt\/wp-json\/wp\/v2\/brand?post=773"}],"curies":[{"name":"wp","href":"https:\/\/api.w.org\/{rel}","templated":true}]}}