{"id":5773,"date":"2025-04-16T14:06:31","date_gmt":"2025-04-16T06:06:31","guid":{"rendered":"https:\/\/www.myautopartsfactory.com\/?post_type=product&#038;p=5773"},"modified":"2025-04-16T14:06:34","modified_gmt":"2025-04-16T06:06:34","slug":"right-car-door-wing-rearview-side-mirror-8-98065-333-4-8980653334-for-isuzu-d-max","status":"publish","type":"product","link":"https:\/\/www.myautopartsfactory.com\/pt\/product\/right-car-door-wing-rearview-side-mirror-8-98065-333-4-8980653334-for-isuzu-d-max","title":{"rendered":"Espelho retrovisor lateral da asa da porta direita do carro 8-98065-333-4 8980653334 Para ISUZU D-MAX"},"content":{"rendered":"<h2 class=\"wp-block-heading\">Carater\u00edsticas e vantagens:<\/h2>\n\n\n\n<ul class=\"wp-block-list\">\n<li>Encaixe perfeito, instala\u00e7\u00e3o f\u00e1cil<\/li>\n\n\n\n<li>Fabricado de acordo com as especifica\u00e7\u00f5es de f\u00e1brica para uma instala\u00e7\u00e3o sem problemas.<\/li>\n\n\n\n<li>Concebida como um substituto direto da cobertura original do espelho retrovisor, garantindo uma excelente adapta\u00e7\u00e3o e desempenho.<\/li>\n<\/ul>\n\n\n\n<h2 class=\"wp-block-heading\">Carater\u00edsticas do produto\uff1a<\/h2>\n\n\n\n<ul class=\"wp-block-list\">\n<li>Fun\u00e7\u00e3o de prote\u00e7\u00e3o: Protege as partes internas do espelho retrovisor exterior do p\u00f3, da chuva, do gelo, da neve e de outros objectos externos.<\/li>\n\n\n\n<li>Material e durabilidade: Fabricado em pl\u00e1stico de alta resist\u00eancia (como ABS, policarbonato, etc.) ou em materiais met\u00e1licos (como liga de alum\u00ednio, a\u00e7o inoxid\u00e1vel, etc.).<\/li>\n\n\n\n<li>Fun\u00e7\u00e3o de aquecimento e anti-geada: Pode impedir eficazmente que o espelho fique congelado ou com gelo, garantindo a clareza do espelho retrovisor em tempo frio.<\/li>\n\n\n\n<li>Anti-UV e anti-envelhecimento: Utilizar revestimentos ou materiais resistentes aos raios UV para garantir um bom aspeto e funcionamento em caso de utiliza\u00e7\u00e3o a longo prazo.<\/li>\n<\/ul>","protected":false},"excerpt":{"rendered":"Features &amp; Benefits: Product Features\uff1a","protected":false},"featured_media":5775,"menu_order":0,"template":"","meta":[],"product-tag":[],"products":[131],"brand":[50],"class_list":["post-5773","product","type-product","status-publish","has-post-thumbnail","hentry","products-rearview-mirror-cover","brand-isuzu"],"yoast_head":"<!-- This site is optimized with the Yoast SEO plugin v27.3 - https:\/\/yoast.com\/product\/yoast-seo-wordpress\/ -->\n<title>Right Car Door Wing Rearview Side Mirror 8-98065-333-4 8980653334 For ISUZU D-MAX - YZHIDIANF<\/title>\n<meta name=\"robots\" content=\"index, follow, max-snippet:-1, max-image-preview:large, max-video-preview:-1\" \/>\n<link rel=\"canonical\" href=\"https:\/\/www.myautopartsfactory.com\/pt\/product\/right-car-door-wing-rearview-side-mirror-8-98065-333-4-8980653334-for-isuzu-d-max\/\" \/>\n<meta property=\"og:locale\" content=\"pt_PT\" \/>\n<meta property=\"og:type\" content=\"article\" \/>\n<meta property=\"og:title\" content=\"Right Car Door Wing Rearview Side Mirror 8-98065-333-4 8980653334 For ISUZU D-MAX - YZHIDIANF\" \/>\n<meta property=\"og:description\" content=\"Features &amp; Benefits: Product Features\uff1a\" \/>\n<meta property=\"og:url\" content=\"https:\/\/www.myautopartsfactory.com\/pt\/product\/right-car-door-wing-rearview-side-mirror-8-98065-333-4-8980653334-for-isuzu-d-max\/\" \/>\n<meta property=\"og:site_name\" content=\"YZHIDIANF\" \/>\n<meta property=\"article:modified_time\" content=\"2025-04-16T06:06:34+00:00\" \/>\n<meta property=\"og:image\" content=\"https:\/\/www.myautopartsfactory.com\/wp-content\/uploads\/2025\/04\/\u4e3b\u56fe_002-6.jpg\" \/>\n\t<meta property=\"og:image:width\" content=\"750\" \/>\n\t<meta property=\"og:image:height\" content=\"750\" \/>\n\t<meta property=\"og:image:type\" content=\"image\/jpeg\" \/>\n<meta name=\"twitter:card\" content=\"summary_large_image\" \/>\n<meta name=\"twitter:label1\" content=\"Tempo estimado de leitura\" \/>\n\t<meta name=\"twitter:data1\" content=\"1 minuto\" \/>\n<script type=\"application\/ld+json\" class=\"yoast-schema-graph\">{\"@context\":\"https:\\\/\\\/schema.org\",\"@graph\":[{\"@type\":\"WebPage\",\"@id\":\"https:\\\/\\\/www.myautopartsfactory.com\\\/product\\\/right-car-door-wing-rearview-side-mirror-8-98065-333-4-8980653334-for-isuzu-d-max\",\"url\":\"https:\\\/\\\/www.myautopartsfactory.com\\\/product\\\/right-car-door-wing-rearview-side-mirror-8-98065-333-4-8980653334-for-isuzu-d-max\",\"name\":\"Right Car Door Wing Rearview Side Mirror 8-98065-333-4 8980653334 For ISUZU D-MAX - YZHIDIANF\",\"isPartOf\":{\"@id\":\"https:\\\/\\\/www.myautopartsfactory.com\\\/#website\"},\"primaryImageOfPage\":{\"@id\":\"https:\\\/\\\/www.myautopartsfactory.com\\\/product\\\/right-car-door-wing-rearview-side-mirror-8-98065-333-4-8980653334-for-isuzu-d-max#primaryimage\"},\"image\":{\"@id\":\"https:\\\/\\\/www.myautopartsfactory.com\\\/product\\\/right-car-door-wing-rearview-side-mirror-8-98065-333-4-8980653334-for-isuzu-d-max#primaryimage\"},\"thumbnailUrl\":\"https:\\\/\\\/www.myautopartsfactory.com\\\/wp-content\\\/uploads\\\/2025\\\/04\\\/\u4e3b\u56fe_002-6.jpg\",\"datePublished\":\"2025-04-16T06:06:31+00:00\",\"dateModified\":\"2025-04-16T06:06:34+00:00\",\"breadcrumb\":{\"@id\":\"https:\\\/\\\/www.myautopartsfactory.com\\\/product\\\/right-car-door-wing-rearview-side-mirror-8-98065-333-4-8980653334-for-isuzu-d-max#breadcrumb\"},\"inLanguage\":\"pt-PT\",\"potentialAction\":[{\"@type\":\"ReadAction\",\"target\":[\"https:\\\/\\\/www.myautopartsfactory.com\\\/product\\\/right-car-door-wing-rearview-side-mirror-8-98065-333-4-8980653334-for-isuzu-d-max\"]}]},{\"@type\":\"ImageObject\",\"inLanguage\":\"pt-PT\",\"@id\":\"https:\\\/\\\/www.myautopartsfactory.com\\\/product\\\/right-car-door-wing-rearview-side-mirror-8-98065-333-4-8980653334-for-isuzu-d-max#primaryimage\",\"url\":\"https:\\\/\\\/www.myautopartsfactory.com\\\/wp-content\\\/uploads\\\/2025\\\/04\\\/\u4e3b\u56fe_002-6.jpg\",\"contentUrl\":\"https:\\\/\\\/www.myautopartsfactory.com\\\/wp-content\\\/uploads\\\/2025\\\/04\\\/\u4e3b\u56fe_002-6.jpg\",\"width\":750,\"height\":750},{\"@type\":\"BreadcrumbList\",\"@id\":\"https:\\\/\\\/www.myautopartsfactory.com\\\/product\\\/right-car-door-wing-rearview-side-mirror-8-98065-333-4-8980653334-for-isuzu-d-max#breadcrumb\",\"itemListElement\":[{\"@type\":\"ListItem\",\"position\":1,\"name\":\"\u9996\u9875\",\"item\":\"https:\\\/\\\/www.myautopartsfactory.com\\\/\"},{\"@type\":\"ListItem\",\"position\":2,\"name\":\"Right Car Door Wing Rearview Side Mirror 8-98065-333-4 8980653334 For ISUZU D-MAX\"}]},{\"@type\":\"WebSite\",\"@id\":\"https:\\\/\\\/www.myautopartsfactory.com\\\/#website\",\"url\":\"https:\\\/\\\/www.myautopartsfactory.com\\\/\",\"name\":\"YZHIDIANF\",\"description\":\"One-Stop Auto Parts Supplier\",\"publisher\":{\"@id\":\"https:\\\/\\\/www.myautopartsfactory.com\\\/#organization\"},\"potentialAction\":[{\"@type\":\"SearchAction\",\"target\":{\"@type\":\"EntryPoint\",\"urlTemplate\":\"https:\\\/\\\/www.myautopartsfactory.com\\\/?s={search_term_string}\"},\"query-input\":{\"@type\":\"PropertyValueSpecification\",\"valueRequired\":true,\"valueName\":\"search_term_string\"}}],\"inLanguage\":\"pt-PT\"},{\"@type\":\"Organization\",\"@id\":\"https:\\\/\\\/www.myautopartsfactory.com\\\/#organization\",\"name\":\"YZHIDIANF\",\"url\":\"https:\\\/\\\/www.myautopartsfactory.com\\\/\",\"logo\":{\"@type\":\"ImageObject\",\"inLanguage\":\"pt-PT\",\"@id\":\"https:\\\/\\\/www.myautopartsfactory.com\\\/#\\\/schema\\\/logo\\\/image\\\/\",\"url\":\"https:\\\/\\\/www.myautopartsfactory.com\\\/wp-content\\\/uploads\\\/2024\\\/05\\\/fav.jpg\",\"contentUrl\":\"https:\\\/\\\/www.myautopartsfactory.com\\\/wp-content\\\/uploads\\\/2024\\\/05\\\/fav.jpg\",\"width\":80,\"height\":80,\"caption\":\"YZHIDIANF\"},\"image\":{\"@id\":\"https:\\\/\\\/www.myautopartsfactory.com\\\/#\\\/schema\\\/logo\\\/image\\\/\"}}]}<\/script>\n<!-- \/ Yoast SEO plugin. -->","yoast_head_json":{"title":"Espelho retrovisor lateral da asa da porta direita do carro 8-98065-333-4 8980653334 Para ISUZU D-MAX - YZHIDIANF","robots":{"index":"index","follow":"follow","max-snippet":"max-snippet:-1","max-image-preview":"max-image-preview:large","max-video-preview":"max-video-preview:-1"},"canonical":"https:\/\/www.myautopartsfactory.com\/pt\/product\/right-car-door-wing-rearview-side-mirror-8-98065-333-4-8980653334-for-isuzu-d-max\/","og_locale":"pt_PT","og_type":"article","og_title":"Right Car Door Wing Rearview Side Mirror 8-98065-333-4 8980653334 For ISUZU D-MAX - YZHIDIANF","og_description":"Features &amp; Benefits: Product Features\uff1a","og_url":"https:\/\/www.myautopartsfactory.com\/pt\/product\/right-car-door-wing-rearview-side-mirror-8-98065-333-4-8980653334-for-isuzu-d-max\/","og_site_name":"YZHIDIANF","article_modified_time":"2025-04-16T06:06:34+00:00","og_image":[{"width":750,"height":750,"url":"https:\/\/www.myautopartsfactory.com\/wp-content\/uploads\/2025\/04\/\u4e3b\u56fe_002-6.jpg","type":"image\/jpeg"}],"twitter_card":"summary_large_image","twitter_misc":{"Tempo estimado de leitura":"1 minuto"},"schema":{"@context":"https:\/\/schema.org","@graph":[{"@type":"WebPage","@id":"https:\/\/www.myautopartsfactory.com\/product\/right-car-door-wing-rearview-side-mirror-8-98065-333-4-8980653334-for-isuzu-d-max","url":"https:\/\/www.myautopartsfactory.com\/product\/right-car-door-wing-rearview-side-mirror-8-98065-333-4-8980653334-for-isuzu-d-max","name":"Espelho retrovisor lateral da asa da porta direita do carro 8-98065-333-4 8980653334 Para ISUZU D-MAX - YZHIDIANF","isPartOf":{"@id":"https:\/\/www.myautopartsfactory.com\/#website"},"primaryImageOfPage":{"@id":"https:\/\/www.myautopartsfactory.com\/product\/right-car-door-wing-rearview-side-mirror-8-98065-333-4-8980653334-for-isuzu-d-max#primaryimage"},"image":{"@id":"https:\/\/www.myautopartsfactory.com\/product\/right-car-door-wing-rearview-side-mirror-8-98065-333-4-8980653334-for-isuzu-d-max#primaryimage"},"thumbnailUrl":"https:\/\/www.myautopartsfactory.com\/wp-content\/uploads\/2025\/04\/\u4e3b\u56fe_002-6.jpg","datePublished":"2025-04-16T06:06:31+00:00","dateModified":"2025-04-16T06:06:34+00:00","breadcrumb":{"@id":"https:\/\/www.myautopartsfactory.com\/product\/right-car-door-wing-rearview-side-mirror-8-98065-333-4-8980653334-for-isuzu-d-max#breadcrumb"},"inLanguage":"pt-PT","potentialAction":[{"@type":"ReadAction","target":["https:\/\/www.myautopartsfactory.com\/product\/right-car-door-wing-rearview-side-mirror-8-98065-333-4-8980653334-for-isuzu-d-max"]}]},{"@type":"ImageObject","inLanguage":"pt-PT","@id":"https:\/\/www.myautopartsfactory.com\/product\/right-car-door-wing-rearview-side-mirror-8-98065-333-4-8980653334-for-isuzu-d-max#primaryimage","url":"https:\/\/www.myautopartsfactory.com\/wp-content\/uploads\/2025\/04\/\u4e3b\u56fe_002-6.jpg","contentUrl":"https:\/\/www.myautopartsfactory.com\/wp-content\/uploads\/2025\/04\/\u4e3b\u56fe_002-6.jpg","width":750,"height":750},{"@type":"BreadcrumbList","@id":"https:\/\/www.myautopartsfactory.com\/product\/right-car-door-wing-rearview-side-mirror-8-98065-333-4-8980653334-for-isuzu-d-max#breadcrumb","itemListElement":[{"@type":"ListItem","position":1,"name":"\u9996\u9875","item":"https:\/\/www.myautopartsfactory.com\/"},{"@type":"ListItem","position":2,"name":"Right Car Door Wing Rearview Side Mirror 8-98065-333-4 8980653334 For ISUZU D-MAX"}]},{"@type":"WebSite","@id":"https:\/\/www.myautopartsfactory.com\/#website","url":"https:\/\/www.myautopartsfactory.com\/","name":"YZHIDIANF","description":"Fornecedor \u00fanico de pe\u00e7as para autom\u00f3veis","publisher":{"@id":"https:\/\/www.myautopartsfactory.com\/#organization"},"potentialAction":[{"@type":"SearchAction","target":{"@type":"EntryPoint","urlTemplate":"https:\/\/www.myautopartsfactory.com\/?s={search_term_string}"},"query-input":{"@type":"PropertyValueSpecification","valueRequired":true,"valueName":"search_term_string"}}],"inLanguage":"pt-PT"},{"@type":"Organization","@id":"https:\/\/www.myautopartsfactory.com\/#organization","name":"YZHIDIANF","url":"https:\/\/www.myautopartsfactory.com\/","logo":{"@type":"ImageObject","inLanguage":"pt-PT","@id":"https:\/\/www.myautopartsfactory.com\/#\/schema\/logo\/image\/","url":"https:\/\/www.myautopartsfactory.com\/wp-content\/uploads\/2024\/05\/fav.jpg","contentUrl":"https:\/\/www.myautopartsfactory.com\/wp-content\/uploads\/2024\/05\/fav.jpg","width":80,"height":80,"caption":"YZHIDIANF"},"image":{"@id":"https:\/\/www.myautopartsfactory.com\/#\/schema\/logo\/image\/"}}]}},"acf":[],"_links":{"self":[{"href":"https:\/\/www.myautopartsfactory.com\/pt\/wp-json\/wp\/v2\/product\/5773","targetHints":{"allow":["GET"]}}],"collection":[{"href":"https:\/\/www.myautopartsfactory.com\/pt\/wp-json\/wp\/v2\/product"}],"about":[{"href":"https:\/\/www.myautopartsfactory.com\/pt\/wp-json\/wp\/v2\/types\/product"}],"version-history":[{"count":0,"href":"https:\/\/www.myautopartsfactory.com\/pt\/wp-json\/wp\/v2\/product\/5773\/revisions"}],"wp:featuredmedia":[{"embeddable":true,"href":"https:\/\/www.myautopartsfactory.com\/pt\/wp-json\/wp\/v2\/media\/5775"}],"wp:attachment":[{"href":"https:\/\/www.myautopartsfactory.com\/pt\/wp-json\/wp\/v2\/media?parent=5773"}],"wp:term":[{"taxonomy":"product-tag","embeddable":true,"href":"https:\/\/www.myautopartsfactory.com\/pt\/wp-json\/wp\/v2\/product-tag?post=5773"},{"taxonomy":"products","embeddable":true,"href":"https:\/\/www.myautopartsfactory.com\/pt\/wp-json\/wp\/v2\/products?post=5773"},{"taxonomy":"brand","embeddable":true,"href":"https:\/\/www.myautopartsfactory.com\/pt\/wp-json\/wp\/v2\/brand?post=5773"}],"curies":[{"name":"wp","href":"https:\/\/api.w.org\/{rel}","templated":true}]}}