{"id":5399,"date":"2025-04-12T16:15:30","date_gmt":"2025-04-12T08:15:30","guid":{"rendered":"https:\/\/www.myautopartsfactory.com\/?post_type=product&#038;p=5399"},"modified":"2025-04-12T16:15:33","modified_gmt":"2025-04-12T08:15:33","slug":"auto-parts-315mhz-433mhz-tpms-tire-pressure-sensor-ecs1420cn-for-chery-tiggo-8-geely-baojun-e100","status":"publish","type":"product","link":"https:\/\/www.myautopartsfactory.com\/pt\/product\/auto-parts-315mhz-433mhz-tpms-tire-pressure-sensor-ecs1420cn-for-chery-tiggo-8-geely-baojun-e100","title":{"rendered":"Auto Parts 315MHz 433MHz TPMS Tire Pressure Sensor ECS1420CN For Chery Tiggo 8 Geely BAOJUN E100"},"content":{"rendered":"<h2 class=\"wp-block-heading\">Carater\u00edsticas e vantagens:<\/h2>\n\n\n\n<ul class=\"wp-block-list\">\n<li>Encaixe perfeito, instala\u00e7\u00e3o f\u00e1cil<\/li>\n\n\n\n<li>Fabricado de acordo com as especifica\u00e7\u00f5es de f\u00e1brica para uma instala\u00e7\u00e3o sem problemas.<\/li>\n\n\n\n<li>Designed as a direct replacement for your original tire pressure sensor,ensuring excellent fitment and performance.<\/li>\n<\/ul>\n\n\n\n<h2 class=\"wp-block-heading\">Carater\u00edsticas do produto\uff1a<\/h2>\n\n\n\n<ul class=\"wp-block-list\">\n<li>Energy saving and environmental protection: By maintaining the correct tire inflation pressure, the vehicle&#8217;s fuel consumption and carbon emissions are reduced.<\/li>\n\n\n\n<li>Increase tire service life: Help drivers detect abnormal tire wear in a timely manner and extend the tire&#8217;s service life.<\/li>\n\n\n\n<li>Safety: It can improve the safety of the vehicle, monitor the tire pressure, and avoid accidents caused by low tire pressure or air leakage.<\/li>\n\n\n\n<li>Intelligent features: It can be connected to the vehicle information system to provide real-time tire pressure data, providing more convenience for drivers.<\/li>\n<\/ul>","protected":false},"excerpt":{"rendered":"Features &amp; Benefits: Product Features\uff1a","protected":false},"featured_media":5405,"menu_order":0,"template":"","meta":[],"product-tag":[],"products":[104],"brand":[],"class_list":["post-5399","product","type-product","status-publish","has-post-thumbnail","hentry","products-tire-pressure-sensor"],"yoast_head":"<!-- This site is optimized with the Yoast SEO plugin v27.3 - https:\/\/yoast.com\/product\/yoast-seo-wordpress\/ -->\n<title>Auto Parts 315MHz 433MHz TPMS Tire Pressure Sensor ECS1420CN For Chery Tiggo 8 Geely BAOJUN E100 - YZHIDIANF<\/title>\n<meta name=\"robots\" content=\"index, follow, max-snippet:-1, max-image-preview:large, max-video-preview:-1\" \/>\n<link rel=\"canonical\" href=\"https:\/\/www.myautopartsfactory.com\/pt\/product\/auto-parts-315mhz-433mhz-tpms-tire-pressure-sensor-ecs1420cn-for-chery-tiggo-8-geely-baojun-e100\/\" \/>\n<meta property=\"og:locale\" content=\"pt_PT\" \/>\n<meta property=\"og:type\" content=\"article\" \/>\n<meta property=\"og:title\" content=\"Auto Parts 315MHz 433MHz TPMS Tire Pressure Sensor ECS1420CN For Chery Tiggo 8 Geely BAOJUN E100 - YZHIDIANF\" \/>\n<meta property=\"og:description\" content=\"Features &amp; Benefits: Product Features\uff1a\" \/>\n<meta property=\"og:url\" content=\"https:\/\/www.myautopartsfactory.com\/pt\/product\/auto-parts-315mhz-433mhz-tpms-tire-pressure-sensor-ecs1420cn-for-chery-tiggo-8-geely-baojun-e100\/\" \/>\n<meta property=\"og:site_name\" content=\"YZHIDIANF\" \/>\n<meta property=\"article:modified_time\" content=\"2025-04-12T08:15:33+00:00\" \/>\n<meta property=\"og:image\" content=\"https:\/\/www.myautopartsfactory.com\/wp-content\/uploads\/2025\/04\/ECS1420CN-6.jpg\" \/>\n\t<meta property=\"og:image:width\" content=\"800\" \/>\n\t<meta property=\"og:image:height\" content=\"800\" \/>\n\t<meta property=\"og:image:type\" content=\"image\/jpeg\" \/>\n<meta name=\"twitter:card\" content=\"summary_large_image\" \/>\n<meta name=\"twitter:label1\" content=\"Tempo estimado de leitura\" \/>\n\t<meta name=\"twitter:data1\" content=\"1 minuto\" \/>\n<script type=\"application\/ld+json\" class=\"yoast-schema-graph\">{\"@context\":\"https:\\\/\\\/schema.org\",\"@graph\":[{\"@type\":\"WebPage\",\"@id\":\"https:\\\/\\\/www.myautopartsfactory.com\\\/product\\\/auto-parts-315mhz-433mhz-tpms-tire-pressure-sensor-ecs1420cn-for-chery-tiggo-8-geely-baojun-e100\",\"url\":\"https:\\\/\\\/www.myautopartsfactory.com\\\/product\\\/auto-parts-315mhz-433mhz-tpms-tire-pressure-sensor-ecs1420cn-for-chery-tiggo-8-geely-baojun-e100\",\"name\":\"Auto Parts 315MHz 433MHz TPMS Tire Pressure Sensor ECS1420CN For Chery Tiggo 8 Geely BAOJUN E100 - YZHIDIANF\",\"isPartOf\":{\"@id\":\"https:\\\/\\\/www.myautopartsfactory.com\\\/#website\"},\"primaryImageOfPage\":{\"@id\":\"https:\\\/\\\/www.myautopartsfactory.com\\\/product\\\/auto-parts-315mhz-433mhz-tpms-tire-pressure-sensor-ecs1420cn-for-chery-tiggo-8-geely-baojun-e100#primaryimage\"},\"image\":{\"@id\":\"https:\\\/\\\/www.myautopartsfactory.com\\\/product\\\/auto-parts-315mhz-433mhz-tpms-tire-pressure-sensor-ecs1420cn-for-chery-tiggo-8-geely-baojun-e100#primaryimage\"},\"thumbnailUrl\":\"https:\\\/\\\/www.myautopartsfactory.com\\\/wp-content\\\/uploads\\\/2025\\\/04\\\/ECS1420CN-6.jpg\",\"datePublished\":\"2025-04-12T08:15:30+00:00\",\"dateModified\":\"2025-04-12T08:15:33+00:00\",\"breadcrumb\":{\"@id\":\"https:\\\/\\\/www.myautopartsfactory.com\\\/product\\\/auto-parts-315mhz-433mhz-tpms-tire-pressure-sensor-ecs1420cn-for-chery-tiggo-8-geely-baojun-e100#breadcrumb\"},\"inLanguage\":\"pt-PT\",\"potentialAction\":[{\"@type\":\"ReadAction\",\"target\":[\"https:\\\/\\\/www.myautopartsfactory.com\\\/product\\\/auto-parts-315mhz-433mhz-tpms-tire-pressure-sensor-ecs1420cn-for-chery-tiggo-8-geely-baojun-e100\"]}]},{\"@type\":\"ImageObject\",\"inLanguage\":\"pt-PT\",\"@id\":\"https:\\\/\\\/www.myautopartsfactory.com\\\/product\\\/auto-parts-315mhz-433mhz-tpms-tire-pressure-sensor-ecs1420cn-for-chery-tiggo-8-geely-baojun-e100#primaryimage\",\"url\":\"https:\\\/\\\/www.myautopartsfactory.com\\\/wp-content\\\/uploads\\\/2025\\\/04\\\/ECS1420CN-6.jpg\",\"contentUrl\":\"https:\\\/\\\/www.myautopartsfactory.com\\\/wp-content\\\/uploads\\\/2025\\\/04\\\/ECS1420CN-6.jpg\",\"width\":800,\"height\":800},{\"@type\":\"BreadcrumbList\",\"@id\":\"https:\\\/\\\/www.myautopartsfactory.com\\\/product\\\/auto-parts-315mhz-433mhz-tpms-tire-pressure-sensor-ecs1420cn-for-chery-tiggo-8-geely-baojun-e100#breadcrumb\",\"itemListElement\":[{\"@type\":\"ListItem\",\"position\":1,\"name\":\"\u9996\u9875\",\"item\":\"https:\\\/\\\/www.myautopartsfactory.com\\\/\"},{\"@type\":\"ListItem\",\"position\":2,\"name\":\"Auto Parts 315MHz 433MHz TPMS Tire Pressure Sensor ECS1420CN For Chery Tiggo 8 Geely BAOJUN E100\"}]},{\"@type\":\"WebSite\",\"@id\":\"https:\\\/\\\/www.myautopartsfactory.com\\\/#website\",\"url\":\"https:\\\/\\\/www.myautopartsfactory.com\\\/\",\"name\":\"YZHIDIANF\",\"description\":\"One-Stop Auto Parts Supplier\",\"publisher\":{\"@id\":\"https:\\\/\\\/www.myautopartsfactory.com\\\/#organization\"},\"potentialAction\":[{\"@type\":\"SearchAction\",\"target\":{\"@type\":\"EntryPoint\",\"urlTemplate\":\"https:\\\/\\\/www.myautopartsfactory.com\\\/?s={search_term_string}\"},\"query-input\":{\"@type\":\"PropertyValueSpecification\",\"valueRequired\":true,\"valueName\":\"search_term_string\"}}],\"inLanguage\":\"pt-PT\"},{\"@type\":\"Organization\",\"@id\":\"https:\\\/\\\/www.myautopartsfactory.com\\\/#organization\",\"name\":\"YZHIDIANF\",\"url\":\"https:\\\/\\\/www.myautopartsfactory.com\\\/\",\"logo\":{\"@type\":\"ImageObject\",\"inLanguage\":\"pt-PT\",\"@id\":\"https:\\\/\\\/www.myautopartsfactory.com\\\/#\\\/schema\\\/logo\\\/image\\\/\",\"url\":\"https:\\\/\\\/www.myautopartsfactory.com\\\/wp-content\\\/uploads\\\/2024\\\/05\\\/fav.jpg\",\"contentUrl\":\"https:\\\/\\\/www.myautopartsfactory.com\\\/wp-content\\\/uploads\\\/2024\\\/05\\\/fav.jpg\",\"width\":80,\"height\":80,\"caption\":\"YZHIDIANF\"},\"image\":{\"@id\":\"https:\\\/\\\/www.myautopartsfactory.com\\\/#\\\/schema\\\/logo\\\/image\\\/\"}}]}<\/script>\n<!-- \/ Yoast SEO plugin. -->","yoast_head_json":{"title":"Auto Parts 315MHz 433MHz TPMS Tire Pressure Sensor ECS1420CN For Chery Tiggo 8 Geely BAOJUN E100 - YZHIDIANF","robots":{"index":"index","follow":"follow","max-snippet":"max-snippet:-1","max-image-preview":"max-image-preview:large","max-video-preview":"max-video-preview:-1"},"canonical":"https:\/\/www.myautopartsfactory.com\/pt\/product\/auto-parts-315mhz-433mhz-tpms-tire-pressure-sensor-ecs1420cn-for-chery-tiggo-8-geely-baojun-e100\/","og_locale":"pt_PT","og_type":"article","og_title":"Auto Parts 315MHz 433MHz TPMS Tire Pressure Sensor ECS1420CN For Chery Tiggo 8 Geely BAOJUN E100 - YZHIDIANF","og_description":"Features &amp; Benefits: Product Features\uff1a","og_url":"https:\/\/www.myautopartsfactory.com\/pt\/product\/auto-parts-315mhz-433mhz-tpms-tire-pressure-sensor-ecs1420cn-for-chery-tiggo-8-geely-baojun-e100\/","og_site_name":"YZHIDIANF","article_modified_time":"2025-04-12T08:15:33+00:00","og_image":[{"width":800,"height":800,"url":"https:\/\/www.myautopartsfactory.com\/wp-content\/uploads\/2025\/04\/ECS1420CN-6.jpg","type":"image\/jpeg"}],"twitter_card":"summary_large_image","twitter_misc":{"Tempo estimado de leitura":"1 minuto"},"schema":{"@context":"https:\/\/schema.org","@graph":[{"@type":"WebPage","@id":"https:\/\/www.myautopartsfactory.com\/product\/auto-parts-315mhz-433mhz-tpms-tire-pressure-sensor-ecs1420cn-for-chery-tiggo-8-geely-baojun-e100","url":"https:\/\/www.myautopartsfactory.com\/product\/auto-parts-315mhz-433mhz-tpms-tire-pressure-sensor-ecs1420cn-for-chery-tiggo-8-geely-baojun-e100","name":"Auto Parts 315MHz 433MHz TPMS Tire Pressure Sensor ECS1420CN For Chery Tiggo 8 Geely BAOJUN E100 - YZHIDIANF","isPartOf":{"@id":"https:\/\/www.myautopartsfactory.com\/#website"},"primaryImageOfPage":{"@id":"https:\/\/www.myautopartsfactory.com\/product\/auto-parts-315mhz-433mhz-tpms-tire-pressure-sensor-ecs1420cn-for-chery-tiggo-8-geely-baojun-e100#primaryimage"},"image":{"@id":"https:\/\/www.myautopartsfactory.com\/product\/auto-parts-315mhz-433mhz-tpms-tire-pressure-sensor-ecs1420cn-for-chery-tiggo-8-geely-baojun-e100#primaryimage"},"thumbnailUrl":"https:\/\/www.myautopartsfactory.com\/wp-content\/uploads\/2025\/04\/ECS1420CN-6.jpg","datePublished":"2025-04-12T08:15:30+00:00","dateModified":"2025-04-12T08:15:33+00:00","breadcrumb":{"@id":"https:\/\/www.myautopartsfactory.com\/product\/auto-parts-315mhz-433mhz-tpms-tire-pressure-sensor-ecs1420cn-for-chery-tiggo-8-geely-baojun-e100#breadcrumb"},"inLanguage":"pt-PT","potentialAction":[{"@type":"ReadAction","target":["https:\/\/www.myautopartsfactory.com\/product\/auto-parts-315mhz-433mhz-tpms-tire-pressure-sensor-ecs1420cn-for-chery-tiggo-8-geely-baojun-e100"]}]},{"@type":"ImageObject","inLanguage":"pt-PT","@id":"https:\/\/www.myautopartsfactory.com\/product\/auto-parts-315mhz-433mhz-tpms-tire-pressure-sensor-ecs1420cn-for-chery-tiggo-8-geely-baojun-e100#primaryimage","url":"https:\/\/www.myautopartsfactory.com\/wp-content\/uploads\/2025\/04\/ECS1420CN-6.jpg","contentUrl":"https:\/\/www.myautopartsfactory.com\/wp-content\/uploads\/2025\/04\/ECS1420CN-6.jpg","width":800,"height":800},{"@type":"BreadcrumbList","@id":"https:\/\/www.myautopartsfactory.com\/product\/auto-parts-315mhz-433mhz-tpms-tire-pressure-sensor-ecs1420cn-for-chery-tiggo-8-geely-baojun-e100#breadcrumb","itemListElement":[{"@type":"ListItem","position":1,"name":"\u9996\u9875","item":"https:\/\/www.myautopartsfactory.com\/"},{"@type":"ListItem","position":2,"name":"Auto Parts 315MHz 433MHz TPMS Tire Pressure Sensor ECS1420CN For Chery Tiggo 8 Geely BAOJUN E100"}]},{"@type":"WebSite","@id":"https:\/\/www.myautopartsfactory.com\/#website","url":"https:\/\/www.myautopartsfactory.com\/","name":"YZHIDIANF","description":"Fornecedor \u00fanico de pe\u00e7as para autom\u00f3veis","publisher":{"@id":"https:\/\/www.myautopartsfactory.com\/#organization"},"potentialAction":[{"@type":"SearchAction","target":{"@type":"EntryPoint","urlTemplate":"https:\/\/www.myautopartsfactory.com\/?s={search_term_string}"},"query-input":{"@type":"PropertyValueSpecification","valueRequired":true,"valueName":"search_term_string"}}],"inLanguage":"pt-PT"},{"@type":"Organization","@id":"https:\/\/www.myautopartsfactory.com\/#organization","name":"YZHIDIANF","url":"https:\/\/www.myautopartsfactory.com\/","logo":{"@type":"ImageObject","inLanguage":"pt-PT","@id":"https:\/\/www.myautopartsfactory.com\/#\/schema\/logo\/image\/","url":"https:\/\/www.myautopartsfactory.com\/wp-content\/uploads\/2024\/05\/fav.jpg","contentUrl":"https:\/\/www.myautopartsfactory.com\/wp-content\/uploads\/2024\/05\/fav.jpg","width":80,"height":80,"caption":"YZHIDIANF"},"image":{"@id":"https:\/\/www.myautopartsfactory.com\/#\/schema\/logo\/image\/"}}]}},"acf":[],"_links":{"self":[{"href":"https:\/\/www.myautopartsfactory.com\/pt\/wp-json\/wp\/v2\/product\/5399","targetHints":{"allow":["GET"]}}],"collection":[{"href":"https:\/\/www.myautopartsfactory.com\/pt\/wp-json\/wp\/v2\/product"}],"about":[{"href":"https:\/\/www.myautopartsfactory.com\/pt\/wp-json\/wp\/v2\/types\/product"}],"version-history":[{"count":0,"href":"https:\/\/www.myautopartsfactory.com\/pt\/wp-json\/wp\/v2\/product\/5399\/revisions"}],"wp:featuredmedia":[{"embeddable":true,"href":"https:\/\/www.myautopartsfactory.com\/pt\/wp-json\/wp\/v2\/media\/5405"}],"wp:attachment":[{"href":"https:\/\/www.myautopartsfactory.com\/pt\/wp-json\/wp\/v2\/media?parent=5399"}],"wp:term":[{"taxonomy":"product-tag","embeddable":true,"href":"https:\/\/www.myautopartsfactory.com\/pt\/wp-json\/wp\/v2\/product-tag?post=5399"},{"taxonomy":"products","embeddable":true,"href":"https:\/\/www.myautopartsfactory.com\/pt\/wp-json\/wp\/v2\/products?post=5399"},{"taxonomy":"brand","embeddable":true,"href":"https:\/\/www.myautopartsfactory.com\/pt\/wp-json\/wp\/v2\/brand?post=5399"}],"curies":[{"name":"wp","href":"https:\/\/api.w.org\/{rel}","templated":true}]}}