{"id":4636,"date":"2025-02-08T14:43:22","date_gmt":"2025-02-08T06:43:22","guid":{"rendered":"https:\/\/www.myautopartsfactory.com\/product\/new-fuel-vapor-canister-solenoid-valve-22865590-84524035-for-chevy-gmc-buick-cadillac-2002-2019-2"},"modified":"2025-02-08T14:57:44","modified_gmt":"2025-02-08T06:57:44","slug":"new-fuel-vapor-canister-solenoid-valve-22865590-84524035-for-chevy-gmc-buick-cadillac-2002-2019","status":"publish","type":"product","link":"https:\/\/www.myautopartsfactory.com\/pt\/product\/new-fuel-vapor-canister-solenoid-valve-22865590-84524035-for-chevy-gmc-buick-cadillac-2002-2019","title":{"rendered":"Nova v\u00e1lvula solenoide do dep\u00f3sito de vapor de combust\u00edvel 22865590 84524035 Para Chevy GMC Buick Cadillac 2002-2019"},"content":{"rendered":"<h2 class=\"wp-block-heading\">Introdu\u00e7\u00e3o \u00e0 nova v\u00e1lvula solenoide do recipiente de vapor de combust\u00edvel<\/h2>\n\n\n\n<p>A nova v\u00e1lvula solenoide do recipiente de vapor de combust\u00edvel \u00e9 um componente chave do sistema de controlo de emiss\u00f5es evaporativas de combust\u00edvel do autom\u00f3vel, que \u00e9 cuidadosamente constru\u00eddo por uma empresa profissional de pe\u00e7as para autom\u00f3veis. Como o \u201cguardi\u00e3o ambiental\u201d do carro, \u00e9 principalmente respons\u00e1vel por controlar o fluxo de vapor de combust\u00edvel do tanque de vapor de combust\u00edvel para o coletor de admiss\u00e3o do motor. Atrav\u00e9s de um controlo preciso da abertura e do fecho, o vapor de combust\u00edvel pode entrar no motor de forma razo\u00e1vel para participar na combust\u00e3o, o que n\u00e3o s\u00f3 reduz o desperd\u00edcio causado pela volatiliza\u00e7\u00e3o do combust\u00edvel, como tamb\u00e9m reduz a emiss\u00e3o de gases nocivos, fornecendo uma forte garantia para a opera\u00e7\u00e3o de prote\u00e7\u00e3o ambiental e elevada efici\u00eancia do autom\u00f3vel.<\/p>\n\n\n\n<h2 class=\"wp-block-heading\">Carater\u00edsticas da nova v\u00e1lvula solenoide do recipiente de vapor de combust\u00edvel<\/h2>\n\n\n\n<h3 class=\"wp-block-heading\">(1) Tecnologia de controlo de alta precis\u00e3o<\/h3>\n\n\n\n<p>Adopta um princ\u00edpio de controlo eletromagn\u00e9tico avan\u00e7ado, equipado com uma bobina electromagn\u00e9tica de alta sensibilidade e um conjunto de n\u00facleo de v\u00e1lvula. Pode responder com precis\u00e3o \u00e0s instru\u00e7\u00f5es da unidade de controlo eletr\u00f3nico do ve\u00edculo (ECU), ajustar de forma r\u00e1pida e precisa o fluxo de vapor de combust\u00edvel, assegurar que o motor pode obter vapor de combust\u00edvel adequado em diferentes condi\u00e7\u00f5es de trabalho e otimizar o processo de combust\u00e3o.<\/p>\n\n\n\n<h3 class=\"wp-block-heading\">(2) Materiais dur\u00e1veis e conce\u00e7\u00e3o protetora<\/h3>\n\n\n\n<p>O inv\u00f3lucro \u00e9 feito de material de liga especial com alta resist\u00eancia, resist\u00eancia a altas temperaturas e resist\u00eancia \u00e0 corros\u00e3o qu\u00edmica, que pode resistir eficazmente ao ambiente agressivo de alta temperatura no compartimento do motor e \u00e0 corros\u00e3o de produtos qu\u00edmicos no vapor de combust\u00edvel. O design de veda\u00e7\u00e3o dupla \u00e9 adotado na parte de liga\u00e7\u00e3o, o que pode impedir eficazmente a entrada de impurezas como o vapor de \u00e1gua e o p\u00f3, proteger os componentes internos de precis\u00e3o, prolongar a vida \u00fatil do produto e assegurar o seu funcionamento est\u00e1vel em ambientes complexos.<\/p>\n\n\n\n<h3 class=\"wp-block-heading\">(3) Adapta\u00e7\u00e3o e ajustamento exactos<\/h3>\n\n\n\n<p>A equipa de I&amp;D realizou uma investiga\u00e7\u00e3o aprofundada sobre uma variedade de ve\u00edculos e um grande n\u00famero de testes de ve\u00edculos reais, e ajustou a v\u00e1lvula solenoide de acordo com as carater\u00edsticas do sistema de emiss\u00f5es evaporativas de combust\u00edvel de diferentes ve\u00edculos. Assegurar que pode ser perfeitamente combinada com o sistema original do ve\u00edculo ap\u00f3s a instala\u00e7\u00e3o, trabalhar de forma est\u00e1vel, n\u00e3o precisa de depura\u00e7\u00e3o adicional complicada e tem forte adaptabilidade.<\/p>\n\n\n\n<h2 class=\"wp-block-heading\">Aplica\u00e7\u00e3o<\/h2>\n\n\n\n<p>Adequado para todos os tipos de marcas de autom\u00f3veis, amplamente utilizado em ve\u00edculos urbanos, cami\u00f5es de carga de longa dist\u00e2ncia, ve\u00edculos de engenharia e assim por diante. Esta v\u00e1lvula solenoide pode funcionar de forma est\u00e1vel e controlar eficazmente a emiss\u00e3o de vapor de combust\u00edvel, quer arranque e pare frequentemente em estradas urbanas com engarrafamentos, conduza em vias r\u00e1pidas durante muito tempo, ou trabalhe em locais de engenharia com condi\u00e7\u00f5es de trabalho complexas.<\/p>\n\n\n\n<h2 class=\"wp-block-heading\">Clientes-alvo<\/h2>\n\n\n\n<p>Destina-se principalmente a clientes empresariais, como oficinas de repara\u00e7\u00e3o autom\u00f3vel, comerciantes de pe\u00e7as autom\u00f3veis e f\u00e1bricas de modifica\u00e7\u00e3o autom\u00f3vel. A oficina pode utiliz\u00e1-lo como um acess\u00f3rio de manuten\u00e7\u00e3o de alta qualidade para fornecer aos clientes servi\u00e7os de manuten\u00e7\u00e3o fi\u00e1veis; os revendedores de pe\u00e7as autom\u00f3veis podem introduzi-lo na linha de produtos para satisfazer a procura do mercado de pe\u00e7as de alta qualidade; a v\u00e1lvula solenoide pode assegurar o controlo preciso do sistema de emiss\u00f5es evaporativas de combust\u00edvel nas novas condi\u00e7\u00f5es de trabalho quando o ve\u00edculo \u00e9 atualizado na f\u00e1brica de modifica\u00e7\u00e3o de autom\u00f3veis.<\/p>\n\n\n\n<h2 class=\"wp-block-heading\">Manuten\u00e7\u00e3o<\/h2>\n\n\n\n<p>Verifique regularmente o aspeto da v\u00e1lvula solenoide para ver se existem sinais de danos ou folga do inv\u00f3lucro causados por vibra\u00e7\u00e3o e colis\u00e3o. A cada 10.000-20.000 km, limpe o obturador da v\u00e1lvula solenoide e a \u00e1rea circundante para evitar que a polui\u00e7\u00e3o por \u00f3leo e a acumula\u00e7\u00e3o de p\u00f3 afectem a transmiss\u00e3o do sinal. Prestar muita aten\u00e7\u00e3o ao consumo de combust\u00edvel e ao estado das emiss\u00f5es de escape dos ve\u00edculos. Se houver um aumento anormal do consumo de combust\u00edvel e do odor dos gases de escape, pode ser que a v\u00e1lvula solenoide esteja a funcionar de forma anormal e tenha de ser investigada a tempo. Evitar o estacionamento prolongado dos ve\u00edculos em ambientes com temperatura e humidade elevadas e evitar que os componentes internos das v\u00e1lvulas solen\u00f3ides enferrujem devido \u00e0 humidade.<\/p>\n\n\n\n<h2 class=\"wp-block-heading\">FAQ<\/h2>\n\n\n\n<h3 class=\"wp-block-heading\">(1) Quest\u00f5es de compatibilidade da adapta\u00e7\u00e3o<\/h3>\n\n\n\n<p>P: A nossa oficina efectua a manuten\u00e7\u00e3o de muitas marcas de ve\u00edculos. Qual \u00e9 a capacidade de adapta\u00e7\u00e3o desta electrov\u00e1lvula? S\u00e3o necess\u00e1rios ajustes especiais aquando da instala\u00e7\u00e3o de modelos diferentes?<\/p>\n\n\n\n<p>R: Esta electrov\u00e1lvula foi amplamente testada e adaptada \u00e0 maioria das marcas de autom\u00f3veis existentes no mercado. Para modelos comuns, pode ser substitu\u00edda diretamente sem ajustes especiais durante a instala\u00e7\u00e3o. No entanto, para alguns modelos profundamente modificados, como o sistema de admiss\u00e3o de ar do motor mudou muito, entre em contacto com a nossa equipa t\u00e9cnica antes da instala\u00e7\u00e3o para fornecer detalhes da modifica\u00e7\u00e3o do ve\u00edculo, e avaliaremos a adaptabilidade e forneceremos sugest\u00f5es de ajuste quando necess\u00e1rio para garantir o funcionamento normal da v\u00e1lvula solenoide.<\/p>\n\n\n\n<h3 class=\"wp-block-heading\">(2) Precau\u00e7\u00f5es de instala\u00e7\u00e3o<\/h3>\n\n\n\n<p>P: Quais s\u00e3o os pontos-chave a que se deve prestar especial aten\u00e7\u00e3o quando se instala esta v\u00e1lvula solenoide?<\/p>\n\n\n\n<p>R: Antes da instala\u00e7\u00e3o, estacione o ve\u00edculo num local seguro e ventilado, desligue o motor e desligue o negativo da bateria para evitar curto-circuitos durante o funcionamento. Aquando da instala\u00e7\u00e3o, consultar atentamente o manual de manuten\u00e7\u00e3o do ve\u00edculo, descobrir a posi\u00e7\u00e3o da v\u00e1lvula solenoide original e marcar a linha de liga\u00e7\u00e3o e o tipo de ficha. Ao remover a v\u00e1lvula solenoide antiga, desaparafusar cuidadosamente o parafuso de fixa\u00e7\u00e3o ou o fixador com ferramentas adequadas, retirar cuidadosamente a ficha e guardar corretamente as pe\u00e7as antigas para evitar danos nos componentes circundantes. Ao instalar uma nova v\u00e1lvula solenoide, prestar aten\u00e7\u00e3o ao orif\u00edcio de instala\u00e7\u00e3o e inseri-la na dire\u00e7\u00e3o correta, e fixar os parafusos ou fixadores para garantir que a instala\u00e7\u00e3o \u00e9 firme. Ao ligar a ficha, prestar aten\u00e7\u00e3o \u00e0s direc\u00e7\u00f5es positiva e negativa para evitar danificar a v\u00e1lvula solenoide ao inserir.<\/p>\n\n\n\n<h3 class=\"wp-block-heading\">(3) Garantia p\u00f3s-venda<\/h3>\n\n\n\n<p>P: Qual \u00e9 o processo p\u00f3s-venda se a v\u00e1lvula solenoide adquirida falhar durante a utiliza\u00e7\u00e3o?<\/p>\n\n\n\n<p>R: Fornecemos um servi\u00e7o p\u00f3s-venda perfeito. Se a v\u00e1lvula solenoide falhar, por favor contacte a nossa equipa de apoio ao cliente a tempo de fornecer o certificado de compra e a descri\u00e7\u00e3o da falha. Iremos providenciar t\u00e9cnicos profissionais para o diagn\u00f3stico remoto. Se for necess\u00e1rio regressar \u00e0 f\u00e1brica para manuten\u00e7\u00e3o, forneceremos o processo de devolu\u00e7\u00e3o e o endere\u00e7o detalhados. Durante o per\u00edodo de garantia, a v\u00e1lvula solenoide n\u00e3o danificada por humanos ser\u00e1 reparada ou substitu\u00edda gratuitamente; para al\u00e9m do per\u00edodo de garantia, tamb\u00e9m forneceremos servi\u00e7os de manuten\u00e7\u00e3o pagos para garantir que n\u00e3o tem preocupa\u00e7\u00f5es quanto \u00e0 sua utiliza\u00e7\u00e3o.<\/p>\n\n\n\n<h3 class=\"wp-block-heading\">(4) Vida \u00fatil dos produtos<\/h3>\n\n\n\n<p>P: Qual \u00e9 o tempo de vida \u00fatil desta v\u00e1lvula solenoide? Como prolongar a sua vida \u00fatil?<\/p>\n\n\n\n<p>R: Em condi\u00e7\u00f5es normais de utiliza\u00e7\u00e3o, a vida \u00fatil desta v\u00e1lvula solenoide \u00e9 mais longa. No entanto, a sua vida \u00fatil real ser\u00e1 afetada por factores como o ambiente de utiliza\u00e7\u00e3o do ve\u00edculo e as condi\u00e7\u00f5es de trabalho. Para prolongar a vida \u00fatil, recomenda-se a manuten\u00e7\u00e3o regular, como verificar o aspeto e limpar a ficha regularmente; evitar a condu\u00e7\u00e3o prolongada de ve\u00edculos em ambientes agressivos; quando o ve\u00edculo apresenta condi\u00e7\u00f5es anormais, como odor a combust\u00edvel e aumento do consumo de combust\u00edvel, verificar atempadamente se a v\u00e1lvula solenoide est\u00e1 avariada.<\/p>\n\n\n\n<h3 class=\"wp-block-heading\">(5) Coopera\u00e7\u00e3o com outros acess\u00f3rios<\/h3>\n\n\n\n<p>P: Como \u00e9 que esta v\u00e1lvula solenoide funciona em conjunto com outros acess\u00f3rios do sistema de combust\u00edvel do ve\u00edculo? Como resolver o problema da sinergia?<\/p>\n\n\n\n<p>R: A v\u00e1lvula solenoide funciona em coordena\u00e7\u00e3o com o reservat\u00f3rio de vapor de combust\u00edvel, o coletor de admiss\u00e3o do motor e outros componentes. Quando o motor se encontra numa condi\u00e7\u00e3o de funcionamento espec\u00edfica, a ECU controla a abertura da v\u00e1lvula solenoide, de modo a que o vapor de combust\u00edvel flua do reservat\u00f3rio de vapor de combust\u00edvel para o coletor de admiss\u00e3o para participar na combust\u00e3o. Se existirem problemas de coordena\u00e7\u00e3o, como um fluxo de vapor anormal, verificar primeiro se a v\u00e1lvula solenoide funciona normalmente e ler o c\u00f3digo de avaria atrav\u00e9s de equipamento de diagn\u00f3stico profissional. Se a v\u00e1lvula solenoide estiver normal, verifique outros acess\u00f3rios relacionados, tais como se o dep\u00f3sito de vapor de combust\u00edvel est\u00e1 bloqueado ou n\u00e3o e se o coletor de admiss\u00e3o tem fugas de ar. Se necess\u00e1rio, n\u00e3o hesite em contactar a nossa equipa t\u00e9cnica para obter ajuda.<\/p>","protected":false},"excerpt":{"rendered":"Introduction to New Fuel Vapor Canister Solenoid Valve The new fuel vapor canister solenoid valve is a key component of the automobile fuel evaporative emission control system, which is carefully built by a professional automobile parts company. Like the &#8220;environmental guardian&#8221; of the car, it is mainly responsible for controlling the flow of fuel vapor [&hellip;]","protected":false},"featured_media":1111,"menu_order":0,"template":"","meta":[],"product-tag":[],"products":[136],"brand":[56,57,58],"class_list":["post-4636","product","type-product","status-publish","has-post-thumbnail","hentry","products-vapor-canister-purge-valve","brand-buick","brand-chevrolet","brand-cadillac"],"yoast_head":"<!-- This site is optimized with the Yoast SEO plugin v27.3 - https:\/\/yoast.com\/product\/yoast-seo-wordpress\/ -->\n<title>New Fuel Vapor Canister Solenoid Valve 22865590 84524035 For Chevy GMC Buick Cadillac 2002-2019 - YZHIDIANF<\/title>\n<meta name=\"description\" content=\"The new fuel vapor canister solenoid valve is a key component of the automobile fuel evaporative emission control system.\" \/>\n<meta name=\"robots\" content=\"index, follow, max-snippet:-1, max-image-preview:large, max-video-preview:-1\" \/>\n<link rel=\"canonical\" href=\"https:\/\/www.myautopartsfactory.com\/pt\/product\/new-fuel-vapor-canister-solenoid-valve-22865590-84524035-for-chevy-gmc-buick-cadillac-2002-2019\/\" \/>\n<meta property=\"og:locale\" content=\"pt_PT\" \/>\n<meta property=\"og:type\" content=\"article\" \/>\n<meta property=\"og:title\" content=\"New Fuel Vapor Canister Solenoid Valve 22865590 84524035 For Chevy GMC Buick Cadillac 2002-2019 - YZHIDIANF\" \/>\n<meta property=\"og:description\" content=\"The new fuel vapor canister solenoid valve is a key component of the automobile fuel evaporative emission control system.\" \/>\n<meta property=\"og:url\" content=\"https:\/\/www.myautopartsfactory.com\/pt\/product\/new-fuel-vapor-canister-solenoid-valve-22865590-84524035-for-chevy-gmc-buick-cadillac-2002-2019\/\" \/>\n<meta property=\"og:site_name\" content=\"YZHIDIANF\" \/>\n<meta property=\"article:modified_time\" content=\"2025-02-08T06:57:44+00:00\" \/>\n<meta property=\"og:image\" content=\"https:\/\/www.myautopartsfactory.com\/wp-content\/uploads\/2024\/06\/84524035-6.jpg\" \/>\n\t<meta property=\"og:image:width\" content=\"800\" \/>\n\t<meta property=\"og:image:height\" content=\"800\" \/>\n\t<meta property=\"og:image:type\" content=\"image\/jpeg\" \/>\n<meta name=\"twitter:card\" content=\"summary_large_image\" \/>\n<meta name=\"twitter:label1\" content=\"Tempo estimado de leitura\" \/>\n\t<meta name=\"twitter:data1\" content=\"7 minutos\" \/>\n<script type=\"application\/ld+json\" class=\"yoast-schema-graph\">{\"@context\":\"https:\\\/\\\/schema.org\",\"@graph\":[{\"@type\":\"WebPage\",\"@id\":\"https:\\\/\\\/www.myautopartsfactory.com\\\/product\\\/new-fuel-vapor-canister-solenoid-valve-22865590-84524035-for-chevy-gmc-buick-cadillac-2002-2019\",\"url\":\"https:\\\/\\\/www.myautopartsfactory.com\\\/product\\\/new-fuel-vapor-canister-solenoid-valve-22865590-84524035-for-chevy-gmc-buick-cadillac-2002-2019\",\"name\":\"New Fuel Vapor Canister Solenoid Valve 22865590 84524035 For Chevy GMC Buick Cadillac 2002-2019 - YZHIDIANF\",\"isPartOf\":{\"@id\":\"https:\\\/\\\/www.myautopartsfactory.com\\\/#website\"},\"primaryImageOfPage\":{\"@id\":\"https:\\\/\\\/www.myautopartsfactory.com\\\/product\\\/new-fuel-vapor-canister-solenoid-valve-22865590-84524035-for-chevy-gmc-buick-cadillac-2002-2019#primaryimage\"},\"image\":{\"@id\":\"https:\\\/\\\/www.myautopartsfactory.com\\\/product\\\/new-fuel-vapor-canister-solenoid-valve-22865590-84524035-for-chevy-gmc-buick-cadillac-2002-2019#primaryimage\"},\"thumbnailUrl\":\"https:\\\/\\\/www.myautopartsfactory.com\\\/wp-content\\\/uploads\\\/2024\\\/06\\\/84524035-6.jpg\",\"datePublished\":\"2025-02-08T06:43:22+00:00\",\"dateModified\":\"2025-02-08T06:57:44+00:00\",\"description\":\"The new fuel vapor canister solenoid valve is a key component of the automobile fuel evaporative emission control system.\",\"breadcrumb\":{\"@id\":\"https:\\\/\\\/www.myautopartsfactory.com\\\/product\\\/new-fuel-vapor-canister-solenoid-valve-22865590-84524035-for-chevy-gmc-buick-cadillac-2002-2019#breadcrumb\"},\"inLanguage\":\"pt-PT\",\"potentialAction\":[{\"@type\":\"ReadAction\",\"target\":[\"https:\\\/\\\/www.myautopartsfactory.com\\\/product\\\/new-fuel-vapor-canister-solenoid-valve-22865590-84524035-for-chevy-gmc-buick-cadillac-2002-2019\"]}]},{\"@type\":\"ImageObject\",\"inLanguage\":\"pt-PT\",\"@id\":\"https:\\\/\\\/www.myautopartsfactory.com\\\/product\\\/new-fuel-vapor-canister-solenoid-valve-22865590-84524035-for-chevy-gmc-buick-cadillac-2002-2019#primaryimage\",\"url\":\"https:\\\/\\\/www.myautopartsfactory.com\\\/wp-content\\\/uploads\\\/2024\\\/06\\\/84524035-6.jpg\",\"contentUrl\":\"https:\\\/\\\/www.myautopartsfactory.com\\\/wp-content\\\/uploads\\\/2024\\\/06\\\/84524035-6.jpg\",\"width\":800,\"height\":800,\"caption\":\"New Fuel Vapor Canister Solenoid Valve\"},{\"@type\":\"BreadcrumbList\",\"@id\":\"https:\\\/\\\/www.myautopartsfactory.com\\\/product\\\/new-fuel-vapor-canister-solenoid-valve-22865590-84524035-for-chevy-gmc-buick-cadillac-2002-2019#breadcrumb\",\"itemListElement\":[{\"@type\":\"ListItem\",\"position\":1,\"name\":\"\u9996\u9875\",\"item\":\"https:\\\/\\\/www.myautopartsfactory.com\\\/\"},{\"@type\":\"ListItem\",\"position\":2,\"name\":\"New Fuel Vapor Canister Solenoid Valve 22865590 84524035 For Chevy GMC Buick Cadillac 2002-2019\"}]},{\"@type\":\"WebSite\",\"@id\":\"https:\\\/\\\/www.myautopartsfactory.com\\\/#website\",\"url\":\"https:\\\/\\\/www.myautopartsfactory.com\\\/\",\"name\":\"YZHIDIANF\",\"description\":\"One-Stop Auto Parts Supplier\",\"publisher\":{\"@id\":\"https:\\\/\\\/www.myautopartsfactory.com\\\/#organization\"},\"potentialAction\":[{\"@type\":\"SearchAction\",\"target\":{\"@type\":\"EntryPoint\",\"urlTemplate\":\"https:\\\/\\\/www.myautopartsfactory.com\\\/?s={search_term_string}\"},\"query-input\":{\"@type\":\"PropertyValueSpecification\",\"valueRequired\":true,\"valueName\":\"search_term_string\"}}],\"inLanguage\":\"pt-PT\"},{\"@type\":\"Organization\",\"@id\":\"https:\\\/\\\/www.myautopartsfactory.com\\\/#organization\",\"name\":\"YZHIDIANF\",\"url\":\"https:\\\/\\\/www.myautopartsfactory.com\\\/\",\"logo\":{\"@type\":\"ImageObject\",\"inLanguage\":\"pt-PT\",\"@id\":\"https:\\\/\\\/www.myautopartsfactory.com\\\/#\\\/schema\\\/logo\\\/image\\\/\",\"url\":\"https:\\\/\\\/www.myautopartsfactory.com\\\/wp-content\\\/uploads\\\/2024\\\/05\\\/fav.jpg\",\"contentUrl\":\"https:\\\/\\\/www.myautopartsfactory.com\\\/wp-content\\\/uploads\\\/2024\\\/05\\\/fav.jpg\",\"width\":80,\"height\":80,\"caption\":\"YZHIDIANF\"},\"image\":{\"@id\":\"https:\\\/\\\/www.myautopartsfactory.com\\\/#\\\/schema\\\/logo\\\/image\\\/\"}}]}<\/script>\n<!-- \/ Yoast SEO plugin. -->","yoast_head_json":{"title":"Nova v\u00e1lvula solenoide do dep\u00f3sito de vapor de combust\u00edvel 22865590 84524035 Para Chevy GMC Buick Cadillac 2002-2019 - YZHIDIANF","description":"A nova v\u00e1lvula solenoide do recipiente de vapor de combust\u00edvel \u00e9 um componente essencial do sistema de controlo das emiss\u00f5es por evapora\u00e7\u00e3o do combust\u00edvel dos autom\u00f3veis.","robots":{"index":"index","follow":"follow","max-snippet":"max-snippet:-1","max-image-preview":"max-image-preview:large","max-video-preview":"max-video-preview:-1"},"canonical":"https:\/\/www.myautopartsfactory.com\/pt\/product\/new-fuel-vapor-canister-solenoid-valve-22865590-84524035-for-chevy-gmc-buick-cadillac-2002-2019\/","og_locale":"pt_PT","og_type":"article","og_title":"New Fuel Vapor Canister Solenoid Valve 22865590 84524035 For Chevy GMC Buick Cadillac 2002-2019 - YZHIDIANF","og_description":"The new fuel vapor canister solenoid valve is a key component of the automobile fuel evaporative emission control system.","og_url":"https:\/\/www.myautopartsfactory.com\/pt\/product\/new-fuel-vapor-canister-solenoid-valve-22865590-84524035-for-chevy-gmc-buick-cadillac-2002-2019\/","og_site_name":"YZHIDIANF","article_modified_time":"2025-02-08T06:57:44+00:00","og_image":[{"width":800,"height":800,"url":"https:\/\/www.myautopartsfactory.com\/wp-content\/uploads\/2024\/06\/84524035-6.jpg","type":"image\/jpeg"}],"twitter_card":"summary_large_image","twitter_misc":{"Tempo estimado de leitura":"7 minutos"},"schema":{"@context":"https:\/\/schema.org","@graph":[{"@type":"WebPage","@id":"https:\/\/www.myautopartsfactory.com\/product\/new-fuel-vapor-canister-solenoid-valve-22865590-84524035-for-chevy-gmc-buick-cadillac-2002-2019","url":"https:\/\/www.myautopartsfactory.com\/product\/new-fuel-vapor-canister-solenoid-valve-22865590-84524035-for-chevy-gmc-buick-cadillac-2002-2019","name":"Nova v\u00e1lvula solenoide do dep\u00f3sito de vapor de combust\u00edvel 22865590 84524035 Para Chevy GMC Buick Cadillac 2002-2019 - YZHIDIANF","isPartOf":{"@id":"https:\/\/www.myautopartsfactory.com\/#website"},"primaryImageOfPage":{"@id":"https:\/\/www.myautopartsfactory.com\/product\/new-fuel-vapor-canister-solenoid-valve-22865590-84524035-for-chevy-gmc-buick-cadillac-2002-2019#primaryimage"},"image":{"@id":"https:\/\/www.myautopartsfactory.com\/product\/new-fuel-vapor-canister-solenoid-valve-22865590-84524035-for-chevy-gmc-buick-cadillac-2002-2019#primaryimage"},"thumbnailUrl":"https:\/\/www.myautopartsfactory.com\/wp-content\/uploads\/2024\/06\/84524035-6.jpg","datePublished":"2025-02-08T06:43:22+00:00","dateModified":"2025-02-08T06:57:44+00:00","description":"A nova v\u00e1lvula solenoide do recipiente de vapor de combust\u00edvel \u00e9 um componente essencial do sistema de controlo das emiss\u00f5es por evapora\u00e7\u00e3o do combust\u00edvel dos autom\u00f3veis.","breadcrumb":{"@id":"https:\/\/www.myautopartsfactory.com\/product\/new-fuel-vapor-canister-solenoid-valve-22865590-84524035-for-chevy-gmc-buick-cadillac-2002-2019#breadcrumb"},"inLanguage":"pt-PT","potentialAction":[{"@type":"ReadAction","target":["https:\/\/www.myautopartsfactory.com\/product\/new-fuel-vapor-canister-solenoid-valve-22865590-84524035-for-chevy-gmc-buick-cadillac-2002-2019"]}]},{"@type":"ImageObject","inLanguage":"pt-PT","@id":"https:\/\/www.myautopartsfactory.com\/product\/new-fuel-vapor-canister-solenoid-valve-22865590-84524035-for-chevy-gmc-buick-cadillac-2002-2019#primaryimage","url":"https:\/\/www.myautopartsfactory.com\/wp-content\/uploads\/2024\/06\/84524035-6.jpg","contentUrl":"https:\/\/www.myautopartsfactory.com\/wp-content\/uploads\/2024\/06\/84524035-6.jpg","width":800,"height":800,"caption":"New Fuel Vapor Canister Solenoid Valve"},{"@type":"BreadcrumbList","@id":"https:\/\/www.myautopartsfactory.com\/product\/new-fuel-vapor-canister-solenoid-valve-22865590-84524035-for-chevy-gmc-buick-cadillac-2002-2019#breadcrumb","itemListElement":[{"@type":"ListItem","position":1,"name":"\u9996\u9875","item":"https:\/\/www.myautopartsfactory.com\/"},{"@type":"ListItem","position":2,"name":"New Fuel Vapor Canister Solenoid Valve 22865590 84524035 For Chevy GMC Buick Cadillac 2002-2019"}]},{"@type":"WebSite","@id":"https:\/\/www.myautopartsfactory.com\/#website","url":"https:\/\/www.myautopartsfactory.com\/","name":"YZHIDIANF","description":"Fornecedor \u00fanico de pe\u00e7as para autom\u00f3veis","publisher":{"@id":"https:\/\/www.myautopartsfactory.com\/#organization"},"potentialAction":[{"@type":"SearchAction","target":{"@type":"EntryPoint","urlTemplate":"https:\/\/www.myautopartsfactory.com\/?s={search_term_string}"},"query-input":{"@type":"PropertyValueSpecification","valueRequired":true,"valueName":"search_term_string"}}],"inLanguage":"pt-PT"},{"@type":"Organization","@id":"https:\/\/www.myautopartsfactory.com\/#organization","name":"YZHIDIANF","url":"https:\/\/www.myautopartsfactory.com\/","logo":{"@type":"ImageObject","inLanguage":"pt-PT","@id":"https:\/\/www.myautopartsfactory.com\/#\/schema\/logo\/image\/","url":"https:\/\/www.myautopartsfactory.com\/wp-content\/uploads\/2024\/05\/fav.jpg","contentUrl":"https:\/\/www.myautopartsfactory.com\/wp-content\/uploads\/2024\/05\/fav.jpg","width":80,"height":80,"caption":"YZHIDIANF"},"image":{"@id":"https:\/\/www.myautopartsfactory.com\/#\/schema\/logo\/image\/"}}]}},"acf":[],"_links":{"self":[{"href":"https:\/\/www.myautopartsfactory.com\/pt\/wp-json\/wp\/v2\/product\/4636","targetHints":{"allow":["GET"]}}],"collection":[{"href":"https:\/\/www.myautopartsfactory.com\/pt\/wp-json\/wp\/v2\/product"}],"about":[{"href":"https:\/\/www.myautopartsfactory.com\/pt\/wp-json\/wp\/v2\/types\/product"}],"version-history":[{"count":0,"href":"https:\/\/www.myautopartsfactory.com\/pt\/wp-json\/wp\/v2\/product\/4636\/revisions"}],"wp:featuredmedia":[{"embeddable":true,"href":"https:\/\/www.myautopartsfactory.com\/pt\/wp-json\/wp\/v2\/media\/1111"}],"wp:attachment":[{"href":"https:\/\/www.myautopartsfactory.com\/pt\/wp-json\/wp\/v2\/media?parent=4636"}],"wp:term":[{"taxonomy":"product-tag","embeddable":true,"href":"https:\/\/www.myautopartsfactory.com\/pt\/wp-json\/wp\/v2\/product-tag?post=4636"},{"taxonomy":"products","embeddable":true,"href":"https:\/\/www.myautopartsfactory.com\/pt\/wp-json\/wp\/v2\/products?post=4636"},{"taxonomy":"brand","embeddable":true,"href":"https:\/\/www.myautopartsfactory.com\/pt\/wp-json\/wp\/v2\/brand?post=4636"}],"curies":[{"name":"wp","href":"https:\/\/api.w.org\/{rel}","templated":true}]}}