{"id":4564,"date":"2025-02-08T11:00:22","date_gmt":"2025-02-08T03:00:22","guid":{"rendered":"https:\/\/www.myautopartsfactory.com\/?post_type=product&#038;p=4564"},"modified":"2025-02-08T11:00:24","modified_gmt":"2025-02-08T03:00:24","slug":"new-fuel-suction-control-valve-294009-0120-294200-0660-for-mazda-nissan","status":"publish","type":"product","link":"https:\/\/www.myautopartsfactory.com\/pt\/product\/new-fuel-suction-control-valve-294009-0120-294200-0660-for-mazda-nissan","title":{"rendered":"Nova V\u00e1lvula de Controlo de Suc\u00e7\u00e3o de Combust\u00edvel 294009-0120 294200-0660 Para Mazda Nissan"},"content":{"rendered":"<h2 class=\"wp-block-heading\">Carater\u00edsticas e vantagens:<\/h2>\n\n\n\n<ul class=\"wp-block-list\">\n<li>Fabricado de acordo com as especifica\u00e7\u00f5es de f\u00e1brica para uma instala\u00e7\u00e3o sem problemas.<\/li>\n\n\n\n<li>Encaixe perfeito, instala\u00e7\u00e3o f\u00e1cil<\/li>\n\n\n\n<li>Designed as a direct replacement for your original Suction Control Valve, ensuring excellent fitment and performance.<\/li>\n<\/ul>\n\n\n\n<h2 class=\"wp-block-heading\">Carater\u00edsticas do produto\uff1a<\/h2>\n\n\n\n<ul class=\"wp-block-list\">\n<li>Prevent cavitation: Cavitation is a negative phenomenon caused by low pressure in liquid flow. It can help maintain a certain suction pressure, prevent cavitation, and protect pumps and other equipment from damage.<\/li>\n\n\n\n<li>Pressure stability: The SCV valve ensures that the hydraulic pump operates within a safe pressure range by adjusting the suction pressure. It can automatically adjust to avoid low suction pressure and ensure the normal operation of the pump.<\/li>\n\n\n\n<li>Protect equipment: By effectively controlling the suction pressure, the service life of the hydraulic pump and other equipment in the system can be extended, and damage caused by overload or cavitation can be reduced.<\/li>\n<\/ul>","protected":false},"excerpt":{"rendered":"Features &amp; Benefits: Product Features\uff1a","protected":false},"featured_media":4570,"menu_order":0,"template":"","meta":[],"product-tag":[],"products":[125],"brand":[45,48],"class_list":["post-4564","product","type-product","status-publish","has-post-thumbnail","hentry","products-suction-control-valve","brand-nissan","brand-mazda"],"yoast_head":"<!-- This site is optimized with the Yoast SEO plugin v27.3 - https:\/\/yoast.com\/product\/yoast-seo-wordpress\/ -->\n<title>New Fuel Suction Control Valve 294009-0120 294200-0660 For Mazda Nissan - YZHIDIANF<\/title>\n<meta name=\"robots\" content=\"index, follow, max-snippet:-1, max-image-preview:large, max-video-preview:-1\" \/>\n<link rel=\"canonical\" href=\"https:\/\/www.myautopartsfactory.com\/pt\/product\/new-fuel-suction-control-valve-294009-0120-294200-0660-for-mazda-nissan\/\" \/>\n<meta property=\"og:locale\" content=\"pt_PT\" \/>\n<meta property=\"og:type\" content=\"article\" \/>\n<meta property=\"og:title\" content=\"New Fuel Suction Control Valve 294009-0120 294200-0660 For Mazda Nissan - YZHIDIANF\" \/>\n<meta property=\"og:description\" content=\"Features &amp; Benefits: Product Features\uff1a\" \/>\n<meta property=\"og:url\" content=\"https:\/\/www.myautopartsfactory.com\/pt\/product\/new-fuel-suction-control-valve-294009-0120-294200-0660-for-mazda-nissan\/\" \/>\n<meta property=\"og:site_name\" content=\"YZHIDIANF\" \/>\n<meta property=\"article:modified_time\" content=\"2025-02-08T03:00:24+00:00\" \/>\n<meta property=\"og:image\" content=\"https:\/\/www.myautopartsfactory.com\/wp-content\/uploads\/2025\/02\/294200-0660-6-scaled.jpg\" \/>\n\t<meta property=\"og:image:width\" content=\"2560\" \/>\n\t<meta property=\"og:image:height\" content=\"2560\" \/>\n\t<meta property=\"og:image:type\" content=\"image\/jpeg\" \/>\n<meta name=\"twitter:card\" content=\"summary_large_image\" \/>\n<meta name=\"twitter:label1\" content=\"Tempo estimado de leitura\" \/>\n\t<meta name=\"twitter:data1\" content=\"1 minuto\" \/>\n<script type=\"application\/ld+json\" class=\"yoast-schema-graph\">{\"@context\":\"https:\\\/\\\/schema.org\",\"@graph\":[{\"@type\":\"WebPage\",\"@id\":\"https:\\\/\\\/www.myautopartsfactory.com\\\/product\\\/new-fuel-suction-control-valve-294009-0120-294200-0660-for-mazda-nissan\",\"url\":\"https:\\\/\\\/www.myautopartsfactory.com\\\/product\\\/new-fuel-suction-control-valve-294009-0120-294200-0660-for-mazda-nissan\",\"name\":\"New Fuel Suction Control Valve 294009-0120 294200-0660 For Mazda Nissan - YZHIDIANF\",\"isPartOf\":{\"@id\":\"https:\\\/\\\/www.myautopartsfactory.com\\\/#website\"},\"primaryImageOfPage\":{\"@id\":\"https:\\\/\\\/www.myautopartsfactory.com\\\/product\\\/new-fuel-suction-control-valve-294009-0120-294200-0660-for-mazda-nissan#primaryimage\"},\"image\":{\"@id\":\"https:\\\/\\\/www.myautopartsfactory.com\\\/product\\\/new-fuel-suction-control-valve-294009-0120-294200-0660-for-mazda-nissan#primaryimage\"},\"thumbnailUrl\":\"https:\\\/\\\/www.myautopartsfactory.com\\\/wp-content\\\/uploads\\\/2025\\\/02\\\/294200-0660-6-scaled.jpg\",\"datePublished\":\"2025-02-08T03:00:22+00:00\",\"dateModified\":\"2025-02-08T03:00:24+00:00\",\"breadcrumb\":{\"@id\":\"https:\\\/\\\/www.myautopartsfactory.com\\\/product\\\/new-fuel-suction-control-valve-294009-0120-294200-0660-for-mazda-nissan#breadcrumb\"},\"inLanguage\":\"pt-PT\",\"potentialAction\":[{\"@type\":\"ReadAction\",\"target\":[\"https:\\\/\\\/www.myautopartsfactory.com\\\/product\\\/new-fuel-suction-control-valve-294009-0120-294200-0660-for-mazda-nissan\"]}]},{\"@type\":\"ImageObject\",\"inLanguage\":\"pt-PT\",\"@id\":\"https:\\\/\\\/www.myautopartsfactory.com\\\/product\\\/new-fuel-suction-control-valve-294009-0120-294200-0660-for-mazda-nissan#primaryimage\",\"url\":\"https:\\\/\\\/www.myautopartsfactory.com\\\/wp-content\\\/uploads\\\/2025\\\/02\\\/294200-0660-6-scaled.jpg\",\"contentUrl\":\"https:\\\/\\\/www.myautopartsfactory.com\\\/wp-content\\\/uploads\\\/2025\\\/02\\\/294200-0660-6-scaled.jpg\",\"width\":2560,\"height\":2560},{\"@type\":\"BreadcrumbList\",\"@id\":\"https:\\\/\\\/www.myautopartsfactory.com\\\/product\\\/new-fuel-suction-control-valve-294009-0120-294200-0660-for-mazda-nissan#breadcrumb\",\"itemListElement\":[{\"@type\":\"ListItem\",\"position\":1,\"name\":\"\u9996\u9875\",\"item\":\"https:\\\/\\\/www.myautopartsfactory.com\\\/\"},{\"@type\":\"ListItem\",\"position\":2,\"name\":\"New Fuel Suction Control Valve 294009-0120 294200-0660 For Mazda Nissan\"}]},{\"@type\":\"WebSite\",\"@id\":\"https:\\\/\\\/www.myautopartsfactory.com\\\/#website\",\"url\":\"https:\\\/\\\/www.myautopartsfactory.com\\\/\",\"name\":\"YZHIDIANF\",\"description\":\"One-Stop Auto Parts Supplier\",\"publisher\":{\"@id\":\"https:\\\/\\\/www.myautopartsfactory.com\\\/#organization\"},\"potentialAction\":[{\"@type\":\"SearchAction\",\"target\":{\"@type\":\"EntryPoint\",\"urlTemplate\":\"https:\\\/\\\/www.myautopartsfactory.com\\\/?s={search_term_string}\"},\"query-input\":{\"@type\":\"PropertyValueSpecification\",\"valueRequired\":true,\"valueName\":\"search_term_string\"}}],\"inLanguage\":\"pt-PT\"},{\"@type\":\"Organization\",\"@id\":\"https:\\\/\\\/www.myautopartsfactory.com\\\/#organization\",\"name\":\"YZHIDIANF\",\"url\":\"https:\\\/\\\/www.myautopartsfactory.com\\\/\",\"logo\":{\"@type\":\"ImageObject\",\"inLanguage\":\"pt-PT\",\"@id\":\"https:\\\/\\\/www.myautopartsfactory.com\\\/#\\\/schema\\\/logo\\\/image\\\/\",\"url\":\"https:\\\/\\\/www.myautopartsfactory.com\\\/wp-content\\\/uploads\\\/2024\\\/05\\\/fav.jpg\",\"contentUrl\":\"https:\\\/\\\/www.myautopartsfactory.com\\\/wp-content\\\/uploads\\\/2024\\\/05\\\/fav.jpg\",\"width\":80,\"height\":80,\"caption\":\"YZHIDIANF\"},\"image\":{\"@id\":\"https:\\\/\\\/www.myautopartsfactory.com\\\/#\\\/schema\\\/logo\\\/image\\\/\"}}]}<\/script>\n<!-- \/ Yoast SEO plugin. -->","yoast_head_json":{"title":"New Fuel Suction Control Valve 294009-0120 294200-0660 For Mazda Nissan - YZHIDIANF","robots":{"index":"index","follow":"follow","max-snippet":"max-snippet:-1","max-image-preview":"max-image-preview:large","max-video-preview":"max-video-preview:-1"},"canonical":"https:\/\/www.myautopartsfactory.com\/pt\/product\/new-fuel-suction-control-valve-294009-0120-294200-0660-for-mazda-nissan\/","og_locale":"pt_PT","og_type":"article","og_title":"New Fuel Suction Control Valve 294009-0120 294200-0660 For Mazda Nissan - YZHIDIANF","og_description":"Features &amp; Benefits: Product Features\uff1a","og_url":"https:\/\/www.myautopartsfactory.com\/pt\/product\/new-fuel-suction-control-valve-294009-0120-294200-0660-for-mazda-nissan\/","og_site_name":"YZHIDIANF","article_modified_time":"2025-02-08T03:00:24+00:00","og_image":[{"width":2560,"height":2560,"url":"https:\/\/www.myautopartsfactory.com\/wp-content\/uploads\/2025\/02\/294200-0660-6-scaled.jpg","type":"image\/jpeg"}],"twitter_card":"summary_large_image","twitter_misc":{"Tempo estimado de leitura":"1 minuto"},"schema":{"@context":"https:\/\/schema.org","@graph":[{"@type":"WebPage","@id":"https:\/\/www.myautopartsfactory.com\/product\/new-fuel-suction-control-valve-294009-0120-294200-0660-for-mazda-nissan","url":"https:\/\/www.myautopartsfactory.com\/product\/new-fuel-suction-control-valve-294009-0120-294200-0660-for-mazda-nissan","name":"New Fuel Suction Control Valve 294009-0120 294200-0660 For Mazda Nissan - YZHIDIANF","isPartOf":{"@id":"https:\/\/www.myautopartsfactory.com\/#website"},"primaryImageOfPage":{"@id":"https:\/\/www.myautopartsfactory.com\/product\/new-fuel-suction-control-valve-294009-0120-294200-0660-for-mazda-nissan#primaryimage"},"image":{"@id":"https:\/\/www.myautopartsfactory.com\/product\/new-fuel-suction-control-valve-294009-0120-294200-0660-for-mazda-nissan#primaryimage"},"thumbnailUrl":"https:\/\/www.myautopartsfactory.com\/wp-content\/uploads\/2025\/02\/294200-0660-6-scaled.jpg","datePublished":"2025-02-08T03:00:22+00:00","dateModified":"2025-02-08T03:00:24+00:00","breadcrumb":{"@id":"https:\/\/www.myautopartsfactory.com\/product\/new-fuel-suction-control-valve-294009-0120-294200-0660-for-mazda-nissan#breadcrumb"},"inLanguage":"pt-PT","potentialAction":[{"@type":"ReadAction","target":["https:\/\/www.myautopartsfactory.com\/product\/new-fuel-suction-control-valve-294009-0120-294200-0660-for-mazda-nissan"]}]},{"@type":"ImageObject","inLanguage":"pt-PT","@id":"https:\/\/www.myautopartsfactory.com\/product\/new-fuel-suction-control-valve-294009-0120-294200-0660-for-mazda-nissan#primaryimage","url":"https:\/\/www.myautopartsfactory.com\/wp-content\/uploads\/2025\/02\/294200-0660-6-scaled.jpg","contentUrl":"https:\/\/www.myautopartsfactory.com\/wp-content\/uploads\/2025\/02\/294200-0660-6-scaled.jpg","width":2560,"height":2560},{"@type":"BreadcrumbList","@id":"https:\/\/www.myautopartsfactory.com\/product\/new-fuel-suction-control-valve-294009-0120-294200-0660-for-mazda-nissan#breadcrumb","itemListElement":[{"@type":"ListItem","position":1,"name":"\u9996\u9875","item":"https:\/\/www.myautopartsfactory.com\/"},{"@type":"ListItem","position":2,"name":"New Fuel Suction Control Valve 294009-0120 294200-0660 For Mazda Nissan"}]},{"@type":"WebSite","@id":"https:\/\/www.myautopartsfactory.com\/#website","url":"https:\/\/www.myautopartsfactory.com\/","name":"YZHIDIANF","description":"Fornecedor \u00fanico de pe\u00e7as para autom\u00f3veis","publisher":{"@id":"https:\/\/www.myautopartsfactory.com\/#organization"},"potentialAction":[{"@type":"SearchAction","target":{"@type":"EntryPoint","urlTemplate":"https:\/\/www.myautopartsfactory.com\/?s={search_term_string}"},"query-input":{"@type":"PropertyValueSpecification","valueRequired":true,"valueName":"search_term_string"}}],"inLanguage":"pt-PT"},{"@type":"Organization","@id":"https:\/\/www.myautopartsfactory.com\/#organization","name":"YZHIDIANF","url":"https:\/\/www.myautopartsfactory.com\/","logo":{"@type":"ImageObject","inLanguage":"pt-PT","@id":"https:\/\/www.myautopartsfactory.com\/#\/schema\/logo\/image\/","url":"https:\/\/www.myautopartsfactory.com\/wp-content\/uploads\/2024\/05\/fav.jpg","contentUrl":"https:\/\/www.myautopartsfactory.com\/wp-content\/uploads\/2024\/05\/fav.jpg","width":80,"height":80,"caption":"YZHIDIANF"},"image":{"@id":"https:\/\/www.myautopartsfactory.com\/#\/schema\/logo\/image\/"}}]}},"acf":[],"_links":{"self":[{"href":"https:\/\/www.myautopartsfactory.com\/pt\/wp-json\/wp\/v2\/product\/4564","targetHints":{"allow":["GET"]}}],"collection":[{"href":"https:\/\/www.myautopartsfactory.com\/pt\/wp-json\/wp\/v2\/product"}],"about":[{"href":"https:\/\/www.myautopartsfactory.com\/pt\/wp-json\/wp\/v2\/types\/product"}],"version-history":[{"count":0,"href":"https:\/\/www.myautopartsfactory.com\/pt\/wp-json\/wp\/v2\/product\/4564\/revisions"}],"wp:featuredmedia":[{"embeddable":true,"href":"https:\/\/www.myautopartsfactory.com\/pt\/wp-json\/wp\/v2\/media\/4570"}],"wp:attachment":[{"href":"https:\/\/www.myautopartsfactory.com\/pt\/wp-json\/wp\/v2\/media?parent=4564"}],"wp:term":[{"taxonomy":"product-tag","embeddable":true,"href":"https:\/\/www.myautopartsfactory.com\/pt\/wp-json\/wp\/v2\/product-tag?post=4564"},{"taxonomy":"products","embeddable":true,"href":"https:\/\/www.myautopartsfactory.com\/pt\/wp-json\/wp\/v2\/products?post=4564"},{"taxonomy":"brand","embeddable":true,"href":"https:\/\/www.myautopartsfactory.com\/pt\/wp-json\/wp\/v2\/brand?post=4564"}],"curies":[{"name":"wp","href":"https:\/\/api.w.org\/{rel}","templated":true}]}}