{"id":4384,"date":"2025-01-05T20:24:32","date_gmt":"2025-01-05T12:24:32","guid":{"rendered":"https:\/\/www.myautopartsfactory.com\/product\/fuel-injector-nozzle-a46-h12-16600-73c00-for-nissan-almera-n15-primera-p11-sunny-n14-y10-1-6l-2"},"modified":"2025-02-10T15:10:05","modified_gmt":"2025-02-10T07:10:05","slug":"fuel-injector-nozzle-a46-h12-16600-73c00-for-nissan-almera-n15-primera-p11-sunny-n14-y10-1-6l","status":"publish","type":"product","link":"https:\/\/www.myautopartsfactory.com\/pt\/product\/fuel-injector-nozzle-a46-h12-16600-73c00-for-nissan-almera-n15-primera-p11-sunny-n14-y10-1-6l","title":{"rendered":"Bocal do Injetor de Combust\u00edvel A46-H12 16600-73C00 para Nissan Almera N15 Primera P11 Sunny N14 Y10 1.6L"},"content":{"rendered":"<h2 class=\"wp-block-heading\">Introdu\u00e7\u00e3o ao Bico Injetor de Combust\u00edvel <\/h2>\n\n\n\n<p>O Bico Injetor de Combust\u00edvel da Zhenhua Auto Parts Company \u00e9 especialmente concebido para Nissan Almera N15, Primera P11, Sunny N14, Y10 e outros modelos 1.6L. \u00c9 o componente principal do sistema de inje\u00e7\u00e3o de combust\u00edvel do motor, tal como o \u201cnutricionista\u201d do motor, que controla com precis\u00e3o a quantidade de inje\u00e7\u00e3o de combust\u00edvel e o efeito de atomiza\u00e7\u00e3o. Os produtos s\u00e3o concebidos e fabricados em estrita conformidade com as normas originais da Nissan, utilizando materiais de alta qualidade para garantir a sua excelente durabilidade e adaptabilidade precisa, e os n\u00fameros das pe\u00e7as correspondem perfeitamente aos modelos correspondentes, proporcionando op\u00e7\u00f5es de substitui\u00e7\u00e3o fi\u00e1veis aos propriet\u00e1rios de autom\u00f3veis.<\/p>\n\n\n\n<h2 class=\"wp-block-heading\">Vantagens do Bico Injetor de Combust\u00edvel <\/h2>\n\n\n\n<h3 class=\"wp-block-heading\"><strong>Inje\u00e7\u00e3o de combust\u00edvel precisa<\/strong><\/h3>\n\n\n\n<p> Utilizando tecnologia avan\u00e7ada de inje\u00e7\u00e3o de combust\u00edvel, o combust\u00edvel pode ser injetado com precis\u00e3o na c\u00e2mara de combust\u00e3o no melhor estado atomizado de acordo com as diferentes condi\u00e7\u00f5es de trabalho do motor, tais como ralenti, acelera\u00e7\u00e3o e cruzeiro. Os seus orif\u00edcios de inje\u00e7\u00e3o de combust\u00edvel s\u00e3o maquinados com precis\u00e3o para garantir a uniformidade e a precis\u00e3o da inje\u00e7\u00e3o de combust\u00edvel, de modo a que o combust\u00edvel e o ar possam ser totalmente misturados e a combust\u00e3o eficiente possa ser realizada.<\/p>\n\n\n\n<h3 class=\"wp-block-heading\"><strong>Design anti-entupimento<\/strong><\/h3>\n\n\n\n<p>A conce\u00e7\u00e3o \u00fanica da estrutura interna impede eficazmente a acumula\u00e7\u00e3o de impurezas e dep\u00f3sitos de carbono e reduz o risco de entupimento dos bicos injetores. Mesmo no processo de utiliza\u00e7\u00e3o a longo prazo, pode manter um bom desempenho da inje\u00e7\u00e3o de combust\u00edvel e reduzir as falhas do motor causadas por uma inje\u00e7\u00e3o de combust\u00edvel deficiente.<\/p>\n\n\n\n<h3 class=\"wp-block-heading\"><strong>Carater\u00edsticas de resposta r\u00e1pida<\/strong><\/h3>\n\n\n\n<p>Tem uma capacidade de resposta r\u00e1pida e pode ajustar a quantidade de inje\u00e7\u00e3o de combust\u00edvel num instante, de acordo com as instru\u00e7\u00f5es da unidade de controlo do motor, de modo a garantir que o motor possa obter um abastecimento de combust\u00edvel atempado e preciso em v\u00e1rias condi\u00e7\u00f5es de trabalho e melhorar a velocidade de resposta din\u00e2mica do motor.<\/p>\n\n\n\n<h2 class=\"wp-block-heading\">Benef\u00edcios do bico injetor de combust\u00edvel<\/h2>\n\n\n\n<h3 class=\"wp-block-heading\"><strong>Melhorar o desempenho energ\u00e9tico<\/strong><\/h3>\n\n\n\n<p>Uma inje\u00e7\u00e3o de combust\u00edvel precisa e um bom efeito de atomiza\u00e7\u00e3o permitem que o combust\u00edvel queime totalmente e liberte mais energia, aumentando assim a pot\u00eancia do motor. O ve\u00edculo \u00e9 mais r\u00e1pido e potente quando acelera, e pode facilmente lidar com cargas pesadas, como subidas, o que melhora a experi\u00eancia geral de condu\u00e7\u00e3o.<\/p>\n\n\n\n<h3 class=\"wp-block-heading\"><strong>Otimizar a economia de combust\u00edvel:<\/strong> <\/h3>\n\n\n\n<p>Ao controlar com precis\u00e3o a inje\u00e7\u00e3o de combust\u00edvel, evita-se o desperd\u00edcio de combust\u00edvel e melhora-se a taxa de utiliza\u00e7\u00e3o do combust\u00edvel. Os propriet\u00e1rios de autom\u00f3veis podem desfrutar de um bom desempenho energ\u00e9tico, reduzir o consumo de combust\u00edvel, poupar nos custos de reabastecimento e alcan\u00e7ar um equil\u00edbrio perfeito entre pot\u00eancia e poupan\u00e7a de energia.<\/p>\n\n\n\n<h3 class=\"wp-block-heading\"><strong> Reduzir a polui\u00e7\u00e3o por emiss\u00f5es<\/strong><\/h3>\n\n\n\n<p> Um processo de combust\u00e3o eficiente reduz a emiss\u00e3o de combust\u00edvel de combust\u00e3o incompleta e de gases nocivos, o que ajuda a proteger o ambiente, faz com que os ve\u00edculos cumpram normas de emiss\u00e3o ambiental cada vez mais rigorosas e contribui para a prote\u00e7\u00e3o do ambiente.<\/p>\n\n\n\n<h2 class=\"wp-block-heading\">Aplica\u00e7\u00e3o<\/h2>\n\n\n\n<p>\u00c9 adequado para Nissan Almera N15, Primera P11, Sunny N14, Y10 e outros ve\u00edculos 1.6L. \u00c9 amplamente utilizado em carros familiares, ve\u00edculos urbanos, etc., e pode fornecer servi\u00e7os de inje\u00e7\u00e3o de combust\u00edvel est\u00e1veis e fi\u00e1veis para ve\u00edculos, independentemente de estarem a viajar no dia a dia ou a longa dist\u00e2ncia.<\/p>\n\n\n\n<h2 class=\"wp-block-heading\">Guia de opera\u00e7\u00e3o<\/h2>\n\n\n\n<p>Antes da instala\u00e7\u00e3o, desligar a alimenta\u00e7\u00e3o el\u00e9ctrica do sistema de combust\u00edvel do ve\u00edculo para libertar a press\u00e3o do sistema de combust\u00edvel e evitar fugas de combust\u00edvel. Em seguida, encontre a posi\u00e7\u00e3o do antigo injetor de combust\u00edvel, desmonte-o cuidadosamente e preste aten\u00e7\u00e3o \u00e0 prote\u00e7\u00e3o dos componentes e linhas circundantes. Instale corretamente o bocal da Zhenhua Auto Parts na posi\u00e7\u00e3o correspondente e certifique-se de que a liga\u00e7\u00e3o \u00e9 firme. Finalmente, volte a ligar a fonte de alimenta\u00e7\u00e3o do sistema de combust\u00edvel e ligue o ve\u00edculo para verificar se o injetor de combust\u00edvel funciona normalmente. Para obter os passos de opera\u00e7\u00e3o e precau\u00e7\u00f5es detalhadas, consulte o Tutorial de Instala\u00e7\u00e3o do Bico Injetor de Combust\u00edvel do website oficial.<\/p>\n\n\n\n<h2 class=\"wp-block-heading\">FAQ<\/h2>\n\n\n\n<h3 class=\"wp-block-heading\">Sobre a fun\u00e7\u00e3o<\/h3>\n\n\n\n<p><strong>1. Qual \u00e9 a principal fun\u00e7\u00e3o do bico injetor de combust\u00edvel?<\/strong><\/p>\n\n\n\n<p>A fun\u00e7\u00e3o principal do bico injetor de combust\u00edvel \u00e9 injetar combust\u00edvel a alta press\u00e3o da bomba de combust\u00edvel na c\u00e2mara de combust\u00e3o do motor numa forma atomizada precisa. Atrav\u00e9s do design do bico fino, pode dividir o combust\u00edvel em pequenas gotas de \u00f3leo, fazer com que o combust\u00edvel e o ar se misturem completa e rapidamente e criar boas condi\u00e7\u00f5es para a combust\u00e3o eficiente do g\u00e1s misturado na c\u00e2mara de combust\u00e3o, garantindo assim a pot\u00eancia est\u00e1vel do motor, melhorando a economia de combust\u00edvel e reduzindo as emiss\u00f5es de escape nocivas.<\/p>\n\n\n\n<h3 class=\"wp-block-heading\">Sobre a utiliza\u00e7\u00e3o<\/h3>\n\n\n\n<p><strong>2. Como avaliar se o bico injetor de combust\u00edvel est\u00e1 avariado?<\/strong><\/p>\n\n\n\n<p>Quando o motor est\u00e1 em marcha lenta inst\u00e1vel, por exemplo, quando o motor est\u00e1 em marcha lenta, a velocidade de rota\u00e7\u00e3o \u00e9 alta e baixa, como ofegante, o que pode ser devido \u00e0 inje\u00e7\u00e3o desigual do bico e ao suprimento anormal de combust\u00edvel em alguns cilindros; Baixo desempenho de acelera\u00e7\u00e3o, aumento lento e fraco da velocidade do ve\u00edculo, o que significa que o bico est\u00e1 bloqueado ou funciona mal, e \u00e9 imposs\u00edvel fornecer combust\u00edvel suficiente e bematomizado durante a acelera\u00e7\u00e3o; O consumo de combust\u00edvel \u00e9 obviamente aumentado. Se o bocal tiver fugas, o combust\u00edvel continuar\u00e1 a entrar na c\u00e2mara de combust\u00e3o, causando desperd\u00edcio desnecess\u00e1rio. Al\u00e9m disso, \u00e9 dif\u00edcil arrancar, especialmente quando o motor necessita de uma mistura rica durante o arranque a frio, e \u00e9 dif\u00edcil arrancar suavemente se o bico n\u00e3o for pulverizado suavemente; A emiss\u00e3o excessiva de gases de escape, o fumo negro (demasiado combust\u00edvel e combust\u00e3o incompleta) e o fumo azul (\u00f3leo do motor a arder, que tamb\u00e9m pode ser acompanhado por problemas no bico, o que pode fazer com que o \u00f3leo do motor entre na c\u00e2mara de combust\u00e3o) indicam que pode haver problemas com o bico injetor de combust\u00edvel.<\/p>\n\n\n\n<p><\/p>\n\n\n\n<h3 class=\"wp-block-heading\">Sobre a manuten\u00e7\u00e3o<\/h3>\n\n\n\n<p><strong>3. Como fazer a manuten\u00e7\u00e3o do bico injetor de combust\u00edvel?<\/strong><\/p>\n\n\n\n<p>Utilizar regularmente aditivos de combust\u00edvel de alta qualidade. Estes aditivos podem limpar eficazmente as incrusta\u00e7\u00f5es no bocal e manter o bocal aberto. Recomenda-se geralmente a sua adi\u00e7\u00e3o a cada 5.000 quil\u00f3metros. Assegurar a utiliza\u00e7\u00e3o de combust\u00edvel limpo que cumpra os requisitos das especifica\u00e7\u00f5es do ve\u00edculo e reduzir a ingest\u00e3o de impurezas; Al\u00e9m disso, a cada determinada quilometragem (por exemplo, 20.000-30.000 quil\u00f3metros), o pessoal de manuten\u00e7\u00e3o profissional pode ser convidado a efetuar uma limpeza ultra-s\u00f3nica no bocal, e a sujidade agarrada ao bocal pode ser sacudida pela energia de vibra\u00e7\u00e3o das ondas ultra-s\u00f3nicas para restaurar o seu desempenho de inje\u00e7\u00e3o de \u00f3leo.<\/p>\n\n\n\n<p><\/p>\n\n\n\n<h2 class=\"wp-block-heading\"><\/h2>","protected":false},"excerpt":{"rendered":"Introduction to Fuel Injector Nozzle Zhenhua Auto Parts Company&#8217;s Fuel Injector Nozzle is specially designed for Nissan Almera N15, Primera P11, Sunny N14, Y10 and other 1.6L models. It is the core component of the engine fuel injection system, just like the &#8220;nutritionist&#8221; of the engine, which accurately controls the fuel injection quantity and atomization [&hellip;]","protected":false},"featured_media":3384,"menu_order":0,"template":"","meta":[],"product-tag":[146],"products":[90],"brand":[45],"class_list":["post-4384","product","type-product","status-publish","has-post-thumbnail","hentry","product-tag-fuel-injector-nozzle","products-fuel-injector","brand-nissan"],"yoast_head":"<!-- This site is optimized with the Yoast SEO plugin v27.3 - https:\/\/yoast.com\/product\/yoast-seo-wordpress\/ -->\n<title>Fuel Injector Nozzle A46-H12 16600-73C00 for Nissan Almera N15 Primera P11 Sunny N14 Y10 1.6L - YZHIDIANF<\/title>\n<meta name=\"description\" content=\"Zhenhua Auto Parts Company&#039;s Fuel Injector Nozzle is specially designed for Nissan Almera N15, Primera P11, Sunny N14, Y10 and others.\" \/>\n<meta name=\"robots\" content=\"index, follow, max-snippet:-1, max-image-preview:large, max-video-preview:-1\" \/>\n<link rel=\"canonical\" href=\"https:\/\/www.myautopartsfactory.com\/pt\/product\/fuel-injector-nozzle-a46-h12-16600-73c00-for-nissan-almera-n15-primera-p11-sunny-n14-y10-1-6l\/\" \/>\n<meta property=\"og:locale\" content=\"pt_PT\" \/>\n<meta property=\"og:type\" content=\"article\" \/>\n<meta property=\"og:title\" content=\"Fuel Injector Nozzle A46-H12 16600-73C00 for Nissan Almera N15 Primera P11 Sunny N14 Y10 1.6L - YZHIDIANF\" \/>\n<meta property=\"og:description\" content=\"Zhenhua Auto Parts Company&#039;s Fuel Injector Nozzle is specially designed for Nissan Almera N15, Primera P11, Sunny N14, Y10 and others.\" \/>\n<meta property=\"og:url\" content=\"https:\/\/www.myautopartsfactory.com\/pt\/product\/fuel-injector-nozzle-a46-h12-16600-73c00-for-nissan-almera-n15-primera-p11-sunny-n14-y10-1-6l\/\" \/>\n<meta property=\"og:site_name\" content=\"YZHIDIANF\" \/>\n<meta property=\"article:modified_time\" content=\"2025-02-10T07:10:05+00:00\" \/>\n<meta property=\"og:image\" content=\"https:\/\/www.myautopartsfactory.com\/wp-content\/uploads\/2024\/07\/16600-73C00-1.jpg\" \/>\n\t<meta property=\"og:image:width\" content=\"800\" \/>\n\t<meta property=\"og:image:height\" content=\"800\" \/>\n\t<meta property=\"og:image:type\" content=\"image\/jpeg\" \/>\n<meta name=\"twitter:card\" content=\"summary_large_image\" \/>\n<meta name=\"twitter:label1\" content=\"Tempo estimado de leitura\" \/>\n\t<meta name=\"twitter:data1\" content=\"6 minutos\" \/>\n<script type=\"application\/ld+json\" class=\"yoast-schema-graph\">{\"@context\":\"https:\\\/\\\/schema.org\",\"@graph\":[{\"@type\":\"WebPage\",\"@id\":\"https:\\\/\\\/www.myautopartsfactory.com\\\/product\\\/fuel-injector-nozzle-a46-h12-16600-73c00-for-nissan-almera-n15-primera-p11-sunny-n14-y10-1-6l\",\"url\":\"https:\\\/\\\/www.myautopartsfactory.com\\\/product\\\/fuel-injector-nozzle-a46-h12-16600-73c00-for-nissan-almera-n15-primera-p11-sunny-n14-y10-1-6l\",\"name\":\"Fuel Injector Nozzle A46-H12 16600-73C00 for Nissan Almera N15 Primera P11 Sunny N14 Y10 1.6L - YZHIDIANF\",\"isPartOf\":{\"@id\":\"https:\\\/\\\/www.myautopartsfactory.com\\\/#website\"},\"primaryImageOfPage\":{\"@id\":\"https:\\\/\\\/www.myautopartsfactory.com\\\/product\\\/fuel-injector-nozzle-a46-h12-16600-73c00-for-nissan-almera-n15-primera-p11-sunny-n14-y10-1-6l#primaryimage\"},\"image\":{\"@id\":\"https:\\\/\\\/www.myautopartsfactory.com\\\/product\\\/fuel-injector-nozzle-a46-h12-16600-73c00-for-nissan-almera-n15-primera-p11-sunny-n14-y10-1-6l#primaryimage\"},\"thumbnailUrl\":\"https:\\\/\\\/www.myautopartsfactory.com\\\/wp-content\\\/uploads\\\/2024\\\/07\\\/16600-73C00-1.jpg\",\"datePublished\":\"2025-01-05T12:24:32+00:00\",\"dateModified\":\"2025-02-10T07:10:05+00:00\",\"description\":\"Zhenhua Auto Parts Company's Fuel Injector Nozzle is specially designed for Nissan Almera N15, Primera P11, Sunny N14, Y10 and others.\",\"breadcrumb\":{\"@id\":\"https:\\\/\\\/www.myautopartsfactory.com\\\/product\\\/fuel-injector-nozzle-a46-h12-16600-73c00-for-nissan-almera-n15-primera-p11-sunny-n14-y10-1-6l#breadcrumb\"},\"inLanguage\":\"pt-PT\",\"potentialAction\":[{\"@type\":\"ReadAction\",\"target\":[\"https:\\\/\\\/www.myautopartsfactory.com\\\/product\\\/fuel-injector-nozzle-a46-h12-16600-73c00-for-nissan-almera-n15-primera-p11-sunny-n14-y10-1-6l\"]}]},{\"@type\":\"ImageObject\",\"inLanguage\":\"pt-PT\",\"@id\":\"https:\\\/\\\/www.myautopartsfactory.com\\\/product\\\/fuel-injector-nozzle-a46-h12-16600-73c00-for-nissan-almera-n15-primera-p11-sunny-n14-y10-1-6l#primaryimage\",\"url\":\"https:\\\/\\\/www.myautopartsfactory.com\\\/wp-content\\\/uploads\\\/2024\\\/07\\\/16600-73C00-1.jpg\",\"contentUrl\":\"https:\\\/\\\/www.myautopartsfactory.com\\\/wp-content\\\/uploads\\\/2024\\\/07\\\/16600-73C00-1.jpg\",\"width\":800,\"height\":800,\"caption\":\"Fuel Injector Nozzle\"},{\"@type\":\"BreadcrumbList\",\"@id\":\"https:\\\/\\\/www.myautopartsfactory.com\\\/product\\\/fuel-injector-nozzle-a46-h12-16600-73c00-for-nissan-almera-n15-primera-p11-sunny-n14-y10-1-6l#breadcrumb\",\"itemListElement\":[{\"@type\":\"ListItem\",\"position\":1,\"name\":\"\u9996\u9875\",\"item\":\"https:\\\/\\\/www.myautopartsfactory.com\\\/\"},{\"@type\":\"ListItem\",\"position\":2,\"name\":\"Fuel Injector Nozzle A46-H12 16600-73C00 for Nissan Almera N15 Primera P11 Sunny N14 Y10 1.6L\"}]},{\"@type\":\"WebSite\",\"@id\":\"https:\\\/\\\/www.myautopartsfactory.com\\\/#website\",\"url\":\"https:\\\/\\\/www.myautopartsfactory.com\\\/\",\"name\":\"YZHIDIANF\",\"description\":\"One-Stop Auto Parts Supplier\",\"publisher\":{\"@id\":\"https:\\\/\\\/www.myautopartsfactory.com\\\/#organization\"},\"potentialAction\":[{\"@type\":\"SearchAction\",\"target\":{\"@type\":\"EntryPoint\",\"urlTemplate\":\"https:\\\/\\\/www.myautopartsfactory.com\\\/?s={search_term_string}\"},\"query-input\":{\"@type\":\"PropertyValueSpecification\",\"valueRequired\":true,\"valueName\":\"search_term_string\"}}],\"inLanguage\":\"pt-PT\"},{\"@type\":\"Organization\",\"@id\":\"https:\\\/\\\/www.myautopartsfactory.com\\\/#organization\",\"name\":\"YZHIDIANF\",\"url\":\"https:\\\/\\\/www.myautopartsfactory.com\\\/\",\"logo\":{\"@type\":\"ImageObject\",\"inLanguage\":\"pt-PT\",\"@id\":\"https:\\\/\\\/www.myautopartsfactory.com\\\/#\\\/schema\\\/logo\\\/image\\\/\",\"url\":\"https:\\\/\\\/www.myautopartsfactory.com\\\/wp-content\\\/uploads\\\/2024\\\/05\\\/fav.jpg\",\"contentUrl\":\"https:\\\/\\\/www.myautopartsfactory.com\\\/wp-content\\\/uploads\\\/2024\\\/05\\\/fav.jpg\",\"width\":80,\"height\":80,\"caption\":\"YZHIDIANF\"},\"image\":{\"@id\":\"https:\\\/\\\/www.myautopartsfactory.com\\\/#\\\/schema\\\/logo\\\/image\\\/\"}}]}<\/script>\n<!-- \/ Yoast SEO plugin. -->","yoast_head_json":{"title":"Bocal do Injetor de Combust\u00edvel A46-H12 16600-73C00 para Nissan Almera N15 Primera P11 Sunny N14 Y10 1.6L - YZHIDIANF","description":"O Bocal do Injetor de Combust\u00edvel da Zhenhua Auto Parts Company \u00e9 especialmente concebido para Nissan Almera N15, Primera P11, Sunny N14, Y10 e outros.","robots":{"index":"index","follow":"follow","max-snippet":"max-snippet:-1","max-image-preview":"max-image-preview:large","max-video-preview":"max-video-preview:-1"},"canonical":"https:\/\/www.myautopartsfactory.com\/pt\/product\/fuel-injector-nozzle-a46-h12-16600-73c00-for-nissan-almera-n15-primera-p11-sunny-n14-y10-1-6l\/","og_locale":"pt_PT","og_type":"article","og_title":"Fuel Injector Nozzle A46-H12 16600-73C00 for Nissan Almera N15 Primera P11 Sunny N14 Y10 1.6L - YZHIDIANF","og_description":"Zhenhua Auto Parts Company's Fuel Injector Nozzle is specially designed for Nissan Almera N15, Primera P11, Sunny N14, Y10 and others.","og_url":"https:\/\/www.myautopartsfactory.com\/pt\/product\/fuel-injector-nozzle-a46-h12-16600-73c00-for-nissan-almera-n15-primera-p11-sunny-n14-y10-1-6l\/","og_site_name":"YZHIDIANF","article_modified_time":"2025-02-10T07:10:05+00:00","og_image":[{"width":800,"height":800,"url":"https:\/\/www.myautopartsfactory.com\/wp-content\/uploads\/2024\/07\/16600-73C00-1.jpg","type":"image\/jpeg"}],"twitter_card":"summary_large_image","twitter_misc":{"Tempo estimado de leitura":"6 minutos"},"schema":{"@context":"https:\/\/schema.org","@graph":[{"@type":"WebPage","@id":"https:\/\/www.myautopartsfactory.com\/product\/fuel-injector-nozzle-a46-h12-16600-73c00-for-nissan-almera-n15-primera-p11-sunny-n14-y10-1-6l","url":"https:\/\/www.myautopartsfactory.com\/product\/fuel-injector-nozzle-a46-h12-16600-73c00-for-nissan-almera-n15-primera-p11-sunny-n14-y10-1-6l","name":"Bocal do Injetor de Combust\u00edvel A46-H12 16600-73C00 para Nissan Almera N15 Primera P11 Sunny N14 Y10 1.6L - YZHIDIANF","isPartOf":{"@id":"https:\/\/www.myautopartsfactory.com\/#website"},"primaryImageOfPage":{"@id":"https:\/\/www.myautopartsfactory.com\/product\/fuel-injector-nozzle-a46-h12-16600-73c00-for-nissan-almera-n15-primera-p11-sunny-n14-y10-1-6l#primaryimage"},"image":{"@id":"https:\/\/www.myautopartsfactory.com\/product\/fuel-injector-nozzle-a46-h12-16600-73c00-for-nissan-almera-n15-primera-p11-sunny-n14-y10-1-6l#primaryimage"},"thumbnailUrl":"https:\/\/www.myautopartsfactory.com\/wp-content\/uploads\/2024\/07\/16600-73C00-1.jpg","datePublished":"2025-01-05T12:24:32+00:00","dateModified":"2025-02-10T07:10:05+00:00","description":"O Bocal do Injetor de Combust\u00edvel da Zhenhua Auto Parts Company \u00e9 especialmente concebido para Nissan Almera N15, Primera P11, Sunny N14, Y10 e outros.","breadcrumb":{"@id":"https:\/\/www.myautopartsfactory.com\/product\/fuel-injector-nozzle-a46-h12-16600-73c00-for-nissan-almera-n15-primera-p11-sunny-n14-y10-1-6l#breadcrumb"},"inLanguage":"pt-PT","potentialAction":[{"@type":"ReadAction","target":["https:\/\/www.myautopartsfactory.com\/product\/fuel-injector-nozzle-a46-h12-16600-73c00-for-nissan-almera-n15-primera-p11-sunny-n14-y10-1-6l"]}]},{"@type":"ImageObject","inLanguage":"pt-PT","@id":"https:\/\/www.myautopartsfactory.com\/product\/fuel-injector-nozzle-a46-h12-16600-73c00-for-nissan-almera-n15-primera-p11-sunny-n14-y10-1-6l#primaryimage","url":"https:\/\/www.myautopartsfactory.com\/wp-content\/uploads\/2024\/07\/16600-73C00-1.jpg","contentUrl":"https:\/\/www.myautopartsfactory.com\/wp-content\/uploads\/2024\/07\/16600-73C00-1.jpg","width":800,"height":800,"caption":"Fuel Injector Nozzle"},{"@type":"BreadcrumbList","@id":"https:\/\/www.myautopartsfactory.com\/product\/fuel-injector-nozzle-a46-h12-16600-73c00-for-nissan-almera-n15-primera-p11-sunny-n14-y10-1-6l#breadcrumb","itemListElement":[{"@type":"ListItem","position":1,"name":"\u9996\u9875","item":"https:\/\/www.myautopartsfactory.com\/"},{"@type":"ListItem","position":2,"name":"Fuel Injector Nozzle A46-H12 16600-73C00 for Nissan Almera N15 Primera P11 Sunny N14 Y10 1.6L"}]},{"@type":"WebSite","@id":"https:\/\/www.myautopartsfactory.com\/#website","url":"https:\/\/www.myautopartsfactory.com\/","name":"YZHIDIANF","description":"Fornecedor \u00fanico de pe\u00e7as para autom\u00f3veis","publisher":{"@id":"https:\/\/www.myautopartsfactory.com\/#organization"},"potentialAction":[{"@type":"SearchAction","target":{"@type":"EntryPoint","urlTemplate":"https:\/\/www.myautopartsfactory.com\/?s={search_term_string}"},"query-input":{"@type":"PropertyValueSpecification","valueRequired":true,"valueName":"search_term_string"}}],"inLanguage":"pt-PT"},{"@type":"Organization","@id":"https:\/\/www.myautopartsfactory.com\/#organization","name":"YZHIDIANF","url":"https:\/\/www.myautopartsfactory.com\/","logo":{"@type":"ImageObject","inLanguage":"pt-PT","@id":"https:\/\/www.myautopartsfactory.com\/#\/schema\/logo\/image\/","url":"https:\/\/www.myautopartsfactory.com\/wp-content\/uploads\/2024\/05\/fav.jpg","contentUrl":"https:\/\/www.myautopartsfactory.com\/wp-content\/uploads\/2024\/05\/fav.jpg","width":80,"height":80,"caption":"YZHIDIANF"},"image":{"@id":"https:\/\/www.myautopartsfactory.com\/#\/schema\/logo\/image\/"}}]}},"acf":[],"_links":{"self":[{"href":"https:\/\/www.myautopartsfactory.com\/pt\/wp-json\/wp\/v2\/product\/4384","targetHints":{"allow":["GET"]}}],"collection":[{"href":"https:\/\/www.myautopartsfactory.com\/pt\/wp-json\/wp\/v2\/product"}],"about":[{"href":"https:\/\/www.myautopartsfactory.com\/pt\/wp-json\/wp\/v2\/types\/product"}],"version-history":[{"count":0,"href":"https:\/\/www.myautopartsfactory.com\/pt\/wp-json\/wp\/v2\/product\/4384\/revisions"}],"wp:featuredmedia":[{"embeddable":true,"href":"https:\/\/www.myautopartsfactory.com\/pt\/wp-json\/wp\/v2\/media\/3384"}],"wp:attachment":[{"href":"https:\/\/www.myautopartsfactory.com\/pt\/wp-json\/wp\/v2\/media?parent=4384"}],"wp:term":[{"taxonomy":"product-tag","embeddable":true,"href":"https:\/\/www.myautopartsfactory.com\/pt\/wp-json\/wp\/v2\/product-tag?post=4384"},{"taxonomy":"products","embeddable":true,"href":"https:\/\/www.myautopartsfactory.com\/pt\/wp-json\/wp\/v2\/products?post=4384"},{"taxonomy":"brand","embeddable":true,"href":"https:\/\/www.myautopartsfactory.com\/pt\/wp-json\/wp\/v2\/brand?post=4384"}],"curies":[{"name":"wp","href":"https:\/\/api.w.org\/{rel}","templated":true}]}}