{"id":3362,"date":"2024-07-17T16:24:56","date_gmt":"2024-07-17T08:24:56","guid":{"rendered":"https:\/\/www.myautopartsfactory.com\/?post_type=product&#038;p=3362"},"modified":"2024-07-17T16:24:57","modified_gmt":"2024-07-17T08:24:57","slug":"oil-control-vvt-valve-variable-valve-timing-solenoid-15330-22010-15330-22030-for-toyota-corolla-celica-matrix-mr2-spyder-1-8l","status":"publish","type":"product","link":"https:\/\/www.myautopartsfactory.com\/pt\/product\/oil-control-vvt-valve-variable-valve-timing-solenoid-15330-22010-15330-22030-for-toyota-corolla-celica-matrix-mr2-spyder-1-8l","title":{"rendered":"Oil Control VVT Valve Variable Valve Timing Solenoid 15330-22010 15330-22030 For Toyota Corolla Celica Matrix MR2 Spyder 1.8L"},"content":{"rendered":"<p><strong>Carater\u00edsticas e vantagens:<\/strong><\/p>\n\n\n\n<ul class=\"wp-block-list\">\n<li>Encaixe perfeito, instala\u00e7\u00e3o f\u00e1cil<\/li>\n\n\n\n<li>Fabricado de acordo com as especifica\u00e7\u00f5es de f\u00e1brica para uma instala\u00e7\u00e3o sem problemas.<\/li>\n\n\n\n<li>Concebido como um substituto direto do seu comando de v\u00e1lvulas vari\u00e1vel original, garantindo uma excelente adapta\u00e7\u00e3o e desempenho.<\/li>\n<\/ul>\n\n\n\n<p><strong>Carater\u00edsticas do produto\uff1a<\/strong><\/p>\n\n\n\n<ul class=\"wp-block-list\">\n<li>Aumentar a pot\u00eancia: ajustar a regula\u00e7\u00e3o das v\u00e1lvulas de acordo com as altera\u00e7\u00f5es da carga e do regime do motor para melhorar a pot\u00eancia.<\/li>\n\n\n\n<li>Melhorar a economia de combust\u00edvel: Obtenha uma melhor efici\u00eancia de combust\u00e3o, reduza os res\u00edduos e o consumo de combust\u00edvel optimizando a regula\u00e7\u00e3o das v\u00e1lvulas.<\/li>\n\n\n\n<li>Reduzir as emiss\u00f5es de gases de escape: Pode melhorar o processo de combust\u00e3o, reduzir as emiss\u00f5es de combust\u00edvel n\u00e3o queimado e subst\u00e2ncias nocivas, e reduzir a polui\u00e7\u00e3o.<\/li>\n<\/ul>","protected":false},"excerpt":{"rendered":"Features &amp; Benefits: Product Features\uff1a","protected":false},"featured_media":3369,"menu_order":0,"template":"","meta":[],"product-tag":[],"products":[91],"brand":[32],"class_list":["post-3362","product","type-product","status-publish","has-post-thumbnail","hentry","products-variable-valve-timing","brand-toyota"],"yoast_head":"<!-- This site is optimized with the Yoast SEO plugin v27.3 - https:\/\/yoast.com\/product\/yoast-seo-wordpress\/ -->\n<title>Oil Control VVT Valve Variable Valve Timing Solenoid 15330-22010 15330-22030 For Toyota Corolla Celica Matrix MR2 Spyder 1.8L - YZHIDIANF<\/title>\n<meta name=\"robots\" content=\"index, follow, max-snippet:-1, max-image-preview:large, max-video-preview:-1\" \/>\n<link rel=\"canonical\" href=\"https:\/\/www.myautopartsfactory.com\/pt\/product\/oil-control-vvt-valve-variable-valve-timing-solenoid-15330-22010-15330-22030-for-toyota-corolla-celica-matrix-mr2-spyder-1-8l\/\" \/>\n<meta property=\"og:locale\" content=\"pt_PT\" \/>\n<meta property=\"og:type\" content=\"article\" \/>\n<meta property=\"og:title\" content=\"Oil Control VVT Valve Variable Valve Timing Solenoid 15330-22010 15330-22030 For Toyota Corolla Celica Matrix MR2 Spyder 1.8L - YZHIDIANF\" \/>\n<meta property=\"og:description\" content=\"Features &amp; Benefits: Product Features\uff1a\" \/>\n<meta property=\"og:url\" content=\"https:\/\/www.myautopartsfactory.com\/pt\/product\/oil-control-vvt-valve-variable-valve-timing-solenoid-15330-22010-15330-22030-for-toyota-corolla-celica-matrix-mr2-spyder-1-8l\/\" \/>\n<meta property=\"og:site_name\" content=\"YZHIDIANF\" \/>\n<meta property=\"article:modified_time\" content=\"2024-07-17T08:24:57+00:00\" \/>\n<meta property=\"og:image\" content=\"https:\/\/www.myautopartsfactory.com\/wp-content\/uploads\/2024\/07\/15330-22030-7.jpg\" \/>\n\t<meta property=\"og:image:width\" content=\"800\" \/>\n\t<meta property=\"og:image:height\" content=\"800\" \/>\n\t<meta property=\"og:image:type\" content=\"image\/jpeg\" \/>\n<meta name=\"twitter:card\" content=\"summary_large_image\" \/>\n<meta name=\"twitter:label1\" content=\"Tempo estimado de leitura\" \/>\n\t<meta name=\"twitter:data1\" content=\"1 minuto\" \/>\n<script type=\"application\/ld+json\" class=\"yoast-schema-graph\">{\"@context\":\"https:\\\/\\\/schema.org\",\"@graph\":[{\"@type\":\"WebPage\",\"@id\":\"https:\\\/\\\/www.myautopartsfactory.com\\\/product\\\/oil-control-vvt-valve-variable-valve-timing-solenoid-15330-22010-15330-22030-for-toyota-corolla-celica-matrix-mr2-spyder-1-8l\",\"url\":\"https:\\\/\\\/www.myautopartsfactory.com\\\/product\\\/oil-control-vvt-valve-variable-valve-timing-solenoid-15330-22010-15330-22030-for-toyota-corolla-celica-matrix-mr2-spyder-1-8l\",\"name\":\"Oil Control VVT Valve Variable Valve Timing Solenoid 15330-22010 15330-22030 For Toyota Corolla Celica Matrix MR2 Spyder 1.8L - YZHIDIANF\",\"isPartOf\":{\"@id\":\"https:\\\/\\\/www.myautopartsfactory.com\\\/#website\"},\"primaryImageOfPage\":{\"@id\":\"https:\\\/\\\/www.myautopartsfactory.com\\\/product\\\/oil-control-vvt-valve-variable-valve-timing-solenoid-15330-22010-15330-22030-for-toyota-corolla-celica-matrix-mr2-spyder-1-8l#primaryimage\"},\"image\":{\"@id\":\"https:\\\/\\\/www.myautopartsfactory.com\\\/product\\\/oil-control-vvt-valve-variable-valve-timing-solenoid-15330-22010-15330-22030-for-toyota-corolla-celica-matrix-mr2-spyder-1-8l#primaryimage\"},\"thumbnailUrl\":\"https:\\\/\\\/www.myautopartsfactory.com\\\/wp-content\\\/uploads\\\/2024\\\/07\\\/15330-22030-7.jpg\",\"datePublished\":\"2024-07-17T08:24:56+00:00\",\"dateModified\":\"2024-07-17T08:24:57+00:00\",\"breadcrumb\":{\"@id\":\"https:\\\/\\\/www.myautopartsfactory.com\\\/product\\\/oil-control-vvt-valve-variable-valve-timing-solenoid-15330-22010-15330-22030-for-toyota-corolla-celica-matrix-mr2-spyder-1-8l#breadcrumb\"},\"inLanguage\":\"pt-PT\",\"potentialAction\":[{\"@type\":\"ReadAction\",\"target\":[\"https:\\\/\\\/www.myautopartsfactory.com\\\/product\\\/oil-control-vvt-valve-variable-valve-timing-solenoid-15330-22010-15330-22030-for-toyota-corolla-celica-matrix-mr2-spyder-1-8l\"]}]},{\"@type\":\"ImageObject\",\"inLanguage\":\"pt-PT\",\"@id\":\"https:\\\/\\\/www.myautopartsfactory.com\\\/product\\\/oil-control-vvt-valve-variable-valve-timing-solenoid-15330-22010-15330-22030-for-toyota-corolla-celica-matrix-mr2-spyder-1-8l#primaryimage\",\"url\":\"https:\\\/\\\/www.myautopartsfactory.com\\\/wp-content\\\/uploads\\\/2024\\\/07\\\/15330-22030-7.jpg\",\"contentUrl\":\"https:\\\/\\\/www.myautopartsfactory.com\\\/wp-content\\\/uploads\\\/2024\\\/07\\\/15330-22030-7.jpg\",\"width\":800,\"height\":800,\"caption\":\"Version 1.0.0\"},{\"@type\":\"BreadcrumbList\",\"@id\":\"https:\\\/\\\/www.myautopartsfactory.com\\\/product\\\/oil-control-vvt-valve-variable-valve-timing-solenoid-15330-22010-15330-22030-for-toyota-corolla-celica-matrix-mr2-spyder-1-8l#breadcrumb\",\"itemListElement\":[{\"@type\":\"ListItem\",\"position\":1,\"name\":\"\u9996\u9875\",\"item\":\"https:\\\/\\\/www.myautopartsfactory.com\\\/\"},{\"@type\":\"ListItem\",\"position\":2,\"name\":\"Oil Control VVT Valve Variable Valve Timing Solenoid 15330-22010 15330-22030 For Toyota Corolla Celica Matrix MR2 Spyder 1.8L\"}]},{\"@type\":\"WebSite\",\"@id\":\"https:\\\/\\\/www.myautopartsfactory.com\\\/#website\",\"url\":\"https:\\\/\\\/www.myautopartsfactory.com\\\/\",\"name\":\"YZHIDIANF\",\"description\":\"One-Stop Auto Parts Supplier\",\"publisher\":{\"@id\":\"https:\\\/\\\/www.myautopartsfactory.com\\\/#organization\"},\"potentialAction\":[{\"@type\":\"SearchAction\",\"target\":{\"@type\":\"EntryPoint\",\"urlTemplate\":\"https:\\\/\\\/www.myautopartsfactory.com\\\/?s={search_term_string}\"},\"query-input\":{\"@type\":\"PropertyValueSpecification\",\"valueRequired\":true,\"valueName\":\"search_term_string\"}}],\"inLanguage\":\"pt-PT\"},{\"@type\":\"Organization\",\"@id\":\"https:\\\/\\\/www.myautopartsfactory.com\\\/#organization\",\"name\":\"YZHIDIANF\",\"url\":\"https:\\\/\\\/www.myautopartsfactory.com\\\/\",\"logo\":{\"@type\":\"ImageObject\",\"inLanguage\":\"pt-PT\",\"@id\":\"https:\\\/\\\/www.myautopartsfactory.com\\\/#\\\/schema\\\/logo\\\/image\\\/\",\"url\":\"https:\\\/\\\/www.myautopartsfactory.com\\\/wp-content\\\/uploads\\\/2024\\\/05\\\/fav.jpg\",\"contentUrl\":\"https:\\\/\\\/www.myautopartsfactory.com\\\/wp-content\\\/uploads\\\/2024\\\/05\\\/fav.jpg\",\"width\":80,\"height\":80,\"caption\":\"YZHIDIANF\"},\"image\":{\"@id\":\"https:\\\/\\\/www.myautopartsfactory.com\\\/#\\\/schema\\\/logo\\\/image\\\/\"}}]}<\/script>\n<!-- \/ Yoast SEO plugin. -->","yoast_head_json":{"title":"Oil Control VVT Valve Variable Valve Timing Solenoid 15330-22010 15330-22030 For Toyota Corolla Celica Matrix MR2 Spyder 1.8L - YZHIDIANF","robots":{"index":"index","follow":"follow","max-snippet":"max-snippet:-1","max-image-preview":"max-image-preview:large","max-video-preview":"max-video-preview:-1"},"canonical":"https:\/\/www.myautopartsfactory.com\/pt\/product\/oil-control-vvt-valve-variable-valve-timing-solenoid-15330-22010-15330-22030-for-toyota-corolla-celica-matrix-mr2-spyder-1-8l\/","og_locale":"pt_PT","og_type":"article","og_title":"Oil Control VVT Valve Variable Valve Timing Solenoid 15330-22010 15330-22030 For Toyota Corolla Celica Matrix MR2 Spyder 1.8L - YZHIDIANF","og_description":"Features &amp; Benefits: Product Features\uff1a","og_url":"https:\/\/www.myautopartsfactory.com\/pt\/product\/oil-control-vvt-valve-variable-valve-timing-solenoid-15330-22010-15330-22030-for-toyota-corolla-celica-matrix-mr2-spyder-1-8l\/","og_site_name":"YZHIDIANF","article_modified_time":"2024-07-17T08:24:57+00:00","og_image":[{"width":800,"height":800,"url":"https:\/\/www.myautopartsfactory.com\/wp-content\/uploads\/2024\/07\/15330-22030-7.jpg","type":"image\/jpeg"}],"twitter_card":"summary_large_image","twitter_misc":{"Tempo estimado de leitura":"1 minuto"},"schema":{"@context":"https:\/\/schema.org","@graph":[{"@type":"WebPage","@id":"https:\/\/www.myautopartsfactory.com\/product\/oil-control-vvt-valve-variable-valve-timing-solenoid-15330-22010-15330-22030-for-toyota-corolla-celica-matrix-mr2-spyder-1-8l","url":"https:\/\/www.myautopartsfactory.com\/product\/oil-control-vvt-valve-variable-valve-timing-solenoid-15330-22010-15330-22030-for-toyota-corolla-celica-matrix-mr2-spyder-1-8l","name":"Oil Control VVT Valve Variable Valve Timing Solenoid 15330-22010 15330-22030 For Toyota Corolla Celica Matrix MR2 Spyder 1.8L - YZHIDIANF","isPartOf":{"@id":"https:\/\/www.myautopartsfactory.com\/#website"},"primaryImageOfPage":{"@id":"https:\/\/www.myautopartsfactory.com\/product\/oil-control-vvt-valve-variable-valve-timing-solenoid-15330-22010-15330-22030-for-toyota-corolla-celica-matrix-mr2-spyder-1-8l#primaryimage"},"image":{"@id":"https:\/\/www.myautopartsfactory.com\/product\/oil-control-vvt-valve-variable-valve-timing-solenoid-15330-22010-15330-22030-for-toyota-corolla-celica-matrix-mr2-spyder-1-8l#primaryimage"},"thumbnailUrl":"https:\/\/www.myautopartsfactory.com\/wp-content\/uploads\/2024\/07\/15330-22030-7.jpg","datePublished":"2024-07-17T08:24:56+00:00","dateModified":"2024-07-17T08:24:57+00:00","breadcrumb":{"@id":"https:\/\/www.myautopartsfactory.com\/product\/oil-control-vvt-valve-variable-valve-timing-solenoid-15330-22010-15330-22030-for-toyota-corolla-celica-matrix-mr2-spyder-1-8l#breadcrumb"},"inLanguage":"pt-PT","potentialAction":[{"@type":"ReadAction","target":["https:\/\/www.myautopartsfactory.com\/product\/oil-control-vvt-valve-variable-valve-timing-solenoid-15330-22010-15330-22030-for-toyota-corolla-celica-matrix-mr2-spyder-1-8l"]}]},{"@type":"ImageObject","inLanguage":"pt-PT","@id":"https:\/\/www.myautopartsfactory.com\/product\/oil-control-vvt-valve-variable-valve-timing-solenoid-15330-22010-15330-22030-for-toyota-corolla-celica-matrix-mr2-spyder-1-8l#primaryimage","url":"https:\/\/www.myautopartsfactory.com\/wp-content\/uploads\/2024\/07\/15330-22030-7.jpg","contentUrl":"https:\/\/www.myautopartsfactory.com\/wp-content\/uploads\/2024\/07\/15330-22030-7.jpg","width":800,"height":800,"caption":"Version 1.0.0"},{"@type":"BreadcrumbList","@id":"https:\/\/www.myautopartsfactory.com\/product\/oil-control-vvt-valve-variable-valve-timing-solenoid-15330-22010-15330-22030-for-toyota-corolla-celica-matrix-mr2-spyder-1-8l#breadcrumb","itemListElement":[{"@type":"ListItem","position":1,"name":"\u9996\u9875","item":"https:\/\/www.myautopartsfactory.com\/"},{"@type":"ListItem","position":2,"name":"Oil Control VVT Valve Variable Valve Timing Solenoid 15330-22010 15330-22030 For Toyota Corolla Celica Matrix MR2 Spyder 1.8L"}]},{"@type":"WebSite","@id":"https:\/\/www.myautopartsfactory.com\/#website","url":"https:\/\/www.myautopartsfactory.com\/","name":"YZHIDIANF","description":"Fornecedor \u00fanico de pe\u00e7as para autom\u00f3veis","publisher":{"@id":"https:\/\/www.myautopartsfactory.com\/#organization"},"potentialAction":[{"@type":"SearchAction","target":{"@type":"EntryPoint","urlTemplate":"https:\/\/www.myautopartsfactory.com\/?s={search_term_string}"},"query-input":{"@type":"PropertyValueSpecification","valueRequired":true,"valueName":"search_term_string"}}],"inLanguage":"pt-PT"},{"@type":"Organization","@id":"https:\/\/www.myautopartsfactory.com\/#organization","name":"YZHIDIANF","url":"https:\/\/www.myautopartsfactory.com\/","logo":{"@type":"ImageObject","inLanguage":"pt-PT","@id":"https:\/\/www.myautopartsfactory.com\/#\/schema\/logo\/image\/","url":"https:\/\/www.myautopartsfactory.com\/wp-content\/uploads\/2024\/05\/fav.jpg","contentUrl":"https:\/\/www.myautopartsfactory.com\/wp-content\/uploads\/2024\/05\/fav.jpg","width":80,"height":80,"caption":"YZHIDIANF"},"image":{"@id":"https:\/\/www.myautopartsfactory.com\/#\/schema\/logo\/image\/"}}]}},"acf":[],"_links":{"self":[{"href":"https:\/\/www.myautopartsfactory.com\/pt\/wp-json\/wp\/v2\/product\/3362","targetHints":{"allow":["GET"]}}],"collection":[{"href":"https:\/\/www.myautopartsfactory.com\/pt\/wp-json\/wp\/v2\/product"}],"about":[{"href":"https:\/\/www.myautopartsfactory.com\/pt\/wp-json\/wp\/v2\/types\/product"}],"version-history":[{"count":0,"href":"https:\/\/www.myautopartsfactory.com\/pt\/wp-json\/wp\/v2\/product\/3362\/revisions"}],"wp:featuredmedia":[{"embeddable":true,"href":"https:\/\/www.myautopartsfactory.com\/pt\/wp-json\/wp\/v2\/media\/3369"}],"wp:attachment":[{"href":"https:\/\/www.myautopartsfactory.com\/pt\/wp-json\/wp\/v2\/media?parent=3362"}],"wp:term":[{"taxonomy":"product-tag","embeddable":true,"href":"https:\/\/www.myautopartsfactory.com\/pt\/wp-json\/wp\/v2\/product-tag?post=3362"},{"taxonomy":"products","embeddable":true,"href":"https:\/\/www.myautopartsfactory.com\/pt\/wp-json\/wp\/v2\/products?post=3362"},{"taxonomy":"brand","embeddable":true,"href":"https:\/\/www.myautopartsfactory.com\/pt\/wp-json\/wp\/v2\/brand?post=3362"}],"curies":[{"name":"wp","href":"https:\/\/api.w.org\/{rel}","templated":true}]}}