{"id":2358,"date":"2024-06-19T11:31:14","date_gmt":"2024-06-19T03:31:14","guid":{"rendered":"https:\/\/www.myautopartsfactory.com\/?post_type=product&#038;p=2358"},"modified":"2024-06-19T11:31:16","modified_gmt":"2024-06-19T03:31:16","slug":"wholesale-knock-sensor-car-engine-parts-06f905377-for-vw-passat-jetta-iii-golf-vi-audi","status":"publish","type":"product","link":"https:\/\/www.myautopartsfactory.com\/pt\/product\/wholesale-knock-sensor-car-engine-parts-06f905377-for-vw-passat-jetta-iii-golf-vi-audi","title":{"rendered":"Wholesale Knock Sensor Car Engine Parts 06F905377 For VW Passat Jetta III Golf VI Audi"},"content":{"rendered":"<h2 class=\"wp-block-heading\">Carater\u00edsticas e vantagens:<\/h2>\n\n\n\n<p>Encaixe perfeito, f\u00e1cil instala\u00e7\u00e3o<\/p>\n\n\n\n<p>Fabricado de acordo com as especifica\u00e7\u00f5es de f\u00e1brica para uma instala\u00e7\u00e3o sem problemas.<\/p>\n\n\n\n<p>Concebido como um substituto direto do seu sensor de detona\u00e7\u00e3o original, garantindo uma excelente adapta\u00e7\u00e3o e desempenho.<\/p>\n\n\n\n<h2 class=\"wp-block-heading\">Carater\u00edsticas do produto\uff1a<\/h2>\n\n\n\n<p>Resposta de alta frequ\u00eancia: Responde rapidamente a sinais de batida de alta frequ\u00eancia e converte-os em sinais el\u00e9ctricos de sa\u00edda.<\/p>\n\n\n\n<p>Sensibilidade elevada: pode detetar com precis\u00e3o a ocorr\u00eancia de pancadas na c\u00e2mara de combust\u00e3o do motor de combust\u00e3o interna.<\/p>\n\n\n\n<p>F\u00e1cil de instalar e utilizar: O sensor de batida \u00e9 pequeno em tamanho, leve em peso, f\u00e1cil de instalar e tem um design de interface simples para f\u00e1cil utiliza\u00e7\u00e3o.<\/p>\n\n\n\n<p>Alta estabilidade: Utilizando tecnologia e materiais de embalagem avan\u00e7ados, pode manter uma elevada estabilidade em v\u00e1rios ambientes de trabalho dif\u00edceis.<\/p>\n\n\n\n<p>Alta fiabilidade: O design adopta m\u00faltiplas medidas de prote\u00e7\u00e3o para evitar eficazmente falhas causadas por interfer\u00eancias externas ou outras raz\u00f5es.<\/p>\n\n\n\n<p>Alta precis\u00e3o: Tem capacidades de medi\u00e7\u00e3o de alta precis\u00e3o e pode medir com exatid\u00e3o a amplitude, frequ\u00eancia e outros par\u00e2metros do sinal de batida.<\/p>","protected":false},"excerpt":{"rendered":"Features &amp; Benefits: \u25cfPerfect Fit, Easy Installation \u25cfMade to factory specifications for a hassle-free installation. \u25cfDesigned as a direct replacement for your original knock sensor, ensuring excellent fitment and performance. Product Features\uff1a \u25cfHigh-frequency response: Quickly respond to high-frequency knock signals and convert them into electrical signal output. \u25cfHigh sensitivity: can accurately detect the occurrence of [&hellip;]","protected":false},"featured_media":2364,"menu_order":0,"template":"","meta":[],"product-tag":[],"products":[8],"brand":[63],"class_list":["post-2358","product","type-product","status-publish","has-post-thumbnail","hentry","products-knock-sensor","brand-audi"],"yoast_head":"<!-- This site is optimized with the Yoast SEO plugin v27.3 - https:\/\/yoast.com\/product\/yoast-seo-wordpress\/ -->\n<title>Wholesale Knock Sensor Car Engine Parts 06F905377 For VW Passat Jetta III Golf VI Audi - YZHIDIANF<\/title>\n<meta name=\"robots\" content=\"index, follow, max-snippet:-1, max-image-preview:large, max-video-preview:-1\" \/>\n<link rel=\"canonical\" href=\"https:\/\/www.myautopartsfactory.com\/pt\/product\/wholesale-knock-sensor-car-engine-parts-06f905377-for-vw-passat-jetta-iii-golf-vi-audi\/\" \/>\n<meta property=\"og:locale\" content=\"pt_PT\" \/>\n<meta property=\"og:type\" content=\"article\" \/>\n<meta property=\"og:title\" content=\"Wholesale Knock Sensor Car Engine Parts 06F905377 For VW Passat Jetta III Golf VI Audi - YZHIDIANF\" \/>\n<meta property=\"og:description\" content=\"Features &amp; Benefits: \u25cfPerfect Fit, Easy Installation \u25cfMade to factory specifications for a hassle-free installation. \u25cfDesigned as a direct replacement for your original knock sensor, ensuring excellent fitment and performance. Product Features\uff1a \u25cfHigh-frequency response: Quickly respond to high-frequency knock signals and convert them into electrical signal output. \u25cfHigh sensitivity: can accurately detect the occurrence of [&hellip;]\" \/>\n<meta property=\"og:url\" content=\"https:\/\/www.myautopartsfactory.com\/pt\/product\/wholesale-knock-sensor-car-engine-parts-06f905377-for-vw-passat-jetta-iii-golf-vi-audi\/\" \/>\n<meta property=\"og:site_name\" content=\"YZHIDIANF\" \/>\n<meta property=\"article:modified_time\" content=\"2024-06-19T03:31:16+00:00\" \/>\n<meta property=\"og:image\" content=\"https:\/\/www.myautopartsfactory.com\/wp-content\/uploads\/2024\/06\/06F905377-7.jpg\" \/>\n\t<meta property=\"og:image:width\" content=\"800\" \/>\n\t<meta property=\"og:image:height\" content=\"800\" \/>\n\t<meta property=\"og:image:type\" content=\"image\/jpeg\" \/>\n<meta name=\"twitter:card\" content=\"summary_large_image\" \/>\n<meta name=\"twitter:label1\" content=\"Tempo estimado de leitura\" \/>\n\t<meta name=\"twitter:data1\" content=\"2 minutos\" \/>\n<script type=\"application\/ld+json\" class=\"yoast-schema-graph\">{\"@context\":\"https:\\\/\\\/schema.org\",\"@graph\":[{\"@type\":\"WebPage\",\"@id\":\"https:\\\/\\\/www.myautopartsfactory.com\\\/product\\\/wholesale-knock-sensor-car-engine-parts-06f905377-for-vw-passat-jetta-iii-golf-vi-audi\",\"url\":\"https:\\\/\\\/www.myautopartsfactory.com\\\/product\\\/wholesale-knock-sensor-car-engine-parts-06f905377-for-vw-passat-jetta-iii-golf-vi-audi\",\"name\":\"Wholesale Knock Sensor Car Engine Parts 06F905377 For VW Passat Jetta III Golf VI Audi - YZHIDIANF\",\"isPartOf\":{\"@id\":\"https:\\\/\\\/www.myautopartsfactory.com\\\/#website\"},\"primaryImageOfPage\":{\"@id\":\"https:\\\/\\\/www.myautopartsfactory.com\\\/product\\\/wholesale-knock-sensor-car-engine-parts-06f905377-for-vw-passat-jetta-iii-golf-vi-audi#primaryimage\"},\"image\":{\"@id\":\"https:\\\/\\\/www.myautopartsfactory.com\\\/product\\\/wholesale-knock-sensor-car-engine-parts-06f905377-for-vw-passat-jetta-iii-golf-vi-audi#primaryimage\"},\"thumbnailUrl\":\"https:\\\/\\\/www.myautopartsfactory.com\\\/wp-content\\\/uploads\\\/2024\\\/06\\\/06F905377-7.jpg\",\"datePublished\":\"2024-06-19T03:31:14+00:00\",\"dateModified\":\"2024-06-19T03:31:16+00:00\",\"breadcrumb\":{\"@id\":\"https:\\\/\\\/www.myautopartsfactory.com\\\/product\\\/wholesale-knock-sensor-car-engine-parts-06f905377-for-vw-passat-jetta-iii-golf-vi-audi#breadcrumb\"},\"inLanguage\":\"pt-PT\",\"potentialAction\":[{\"@type\":\"ReadAction\",\"target\":[\"https:\\\/\\\/www.myautopartsfactory.com\\\/product\\\/wholesale-knock-sensor-car-engine-parts-06f905377-for-vw-passat-jetta-iii-golf-vi-audi\"]}]},{\"@type\":\"ImageObject\",\"inLanguage\":\"pt-PT\",\"@id\":\"https:\\\/\\\/www.myautopartsfactory.com\\\/product\\\/wholesale-knock-sensor-car-engine-parts-06f905377-for-vw-passat-jetta-iii-golf-vi-audi#primaryimage\",\"url\":\"https:\\\/\\\/www.myautopartsfactory.com\\\/wp-content\\\/uploads\\\/2024\\\/06\\\/06F905377-7.jpg\",\"contentUrl\":\"https:\\\/\\\/www.myautopartsfactory.com\\\/wp-content\\\/uploads\\\/2024\\\/06\\\/06F905377-7.jpg\",\"width\":800,\"height\":800},{\"@type\":\"BreadcrumbList\",\"@id\":\"https:\\\/\\\/www.myautopartsfactory.com\\\/product\\\/wholesale-knock-sensor-car-engine-parts-06f905377-for-vw-passat-jetta-iii-golf-vi-audi#breadcrumb\",\"itemListElement\":[{\"@type\":\"ListItem\",\"position\":1,\"name\":\"\u9996\u9875\",\"item\":\"https:\\\/\\\/www.myautopartsfactory.com\\\/\"},{\"@type\":\"ListItem\",\"position\":2,\"name\":\"Wholesale Knock Sensor Car Engine Parts 06F905377 For VW Passat Jetta III Golf VI Audi\"}]},{\"@type\":\"WebSite\",\"@id\":\"https:\\\/\\\/www.myautopartsfactory.com\\\/#website\",\"url\":\"https:\\\/\\\/www.myautopartsfactory.com\\\/\",\"name\":\"YZHIDIANF\",\"description\":\"One-Stop Auto Parts Supplier\",\"publisher\":{\"@id\":\"https:\\\/\\\/www.myautopartsfactory.com\\\/#organization\"},\"potentialAction\":[{\"@type\":\"SearchAction\",\"target\":{\"@type\":\"EntryPoint\",\"urlTemplate\":\"https:\\\/\\\/www.myautopartsfactory.com\\\/?s={search_term_string}\"},\"query-input\":{\"@type\":\"PropertyValueSpecification\",\"valueRequired\":true,\"valueName\":\"search_term_string\"}}],\"inLanguage\":\"pt-PT\"},{\"@type\":\"Organization\",\"@id\":\"https:\\\/\\\/www.myautopartsfactory.com\\\/#organization\",\"name\":\"YZHIDIANF\",\"url\":\"https:\\\/\\\/www.myautopartsfactory.com\\\/\",\"logo\":{\"@type\":\"ImageObject\",\"inLanguage\":\"pt-PT\",\"@id\":\"https:\\\/\\\/www.myautopartsfactory.com\\\/#\\\/schema\\\/logo\\\/image\\\/\",\"url\":\"https:\\\/\\\/www.myautopartsfactory.com\\\/wp-content\\\/uploads\\\/2024\\\/05\\\/fav.jpg\",\"contentUrl\":\"https:\\\/\\\/www.myautopartsfactory.com\\\/wp-content\\\/uploads\\\/2024\\\/05\\\/fav.jpg\",\"width\":80,\"height\":80,\"caption\":\"YZHIDIANF\"},\"image\":{\"@id\":\"https:\\\/\\\/www.myautopartsfactory.com\\\/#\\\/schema\\\/logo\\\/image\\\/\"}}]}<\/script>\n<!-- \/ Yoast SEO plugin. -->","yoast_head_json":{"title":"Wholesale Knock Sensor Car Engine Parts 06F905377 For VW Passat Jetta III Golf VI Audi - YZHIDIANF","robots":{"index":"index","follow":"follow","max-snippet":"max-snippet:-1","max-image-preview":"max-image-preview:large","max-video-preview":"max-video-preview:-1"},"canonical":"https:\/\/www.myautopartsfactory.com\/pt\/product\/wholesale-knock-sensor-car-engine-parts-06f905377-for-vw-passat-jetta-iii-golf-vi-audi\/","og_locale":"pt_PT","og_type":"article","og_title":"Wholesale Knock Sensor Car Engine Parts 06F905377 For VW Passat Jetta III Golf VI Audi - YZHIDIANF","og_description":"Features &amp; Benefits: \u25cfPerfect Fit, Easy Installation \u25cfMade to factory specifications for a hassle-free installation. \u25cfDesigned as a direct replacement for your original knock sensor, ensuring excellent fitment and performance. Product Features\uff1a \u25cfHigh-frequency response: Quickly respond to high-frequency knock signals and convert them into electrical signal output. \u25cfHigh sensitivity: can accurately detect the occurrence of [&hellip;]","og_url":"https:\/\/www.myautopartsfactory.com\/pt\/product\/wholesale-knock-sensor-car-engine-parts-06f905377-for-vw-passat-jetta-iii-golf-vi-audi\/","og_site_name":"YZHIDIANF","article_modified_time":"2024-06-19T03:31:16+00:00","og_image":[{"width":800,"height":800,"url":"https:\/\/www.myautopartsfactory.com\/wp-content\/uploads\/2024\/06\/06F905377-7.jpg","type":"image\/jpeg"}],"twitter_card":"summary_large_image","twitter_misc":{"Tempo estimado de leitura":"2 minutos"},"schema":{"@context":"https:\/\/schema.org","@graph":[{"@type":"WebPage","@id":"https:\/\/www.myautopartsfactory.com\/product\/wholesale-knock-sensor-car-engine-parts-06f905377-for-vw-passat-jetta-iii-golf-vi-audi","url":"https:\/\/www.myautopartsfactory.com\/product\/wholesale-knock-sensor-car-engine-parts-06f905377-for-vw-passat-jetta-iii-golf-vi-audi","name":"Wholesale Knock Sensor Car Engine Parts 06F905377 For VW Passat Jetta III Golf VI Audi - YZHIDIANF","isPartOf":{"@id":"https:\/\/www.myautopartsfactory.com\/#website"},"primaryImageOfPage":{"@id":"https:\/\/www.myautopartsfactory.com\/product\/wholesale-knock-sensor-car-engine-parts-06f905377-for-vw-passat-jetta-iii-golf-vi-audi#primaryimage"},"image":{"@id":"https:\/\/www.myautopartsfactory.com\/product\/wholesale-knock-sensor-car-engine-parts-06f905377-for-vw-passat-jetta-iii-golf-vi-audi#primaryimage"},"thumbnailUrl":"https:\/\/www.myautopartsfactory.com\/wp-content\/uploads\/2024\/06\/06F905377-7.jpg","datePublished":"2024-06-19T03:31:14+00:00","dateModified":"2024-06-19T03:31:16+00:00","breadcrumb":{"@id":"https:\/\/www.myautopartsfactory.com\/product\/wholesale-knock-sensor-car-engine-parts-06f905377-for-vw-passat-jetta-iii-golf-vi-audi#breadcrumb"},"inLanguage":"pt-PT","potentialAction":[{"@type":"ReadAction","target":["https:\/\/www.myautopartsfactory.com\/product\/wholesale-knock-sensor-car-engine-parts-06f905377-for-vw-passat-jetta-iii-golf-vi-audi"]}]},{"@type":"ImageObject","inLanguage":"pt-PT","@id":"https:\/\/www.myautopartsfactory.com\/product\/wholesale-knock-sensor-car-engine-parts-06f905377-for-vw-passat-jetta-iii-golf-vi-audi#primaryimage","url":"https:\/\/www.myautopartsfactory.com\/wp-content\/uploads\/2024\/06\/06F905377-7.jpg","contentUrl":"https:\/\/www.myautopartsfactory.com\/wp-content\/uploads\/2024\/06\/06F905377-7.jpg","width":800,"height":800},{"@type":"BreadcrumbList","@id":"https:\/\/www.myautopartsfactory.com\/product\/wholesale-knock-sensor-car-engine-parts-06f905377-for-vw-passat-jetta-iii-golf-vi-audi#breadcrumb","itemListElement":[{"@type":"ListItem","position":1,"name":"\u9996\u9875","item":"https:\/\/www.myautopartsfactory.com\/"},{"@type":"ListItem","position":2,"name":"Wholesale Knock Sensor Car Engine Parts 06F905377 For VW Passat Jetta III Golf VI Audi"}]},{"@type":"WebSite","@id":"https:\/\/www.myautopartsfactory.com\/#website","url":"https:\/\/www.myautopartsfactory.com\/","name":"YZHIDIANF","description":"Fornecedor \u00fanico de pe\u00e7as para autom\u00f3veis","publisher":{"@id":"https:\/\/www.myautopartsfactory.com\/#organization"},"potentialAction":[{"@type":"SearchAction","target":{"@type":"EntryPoint","urlTemplate":"https:\/\/www.myautopartsfactory.com\/?s={search_term_string}"},"query-input":{"@type":"PropertyValueSpecification","valueRequired":true,"valueName":"search_term_string"}}],"inLanguage":"pt-PT"},{"@type":"Organization","@id":"https:\/\/www.myautopartsfactory.com\/#organization","name":"YZHIDIANF","url":"https:\/\/www.myautopartsfactory.com\/","logo":{"@type":"ImageObject","inLanguage":"pt-PT","@id":"https:\/\/www.myautopartsfactory.com\/#\/schema\/logo\/image\/","url":"https:\/\/www.myautopartsfactory.com\/wp-content\/uploads\/2024\/05\/fav.jpg","contentUrl":"https:\/\/www.myautopartsfactory.com\/wp-content\/uploads\/2024\/05\/fav.jpg","width":80,"height":80,"caption":"YZHIDIANF"},"image":{"@id":"https:\/\/www.myautopartsfactory.com\/#\/schema\/logo\/image\/"}}]}},"acf":[],"_links":{"self":[{"href":"https:\/\/www.myautopartsfactory.com\/pt\/wp-json\/wp\/v2\/product\/2358","targetHints":{"allow":["GET"]}}],"collection":[{"href":"https:\/\/www.myautopartsfactory.com\/pt\/wp-json\/wp\/v2\/product"}],"about":[{"href":"https:\/\/www.myautopartsfactory.com\/pt\/wp-json\/wp\/v2\/types\/product"}],"version-history":[{"count":0,"href":"https:\/\/www.myautopartsfactory.com\/pt\/wp-json\/wp\/v2\/product\/2358\/revisions"}],"wp:featuredmedia":[{"embeddable":true,"href":"https:\/\/www.myautopartsfactory.com\/pt\/wp-json\/wp\/v2\/media\/2364"}],"wp:attachment":[{"href":"https:\/\/www.myautopartsfactory.com\/pt\/wp-json\/wp\/v2\/media?parent=2358"}],"wp:term":[{"taxonomy":"product-tag","embeddable":true,"href":"https:\/\/www.myautopartsfactory.com\/pt\/wp-json\/wp\/v2\/product-tag?post=2358"},{"taxonomy":"products","embeddable":true,"href":"https:\/\/www.myautopartsfactory.com\/pt\/wp-json\/wp\/v2\/products?post=2358"},{"taxonomy":"brand","embeddable":true,"href":"https:\/\/www.myautopartsfactory.com\/pt\/wp-json\/wp\/v2\/brand?post=2358"}],"curies":[{"name":"wp","href":"https:\/\/api.w.org\/{rel}","templated":true}]}}