{"id":2007,"date":"2024-06-17T16:47:46","date_gmt":"2024-06-17T08:47:46","guid":{"rendered":"https:\/\/www.myautopartsfactory.com\/?post_type=product&#038;p=2007"},"modified":"2024-06-21T15:45:29","modified_gmt":"2024-06-21T07:45:29","slug":"wholesale-automotive-parts-differential-oil-temperature-sensor-48160pgj003-48160-pgj-003-for-honda-acura-pilot-ridgeline-3-5l","status":"publish","type":"product","link":"https:\/\/www.myautopartsfactory.com\/pt\/product\/wholesale-automotive-parts-differential-oil-temperature-sensor-48160pgj003-48160-pgj-003-for-honda-acura-pilot-ridgeline-3-5l","title":{"rendered":"Wholesale Automotive Parts Differential Oil Temperature Sensor 48160PGJ003 48160-PGJ-003 For Honda Acura Pilot Ridgeline 3.5L"},"content":{"rendered":"<h2 class=\"wp-block-heading\">Carater\u00edsticas e vantagens:<\/h2>\n\n\n\n<ul class=\"wp-block-list\">\n<li>Encaixe perfeito, instala\u00e7\u00e3o f\u00e1cil<\/li>\n\n\n\n<li>Fabricado de acordo com as especifica\u00e7\u00f5es de f\u00e1brica para uma instala\u00e7\u00e3o sem problemas.<\/li>\n\n\n\n<li>Designed as a direct replacement for your original Coolant Temperature Sensor, ensuring excellent fitment and performance.<\/li>\n<\/ul>\n\n\n\n<h2 class=\"wp-block-heading\">Carater\u00edsticas do produto\uff1a<\/h2>\n\n\n\n<ul class=\"wp-block-list\">\n<li>Improving fuel economy: monitoring the temperature of the engine coolant, more precise temperature control, and reducing fuel consumption.<\/li>\n\n\n\n<li>Avoiding environmental pollution: Ensure that the engine operates within the appropriate temperature range, effectively control the generation of harmful emissions, and reduce pollution.<\/li>\n\n\n\n<li>Improve driving safety: Monitor the temperature of the engine coolant, promptly detect abnormalities in the cooling system, and avoid cooling system malfunctions.<\/li>\n<\/ul>","protected":false},"excerpt":{"rendered":"Features &amp; Benefits: Product Features\uff1a","protected":false},"featured_media":2013,"menu_order":0,"template":"","meta":[],"product-tag":[],"products":[85],"brand":[46],"class_list":["post-2007","product","type-product","status-publish","has-post-thumbnail","hentry","products-coolant-temperature-sensor","brand-honda"],"yoast_head":"<!-- This site is optimized with the Yoast SEO plugin v27.3 - https:\/\/yoast.com\/product\/yoast-seo-wordpress\/ -->\n<title>Wholesale Automotive Parts Differential Oil Temperature Sensor 48160PGJ003 48160-PGJ-003 For Honda Acura Pilot Ridgeline 3.5L - YZHIDIANF<\/title>\n<meta name=\"robots\" content=\"index, follow, max-snippet:-1, max-image-preview:large, max-video-preview:-1\" \/>\n<link rel=\"canonical\" href=\"https:\/\/www.myautopartsfactory.com\/pt\/product\/wholesale-automotive-parts-differential-oil-temperature-sensor-48160pgj003-48160-pgj-003-for-honda-acura-pilot-ridgeline-3-5l\/\" \/>\n<meta property=\"og:locale\" content=\"pt_PT\" \/>\n<meta property=\"og:type\" content=\"article\" \/>\n<meta property=\"og:title\" content=\"Wholesale Automotive Parts Differential Oil Temperature Sensor 48160PGJ003 48160-PGJ-003 For Honda Acura Pilot Ridgeline 3.5L - YZHIDIANF\" \/>\n<meta property=\"og:description\" content=\"Features &amp; Benefits: Product Features\uff1a\" \/>\n<meta property=\"og:url\" content=\"https:\/\/www.myautopartsfactory.com\/pt\/product\/wholesale-automotive-parts-differential-oil-temperature-sensor-48160pgj003-48160-pgj-003-for-honda-acura-pilot-ridgeline-3-5l\/\" \/>\n<meta property=\"og:site_name\" content=\"YZHIDIANF\" \/>\n<meta property=\"article:modified_time\" content=\"2024-06-21T07:45:29+00:00\" \/>\n<meta property=\"og:image\" content=\"https:\/\/www.myautopartsfactory.com\/wp-content\/uploads\/2024\/06\/48160PGJ003-6.jpg\" \/>\n\t<meta property=\"og:image:width\" content=\"800\" \/>\n\t<meta property=\"og:image:height\" content=\"800\" \/>\n\t<meta property=\"og:image:type\" content=\"image\/jpeg\" \/>\n<meta name=\"twitter:card\" content=\"summary_large_image\" \/>\n<meta name=\"twitter:label1\" content=\"Tempo estimado de leitura\" \/>\n\t<meta name=\"twitter:data1\" content=\"1 minuto\" \/>\n<script type=\"application\/ld+json\" class=\"yoast-schema-graph\">{\"@context\":\"https:\\\/\\\/schema.org\",\"@graph\":[{\"@type\":\"WebPage\",\"@id\":\"https:\\\/\\\/www.myautopartsfactory.com\\\/product\\\/wholesale-automotive-parts-differential-oil-temperature-sensor-48160pgj003-48160-pgj-003-for-honda-acura-pilot-ridgeline-3-5l\",\"url\":\"https:\\\/\\\/www.myautopartsfactory.com\\\/product\\\/wholesale-automotive-parts-differential-oil-temperature-sensor-48160pgj003-48160-pgj-003-for-honda-acura-pilot-ridgeline-3-5l\",\"name\":\"Wholesale Automotive Parts Differential Oil Temperature Sensor 48160PGJ003 48160-PGJ-003 For Honda Acura Pilot Ridgeline 3.5L - YZHIDIANF\",\"isPartOf\":{\"@id\":\"https:\\\/\\\/www.myautopartsfactory.com\\\/#website\"},\"primaryImageOfPage\":{\"@id\":\"https:\\\/\\\/www.myautopartsfactory.com\\\/product\\\/wholesale-automotive-parts-differential-oil-temperature-sensor-48160pgj003-48160-pgj-003-for-honda-acura-pilot-ridgeline-3-5l#primaryimage\"},\"image\":{\"@id\":\"https:\\\/\\\/www.myautopartsfactory.com\\\/product\\\/wholesale-automotive-parts-differential-oil-temperature-sensor-48160pgj003-48160-pgj-003-for-honda-acura-pilot-ridgeline-3-5l#primaryimage\"},\"thumbnailUrl\":\"https:\\\/\\\/www.myautopartsfactory.com\\\/wp-content\\\/uploads\\\/2024\\\/06\\\/48160PGJ003-6.jpg\",\"datePublished\":\"2024-06-17T08:47:46+00:00\",\"dateModified\":\"2024-06-21T07:45:29+00:00\",\"breadcrumb\":{\"@id\":\"https:\\\/\\\/www.myautopartsfactory.com\\\/product\\\/wholesale-automotive-parts-differential-oil-temperature-sensor-48160pgj003-48160-pgj-003-for-honda-acura-pilot-ridgeline-3-5l#breadcrumb\"},\"inLanguage\":\"pt-PT\",\"potentialAction\":[{\"@type\":\"ReadAction\",\"target\":[\"https:\\\/\\\/www.myautopartsfactory.com\\\/product\\\/wholesale-automotive-parts-differential-oil-temperature-sensor-48160pgj003-48160-pgj-003-for-honda-acura-pilot-ridgeline-3-5l\"]}]},{\"@type\":\"ImageObject\",\"inLanguage\":\"pt-PT\",\"@id\":\"https:\\\/\\\/www.myautopartsfactory.com\\\/product\\\/wholesale-automotive-parts-differential-oil-temperature-sensor-48160pgj003-48160-pgj-003-for-honda-acura-pilot-ridgeline-3-5l#primaryimage\",\"url\":\"https:\\\/\\\/www.myautopartsfactory.com\\\/wp-content\\\/uploads\\\/2024\\\/06\\\/48160PGJ003-6.jpg\",\"contentUrl\":\"https:\\\/\\\/www.myautopartsfactory.com\\\/wp-content\\\/uploads\\\/2024\\\/06\\\/48160PGJ003-6.jpg\",\"width\":800,\"height\":800},{\"@type\":\"BreadcrumbList\",\"@id\":\"https:\\\/\\\/www.myautopartsfactory.com\\\/product\\\/wholesale-automotive-parts-differential-oil-temperature-sensor-48160pgj003-48160-pgj-003-for-honda-acura-pilot-ridgeline-3-5l#breadcrumb\",\"itemListElement\":[{\"@type\":\"ListItem\",\"position\":1,\"name\":\"\u9996\u9875\",\"item\":\"https:\\\/\\\/www.myautopartsfactory.com\\\/\"},{\"@type\":\"ListItem\",\"position\":2,\"name\":\"Wholesale Automotive Parts Differential Oil Temperature Sensor 48160PGJ003 48160-PGJ-003 For Honda Acura Pilot Ridgeline 3.5L\"}]},{\"@type\":\"WebSite\",\"@id\":\"https:\\\/\\\/www.myautopartsfactory.com\\\/#website\",\"url\":\"https:\\\/\\\/www.myautopartsfactory.com\\\/\",\"name\":\"YZHIDIANF\",\"description\":\"One-Stop Auto Parts Supplier\",\"publisher\":{\"@id\":\"https:\\\/\\\/www.myautopartsfactory.com\\\/#organization\"},\"potentialAction\":[{\"@type\":\"SearchAction\",\"target\":{\"@type\":\"EntryPoint\",\"urlTemplate\":\"https:\\\/\\\/www.myautopartsfactory.com\\\/?s={search_term_string}\"},\"query-input\":{\"@type\":\"PropertyValueSpecification\",\"valueRequired\":true,\"valueName\":\"search_term_string\"}}],\"inLanguage\":\"pt-PT\"},{\"@type\":\"Organization\",\"@id\":\"https:\\\/\\\/www.myautopartsfactory.com\\\/#organization\",\"name\":\"YZHIDIANF\",\"url\":\"https:\\\/\\\/www.myautopartsfactory.com\\\/\",\"logo\":{\"@type\":\"ImageObject\",\"inLanguage\":\"pt-PT\",\"@id\":\"https:\\\/\\\/www.myautopartsfactory.com\\\/#\\\/schema\\\/logo\\\/image\\\/\",\"url\":\"https:\\\/\\\/www.myautopartsfactory.com\\\/wp-content\\\/uploads\\\/2024\\\/05\\\/fav.jpg\",\"contentUrl\":\"https:\\\/\\\/www.myautopartsfactory.com\\\/wp-content\\\/uploads\\\/2024\\\/05\\\/fav.jpg\",\"width\":80,\"height\":80,\"caption\":\"YZHIDIANF\"},\"image\":{\"@id\":\"https:\\\/\\\/www.myautopartsfactory.com\\\/#\\\/schema\\\/logo\\\/image\\\/\"}}]}<\/script>\n<!-- \/ Yoast SEO plugin. -->","yoast_head_json":{"title":"Wholesale Automotive Parts Differential Oil Temperature Sensor 48160PGJ003 48160-PGJ-003 For Honda Acura Pilot Ridgeline 3.5L - YZHIDIANF","robots":{"index":"index","follow":"follow","max-snippet":"max-snippet:-1","max-image-preview":"max-image-preview:large","max-video-preview":"max-video-preview:-1"},"canonical":"https:\/\/www.myautopartsfactory.com\/pt\/product\/wholesale-automotive-parts-differential-oil-temperature-sensor-48160pgj003-48160-pgj-003-for-honda-acura-pilot-ridgeline-3-5l\/","og_locale":"pt_PT","og_type":"article","og_title":"Wholesale Automotive Parts Differential Oil Temperature Sensor 48160PGJ003 48160-PGJ-003 For Honda Acura Pilot Ridgeline 3.5L - YZHIDIANF","og_description":"Features &amp; Benefits: Product Features\uff1a","og_url":"https:\/\/www.myautopartsfactory.com\/pt\/product\/wholesale-automotive-parts-differential-oil-temperature-sensor-48160pgj003-48160-pgj-003-for-honda-acura-pilot-ridgeline-3-5l\/","og_site_name":"YZHIDIANF","article_modified_time":"2024-06-21T07:45:29+00:00","og_image":[{"width":800,"height":800,"url":"https:\/\/www.myautopartsfactory.com\/wp-content\/uploads\/2024\/06\/48160PGJ003-6.jpg","type":"image\/jpeg"}],"twitter_card":"summary_large_image","twitter_misc":{"Tempo estimado de leitura":"1 minuto"},"schema":{"@context":"https:\/\/schema.org","@graph":[{"@type":"WebPage","@id":"https:\/\/www.myautopartsfactory.com\/product\/wholesale-automotive-parts-differential-oil-temperature-sensor-48160pgj003-48160-pgj-003-for-honda-acura-pilot-ridgeline-3-5l","url":"https:\/\/www.myautopartsfactory.com\/product\/wholesale-automotive-parts-differential-oil-temperature-sensor-48160pgj003-48160-pgj-003-for-honda-acura-pilot-ridgeline-3-5l","name":"Wholesale Automotive Parts Differential Oil Temperature Sensor 48160PGJ003 48160-PGJ-003 For Honda Acura Pilot Ridgeline 3.5L - YZHIDIANF","isPartOf":{"@id":"https:\/\/www.myautopartsfactory.com\/#website"},"primaryImageOfPage":{"@id":"https:\/\/www.myautopartsfactory.com\/product\/wholesale-automotive-parts-differential-oil-temperature-sensor-48160pgj003-48160-pgj-003-for-honda-acura-pilot-ridgeline-3-5l#primaryimage"},"image":{"@id":"https:\/\/www.myautopartsfactory.com\/product\/wholesale-automotive-parts-differential-oil-temperature-sensor-48160pgj003-48160-pgj-003-for-honda-acura-pilot-ridgeline-3-5l#primaryimage"},"thumbnailUrl":"https:\/\/www.myautopartsfactory.com\/wp-content\/uploads\/2024\/06\/48160PGJ003-6.jpg","datePublished":"2024-06-17T08:47:46+00:00","dateModified":"2024-06-21T07:45:29+00:00","breadcrumb":{"@id":"https:\/\/www.myautopartsfactory.com\/product\/wholesale-automotive-parts-differential-oil-temperature-sensor-48160pgj003-48160-pgj-003-for-honda-acura-pilot-ridgeline-3-5l#breadcrumb"},"inLanguage":"pt-PT","potentialAction":[{"@type":"ReadAction","target":["https:\/\/www.myautopartsfactory.com\/product\/wholesale-automotive-parts-differential-oil-temperature-sensor-48160pgj003-48160-pgj-003-for-honda-acura-pilot-ridgeline-3-5l"]}]},{"@type":"ImageObject","inLanguage":"pt-PT","@id":"https:\/\/www.myautopartsfactory.com\/product\/wholesale-automotive-parts-differential-oil-temperature-sensor-48160pgj003-48160-pgj-003-for-honda-acura-pilot-ridgeline-3-5l#primaryimage","url":"https:\/\/www.myautopartsfactory.com\/wp-content\/uploads\/2024\/06\/48160PGJ003-6.jpg","contentUrl":"https:\/\/www.myautopartsfactory.com\/wp-content\/uploads\/2024\/06\/48160PGJ003-6.jpg","width":800,"height":800},{"@type":"BreadcrumbList","@id":"https:\/\/www.myautopartsfactory.com\/product\/wholesale-automotive-parts-differential-oil-temperature-sensor-48160pgj003-48160-pgj-003-for-honda-acura-pilot-ridgeline-3-5l#breadcrumb","itemListElement":[{"@type":"ListItem","position":1,"name":"\u9996\u9875","item":"https:\/\/www.myautopartsfactory.com\/"},{"@type":"ListItem","position":2,"name":"Wholesale Automotive Parts Differential Oil Temperature Sensor 48160PGJ003 48160-PGJ-003 For Honda Acura Pilot Ridgeline 3.5L"}]},{"@type":"WebSite","@id":"https:\/\/www.myautopartsfactory.com\/#website","url":"https:\/\/www.myautopartsfactory.com\/","name":"YZHIDIANF","description":"Fornecedor \u00fanico de pe\u00e7as para autom\u00f3veis","publisher":{"@id":"https:\/\/www.myautopartsfactory.com\/#organization"},"potentialAction":[{"@type":"SearchAction","target":{"@type":"EntryPoint","urlTemplate":"https:\/\/www.myautopartsfactory.com\/?s={search_term_string}"},"query-input":{"@type":"PropertyValueSpecification","valueRequired":true,"valueName":"search_term_string"}}],"inLanguage":"pt-PT"},{"@type":"Organization","@id":"https:\/\/www.myautopartsfactory.com\/#organization","name":"YZHIDIANF","url":"https:\/\/www.myautopartsfactory.com\/","logo":{"@type":"ImageObject","inLanguage":"pt-PT","@id":"https:\/\/www.myautopartsfactory.com\/#\/schema\/logo\/image\/","url":"https:\/\/www.myautopartsfactory.com\/wp-content\/uploads\/2024\/05\/fav.jpg","contentUrl":"https:\/\/www.myautopartsfactory.com\/wp-content\/uploads\/2024\/05\/fav.jpg","width":80,"height":80,"caption":"YZHIDIANF"},"image":{"@id":"https:\/\/www.myautopartsfactory.com\/#\/schema\/logo\/image\/"}}]}},"acf":[],"_links":{"self":[{"href":"https:\/\/www.myautopartsfactory.com\/pt\/wp-json\/wp\/v2\/product\/2007","targetHints":{"allow":["GET"]}}],"collection":[{"href":"https:\/\/www.myautopartsfactory.com\/pt\/wp-json\/wp\/v2\/product"}],"about":[{"href":"https:\/\/www.myautopartsfactory.com\/pt\/wp-json\/wp\/v2\/types\/product"}],"version-history":[{"count":0,"href":"https:\/\/www.myautopartsfactory.com\/pt\/wp-json\/wp\/v2\/product\/2007\/revisions"}],"wp:featuredmedia":[{"embeddable":true,"href":"https:\/\/www.myautopartsfactory.com\/pt\/wp-json\/wp\/v2\/media\/2013"}],"wp:attachment":[{"href":"https:\/\/www.myautopartsfactory.com\/pt\/wp-json\/wp\/v2\/media?parent=2007"}],"wp:term":[{"taxonomy":"product-tag","embeddable":true,"href":"https:\/\/www.myautopartsfactory.com\/pt\/wp-json\/wp\/v2\/product-tag?post=2007"},{"taxonomy":"products","embeddable":true,"href":"https:\/\/www.myautopartsfactory.com\/pt\/wp-json\/wp\/v2\/products?post=2007"},{"taxonomy":"brand","embeddable":true,"href":"https:\/\/www.myautopartsfactory.com\/pt\/wp-json\/wp\/v2\/brand?post=2007"}],"curies":[{"name":"wp","href":"https:\/\/api.w.org\/{rel}","templated":true}]}}