{"id":1884,"date":"2024-06-17T09:38:44","date_gmt":"2024-06-17T01:38:44","guid":{"rendered":"https:\/\/www.myautopartsfactory.com\/?post_type=product&#038;p=1884"},"modified":"2024-06-17T09:38:46","modified_gmt":"2024-06-17T01:38:46","slug":"wholesale-transmission-speed-sensor-sc634-dl8z7m101a-9l8z7m101a-auto-sensor-for-ford-fusion-explorer-edge-lincoln-mkz-mkt-mkc","status":"publish","type":"product","link":"https:\/\/www.myautopartsfactory.com\/pt\/product\/wholesale-transmission-speed-sensor-sc634-dl8z7m101a-9l8z7m101a-auto-sensor-for-ford-fusion-explorer-edge-lincoln-mkz-mkt-mkc","title":{"rendered":"Wholesale Transmission Speed Sensor SC634 DL8Z7M101A 9L8Z7M101A Auto Sensor For Ford Fusion Explorer Edge Lincoln Mkz Mkt Mkc"},"content":{"rendered":"<h2 class=\"wp-block-heading\">Carater\u00edsticas e vantagens:<\/h2>\n\n\n\n<p>Encaixe perfeito, f\u00e1cil instala\u00e7\u00e3o<\/p>\n\n\n\n<p>Fabricado de acordo com as especifica\u00e7\u00f5es de f\u00e1brica para uma instala\u00e7\u00e3o sem problemas.<\/p>\n\n\n\n<p>Concebido como um substituto direto do seu sensor de velocidade de transmiss\u00e3o original, garantindo uma excelente adapta\u00e7\u00e3o e desempenho.<\/p>\n\n\n\n<h2 class=\"wp-block-heading\">Carater\u00edsticas do produto\uff1a<\/h2>\n\n\n\n<p>\u25cf<strong>Elevada precis\u00e3o:<\/strong>\u00a0Elevada precis\u00e3o, podem ser medidas altera\u00e7\u00f5es de velocidade muito pequenas.<\/p>\n\n\n\n<p>\u25cf<strong>Diversidade:\u00a0<\/strong>Adequado para diferentes tipos de movimento de objectos, incluindo movimento linear e movimento rotativo.<\/p>\n\n\n\n<p>\u25cf<strong>F\u00e1cil de instalar:<\/strong>\u00a0Normalmente concebidos para serem pequenos e leves, s\u00e3o f\u00e1ceis de instalar numa variedade de dispositivos.<\/p>\n\n\n\n<p>\u25cf<strong>Baixo consumo de energia:<\/strong>\u00a0Com um design de baixo consumo de energia, pode prolongar a vida \u00fatil da bateria e poupar nos custos de energia.<\/p>\n\n\n\n<p><strong>Resposta r\u00e1pida:&nbsp;<\/strong>Tem a capacidade de reagir rapidamente, detetar e dar feedback sobre a velocidade de movimento dos objectos em tempo real.<\/p>\n\n\n\n<p>\u25cf<strong>Durabilidade:<\/strong>\u00a0 Fabricado com materiais de alta resist\u00eancia, tem uma boa durabilidade e resist\u00eancia ao choque e pode ser utilizado em ambientes agressivos.<\/p>","protected":false},"excerpt":{"rendered":"Features &amp; Benefits: \u25cfPerfect Fit, Easy Installation \u25cfMade to factory specifications for a hassle-free installation. \u25cfDesigned as a direct replacement for your original Transmission Speed Sensor, ensuring excellent fitment and performance. Product Features\uff1a \u25cfHigh accuracy:\u00a0High accuracy, very small speed changes can be measured. \u25cfDiversity:\u00a0Suitable for different types of object motion, including linear motion and rotational [&hellip;]","protected":false},"featured_media":1894,"menu_order":0,"template":"","meta":[],"product-tag":[],"products":[87],"brand":[59,70],"class_list":["post-1884","product","type-product","status-publish","has-post-thumbnail","hentry","products-transmission-speed-sensor","brand-ford","brand-lincoln"],"yoast_head":"<!-- This site is optimized with the Yoast SEO plugin v27.3 - https:\/\/yoast.com\/product\/yoast-seo-wordpress\/ -->\n<title>Wholesale Transmission Speed Sensor SC634 DL8Z7M101A 9L8Z7M101A Auto Sensor For Ford Fusion Explorer Edge Lincoln Mkz Mkt Mkc - YZHIDIANF<\/title>\n<meta name=\"robots\" content=\"index, follow, max-snippet:-1, max-image-preview:large, max-video-preview:-1\" \/>\n<link rel=\"canonical\" href=\"https:\/\/www.myautopartsfactory.com\/pt\/product\/wholesale-transmission-speed-sensor-sc634-dl8z7m101a-9l8z7m101a-auto-sensor-for-ford-fusion-explorer-edge-lincoln-mkz-mkt-mkc\/\" \/>\n<meta property=\"og:locale\" content=\"pt_PT\" \/>\n<meta property=\"og:type\" content=\"article\" \/>\n<meta property=\"og:title\" content=\"Wholesale Transmission Speed Sensor SC634 DL8Z7M101A 9L8Z7M101A Auto Sensor For Ford Fusion Explorer Edge Lincoln Mkz Mkt Mkc - YZHIDIANF\" \/>\n<meta property=\"og:description\" content=\"Features &amp; Benefits: \u25cfPerfect Fit, Easy Installation \u25cfMade to factory specifications for a hassle-free installation. \u25cfDesigned as a direct replacement for your original Transmission Speed Sensor, ensuring excellent fitment and performance. Product Features\uff1a \u25cfHigh accuracy:\u00a0High accuracy, very small speed changes can be measured. \u25cfDiversity:\u00a0Suitable for different types of object motion, including linear motion and rotational [&hellip;]\" \/>\n<meta property=\"og:url\" content=\"https:\/\/www.myautopartsfactory.com\/pt\/product\/wholesale-transmission-speed-sensor-sc634-dl8z7m101a-9l8z7m101a-auto-sensor-for-ford-fusion-explorer-edge-lincoln-mkz-mkt-mkc\/\" \/>\n<meta property=\"og:site_name\" content=\"YZHIDIANF\" \/>\n<meta property=\"article:modified_time\" content=\"2024-06-17T01:38:46+00:00\" \/>\n<meta property=\"og:image\" content=\"https:\/\/www.myautopartsfactory.com\/wp-content\/uploads\/2024\/06\/9L8Z7M101A-6-1.jpg\" \/>\n\t<meta property=\"og:image:width\" content=\"800\" \/>\n\t<meta property=\"og:image:height\" content=\"800\" \/>\n\t<meta property=\"og:image:type\" content=\"image\/jpeg\" \/>\n<meta name=\"twitter:card\" content=\"summary_large_image\" \/>\n<meta name=\"twitter:label1\" content=\"Tempo estimado de leitura\" \/>\n\t<meta name=\"twitter:data1\" content=\"1 minuto\" \/>\n<script type=\"application\/ld+json\" class=\"yoast-schema-graph\">{\"@context\":\"https:\\\/\\\/schema.org\",\"@graph\":[{\"@type\":\"WebPage\",\"@id\":\"https:\\\/\\\/www.myautopartsfactory.com\\\/product\\\/wholesale-transmission-speed-sensor-sc634-dl8z7m101a-9l8z7m101a-auto-sensor-for-ford-fusion-explorer-edge-lincoln-mkz-mkt-mkc\",\"url\":\"https:\\\/\\\/www.myautopartsfactory.com\\\/product\\\/wholesale-transmission-speed-sensor-sc634-dl8z7m101a-9l8z7m101a-auto-sensor-for-ford-fusion-explorer-edge-lincoln-mkz-mkt-mkc\",\"name\":\"Wholesale Transmission Speed Sensor SC634 DL8Z7M101A 9L8Z7M101A Auto Sensor For Ford Fusion Explorer Edge Lincoln Mkz Mkt Mkc - YZHIDIANF\",\"isPartOf\":{\"@id\":\"https:\\\/\\\/www.myautopartsfactory.com\\\/#website\"},\"primaryImageOfPage\":{\"@id\":\"https:\\\/\\\/www.myautopartsfactory.com\\\/product\\\/wholesale-transmission-speed-sensor-sc634-dl8z7m101a-9l8z7m101a-auto-sensor-for-ford-fusion-explorer-edge-lincoln-mkz-mkt-mkc#primaryimage\"},\"image\":{\"@id\":\"https:\\\/\\\/www.myautopartsfactory.com\\\/product\\\/wholesale-transmission-speed-sensor-sc634-dl8z7m101a-9l8z7m101a-auto-sensor-for-ford-fusion-explorer-edge-lincoln-mkz-mkt-mkc#primaryimage\"},\"thumbnailUrl\":\"https:\\\/\\\/www.myautopartsfactory.com\\\/wp-content\\\/uploads\\\/2024\\\/06\\\/9L8Z7M101A-6-1.jpg\",\"datePublished\":\"2024-06-17T01:38:44+00:00\",\"dateModified\":\"2024-06-17T01:38:46+00:00\",\"breadcrumb\":{\"@id\":\"https:\\\/\\\/www.myautopartsfactory.com\\\/product\\\/wholesale-transmission-speed-sensor-sc634-dl8z7m101a-9l8z7m101a-auto-sensor-for-ford-fusion-explorer-edge-lincoln-mkz-mkt-mkc#breadcrumb\"},\"inLanguage\":\"pt-PT\",\"potentialAction\":[{\"@type\":\"ReadAction\",\"target\":[\"https:\\\/\\\/www.myautopartsfactory.com\\\/product\\\/wholesale-transmission-speed-sensor-sc634-dl8z7m101a-9l8z7m101a-auto-sensor-for-ford-fusion-explorer-edge-lincoln-mkz-mkt-mkc\"]}]},{\"@type\":\"ImageObject\",\"inLanguage\":\"pt-PT\",\"@id\":\"https:\\\/\\\/www.myautopartsfactory.com\\\/product\\\/wholesale-transmission-speed-sensor-sc634-dl8z7m101a-9l8z7m101a-auto-sensor-for-ford-fusion-explorer-edge-lincoln-mkz-mkt-mkc#primaryimage\",\"url\":\"https:\\\/\\\/www.myautopartsfactory.com\\\/wp-content\\\/uploads\\\/2024\\\/06\\\/9L8Z7M101A-6-1.jpg\",\"contentUrl\":\"https:\\\/\\\/www.myautopartsfactory.com\\\/wp-content\\\/uploads\\\/2024\\\/06\\\/9L8Z7M101A-6-1.jpg\",\"width\":800,\"height\":800},{\"@type\":\"BreadcrumbList\",\"@id\":\"https:\\\/\\\/www.myautopartsfactory.com\\\/product\\\/wholesale-transmission-speed-sensor-sc634-dl8z7m101a-9l8z7m101a-auto-sensor-for-ford-fusion-explorer-edge-lincoln-mkz-mkt-mkc#breadcrumb\",\"itemListElement\":[{\"@type\":\"ListItem\",\"position\":1,\"name\":\"\u9996\u9875\",\"item\":\"https:\\\/\\\/www.myautopartsfactory.com\\\/\"},{\"@type\":\"ListItem\",\"position\":2,\"name\":\"Wholesale Transmission Speed Sensor SC634 DL8Z7M101A 9L8Z7M101A Auto Sensor For Ford Fusion Explorer Edge Lincoln Mkz Mkt Mkc\"}]},{\"@type\":\"WebSite\",\"@id\":\"https:\\\/\\\/www.myautopartsfactory.com\\\/#website\",\"url\":\"https:\\\/\\\/www.myautopartsfactory.com\\\/\",\"name\":\"YZHIDIANF\",\"description\":\"One-Stop Auto Parts Supplier\",\"publisher\":{\"@id\":\"https:\\\/\\\/www.myautopartsfactory.com\\\/#organization\"},\"potentialAction\":[{\"@type\":\"SearchAction\",\"target\":{\"@type\":\"EntryPoint\",\"urlTemplate\":\"https:\\\/\\\/www.myautopartsfactory.com\\\/?s={search_term_string}\"},\"query-input\":{\"@type\":\"PropertyValueSpecification\",\"valueRequired\":true,\"valueName\":\"search_term_string\"}}],\"inLanguage\":\"pt-PT\"},{\"@type\":\"Organization\",\"@id\":\"https:\\\/\\\/www.myautopartsfactory.com\\\/#organization\",\"name\":\"YZHIDIANF\",\"url\":\"https:\\\/\\\/www.myautopartsfactory.com\\\/\",\"logo\":{\"@type\":\"ImageObject\",\"inLanguage\":\"pt-PT\",\"@id\":\"https:\\\/\\\/www.myautopartsfactory.com\\\/#\\\/schema\\\/logo\\\/image\\\/\",\"url\":\"https:\\\/\\\/www.myautopartsfactory.com\\\/wp-content\\\/uploads\\\/2024\\\/05\\\/fav.jpg\",\"contentUrl\":\"https:\\\/\\\/www.myautopartsfactory.com\\\/wp-content\\\/uploads\\\/2024\\\/05\\\/fav.jpg\",\"width\":80,\"height\":80,\"caption\":\"YZHIDIANF\"},\"image\":{\"@id\":\"https:\\\/\\\/www.myautopartsfactory.com\\\/#\\\/schema\\\/logo\\\/image\\\/\"}}]}<\/script>\n<!-- \/ Yoast SEO plugin. -->","yoast_head_json":{"title":"Wholesale Transmission Speed Sensor SC634 DL8Z7M101A 9L8Z7M101A Auto Sensor For Ford Fusion Explorer Edge Lincoln Mkz Mkt Mkc - YZHIDIANF","robots":{"index":"index","follow":"follow","max-snippet":"max-snippet:-1","max-image-preview":"max-image-preview:large","max-video-preview":"max-video-preview:-1"},"canonical":"https:\/\/www.myautopartsfactory.com\/pt\/product\/wholesale-transmission-speed-sensor-sc634-dl8z7m101a-9l8z7m101a-auto-sensor-for-ford-fusion-explorer-edge-lincoln-mkz-mkt-mkc\/","og_locale":"pt_PT","og_type":"article","og_title":"Wholesale Transmission Speed Sensor SC634 DL8Z7M101A 9L8Z7M101A Auto Sensor For Ford Fusion Explorer Edge Lincoln Mkz Mkt Mkc - YZHIDIANF","og_description":"Features &amp; Benefits: \u25cfPerfect Fit, Easy Installation \u25cfMade to factory specifications for a hassle-free installation. \u25cfDesigned as a direct replacement for your original Transmission Speed Sensor, ensuring excellent fitment and performance. Product Features\uff1a \u25cfHigh accuracy:\u00a0High accuracy, very small speed changes can be measured. \u25cfDiversity:\u00a0Suitable for different types of object motion, including linear motion and rotational [&hellip;]","og_url":"https:\/\/www.myautopartsfactory.com\/pt\/product\/wholesale-transmission-speed-sensor-sc634-dl8z7m101a-9l8z7m101a-auto-sensor-for-ford-fusion-explorer-edge-lincoln-mkz-mkt-mkc\/","og_site_name":"YZHIDIANF","article_modified_time":"2024-06-17T01:38:46+00:00","og_image":[{"width":800,"height":800,"url":"https:\/\/www.myautopartsfactory.com\/wp-content\/uploads\/2024\/06\/9L8Z7M101A-6-1.jpg","type":"image\/jpeg"}],"twitter_card":"summary_large_image","twitter_misc":{"Tempo estimado de leitura":"1 minuto"},"schema":{"@context":"https:\/\/schema.org","@graph":[{"@type":"WebPage","@id":"https:\/\/www.myautopartsfactory.com\/product\/wholesale-transmission-speed-sensor-sc634-dl8z7m101a-9l8z7m101a-auto-sensor-for-ford-fusion-explorer-edge-lincoln-mkz-mkt-mkc","url":"https:\/\/www.myautopartsfactory.com\/product\/wholesale-transmission-speed-sensor-sc634-dl8z7m101a-9l8z7m101a-auto-sensor-for-ford-fusion-explorer-edge-lincoln-mkz-mkt-mkc","name":"Wholesale Transmission Speed Sensor SC634 DL8Z7M101A 9L8Z7M101A Auto Sensor For Ford Fusion Explorer Edge Lincoln Mkz Mkt Mkc - YZHIDIANF","isPartOf":{"@id":"https:\/\/www.myautopartsfactory.com\/#website"},"primaryImageOfPage":{"@id":"https:\/\/www.myautopartsfactory.com\/product\/wholesale-transmission-speed-sensor-sc634-dl8z7m101a-9l8z7m101a-auto-sensor-for-ford-fusion-explorer-edge-lincoln-mkz-mkt-mkc#primaryimage"},"image":{"@id":"https:\/\/www.myautopartsfactory.com\/product\/wholesale-transmission-speed-sensor-sc634-dl8z7m101a-9l8z7m101a-auto-sensor-for-ford-fusion-explorer-edge-lincoln-mkz-mkt-mkc#primaryimage"},"thumbnailUrl":"https:\/\/www.myautopartsfactory.com\/wp-content\/uploads\/2024\/06\/9L8Z7M101A-6-1.jpg","datePublished":"2024-06-17T01:38:44+00:00","dateModified":"2024-06-17T01:38:46+00:00","breadcrumb":{"@id":"https:\/\/www.myautopartsfactory.com\/product\/wholesale-transmission-speed-sensor-sc634-dl8z7m101a-9l8z7m101a-auto-sensor-for-ford-fusion-explorer-edge-lincoln-mkz-mkt-mkc#breadcrumb"},"inLanguage":"pt-PT","potentialAction":[{"@type":"ReadAction","target":["https:\/\/www.myautopartsfactory.com\/product\/wholesale-transmission-speed-sensor-sc634-dl8z7m101a-9l8z7m101a-auto-sensor-for-ford-fusion-explorer-edge-lincoln-mkz-mkt-mkc"]}]},{"@type":"ImageObject","inLanguage":"pt-PT","@id":"https:\/\/www.myautopartsfactory.com\/product\/wholesale-transmission-speed-sensor-sc634-dl8z7m101a-9l8z7m101a-auto-sensor-for-ford-fusion-explorer-edge-lincoln-mkz-mkt-mkc#primaryimage","url":"https:\/\/www.myautopartsfactory.com\/wp-content\/uploads\/2024\/06\/9L8Z7M101A-6-1.jpg","contentUrl":"https:\/\/www.myautopartsfactory.com\/wp-content\/uploads\/2024\/06\/9L8Z7M101A-6-1.jpg","width":800,"height":800},{"@type":"BreadcrumbList","@id":"https:\/\/www.myautopartsfactory.com\/product\/wholesale-transmission-speed-sensor-sc634-dl8z7m101a-9l8z7m101a-auto-sensor-for-ford-fusion-explorer-edge-lincoln-mkz-mkt-mkc#breadcrumb","itemListElement":[{"@type":"ListItem","position":1,"name":"\u9996\u9875","item":"https:\/\/www.myautopartsfactory.com\/"},{"@type":"ListItem","position":2,"name":"Wholesale Transmission Speed Sensor SC634 DL8Z7M101A 9L8Z7M101A Auto Sensor For Ford Fusion Explorer Edge Lincoln Mkz Mkt Mkc"}]},{"@type":"WebSite","@id":"https:\/\/www.myautopartsfactory.com\/#website","url":"https:\/\/www.myautopartsfactory.com\/","name":"YZHIDIANF","description":"Fornecedor \u00fanico de pe\u00e7as para autom\u00f3veis","publisher":{"@id":"https:\/\/www.myautopartsfactory.com\/#organization"},"potentialAction":[{"@type":"SearchAction","target":{"@type":"EntryPoint","urlTemplate":"https:\/\/www.myautopartsfactory.com\/?s={search_term_string}"},"query-input":{"@type":"PropertyValueSpecification","valueRequired":true,"valueName":"search_term_string"}}],"inLanguage":"pt-PT"},{"@type":"Organization","@id":"https:\/\/www.myautopartsfactory.com\/#organization","name":"YZHIDIANF","url":"https:\/\/www.myautopartsfactory.com\/","logo":{"@type":"ImageObject","inLanguage":"pt-PT","@id":"https:\/\/www.myautopartsfactory.com\/#\/schema\/logo\/image\/","url":"https:\/\/www.myautopartsfactory.com\/wp-content\/uploads\/2024\/05\/fav.jpg","contentUrl":"https:\/\/www.myautopartsfactory.com\/wp-content\/uploads\/2024\/05\/fav.jpg","width":80,"height":80,"caption":"YZHIDIANF"},"image":{"@id":"https:\/\/www.myautopartsfactory.com\/#\/schema\/logo\/image\/"}}]}},"acf":[],"_links":{"self":[{"href":"https:\/\/www.myautopartsfactory.com\/pt\/wp-json\/wp\/v2\/product\/1884","targetHints":{"allow":["GET"]}}],"collection":[{"href":"https:\/\/www.myautopartsfactory.com\/pt\/wp-json\/wp\/v2\/product"}],"about":[{"href":"https:\/\/www.myautopartsfactory.com\/pt\/wp-json\/wp\/v2\/types\/product"}],"version-history":[{"count":0,"href":"https:\/\/www.myautopartsfactory.com\/pt\/wp-json\/wp\/v2\/product\/1884\/revisions"}],"wp:featuredmedia":[{"embeddable":true,"href":"https:\/\/www.myautopartsfactory.com\/pt\/wp-json\/wp\/v2\/media\/1894"}],"wp:attachment":[{"href":"https:\/\/www.myautopartsfactory.com\/pt\/wp-json\/wp\/v2\/media?parent=1884"}],"wp:term":[{"taxonomy":"product-tag","embeddable":true,"href":"https:\/\/www.myautopartsfactory.com\/pt\/wp-json\/wp\/v2\/product-tag?post=1884"},{"taxonomy":"products","embeddable":true,"href":"https:\/\/www.myautopartsfactory.com\/pt\/wp-json\/wp\/v2\/products?post=1884"},{"taxonomy":"brand","embeddable":true,"href":"https:\/\/www.myautopartsfactory.com\/pt\/wp-json\/wp\/v2\/brand?post=1884"}],"curies":[{"name":"wp","href":"https:\/\/api.w.org\/{rel}","templated":true}]}}