{"id":1119,"date":"2024-06-12T14:03:22","date_gmt":"2024-06-12T06:03:22","guid":{"rendered":"https:\/\/www.myautopartsfactory.com\/?post_type=product&#038;p=1119"},"modified":"2024-06-24T10:34:48","modified_gmt":"2024-06-24T02:34:48","slug":"wholesale-turbo-boost-pressure-control-solenoid-valve-11747796634-11742247906-7796634-7584628-for-bmw-1-3-5-6-7-series-x3-x5-x6","status":"publish","type":"product","link":"https:\/\/www.myautopartsfactory.com\/pt\/product\/wholesale-turbo-boost-pressure-control-solenoid-valve-11747796634-11742247906-7796634-7584628-for-bmw-1-3-5-6-7-series-x3-x5-x6","title":{"rendered":"Wholesale Turbo Boost Pressure Control Solenoid Valve 11747796634 11742247906 7796634 7584628 For BMW 1 3 5 6 7 Series X3 X5 X6"},"content":{"rendered":"<h2 class=\"wp-block-heading\"><strong>Carater\u00edsticas e vantagens:<\/strong><\/h2>\n\n\n\n<ul class=\"wp-block-list\">\n<li>Encaixe perfeito, instala\u00e7\u00e3o f\u00e1cil<\/li>\n\n\n\n<li>Fabricado de acordo com as especifica\u00e7\u00f5es de f\u00e1brica para uma instala\u00e7\u00e3o sem problemas.<\/li>\n\n\n\n<li>Designed as a direct replacement for your original Turbo Boost Pressure Solenoid Valve , ensuring excellent fitment and performance.<\/li>\n<\/ul>\n\n\n\n<h2 class=\"wp-block-heading\"><strong>Carater\u00edsticas do produto\uff1a<\/strong><\/h2>\n\n\n\n<ul class=\"wp-block-list\">\n<li><strong>Adjustability: <\/strong>Control the working state of the turbocharger, provide appropriate intake pressure at different speeds, improve engine performance and fuel economy.<\/li>\n\n\n\n<li><strong>High reliability:<\/strong> Made of high-strength materials, it has good corrosion resistance and wear resistance, and can work stably and reliably in harsh working environments.<\/li>\n\n\n\n<li><strong>High efficiency and energy saving: <\/strong>By controlling the intake pressure, the engine can improve combustion efficiency and reduce fuel consumption.<\/li>\n<\/ul>","protected":false},"excerpt":{"rendered":"Features &amp; Benefits: Product Features\uff1a","protected":false},"featured_media":1124,"menu_order":0,"template":"","meta":[],"product-tag":[],"products":[93],"brand":[62],"class_list":["post-1119","product","type-product","status-publish","has-post-thumbnail","hentry","products-turbocharger-solenoid-valve","brand-bmw"],"yoast_head":"<!-- This site is optimized with the Yoast SEO plugin v27.3 - https:\/\/yoast.com\/product\/yoast-seo-wordpress\/ -->\n<title>Wholesale Turbo Boost Pressure Control Solenoid Valve 11747796634 11742247906 7796634 7584628 For BMW 1 3 5 6 7 Series X3 X5 X6 - YZHIDIANF<\/title>\n<meta name=\"robots\" content=\"index, follow, max-snippet:-1, max-image-preview:large, max-video-preview:-1\" \/>\n<link rel=\"canonical\" href=\"https:\/\/www.myautopartsfactory.com\/pt\/product\/wholesale-turbo-boost-pressure-control-solenoid-valve-11747796634-11742247906-7796634-7584628-for-bmw-1-3-5-6-7-series-x3-x5-x6\/\" \/>\n<meta property=\"og:locale\" content=\"pt_PT\" \/>\n<meta property=\"og:type\" content=\"article\" \/>\n<meta property=\"og:title\" content=\"Wholesale Turbo Boost Pressure Control Solenoid Valve 11747796634 11742247906 7796634 7584628 For BMW 1 3 5 6 7 Series X3 X5 X6 - YZHIDIANF\" \/>\n<meta property=\"og:description\" content=\"Features &amp; Benefits: Product Features\uff1a\" \/>\n<meta property=\"og:url\" content=\"https:\/\/www.myautopartsfactory.com\/pt\/product\/wholesale-turbo-boost-pressure-control-solenoid-valve-11747796634-11742247906-7796634-7584628-for-bmw-1-3-5-6-7-series-x3-x5-x6\/\" \/>\n<meta property=\"og:site_name\" content=\"YZHIDIANF\" \/>\n<meta property=\"article:modified_time\" content=\"2024-06-24T02:34:48+00:00\" \/>\n<meta property=\"og:image\" content=\"https:\/\/www.myautopartsfactory.com\/wp-content\/uploads\/2024\/06\/11747796634-5.jpg\" \/>\n\t<meta property=\"og:image:width\" content=\"800\" \/>\n\t<meta property=\"og:image:height\" content=\"800\" \/>\n\t<meta property=\"og:image:type\" content=\"image\/jpeg\" \/>\n<meta name=\"twitter:card\" content=\"summary_large_image\" \/>\n<meta name=\"twitter:label1\" content=\"Tempo estimado de leitura\" \/>\n\t<meta name=\"twitter:data1\" content=\"1 minuto\" \/>\n<script type=\"application\/ld+json\" class=\"yoast-schema-graph\">{\"@context\":\"https:\\\/\\\/schema.org\",\"@graph\":[{\"@type\":\"WebPage\",\"@id\":\"https:\\\/\\\/www.myautopartsfactory.com\\\/product\\\/wholesale-turbo-boost-pressure-control-solenoid-valve-11747796634-11742247906-7796634-7584628-for-bmw-1-3-5-6-7-series-x3-x5-x6\",\"url\":\"https:\\\/\\\/www.myautopartsfactory.com\\\/product\\\/wholesale-turbo-boost-pressure-control-solenoid-valve-11747796634-11742247906-7796634-7584628-for-bmw-1-3-5-6-7-series-x3-x5-x6\",\"name\":\"Wholesale Turbo Boost Pressure Control Solenoid Valve 11747796634 11742247906 7796634 7584628 For BMW 1 3 5 6 7 Series X3 X5 X6 - YZHIDIANF\",\"isPartOf\":{\"@id\":\"https:\\\/\\\/www.myautopartsfactory.com\\\/#website\"},\"primaryImageOfPage\":{\"@id\":\"https:\\\/\\\/www.myautopartsfactory.com\\\/product\\\/wholesale-turbo-boost-pressure-control-solenoid-valve-11747796634-11742247906-7796634-7584628-for-bmw-1-3-5-6-7-series-x3-x5-x6#primaryimage\"},\"image\":{\"@id\":\"https:\\\/\\\/www.myautopartsfactory.com\\\/product\\\/wholesale-turbo-boost-pressure-control-solenoid-valve-11747796634-11742247906-7796634-7584628-for-bmw-1-3-5-6-7-series-x3-x5-x6#primaryimage\"},\"thumbnailUrl\":\"https:\\\/\\\/www.myautopartsfactory.com\\\/wp-content\\\/uploads\\\/2024\\\/06\\\/11747796634-5.jpg\",\"datePublished\":\"2024-06-12T06:03:22+00:00\",\"dateModified\":\"2024-06-24T02:34:48+00:00\",\"breadcrumb\":{\"@id\":\"https:\\\/\\\/www.myautopartsfactory.com\\\/product\\\/wholesale-turbo-boost-pressure-control-solenoid-valve-11747796634-11742247906-7796634-7584628-for-bmw-1-3-5-6-7-series-x3-x5-x6#breadcrumb\"},\"inLanguage\":\"pt-PT\",\"potentialAction\":[{\"@type\":\"ReadAction\",\"target\":[\"https:\\\/\\\/www.myautopartsfactory.com\\\/product\\\/wholesale-turbo-boost-pressure-control-solenoid-valve-11747796634-11742247906-7796634-7584628-for-bmw-1-3-5-6-7-series-x3-x5-x6\"]}]},{\"@type\":\"ImageObject\",\"inLanguage\":\"pt-PT\",\"@id\":\"https:\\\/\\\/www.myautopartsfactory.com\\\/product\\\/wholesale-turbo-boost-pressure-control-solenoid-valve-11747796634-11742247906-7796634-7584628-for-bmw-1-3-5-6-7-series-x3-x5-x6#primaryimage\",\"url\":\"https:\\\/\\\/www.myautopartsfactory.com\\\/wp-content\\\/uploads\\\/2024\\\/06\\\/11747796634-5.jpg\",\"contentUrl\":\"https:\\\/\\\/www.myautopartsfactory.com\\\/wp-content\\\/uploads\\\/2024\\\/06\\\/11747796634-5.jpg\",\"width\":800,\"height\":800},{\"@type\":\"BreadcrumbList\",\"@id\":\"https:\\\/\\\/www.myautopartsfactory.com\\\/product\\\/wholesale-turbo-boost-pressure-control-solenoid-valve-11747796634-11742247906-7796634-7584628-for-bmw-1-3-5-6-7-series-x3-x5-x6#breadcrumb\",\"itemListElement\":[{\"@type\":\"ListItem\",\"position\":1,\"name\":\"\u9996\u9875\",\"item\":\"https:\\\/\\\/www.myautopartsfactory.com\\\/\"},{\"@type\":\"ListItem\",\"position\":2,\"name\":\"Wholesale Turbo Boost Pressure Control Solenoid Valve 11747796634 11742247906 7796634 7584628 For BMW 1 3 5 6 7 Series X3 X5 X6\"}]},{\"@type\":\"WebSite\",\"@id\":\"https:\\\/\\\/www.myautopartsfactory.com\\\/#website\",\"url\":\"https:\\\/\\\/www.myautopartsfactory.com\\\/\",\"name\":\"YZHIDIANF\",\"description\":\"One-Stop Auto Parts Supplier\",\"publisher\":{\"@id\":\"https:\\\/\\\/www.myautopartsfactory.com\\\/#organization\"},\"potentialAction\":[{\"@type\":\"SearchAction\",\"target\":{\"@type\":\"EntryPoint\",\"urlTemplate\":\"https:\\\/\\\/www.myautopartsfactory.com\\\/?s={search_term_string}\"},\"query-input\":{\"@type\":\"PropertyValueSpecification\",\"valueRequired\":true,\"valueName\":\"search_term_string\"}}],\"inLanguage\":\"pt-PT\"},{\"@type\":\"Organization\",\"@id\":\"https:\\\/\\\/www.myautopartsfactory.com\\\/#organization\",\"name\":\"YZHIDIANF\",\"url\":\"https:\\\/\\\/www.myautopartsfactory.com\\\/\",\"logo\":{\"@type\":\"ImageObject\",\"inLanguage\":\"pt-PT\",\"@id\":\"https:\\\/\\\/www.myautopartsfactory.com\\\/#\\\/schema\\\/logo\\\/image\\\/\",\"url\":\"https:\\\/\\\/www.myautopartsfactory.com\\\/wp-content\\\/uploads\\\/2024\\\/05\\\/fav.jpg\",\"contentUrl\":\"https:\\\/\\\/www.myautopartsfactory.com\\\/wp-content\\\/uploads\\\/2024\\\/05\\\/fav.jpg\",\"width\":80,\"height\":80,\"caption\":\"YZHIDIANF\"},\"image\":{\"@id\":\"https:\\\/\\\/www.myautopartsfactory.com\\\/#\\\/schema\\\/logo\\\/image\\\/\"}}]}<\/script>\n<!-- \/ Yoast SEO plugin. -->","yoast_head_json":{"title":"Wholesale Turbo Boost Pressure Control Solenoid Valve 11747796634 11742247906 7796634 7584628 For BMW 1 3 5 6 7 Series X3 X5 X6 - YZHIDIANF","robots":{"index":"index","follow":"follow","max-snippet":"max-snippet:-1","max-image-preview":"max-image-preview:large","max-video-preview":"max-video-preview:-1"},"canonical":"https:\/\/www.myautopartsfactory.com\/pt\/product\/wholesale-turbo-boost-pressure-control-solenoid-valve-11747796634-11742247906-7796634-7584628-for-bmw-1-3-5-6-7-series-x3-x5-x6\/","og_locale":"pt_PT","og_type":"article","og_title":"Wholesale Turbo Boost Pressure Control Solenoid Valve 11747796634 11742247906 7796634 7584628 For BMW 1 3 5 6 7 Series X3 X5 X6 - YZHIDIANF","og_description":"Features &amp; Benefits: Product Features\uff1a","og_url":"https:\/\/www.myautopartsfactory.com\/pt\/product\/wholesale-turbo-boost-pressure-control-solenoid-valve-11747796634-11742247906-7796634-7584628-for-bmw-1-3-5-6-7-series-x3-x5-x6\/","og_site_name":"YZHIDIANF","article_modified_time":"2024-06-24T02:34:48+00:00","og_image":[{"width":800,"height":800,"url":"https:\/\/www.myautopartsfactory.com\/wp-content\/uploads\/2024\/06\/11747796634-5.jpg","type":"image\/jpeg"}],"twitter_card":"summary_large_image","twitter_misc":{"Tempo estimado de leitura":"1 minuto"},"schema":{"@context":"https:\/\/schema.org","@graph":[{"@type":"WebPage","@id":"https:\/\/www.myautopartsfactory.com\/product\/wholesale-turbo-boost-pressure-control-solenoid-valve-11747796634-11742247906-7796634-7584628-for-bmw-1-3-5-6-7-series-x3-x5-x6","url":"https:\/\/www.myautopartsfactory.com\/product\/wholesale-turbo-boost-pressure-control-solenoid-valve-11747796634-11742247906-7796634-7584628-for-bmw-1-3-5-6-7-series-x3-x5-x6","name":"Wholesale Turbo Boost Pressure Control Solenoid Valve 11747796634 11742247906 7796634 7584628 For BMW 1 3 5 6 7 Series X3 X5 X6 - YZHIDIANF","isPartOf":{"@id":"https:\/\/www.myautopartsfactory.com\/#website"},"primaryImageOfPage":{"@id":"https:\/\/www.myautopartsfactory.com\/product\/wholesale-turbo-boost-pressure-control-solenoid-valve-11747796634-11742247906-7796634-7584628-for-bmw-1-3-5-6-7-series-x3-x5-x6#primaryimage"},"image":{"@id":"https:\/\/www.myautopartsfactory.com\/product\/wholesale-turbo-boost-pressure-control-solenoid-valve-11747796634-11742247906-7796634-7584628-for-bmw-1-3-5-6-7-series-x3-x5-x6#primaryimage"},"thumbnailUrl":"https:\/\/www.myautopartsfactory.com\/wp-content\/uploads\/2024\/06\/11747796634-5.jpg","datePublished":"2024-06-12T06:03:22+00:00","dateModified":"2024-06-24T02:34:48+00:00","breadcrumb":{"@id":"https:\/\/www.myautopartsfactory.com\/product\/wholesale-turbo-boost-pressure-control-solenoid-valve-11747796634-11742247906-7796634-7584628-for-bmw-1-3-5-6-7-series-x3-x5-x6#breadcrumb"},"inLanguage":"pt-PT","potentialAction":[{"@type":"ReadAction","target":["https:\/\/www.myautopartsfactory.com\/product\/wholesale-turbo-boost-pressure-control-solenoid-valve-11747796634-11742247906-7796634-7584628-for-bmw-1-3-5-6-7-series-x3-x5-x6"]}]},{"@type":"ImageObject","inLanguage":"pt-PT","@id":"https:\/\/www.myautopartsfactory.com\/product\/wholesale-turbo-boost-pressure-control-solenoid-valve-11747796634-11742247906-7796634-7584628-for-bmw-1-3-5-6-7-series-x3-x5-x6#primaryimage","url":"https:\/\/www.myautopartsfactory.com\/wp-content\/uploads\/2024\/06\/11747796634-5.jpg","contentUrl":"https:\/\/www.myautopartsfactory.com\/wp-content\/uploads\/2024\/06\/11747796634-5.jpg","width":800,"height":800},{"@type":"BreadcrumbList","@id":"https:\/\/www.myautopartsfactory.com\/product\/wholesale-turbo-boost-pressure-control-solenoid-valve-11747796634-11742247906-7796634-7584628-for-bmw-1-3-5-6-7-series-x3-x5-x6#breadcrumb","itemListElement":[{"@type":"ListItem","position":1,"name":"\u9996\u9875","item":"https:\/\/www.myautopartsfactory.com\/"},{"@type":"ListItem","position":2,"name":"Wholesale Turbo Boost Pressure Control Solenoid Valve 11747796634 11742247906 7796634 7584628 For BMW 1 3 5 6 7 Series X3 X5 X6"}]},{"@type":"WebSite","@id":"https:\/\/www.myautopartsfactory.com\/#website","url":"https:\/\/www.myautopartsfactory.com\/","name":"YZHIDIANF","description":"Fornecedor \u00fanico de pe\u00e7as para autom\u00f3veis","publisher":{"@id":"https:\/\/www.myautopartsfactory.com\/#organization"},"potentialAction":[{"@type":"SearchAction","target":{"@type":"EntryPoint","urlTemplate":"https:\/\/www.myautopartsfactory.com\/?s={search_term_string}"},"query-input":{"@type":"PropertyValueSpecification","valueRequired":true,"valueName":"search_term_string"}}],"inLanguage":"pt-PT"},{"@type":"Organization","@id":"https:\/\/www.myautopartsfactory.com\/#organization","name":"YZHIDIANF","url":"https:\/\/www.myautopartsfactory.com\/","logo":{"@type":"ImageObject","inLanguage":"pt-PT","@id":"https:\/\/www.myautopartsfactory.com\/#\/schema\/logo\/image\/","url":"https:\/\/www.myautopartsfactory.com\/wp-content\/uploads\/2024\/05\/fav.jpg","contentUrl":"https:\/\/www.myautopartsfactory.com\/wp-content\/uploads\/2024\/05\/fav.jpg","width":80,"height":80,"caption":"YZHIDIANF"},"image":{"@id":"https:\/\/www.myautopartsfactory.com\/#\/schema\/logo\/image\/"}}]}},"acf":[],"_links":{"self":[{"href":"https:\/\/www.myautopartsfactory.com\/pt\/wp-json\/wp\/v2\/product\/1119","targetHints":{"allow":["GET"]}}],"collection":[{"href":"https:\/\/www.myautopartsfactory.com\/pt\/wp-json\/wp\/v2\/product"}],"about":[{"href":"https:\/\/www.myautopartsfactory.com\/pt\/wp-json\/wp\/v2\/types\/product"}],"version-history":[{"count":0,"href":"https:\/\/www.myautopartsfactory.com\/pt\/wp-json\/wp\/v2\/product\/1119\/revisions"}],"wp:featuredmedia":[{"embeddable":true,"href":"https:\/\/www.myautopartsfactory.com\/pt\/wp-json\/wp\/v2\/media\/1124"}],"wp:attachment":[{"href":"https:\/\/www.myautopartsfactory.com\/pt\/wp-json\/wp\/v2\/media?parent=1119"}],"wp:term":[{"taxonomy":"product-tag","embeddable":true,"href":"https:\/\/www.myautopartsfactory.com\/pt\/wp-json\/wp\/v2\/product-tag?post=1119"},{"taxonomy":"products","embeddable":true,"href":"https:\/\/www.myautopartsfactory.com\/pt\/wp-json\/wp\/v2\/products?post=1119"},{"taxonomy":"brand","embeddable":true,"href":"https:\/\/www.myautopartsfactory.com\/pt\/wp-json\/wp\/v2\/brand?post=1119"}],"curies":[{"name":"wp","href":"https:\/\/api.w.org\/{rel}","templated":true}]}}