{"id":214,"date":"2024-04-17T14:11:26","date_gmt":"2024-04-17T06:11:26","guid":{"rendered":"https:\/\/www.myautopartsfactory.com\/?page_id=214"},"modified":"2024-04-17T14:11:41","modified_gmt":"2024-04-17T06:11:41","slug":"privacy-policy","status":"publish","type":"page","link":"https:\/\/www.myautopartsfactory.com\/pt\/privacy-policy","title":{"rendered":"Pol\u00edtica de privacidade"},"content":{"rendered":"<h3 class=\"wp-block-heading\">Que informa\u00e7\u00f5es recolhemos?<\/h3>\n\n\n\n<p>Recolhemos informa\u00e7\u00f5es do utilizador quando este se regista no s\u00edtio, efectua uma encomenda, participa num concurso ou sorteio, responde a um inqu\u00e9rito ou a uma comunica\u00e7\u00e3o, por exemplo, por correio eletr\u00f3nico, ou participa noutra funcionalidade do s\u00edtio. Ao encomendar ou registar-se, podemos pedir-lhe o seu nome, endere\u00e7o de correio eletr\u00f3nico, endere\u00e7o postal, n\u00famero de telefone, informa\u00e7\u00f5es sobre o cart\u00e3o de cr\u00e9dito ou outras informa\u00e7\u00f5es. O utilizador pode, no entanto, visitar o nosso s\u00edtio anonimamente. Tamb\u00e9m recolhemos informa\u00e7\u00f5es sobre os destinat\u00e1rios dos presentes para podermos concretizar a compra do presente. As informa\u00e7\u00f5es que recolhemos sobre os destinat\u00e1rios dos presentes n\u00e3o s\u00e3o utilizadas para fins de marketing. Tal como muitos s\u00edtios Web, utilizamos \u201ccookies\u201d para melhorar a sua experi\u00eancia e recolher informa\u00e7\u00f5es sobre os visitantes e as visitas aos nossos s\u00edtios Web. Consulte a sec\u00e7\u00e3o \u201cUtilizamos \u2018cookies\u2019?\u201d abaixo para obter informa\u00e7\u00f5es sobre cookies e a forma como os utilizamos.<\/p>\n\n\n\n<h3 class=\"wp-block-heading\">Como \u00e9 que utilizamos as suas informa\u00e7\u00f5es?<\/h3>\n\n\n\n<p>Podemos utilizar as informa\u00e7\u00f5es que recolhemos quando o utilizador se regista, compra produtos, participa num concurso ou promo\u00e7\u00e3o, responde a um inqu\u00e9rito ou a uma comunica\u00e7\u00e3o de marketing, navega no s\u00edtio Web ou utiliza outras funcionalidades do s\u00edtio das seguintes formas Para personalizar a sua experi\u00eancia no site e para nos permitir fornecer o tipo de conte\u00fado e ofertas de produtos em que est\u00e1 mais interessado. Para nos permitir prestar um melhor servi\u00e7o ao utilizador, respondendo aos seus pedidos de assist\u00eancia ao cliente. Para processar rapidamente as suas transac\u00e7\u00f5es. Para administrar um concurso, promo\u00e7\u00e3o, inqu\u00e9rito ou outra funcionalidade do site. Se o utilizador tiver optado por receber a nossa newsletter por correio eletr\u00f3nico, poderemos enviar-lhe mensagens de correio eletr\u00f3nico peri\u00f3dicas. Se n\u00e3o pretender continuar a receber e-mails promocionais da nossa parte, consulte a sec\u00e7\u00e3o \u201cRetirar o seu consentimento\u201d abaixo. Se o utilizador n\u00e3o tiver optado por receber boletins informativos por correio eletr\u00f3nico, n\u00e3o receber\u00e1 essas mensagens. Os visitantes que se registarem ou participarem noutras funcionalidades do s\u00edtio, tais como programas de marketing e conte\u00fados \u2018s\u00f3 para membros\u2019, poder\u00e3o escolher se pretendem fazer parte da nossa lista de correio eletr\u00f3nico e receber comunica\u00e7\u00f5es por correio eletr\u00f3nico da nossa parte.<\/p>\n\n\n\n<h3 class=\"wp-block-heading\">Como \u00e9 que protegemos as informa\u00e7\u00f5es dos visitantes?<\/h3>\n\n\n\n<p>Implementamos uma s\u00e9rie de medidas de seguran\u00e7a para manter a seguran\u00e7a das suas informa\u00e7\u00f5es pessoais. As suas informa\u00e7\u00f5es pessoais est\u00e3o contidas em redes seguras e s\u00f3 s\u00e3o acess\u00edveis a um n\u00famero limitado de pessoas que t\u00eam direitos de acesso especiais a esses sistemas e s\u00e3o obrigadas a manter as informa\u00e7\u00f5es confidenciais. Quando efectua encomendas ou acede \u00e0s suas informa\u00e7\u00f5es pessoais, oferecemos a utiliza\u00e7\u00e3o de um servidor seguro. Todas as informa\u00e7\u00f5es sens\u00edveis\/de cr\u00e9dito fornecidas s\u00e3o transmitidas atrav\u00e9s da tecnologia Secure Socket Layer (SSL) e, em seguida, encriptadas nas nossas bases de dados para serem acedidas apenas nos termos acima referidos.<\/p>\n\n\n\n<h3 class=\"wp-block-heading\">Utilizamos \u201ccookies\u201d?<\/h3>\n\n\n\n<p>Sim. Os cookies s\u00e3o pequenos ficheiros que um site ou o seu fornecedor de servi\u00e7os transfere para o disco r\u00edgido do seu computador atrav\u00e9s do seu browser da Web (se o permitir) que permite que os sistemas do site ou do fornecedor de servi\u00e7os reconhe\u00e7am o seu browser e capturem e recordem determinadas informa\u00e7\u00f5es. Por exemplo, utilizamos cookies para nos ajudar a recordar e processar os artigos no seu carrinho de compras. Tamb\u00e9m s\u00e3o utilizados para nos ajudar a compreender as suas prefer\u00eancias com base na atividade anterior ou atual do s\u00edtio, o que nos permite fornecer-lhe servi\u00e7os melhorados. Tamb\u00e9m utilizamos cookies para nos ajudar a compilar dados agregados sobre o tr\u00e1fego e a intera\u00e7\u00e3o do site, para que possamos oferecer melhores experi\u00eancias e ferramentas no futuro. Podemos contratar prestadores de servi\u00e7os terceiros para nos ajudarem a compreender melhor os visitantes do nosso s\u00edtio. Estes fornecedores de servi\u00e7os n\u00e3o est\u00e3o autorizados a utilizar as informa\u00e7\u00f5es recolhidas em nosso nome, exceto para nos ajudar a conduzir e melhorar a nossa atividade. O utilizador pode optar por que o seu computador o avise sempre que um cookie estiver a ser enviado, ou pode optar por desativar todos os cookies. Pode faz\u00ea-lo atrav\u00e9s das defini\u00e7\u00f5es do seu browser (como o Google Chrome, o Microsoft Edge ou o Safari). Cada navegador \u00e9 um pouco diferente, por isso consulte o menu \u2018Ajuda\u2019 do seu navegador para saber qual a forma correta de modificar os seus cookies. Se desativar os cookies, n\u00e3o ter\u00e1 acesso a muitas funcionalidades que tornam a sua experi\u00eancia no site mais eficiente e alguns dos nossos servi\u00e7os n\u00e3o funcionar\u00e3o corretamente. No entanto, pode continuar a fazer encomendas por telefone, contactando o servi\u00e7o de apoio ao cliente.<\/p>\n\n\n\n<h3 class=\"wp-block-heading\">Divulgamos as informa\u00e7\u00f5es que recolhemos a terceiros?<\/h3>\n\n\n\n<p>N\u00e3o vendemos, trocamos ou transferimos de outra forma as suas informa\u00e7\u00f5es de identifica\u00e7\u00e3o pessoal a terceiros, a menos que o avisemos com anteced\u00eancia, exceto conforme descrito abaixo. O termo \u201centidades externas\u201d n\u00e3o inclui a nossa empresa. Tamb\u00e9m n\u00e3o inclui parceiros de alojamento de s\u00edtios Web e outras partes que nos ajudam a operar o nosso s\u00edtio Web, a conduzir a nossa atividade ou a prestar servi\u00e7os ao utilizador, desde que essas partes concordem em manter essas informa\u00e7\u00f5es confidenciais. Tamb\u00e9m podemos divulgar as informa\u00e7\u00f5es do utilizador quando considerarmos que a divulga\u00e7\u00e3o \u00e9 adequada para cumprir a lei, aplicar as pol\u00edticas do nosso s\u00edtio ou proteger os nossos direitos, propriedade ou seguran\u00e7a ou os de terceiros. No entanto, as informa\u00e7\u00f5es n\u00e3o pessoalmente identific\u00e1veis dos visitantes podem ser fornecidas a outras entidades para fins de marketing, publicidade ou outras utiliza\u00e7\u00f5es. Como pode optar por n\u00e3o participar, remover ou modificar as informa\u00e7\u00f5es que nos forneceu? Para modificar as suas subscri\u00e7\u00f5es de correio eletr\u00f3nico, informe-nos modificando as suas prefer\u00eancias na sec\u00e7\u00e3o \u2019A minha conta\u201c. Tenha em aten\u00e7\u00e3o que, devido aos calend\u00e1rios de produ\u00e7\u00e3o de correio eletr\u00f3nico, poder\u00e1 receber quaisquer mensagens de correio eletr\u00f3nico j\u00e1 em produ\u00e7\u00e3o. Para eliminar todas as informa\u00e7\u00f5es da sua conta online da nossa base de dados, aceda \u00e0 sec\u00e7\u00e3o \u201dA minha conta\u201c do nosso site e remova os seus endere\u00e7os de envio, endere\u00e7os de fatura\u00e7\u00e3o e informa\u00e7\u00f5es de pagamento. Tenha em aten\u00e7\u00e3o que podemos manter informa\u00e7\u00f5es sobre uma transa\u00e7\u00e3o de venda individual para prestar servi\u00e7o a essa transa\u00e7\u00e3o e para manuten\u00e7\u00e3o de registos. Hiperliga\u00e7\u00f5es de terceiros Numa tentativa de lhe proporcionar mais valor, podemos incluir hiperliga\u00e7\u00f5es de terceiros no nosso s\u00edtio. Estes s\u00edtios ligados t\u00eam pol\u00edticas de privacidade separadas e independentes. Por conseguinte, n\u00e3o nos responsabilizamos pelo conte\u00fado e actividades desses s\u00edtios ligados. No entanto, procuramos proteger a integridade do nosso s\u00edtio e agradecemos qualquer coment\u00e1rio sobre esses s\u00edtios ligados (incluindo se uma liga\u00e7\u00e3o espec\u00edfica n\u00e3o funcionar). As altera\u00e7\u00f5es \u00e0 nossa pol\u00edtica, se decidirmos alterar a nossa pol\u00edtica de privacidade, ser\u00e3o publicadas nesta p\u00e1gina. As altera\u00e7\u00f5es \u00e0 pol\u00edtica aplicar-se-\u00e3o apenas \u00e0s informa\u00e7\u00f5es recolhidas ap\u00f3s a data da altera\u00e7\u00e3o. Esta pol\u00edtica foi modificada pela \u00faltima vez em 25 de maio de 2018.<\/p>\n\n\n\n<h3 class=\"wp-block-heading\">Perguntas e coment\u00e1rios<\/h3>\n\n\n\n<p>As suas perguntas, coment\u00e1rios e preocupa\u00e7\u00f5es sobre privacidade s\u00e3o bem-vindos. Envie-nos os seus coment\u00e1rios sobre privacidade ou qualquer outro assunto. Apenas pol\u00edtica online. Esta pol\u00edtica de privacidade online aplica-se apenas \u00e0s informa\u00e7\u00f5es recolhidas atrav\u00e9s do nosso s\u00edtio Web e n\u00e3o \u00e0s informa\u00e7\u00f5es recolhidas offline.<\/p>\n\n\n\n<h3 class=\"wp-block-heading\">O seu consentimento<\/h3>\n\n\n\n<p>Ao efetuar uma compra atrav\u00e9s do nosso s\u00edtio Web ou ao enviar um pedido de informa\u00e7\u00e3o com dados pessoais ou comerciais para obter um or\u00e7amento ou efetuar um pagamento por qualquer meio para uma encomenda, ou para organizar uma entrega, o utilizador consente que recolhamos, armazenemos e utilizemos essas informa\u00e7\u00f5es para seu benef\u00edcio e\/ou para melhorar os nossos servi\u00e7os e ofertas. Ao faz\u00ea-lo, o utilizador tamb\u00e9m consente que divulguemos que \u00e9 um cliente da MugFactory e que utilizemos o nome da sua empresa, o log\u00f3tipo e a embalagem para fins de apresenta\u00e7\u00e3o dos nossos produtos e servi\u00e7os, salvo indica\u00e7\u00e3o em contr\u00e1rio.<\/p>\n\n\n\n<h3 class=\"wp-block-heading\">Retirar o seu consentimento<\/h3>\n\n\n\n<p>A qualquer momento, o utilizador pode optar por retirar o seu consentimento para a recolha, utiliza\u00e7\u00e3o ou divulga\u00e7\u00e3o das suas informa\u00e7\u00f5es por parte da MugFactory, em qualquer altura, contactando-nos. A MugFactory se reserva o direito de reter qualquer informa\u00e7\u00e3o coletada anteriormente para atender a quaisquer pedidos ou para resolver quaisquer disputas ou investiga\u00e7\u00f5es. Ao visitar o nosso site, recebemos automaticamente o endere\u00e7o de protocolo de Internet (IP) do seu dispositivo, a regi\u00e3o geogr\u00e1fica aproximada e outras informa\u00e7\u00f5es b\u00e1sicas sobre o seu navegador e sistema operativo para melhor assistir e fornecer uma experi\u00eancia melhor e mais personalizada aos nossos clientes.<\/p>","protected":false},"excerpt":{"rendered":"What information do we collect? We collect information from you when you register on the site, place an order, enter a contest or sweepstakes, respond to a survey or communication such as e-mail, or participate in another site feature. When ordering or registering, we may ask you for your name, e-mail address, mailing address, phone [&hellip;]","protected":false},"author":4,"featured_media":0,"parent":0,"menu_order":0,"comment_status":"closed","ping_status":"closed","template":"","meta":{"footnotes":""},"class_list":["post-214","page","type-page","status-publish","hentry"],"yoast_head":"<!-- This site is optimized with the Yoast SEO plugin v27.3 - https:\/\/yoast.com\/product\/yoast-seo-wordpress\/ -->\n<title>Privacy Policy - YZHIDIANF<\/title>\n<meta name=\"robots\" content=\"index, follow, max-snippet:-1, max-image-preview:large, max-video-preview:-1\" \/>\n<link rel=\"canonical\" href=\"https:\/\/www.myautopartsfactory.com\/pt\/privacy-policy\/\" \/>\n<meta property=\"og:locale\" content=\"pt_PT\" \/>\n<meta property=\"og:type\" content=\"article\" \/>\n<meta property=\"og:title\" content=\"Privacy Policy - YZHIDIANF\" \/>\n<meta property=\"og:description\" content=\"What information do we collect? We collect information from you when you register on the site, place an order, enter a contest or sweepstakes, respond to a survey or communication such as e-mail, or participate in another site feature. When ordering or registering, we may ask you for your name, e-mail address, mailing address, phone [&hellip;]\" \/>\n<meta property=\"og:url\" content=\"https:\/\/www.myautopartsfactory.com\/pt\/privacy-policy\/\" \/>\n<meta property=\"og:site_name\" content=\"YZHIDIANF\" \/>\n<meta property=\"article:modified_time\" content=\"2024-04-17T06:11:41+00:00\" \/>\n<meta name=\"twitter:card\" content=\"summary_large_image\" \/>\n<script type=\"application\/ld+json\" class=\"yoast-schema-graph\">{\"@context\":\"https:\\\/\\\/schema.org\",\"@graph\":[{\"@type\":\"WebPage\",\"@id\":\"https:\\\/\\\/www.myautopartsfactory.com\\\/privacy-policy\",\"url\":\"https:\\\/\\\/www.myautopartsfactory.com\\\/privacy-policy\",\"name\":\"Privacy Policy - YZHIDIANF\",\"isPartOf\":{\"@id\":\"https:\\\/\\\/www.myautopartsfactory.com\\\/#website\"},\"datePublished\":\"2024-04-17T06:11:26+00:00\",\"dateModified\":\"2024-04-17T06:11:41+00:00\",\"breadcrumb\":{\"@id\":\"https:\\\/\\\/www.myautopartsfactory.com\\\/privacy-policy#breadcrumb\"},\"inLanguage\":\"pt-PT\",\"potentialAction\":[{\"@type\":\"ReadAction\",\"target\":[\"https:\\\/\\\/www.myautopartsfactory.com\\\/privacy-policy\"]}]},{\"@type\":\"BreadcrumbList\",\"@id\":\"https:\\\/\\\/www.myautopartsfactory.com\\\/privacy-policy#breadcrumb\",\"itemListElement\":[{\"@type\":\"ListItem\",\"position\":1,\"name\":\"\u9996\u9875\",\"item\":\"https:\\\/\\\/www.myautopartsfactory.com\\\/\"},{\"@type\":\"ListItem\",\"position\":2,\"name\":\"Privacy Policy\"}]},{\"@type\":\"WebSite\",\"@id\":\"https:\\\/\\\/www.myautopartsfactory.com\\\/#website\",\"url\":\"https:\\\/\\\/www.myautopartsfactory.com\\\/\",\"name\":\"YZHIDIANF\",\"description\":\"One-Stop Auto Parts Supplier\",\"publisher\":{\"@id\":\"https:\\\/\\\/www.myautopartsfactory.com\\\/#organization\"},\"potentialAction\":[{\"@type\":\"SearchAction\",\"target\":{\"@type\":\"EntryPoint\",\"urlTemplate\":\"https:\\\/\\\/www.myautopartsfactory.com\\\/?s={search_term_string}\"},\"query-input\":{\"@type\":\"PropertyValueSpecification\",\"valueRequired\":true,\"valueName\":\"search_term_string\"}}],\"inLanguage\":\"pt-PT\"},{\"@type\":\"Organization\",\"@id\":\"https:\\\/\\\/www.myautopartsfactory.com\\\/#organization\",\"name\":\"YZHIDIANF\",\"url\":\"https:\\\/\\\/www.myautopartsfactory.com\\\/\",\"logo\":{\"@type\":\"ImageObject\",\"inLanguage\":\"pt-PT\",\"@id\":\"https:\\\/\\\/www.myautopartsfactory.com\\\/#\\\/schema\\\/logo\\\/image\\\/\",\"url\":\"https:\\\/\\\/www.myautopartsfactory.com\\\/wp-content\\\/uploads\\\/2024\\\/05\\\/fav.jpg\",\"contentUrl\":\"https:\\\/\\\/www.myautopartsfactory.com\\\/wp-content\\\/uploads\\\/2024\\\/05\\\/fav.jpg\",\"width\":80,\"height\":80,\"caption\":\"YZHIDIANF\"},\"image\":{\"@id\":\"https:\\\/\\\/www.myautopartsfactory.com\\\/#\\\/schema\\\/logo\\\/image\\\/\"}}]}<\/script>\n<!-- \/ Yoast SEO plugin. -->","yoast_head_json":{"title":"Pol\u00edtica de privacidade - YZHIDIANF","robots":{"index":"index","follow":"follow","max-snippet":"max-snippet:-1","max-image-preview":"max-image-preview:large","max-video-preview":"max-video-preview:-1"},"canonical":"https:\/\/www.myautopartsfactory.com\/pt\/privacy-policy\/","og_locale":"pt_PT","og_type":"article","og_title":"Privacy Policy - YZHIDIANF","og_description":"What information do we collect? We collect information from you when you register on the site, place an order, enter a contest or sweepstakes, respond to a survey or communication such as e-mail, or participate in another site feature. When ordering or registering, we may ask you for your name, e-mail address, mailing address, phone [&hellip;]","og_url":"https:\/\/www.myautopartsfactory.com\/pt\/privacy-policy\/","og_site_name":"YZHIDIANF","article_modified_time":"2024-04-17T06:11:41+00:00","twitter_card":"summary_large_image","schema":{"@context":"https:\/\/schema.org","@graph":[{"@type":"WebPage","@id":"https:\/\/www.myautopartsfactory.com\/privacy-policy","url":"https:\/\/www.myautopartsfactory.com\/privacy-policy","name":"Pol\u00edtica de privacidade - YZHIDIANF","isPartOf":{"@id":"https:\/\/www.myautopartsfactory.com\/#website"},"datePublished":"2024-04-17T06:11:26+00:00","dateModified":"2024-04-17T06:11:41+00:00","breadcrumb":{"@id":"https:\/\/www.myautopartsfactory.com\/privacy-policy#breadcrumb"},"inLanguage":"pt-PT","potentialAction":[{"@type":"ReadAction","target":["https:\/\/www.myautopartsfactory.com\/privacy-policy"]}]},{"@type":"BreadcrumbList","@id":"https:\/\/www.myautopartsfactory.com\/privacy-policy#breadcrumb","itemListElement":[{"@type":"ListItem","position":1,"name":"\u9996\u9875","item":"https:\/\/www.myautopartsfactory.com\/"},{"@type":"ListItem","position":2,"name":"Privacy Policy"}]},{"@type":"WebSite","@id":"https:\/\/www.myautopartsfactory.com\/#website","url":"https:\/\/www.myautopartsfactory.com\/","name":"YZHIDIANF","description":"Fornecedor \u00fanico de pe\u00e7as para autom\u00f3veis","publisher":{"@id":"https:\/\/www.myautopartsfactory.com\/#organization"},"potentialAction":[{"@type":"SearchAction","target":{"@type":"EntryPoint","urlTemplate":"https:\/\/www.myautopartsfactory.com\/?s={search_term_string}"},"query-input":{"@type":"PropertyValueSpecification","valueRequired":true,"valueName":"search_term_string"}}],"inLanguage":"pt-PT"},{"@type":"Organization","@id":"https:\/\/www.myautopartsfactory.com\/#organization","name":"YZHIDIANF","url":"https:\/\/www.myautopartsfactory.com\/","logo":{"@type":"ImageObject","inLanguage":"pt-PT","@id":"https:\/\/www.myautopartsfactory.com\/#\/schema\/logo\/image\/","url":"https:\/\/www.myautopartsfactory.com\/wp-content\/uploads\/2024\/05\/fav.jpg","contentUrl":"https:\/\/www.myautopartsfactory.com\/wp-content\/uploads\/2024\/05\/fav.jpg","width":80,"height":80,"caption":"YZHIDIANF"},"image":{"@id":"https:\/\/www.myautopartsfactory.com\/#\/schema\/logo\/image\/"}}]}},"acf":[],"_links":{"self":[{"href":"https:\/\/www.myautopartsfactory.com\/pt\/wp-json\/wp\/v2\/pages\/214","targetHints":{"allow":["GET"]}}],"collection":[{"href":"https:\/\/www.myautopartsfactory.com\/pt\/wp-json\/wp\/v2\/pages"}],"about":[{"href":"https:\/\/www.myautopartsfactory.com\/pt\/wp-json\/wp\/v2\/types\/page"}],"author":[{"embeddable":true,"href":"https:\/\/www.myautopartsfactory.com\/pt\/wp-json\/wp\/v2\/users\/4"}],"replies":[{"embeddable":true,"href":"https:\/\/www.myautopartsfactory.com\/pt\/wp-json\/wp\/v2\/comments?post=214"}],"version-history":[{"count":0,"href":"https:\/\/www.myautopartsfactory.com\/pt\/wp-json\/wp\/v2\/pages\/214\/revisions"}],"wp:attachment":[{"href":"https:\/\/www.myautopartsfactory.com\/pt\/wp-json\/wp\/v2\/media?parent=214"}],"curies":[{"name":"wp","href":"https:\/\/api.w.org\/{rel}","templated":true}]}}