{"id":111,"date":"2024-04-14T22:16:33","date_gmt":"2024-04-14T14:16:33","guid":{"rendered":"https:\/\/www.myautopartsfactory.com\/?page_id=111"},"modified":"2025-10-20T16:54:11","modified_gmt":"2025-10-20T08:54:11","slug":"help-faq","status":"publish","type":"page","link":"https:\/\/www.myautopartsfactory.com\/pt\/help-faq","title":{"rendered":"Ajuda e FAQ"},"content":{"rendered":"<h2 class=\"wp-block-heading\">Onde est\u00e1 localizada a sua empresa?<\/h2>\n\n\n\n<p>Estamos localizados em Guangzhou, China, e os nossos clientes est\u00e3o localizados em todo o mundo. J\u00e1 alguma vez importou da China?<\/p>\n\n\n\n<h2 class=\"wp-block-heading\">O que \u00e9 que vende principalmente?<\/h2>\n\n\n\n<p>Vendemos principalmente <a href=\"https:\/\/www.myautopartsfactory.com\/pt\/products\/engine-system-parts\/\">pe\u00e7as do sistema do motor<\/a> e <a href=\"https:\/\/www.myautopartsfactory.com\/pt\/products\/fuel-system-parts\/\">pe\u00e7as do sistema de combust\u00edvel<\/a>, incluindo sensores, injectores de combust\u00edvel, bobinas de igni\u00e7\u00e3o, interruptores de janela, SCVs e outros acess\u00f3rios de motor. Temos 17 anos de experi\u00eancia em Autope\u00e7as, e temos muitos clientes na sua \u00e1rea local.<\/p>\n\n\n\n<h2 class=\"wp-block-heading\">Podem enviar o cat\u00e1logo de produtos?<\/h2>\n\n\n\n<p>Pode dizer-me quais os produtos que vende principalmente? Desta forma, posso enviar-lhe o cat\u00e1logo de produtos correspondente.<\/p>\n\n\n\n<h2 class=\"wp-block-heading\">\u00c9 uma f\u00e1brica?<\/h2>\n\n\n\n<p>Sim, temos a nossa pr\u00f3pria f\u00e1brica, somos uma empresa que integra a ind\u00fastria e o com\u00e9rcio, pelo que o nosso pre\u00e7o e qualidade s\u00e3o muito vantajosos. Pode enviar-me os produtos de que necessita e eu enviar-lhe-ei o melhor pre\u00e7o<\/p>\n\n\n\n<h2 class=\"wp-block-heading\">Qual \u00e9 o vosso m\u00e9todo de pagamento? Como \u00e9 que posso comprar?<\/h2>\n\n\n\n<p>Apoiamos TT, Western Union, Alibaba, Visa, paypal e assim por diante. Que m\u00e9todo de pagamento \u00e9 mais conveniente para si?<\/p>\n\n\n\n<p>Tamb\u00e9m pode contactar os nossos colegas e fazer encomendas atrav\u00e9s do nosso s\u00edtio Web oficial, Alibaba, AliExpress e 1688.<\/p>\n\n\n\n<h2 class=\"wp-block-heading\">Qual \u00e9 o vosso MOQ? Como \u00e9 a vossa embalagem?<\/h2>\n\n\n\n<p>O nosso MOQ \u00e9 de 10 pe\u00e7as, e n\u00f3s podemos fornecer caixas de embalagem neutras ou da nossa marca.<\/p>\n\n\n<div class=\"wp-block-image\">\n<figure class=\"aligncenter size-full\"><img fetchpriority=\"high\" decoding=\"async\" width=\"832\" height=\"440\" src=\"https:\/\/www.myautopartsfactory.com\/wp-content\/uploads\/2024\/05\/we-can-provide-neutral-or-our-brand-packaging-boxes.jpg\" alt=\"m\u00e9todo de embalagem\" class=\"wp-image-336\" srcset=\"https:\/\/www.myautopartsfactory.com\/wp-content\/uploads\/2024\/05\/we-can-provide-neutral-or-our-brand-packaging-boxes.jpg 832w, https:\/\/www.myautopartsfactory.com\/wp-content\/uploads\/2024\/05\/we-can-provide-neutral-or-our-brand-packaging-boxes-768x406.jpg 768w\" sizes=\"(max-width: 832px) 100vw, 832px\" \/><\/figure>\n<\/div>\n\n\n<h2 class=\"wp-block-heading\">Qual \u00e9 o vosso m\u00e9todo de envio?<\/h2>\n\n\n\n<p>Geralmente, enviamos por frete a\u00e9reo, como UPS, DHL e FedEx. Se tiver o seu pr\u00f3prio agente, tamb\u00e9m podemos enviar para o seu agente.<\/p>\n\n\n\n<h2 class=\"wp-block-heading\">T\u00eam uma loja na nossa \u00e1rea local?<\/h2>\n\n\n\n<p>N\u00e3o dispomos de uma loja na sua \u00e1rea local. A nossa empresa est\u00e1 localizada em Guangzhou, China, mas vendemos os nossos produtos para todo o mundo atrav\u00e9s da Internet.<\/p>\n\n\n\n<h2 class=\"wp-block-heading\">Apoiam a personaliza\u00e7\u00e3o?<\/h2>\n\n\n\n<p>Sim, <a href=\"https:\/\/www.myautopartsfactory.com\/pt\/about-us\/\">servi\u00e7os personalizados<\/a> s\u00e3o um dos nossos servi\u00e7os distintivos, podemos ajud\u00e1-lo a imprimir o seu log\u00f3tipo a laser gratuitamente, basta enviar-me a imagem ou as palavras do seu log\u00f3tipo.<\/p>\n\n\n\n<h2 class=\"wp-block-heading\">Como \u00e9 que garantem a qualidade e qual \u00e9 o vosso servi\u00e7o p\u00f3s-venda?<\/h2>\n\n\n\n<p>Como um fabricante profissional de autope\u00e7as, nossos produtos ser\u00e3o testados antes do envio. Se n\u00e3o houver problemas no teste, n\u00f3s providenciaremos o envio. A nossa garantia \u00e9 de um ano. Se houver problemas de qualidade com o produto, podemos fornecer-lhe devolu\u00e7\u00f5es e trocas.<\/p>","protected":false},"excerpt":{"rendered":"Where is your company located? We are located in Guangzhou, China, and our customers are located all over the world. Have you ever imported from China? What do you mainly sell? We mainly sell engine system parts and fuel system parts, including sensors, fuel injectors, ignition coils, window switches, SCVs, and other engine accessories. We [&hellip;]","protected":false},"author":4,"featured_media":0,"parent":0,"menu_order":0,"comment_status":"closed","ping_status":"closed","template":"","meta":{"footnotes":""},"class_list":["post-111","page","type-page","status-publish","hentry"],"yoast_head":"<!-- This site is optimized with the Yoast SEO plugin v27.3 - https:\/\/yoast.com\/product\/yoast-seo-wordpress\/ -->\n<title>Help &amp; FAQ | Auto parts supplier - YZHIDIANF<\/title>\n<meta name=\"description\" content=\"Guangzhou-based factory Auto parts supplier of engine &amp; fuel auto parts\u201417 yrs expertise, global shipping, OEM custom, low MOQ, 1-yr warranty.\" \/>\n<meta name=\"robots\" content=\"index, follow, max-snippet:-1, max-image-preview:large, max-video-preview:-1\" \/>\n<link rel=\"canonical\" href=\"https:\/\/www.myautopartsfactory.com\/pt\/help-faq\/\" \/>\n<meta property=\"og:locale\" content=\"pt_PT\" \/>\n<meta property=\"og:type\" content=\"article\" \/>\n<meta property=\"og:title\" content=\"Help &amp; FAQ | Auto parts supplier - YZHIDIANF\" \/>\n<meta property=\"og:description\" content=\"Guangzhou-based factory Auto parts supplier of engine &amp; fuel auto parts\u201417 yrs expertise, global shipping, OEM custom, low MOQ, 1-yr warranty.\" \/>\n<meta property=\"og:url\" content=\"https:\/\/www.myautopartsfactory.com\/pt\/help-faq\/\" \/>\n<meta property=\"og:site_name\" content=\"YZHIDIANF\" \/>\n<meta property=\"article:modified_time\" content=\"2025-10-20T08:54:11+00:00\" \/>\n<meta property=\"og:image\" content=\"https:\/\/www.myautopartsfactory.com\/wp-content\/uploads\/2024\/05\/we-can-provide-neutral-or-our-brand-packaging-boxes.jpg\" \/>\n\t<meta property=\"og:image:width\" content=\"832\" \/>\n\t<meta property=\"og:image:height\" content=\"440\" \/>\n\t<meta property=\"og:image:type\" content=\"image\/jpeg\" \/>\n<meta name=\"twitter:card\" content=\"summary_large_image\" \/>\n<meta name=\"twitter:label1\" content=\"Tempo estimado de leitura\" \/>\n\t<meta name=\"twitter:data1\" content=\"3 minutos\" \/>\n<script type=\"application\/ld+json\" class=\"yoast-schema-graph\">{\"@context\":\"https:\\\/\\\/schema.org\",\"@graph\":[{\"@type\":\"WebPage\",\"@id\":\"https:\\\/\\\/www.myautopartsfactory.com\\\/help-faq\",\"url\":\"https:\\\/\\\/www.myautopartsfactory.com\\\/help-faq\",\"name\":\"Help &amp; FAQ | Auto parts supplier - YZHIDIANF\",\"isPartOf\":{\"@id\":\"https:\\\/\\\/www.myautopartsfactory.com\\\/#website\"},\"primaryImageOfPage\":{\"@id\":\"https:\\\/\\\/www.myautopartsfactory.com\\\/help-faq#primaryimage\"},\"image\":{\"@id\":\"https:\\\/\\\/www.myautopartsfactory.com\\\/help-faq#primaryimage\"},\"thumbnailUrl\":\"https:\\\/\\\/www.myautopartsfactory.com\\\/wp-content\\\/uploads\\\/2024\\\/05\\\/we-can-provide-neutral-or-our-brand-packaging-boxes.jpg\",\"datePublished\":\"2024-04-14T14:16:33+00:00\",\"dateModified\":\"2025-10-20T08:54:11+00:00\",\"description\":\"Guangzhou-based factory Auto parts supplier of engine & fuel auto parts\u201417 yrs expertise, global shipping, OEM custom, low MOQ, 1-yr warranty.\",\"breadcrumb\":{\"@id\":\"https:\\\/\\\/www.myautopartsfactory.com\\\/help-faq#breadcrumb\"},\"inLanguage\":\"pt-PT\",\"potentialAction\":[{\"@type\":\"ReadAction\",\"target\":[\"https:\\\/\\\/www.myautopartsfactory.com\\\/help-faq\"]}]},{\"@type\":\"ImageObject\",\"inLanguage\":\"pt-PT\",\"@id\":\"https:\\\/\\\/www.myautopartsfactory.com\\\/help-faq#primaryimage\",\"url\":\"https:\\\/\\\/www.myautopartsfactory.com\\\/wp-content\\\/uploads\\\/2024\\\/05\\\/we-can-provide-neutral-or-our-brand-packaging-boxes.jpg\",\"contentUrl\":\"https:\\\/\\\/www.myautopartsfactory.com\\\/wp-content\\\/uploads\\\/2024\\\/05\\\/we-can-provide-neutral-or-our-brand-packaging-boxes.jpg\"},{\"@type\":\"BreadcrumbList\",\"@id\":\"https:\\\/\\\/www.myautopartsfactory.com\\\/help-faq#breadcrumb\",\"itemListElement\":[{\"@type\":\"ListItem\",\"position\":1,\"name\":\"\u9996\u9875\",\"item\":\"https:\\\/\\\/www.myautopartsfactory.com\\\/\"},{\"@type\":\"ListItem\",\"position\":2,\"name\":\"Help &amp; FAQ\"}]},{\"@type\":\"WebSite\",\"@id\":\"https:\\\/\\\/www.myautopartsfactory.com\\\/#website\",\"url\":\"https:\\\/\\\/www.myautopartsfactory.com\\\/\",\"name\":\"YZHIDIANF\",\"description\":\"One-Stop Auto Parts Supplier\",\"publisher\":{\"@id\":\"https:\\\/\\\/www.myautopartsfactory.com\\\/#organization\"},\"potentialAction\":[{\"@type\":\"SearchAction\",\"target\":{\"@type\":\"EntryPoint\",\"urlTemplate\":\"https:\\\/\\\/www.myautopartsfactory.com\\\/?s={search_term_string}\"},\"query-input\":{\"@type\":\"PropertyValueSpecification\",\"valueRequired\":true,\"valueName\":\"search_term_string\"}}],\"inLanguage\":\"pt-PT\"},{\"@type\":\"Organization\",\"@id\":\"https:\\\/\\\/www.myautopartsfactory.com\\\/#organization\",\"name\":\"YZHIDIANF\",\"url\":\"https:\\\/\\\/www.myautopartsfactory.com\\\/\",\"logo\":{\"@type\":\"ImageObject\",\"inLanguage\":\"pt-PT\",\"@id\":\"https:\\\/\\\/www.myautopartsfactory.com\\\/#\\\/schema\\\/logo\\\/image\\\/\",\"url\":\"https:\\\/\\\/www.myautopartsfactory.com\\\/wp-content\\\/uploads\\\/2024\\\/05\\\/fav.jpg\",\"contentUrl\":\"https:\\\/\\\/www.myautopartsfactory.com\\\/wp-content\\\/uploads\\\/2024\\\/05\\\/fav.jpg\",\"width\":80,\"height\":80,\"caption\":\"YZHIDIANF\"},\"image\":{\"@id\":\"https:\\\/\\\/www.myautopartsfactory.com\\\/#\\\/schema\\\/logo\\\/image\\\/\"}}]}<\/script>\n<!-- \/ Yoast SEO plugin. -->","yoast_head_json":{"title":"Ajuda e FAQ | Fornecedor de autope\u00e7as - YZHIDIANF","description":"Fornecedor de autope\u00e7as de f\u00e1brica com sede em Guangzhou de autope\u00e7as de motor e combust\u00edvel - 17 anos de experi\u00eancia, transporte global, OEM personalizado, MOQ baixo, garantia de 1 ano.","robots":{"index":"index","follow":"follow","max-snippet":"max-snippet:-1","max-image-preview":"max-image-preview:large","max-video-preview":"max-video-preview:-1"},"canonical":"https:\/\/www.myautopartsfactory.com\/pt\/help-faq\/","og_locale":"pt_PT","og_type":"article","og_title":"Help &amp; FAQ | Auto parts supplier - YZHIDIANF","og_description":"Guangzhou-based factory Auto parts supplier of engine & fuel auto parts\u201417 yrs expertise, global shipping, OEM custom, low MOQ, 1-yr warranty.","og_url":"https:\/\/www.myautopartsfactory.com\/pt\/help-faq\/","og_site_name":"YZHIDIANF","article_modified_time":"2025-10-20T08:54:11+00:00","og_image":[{"width":832,"height":440,"url":"https:\/\/www.myautopartsfactory.com\/wp-content\/uploads\/2024\/05\/we-can-provide-neutral-or-our-brand-packaging-boxes.jpg","type":"image\/jpeg"}],"twitter_card":"summary_large_image","twitter_misc":{"Tempo estimado de leitura":"3 minutos"},"schema":{"@context":"https:\/\/schema.org","@graph":[{"@type":"WebPage","@id":"https:\/\/www.myautopartsfactory.com\/help-faq","url":"https:\/\/www.myautopartsfactory.com\/help-faq","name":"Ajuda e FAQ | Fornecedor de autope\u00e7as - YZHIDIANF","isPartOf":{"@id":"https:\/\/www.myautopartsfactory.com\/#website"},"primaryImageOfPage":{"@id":"https:\/\/www.myautopartsfactory.com\/help-faq#primaryimage"},"image":{"@id":"https:\/\/www.myautopartsfactory.com\/help-faq#primaryimage"},"thumbnailUrl":"https:\/\/www.myautopartsfactory.com\/wp-content\/uploads\/2024\/05\/we-can-provide-neutral-or-our-brand-packaging-boxes.jpg","datePublished":"2024-04-14T14:16:33+00:00","dateModified":"2025-10-20T08:54:11+00:00","description":"Fornecedor de autope\u00e7as de f\u00e1brica com sede em Guangzhou de autope\u00e7as de motor e combust\u00edvel - 17 anos de experi\u00eancia, transporte global, OEM personalizado, MOQ baixo, garantia de 1 ano.","breadcrumb":{"@id":"https:\/\/www.myautopartsfactory.com\/help-faq#breadcrumb"},"inLanguage":"pt-PT","potentialAction":[{"@type":"ReadAction","target":["https:\/\/www.myautopartsfactory.com\/help-faq"]}]},{"@type":"ImageObject","inLanguage":"pt-PT","@id":"https:\/\/www.myautopartsfactory.com\/help-faq#primaryimage","url":"https:\/\/www.myautopartsfactory.com\/wp-content\/uploads\/2024\/05\/we-can-provide-neutral-or-our-brand-packaging-boxes.jpg","contentUrl":"https:\/\/www.myautopartsfactory.com\/wp-content\/uploads\/2024\/05\/we-can-provide-neutral-or-our-brand-packaging-boxes.jpg"},{"@type":"BreadcrumbList","@id":"https:\/\/www.myautopartsfactory.com\/help-faq#breadcrumb","itemListElement":[{"@type":"ListItem","position":1,"name":"\u9996\u9875","item":"https:\/\/www.myautopartsfactory.com\/"},{"@type":"ListItem","position":2,"name":"Help &amp; FAQ"}]},{"@type":"WebSite","@id":"https:\/\/www.myautopartsfactory.com\/#website","url":"https:\/\/www.myautopartsfactory.com\/","name":"YZHIDIANF","description":"Fornecedor \u00fanico de pe\u00e7as para autom\u00f3veis","publisher":{"@id":"https:\/\/www.myautopartsfactory.com\/#organization"},"potentialAction":[{"@type":"SearchAction","target":{"@type":"EntryPoint","urlTemplate":"https:\/\/www.myautopartsfactory.com\/?s={search_term_string}"},"query-input":{"@type":"PropertyValueSpecification","valueRequired":true,"valueName":"search_term_string"}}],"inLanguage":"pt-PT"},{"@type":"Organization","@id":"https:\/\/www.myautopartsfactory.com\/#organization","name":"YZHIDIANF","url":"https:\/\/www.myautopartsfactory.com\/","logo":{"@type":"ImageObject","inLanguage":"pt-PT","@id":"https:\/\/www.myautopartsfactory.com\/#\/schema\/logo\/image\/","url":"https:\/\/www.myautopartsfactory.com\/wp-content\/uploads\/2024\/05\/fav.jpg","contentUrl":"https:\/\/www.myautopartsfactory.com\/wp-content\/uploads\/2024\/05\/fav.jpg","width":80,"height":80,"caption":"YZHIDIANF"},"image":{"@id":"https:\/\/www.myautopartsfactory.com\/#\/schema\/logo\/image\/"}}]}},"acf":[],"_links":{"self":[{"href":"https:\/\/www.myautopartsfactory.com\/pt\/wp-json\/wp\/v2\/pages\/111","targetHints":{"allow":["GET"]}}],"collection":[{"href":"https:\/\/www.myautopartsfactory.com\/pt\/wp-json\/wp\/v2\/pages"}],"about":[{"href":"https:\/\/www.myautopartsfactory.com\/pt\/wp-json\/wp\/v2\/types\/page"}],"author":[{"embeddable":true,"href":"https:\/\/www.myautopartsfactory.com\/pt\/wp-json\/wp\/v2\/users\/4"}],"replies":[{"embeddable":true,"href":"https:\/\/www.myautopartsfactory.com\/pt\/wp-json\/wp\/v2\/comments?post=111"}],"version-history":[{"count":0,"href":"https:\/\/www.myautopartsfactory.com\/pt\/wp-json\/wp\/v2\/pages\/111\/revisions"}],"wp:attachment":[{"href":"https:\/\/www.myautopartsfactory.com\/pt\/wp-json\/wp\/v2\/media?parent=111"}],"curies":[{"name":"wp","href":"https:\/\/api.w.org\/{rel}","templated":true}]}}