{"id":109,"date":"2024-04-14T20:11:19","date_gmt":"2024-04-14T12:11:19","guid":{"rendered":"https:\/\/www.myautopartsfactory.com\/?page_id=109"},"modified":"2026-01-23T17:20:45","modified_gmt":"2026-01-23T09:20:45","slug":"request-a-quote","status":"publish","type":"page","link":"https:\/\/www.myautopartsfactory.com\/pt\/request-a-quote","title":{"rendered":"Pedir um or\u00e7amento"},"content":{"rendered":"\n<div class=\"wp-block-columns is-layout-flex wp-container-core-columns-is-layout-9d6595d7 wp-block-columns-is-layout-flex\">\n<div class=\"wp-block-column pt-40 pb-20 pl-40 pr-40 f8f9f9 is-layout-flow wp-block-column-is-layout-flow\">\n<h1 class=\"wp-block-heading\">Request A Quote<\/h1>\n\n\n\n<p>Complete our quote request form or email us at&nbsp;<a href=\"mailto:jasmine@zhenhuaauto.com\" target=\"_blank\" rel=\"noreferrer noopener\">jasmine@zhenhuaauto.com<\/a>&nbsp;to receive a quote from our product specialists.<\/p>\n\n\n<div class=\"wpforms-container wpforms-container-full wpforms-block wpforms-block-4308e837-515b-4067-9ca0-e1f134b16bdb wpforms-render-modern\" id=\"wpforms-119\"><form id=\"wpforms-form-119\" class=\"wpforms-validate wpforms-form wpforms-ajax-form\" data-formid=\"119\" method=\"post\" enctype=\"multipart\/form-data\" action=\"\/pt\/wp-json\/wp\/v2\/pages\/109\" data-token=\"3b0136fe22bfddab9a2a9706df3171a7\" data-token-time=\"1777566259\"><noscript class=\"wpforms-error-noscript\">Please enable JavaScript in your browser to complete this form.<\/noscript><div class=\"wpforms-hidden\" id=\"wpforms-error-noscript\">Please enable JavaScript in your browser to complete this form.<\/div><div class=\"wpforms-field-container\"><div id=\"wpforms-119-field_1-container\" class=\"wpforms-field wpforms-field-text\" data-field-id=\"1\"><label class=\"wpforms-field-label wpforms-label-hide\" for=\"wpforms-119-field_1\" aria-hidden=\"false\">Your Name<\/label><input type=\"text\" id=\"wpforms-119-field_1\" class=\"wpforms-field-large\" name=\"wpforms[fields][1]\" placeholder=\"Your Name*\" aria-errormessage=\"wpforms-119-field_1-error\" ><\/div><div id=\"wpforms-119-field_2-container\" class=\"wpforms-field wpforms-field-text\" data-field-id=\"2\"><label class=\"wpforms-field-label wpforms-label-hide\" for=\"wpforms-119-field_2\" aria-hidden=\"false\">Business Email <span class=\"wpforms-required-label\" aria-hidden=\"true\">*<\/span><\/label><input type=\"text\" id=\"wpforms-119-field_2\" class=\"wpforms-field-large wpforms-field-required\" name=\"wpforms[fields][2]\" placeholder=\"Business Email*\" aria-errormessage=\"wpforms-119-field_2-error\" required><\/div><div id=\"wpforms-119-field_9-container\" class=\"wpforms-field wpforms-field-phone\" data-field-id=\"9\"><label class=\"wpforms-field-label wpforms-label-hide\" for=\"wpforms-119-field_9\" aria-hidden=\"false\">Phone\/WhatsApp <span class=\"wpforms-required-label\" aria-hidden=\"true\">*<\/span><\/label><input type=\"tel\" id=\"wpforms-119-field_9\" class=\"wpforms-field-large wpforms-field-required wpforms-smart-phone-field\" data-rule-smart-phone-field=\"true\" name=\"wpforms[fields][9]\" placeholder=\"Phone\/WhatsApp\" aria-label=\"Phone\/WhatsApp\" aria-errormessage=\"wpforms-119-field_9-error\" required><\/div><div id=\"wpforms-119-field_7-container\" class=\"wpforms-field wpforms-field-text\" data-field-id=\"7\"><label class=\"wpforms-field-label wpforms-label-hide\" for=\"wpforms-119-field_7\" aria-hidden=\"false\">Company Name<\/label><input type=\"text\" id=\"wpforms-119-field_7\" class=\"wpforms-field-large\" name=\"wpforms[fields][7]\" placeholder=\"Company Name*\" aria-errormessage=\"wpforms-119-field_7-error\" ><\/div><div id=\"wpforms-119-field_4-container\" class=\"wpforms-field wpforms-field-textarea\" data-field-id=\"4\"><label class=\"wpforms-field-label wpforms-label-hide\" for=\"wpforms-119-field_4\" aria-hidden=\"false\">Leave a message<\/label><textarea id=\"wpforms-119-field_4\" class=\"wpforms-field-medium\" name=\"wpforms[fields][4]\" placeholder=\"Leaving information on quantities and needs\" aria-errormessage=\"wpforms-119-field_4-error\" ><\/textarea><\/div><div id=\"wpforms-119-field_5-container\" class=\"wpforms-field wpforms-field-hidden\" data-field-id=\"5\"><input type=\"hidden\" id=\"wpforms-119-field_5\" name=\"wpforms[fields][5]\" value=\"216.73.216.5\"><\/div><div id=\"wpforms-119-field_6-container\" class=\"wpforms-field wpforms-field-hidden\" data-field-id=\"6\"><input type=\"hidden\" id=\"wpforms-119-field_6\" name=\"wpforms[fields][6]\" value=\"https:\/\/www.myautopartsfactory.com\/pt\/wp-json\/wp\/v2\/pages\/109\"><\/div><\/div><!-- .wpforms-field-container --><div class=\"wpforms-field wpforms-field-hp\"><label for=\"wpforms-119-field-hp\" class=\"wpforms-field-label\">Phone<\/label><input type=\"text\" name=\"wpforms[hp]\" id=\"wpforms-119-field-hp\" class=\"wpforms-field-medium\"><\/div><div class=\"wpforms-submit-container\" ><input type=\"hidden\" name=\"wpforms[id]\" value=\"119\"><input type=\"hidden\" name=\"page_title\" value=\"\"><input type=\"hidden\" name=\"page_url\" value=\"https:\/\/www.myautopartsfactory.com\/pt\/wp-json\/wp\/v2\/pages\/109\"><input type=\"hidden\" name=\"url_referer\" value=\"\"><button type=\"submit\" name=\"wpforms[submit]\" id=\"wpforms-submit-119\" class=\"wpforms-submit\" data-alt-text=\"Send...\" data-submit-text=\"Send Now\" aria-live=\"assertive\" value=\"wpforms-submit\">Send Now<\/button><img decoding=\"async\" src=\"https:\/\/www.myautopartsfactory.com\/wp-content\/plugins\/wpforms\/assets\/images\/submit-spin.svg\" class=\"wpforms-submit-spinner\" style=\"display: none;\" width=\"26\" height=\"26\" alt=\"Loading\"><\/div><\/form><\/div>  <!-- .wpforms-container --><\/div>\n\n\n\n<div class=\"wp-block-column is-vertically-aligned-top is-layout-flow wp-block-column-is-layout-flow\">\n<h2 class=\"wp-block-heading\">The success of your auto parts procurement starts with Zhenhua<\/h2>\n\n\n\n<p>At Zhenhua, we strive to provide superior services and solutions that surpass your expectations. Let us find the ideal <a href=\"https:\/\/www.myautopartsfactory.com\/auto-parts-solution\"><strong><em>auto parts solution<\/em><\/strong><\/a> for your project.<\/p>\n\n\n\n<div class=\"wp-block-group pt-40 pb-40 pl-40 pr-40 border\"><div class=\"wp-block-group__inner-container is-layout-constrained wp-block-group-is-layout-constrained\">\n<h2 class=\"wp-block-heading\">Frequently Asked Questions<\/h2>\n\n\n\n<ul class=\"wp-block-list\">\n<li>What is an auto parts manufacturer?<\/li>\n\n\n\n<li>Who are the top 5 auto parts companies?<\/li>\n\n\n\n<li>How are auto parts made?<\/li>\n\n\n\n<li>Where are most car parts made?<\/li>\n\n\n\n<li>Who is the biggest car parts manufacturer in China?<\/li>\n<\/ul>\n<\/div><\/div>\n<\/div>\n<\/div>\n\n\n\n<p><\/p>\n","protected":false},"excerpt":{"rendered":"Request A Quote Complete our quote request form or email us at&nbsp;jasmine@zhenhuaauto.com&nbsp;to receive a quote from our product specialists. The success of your auto parts procurement starts with Zhenhua At Zhenhua, we strive to provide superior services and solutions that surpass your expectations. Let us find the ideal auto parts solution for your project. Frequently [&hellip;]","protected":false},"author":4,"featured_media":0,"parent":0,"menu_order":0,"comment_status":"closed","ping_status":"closed","template":"page-contact.php","meta":{"footnotes":""},"class_list":["post-109","page","type-page","status-publish","hentry"],"yoast_head":"<!-- This site is optimized with the Yoast SEO plugin v27.3 - https:\/\/yoast.com\/product\/yoast-seo-wordpress\/ -->\n<title>Request A Quote - YZHIDIANF<\/title>\n<meta name=\"robots\" content=\"index, follow, max-snippet:-1, max-image-preview:large, max-video-preview:-1\" \/>\n<link rel=\"canonical\" href=\"https:\/\/www.myautopartsfactory.com\/pt\/request-a-quote\/\" \/>\n<meta property=\"og:locale\" content=\"pt_PT\" \/>\n<meta property=\"og:type\" content=\"article\" \/>\n<meta property=\"og:title\" content=\"Request A Quote - YZHIDIANF\" \/>\n<meta property=\"og:description\" content=\"Request A Quote Complete our quote request form or email us at&nbsp;jasmine@zhenhuaauto.com&nbsp;to receive a quote from our product specialists. The success of your auto parts procurement starts with Zhenhua At Zhenhua, we strive to provide superior services and solutions that surpass your expectations. Let us find the ideal auto parts solution for your project. Frequently [&hellip;]\" \/>\n<meta property=\"og:url\" content=\"https:\/\/www.myautopartsfactory.com\/pt\/request-a-quote\/\" \/>\n<meta property=\"og:site_name\" content=\"YZHIDIANF\" \/>\n<meta property=\"article:modified_time\" content=\"2026-01-23T09:20:45+00:00\" \/>\n<meta name=\"twitter:card\" content=\"summary_large_image\" \/>\n<meta name=\"twitter:label1\" content=\"Tempo estimado de leitura\" \/>\n\t<meta name=\"twitter:data1\" content=\"1 minuto\" \/>\n<script type=\"application\/ld+json\" class=\"yoast-schema-graph\">{\"@context\":\"https:\\\/\\\/schema.org\",\"@graph\":[{\"@type\":\"WebPage\",\"@id\":\"https:\\\/\\\/www.myautopartsfactory.com\\\/request-a-quote\",\"url\":\"https:\\\/\\\/www.myautopartsfactory.com\\\/request-a-quote\",\"name\":\"Request A Quote - YZHIDIANF\",\"isPartOf\":{\"@id\":\"https:\\\/\\\/www.myautopartsfactory.com\\\/#website\"},\"datePublished\":\"2024-04-14T12:11:19+00:00\",\"dateModified\":\"2026-01-23T09:20:45+00:00\",\"breadcrumb\":{\"@id\":\"https:\\\/\\\/www.myautopartsfactory.com\\\/request-a-quote#breadcrumb\"},\"inLanguage\":\"pt-PT\",\"potentialAction\":[{\"@type\":\"ReadAction\",\"target\":[\"https:\\\/\\\/www.myautopartsfactory.com\\\/request-a-quote\"]}]},{\"@type\":\"BreadcrumbList\",\"@id\":\"https:\\\/\\\/www.myautopartsfactory.com\\\/request-a-quote#breadcrumb\",\"itemListElement\":[{\"@type\":\"ListItem\",\"position\":1,\"name\":\"\u9996\u9875\",\"item\":\"https:\\\/\\\/www.myautopartsfactory.com\\\/\"},{\"@type\":\"ListItem\",\"position\":2,\"name\":\"Request A Quote\"}]},{\"@type\":\"WebSite\",\"@id\":\"https:\\\/\\\/www.myautopartsfactory.com\\\/#website\",\"url\":\"https:\\\/\\\/www.myautopartsfactory.com\\\/\",\"name\":\"YZHIDIANF\",\"description\":\"One-Stop Auto Parts Supplier\",\"publisher\":{\"@id\":\"https:\\\/\\\/www.myautopartsfactory.com\\\/#organization\"},\"potentialAction\":[{\"@type\":\"SearchAction\",\"target\":{\"@type\":\"EntryPoint\",\"urlTemplate\":\"https:\\\/\\\/www.myautopartsfactory.com\\\/?s={search_term_string}\"},\"query-input\":{\"@type\":\"PropertyValueSpecification\",\"valueRequired\":true,\"valueName\":\"search_term_string\"}}],\"inLanguage\":\"pt-PT\"},{\"@type\":\"Organization\",\"@id\":\"https:\\\/\\\/www.myautopartsfactory.com\\\/#organization\",\"name\":\"YZHIDIANF\",\"url\":\"https:\\\/\\\/www.myautopartsfactory.com\\\/\",\"logo\":{\"@type\":\"ImageObject\",\"inLanguage\":\"pt-PT\",\"@id\":\"https:\\\/\\\/www.myautopartsfactory.com\\\/#\\\/schema\\\/logo\\\/image\\\/\",\"url\":\"https:\\\/\\\/www.myautopartsfactory.com\\\/wp-content\\\/uploads\\\/2024\\\/05\\\/fav.jpg\",\"contentUrl\":\"https:\\\/\\\/www.myautopartsfactory.com\\\/wp-content\\\/uploads\\\/2024\\\/05\\\/fav.jpg\",\"width\":80,\"height\":80,\"caption\":\"YZHIDIANF\"},\"image\":{\"@id\":\"https:\\\/\\\/www.myautopartsfactory.com\\\/#\\\/schema\\\/logo\\\/image\\\/\"}}]}<\/script>\n<!-- \/ Yoast SEO plugin. -->","yoast_head_json":{"title":"Request A Quote - YZHIDIANF","robots":{"index":"index","follow":"follow","max-snippet":"max-snippet:-1","max-image-preview":"max-image-preview:large","max-video-preview":"max-video-preview:-1"},"canonical":"https:\/\/www.myautopartsfactory.com\/pt\/request-a-quote\/","og_locale":"pt_PT","og_type":"article","og_title":"Request A Quote - YZHIDIANF","og_description":"Request A Quote Complete our quote request form or email us at&nbsp;jasmine@zhenhuaauto.com&nbsp;to receive a quote from our product specialists. The success of your auto parts procurement starts with Zhenhua At Zhenhua, we strive to provide superior services and solutions that surpass your expectations. Let us find the ideal auto parts solution for your project. Frequently [&hellip;]","og_url":"https:\/\/www.myautopartsfactory.com\/pt\/request-a-quote\/","og_site_name":"YZHIDIANF","article_modified_time":"2026-01-23T09:20:45+00:00","twitter_card":"summary_large_image","twitter_misc":{"Tempo estimado de leitura":"1 minuto"},"schema":{"@context":"https:\/\/schema.org","@graph":[{"@type":"WebPage","@id":"https:\/\/www.myautopartsfactory.com\/request-a-quote","url":"https:\/\/www.myautopartsfactory.com\/request-a-quote","name":"Request A Quote - YZHIDIANF","isPartOf":{"@id":"https:\/\/www.myautopartsfactory.com\/#website"},"datePublished":"2024-04-14T12:11:19+00:00","dateModified":"2026-01-23T09:20:45+00:00","breadcrumb":{"@id":"https:\/\/www.myautopartsfactory.com\/request-a-quote#breadcrumb"},"inLanguage":"pt-PT","potentialAction":[{"@type":"ReadAction","target":["https:\/\/www.myautopartsfactory.com\/request-a-quote"]}]},{"@type":"BreadcrumbList","@id":"https:\/\/www.myautopartsfactory.com\/request-a-quote#breadcrumb","itemListElement":[{"@type":"ListItem","position":1,"name":"\u9996\u9875","item":"https:\/\/www.myautopartsfactory.com\/"},{"@type":"ListItem","position":2,"name":"Request A Quote"}]},{"@type":"WebSite","@id":"https:\/\/www.myautopartsfactory.com\/#website","url":"https:\/\/www.myautopartsfactory.com\/","name":"YZHIDIANF","description":"Fornecedor \u00fanico de pe\u00e7as para autom\u00f3veis","publisher":{"@id":"https:\/\/www.myautopartsfactory.com\/#organization"},"potentialAction":[{"@type":"SearchAction","target":{"@type":"EntryPoint","urlTemplate":"https:\/\/www.myautopartsfactory.com\/?s={search_term_string}"},"query-input":{"@type":"PropertyValueSpecification","valueRequired":true,"valueName":"search_term_string"}}],"inLanguage":"pt-PT"},{"@type":"Organization","@id":"https:\/\/www.myautopartsfactory.com\/#organization","name":"YZHIDIANF","url":"https:\/\/www.myautopartsfactory.com\/","logo":{"@type":"ImageObject","inLanguage":"pt-PT","@id":"https:\/\/www.myautopartsfactory.com\/#\/schema\/logo\/image\/","url":"https:\/\/www.myautopartsfactory.com\/wp-content\/uploads\/2024\/05\/fav.jpg","contentUrl":"https:\/\/www.myautopartsfactory.com\/wp-content\/uploads\/2024\/05\/fav.jpg","width":80,"height":80,"caption":"YZHIDIANF"},"image":{"@id":"https:\/\/www.myautopartsfactory.com\/#\/schema\/logo\/image\/"}}]}},"acf":[],"_links":{"self":[{"href":"https:\/\/www.myautopartsfactory.com\/pt\/wp-json\/wp\/v2\/pages\/109","targetHints":{"allow":["GET"]}}],"collection":[{"href":"https:\/\/www.myautopartsfactory.com\/pt\/wp-json\/wp\/v2\/pages"}],"about":[{"href":"https:\/\/www.myautopartsfactory.com\/pt\/wp-json\/wp\/v2\/types\/page"}],"author":[{"embeddable":true,"href":"https:\/\/www.myautopartsfactory.com\/pt\/wp-json\/wp\/v2\/users\/4"}],"replies":[{"embeddable":true,"href":"https:\/\/www.myautopartsfactory.com\/pt\/wp-json\/wp\/v2\/comments?post=109"}],"version-history":[{"count":0,"href":"https:\/\/www.myautopartsfactory.com\/pt\/wp-json\/wp\/v2\/pages\/109\/revisions"}],"wp:attachment":[{"href":"https:\/\/www.myautopartsfactory.com\/pt\/wp-json\/wp\/v2\/media?parent=109"}],"curies":[{"name":"wp","href":"https:\/\/api.w.org\/{rel}","templated":true}]}}