{"id":941,"date":"2024-06-11T14:00:21","date_gmt":"2024-06-11T06:00:21","guid":{"rendered":"https:\/\/www.myautopartsfactory.com\/?post_type=product&#038;p=941"},"modified":"2024-06-11T14:00:23","modified_gmt":"2024-06-11T06:00:23","slug":"wholesale-oem-car-engine-ignition-coil-90919-02229-for-2007-2018-toyota-yaris-1-5l-i4","status":"publish","type":"product","link":"https:\/\/www.myautopartsfactory.com\/fr\/product\/wholesale-oem-car-engine-ignition-coil-90919-02229-for-2007-2018-toyota-yaris-1-5l-i4","title":{"rendered":"Wholesale OEM Car Engine Ignition Coil 90919-02229 For 2007-2018 Toyota Yaris 1.5L I4"},"content":{"rendered":"<p><strong>Caract\u00e9ristiques et avantages :<\/strong><\/p>\n\n\n\n<p>\u25cfUn ajustement parfait, une installation facile<\/p>\n\n\n\n<p>\u25cfFabriqu\u00e9 selon les sp\u00e9cifications de l'usine pour une installation sans tracas.<\/p>\n\n\n\n<p>\u25cfCon\u00e7ue comme un remplacement direct de votre bobine d'allumage d'origine, assurant un excellent ajustement et d'excellentes performances.<\/p>\n\n\n\n<p><strong>Caract\u00e9ristiques du produit\uff1a<\/strong><\/p>\n\n\n\n<p>\u25cfDurabilit\u00e9 : Capable de fonctionner de mani\u00e8re stable pendant longtemps, avec une durabilit\u00e9 et une fiabilit\u00e9 \u00e9lev\u00e9es.<\/p>\n\n\n\n<p>\u25cf Sortie haute tension : Convertit le courant basse tension en sortie haute tension, g\u00e9n\u00e9rant une tension suffisante entre les bougies d'allumage pour enflammer le gaz m\u00e9lang\u00e9.<\/p>\n\n\n\n<p>\u25cfPerformance \u00e0 haute temp\u00e9rature : Capable de fonctionner normalement dans des environnements \u00e0 haute temp\u00e9rature car des temp\u00e9ratures plus \u00e9lev\u00e9es sont g\u00e9n\u00e9r\u00e9es lorsque le moteur tourne.<\/p>","protected":false},"excerpt":{"rendered":"Features &amp; Benefits: \u25cfPerfect Fit, Easy Installation \u25cfMade to factory specifications for a hassle-free installation. \u25cfDesigned as a direct replacement for your original Ignition Coil, ensuring excellent fitment and performance. Product Features\uff1a \u25cfDurability: Able to work stably for a long time, with high durability and reliability. \u25cfHigh-voltage output: Converts low-voltage current into high-voltage output, generatingenough [&hellip;]","protected":false},"featured_media":947,"menu_order":0,"template":"","meta":[],"product-tag":[],"products":[101],"brand":[32],"class_list":["post-941","product","type-product","status-publish","has-post-thumbnail","hentry","products-ignition-coils","brand-toyota"],"yoast_head":"<!-- This site is optimized with the Yoast SEO plugin v27.3 - https:\/\/yoast.com\/product\/yoast-seo-wordpress\/ -->\n<title>Wholesale OEM Car Engine Ignition Coil 90919-02229 For 2007-2018 Toyota Yaris 1.5L I4 - YZHIDIANF<\/title>\n<meta name=\"robots\" content=\"index, follow, max-snippet:-1, max-image-preview:large, max-video-preview:-1\" \/>\n<link rel=\"canonical\" href=\"https:\/\/www.myautopartsfactory.com\/fr\/product\/wholesale-oem-car-engine-ignition-coil-90919-02229-for-2007-2018-toyota-yaris-1-5l-i4\/\" \/>\n<meta property=\"og:locale\" content=\"fr_FR\" \/>\n<meta property=\"og:type\" content=\"article\" \/>\n<meta property=\"og:title\" content=\"Wholesale OEM Car Engine Ignition Coil 90919-02229 For 2007-2018 Toyota Yaris 1.5L I4 - YZHIDIANF\" \/>\n<meta property=\"og:description\" content=\"Features &amp; Benefits: \u25cfPerfect Fit, Easy Installation \u25cfMade to factory specifications for a hassle-free installation. \u25cfDesigned as a direct replacement for your original Ignition Coil, ensuring excellent fitment and performance. Product Features\uff1a \u25cfDurability: Able to work stably for a long time, with high durability and reliability. \u25cfHigh-voltage output: Converts low-voltage current into high-voltage output, generatingenough [&hellip;]\" \/>\n<meta property=\"og:url\" content=\"https:\/\/www.myautopartsfactory.com\/fr\/product\/wholesale-oem-car-engine-ignition-coil-90919-02229-for-2007-2018-toyota-yaris-1-5l-i4\/\" \/>\n<meta property=\"og:site_name\" content=\"YZHIDIANF\" \/>\n<meta property=\"article:modified_time\" content=\"2024-06-11T06:00:23+00:00\" \/>\n<meta property=\"og:image\" content=\"https:\/\/www.myautopartsfactory.com\/wp-content\/uploads\/2024\/06\/90919-02229-6.jpg\" \/>\n\t<meta property=\"og:image:width\" content=\"800\" \/>\n\t<meta property=\"og:image:height\" content=\"800\" \/>\n\t<meta property=\"og:image:type\" content=\"image\/jpeg\" \/>\n<meta name=\"twitter:card\" content=\"summary_large_image\" \/>\n<meta name=\"twitter:label1\" content=\"Dur\u00e9e de lecture estim\u00e9e\" \/>\n\t<meta name=\"twitter:data1\" content=\"1 minute\" \/>\n<script type=\"application\/ld+json\" class=\"yoast-schema-graph\">{\"@context\":\"https:\\\/\\\/schema.org\",\"@graph\":[{\"@type\":\"WebPage\",\"@id\":\"https:\\\/\\\/www.myautopartsfactory.com\\\/product\\\/wholesale-oem-car-engine-ignition-coil-90919-02229-for-2007-2018-toyota-yaris-1-5l-i4\",\"url\":\"https:\\\/\\\/www.myautopartsfactory.com\\\/product\\\/wholesale-oem-car-engine-ignition-coil-90919-02229-for-2007-2018-toyota-yaris-1-5l-i4\",\"name\":\"Wholesale OEM Car Engine Ignition Coil 90919-02229 For 2007-2018 Toyota Yaris 1.5L I4 - YZHIDIANF\",\"isPartOf\":{\"@id\":\"https:\\\/\\\/www.myautopartsfactory.com\\\/#website\"},\"primaryImageOfPage\":{\"@id\":\"https:\\\/\\\/www.myautopartsfactory.com\\\/product\\\/wholesale-oem-car-engine-ignition-coil-90919-02229-for-2007-2018-toyota-yaris-1-5l-i4#primaryimage\"},\"image\":{\"@id\":\"https:\\\/\\\/www.myautopartsfactory.com\\\/product\\\/wholesale-oem-car-engine-ignition-coil-90919-02229-for-2007-2018-toyota-yaris-1-5l-i4#primaryimage\"},\"thumbnailUrl\":\"https:\\\/\\\/www.myautopartsfactory.com\\\/wp-content\\\/uploads\\\/2024\\\/06\\\/90919-02229-6.jpg\",\"datePublished\":\"2024-06-11T06:00:21+00:00\",\"dateModified\":\"2024-06-11T06:00:23+00:00\",\"breadcrumb\":{\"@id\":\"https:\\\/\\\/www.myautopartsfactory.com\\\/product\\\/wholesale-oem-car-engine-ignition-coil-90919-02229-for-2007-2018-toyota-yaris-1-5l-i4#breadcrumb\"},\"inLanguage\":\"fr-FR\",\"potentialAction\":[{\"@type\":\"ReadAction\",\"target\":[\"https:\\\/\\\/www.myautopartsfactory.com\\\/product\\\/wholesale-oem-car-engine-ignition-coil-90919-02229-for-2007-2018-toyota-yaris-1-5l-i4\"]}]},{\"@type\":\"ImageObject\",\"inLanguage\":\"fr-FR\",\"@id\":\"https:\\\/\\\/www.myautopartsfactory.com\\\/product\\\/wholesale-oem-car-engine-ignition-coil-90919-02229-for-2007-2018-toyota-yaris-1-5l-i4#primaryimage\",\"url\":\"https:\\\/\\\/www.myautopartsfactory.com\\\/wp-content\\\/uploads\\\/2024\\\/06\\\/90919-02229-6.jpg\",\"contentUrl\":\"https:\\\/\\\/www.myautopartsfactory.com\\\/wp-content\\\/uploads\\\/2024\\\/06\\\/90919-02229-6.jpg\",\"width\":800,\"height\":800},{\"@type\":\"BreadcrumbList\",\"@id\":\"https:\\\/\\\/www.myautopartsfactory.com\\\/product\\\/wholesale-oem-car-engine-ignition-coil-90919-02229-for-2007-2018-toyota-yaris-1-5l-i4#breadcrumb\",\"itemListElement\":[{\"@type\":\"ListItem\",\"position\":1,\"name\":\"\u9996\u9875\",\"item\":\"https:\\\/\\\/www.myautopartsfactory.com\\\/\"},{\"@type\":\"ListItem\",\"position\":2,\"name\":\"Wholesale OEM Car Engine Ignition Coil 90919-02229 For 2007-2018 Toyota Yaris 1.5L I4\"}]},{\"@type\":\"WebSite\",\"@id\":\"https:\\\/\\\/www.myautopartsfactory.com\\\/#website\",\"url\":\"https:\\\/\\\/www.myautopartsfactory.com\\\/\",\"name\":\"YZHIDIANF\",\"description\":\"One-Stop Auto Parts Supplier\",\"publisher\":{\"@id\":\"https:\\\/\\\/www.myautopartsfactory.com\\\/#organization\"},\"potentialAction\":[{\"@type\":\"SearchAction\",\"target\":{\"@type\":\"EntryPoint\",\"urlTemplate\":\"https:\\\/\\\/www.myautopartsfactory.com\\\/?s={search_term_string}\"},\"query-input\":{\"@type\":\"PropertyValueSpecification\",\"valueRequired\":true,\"valueName\":\"search_term_string\"}}],\"inLanguage\":\"fr-FR\"},{\"@type\":\"Organization\",\"@id\":\"https:\\\/\\\/www.myautopartsfactory.com\\\/#organization\",\"name\":\"YZHIDIANF\",\"url\":\"https:\\\/\\\/www.myautopartsfactory.com\\\/\",\"logo\":{\"@type\":\"ImageObject\",\"inLanguage\":\"fr-FR\",\"@id\":\"https:\\\/\\\/www.myautopartsfactory.com\\\/#\\\/schema\\\/logo\\\/image\\\/\",\"url\":\"https:\\\/\\\/www.myautopartsfactory.com\\\/wp-content\\\/uploads\\\/2024\\\/05\\\/fav.jpg\",\"contentUrl\":\"https:\\\/\\\/www.myautopartsfactory.com\\\/wp-content\\\/uploads\\\/2024\\\/05\\\/fav.jpg\",\"width\":80,\"height\":80,\"caption\":\"YZHIDIANF\"},\"image\":{\"@id\":\"https:\\\/\\\/www.myautopartsfactory.com\\\/#\\\/schema\\\/logo\\\/image\\\/\"}}]}<\/script>\n<!-- \/ Yoast SEO plugin. -->","yoast_head_json":{"title":"Bobine d'allumage OEM 90919-02229 pour Toyota Yaris 1.5L I4 2007-2018 - YZHIDIANF","robots":{"index":"index","follow":"follow","max-snippet":"max-snippet:-1","max-image-preview":"max-image-preview:large","max-video-preview":"max-video-preview:-1"},"canonical":"https:\/\/www.myautopartsfactory.com\/fr\/product\/wholesale-oem-car-engine-ignition-coil-90919-02229-for-2007-2018-toyota-yaris-1-5l-i4\/","og_locale":"fr_FR","og_type":"article","og_title":"Wholesale OEM Car Engine Ignition Coil 90919-02229 For 2007-2018 Toyota Yaris 1.5L I4 - YZHIDIANF","og_description":"Features &amp; Benefits: \u25cfPerfect Fit, Easy Installation \u25cfMade to factory specifications for a hassle-free installation. \u25cfDesigned as a direct replacement for your original Ignition Coil, ensuring excellent fitment and performance. Product Features\uff1a \u25cfDurability: Able to work stably for a long time, with high durability and reliability. \u25cfHigh-voltage output: Converts low-voltage current into high-voltage output, generatingenough [&hellip;]","og_url":"https:\/\/www.myautopartsfactory.com\/fr\/product\/wholesale-oem-car-engine-ignition-coil-90919-02229-for-2007-2018-toyota-yaris-1-5l-i4\/","og_site_name":"YZHIDIANF","article_modified_time":"2024-06-11T06:00:23+00:00","og_image":[{"width":800,"height":800,"url":"https:\/\/www.myautopartsfactory.com\/wp-content\/uploads\/2024\/06\/90919-02229-6.jpg","type":"image\/jpeg"}],"twitter_card":"summary_large_image","twitter_misc":{"Dur\u00e9e de lecture estim\u00e9e":"1 minute"},"schema":{"@context":"https:\/\/schema.org","@graph":[{"@type":"WebPage","@id":"https:\/\/www.myautopartsfactory.com\/product\/wholesale-oem-car-engine-ignition-coil-90919-02229-for-2007-2018-toyota-yaris-1-5l-i4","url":"https:\/\/www.myautopartsfactory.com\/product\/wholesale-oem-car-engine-ignition-coil-90919-02229-for-2007-2018-toyota-yaris-1-5l-i4","name":"Bobine d'allumage OEM 90919-02229 pour Toyota Yaris 1.5L I4 2007-2018 - YZHIDIANF","isPartOf":{"@id":"https:\/\/www.myautopartsfactory.com\/#website"},"primaryImageOfPage":{"@id":"https:\/\/www.myautopartsfactory.com\/product\/wholesale-oem-car-engine-ignition-coil-90919-02229-for-2007-2018-toyota-yaris-1-5l-i4#primaryimage"},"image":{"@id":"https:\/\/www.myautopartsfactory.com\/product\/wholesale-oem-car-engine-ignition-coil-90919-02229-for-2007-2018-toyota-yaris-1-5l-i4#primaryimage"},"thumbnailUrl":"https:\/\/www.myautopartsfactory.com\/wp-content\/uploads\/2024\/06\/90919-02229-6.jpg","datePublished":"2024-06-11T06:00:21+00:00","dateModified":"2024-06-11T06:00:23+00:00","breadcrumb":{"@id":"https:\/\/www.myautopartsfactory.com\/product\/wholesale-oem-car-engine-ignition-coil-90919-02229-for-2007-2018-toyota-yaris-1-5l-i4#breadcrumb"},"inLanguage":"fr-FR","potentialAction":[{"@type":"ReadAction","target":["https:\/\/www.myautopartsfactory.com\/product\/wholesale-oem-car-engine-ignition-coil-90919-02229-for-2007-2018-toyota-yaris-1-5l-i4"]}]},{"@type":"ImageObject","inLanguage":"fr-FR","@id":"https:\/\/www.myautopartsfactory.com\/product\/wholesale-oem-car-engine-ignition-coil-90919-02229-for-2007-2018-toyota-yaris-1-5l-i4#primaryimage","url":"https:\/\/www.myautopartsfactory.com\/wp-content\/uploads\/2024\/06\/90919-02229-6.jpg","contentUrl":"https:\/\/www.myautopartsfactory.com\/wp-content\/uploads\/2024\/06\/90919-02229-6.jpg","width":800,"height":800},{"@type":"BreadcrumbList","@id":"https:\/\/www.myautopartsfactory.com\/product\/wholesale-oem-car-engine-ignition-coil-90919-02229-for-2007-2018-toyota-yaris-1-5l-i4#breadcrumb","itemListElement":[{"@type":"ListItem","position":1,"name":"\u9996\u9875","item":"https:\/\/www.myautopartsfactory.com\/"},{"@type":"ListItem","position":2,"name":"Wholesale OEM Car Engine Ignition Coil 90919-02229 For 2007-2018 Toyota Yaris 1.5L I4"}]},{"@type":"WebSite","@id":"https:\/\/www.myautopartsfactory.com\/#website","url":"https:\/\/www.myautopartsfactory.com\/","name":"YZHIDIANF","description":"Fournisseur unique de pi\u00e8ces d\u00e9tach\u00e9es automobiles","publisher":{"@id":"https:\/\/www.myautopartsfactory.com\/#organization"},"potentialAction":[{"@type":"SearchAction","target":{"@type":"EntryPoint","urlTemplate":"https:\/\/www.myautopartsfactory.com\/?s={search_term_string}"},"query-input":{"@type":"PropertyValueSpecification","valueRequired":true,"valueName":"search_term_string"}}],"inLanguage":"fr-FR"},{"@type":"Organization","@id":"https:\/\/www.myautopartsfactory.com\/#organization","name":"YZHIDIANF","url":"https:\/\/www.myautopartsfactory.com\/","logo":{"@type":"ImageObject","inLanguage":"fr-FR","@id":"https:\/\/www.myautopartsfactory.com\/#\/schema\/logo\/image\/","url":"https:\/\/www.myautopartsfactory.com\/wp-content\/uploads\/2024\/05\/fav.jpg","contentUrl":"https:\/\/www.myautopartsfactory.com\/wp-content\/uploads\/2024\/05\/fav.jpg","width":80,"height":80,"caption":"YZHIDIANF"},"image":{"@id":"https:\/\/www.myautopartsfactory.com\/#\/schema\/logo\/image\/"}}]}},"acf":[],"_links":{"self":[{"href":"https:\/\/www.myautopartsfactory.com\/fr\/wp-json\/wp\/v2\/product\/941","targetHints":{"allow":["GET"]}}],"collection":[{"href":"https:\/\/www.myautopartsfactory.com\/fr\/wp-json\/wp\/v2\/product"}],"about":[{"href":"https:\/\/www.myautopartsfactory.com\/fr\/wp-json\/wp\/v2\/types\/product"}],"version-history":[{"count":0,"href":"https:\/\/www.myautopartsfactory.com\/fr\/wp-json\/wp\/v2\/product\/941\/revisions"}],"wp:featuredmedia":[{"embeddable":true,"href":"https:\/\/www.myautopartsfactory.com\/fr\/wp-json\/wp\/v2\/media\/947"}],"wp:attachment":[{"href":"https:\/\/www.myautopartsfactory.com\/fr\/wp-json\/wp\/v2\/media?parent=941"}],"wp:term":[{"taxonomy":"product-tag","embeddable":true,"href":"https:\/\/www.myautopartsfactory.com\/fr\/wp-json\/wp\/v2\/product-tag?post=941"},{"taxonomy":"products","embeddable":true,"href":"https:\/\/www.myautopartsfactory.com\/fr\/wp-json\/wp\/v2\/products?post=941"},{"taxonomy":"brand","embeddable":true,"href":"https:\/\/www.myautopartsfactory.com\/fr\/wp-json\/wp\/v2\/brand?post=941"}],"curies":[{"name":"wp","href":"https:\/\/api.w.org\/{rel}","templated":true}]}}