{"id":808,"date":"2024-06-08T17:16:20","date_gmt":"2024-06-08T09:16:20","guid":{"rendered":"https:\/\/www.myautopartsfactory.com\/?post_type=product&#038;p=808"},"modified":"2024-06-08T17:16:21","modified_gmt":"2024-06-08T09:16:21","slug":"wholesale-auto-engine-parts-idle-air-control-valve-e9t06871-ac254-fsn520660b-for-mazda-protege-626-1998-2003","status":"publish","type":"product","link":"https:\/\/www.myautopartsfactory.com\/fr\/product\/wholesale-auto-engine-parts-idle-air-control-valve-e9t06871-ac254-fsn520660b-for-mazda-protege-626-1998-2003","title":{"rendered":"Wholesale Auto Engine Parts Idle Air Control Valve E9T06871 AC254 FSN520660B For Mazda Protege 626 1998-2003"},"content":{"rendered":"<p><strong>Caract\u00e9ristiques et avantages :<\/strong><\/p>\n\n\n\n<p>\u25cfUn ajustement parfait, une installation facile<\/p>\n\n\n\n<p>\u25cfFabriqu\u00e9 selon les sp\u00e9cifications de l'usine pour une installation sans tracas.<\/p>\n\n\n\n<p>\u25cfCon\u00e7u comme un remplacement direct de votre vanne de contr\u00f4le de l'air de ralenti d'origine, garantissant un excellent ajustement et d'excellentes performances.<\/p>\n\n\n\n<p><strong>Caract\u00e9ristiques du produit\uff1a<\/strong><\/p>\n\n\n\n<p>\u25cfUne grande durabilit\u00e9 : Fabriqu\u00e9 avec des mat\u00e9riaux de haute qualit\u00e9, il est tr\u00e8s durable et r\u00e9sistant \u00e0 l'usure et a une longue dur\u00e9e de vie.<\/p>\n\n\n\n<p>\u25cfHaute pr\u00e9cision : La fonction de r\u00e9glage de haute pr\u00e9cision peut contr\u00f4ler avec pr\u00e9cision le r\u00e9gime de ralenti du moteur pour assurer la stabilit\u00e9 et l'\u00e9conomie du moteur.<\/p>\n\n\n\n<p>\u25cfEconomie d'\u00e9nergie et protection de l'environnement : Assurer la combustion compl\u00e8te du moteur au ralenti, r\u00e9duire les \u00e9missions de gaz d'\u00e9chappement et atteindre les objectifs suivants.<\/p>","protected":false},"excerpt":{"rendered":"Features &amp; Benefits: \u25cfPerfect Fit, Easy Installation \u25cfMade to factory specifications for a hassle-free installation. \u25cfDesigned as a direct replacement for your original Idle Air Control Valve, ensuring excellent fitment and performance. Product Features\uff1a \u25cfStrong durability: Made of high-quality materials, it has strong durability and wear resistance and has a long service life. \u25cfHigh precision: [&hellip;]","protected":false},"featured_media":809,"menu_order":0,"template":"","meta":[],"product-tag":[],"products":[92],"brand":[48],"class_list":["post-808","product","type-product","status-publish","has-post-thumbnail","hentry","products-idle-air-control-valve","brand-mazda"],"yoast_head":"<!-- This site is optimized with the Yoast SEO plugin v27.3 - https:\/\/yoast.com\/product\/yoast-seo-wordpress\/ -->\n<title>Wholesale Auto Engine Parts Idle Air Control Valve E9T06871 AC254 FSN520660B For Mazda Protege 626 1998-2003 - YZHIDIANF<\/title>\n<meta name=\"robots\" content=\"index, follow, max-snippet:-1, max-image-preview:large, max-video-preview:-1\" \/>\n<link rel=\"canonical\" href=\"https:\/\/www.myautopartsfactory.com\/fr\/product\/wholesale-auto-engine-parts-idle-air-control-valve-e9t06871-ac254-fsn520660b-for-mazda-protege-626-1998-2003\/\" \/>\n<meta property=\"og:locale\" content=\"fr_FR\" \/>\n<meta property=\"og:type\" content=\"article\" \/>\n<meta property=\"og:title\" content=\"Wholesale Auto Engine Parts Idle Air Control Valve E9T06871 AC254 FSN520660B For Mazda Protege 626 1998-2003 - YZHIDIANF\" \/>\n<meta property=\"og:description\" content=\"Features &amp; Benefits: \u25cfPerfect Fit, Easy Installation \u25cfMade to factory specifications for a hassle-free installation. \u25cfDesigned as a direct replacement for your original Idle Air Control Valve, ensuring excellent fitment and performance. Product Features\uff1a \u25cfStrong durability: Made of high-quality materials, it has strong durability and wear resistance and has a long service life. \u25cfHigh precision: [&hellip;]\" \/>\n<meta property=\"og:url\" content=\"https:\/\/www.myautopartsfactory.com\/fr\/product\/wholesale-auto-engine-parts-idle-air-control-valve-e9t06871-ac254-fsn520660b-for-mazda-protege-626-1998-2003\/\" \/>\n<meta property=\"og:site_name\" content=\"YZHIDIANF\" \/>\n<meta property=\"article:modified_time\" content=\"2024-06-08T09:16:21+00:00\" \/>\n<meta property=\"og:image\" content=\"https:\/\/www.myautopartsfactory.com\/wp-content\/uploads\/2024\/06\/FSN520660B-1.jpg\" \/>\n\t<meta property=\"og:image:width\" content=\"800\" \/>\n\t<meta property=\"og:image:height\" content=\"800\" \/>\n\t<meta property=\"og:image:type\" content=\"image\/jpeg\" \/>\n<meta name=\"twitter:card\" content=\"summary_large_image\" \/>\n<meta name=\"twitter:label1\" content=\"Dur\u00e9e de lecture estim\u00e9e\" \/>\n\t<meta name=\"twitter:data1\" content=\"1 minute\" \/>\n<script type=\"application\/ld+json\" class=\"yoast-schema-graph\">{\"@context\":\"https:\\\/\\\/schema.org\",\"@graph\":[{\"@type\":\"WebPage\",\"@id\":\"https:\\\/\\\/www.myautopartsfactory.com\\\/product\\\/wholesale-auto-engine-parts-idle-air-control-valve-e9t06871-ac254-fsn520660b-for-mazda-protege-626-1998-2003\",\"url\":\"https:\\\/\\\/www.myautopartsfactory.com\\\/product\\\/wholesale-auto-engine-parts-idle-air-control-valve-e9t06871-ac254-fsn520660b-for-mazda-protege-626-1998-2003\",\"name\":\"Wholesale Auto Engine Parts Idle Air Control Valve E9T06871 AC254 FSN520660B For Mazda Protege 626 1998-2003 - YZHIDIANF\",\"isPartOf\":{\"@id\":\"https:\\\/\\\/www.myautopartsfactory.com\\\/#website\"},\"primaryImageOfPage\":{\"@id\":\"https:\\\/\\\/www.myautopartsfactory.com\\\/product\\\/wholesale-auto-engine-parts-idle-air-control-valve-e9t06871-ac254-fsn520660b-for-mazda-protege-626-1998-2003#primaryimage\"},\"image\":{\"@id\":\"https:\\\/\\\/www.myautopartsfactory.com\\\/product\\\/wholesale-auto-engine-parts-idle-air-control-valve-e9t06871-ac254-fsn520660b-for-mazda-protege-626-1998-2003#primaryimage\"},\"thumbnailUrl\":\"https:\\\/\\\/www.myautopartsfactory.com\\\/wp-content\\\/uploads\\\/2024\\\/06\\\/FSN520660B-1.jpg\",\"datePublished\":\"2024-06-08T09:16:20+00:00\",\"dateModified\":\"2024-06-08T09:16:21+00:00\",\"breadcrumb\":{\"@id\":\"https:\\\/\\\/www.myautopartsfactory.com\\\/product\\\/wholesale-auto-engine-parts-idle-air-control-valve-e9t06871-ac254-fsn520660b-for-mazda-protege-626-1998-2003#breadcrumb\"},\"inLanguage\":\"fr-FR\",\"potentialAction\":[{\"@type\":\"ReadAction\",\"target\":[\"https:\\\/\\\/www.myautopartsfactory.com\\\/product\\\/wholesale-auto-engine-parts-idle-air-control-valve-e9t06871-ac254-fsn520660b-for-mazda-protege-626-1998-2003\"]}]},{\"@type\":\"ImageObject\",\"inLanguage\":\"fr-FR\",\"@id\":\"https:\\\/\\\/www.myautopartsfactory.com\\\/product\\\/wholesale-auto-engine-parts-idle-air-control-valve-e9t06871-ac254-fsn520660b-for-mazda-protege-626-1998-2003#primaryimage\",\"url\":\"https:\\\/\\\/www.myautopartsfactory.com\\\/wp-content\\\/uploads\\\/2024\\\/06\\\/FSN520660B-1.jpg\",\"contentUrl\":\"https:\\\/\\\/www.myautopartsfactory.com\\\/wp-content\\\/uploads\\\/2024\\\/06\\\/FSN520660B-1.jpg\",\"width\":800,\"height\":800},{\"@type\":\"BreadcrumbList\",\"@id\":\"https:\\\/\\\/www.myautopartsfactory.com\\\/product\\\/wholesale-auto-engine-parts-idle-air-control-valve-e9t06871-ac254-fsn520660b-for-mazda-protege-626-1998-2003#breadcrumb\",\"itemListElement\":[{\"@type\":\"ListItem\",\"position\":1,\"name\":\"\u9996\u9875\",\"item\":\"https:\\\/\\\/www.myautopartsfactory.com\\\/\"},{\"@type\":\"ListItem\",\"position\":2,\"name\":\"Wholesale Auto Engine Parts Idle Air Control Valve E9T06871 AC254 FSN520660B For Mazda Protege 626 1998-2003\"}]},{\"@type\":\"WebSite\",\"@id\":\"https:\\\/\\\/www.myautopartsfactory.com\\\/#website\",\"url\":\"https:\\\/\\\/www.myautopartsfactory.com\\\/\",\"name\":\"YZHIDIANF\",\"description\":\"One-Stop Auto Parts Supplier\",\"publisher\":{\"@id\":\"https:\\\/\\\/www.myautopartsfactory.com\\\/#organization\"},\"potentialAction\":[{\"@type\":\"SearchAction\",\"target\":{\"@type\":\"EntryPoint\",\"urlTemplate\":\"https:\\\/\\\/www.myautopartsfactory.com\\\/?s={search_term_string}\"},\"query-input\":{\"@type\":\"PropertyValueSpecification\",\"valueRequired\":true,\"valueName\":\"search_term_string\"}}],\"inLanguage\":\"fr-FR\"},{\"@type\":\"Organization\",\"@id\":\"https:\\\/\\\/www.myautopartsfactory.com\\\/#organization\",\"name\":\"YZHIDIANF\",\"url\":\"https:\\\/\\\/www.myautopartsfactory.com\\\/\",\"logo\":{\"@type\":\"ImageObject\",\"inLanguage\":\"fr-FR\",\"@id\":\"https:\\\/\\\/www.myautopartsfactory.com\\\/#\\\/schema\\\/logo\\\/image\\\/\",\"url\":\"https:\\\/\\\/www.myautopartsfactory.com\\\/wp-content\\\/uploads\\\/2024\\\/05\\\/fav.jpg\",\"contentUrl\":\"https:\\\/\\\/www.myautopartsfactory.com\\\/wp-content\\\/uploads\\\/2024\\\/05\\\/fav.jpg\",\"width\":80,\"height\":80,\"caption\":\"YZHIDIANF\"},\"image\":{\"@id\":\"https:\\\/\\\/www.myautopartsfactory.com\\\/#\\\/schema\\\/logo\\\/image\\\/\"}}]}<\/script>\n<!-- \/ Yoast SEO plugin. -->","yoast_head_json":{"title":"Wholesale Auto Engine Parts Idle Air Control Valve E9T06871 AC254 FSN520660B For Mazda Protege 626 1998-2003 - YZHIDIANF","robots":{"index":"index","follow":"follow","max-snippet":"max-snippet:-1","max-image-preview":"max-image-preview:large","max-video-preview":"max-video-preview:-1"},"canonical":"https:\/\/www.myautopartsfactory.com\/fr\/product\/wholesale-auto-engine-parts-idle-air-control-valve-e9t06871-ac254-fsn520660b-for-mazda-protege-626-1998-2003\/","og_locale":"fr_FR","og_type":"article","og_title":"Wholesale Auto Engine Parts Idle Air Control Valve E9T06871 AC254 FSN520660B For Mazda Protege 626 1998-2003 - YZHIDIANF","og_description":"Features &amp; Benefits: \u25cfPerfect Fit, Easy Installation \u25cfMade to factory specifications for a hassle-free installation. \u25cfDesigned as a direct replacement for your original Idle Air Control Valve, ensuring excellent fitment and performance. Product Features\uff1a \u25cfStrong durability: Made of high-quality materials, it has strong durability and wear resistance and has a long service life. \u25cfHigh precision: [&hellip;]","og_url":"https:\/\/www.myautopartsfactory.com\/fr\/product\/wholesale-auto-engine-parts-idle-air-control-valve-e9t06871-ac254-fsn520660b-for-mazda-protege-626-1998-2003\/","og_site_name":"YZHIDIANF","article_modified_time":"2024-06-08T09:16:21+00:00","og_image":[{"width":800,"height":800,"url":"https:\/\/www.myautopartsfactory.com\/wp-content\/uploads\/2024\/06\/FSN520660B-1.jpg","type":"image\/jpeg"}],"twitter_card":"summary_large_image","twitter_misc":{"Dur\u00e9e de lecture estim\u00e9e":"1 minute"},"schema":{"@context":"https:\/\/schema.org","@graph":[{"@type":"WebPage","@id":"https:\/\/www.myautopartsfactory.com\/product\/wholesale-auto-engine-parts-idle-air-control-valve-e9t06871-ac254-fsn520660b-for-mazda-protege-626-1998-2003","url":"https:\/\/www.myautopartsfactory.com\/product\/wholesale-auto-engine-parts-idle-air-control-valve-e9t06871-ac254-fsn520660b-for-mazda-protege-626-1998-2003","name":"Wholesale Auto Engine Parts Idle Air Control Valve E9T06871 AC254 FSN520660B For Mazda Protege 626 1998-2003 - YZHIDIANF","isPartOf":{"@id":"https:\/\/www.myautopartsfactory.com\/#website"},"primaryImageOfPage":{"@id":"https:\/\/www.myautopartsfactory.com\/product\/wholesale-auto-engine-parts-idle-air-control-valve-e9t06871-ac254-fsn520660b-for-mazda-protege-626-1998-2003#primaryimage"},"image":{"@id":"https:\/\/www.myautopartsfactory.com\/product\/wholesale-auto-engine-parts-idle-air-control-valve-e9t06871-ac254-fsn520660b-for-mazda-protege-626-1998-2003#primaryimage"},"thumbnailUrl":"https:\/\/www.myautopartsfactory.com\/wp-content\/uploads\/2024\/06\/FSN520660B-1.jpg","datePublished":"2024-06-08T09:16:20+00:00","dateModified":"2024-06-08T09:16:21+00:00","breadcrumb":{"@id":"https:\/\/www.myautopartsfactory.com\/product\/wholesale-auto-engine-parts-idle-air-control-valve-e9t06871-ac254-fsn520660b-for-mazda-protege-626-1998-2003#breadcrumb"},"inLanguage":"fr-FR","potentialAction":[{"@type":"ReadAction","target":["https:\/\/www.myautopartsfactory.com\/product\/wholesale-auto-engine-parts-idle-air-control-valve-e9t06871-ac254-fsn520660b-for-mazda-protege-626-1998-2003"]}]},{"@type":"ImageObject","inLanguage":"fr-FR","@id":"https:\/\/www.myautopartsfactory.com\/product\/wholesale-auto-engine-parts-idle-air-control-valve-e9t06871-ac254-fsn520660b-for-mazda-protege-626-1998-2003#primaryimage","url":"https:\/\/www.myautopartsfactory.com\/wp-content\/uploads\/2024\/06\/FSN520660B-1.jpg","contentUrl":"https:\/\/www.myautopartsfactory.com\/wp-content\/uploads\/2024\/06\/FSN520660B-1.jpg","width":800,"height":800},{"@type":"BreadcrumbList","@id":"https:\/\/www.myautopartsfactory.com\/product\/wholesale-auto-engine-parts-idle-air-control-valve-e9t06871-ac254-fsn520660b-for-mazda-protege-626-1998-2003#breadcrumb","itemListElement":[{"@type":"ListItem","position":1,"name":"\u9996\u9875","item":"https:\/\/www.myautopartsfactory.com\/"},{"@type":"ListItem","position":2,"name":"Wholesale Auto Engine Parts Idle Air Control Valve E9T06871 AC254 FSN520660B For Mazda Protege 626 1998-2003"}]},{"@type":"WebSite","@id":"https:\/\/www.myautopartsfactory.com\/#website","url":"https:\/\/www.myautopartsfactory.com\/","name":"YZHIDIANF","description":"Fournisseur unique de pi\u00e8ces d\u00e9tach\u00e9es automobiles","publisher":{"@id":"https:\/\/www.myautopartsfactory.com\/#organization"},"potentialAction":[{"@type":"SearchAction","target":{"@type":"EntryPoint","urlTemplate":"https:\/\/www.myautopartsfactory.com\/?s={search_term_string}"},"query-input":{"@type":"PropertyValueSpecification","valueRequired":true,"valueName":"search_term_string"}}],"inLanguage":"fr-FR"},{"@type":"Organization","@id":"https:\/\/www.myautopartsfactory.com\/#organization","name":"YZHIDIANF","url":"https:\/\/www.myautopartsfactory.com\/","logo":{"@type":"ImageObject","inLanguage":"fr-FR","@id":"https:\/\/www.myautopartsfactory.com\/#\/schema\/logo\/image\/","url":"https:\/\/www.myautopartsfactory.com\/wp-content\/uploads\/2024\/05\/fav.jpg","contentUrl":"https:\/\/www.myautopartsfactory.com\/wp-content\/uploads\/2024\/05\/fav.jpg","width":80,"height":80,"caption":"YZHIDIANF"},"image":{"@id":"https:\/\/www.myautopartsfactory.com\/#\/schema\/logo\/image\/"}}]}},"acf":[],"_links":{"self":[{"href":"https:\/\/www.myautopartsfactory.com\/fr\/wp-json\/wp\/v2\/product\/808","targetHints":{"allow":["GET"]}}],"collection":[{"href":"https:\/\/www.myautopartsfactory.com\/fr\/wp-json\/wp\/v2\/product"}],"about":[{"href":"https:\/\/www.myautopartsfactory.com\/fr\/wp-json\/wp\/v2\/types\/product"}],"version-history":[{"count":0,"href":"https:\/\/www.myautopartsfactory.com\/fr\/wp-json\/wp\/v2\/product\/808\/revisions"}],"wp:featuredmedia":[{"embeddable":true,"href":"https:\/\/www.myautopartsfactory.com\/fr\/wp-json\/wp\/v2\/media\/809"}],"wp:attachment":[{"href":"https:\/\/www.myautopartsfactory.com\/fr\/wp-json\/wp\/v2\/media?parent=808"}],"wp:term":[{"taxonomy":"product-tag","embeddable":true,"href":"https:\/\/www.myautopartsfactory.com\/fr\/wp-json\/wp\/v2\/product-tag?post=808"},{"taxonomy":"products","embeddable":true,"href":"https:\/\/www.myautopartsfactory.com\/fr\/wp-json\/wp\/v2\/products?post=808"},{"taxonomy":"brand","embeddable":true,"href":"https:\/\/www.myautopartsfactory.com\/fr\/wp-json\/wp\/v2\/brand?post=808"}],"curies":[{"name":"wp","href":"https:\/\/api.w.org\/{rel}","templated":true}]}}