{"id":5013,"date":"2025-02-20T15:46:24","date_gmt":"2025-02-20T07:46:24","guid":{"rendered":"https:\/\/www.myautopartsfactory.com\/?post_type=product&#038;p=5013"},"modified":"2025-02-20T15:46:26","modified_gmt":"2025-02-20T07:46:26","slug":"auto-parts-nox-sensor-a0101531428-5wk97329a-24v-for-mercedes-benz-truck-actros-mp4","status":"publish","type":"product","link":"https:\/\/www.myautopartsfactory.com\/fr\/product\/auto-parts-nox-sensor-a0101531428-5wk97329a-24v-for-mercedes-benz-truck-actros-mp4","title":{"rendered":"Auto Parts Nox Sensor A0101531428 5WK97329A 24V For Mercedes-Benz Truck Actros MP4"},"content":{"rendered":"<h2 class=\"wp-block-heading\">Caract\u00e9ristiques et avantages :<\/h2>\n\n\n\n<ul class=\"wp-block-list\">\n<li>Fabriqu\u00e9 selon les sp\u00e9cifications de l'usine pour une installation sans probl\u00e8me.<\/li>\n\n\n\n<li>Ajustement parfait, installation facile<\/li>\n\n\n\n<li>Con\u00e7u pour remplacer directement le capteur Nox d'origine, il garantit une adaptation et des performances excellentes.<\/li>\n<\/ul>\n\n\n\n<h2 class=\"wp-block-heading\">Caract\u00e9ristiques du produit :<\/h2>\n\n\n\n<ul class=\"wp-block-list\">\n<li>Travailler en conjonction avec les syst\u00e8mes de contr\u00f4le des \u00e9missions : Il fonctionne g\u00e9n\u00e9ralement avec les syst\u00e8mes SCR, les syst\u00e8mes EGR (recirculation des gaz d'\u00e9chappement), les capteurs d'oxyg\u00e8ne, etc. En renvoyant les donn\u00e9es relatives \u00e0 la concentration de NOx, le syst\u00e8me peut ajuster la quantit\u00e9 d'ur\u00e9e inject\u00e9e ou la quantit\u00e9 de recirculation des gaz d'\u00e9chappement, ce qui permet de r\u00e9duire les \u00e9missions d'oxyde d'azote et de respecter les normes de protection de l'environnement.<\/li>\n\n\n\n<li>Am\u00e9liorer l'efficacit\u00e9 du moteur et le contr\u00f4le des \u00e9missions : En contr\u00f4lant avec pr\u00e9cision les niveaux de NOx, les capteurs de NOx aident l'ECU \u00e0 optimiser le processus de combustion du moteur. Un retour d'informations pr\u00e9cis permet d'ajuster les param\u00e8tres tels que le rapport de m\u00e9lange air-carburant, le calage de l'injection de carburant, la suralimentation, etc. pour obtenir une meilleure efficacit\u00e9 de combustion.<\/li>\n\n\n\n<li>Fonction de diagnostic intelligente : Les capteurs de NOx modernes sont \u00e9galement dot\u00e9s de fonctions de diagnostic intelligentes. Ils sont capables de d\u00e9tecter leur propre \u00e9tat de fonctionnement et de signaler les d\u00e9fauts ou la d\u00e9gradation des performances \u00e0 l'ECU.<\/li>\n<\/ul>","protected":false},"excerpt":{"rendered":"Features &amp; Benefits: Product Features:","protected":false},"featured_media":5017,"menu_order":0,"template":"","meta":[],"product-tag":[],"products":[3],"brand":[61],"class_list":["post-5013","product","type-product","status-publish","has-post-thumbnail","hentry","products-nox-sensor","brand-mercedes-benz"],"yoast_head":"<!-- This site is optimized with the Yoast SEO plugin v27.3 - https:\/\/yoast.com\/product\/yoast-seo-wordpress\/ -->\n<title>Auto Parts Nox Sensor A0101531428 5WK97329A 24V For Mercedes-Benz Truck Actros MP4 - YZHIDIANF<\/title>\n<meta name=\"robots\" content=\"index, follow, max-snippet:-1, max-image-preview:large, max-video-preview:-1\" \/>\n<link rel=\"canonical\" href=\"https:\/\/www.myautopartsfactory.com\/fr\/product\/auto-parts-nox-sensor-a0101531428-5wk97329a-24v-for-mercedes-benz-truck-actros-mp4\/\" \/>\n<meta property=\"og:locale\" content=\"fr_FR\" \/>\n<meta property=\"og:type\" content=\"article\" \/>\n<meta property=\"og:title\" content=\"Auto Parts Nox Sensor A0101531428 5WK97329A 24V For Mercedes-Benz Truck Actros MP4 - YZHIDIANF\" \/>\n<meta property=\"og:description\" content=\"Features &amp; Benefits: Product Features:\" \/>\n<meta property=\"og:url\" content=\"https:\/\/www.myautopartsfactory.com\/fr\/product\/auto-parts-nox-sensor-a0101531428-5wk97329a-24v-for-mercedes-benz-truck-actros-mp4\/\" \/>\n<meta property=\"og:site_name\" content=\"YZHIDIANF\" \/>\n<meta property=\"article:modified_time\" content=\"2025-02-20T07:46:26+00:00\" \/>\n<meta property=\"og:image\" content=\"https:\/\/www.myautopartsfactory.com\/wp-content\/uploads\/2025\/02\/4-15.jpg\" \/>\n\t<meta property=\"og:image:width\" content=\"800\" \/>\n\t<meta property=\"og:image:height\" content=\"800\" \/>\n\t<meta property=\"og:image:type\" content=\"image\/jpeg\" \/>\n<meta name=\"twitter:card\" content=\"summary_large_image\" \/>\n<meta name=\"twitter:label1\" content=\"Dur\u00e9e de lecture estim\u00e9e\" \/>\n\t<meta name=\"twitter:data1\" content=\"2 minutes\" \/>\n<script type=\"application\/ld+json\" class=\"yoast-schema-graph\">{\"@context\":\"https:\\\/\\\/schema.org\",\"@graph\":[{\"@type\":\"WebPage\",\"@id\":\"https:\\\/\\\/www.myautopartsfactory.com\\\/product\\\/auto-parts-nox-sensor-a0101531428-5wk97329a-24v-for-mercedes-benz-truck-actros-mp4\",\"url\":\"https:\\\/\\\/www.myautopartsfactory.com\\\/product\\\/auto-parts-nox-sensor-a0101531428-5wk97329a-24v-for-mercedes-benz-truck-actros-mp4\",\"name\":\"Auto Parts Nox Sensor A0101531428 5WK97329A 24V For Mercedes-Benz Truck Actros MP4 - YZHIDIANF\",\"isPartOf\":{\"@id\":\"https:\\\/\\\/www.myautopartsfactory.com\\\/#website\"},\"primaryImageOfPage\":{\"@id\":\"https:\\\/\\\/www.myautopartsfactory.com\\\/product\\\/auto-parts-nox-sensor-a0101531428-5wk97329a-24v-for-mercedes-benz-truck-actros-mp4#primaryimage\"},\"image\":{\"@id\":\"https:\\\/\\\/www.myautopartsfactory.com\\\/product\\\/auto-parts-nox-sensor-a0101531428-5wk97329a-24v-for-mercedes-benz-truck-actros-mp4#primaryimage\"},\"thumbnailUrl\":\"https:\\\/\\\/www.myautopartsfactory.com\\\/wp-content\\\/uploads\\\/2025\\\/02\\\/4-15.jpg\",\"datePublished\":\"2025-02-20T07:46:24+00:00\",\"dateModified\":\"2025-02-20T07:46:26+00:00\",\"breadcrumb\":{\"@id\":\"https:\\\/\\\/www.myautopartsfactory.com\\\/product\\\/auto-parts-nox-sensor-a0101531428-5wk97329a-24v-for-mercedes-benz-truck-actros-mp4#breadcrumb\"},\"inLanguage\":\"fr-FR\",\"potentialAction\":[{\"@type\":\"ReadAction\",\"target\":[\"https:\\\/\\\/www.myautopartsfactory.com\\\/product\\\/auto-parts-nox-sensor-a0101531428-5wk97329a-24v-for-mercedes-benz-truck-actros-mp4\"]}]},{\"@type\":\"ImageObject\",\"inLanguage\":\"fr-FR\",\"@id\":\"https:\\\/\\\/www.myautopartsfactory.com\\\/product\\\/auto-parts-nox-sensor-a0101531428-5wk97329a-24v-for-mercedes-benz-truck-actros-mp4#primaryimage\",\"url\":\"https:\\\/\\\/www.myautopartsfactory.com\\\/wp-content\\\/uploads\\\/2025\\\/02\\\/4-15.jpg\",\"contentUrl\":\"https:\\\/\\\/www.myautopartsfactory.com\\\/wp-content\\\/uploads\\\/2025\\\/02\\\/4-15.jpg\",\"width\":800,\"height\":800},{\"@type\":\"BreadcrumbList\",\"@id\":\"https:\\\/\\\/www.myautopartsfactory.com\\\/product\\\/auto-parts-nox-sensor-a0101531428-5wk97329a-24v-for-mercedes-benz-truck-actros-mp4#breadcrumb\",\"itemListElement\":[{\"@type\":\"ListItem\",\"position\":1,\"name\":\"\u9996\u9875\",\"item\":\"https:\\\/\\\/www.myautopartsfactory.com\\\/\"},{\"@type\":\"ListItem\",\"position\":2,\"name\":\"Auto Parts Nox Sensor A0101531428 5WK97329A 24V For Mercedes-Benz Truck Actros MP4\"}]},{\"@type\":\"WebSite\",\"@id\":\"https:\\\/\\\/www.myautopartsfactory.com\\\/#website\",\"url\":\"https:\\\/\\\/www.myautopartsfactory.com\\\/\",\"name\":\"YZHIDIANF\",\"description\":\"One-Stop Auto Parts Supplier\",\"publisher\":{\"@id\":\"https:\\\/\\\/www.myautopartsfactory.com\\\/#organization\"},\"potentialAction\":[{\"@type\":\"SearchAction\",\"target\":{\"@type\":\"EntryPoint\",\"urlTemplate\":\"https:\\\/\\\/www.myautopartsfactory.com\\\/?s={search_term_string}\"},\"query-input\":{\"@type\":\"PropertyValueSpecification\",\"valueRequired\":true,\"valueName\":\"search_term_string\"}}],\"inLanguage\":\"fr-FR\"},{\"@type\":\"Organization\",\"@id\":\"https:\\\/\\\/www.myautopartsfactory.com\\\/#organization\",\"name\":\"YZHIDIANF\",\"url\":\"https:\\\/\\\/www.myautopartsfactory.com\\\/\",\"logo\":{\"@type\":\"ImageObject\",\"inLanguage\":\"fr-FR\",\"@id\":\"https:\\\/\\\/www.myautopartsfactory.com\\\/#\\\/schema\\\/logo\\\/image\\\/\",\"url\":\"https:\\\/\\\/www.myautopartsfactory.com\\\/wp-content\\\/uploads\\\/2024\\\/05\\\/fav.jpg\",\"contentUrl\":\"https:\\\/\\\/www.myautopartsfactory.com\\\/wp-content\\\/uploads\\\/2024\\\/05\\\/fav.jpg\",\"width\":80,\"height\":80,\"caption\":\"YZHIDIANF\"},\"image\":{\"@id\":\"https:\\\/\\\/www.myautopartsfactory.com\\\/#\\\/schema\\\/logo\\\/image\\\/\"}}]}<\/script>\n<!-- \/ Yoast SEO plugin. -->","yoast_head_json":{"title":"Auto Parts Nox Sensor A0101531428 5WK97329A 24V For Mercedes-Benz Truck Actros MP4 - YZHIDIANF","robots":{"index":"index","follow":"follow","max-snippet":"max-snippet:-1","max-image-preview":"max-image-preview:large","max-video-preview":"max-video-preview:-1"},"canonical":"https:\/\/www.myautopartsfactory.com\/fr\/product\/auto-parts-nox-sensor-a0101531428-5wk97329a-24v-for-mercedes-benz-truck-actros-mp4\/","og_locale":"fr_FR","og_type":"article","og_title":"Auto Parts Nox Sensor A0101531428 5WK97329A 24V For Mercedes-Benz Truck Actros MP4 - YZHIDIANF","og_description":"Features &amp; Benefits: Product Features:","og_url":"https:\/\/www.myautopartsfactory.com\/fr\/product\/auto-parts-nox-sensor-a0101531428-5wk97329a-24v-for-mercedes-benz-truck-actros-mp4\/","og_site_name":"YZHIDIANF","article_modified_time":"2025-02-20T07:46:26+00:00","og_image":[{"width":800,"height":800,"url":"https:\/\/www.myautopartsfactory.com\/wp-content\/uploads\/2025\/02\/4-15.jpg","type":"image\/jpeg"}],"twitter_card":"summary_large_image","twitter_misc":{"Dur\u00e9e de lecture estim\u00e9e":"2 minutes"},"schema":{"@context":"https:\/\/schema.org","@graph":[{"@type":"WebPage","@id":"https:\/\/www.myautopartsfactory.com\/product\/auto-parts-nox-sensor-a0101531428-5wk97329a-24v-for-mercedes-benz-truck-actros-mp4","url":"https:\/\/www.myautopartsfactory.com\/product\/auto-parts-nox-sensor-a0101531428-5wk97329a-24v-for-mercedes-benz-truck-actros-mp4","name":"Auto Parts Nox Sensor A0101531428 5WK97329A 24V For Mercedes-Benz Truck Actros MP4 - YZHIDIANF","isPartOf":{"@id":"https:\/\/www.myautopartsfactory.com\/#website"},"primaryImageOfPage":{"@id":"https:\/\/www.myautopartsfactory.com\/product\/auto-parts-nox-sensor-a0101531428-5wk97329a-24v-for-mercedes-benz-truck-actros-mp4#primaryimage"},"image":{"@id":"https:\/\/www.myautopartsfactory.com\/product\/auto-parts-nox-sensor-a0101531428-5wk97329a-24v-for-mercedes-benz-truck-actros-mp4#primaryimage"},"thumbnailUrl":"https:\/\/www.myautopartsfactory.com\/wp-content\/uploads\/2025\/02\/4-15.jpg","datePublished":"2025-02-20T07:46:24+00:00","dateModified":"2025-02-20T07:46:26+00:00","breadcrumb":{"@id":"https:\/\/www.myautopartsfactory.com\/product\/auto-parts-nox-sensor-a0101531428-5wk97329a-24v-for-mercedes-benz-truck-actros-mp4#breadcrumb"},"inLanguage":"fr-FR","potentialAction":[{"@type":"ReadAction","target":["https:\/\/www.myautopartsfactory.com\/product\/auto-parts-nox-sensor-a0101531428-5wk97329a-24v-for-mercedes-benz-truck-actros-mp4"]}]},{"@type":"ImageObject","inLanguage":"fr-FR","@id":"https:\/\/www.myautopartsfactory.com\/product\/auto-parts-nox-sensor-a0101531428-5wk97329a-24v-for-mercedes-benz-truck-actros-mp4#primaryimage","url":"https:\/\/www.myautopartsfactory.com\/wp-content\/uploads\/2025\/02\/4-15.jpg","contentUrl":"https:\/\/www.myautopartsfactory.com\/wp-content\/uploads\/2025\/02\/4-15.jpg","width":800,"height":800},{"@type":"BreadcrumbList","@id":"https:\/\/www.myautopartsfactory.com\/product\/auto-parts-nox-sensor-a0101531428-5wk97329a-24v-for-mercedes-benz-truck-actros-mp4#breadcrumb","itemListElement":[{"@type":"ListItem","position":1,"name":"\u9996\u9875","item":"https:\/\/www.myautopartsfactory.com\/"},{"@type":"ListItem","position":2,"name":"Auto Parts Nox Sensor A0101531428 5WK97329A 24V For Mercedes-Benz Truck Actros MP4"}]},{"@type":"WebSite","@id":"https:\/\/www.myautopartsfactory.com\/#website","url":"https:\/\/www.myautopartsfactory.com\/","name":"YZHIDIANF","description":"Fournisseur unique de pi\u00e8ces d\u00e9tach\u00e9es automobiles","publisher":{"@id":"https:\/\/www.myautopartsfactory.com\/#organization"},"potentialAction":[{"@type":"SearchAction","target":{"@type":"EntryPoint","urlTemplate":"https:\/\/www.myautopartsfactory.com\/?s={search_term_string}"},"query-input":{"@type":"PropertyValueSpecification","valueRequired":true,"valueName":"search_term_string"}}],"inLanguage":"fr-FR"},{"@type":"Organization","@id":"https:\/\/www.myautopartsfactory.com\/#organization","name":"YZHIDIANF","url":"https:\/\/www.myautopartsfactory.com\/","logo":{"@type":"ImageObject","inLanguage":"fr-FR","@id":"https:\/\/www.myautopartsfactory.com\/#\/schema\/logo\/image\/","url":"https:\/\/www.myautopartsfactory.com\/wp-content\/uploads\/2024\/05\/fav.jpg","contentUrl":"https:\/\/www.myautopartsfactory.com\/wp-content\/uploads\/2024\/05\/fav.jpg","width":80,"height":80,"caption":"YZHIDIANF"},"image":{"@id":"https:\/\/www.myautopartsfactory.com\/#\/schema\/logo\/image\/"}}]}},"acf":[],"_links":{"self":[{"href":"https:\/\/www.myautopartsfactory.com\/fr\/wp-json\/wp\/v2\/product\/5013","targetHints":{"allow":["GET"]}}],"collection":[{"href":"https:\/\/www.myautopartsfactory.com\/fr\/wp-json\/wp\/v2\/product"}],"about":[{"href":"https:\/\/www.myautopartsfactory.com\/fr\/wp-json\/wp\/v2\/types\/product"}],"version-history":[{"count":0,"href":"https:\/\/www.myautopartsfactory.com\/fr\/wp-json\/wp\/v2\/product\/5013\/revisions"}],"wp:featuredmedia":[{"embeddable":true,"href":"https:\/\/www.myautopartsfactory.com\/fr\/wp-json\/wp\/v2\/media\/5017"}],"wp:attachment":[{"href":"https:\/\/www.myautopartsfactory.com\/fr\/wp-json\/wp\/v2\/media?parent=5013"}],"wp:term":[{"taxonomy":"product-tag","embeddable":true,"href":"https:\/\/www.myautopartsfactory.com\/fr\/wp-json\/wp\/v2\/product-tag?post=5013"},{"taxonomy":"products","embeddable":true,"href":"https:\/\/www.myautopartsfactory.com\/fr\/wp-json\/wp\/v2\/products?post=5013"},{"taxonomy":"brand","embeddable":true,"href":"https:\/\/www.myautopartsfactory.com\/fr\/wp-json\/wp\/v2\/brand?post=5013"}],"curies":[{"name":"wp","href":"https:\/\/api.w.org\/{rel}","templated":true}]}}