{"id":4838,"date":"2025-02-17T14:09:50","date_gmt":"2025-02-17T06:09:50","guid":{"rendered":"https:\/\/www.myautopartsfactory.com\/?post_type=product&#038;p=4838"},"modified":"2025-02-17T14:09:53","modified_gmt":"2025-02-17T06:09:53","slug":"auto-parts-power-steering-reservoir-53731-sda-a00-53733-sda-a01-53701-sda-a01-for-honda-acura-tank-accord-rl-tl-tsx","status":"publish","type":"product","link":"https:\/\/www.myautopartsfactory.com\/fr\/product\/auto-parts-power-steering-reservoir-53731-sda-a00-53733-sda-a01-53701-sda-a01-for-honda-acura-tank-accord-rl-tl-tsx","title":{"rendered":"Pi\u00e8ces Auto R\u00e9servoir de Direction Assist\u00e9e 53731-SDA-A00 53733-SDA-A01 53701-SDA-A01 Pour Honda Acura Tank Accord RL TL TSX"},"content":{"rendered":"<h2 class=\"wp-block-heading\">Caract\u00e9ristiques et avantages :<\/h2>\n\n\n\n<ul class=\"wp-block-list\">\n<li>Ajustement parfait, installation facile<\/li>\n\n\n\n<li>Fabriqu\u00e9 selon les sp\u00e9cifications de l'usine pour une installation sans probl\u00e8me.<\/li>\n\n\n\n<li>Designed as a direct replacement for your original Power Steering Reservoir Tank, ensuring excellent fitment and performance.<\/li>\n<\/ul>\n\n\n\n<h2 class=\"wp-block-heading\">Caract\u00e9ristiques du produit\uff1a<\/h2>\n\n\n\n<ul class=\"wp-block-list\">\n<li>Fluid level monitoring: The power steering fluid reservoir is equipped with a fluid level sensor or scale to help car owners and maintenance personnel check whether the fluid level is within the normal range.<\/li>\n\n\n\n<li>Filtration function: The power steering fluid reservoir is usually equipped with a filter or filter to filter impurities and dirt in the steering fluid to prevent contaminants from entering other parts of the steering system (such as the steering pump and steering gear).<\/li>\n\n\n\n<li>Heat dissipation function: The steering fluid may overheat during long-term high-load operation or in a high-temperature environment. Overheated hydraulic oil will affect the performance of the steering system. The heat dissipation design of the fluid reservoir can effectively reduce the oil temperature.<\/li>\n<\/ul>","protected":false},"excerpt":{"rendered":"Features &amp; Benefits: Product Features\uff1a","protected":false},"featured_media":4839,"menu_order":0,"template":"","meta":[],"product-tag":[],"products":[112],"brand":[46],"class_list":["post-4838","product","type-product","status-publish","has-post-thumbnail","hentry","products-power-steering-reservoir","brand-honda"],"yoast_head":"<!-- This site is optimized with the Yoast SEO plugin v27.3 - https:\/\/yoast.com\/product\/yoast-seo-wordpress\/ -->\n<title>Auto Parts Power Steering Reservoir 53731-SDA-A00 53733-SDA-A01 53701-SDA-A01 For Honda Acura Tank Accord RL TL TSX - YZHIDIANF<\/title>\n<meta name=\"robots\" content=\"index, follow, max-snippet:-1, max-image-preview:large, max-video-preview:-1\" \/>\n<link rel=\"canonical\" href=\"https:\/\/www.myautopartsfactory.com\/fr\/product\/auto-parts-power-steering-reservoir-53731-sda-a00-53733-sda-a01-53701-sda-a01-for-honda-acura-tank-accord-rl-tl-tsx\/\" \/>\n<meta property=\"og:locale\" content=\"fr_FR\" \/>\n<meta property=\"og:type\" content=\"article\" \/>\n<meta property=\"og:title\" content=\"Auto Parts Power Steering Reservoir 53731-SDA-A00 53733-SDA-A01 53701-SDA-A01 For Honda Acura Tank Accord RL TL TSX - YZHIDIANF\" \/>\n<meta property=\"og:description\" content=\"Features &amp; Benefits: Product Features\uff1a\" \/>\n<meta property=\"og:url\" content=\"https:\/\/www.myautopartsfactory.com\/fr\/product\/auto-parts-power-steering-reservoir-53731-sda-a00-53733-sda-a01-53701-sda-a01-for-honda-acura-tank-accord-rl-tl-tsx\/\" \/>\n<meta property=\"og:site_name\" content=\"YZHIDIANF\" \/>\n<meta property=\"article:modified_time\" content=\"2025-02-17T06:09:53+00:00\" \/>\n<meta property=\"og:image\" content=\"https:\/\/www.myautopartsfactory.com\/wp-content\/uploads\/2025\/02\/1-12.jpg\" \/>\n\t<meta property=\"og:image:width\" content=\"800\" \/>\n\t<meta property=\"og:image:height\" content=\"800\" \/>\n\t<meta property=\"og:image:type\" content=\"image\/jpeg\" \/>\n<meta name=\"twitter:card\" content=\"summary_large_image\" \/>\n<meta name=\"twitter:label1\" content=\"Dur\u00e9e de lecture estim\u00e9e\" \/>\n\t<meta name=\"twitter:data1\" content=\"1 minute\" \/>\n<script type=\"application\/ld+json\" class=\"yoast-schema-graph\">{\"@context\":\"https:\\\/\\\/schema.org\",\"@graph\":[{\"@type\":\"WebPage\",\"@id\":\"https:\\\/\\\/www.myautopartsfactory.com\\\/product\\\/auto-parts-power-steering-reservoir-53731-sda-a00-53733-sda-a01-53701-sda-a01-for-honda-acura-tank-accord-rl-tl-tsx\",\"url\":\"https:\\\/\\\/www.myautopartsfactory.com\\\/product\\\/auto-parts-power-steering-reservoir-53731-sda-a00-53733-sda-a01-53701-sda-a01-for-honda-acura-tank-accord-rl-tl-tsx\",\"name\":\"Auto Parts Power Steering Reservoir 53731-SDA-A00 53733-SDA-A01 53701-SDA-A01 For Honda Acura Tank Accord RL TL TSX - YZHIDIANF\",\"isPartOf\":{\"@id\":\"https:\\\/\\\/www.myautopartsfactory.com\\\/#website\"},\"primaryImageOfPage\":{\"@id\":\"https:\\\/\\\/www.myautopartsfactory.com\\\/product\\\/auto-parts-power-steering-reservoir-53731-sda-a00-53733-sda-a01-53701-sda-a01-for-honda-acura-tank-accord-rl-tl-tsx#primaryimage\"},\"image\":{\"@id\":\"https:\\\/\\\/www.myautopartsfactory.com\\\/product\\\/auto-parts-power-steering-reservoir-53731-sda-a00-53733-sda-a01-53701-sda-a01-for-honda-acura-tank-accord-rl-tl-tsx#primaryimage\"},\"thumbnailUrl\":\"https:\\\/\\\/www.myautopartsfactory.com\\\/wp-content\\\/uploads\\\/2025\\\/02\\\/1-12.jpg\",\"datePublished\":\"2025-02-17T06:09:50+00:00\",\"dateModified\":\"2025-02-17T06:09:53+00:00\",\"breadcrumb\":{\"@id\":\"https:\\\/\\\/www.myautopartsfactory.com\\\/product\\\/auto-parts-power-steering-reservoir-53731-sda-a00-53733-sda-a01-53701-sda-a01-for-honda-acura-tank-accord-rl-tl-tsx#breadcrumb\"},\"inLanguage\":\"fr-FR\",\"potentialAction\":[{\"@type\":\"ReadAction\",\"target\":[\"https:\\\/\\\/www.myautopartsfactory.com\\\/product\\\/auto-parts-power-steering-reservoir-53731-sda-a00-53733-sda-a01-53701-sda-a01-for-honda-acura-tank-accord-rl-tl-tsx\"]}]},{\"@type\":\"ImageObject\",\"inLanguage\":\"fr-FR\",\"@id\":\"https:\\\/\\\/www.myautopartsfactory.com\\\/product\\\/auto-parts-power-steering-reservoir-53731-sda-a00-53733-sda-a01-53701-sda-a01-for-honda-acura-tank-accord-rl-tl-tsx#primaryimage\",\"url\":\"https:\\\/\\\/www.myautopartsfactory.com\\\/wp-content\\\/uploads\\\/2025\\\/02\\\/1-12.jpg\",\"contentUrl\":\"https:\\\/\\\/www.myautopartsfactory.com\\\/wp-content\\\/uploads\\\/2025\\\/02\\\/1-12.jpg\",\"width\":800,\"height\":800},{\"@type\":\"BreadcrumbList\",\"@id\":\"https:\\\/\\\/www.myautopartsfactory.com\\\/product\\\/auto-parts-power-steering-reservoir-53731-sda-a00-53733-sda-a01-53701-sda-a01-for-honda-acura-tank-accord-rl-tl-tsx#breadcrumb\",\"itemListElement\":[{\"@type\":\"ListItem\",\"position\":1,\"name\":\"\u9996\u9875\",\"item\":\"https:\\\/\\\/www.myautopartsfactory.com\\\/\"},{\"@type\":\"ListItem\",\"position\":2,\"name\":\"Auto Parts Power Steering Reservoir 53731-SDA-A00 53733-SDA-A01 53701-SDA-A01 For Honda Acura Tank Accord RL TL TSX\"}]},{\"@type\":\"WebSite\",\"@id\":\"https:\\\/\\\/www.myautopartsfactory.com\\\/#website\",\"url\":\"https:\\\/\\\/www.myautopartsfactory.com\\\/\",\"name\":\"YZHIDIANF\",\"description\":\"One-Stop Auto Parts Supplier\",\"publisher\":{\"@id\":\"https:\\\/\\\/www.myautopartsfactory.com\\\/#organization\"},\"potentialAction\":[{\"@type\":\"SearchAction\",\"target\":{\"@type\":\"EntryPoint\",\"urlTemplate\":\"https:\\\/\\\/www.myautopartsfactory.com\\\/?s={search_term_string}\"},\"query-input\":{\"@type\":\"PropertyValueSpecification\",\"valueRequired\":true,\"valueName\":\"search_term_string\"}}],\"inLanguage\":\"fr-FR\"},{\"@type\":\"Organization\",\"@id\":\"https:\\\/\\\/www.myautopartsfactory.com\\\/#organization\",\"name\":\"YZHIDIANF\",\"url\":\"https:\\\/\\\/www.myautopartsfactory.com\\\/\",\"logo\":{\"@type\":\"ImageObject\",\"inLanguage\":\"fr-FR\",\"@id\":\"https:\\\/\\\/www.myautopartsfactory.com\\\/#\\\/schema\\\/logo\\\/image\\\/\",\"url\":\"https:\\\/\\\/www.myautopartsfactory.com\\\/wp-content\\\/uploads\\\/2024\\\/05\\\/fav.jpg\",\"contentUrl\":\"https:\\\/\\\/www.myautopartsfactory.com\\\/wp-content\\\/uploads\\\/2024\\\/05\\\/fav.jpg\",\"width\":80,\"height\":80,\"caption\":\"YZHIDIANF\"},\"image\":{\"@id\":\"https:\\\/\\\/www.myautopartsfactory.com\\\/#\\\/schema\\\/logo\\\/image\\\/\"}}]}<\/script>\n<!-- \/ Yoast SEO plugin. -->","yoast_head_json":{"title":"Auto Parts Power Steering Reservoir 53731-SDA-A00 53733-SDA-A01 53701-SDA-A01 For Honda Acura Tank Accord RL TL TSX - YZHIDIANF","robots":{"index":"index","follow":"follow","max-snippet":"max-snippet:-1","max-image-preview":"max-image-preview:large","max-video-preview":"max-video-preview:-1"},"canonical":"https:\/\/www.myautopartsfactory.com\/fr\/product\/auto-parts-power-steering-reservoir-53731-sda-a00-53733-sda-a01-53701-sda-a01-for-honda-acura-tank-accord-rl-tl-tsx\/","og_locale":"fr_FR","og_type":"article","og_title":"Auto Parts Power Steering Reservoir 53731-SDA-A00 53733-SDA-A01 53701-SDA-A01 For Honda Acura Tank Accord RL TL TSX - YZHIDIANF","og_description":"Features &amp; Benefits: Product Features\uff1a","og_url":"https:\/\/www.myautopartsfactory.com\/fr\/product\/auto-parts-power-steering-reservoir-53731-sda-a00-53733-sda-a01-53701-sda-a01-for-honda-acura-tank-accord-rl-tl-tsx\/","og_site_name":"YZHIDIANF","article_modified_time":"2025-02-17T06:09:53+00:00","og_image":[{"width":800,"height":800,"url":"https:\/\/www.myautopartsfactory.com\/wp-content\/uploads\/2025\/02\/1-12.jpg","type":"image\/jpeg"}],"twitter_card":"summary_large_image","twitter_misc":{"Dur\u00e9e de lecture estim\u00e9e":"1 minute"},"schema":{"@context":"https:\/\/schema.org","@graph":[{"@type":"WebPage","@id":"https:\/\/www.myautopartsfactory.com\/product\/auto-parts-power-steering-reservoir-53731-sda-a00-53733-sda-a01-53701-sda-a01-for-honda-acura-tank-accord-rl-tl-tsx","url":"https:\/\/www.myautopartsfactory.com\/product\/auto-parts-power-steering-reservoir-53731-sda-a00-53733-sda-a01-53701-sda-a01-for-honda-acura-tank-accord-rl-tl-tsx","name":"Auto Parts Power Steering Reservoir 53731-SDA-A00 53733-SDA-A01 53701-SDA-A01 For Honda Acura Tank Accord RL TL TSX - YZHIDIANF","isPartOf":{"@id":"https:\/\/www.myautopartsfactory.com\/#website"},"primaryImageOfPage":{"@id":"https:\/\/www.myautopartsfactory.com\/product\/auto-parts-power-steering-reservoir-53731-sda-a00-53733-sda-a01-53701-sda-a01-for-honda-acura-tank-accord-rl-tl-tsx#primaryimage"},"image":{"@id":"https:\/\/www.myautopartsfactory.com\/product\/auto-parts-power-steering-reservoir-53731-sda-a00-53733-sda-a01-53701-sda-a01-for-honda-acura-tank-accord-rl-tl-tsx#primaryimage"},"thumbnailUrl":"https:\/\/www.myautopartsfactory.com\/wp-content\/uploads\/2025\/02\/1-12.jpg","datePublished":"2025-02-17T06:09:50+00:00","dateModified":"2025-02-17T06:09:53+00:00","breadcrumb":{"@id":"https:\/\/www.myautopartsfactory.com\/product\/auto-parts-power-steering-reservoir-53731-sda-a00-53733-sda-a01-53701-sda-a01-for-honda-acura-tank-accord-rl-tl-tsx#breadcrumb"},"inLanguage":"fr-FR","potentialAction":[{"@type":"ReadAction","target":["https:\/\/www.myautopartsfactory.com\/product\/auto-parts-power-steering-reservoir-53731-sda-a00-53733-sda-a01-53701-sda-a01-for-honda-acura-tank-accord-rl-tl-tsx"]}]},{"@type":"ImageObject","inLanguage":"fr-FR","@id":"https:\/\/www.myautopartsfactory.com\/product\/auto-parts-power-steering-reservoir-53731-sda-a00-53733-sda-a01-53701-sda-a01-for-honda-acura-tank-accord-rl-tl-tsx#primaryimage","url":"https:\/\/www.myautopartsfactory.com\/wp-content\/uploads\/2025\/02\/1-12.jpg","contentUrl":"https:\/\/www.myautopartsfactory.com\/wp-content\/uploads\/2025\/02\/1-12.jpg","width":800,"height":800},{"@type":"BreadcrumbList","@id":"https:\/\/www.myautopartsfactory.com\/product\/auto-parts-power-steering-reservoir-53731-sda-a00-53733-sda-a01-53701-sda-a01-for-honda-acura-tank-accord-rl-tl-tsx#breadcrumb","itemListElement":[{"@type":"ListItem","position":1,"name":"\u9996\u9875","item":"https:\/\/www.myautopartsfactory.com\/"},{"@type":"ListItem","position":2,"name":"Auto Parts Power Steering Reservoir 53731-SDA-A00 53733-SDA-A01 53701-SDA-A01 For Honda Acura Tank Accord RL TL TSX"}]},{"@type":"WebSite","@id":"https:\/\/www.myautopartsfactory.com\/#website","url":"https:\/\/www.myautopartsfactory.com\/","name":"YZHIDIANF","description":"Fournisseur unique de pi\u00e8ces d\u00e9tach\u00e9es automobiles","publisher":{"@id":"https:\/\/www.myautopartsfactory.com\/#organization"},"potentialAction":[{"@type":"SearchAction","target":{"@type":"EntryPoint","urlTemplate":"https:\/\/www.myautopartsfactory.com\/?s={search_term_string}"},"query-input":{"@type":"PropertyValueSpecification","valueRequired":true,"valueName":"search_term_string"}}],"inLanguage":"fr-FR"},{"@type":"Organization","@id":"https:\/\/www.myautopartsfactory.com\/#organization","name":"YZHIDIANF","url":"https:\/\/www.myautopartsfactory.com\/","logo":{"@type":"ImageObject","inLanguage":"fr-FR","@id":"https:\/\/www.myautopartsfactory.com\/#\/schema\/logo\/image\/","url":"https:\/\/www.myautopartsfactory.com\/wp-content\/uploads\/2024\/05\/fav.jpg","contentUrl":"https:\/\/www.myautopartsfactory.com\/wp-content\/uploads\/2024\/05\/fav.jpg","width":80,"height":80,"caption":"YZHIDIANF"},"image":{"@id":"https:\/\/www.myautopartsfactory.com\/#\/schema\/logo\/image\/"}}]}},"acf":[],"_links":{"self":[{"href":"https:\/\/www.myautopartsfactory.com\/fr\/wp-json\/wp\/v2\/product\/4838","targetHints":{"allow":["GET"]}}],"collection":[{"href":"https:\/\/www.myautopartsfactory.com\/fr\/wp-json\/wp\/v2\/product"}],"about":[{"href":"https:\/\/www.myautopartsfactory.com\/fr\/wp-json\/wp\/v2\/types\/product"}],"version-history":[{"count":0,"href":"https:\/\/www.myautopartsfactory.com\/fr\/wp-json\/wp\/v2\/product\/4838\/revisions"}],"wp:featuredmedia":[{"embeddable":true,"href":"https:\/\/www.myautopartsfactory.com\/fr\/wp-json\/wp\/v2\/media\/4839"}],"wp:attachment":[{"href":"https:\/\/www.myautopartsfactory.com\/fr\/wp-json\/wp\/v2\/media?parent=4838"}],"wp:term":[{"taxonomy":"product-tag","embeddable":true,"href":"https:\/\/www.myautopartsfactory.com\/fr\/wp-json\/wp\/v2\/product-tag?post=4838"},{"taxonomy":"products","embeddable":true,"href":"https:\/\/www.myautopartsfactory.com\/fr\/wp-json\/wp\/v2\/products?post=4838"},{"taxonomy":"brand","embeddable":true,"href":"https:\/\/www.myautopartsfactory.com\/fr\/wp-json\/wp\/v2\/brand?post=4838"}],"curies":[{"name":"wp","href":"https:\/\/api.w.org\/{rel}","templated":true}]}}