{"id":4571,"date":"2025-02-08T11:12:12","date_gmt":"2025-02-08T03:12:12","guid":{"rendered":"https:\/\/www.myautopartsfactory.com\/?post_type=product&#038;p=4571"},"modified":"2025-02-08T11:12:50","modified_gmt":"2025-02-08T03:12:50","slug":"fuel-pump-suction-control-scv-valve-294200-3670-8-98181831-0-for-isuzu-6hk1-hino","status":"publish","type":"product","link":"https:\/\/www.myautopartsfactory.com\/fr\/product\/fuel-pump-suction-control-scv-valve-294200-3670-8-98181831-0-for-isuzu-6hk1-hino","title":{"rendered":"Fuel Pump Suction Control SCV Valve 294200-3670 8-98181831-0 For Isuzu 6HK1 Hino"},"content":{"rendered":"<h2 class=\"wp-block-heading\">Caract\u00e9ristiques et avantages :<\/h2>\n\n\n\n<ul class=\"wp-block-list\">\n<li>Fabriqu\u00e9 selon les sp\u00e9cifications de l'usine pour une installation sans probl\u00e8me.<\/li>\n\n\n\n<li>Ajustement parfait, installation facile<\/li>\n\n\n\n<li>Con\u00e7ue pour remplacer directement la valve de contr\u00f4le d'aspiration d'origine, elle garantit une adaptation et des performances excellentes.<\/li>\n<\/ul>\n\n\n\n<h2 class=\"wp-block-heading\">Caract\u00e9ristiques du produit\uff1a<\/h2>\n\n\n\n<ul class=\"wp-block-list\">\n<li>Pr\u00e9venir la cavitation : La cavitation est un ph\u00e9nom\u00e8ne n\u00e9gatif caus\u00e9 par une faible pression dans un flux de liquide. Il permet de maintenir une certaine pression d'aspiration, de pr\u00e9venir la cavitation et de prot\u00e9ger les pompes et autres \u00e9quipements contre les dommages.<\/li>\n\n\n\n<li>Stabilit\u00e9 de la pression : La soupape SCV garantit que la pompe hydraulique fonctionne dans une plage de pression s\u00fbre en ajustant la pression d'aspiration. Elle peut s'ajuster automatiquement pour \u00e9viter une pression d'aspiration trop basse et assurer le fonctionnement normal de la pompe.<\/li>\n\n\n\n<li>Prot\u00e9ger l'\u00e9quipement : En contr\u00f4lant efficacement la pression d'aspiration, la dur\u00e9e de vie de la pompe hydraulique et des autres \u00e9quipements du syst\u00e8me peut \u00eatre prolong\u00e9e, et les dommages caus\u00e9s par la surcharge ou la cavitation peuvent \u00eatre r\u00e9duits.<\/li>\n<\/ul>","protected":false},"excerpt":{"rendered":"Features &amp; Benefits: Product Features\uff1a","protected":false},"featured_media":4577,"menu_order":0,"template":"","meta":[],"product-tag":[],"products":[125],"brand":[50],"class_list":["post-4571","product","type-product","status-publish","has-post-thumbnail","hentry","products-suction-control-valve","brand-isuzu"],"yoast_head":"<!-- This site is optimized with the Yoast SEO plugin v27.3 - https:\/\/yoast.com\/product\/yoast-seo-wordpress\/ -->\n<title>Fuel Pump Suction Control SCV Valve 294200-3670 8-98181831-0 For Isuzu 6HK1 Hino - YZHIDIANF<\/title>\n<meta name=\"robots\" content=\"index, follow, max-snippet:-1, max-image-preview:large, max-video-preview:-1\" \/>\n<link rel=\"canonical\" href=\"https:\/\/www.myautopartsfactory.com\/fr\/product\/fuel-pump-suction-control-scv-valve-294200-3670-8-98181831-0-for-isuzu-6hk1-hino\/\" \/>\n<meta property=\"og:locale\" content=\"fr_FR\" \/>\n<meta property=\"og:type\" content=\"article\" \/>\n<meta property=\"og:title\" content=\"Fuel Pump Suction Control SCV Valve 294200-3670 8-98181831-0 For Isuzu 6HK1 Hino - YZHIDIANF\" \/>\n<meta property=\"og:description\" content=\"Features &amp; Benefits: Product Features\uff1a\" \/>\n<meta property=\"og:url\" content=\"https:\/\/www.myautopartsfactory.com\/fr\/product\/fuel-pump-suction-control-scv-valve-294200-3670-8-98181831-0-for-isuzu-6hk1-hino\/\" \/>\n<meta property=\"og:site_name\" content=\"YZHIDIANF\" \/>\n<meta property=\"article:modified_time\" content=\"2025-02-08T03:12:50+00:00\" \/>\n<meta property=\"og:image\" content=\"https:\/\/www.myautopartsfactory.com\/wp-content\/uploads\/2025\/02\/294200-3670-6.jpg\" \/>\n\t<meta property=\"og:image:width\" content=\"800\" \/>\n\t<meta property=\"og:image:height\" content=\"800\" \/>\n\t<meta property=\"og:image:type\" content=\"image\/jpeg\" \/>\n<meta name=\"twitter:card\" content=\"summary_large_image\" \/>\n<meta name=\"twitter:label1\" content=\"Dur\u00e9e de lecture estim\u00e9e\" \/>\n\t<meta name=\"twitter:data1\" content=\"1 minute\" \/>\n<script type=\"application\/ld+json\" class=\"yoast-schema-graph\">{\"@context\":\"https:\\\/\\\/schema.org\",\"@graph\":[{\"@type\":\"WebPage\",\"@id\":\"https:\\\/\\\/www.myautopartsfactory.com\\\/product\\\/fuel-pump-suction-control-scv-valve-294200-3670-8-98181831-0-for-isuzu-6hk1-hino\",\"url\":\"https:\\\/\\\/www.myautopartsfactory.com\\\/product\\\/fuel-pump-suction-control-scv-valve-294200-3670-8-98181831-0-for-isuzu-6hk1-hino\",\"name\":\"Fuel Pump Suction Control SCV Valve 294200-3670 8-98181831-0 For Isuzu 6HK1 Hino - YZHIDIANF\",\"isPartOf\":{\"@id\":\"https:\\\/\\\/www.myautopartsfactory.com\\\/#website\"},\"primaryImageOfPage\":{\"@id\":\"https:\\\/\\\/www.myautopartsfactory.com\\\/product\\\/fuel-pump-suction-control-scv-valve-294200-3670-8-98181831-0-for-isuzu-6hk1-hino#primaryimage\"},\"image\":{\"@id\":\"https:\\\/\\\/www.myautopartsfactory.com\\\/product\\\/fuel-pump-suction-control-scv-valve-294200-3670-8-98181831-0-for-isuzu-6hk1-hino#primaryimage\"},\"thumbnailUrl\":\"https:\\\/\\\/www.myautopartsfactory.com\\\/wp-content\\\/uploads\\\/2025\\\/02\\\/294200-3670-6.jpg\",\"datePublished\":\"2025-02-08T03:12:12+00:00\",\"dateModified\":\"2025-02-08T03:12:50+00:00\",\"breadcrumb\":{\"@id\":\"https:\\\/\\\/www.myautopartsfactory.com\\\/product\\\/fuel-pump-suction-control-scv-valve-294200-3670-8-98181831-0-for-isuzu-6hk1-hino#breadcrumb\"},\"inLanguage\":\"fr-FR\",\"potentialAction\":[{\"@type\":\"ReadAction\",\"target\":[\"https:\\\/\\\/www.myautopartsfactory.com\\\/product\\\/fuel-pump-suction-control-scv-valve-294200-3670-8-98181831-0-for-isuzu-6hk1-hino\"]}]},{\"@type\":\"ImageObject\",\"inLanguage\":\"fr-FR\",\"@id\":\"https:\\\/\\\/www.myautopartsfactory.com\\\/product\\\/fuel-pump-suction-control-scv-valve-294200-3670-8-98181831-0-for-isuzu-6hk1-hino#primaryimage\",\"url\":\"https:\\\/\\\/www.myautopartsfactory.com\\\/wp-content\\\/uploads\\\/2025\\\/02\\\/294200-3670-6.jpg\",\"contentUrl\":\"https:\\\/\\\/www.myautopartsfactory.com\\\/wp-content\\\/uploads\\\/2025\\\/02\\\/294200-3670-6.jpg\",\"width\":800,\"height\":800},{\"@type\":\"BreadcrumbList\",\"@id\":\"https:\\\/\\\/www.myautopartsfactory.com\\\/product\\\/fuel-pump-suction-control-scv-valve-294200-3670-8-98181831-0-for-isuzu-6hk1-hino#breadcrumb\",\"itemListElement\":[{\"@type\":\"ListItem\",\"position\":1,\"name\":\"\u9996\u9875\",\"item\":\"https:\\\/\\\/www.myautopartsfactory.com\\\/\"},{\"@type\":\"ListItem\",\"position\":2,\"name\":\"Fuel Pump Suction Control SCV Valve 294200-3670 8-98181831-0 For Isuzu 6HK1 Hino\"}]},{\"@type\":\"WebSite\",\"@id\":\"https:\\\/\\\/www.myautopartsfactory.com\\\/#website\",\"url\":\"https:\\\/\\\/www.myautopartsfactory.com\\\/\",\"name\":\"YZHIDIANF\",\"description\":\"One-Stop Auto Parts Supplier\",\"publisher\":{\"@id\":\"https:\\\/\\\/www.myautopartsfactory.com\\\/#organization\"},\"potentialAction\":[{\"@type\":\"SearchAction\",\"target\":{\"@type\":\"EntryPoint\",\"urlTemplate\":\"https:\\\/\\\/www.myautopartsfactory.com\\\/?s={search_term_string}\"},\"query-input\":{\"@type\":\"PropertyValueSpecification\",\"valueRequired\":true,\"valueName\":\"search_term_string\"}}],\"inLanguage\":\"fr-FR\"},{\"@type\":\"Organization\",\"@id\":\"https:\\\/\\\/www.myautopartsfactory.com\\\/#organization\",\"name\":\"YZHIDIANF\",\"url\":\"https:\\\/\\\/www.myautopartsfactory.com\\\/\",\"logo\":{\"@type\":\"ImageObject\",\"inLanguage\":\"fr-FR\",\"@id\":\"https:\\\/\\\/www.myautopartsfactory.com\\\/#\\\/schema\\\/logo\\\/image\\\/\",\"url\":\"https:\\\/\\\/www.myautopartsfactory.com\\\/wp-content\\\/uploads\\\/2024\\\/05\\\/fav.jpg\",\"contentUrl\":\"https:\\\/\\\/www.myautopartsfactory.com\\\/wp-content\\\/uploads\\\/2024\\\/05\\\/fav.jpg\",\"width\":80,\"height\":80,\"caption\":\"YZHIDIANF\"},\"image\":{\"@id\":\"https:\\\/\\\/www.myautopartsfactory.com\\\/#\\\/schema\\\/logo\\\/image\\\/\"}}]}<\/script>\n<!-- \/ Yoast SEO plugin. -->","yoast_head_json":{"title":"Fuel Pump Suction Control SCV Valve 294200-3670 8-98181831-0 For Isuzu 6HK1 Hino - YZHIDIANF","robots":{"index":"index","follow":"follow","max-snippet":"max-snippet:-1","max-image-preview":"max-image-preview:large","max-video-preview":"max-video-preview:-1"},"canonical":"https:\/\/www.myautopartsfactory.com\/fr\/product\/fuel-pump-suction-control-scv-valve-294200-3670-8-98181831-0-for-isuzu-6hk1-hino\/","og_locale":"fr_FR","og_type":"article","og_title":"Fuel Pump Suction Control SCV Valve 294200-3670 8-98181831-0 For Isuzu 6HK1 Hino - YZHIDIANF","og_description":"Features &amp; Benefits: Product Features\uff1a","og_url":"https:\/\/www.myautopartsfactory.com\/fr\/product\/fuel-pump-suction-control-scv-valve-294200-3670-8-98181831-0-for-isuzu-6hk1-hino\/","og_site_name":"YZHIDIANF","article_modified_time":"2025-02-08T03:12:50+00:00","og_image":[{"width":800,"height":800,"url":"https:\/\/www.myautopartsfactory.com\/wp-content\/uploads\/2025\/02\/294200-3670-6.jpg","type":"image\/jpeg"}],"twitter_card":"summary_large_image","twitter_misc":{"Dur\u00e9e de lecture estim\u00e9e":"1 minute"},"schema":{"@context":"https:\/\/schema.org","@graph":[{"@type":"WebPage","@id":"https:\/\/www.myautopartsfactory.com\/product\/fuel-pump-suction-control-scv-valve-294200-3670-8-98181831-0-for-isuzu-6hk1-hino","url":"https:\/\/www.myautopartsfactory.com\/product\/fuel-pump-suction-control-scv-valve-294200-3670-8-98181831-0-for-isuzu-6hk1-hino","name":"Fuel Pump Suction Control SCV Valve 294200-3670 8-98181831-0 For Isuzu 6HK1 Hino - YZHIDIANF","isPartOf":{"@id":"https:\/\/www.myautopartsfactory.com\/#website"},"primaryImageOfPage":{"@id":"https:\/\/www.myautopartsfactory.com\/product\/fuel-pump-suction-control-scv-valve-294200-3670-8-98181831-0-for-isuzu-6hk1-hino#primaryimage"},"image":{"@id":"https:\/\/www.myautopartsfactory.com\/product\/fuel-pump-suction-control-scv-valve-294200-3670-8-98181831-0-for-isuzu-6hk1-hino#primaryimage"},"thumbnailUrl":"https:\/\/www.myautopartsfactory.com\/wp-content\/uploads\/2025\/02\/294200-3670-6.jpg","datePublished":"2025-02-08T03:12:12+00:00","dateModified":"2025-02-08T03:12:50+00:00","breadcrumb":{"@id":"https:\/\/www.myautopartsfactory.com\/product\/fuel-pump-suction-control-scv-valve-294200-3670-8-98181831-0-for-isuzu-6hk1-hino#breadcrumb"},"inLanguage":"fr-FR","potentialAction":[{"@type":"ReadAction","target":["https:\/\/www.myautopartsfactory.com\/product\/fuel-pump-suction-control-scv-valve-294200-3670-8-98181831-0-for-isuzu-6hk1-hino"]}]},{"@type":"ImageObject","inLanguage":"fr-FR","@id":"https:\/\/www.myautopartsfactory.com\/product\/fuel-pump-suction-control-scv-valve-294200-3670-8-98181831-0-for-isuzu-6hk1-hino#primaryimage","url":"https:\/\/www.myautopartsfactory.com\/wp-content\/uploads\/2025\/02\/294200-3670-6.jpg","contentUrl":"https:\/\/www.myautopartsfactory.com\/wp-content\/uploads\/2025\/02\/294200-3670-6.jpg","width":800,"height":800},{"@type":"BreadcrumbList","@id":"https:\/\/www.myautopartsfactory.com\/product\/fuel-pump-suction-control-scv-valve-294200-3670-8-98181831-0-for-isuzu-6hk1-hino#breadcrumb","itemListElement":[{"@type":"ListItem","position":1,"name":"\u9996\u9875","item":"https:\/\/www.myautopartsfactory.com\/"},{"@type":"ListItem","position":2,"name":"Fuel Pump Suction Control SCV Valve 294200-3670 8-98181831-0 For Isuzu 6HK1 Hino"}]},{"@type":"WebSite","@id":"https:\/\/www.myautopartsfactory.com\/#website","url":"https:\/\/www.myautopartsfactory.com\/","name":"YZHIDIANF","description":"Fournisseur unique de pi\u00e8ces d\u00e9tach\u00e9es automobiles","publisher":{"@id":"https:\/\/www.myautopartsfactory.com\/#organization"},"potentialAction":[{"@type":"SearchAction","target":{"@type":"EntryPoint","urlTemplate":"https:\/\/www.myautopartsfactory.com\/?s={search_term_string}"},"query-input":{"@type":"PropertyValueSpecification","valueRequired":true,"valueName":"search_term_string"}}],"inLanguage":"fr-FR"},{"@type":"Organization","@id":"https:\/\/www.myautopartsfactory.com\/#organization","name":"YZHIDIANF","url":"https:\/\/www.myautopartsfactory.com\/","logo":{"@type":"ImageObject","inLanguage":"fr-FR","@id":"https:\/\/www.myautopartsfactory.com\/#\/schema\/logo\/image\/","url":"https:\/\/www.myautopartsfactory.com\/wp-content\/uploads\/2024\/05\/fav.jpg","contentUrl":"https:\/\/www.myautopartsfactory.com\/wp-content\/uploads\/2024\/05\/fav.jpg","width":80,"height":80,"caption":"YZHIDIANF"},"image":{"@id":"https:\/\/www.myautopartsfactory.com\/#\/schema\/logo\/image\/"}}]}},"acf":[],"_links":{"self":[{"href":"https:\/\/www.myautopartsfactory.com\/fr\/wp-json\/wp\/v2\/product\/4571","targetHints":{"allow":["GET"]}}],"collection":[{"href":"https:\/\/www.myautopartsfactory.com\/fr\/wp-json\/wp\/v2\/product"}],"about":[{"href":"https:\/\/www.myautopartsfactory.com\/fr\/wp-json\/wp\/v2\/types\/product"}],"version-history":[{"count":0,"href":"https:\/\/www.myautopartsfactory.com\/fr\/wp-json\/wp\/v2\/product\/4571\/revisions"}],"wp:featuredmedia":[{"embeddable":true,"href":"https:\/\/www.myautopartsfactory.com\/fr\/wp-json\/wp\/v2\/media\/4577"}],"wp:attachment":[{"href":"https:\/\/www.myautopartsfactory.com\/fr\/wp-json\/wp\/v2\/media?parent=4571"}],"wp:term":[{"taxonomy":"product-tag","embeddable":true,"href":"https:\/\/www.myautopartsfactory.com\/fr\/wp-json\/wp\/v2\/product-tag?post=4571"},{"taxonomy":"products","embeddable":true,"href":"https:\/\/www.myautopartsfactory.com\/fr\/wp-json\/wp\/v2\/products?post=4571"},{"taxonomy":"brand","embeddable":true,"href":"https:\/\/www.myautopartsfactory.com\/fr\/wp-json\/wp\/v2\/brand?post=4571"}],"curies":[{"name":"wp","href":"https:\/\/api.w.org\/{rel}","templated":true}]}}