{"id":4445,"date":"2025-01-06T16:41:46","date_gmt":"2025-01-06T08:41:46","guid":{"rendered":"https:\/\/www.myautopartsfactory.com\/product\/wholesale-car-transmission-vehicle-speed-sensor-5s4916-327024z000-32702-4e815-32702-4z000-sensores-de-auto-for-nissan-sentra-2"},"modified":"2025-01-06T17:23:38","modified_gmt":"2025-01-06T09:23:38","slug":"transmission-vehicle-speed-sensor-5s4916-32702-4e815-32702-4z000-for-nissan-sentra","status":"publish","type":"product","link":"https:\/\/www.myautopartsfactory.com\/fr\/product\/transmission-vehicle-speed-sensor-5s4916-32702-4e815-32702-4z000-for-nissan-sentra","title":{"rendered":"Capteur de vitesse de transmission 5S4916 32702-4E815 32702-4Z000 pour Nissan Sentra"},"content":{"rendered":"<h2 class=\"wp-block-heading\">Introduction au capteur de vitesse du v\u00e9hicule de transmission pour Nissan Sentra<\/h2>\n\n\n\n<p>Le capteur de vitesse de transmission pour Nissan Sentra de Zhenhua Auto Parts Company est un capteur de vitesse de bo\u00eete de vitesses automobile sp\u00e9cialement con\u00e7u pour Nissan Sentra. Il joue un r\u00f4le important dans le processus de conduite du v\u00e9hicule, tout comme le \u201ccapteur de vitesse\u201d du v\u00e9hicule, qui peut surveiller avec pr\u00e9cision la vitesse de l'arbre de sortie de la bo\u00eete de vitesses, la convertir en un signal \u00e9lectrique et la transmettre \u00e0 l'unit\u00e9 de contr\u00f4le \u00e9lectronique (ECU) du v\u00e9hicule. Sur la base de ce signal, l'ECU peut contr\u00f4ler avec pr\u00e9cision le moment du changement de vitesse, ajuster la vitesse du v\u00e9hicule et r\u00e9aliser une croisi\u00e8re \u00e0 vitesse constante, de mani\u00e8re \u00e0 garantir la stabilit\u00e9 des performances de conduite du v\u00e9hicule et un changement de vitesse en douceur, et \u00e0 offrir au conducteur une exp\u00e9rience de conduite confortable et s\u00fbre.<\/p>\n\n\n\n<h2 class=\"wp-block-heading\">Avantages du capteur de vitesse de transmission pour Nissan Sentra<\/h2>\n\n\n\n<h3 class=\"wp-block-heading\">Technologie de d\u00e9tection de haute pr\u00e9cision<\/h3>\n\n\n\n<p>Le principe de d\u00e9tection magn\u00e9to\u00e9lectrique avanc\u00e9 est adopt\u00e9, et les \u00e9l\u00e9ments de d\u00e9tection internes pr\u00e9cis peuvent capter avec pr\u00e9cision les minuscules changements de champ magn\u00e9tique, r\u00e9alisant ainsi un contr\u00f4le de haute pr\u00e9cision de la vitesse du v\u00e9hicule. L'erreur de mesure est tr\u00e8s faible, ce qui permet de fournir des donn\u00e9es pr\u00e9cises sur la vitesse au syst\u00e8me de contr\u00f4le du v\u00e9hicule et d'assurer le fonctionnement pr\u00e9cis des diff\u00e9rentes fonctions de conduite du v\u00e9hicule.<\/p>\n\n\n\n<h3 class=\"wp-block-heading\">Mat\u00e9riaux de haute qualit\u00e9 et ex\u00e9cution exquise<\/h3>\n\n\n\n<p>La coque est fabriqu\u00e9e en plastique technique \u00e0 haute r\u00e9sistance et r\u00e9sistant \u00e0 la corrosion, ce qui prot\u00e8ge efficacement les composants sensibles internes de l'environnement ext\u00e9rieur, tel que l'humidit\u00e9, la poussi\u00e8re et la pollution par l'huile. En m\u00eame temps, la fiche de connexion du capteur adopte une technologie de placage en or, qui pr\u00e9sente une bonne conductivit\u00e9 et une bonne r\u00e9sistance \u00e0 l'oxydation, assure une transmission stable et fiable du signal, et n'est pas sujette \u00e0 un mauvais contact apr\u00e8s une utilisation \u00e0 long terme.<\/p>\n\n\n\n<h3 class=\"wp-block-heading\">Test de compatibilit\u00e9 strict<\/h3>\n\n\n\n<p>Au cours du processus de recherche et de d\u00e9veloppement, des tests de compatibilit\u00e9 \u00e9tendus et approfondis ont \u00e9t\u00e9 r\u00e9alis\u00e9s pour diff\u00e9rents mod\u00e8les et configurations de v\u00e9hicules de la Nissan Sentra. Qu'il s'agisse d'une Sentra classique ou d'une nouvelle Sentra, d'une bo\u00eete de vitesses manuelle ou d'une bo\u00eete de vitesses automatique, ce capteur peut \u00eatre parfaitement adapt\u00e9 pour garantir un fonctionnement pr\u00eat \u00e0 l'emploi apr\u00e8s l'installation, sans processus de d\u00e9bogage compliqu\u00e9.<\/p>\n\n\n\n<h2 class=\"wp-block-heading\">Avantages du capteur de vitesse du v\u00e9hicule de transmission pour Nissan Sentra<\/h2>\n\n\n\n<p>Optimiser l'exp\u00e9rience de conduite : Gr\u00e2ce \u00e0 la surveillance pr\u00e9cise de la vitesse, le moment du changement de vitesse du v\u00e9hicule est plus pr\u00e9cis, ce qui \u00e9vite le sentiment de frustration li\u00e9 au changement de vitesse et rend les processus d'acc\u00e9l\u00e9ration et de d\u00e9c\u00e9l\u00e9ration plus fluides. Lorsque le v\u00e9hicule roule \u00e0 grande vitesse, le r\u00e9gulateur de vitesse peut \u00e9galement maintenir la vitesse programm\u00e9e de mani\u00e8re plus stable, ce qui r\u00e9duit la fatigue du conducteur sur les longues distances.<\/p>\n\n\n\n<h3 class=\"wp-block-heading\">Am\u00e9liorer l'\u00e9conomie de carburant<\/h3>\n\n\n\n<p>Un signal de vitesse pr\u00e9cis permet au moteur et \u00e0 la bo\u00eete de vitesses de fonctionner dans les meilleures conditions, \u00e9vitant ainsi le gaspillage de carburant d\u00fb \u00e0 un changement de vitesse incorrect ou \u00e0 un contr\u00f4le impr\u00e9cis de la vitesse. L'utilisation \u00e0 long terme permet de r\u00e9duire efficacement la consommation de carburant, d'\u00e9conomiser des frais de carburant, mais aussi de respecter le concept de protection de l'environnement et d'\u00e9conomie d'\u00e9nergie.<\/p>\n\n\n\n<h3 class=\"wp-block-heading\">Assurer la s\u00e9curit\u00e9 de la conduite<\/h3>\n\n\n\n<p>Un retour d'information pr\u00e9cis et en temps voulu sur la vitesse est tr\u00e8s important pour le syst\u00e8me de s\u00e9curit\u00e9 du v\u00e9hicule. Par exemple, lors d'un freinage d'urgence ou d'un contr\u00f4le anti-d\u00e9rapage, l'ECU peut r\u00e9agir rapidement en fonction d'informations pr\u00e9cises sur la vitesse, ajuster la r\u00e9partition de la force de freinage et le syst\u00e8me de stabilit\u00e9 du v\u00e9hicule, am\u00e9liorer la stabilit\u00e9 du v\u00e9hicule et la s\u00e9curit\u00e9 du freinage, et r\u00e9duire le risque d'accident.<\/p>\n\n\n\n<h2 class=\"wp-block-heading\">Orientations op\u00e9rationnelles<\/h2>\n\n\n\n<h3 class=\"wp-block-heading\">Pr\u00e9paration<\/h3>\n\n\n\n<p>Avant l'installation, assurez-vous que le v\u00e9hicule est gar\u00e9 en toute s\u00e9curit\u00e9, tirez le frein \u00e0 main, coupez le moteur et d\u00e9connectez l'\u00e9lectrode n\u00e9gative de la batterie du v\u00e9hicule afin d'\u00e9viter tout court-circuit \u00e9lectrique.<\/p>\n\n\n\n<h3 class=\"wp-block-heading\">Trouver la position du capteur d'origine<\/h3>\n\n\n\n<p>Selon le manuel d'entretien du v\u00e9hicule, il faut trouver avec pr\u00e9cision la position du capteur de vitesse du v\u00e9hicule d'origine sur la bo\u00eete de vitesses, g\u00e9n\u00e9ralement pr\u00e8s de l'arbre de sortie de la bo\u00eete de vitesses.<\/p>\n\n\n\n<h3 class=\"wp-block-heading\">D\u00e9monter l'ancien capteur<\/h3>\n\n\n\n<p>Utilisez les outils appropri\u00e9s pour d\u00e9monter soigneusement l'ancien capteur de vitesse et veillez \u00e0 ne pas endommager les composants et les lignes de connexion autour du capteur. Pendant le d\u00e9montage, notez le sens d'installation et le mode de connexion du capteur.<\/p>\n\n\n\n<h3 class=\"wp-block-heading\">Installer un nouveau capteur<\/h3>\n\n\n\n<p>Installez le capteur de vitesse du v\u00e9hicule pour Nissan Sentra sur la bo\u00eete de vitesses dans la direction et la position correctes pour garantir une installation solide. Branchez la fiche du capteur, en veillant \u00e0 ce que le sens d'insertion de la fiche soit correct et \u00e0 ce que la fiche soit compl\u00e8tement ins\u00e9r\u00e9e.<\/p>\n\n\n\n<h3 class=\"wp-block-heading\">Inspection et test<\/h3>\n\n\n\n<p>Apr\u00e8s l'installation, reconnectez le p\u00f4le n\u00e9gatif de la batterie du v\u00e9hicule, d\u00e9marrez le moteur et effectuez un bref essai sur route. Observez si l'affichage de la vitesse sur le tableau de bord du v\u00e9hicule est normal, v\u00e9rifiez si le changement de vitesse du v\u00e9hicule est r\u00e9gulier et si les fonctions telles que le r\u00e9gulateur de vitesse fonctionnent normalement. En cas d'anomalie, arr\u00eatez-vous imm\u00e9diatement pour inspection.<\/p>\n\n\n\n<h2 class=\"wp-block-heading\">FAQ<\/h2>\n\n\n\n<h3 class=\"wp-block-heading\">Performance des produits<\/h3>\n\n\n\n<p><strong>Quel est le niveau de pr\u00e9cision de ce capteur de vitesse de transmission pour Nissan Sentra ?<\/strong><\/p>\n\n\n\n<p>Notre capteur de vitesse de v\u00e9hicule \u00e0 transmission pour Nissan Sentra adopte une technologie de d\u00e9tection avanc\u00e9e avec une haute pr\u00e9cision. Dans des conditions de travail standard, l'erreur de mesure peut \u00eatre contr\u00f4l\u00e9e dans une tr\u00e8s petite plage, ne d\u00e9passant g\u00e9n\u00e9ralement pas 1 km par heure. Cela est d\u00fb \u00e0 la pr\u00e9cision des composants de d\u00e9tection internes et au processus d'\u00e9talonnage strict, qui peuvent capturer avec pr\u00e9cision le changement de vitesse de l'arbre de sortie de la bo\u00eete de vitesses, fournir des donn\u00e9es de vitesse fiables pour le syst\u00e8me de contr\u00f4le du v\u00e9hicule et assurer l'ex\u00e9cution pr\u00e9cise de fonctions telles que le changement de vitesse et le r\u00e9gulateur de vitesse.<\/p>\n\n\n\n<h3 class=\"wp-block-heading\">Compatibilit\u00e9 d'adaptation<\/h3>\n\n\n\n<p><strong>Ma Nissan Sentra est un ancien mod\u00e8le. Apr\u00e8s quelques modifications, ce capteur est-il toujours adapt\u00e9 ?<\/strong><\/p>\n\n\n\n<p>Si votre ancienne Nissan Sentra a \u00e9t\u00e9 modifi\u00e9e de mani\u00e8re routini\u00e8re, par exemple en changeant le moyeu de la roue et la taille du pneu, cela n'affectera pas l'adaptation du capteur en g\u00e9n\u00e9ral, car son principe de surveillance de base reste inchang\u00e9. Cependant, si la bo\u00eete de vitesses a \u00e9t\u00e9 profond\u00e9ment modifi\u00e9e, par exemple pour passer \u00e0 une bo\u00eete de vitesses haute performance, il est recommand\u00e9 de contacter nos techniciens pour fournir des d\u00e9tails sur la modification avant l'achat. Nous \u00e9valuerons la compatibilit\u00e9 en fonction de la situation sp\u00e9cifique et donnerons des suggestions d'adaptation et de r\u00e9glage si n\u00e9cessaire pour assurer le fonctionnement normal du capteur.<\/p>\n\n\n\n<h3 class=\"wp-block-heading\">A propos de l'installation et de l'entretien<\/h3>\n\n\n\n<p><strong>Faut-il entretenir r\u00e9guli\u00e8rement le capteur apr\u00e8s son installation ? De quelle mani\u00e8re ?<\/strong><\/p>\n\n\n\n<p>Apr\u00e8s l'installation, un certain entretien est n\u00e9cessaire. Lors de la conduite quotidienne, il convient de v\u00e9rifier si l'affichage du compteur de vitesse est stable et normal. En cas de fluctuation anormale, cela peut indiquer que le capteur pr\u00e9sente des dangers cach\u00e9s. Tous les 20 000-30 000 km, il est recommand\u00e9 de nettoyer le bouchon du capteur et la zone environnante pour \u00e9viter que la poussi\u00e8re et les taches d'huile ne s'accumulent et n'affectent la conductivit\u00e9. En outre, le capteur peut \u00eatre v\u00e9rifi\u00e9 r\u00e9guli\u00e8rement pour s'assurer qu'il est fermement install\u00e9, afin d'\u00e9viter les d\u00e9placements caus\u00e9s par les vibrations et d'affecter la transmission du signal, et de garantir qu'il est toujours en bon \u00e9tat de fonctionnement.<\/p>","protected":false},"excerpt":{"rendered":"Introduction to Transmission Vehicle Speed Sensor for Nissan Sentra The transmission vehicle speed sensor for Nissan Sentra of Zhenhua Auto Parts Company is a speed sensor of automobile gearbox specially designed for Nissan Sentra. It plays an important role in the driving process of the vehicle, just like the &#8220;speed sensor&#8221; of the vehicle, which [&hellip;]","protected":false},"featured_media":1941,"menu_order":0,"template":"","meta":[],"product-tag":[],"products":[87],"brand":[45],"class_list":["post-4445","product","type-product","status-publish","has-post-thumbnail","hentry","products-transmission-speed-sensor","brand-nissan"],"yoast_head":"<!-- This site is optimized with the Yoast SEO plugin v27.3 - https:\/\/yoast.com\/product\/yoast-seo-wordpress\/ -->\n<title>Transmission Vehicle Speed Sensor 5S4916 32702-4E815 32702-4Z000 for Nissan Sentra - YZHIDIANF<\/title>\n<meta name=\"description\" content=\"The transmission vehicle speed sensor for Nissan Sentra of Zhenhua Auto Parts Company is a speed sensor specially designed for Nissan Sentra.\" \/>\n<meta name=\"robots\" content=\"index, follow, max-snippet:-1, max-image-preview:large, max-video-preview:-1\" \/>\n<link rel=\"canonical\" href=\"https:\/\/www.myautopartsfactory.com\/fr\/product\/transmission-vehicle-speed-sensor-5s4916-32702-4e815-32702-4z000-for-nissan-sentra\/\" \/>\n<meta property=\"og:locale\" content=\"fr_FR\" \/>\n<meta property=\"og:type\" content=\"article\" \/>\n<meta property=\"og:title\" content=\"Transmission Vehicle Speed Sensor 5S4916 32702-4E815 32702-4Z000 for Nissan Sentra - YZHIDIANF\" \/>\n<meta property=\"og:description\" content=\"The transmission vehicle speed sensor for Nissan Sentra of Zhenhua Auto Parts Company is a speed sensor specially designed for Nissan Sentra.\" \/>\n<meta property=\"og:url\" content=\"https:\/\/www.myautopartsfactory.com\/fr\/product\/transmission-vehicle-speed-sensor-5s4916-32702-4e815-32702-4z000-for-nissan-sentra\/\" \/>\n<meta property=\"og:site_name\" content=\"YZHIDIANF\" \/>\n<meta property=\"article:modified_time\" content=\"2025-01-06T09:23:38+00:00\" \/>\n<meta property=\"og:image\" content=\"https:\/\/www.myautopartsfactory.com\/wp-content\/uploads\/2024\/06\/327024Z000-5.jpg\" \/>\n\t<meta property=\"og:image:width\" content=\"800\" \/>\n\t<meta property=\"og:image:height\" content=\"800\" \/>\n\t<meta property=\"og:image:type\" content=\"image\/jpeg\" \/>\n<meta name=\"twitter:card\" content=\"summary_large_image\" \/>\n<meta name=\"twitter:label1\" content=\"Dur\u00e9e de lecture estim\u00e9e\" \/>\n\t<meta name=\"twitter:data1\" content=\"6 minutes\" \/>\n<script type=\"application\/ld+json\" class=\"yoast-schema-graph\">{\"@context\":\"https:\\\/\\\/schema.org\",\"@graph\":[{\"@type\":\"WebPage\",\"@id\":\"https:\\\/\\\/www.myautopartsfactory.com\\\/product\\\/transmission-vehicle-speed-sensor-5s4916-32702-4e815-32702-4z000-for-nissan-sentra\",\"url\":\"https:\\\/\\\/www.myautopartsfactory.com\\\/product\\\/transmission-vehicle-speed-sensor-5s4916-32702-4e815-32702-4z000-for-nissan-sentra\",\"name\":\"Transmission Vehicle Speed Sensor 5S4916 32702-4E815 32702-4Z000 for Nissan Sentra - YZHIDIANF\",\"isPartOf\":{\"@id\":\"https:\\\/\\\/www.myautopartsfactory.com\\\/#website\"},\"primaryImageOfPage\":{\"@id\":\"https:\\\/\\\/www.myautopartsfactory.com\\\/product\\\/transmission-vehicle-speed-sensor-5s4916-32702-4e815-32702-4z000-for-nissan-sentra#primaryimage\"},\"image\":{\"@id\":\"https:\\\/\\\/www.myautopartsfactory.com\\\/product\\\/transmission-vehicle-speed-sensor-5s4916-32702-4e815-32702-4z000-for-nissan-sentra#primaryimage\"},\"thumbnailUrl\":\"https:\\\/\\\/www.myautopartsfactory.com\\\/wp-content\\\/uploads\\\/2024\\\/06\\\/327024Z000-5.jpg\",\"datePublished\":\"2025-01-06T08:41:46+00:00\",\"dateModified\":\"2025-01-06T09:23:38+00:00\",\"description\":\"The transmission vehicle speed sensor for Nissan Sentra of Zhenhua Auto Parts Company is a speed sensor specially designed for Nissan Sentra.\",\"breadcrumb\":{\"@id\":\"https:\\\/\\\/www.myautopartsfactory.com\\\/product\\\/transmission-vehicle-speed-sensor-5s4916-32702-4e815-32702-4z000-for-nissan-sentra#breadcrumb\"},\"inLanguage\":\"fr-FR\",\"potentialAction\":[{\"@type\":\"ReadAction\",\"target\":[\"https:\\\/\\\/www.myautopartsfactory.com\\\/product\\\/transmission-vehicle-speed-sensor-5s4916-32702-4e815-32702-4z000-for-nissan-sentra\"]}]},{\"@type\":\"ImageObject\",\"inLanguage\":\"fr-FR\",\"@id\":\"https:\\\/\\\/www.myautopartsfactory.com\\\/product\\\/transmission-vehicle-speed-sensor-5s4916-32702-4e815-32702-4z000-for-nissan-sentra#primaryimage\",\"url\":\"https:\\\/\\\/www.myautopartsfactory.com\\\/wp-content\\\/uploads\\\/2024\\\/06\\\/327024Z000-5.jpg\",\"contentUrl\":\"https:\\\/\\\/www.myautopartsfactory.com\\\/wp-content\\\/uploads\\\/2024\\\/06\\\/327024Z000-5.jpg\",\"width\":800,\"height\":800,\"caption\":\"Transmission Vehicle Speed Sensor for Nissan Sentra\"},{\"@type\":\"BreadcrumbList\",\"@id\":\"https:\\\/\\\/www.myautopartsfactory.com\\\/product\\\/transmission-vehicle-speed-sensor-5s4916-32702-4e815-32702-4z000-for-nissan-sentra#breadcrumb\",\"itemListElement\":[{\"@type\":\"ListItem\",\"position\":1,\"name\":\"\u9996\u9875\",\"item\":\"https:\\\/\\\/www.myautopartsfactory.com\\\/\"},{\"@type\":\"ListItem\",\"position\":2,\"name\":\"Transmission Vehicle Speed Sensor 5S4916 32702-4E815 32702-4Z000 for Nissan Sentra\"}]},{\"@type\":\"WebSite\",\"@id\":\"https:\\\/\\\/www.myautopartsfactory.com\\\/#website\",\"url\":\"https:\\\/\\\/www.myautopartsfactory.com\\\/\",\"name\":\"YZHIDIANF\",\"description\":\"One-Stop Auto Parts Supplier\",\"publisher\":{\"@id\":\"https:\\\/\\\/www.myautopartsfactory.com\\\/#organization\"},\"potentialAction\":[{\"@type\":\"SearchAction\",\"target\":{\"@type\":\"EntryPoint\",\"urlTemplate\":\"https:\\\/\\\/www.myautopartsfactory.com\\\/?s={search_term_string}\"},\"query-input\":{\"@type\":\"PropertyValueSpecification\",\"valueRequired\":true,\"valueName\":\"search_term_string\"}}],\"inLanguage\":\"fr-FR\"},{\"@type\":\"Organization\",\"@id\":\"https:\\\/\\\/www.myautopartsfactory.com\\\/#organization\",\"name\":\"YZHIDIANF\",\"url\":\"https:\\\/\\\/www.myautopartsfactory.com\\\/\",\"logo\":{\"@type\":\"ImageObject\",\"inLanguage\":\"fr-FR\",\"@id\":\"https:\\\/\\\/www.myautopartsfactory.com\\\/#\\\/schema\\\/logo\\\/image\\\/\",\"url\":\"https:\\\/\\\/www.myautopartsfactory.com\\\/wp-content\\\/uploads\\\/2024\\\/05\\\/fav.jpg\",\"contentUrl\":\"https:\\\/\\\/www.myautopartsfactory.com\\\/wp-content\\\/uploads\\\/2024\\\/05\\\/fav.jpg\",\"width\":80,\"height\":80,\"caption\":\"YZHIDIANF\"},\"image\":{\"@id\":\"https:\\\/\\\/www.myautopartsfactory.com\\\/#\\\/schema\\\/logo\\\/image\\\/\"}}]}<\/script>\n<!-- \/ Yoast SEO plugin. -->","yoast_head_json":{"title":"Capteur de vitesse de transmission 5S4916 32702-4E815 32702-4Z000 pour Nissan Sentra - YZHIDIANF","description":"Le capteur de vitesse de transmission pour Nissan Sentra de Zhenhua Auto Parts Company est un capteur de vitesse sp\u00e9cialement con\u00e7u pour la Nissan Sentra.","robots":{"index":"index","follow":"follow","max-snippet":"max-snippet:-1","max-image-preview":"max-image-preview:large","max-video-preview":"max-video-preview:-1"},"canonical":"https:\/\/www.myautopartsfactory.com\/fr\/product\/transmission-vehicle-speed-sensor-5s4916-32702-4e815-32702-4z000-for-nissan-sentra\/","og_locale":"fr_FR","og_type":"article","og_title":"Transmission Vehicle Speed Sensor 5S4916 32702-4E815 32702-4Z000 for Nissan Sentra - YZHIDIANF","og_description":"The transmission vehicle speed sensor for Nissan Sentra of Zhenhua Auto Parts Company is a speed sensor specially designed for Nissan Sentra.","og_url":"https:\/\/www.myautopartsfactory.com\/fr\/product\/transmission-vehicle-speed-sensor-5s4916-32702-4e815-32702-4z000-for-nissan-sentra\/","og_site_name":"YZHIDIANF","article_modified_time":"2025-01-06T09:23:38+00:00","og_image":[{"width":800,"height":800,"url":"https:\/\/www.myautopartsfactory.com\/wp-content\/uploads\/2024\/06\/327024Z000-5.jpg","type":"image\/jpeg"}],"twitter_card":"summary_large_image","twitter_misc":{"Dur\u00e9e de lecture estim\u00e9e":"6 minutes"},"schema":{"@context":"https:\/\/schema.org","@graph":[{"@type":"WebPage","@id":"https:\/\/www.myautopartsfactory.com\/product\/transmission-vehicle-speed-sensor-5s4916-32702-4e815-32702-4z000-for-nissan-sentra","url":"https:\/\/www.myautopartsfactory.com\/product\/transmission-vehicle-speed-sensor-5s4916-32702-4e815-32702-4z000-for-nissan-sentra","name":"Capteur de vitesse de transmission 5S4916 32702-4E815 32702-4Z000 pour Nissan Sentra - YZHIDIANF","isPartOf":{"@id":"https:\/\/www.myautopartsfactory.com\/#website"},"primaryImageOfPage":{"@id":"https:\/\/www.myautopartsfactory.com\/product\/transmission-vehicle-speed-sensor-5s4916-32702-4e815-32702-4z000-for-nissan-sentra#primaryimage"},"image":{"@id":"https:\/\/www.myautopartsfactory.com\/product\/transmission-vehicle-speed-sensor-5s4916-32702-4e815-32702-4z000-for-nissan-sentra#primaryimage"},"thumbnailUrl":"https:\/\/www.myautopartsfactory.com\/wp-content\/uploads\/2024\/06\/327024Z000-5.jpg","datePublished":"2025-01-06T08:41:46+00:00","dateModified":"2025-01-06T09:23:38+00:00","description":"Le capteur de vitesse de transmission pour Nissan Sentra de Zhenhua Auto Parts Company est un capteur de vitesse sp\u00e9cialement con\u00e7u pour la Nissan Sentra.","breadcrumb":{"@id":"https:\/\/www.myautopartsfactory.com\/product\/transmission-vehicle-speed-sensor-5s4916-32702-4e815-32702-4z000-for-nissan-sentra#breadcrumb"},"inLanguage":"fr-FR","potentialAction":[{"@type":"ReadAction","target":["https:\/\/www.myautopartsfactory.com\/product\/transmission-vehicle-speed-sensor-5s4916-32702-4e815-32702-4z000-for-nissan-sentra"]}]},{"@type":"ImageObject","inLanguage":"fr-FR","@id":"https:\/\/www.myautopartsfactory.com\/product\/transmission-vehicle-speed-sensor-5s4916-32702-4e815-32702-4z000-for-nissan-sentra#primaryimage","url":"https:\/\/www.myautopartsfactory.com\/wp-content\/uploads\/2024\/06\/327024Z000-5.jpg","contentUrl":"https:\/\/www.myautopartsfactory.com\/wp-content\/uploads\/2024\/06\/327024Z000-5.jpg","width":800,"height":800,"caption":"Transmission Vehicle Speed Sensor for Nissan Sentra"},{"@type":"BreadcrumbList","@id":"https:\/\/www.myautopartsfactory.com\/product\/transmission-vehicle-speed-sensor-5s4916-32702-4e815-32702-4z000-for-nissan-sentra#breadcrumb","itemListElement":[{"@type":"ListItem","position":1,"name":"\u9996\u9875","item":"https:\/\/www.myautopartsfactory.com\/"},{"@type":"ListItem","position":2,"name":"Transmission Vehicle Speed Sensor 5S4916 32702-4E815 32702-4Z000 for Nissan Sentra"}]},{"@type":"WebSite","@id":"https:\/\/www.myautopartsfactory.com\/#website","url":"https:\/\/www.myautopartsfactory.com\/","name":"YZHIDIANF","description":"Fournisseur unique de pi\u00e8ces d\u00e9tach\u00e9es automobiles","publisher":{"@id":"https:\/\/www.myautopartsfactory.com\/#organization"},"potentialAction":[{"@type":"SearchAction","target":{"@type":"EntryPoint","urlTemplate":"https:\/\/www.myautopartsfactory.com\/?s={search_term_string}"},"query-input":{"@type":"PropertyValueSpecification","valueRequired":true,"valueName":"search_term_string"}}],"inLanguage":"fr-FR"},{"@type":"Organization","@id":"https:\/\/www.myautopartsfactory.com\/#organization","name":"YZHIDIANF","url":"https:\/\/www.myautopartsfactory.com\/","logo":{"@type":"ImageObject","inLanguage":"fr-FR","@id":"https:\/\/www.myautopartsfactory.com\/#\/schema\/logo\/image\/","url":"https:\/\/www.myautopartsfactory.com\/wp-content\/uploads\/2024\/05\/fav.jpg","contentUrl":"https:\/\/www.myautopartsfactory.com\/wp-content\/uploads\/2024\/05\/fav.jpg","width":80,"height":80,"caption":"YZHIDIANF"},"image":{"@id":"https:\/\/www.myautopartsfactory.com\/#\/schema\/logo\/image\/"}}]}},"acf":[],"_links":{"self":[{"href":"https:\/\/www.myautopartsfactory.com\/fr\/wp-json\/wp\/v2\/product\/4445","targetHints":{"allow":["GET"]}}],"collection":[{"href":"https:\/\/www.myautopartsfactory.com\/fr\/wp-json\/wp\/v2\/product"}],"about":[{"href":"https:\/\/www.myautopartsfactory.com\/fr\/wp-json\/wp\/v2\/types\/product"}],"version-history":[{"count":0,"href":"https:\/\/www.myautopartsfactory.com\/fr\/wp-json\/wp\/v2\/product\/4445\/revisions"}],"wp:featuredmedia":[{"embeddable":true,"href":"https:\/\/www.myautopartsfactory.com\/fr\/wp-json\/wp\/v2\/media\/1941"}],"wp:attachment":[{"href":"https:\/\/www.myautopartsfactory.com\/fr\/wp-json\/wp\/v2\/media?parent=4445"}],"wp:term":[{"taxonomy":"product-tag","embeddable":true,"href":"https:\/\/www.myautopartsfactory.com\/fr\/wp-json\/wp\/v2\/product-tag?post=4445"},{"taxonomy":"products","embeddable":true,"href":"https:\/\/www.myautopartsfactory.com\/fr\/wp-json\/wp\/v2\/products?post=4445"},{"taxonomy":"brand","embeddable":true,"href":"https:\/\/www.myautopartsfactory.com\/fr\/wp-json\/wp\/v2\/brand?post=4445"}],"curies":[{"name":"wp","href":"https:\/\/api.w.org\/{rel}","templated":true}]}}