{"id":4324,"date":"2024-12-26T14:38:39","date_gmt":"2024-12-26T06:38:39","guid":{"rendered":"https:\/\/www.myautopartsfactory.com\/product\/wholesale-auto-engine-coolant-temperature-sensor-89422-0d010-89422-0h010-8942233030-89422-33030-for-toyota-lexus-scion-pontiac-2"},"modified":"2025-01-10T10:04:41","modified_gmt":"2025-01-10T02:04:41","slug":"auto-engine-coolant-temperature-sensor-89422-0d010-89422-0h010-89422-33030-for-toyota-lexus-scion-pontiac","status":"publish","type":"product","link":"https:\/\/www.myautopartsfactory.com\/fr\/product\/auto-engine-coolant-temperature-sensor-89422-0d010-89422-0h010-89422-33030-for-toyota-lexus-scion-pontiac","title":{"rendered":"Capteur de temp\u00e9rature du liquide de refroidissement 89422 0d010 89422 0h010 89422 33030 pour Toyota Lexus Scion Pontiac"},"content":{"rendered":"<h2 class=\"wp-block-heading\">Introduction au capteur de temp\u00e9rature du liquide de refroidissement du moteur<\/h2>\n\n\n\n<p>Le capteur de temp\u00e9rature du liquide de refroidissement du moteur est un produit de base soigneusement d\u00e9velopp\u00e9 et fabriqu\u00e9 par Zhenhua Auto Parts Company. Il est sp\u00e9cialement con\u00e7u pour contr\u00f4ler avec pr\u00e9cision la temp\u00e9rature du liquide de refroidissement du moteur. Dans le processus de fonctionnement de l'automobile, le contr\u00f4le stable de la temp\u00e9rature du liquide de refroidissement du moteur est tr\u00e8s important. Il s'agit en quelque sorte d'un \u201cmoniteur de temp\u00e9rature corporelle\u201d de l'automobile. Il renvoie les donn\u00e9es de temp\u00e9rature du liquide de refroidissement au syst\u00e8me de contr\u00f4le du v\u00e9hicule en temps r\u00e9el pour garantir que le moteur fonctionne toujours dans une plage de temp\u00e9rature appropri\u00e9e, am\u00e9liorant ainsi efficacement les performances du moteur, r\u00e9duisant la consommation de carburant et prolongeant la dur\u00e9e de vie du moteur. Il s'agit d'un composant cl\u00e9 indispensable au fonctionnement stable et efficace des automobiles modernes.<\/p>\n\n\n\n<h2 class=\"wp-block-heading\">Caract\u00e9ristiques du capteur de temp\u00e9rature du liquide de refroidissement du moteur<\/h2>\n\n\n\n<h3 class=\"wp-block-heading\">D\u00e9tection de haute pr\u00e9cision<\/h3>\n\n\n\n<p>La technologie de pointe adopt\u00e9e est celle de la thermistance, qui pr\u00e9sente une sensibilit\u00e9 de d\u00e9tection de la temp\u00e9rature extr\u00eamement \u00e9lev\u00e9e, peut capturer avec pr\u00e9cision le l\u00e9ger changement de temp\u00e9rature du liquide de refroidissement, et l'erreur est contr\u00f4l\u00e9e dans une tr\u00e8s petite plage, fournissant des donn\u00e9es pr\u00e9cises et fiables au syst\u00e8me de contr\u00f4le du v\u00e9hicule et assurant une r\u00e9gulation pr\u00e9cise du moteur.<\/p>\n\n\n\n<h3 class=\"wp-block-heading\">Mat\u00e9riau durable<\/h3>\n\n\n\n<p>La coque est fabriqu\u00e9e en plastique technique \u00e0 haute r\u00e9sistance et \u00e0 la corrosion, et les principaux \u00e9l\u00e9ments de d\u00e9tection \u00e0 l'int\u00e9rieur sont fabriqu\u00e9s en alliage sp\u00e9cial, qui peut r\u00e9sister \u00e0 l'\u00e9rosion \u00e0 long terme du liquide de refroidissement et \u00e0 l'environnement difficile tel que les temp\u00e9ratures \u00e9lev\u00e9es et l'humidit\u00e9 dans le compartiment moteur, assurer un fonctionnement stable \u00e0 long terme et r\u00e9duire la fr\u00e9quence des remplacements.<\/p>\n\n\n\n<h3 class=\"wp-block-heading\">R\u00e9ponse rapide<\/h3>\n\n\n\n<p>La conception optimis\u00e9e de la structure interne permet au capteur de r\u00e9agir tr\u00e8s rapidement aux changements de temp\u00e9rature. Lorsque la temp\u00e9rature du liquide de refroidissement fluctue, il peut transmettre le signal au syst\u00e8me de contr\u00f4le en un instant, ajuster le refroidissement du moteur et d'autres conditions de fonctionnement \u00e0 temps, et \u00e9viter les d\u00e9faillances caus\u00e9es par une temp\u00e9rature incontr\u00f4l\u00e9e.<\/p>\n\n\n\n<h3 class=\"wp-block-heading\">Forte capacit\u00e9 d'adaptation<\/h3>\n\n\n\n<p>&nbsp;Apr\u00e8s des tests et des ajustements stricts, le produit peut s'adapter \u00e0 la plupart des marques et des mod\u00e8les de v\u00e9hicules courants sur le march\u00e9, qu'il s'agisse de voitures, de SUV ou de camionnettes. Il est facile \u00e0 installer et peut s'adapter parfaitement au syst\u00e8me d'origine de la voiture sans modification compliqu\u00e9e.<\/p>\n\n\n\n<h2 class=\"wp-block-heading\">Application<\/h2>\n\n\n\n<p>Il est largement utilis\u00e9 dans le syst\u00e8me de refroidissement du moteur de divers v\u00e9hicules \u00e0 carburant traditionnels, notamment les voitures particuli\u00e8res, les v\u00e9hicules utilitaires, les v\u00e9hicules techniques et les autobus. Par ailleurs, pour certains v\u00e9hicules hybrides, ce capteur joue \u00e9galement un r\u00f4le cl\u00e9 dans la surveillance de la temp\u00e9rature pendant la phase de fonctionnement de leurs moteurs \u00e0 carburant, garantissant ainsi le fonctionnement stable de l'ensemble du syst\u00e8me d'alimentation.<\/p>\n\n\n\n<h2 class=\"wp-block-heading\">Clients cibles<\/h2>\n\n\n\n<p><strong>Usine de fabrication de moteurs principaux d'automobiles : <\/strong>fournir des pi\u00e8ces d'origine fiables pour la R&amp;D et la production de nouvelles voitures, contribuer \u00e0 l'optimisation des performances des v\u00e9hicules et r\u00e9pondre aux exigences \u00e9lev\u00e9es des consommateurs en mati\u00e8re de qualit\u00e9 des v\u00e9hicules.<\/p>\n\n\n\n<p><strong>Atelier de r\u00e9paration d'automobiles 4S :<\/strong> En tant que choix de haute qualit\u00e9 pour la maintenance et le remplacement apr\u00e8s-vente, lorsque le v\u00e9hicule du client pr\u00e9sente des d\u00e9fauts li\u00e9s \u00e0 une temp\u00e9rature anormale du liquide de refroidissement, elle peut rapidement fournir des produits adapt\u00e9s, r\u00e9soudre les probl\u00e8mes \u00e0 temps et am\u00e9liorer la satisfaction du client.<\/p>\n\n\n\n<p><strong>Revendeurs de pi\u00e8ces d\u00e9tach\u00e9es automobiles :<\/strong> un grand nombre d'achats sont utilis\u00e9s pour les stocks et distribu\u00e9s aux ateliers de r\u00e9paration automobile dans tout le pays afin de r\u00e9pondre \u00e0 la demande quotidienne du march\u00e9 des pi\u00e8ces d\u00e9tach\u00e9es automobiles et d'\u00e9largir la carte des activit\u00e9s gr\u00e2ce aux avantages des produits.<\/p>\n\n\n\n<h2 class=\"wp-block-heading\">Maintenance<\/h2>\n\n\n\n<h3 class=\"wp-block-heading\">Inspection r\u00e9guli\u00e8re<\/h3>\n\n\n\n<p>Il est conseill\u00e9 au personnel d'entretien professionnel d'inspecter la ligne de connexion du capteur \u00e0 intervalles r\u00e9guliers (10 000 \u00e0 20 000 kilom\u00e8tres, par exemple) pour s'assurer que la ligne n'est pas endommag\u00e9e ou desserr\u00e9e et que la transmission du signal est normale.<\/p>\n\n\n\n<h3 class=\"wp-block-heading\">Nettoyage et protection<\/h3>\n\n\n\n<p>&nbsp;Lors de l'entretien du v\u00e9hicule, nettoyez la salet\u00e9 \u00e0 la surface du bo\u00eetier du capteur pour \u00e9viter que l'accumulation d'impuret\u00e9s n'affecte la dissipation de la chaleur et les performances de d\u00e9tection, mais n'utilisez pas de produits de nettoyage corrosifs pour \u00e9viter d'endommager le mat\u00e9riau du bo\u00eetier.<\/p>\n\n\n\n<h2 class=\"wp-block-heading\">FAQ<\/h2>\n\n\n\n<h3 class=\"wp-block-heading\">\u00c0 propos de l'adaptation<\/h3>\n\n\n\n<p><strong>Si le v\u00e9hicule est modifi\u00e9, ce capteur peut-il s'adapter normalement ?<\/strong><\/p>\n\n\n\n<p>Si le v\u00e9hicule ne subit que des modifications non li\u00e9es au syst\u00e8me d'alimentation, telles que l'apparence et l'int\u00e9rieur, l'adaptation du capteur n'en sera g\u00e9n\u00e9ralement pas affect\u00e9e. Cependant, si la mise \u00e0 niveau du moteur et le syst\u00e8me de refroidissement sont impliqu\u00e9s, l'environnement de d\u00e9tection de la temp\u00e9rature du v\u00e9hicule d'origine peut \u00eatre modifi\u00e9 et il y a un risque d'adaptation. Dans ce cas, il est recommand\u00e9 de contacter notre \u00e9quipe technique \u00e0 l'avance et de lui communiquer les d\u00e9tails de la modification. Nous vous aiderons dans l'\u00e9valuation et pourrons fournir des solutions personnalis\u00e9es afin de garantir que le capteur fonctionne avec le v\u00e9hicule modifi\u00e9.<\/p>\n\n\n\n<h3 class=\"wp-block-heading\">Sur les probl\u00e8mes de performance et de qualit\u00e9<\/h3>\n\n\n\n<p><strong>Comment garantir la pr\u00e9cision de la mesure de temp\u00e9rature de ce capteur ? Quelle est la cl\u00e9 du fonctionnement du v\u00e9hicule ?<\/strong><\/p>\n\n\n\n<p>Nous utilisons des thermistances de haute pr\u00e9cision et une technologie d'\u00e9talonnage avanc\u00e9e pour garantir que l'erreur de mesure de la temp\u00e9rature du capteur est contr\u00f4l\u00e9e dans les 2\u2103. La mesure pr\u00e9cise de la temp\u00e9rature est la pierre angulaire du fonctionnement efficace du moteur du v\u00e9hicule. Il renvoie la temp\u00e9rature du liquide de refroidissement \u00e0 l'ECU (unit\u00e9 de contr\u00f4le \u00e9lectronique) du v\u00e9hicule en temps r\u00e9el. Sur la base de ces informations, l'ECU r\u00e9gule avec pr\u00e9cision la vitesse du ventilateur de refroidissement et l'ouverture et la fermeture du thermostat, afin de maintenir le moteur \u00e0 la meilleure temp\u00e9rature de fonctionnement, d'\u00e9viter le tirage des cylindres et le cognement caus\u00e9s par la surchauffe, ou la baisse de l'\u00e9conomie de carburant et les \u00e9missions excessives caus\u00e9es par le surrefroidissement, de prolonger la dur\u00e9e de vie du moteur et de r\u00e9duire les co\u00fbts d'entretien.<\/p>\n\n\n\n<h3 class=\"wp-block-heading\">\u00c0 propos du service apr\u00e8s-vente<\/h3>\n\n\n\n<p><strong>Quelles sont les garanties apr\u00e8s-vente pour les achats en gros ?<\/strong><\/p>\n\n\n\n<p>Pour les clients qui ach\u00e8tent en gros, nous fournissons une assistance apr\u00e8s-vente exclusive. Le produit b\u00e9n\u00e9ficie d'une p\u00e9riode de garantie de 2 ans ou de 50 000 kilom\u00e8tres (au premier des deux termes \u00e9chus). En cas de probl\u00e8me de qualit\u00e9 pendant la p\u00e9riode de garantie, il sera remplac\u00e9 gratuitement. Parall\u00e8lement, nous sommes dot\u00e9s d'une \u00e9quipe professionnelle de service apr\u00e8s-vente pour r\u00e9pondre aux consultations techniques \u00e0 tout moment, et nous pouvons fournir une formation \u00e0 l'installation sur site en fonction de vos besoins, afin de garantir que vos techniciens de maintenance ma\u00eetrisent les comp\u00e9tences d'installation et de d\u00e9bogage du produit, de r\u00e9duire les litiges apr\u00e8s-vente et d'am\u00e9liorer la satisfaction de la client\u00e8le.<\/p>","protected":false},"excerpt":{"rendered":"Introduction to Auto Engine Coolant Temperature Sensor Auto engine coolant temperature sensor is a core auto parts product carefully developed and manufactured by Zhenhua Auto Parts Company, which is specially designed for accurately monitoring the temperature of auto engine coolant. In the process of automobile operation, the stable control of engine coolant temperature is very [&hellip;]","protected":false},"featured_media":3770,"menu_order":0,"template":"","meta":[],"product-tag":[],"products":[85],"brand":[32,67],"class_list":["post-4324","product","type-product","status-publish","has-post-thumbnail","hentry","products-coolant-temperature-sensor","brand-toyota","brand-lexus"],"yoast_head":"<!-- This site is optimized with the Yoast SEO plugin v27.3 - https:\/\/yoast.com\/product\/yoast-seo-wordpress\/ -->\n<title>Auto Engine Coolant Temperature Sensor 89422 0d010 89422 0h010 89422 33030 for Toyota Lexus Scion Pontiac - YZHIDIANF<\/title>\n<meta name=\"description\" content=\"Auto Engine Coolant Temperature Sensor has some advantages and can be used for Toyota Lexus Scion Pontiac.\" \/>\n<meta name=\"robots\" content=\"index, follow, max-snippet:-1, max-image-preview:large, max-video-preview:-1\" \/>\n<link rel=\"canonical\" href=\"https:\/\/www.myautopartsfactory.com\/fr\/product\/auto-engine-coolant-temperature-sensor-89422-0d010-89422-0h010-89422-33030-for-toyota-lexus-scion-pontiac\/\" \/>\n<meta property=\"og:locale\" content=\"fr_FR\" \/>\n<meta property=\"og:type\" content=\"article\" \/>\n<meta property=\"og:title\" content=\"Auto Engine Coolant Temperature Sensor 89422 0d010 89422 0h010 89422 33030 for Toyota Lexus Scion Pontiac - YZHIDIANF\" \/>\n<meta property=\"og:description\" content=\"Auto Engine Coolant Temperature Sensor has some advantages and can be used for Toyota Lexus Scion Pontiac.\" \/>\n<meta property=\"og:url\" content=\"https:\/\/www.myautopartsfactory.com\/fr\/product\/auto-engine-coolant-temperature-sensor-89422-0d010-89422-0h010-89422-33030-for-toyota-lexus-scion-pontiac\/\" \/>\n<meta property=\"og:site_name\" content=\"YZHIDIANF\" \/>\n<meta property=\"article:modified_time\" content=\"2025-01-10T02:04:41+00:00\" \/>\n<meta property=\"og:image\" content=\"https:\/\/www.myautopartsfactory.com\/wp-content\/uploads\/2024\/07\/89422-33030-6.jpg\" \/>\n\t<meta property=\"og:image:width\" content=\"800\" \/>\n\t<meta property=\"og:image:height\" content=\"800\" \/>\n\t<meta property=\"og:image:type\" content=\"image\/jpeg\" \/>\n<meta name=\"twitter:card\" content=\"summary_large_image\" \/>\n<meta name=\"twitter:label1\" content=\"Dur\u00e9e de lecture estim\u00e9e\" \/>\n\t<meta name=\"twitter:data1\" content=\"6 minutes\" \/>\n<script type=\"application\/ld+json\" class=\"yoast-schema-graph\">{\"@context\":\"https:\\\/\\\/schema.org\",\"@graph\":[{\"@type\":\"WebPage\",\"@id\":\"https:\\\/\\\/www.myautopartsfactory.com\\\/product\\\/auto-engine-coolant-temperature-sensor-89422-0d010-89422-0h010-89422-33030-for-toyota-lexus-scion-pontiac\",\"url\":\"https:\\\/\\\/www.myautopartsfactory.com\\\/product\\\/auto-engine-coolant-temperature-sensor-89422-0d010-89422-0h010-89422-33030-for-toyota-lexus-scion-pontiac\",\"name\":\"Auto Engine Coolant Temperature Sensor 89422 0d010 89422 0h010 89422 33030 for Toyota Lexus Scion Pontiac - YZHIDIANF\",\"isPartOf\":{\"@id\":\"https:\\\/\\\/www.myautopartsfactory.com\\\/#website\"},\"primaryImageOfPage\":{\"@id\":\"https:\\\/\\\/www.myautopartsfactory.com\\\/product\\\/auto-engine-coolant-temperature-sensor-89422-0d010-89422-0h010-89422-33030-for-toyota-lexus-scion-pontiac#primaryimage\"},\"image\":{\"@id\":\"https:\\\/\\\/www.myautopartsfactory.com\\\/product\\\/auto-engine-coolant-temperature-sensor-89422-0d010-89422-0h010-89422-33030-for-toyota-lexus-scion-pontiac#primaryimage\"},\"thumbnailUrl\":\"https:\\\/\\\/www.myautopartsfactory.com\\\/wp-content\\\/uploads\\\/2024\\\/07\\\/89422-33030-6.jpg\",\"datePublished\":\"2024-12-26T06:38:39+00:00\",\"dateModified\":\"2025-01-10T02:04:41+00:00\",\"description\":\"Auto Engine Coolant Temperature Sensor has some advantages and can be used for Toyota Lexus Scion Pontiac.\",\"breadcrumb\":{\"@id\":\"https:\\\/\\\/www.myautopartsfactory.com\\\/product\\\/auto-engine-coolant-temperature-sensor-89422-0d010-89422-0h010-89422-33030-for-toyota-lexus-scion-pontiac#breadcrumb\"},\"inLanguage\":\"fr-FR\",\"potentialAction\":[{\"@type\":\"ReadAction\",\"target\":[\"https:\\\/\\\/www.myautopartsfactory.com\\\/product\\\/auto-engine-coolant-temperature-sensor-89422-0d010-89422-0h010-89422-33030-for-toyota-lexus-scion-pontiac\"]}]},{\"@type\":\"ImageObject\",\"inLanguage\":\"fr-FR\",\"@id\":\"https:\\\/\\\/www.myautopartsfactory.com\\\/product\\\/auto-engine-coolant-temperature-sensor-89422-0d010-89422-0h010-89422-33030-for-toyota-lexus-scion-pontiac#primaryimage\",\"url\":\"https:\\\/\\\/www.myautopartsfactory.com\\\/wp-content\\\/uploads\\\/2024\\\/07\\\/89422-33030-6.jpg\",\"contentUrl\":\"https:\\\/\\\/www.myautopartsfactory.com\\\/wp-content\\\/uploads\\\/2024\\\/07\\\/89422-33030-6.jpg\",\"width\":800,\"height\":800,\"caption\":\"Auto Engine Coolant Temperature Sensor For Toyota Lexus Scion Pontiac\"},{\"@type\":\"BreadcrumbList\",\"@id\":\"https:\\\/\\\/www.myautopartsfactory.com\\\/product\\\/auto-engine-coolant-temperature-sensor-89422-0d010-89422-0h010-89422-33030-for-toyota-lexus-scion-pontiac#breadcrumb\",\"itemListElement\":[{\"@type\":\"ListItem\",\"position\":1,\"name\":\"\u9996\u9875\",\"item\":\"https:\\\/\\\/www.myautopartsfactory.com\\\/\"},{\"@type\":\"ListItem\",\"position\":2,\"name\":\"Auto Engine Coolant Temperature Sensor 89422 0d010 89422 0h010 89422 33030 for Toyota Lexus Scion Pontiac\"}]},{\"@type\":\"WebSite\",\"@id\":\"https:\\\/\\\/www.myautopartsfactory.com\\\/#website\",\"url\":\"https:\\\/\\\/www.myautopartsfactory.com\\\/\",\"name\":\"YZHIDIANF\",\"description\":\"One-Stop Auto Parts Supplier\",\"publisher\":{\"@id\":\"https:\\\/\\\/www.myautopartsfactory.com\\\/#organization\"},\"potentialAction\":[{\"@type\":\"SearchAction\",\"target\":{\"@type\":\"EntryPoint\",\"urlTemplate\":\"https:\\\/\\\/www.myautopartsfactory.com\\\/?s={search_term_string}\"},\"query-input\":{\"@type\":\"PropertyValueSpecification\",\"valueRequired\":true,\"valueName\":\"search_term_string\"}}],\"inLanguage\":\"fr-FR\"},{\"@type\":\"Organization\",\"@id\":\"https:\\\/\\\/www.myautopartsfactory.com\\\/#organization\",\"name\":\"YZHIDIANF\",\"url\":\"https:\\\/\\\/www.myautopartsfactory.com\\\/\",\"logo\":{\"@type\":\"ImageObject\",\"inLanguage\":\"fr-FR\",\"@id\":\"https:\\\/\\\/www.myautopartsfactory.com\\\/#\\\/schema\\\/logo\\\/image\\\/\",\"url\":\"https:\\\/\\\/www.myautopartsfactory.com\\\/wp-content\\\/uploads\\\/2024\\\/05\\\/fav.jpg\",\"contentUrl\":\"https:\\\/\\\/www.myautopartsfactory.com\\\/wp-content\\\/uploads\\\/2024\\\/05\\\/fav.jpg\",\"width\":80,\"height\":80,\"caption\":\"YZHIDIANF\"},\"image\":{\"@id\":\"https:\\\/\\\/www.myautopartsfactory.com\\\/#\\\/schema\\\/logo\\\/image\\\/\"}}]}<\/script>\n<!-- \/ Yoast SEO plugin. -->","yoast_head_json":{"title":"Capteur de temp\u00e9rature du liquide de refroidissement 89422 0d010 89422 0h010 89422 33030 pour Toyota Lexus Scion Pontiac - YZHIDIANF","description":"Le capteur de temp\u00e9rature du liquide de refroidissement du moteur a quelques avantages et peut \u00eatre utilis\u00e9 pour Toyota Lexus Scion Pontiac.","robots":{"index":"index","follow":"follow","max-snippet":"max-snippet:-1","max-image-preview":"max-image-preview:large","max-video-preview":"max-video-preview:-1"},"canonical":"https:\/\/www.myautopartsfactory.com\/fr\/product\/auto-engine-coolant-temperature-sensor-89422-0d010-89422-0h010-89422-33030-for-toyota-lexus-scion-pontiac\/","og_locale":"fr_FR","og_type":"article","og_title":"Auto Engine Coolant Temperature Sensor 89422 0d010 89422 0h010 89422 33030 for Toyota Lexus Scion Pontiac - YZHIDIANF","og_description":"Auto Engine Coolant Temperature Sensor has some advantages and can be used for Toyota Lexus Scion Pontiac.","og_url":"https:\/\/www.myautopartsfactory.com\/fr\/product\/auto-engine-coolant-temperature-sensor-89422-0d010-89422-0h010-89422-33030-for-toyota-lexus-scion-pontiac\/","og_site_name":"YZHIDIANF","article_modified_time":"2025-01-10T02:04:41+00:00","og_image":[{"width":800,"height":800,"url":"https:\/\/www.myautopartsfactory.com\/wp-content\/uploads\/2024\/07\/89422-33030-6.jpg","type":"image\/jpeg"}],"twitter_card":"summary_large_image","twitter_misc":{"Dur\u00e9e de lecture estim\u00e9e":"6 minutes"},"schema":{"@context":"https:\/\/schema.org","@graph":[{"@type":"WebPage","@id":"https:\/\/www.myautopartsfactory.com\/product\/auto-engine-coolant-temperature-sensor-89422-0d010-89422-0h010-89422-33030-for-toyota-lexus-scion-pontiac","url":"https:\/\/www.myautopartsfactory.com\/product\/auto-engine-coolant-temperature-sensor-89422-0d010-89422-0h010-89422-33030-for-toyota-lexus-scion-pontiac","name":"Capteur de temp\u00e9rature du liquide de refroidissement 89422 0d010 89422 0h010 89422 33030 pour Toyota Lexus Scion Pontiac - YZHIDIANF","isPartOf":{"@id":"https:\/\/www.myautopartsfactory.com\/#website"},"primaryImageOfPage":{"@id":"https:\/\/www.myautopartsfactory.com\/product\/auto-engine-coolant-temperature-sensor-89422-0d010-89422-0h010-89422-33030-for-toyota-lexus-scion-pontiac#primaryimage"},"image":{"@id":"https:\/\/www.myautopartsfactory.com\/product\/auto-engine-coolant-temperature-sensor-89422-0d010-89422-0h010-89422-33030-for-toyota-lexus-scion-pontiac#primaryimage"},"thumbnailUrl":"https:\/\/www.myautopartsfactory.com\/wp-content\/uploads\/2024\/07\/89422-33030-6.jpg","datePublished":"2024-12-26T06:38:39+00:00","dateModified":"2025-01-10T02:04:41+00:00","description":"Le capteur de temp\u00e9rature du liquide de refroidissement du moteur a quelques avantages et peut \u00eatre utilis\u00e9 pour Toyota Lexus Scion Pontiac.","breadcrumb":{"@id":"https:\/\/www.myautopartsfactory.com\/product\/auto-engine-coolant-temperature-sensor-89422-0d010-89422-0h010-89422-33030-for-toyota-lexus-scion-pontiac#breadcrumb"},"inLanguage":"fr-FR","potentialAction":[{"@type":"ReadAction","target":["https:\/\/www.myautopartsfactory.com\/product\/auto-engine-coolant-temperature-sensor-89422-0d010-89422-0h010-89422-33030-for-toyota-lexus-scion-pontiac"]}]},{"@type":"ImageObject","inLanguage":"fr-FR","@id":"https:\/\/www.myautopartsfactory.com\/product\/auto-engine-coolant-temperature-sensor-89422-0d010-89422-0h010-89422-33030-for-toyota-lexus-scion-pontiac#primaryimage","url":"https:\/\/www.myautopartsfactory.com\/wp-content\/uploads\/2024\/07\/89422-33030-6.jpg","contentUrl":"https:\/\/www.myautopartsfactory.com\/wp-content\/uploads\/2024\/07\/89422-33030-6.jpg","width":800,"height":800,"caption":"Auto Engine Coolant Temperature Sensor For Toyota Lexus Scion Pontiac"},{"@type":"BreadcrumbList","@id":"https:\/\/www.myautopartsfactory.com\/product\/auto-engine-coolant-temperature-sensor-89422-0d010-89422-0h010-89422-33030-for-toyota-lexus-scion-pontiac#breadcrumb","itemListElement":[{"@type":"ListItem","position":1,"name":"\u9996\u9875","item":"https:\/\/www.myautopartsfactory.com\/"},{"@type":"ListItem","position":2,"name":"Auto Engine Coolant Temperature Sensor 89422 0d010 89422 0h010 89422 33030 for Toyota Lexus Scion Pontiac"}]},{"@type":"WebSite","@id":"https:\/\/www.myautopartsfactory.com\/#website","url":"https:\/\/www.myautopartsfactory.com\/","name":"YZHIDIANF","description":"Fournisseur unique de pi\u00e8ces d\u00e9tach\u00e9es automobiles","publisher":{"@id":"https:\/\/www.myautopartsfactory.com\/#organization"},"potentialAction":[{"@type":"SearchAction","target":{"@type":"EntryPoint","urlTemplate":"https:\/\/www.myautopartsfactory.com\/?s={search_term_string}"},"query-input":{"@type":"PropertyValueSpecification","valueRequired":true,"valueName":"search_term_string"}}],"inLanguage":"fr-FR"},{"@type":"Organization","@id":"https:\/\/www.myautopartsfactory.com\/#organization","name":"YZHIDIANF","url":"https:\/\/www.myautopartsfactory.com\/","logo":{"@type":"ImageObject","inLanguage":"fr-FR","@id":"https:\/\/www.myautopartsfactory.com\/#\/schema\/logo\/image\/","url":"https:\/\/www.myautopartsfactory.com\/wp-content\/uploads\/2024\/05\/fav.jpg","contentUrl":"https:\/\/www.myautopartsfactory.com\/wp-content\/uploads\/2024\/05\/fav.jpg","width":80,"height":80,"caption":"YZHIDIANF"},"image":{"@id":"https:\/\/www.myautopartsfactory.com\/#\/schema\/logo\/image\/"}}]}},"acf":[],"_links":{"self":[{"href":"https:\/\/www.myautopartsfactory.com\/fr\/wp-json\/wp\/v2\/product\/4324","targetHints":{"allow":["GET"]}}],"collection":[{"href":"https:\/\/www.myautopartsfactory.com\/fr\/wp-json\/wp\/v2\/product"}],"about":[{"href":"https:\/\/www.myautopartsfactory.com\/fr\/wp-json\/wp\/v2\/types\/product"}],"version-history":[{"count":0,"href":"https:\/\/www.myautopartsfactory.com\/fr\/wp-json\/wp\/v2\/product\/4324\/revisions"}],"wp:featuredmedia":[{"embeddable":true,"href":"https:\/\/www.myautopartsfactory.com\/fr\/wp-json\/wp\/v2\/media\/3770"}],"wp:attachment":[{"href":"https:\/\/www.myautopartsfactory.com\/fr\/wp-json\/wp\/v2\/media?parent=4324"}],"wp:term":[{"taxonomy":"product-tag","embeddable":true,"href":"https:\/\/www.myautopartsfactory.com\/fr\/wp-json\/wp\/v2\/product-tag?post=4324"},{"taxonomy":"products","embeddable":true,"href":"https:\/\/www.myautopartsfactory.com\/fr\/wp-json\/wp\/v2\/products?post=4324"},{"taxonomy":"brand","embeddable":true,"href":"https:\/\/www.myautopartsfactory.com\/fr\/wp-json\/wp\/v2\/brand?post=4324"}],"curies":[{"name":"wp","href":"https:\/\/api.w.org\/{rel}","templated":true}]}}