{"id":4152,"date":"2024-07-30T15:12:01","date_gmt":"2024-07-30T07:12:01","guid":{"rendered":"https:\/\/www.myautopartsfactory.com\/?post_type=product&#038;p=4152"},"modified":"2024-07-30T15:12:03","modified_gmt":"2024-07-30T07:12:03","slug":"wholesale-auto-steering-angle-sensor-8924b-0d020-89245-0k020-for-toyota-hilux-revo-for-tuner-2016","status":"publish","type":"product","link":"https:\/\/www.myautopartsfactory.com\/fr\/product\/wholesale-auto-steering-angle-sensor-8924b-0d020-89245-0k020-for-toyota-hilux-revo-for-tuner-2016","title":{"rendered":"Wholesale Auto Steering Angle Sensor 8924B-0D020 89245-0K020 For Toyota Hilux Revo For Tuner 2016"},"content":{"rendered":"<h2 class=\"wp-block-heading\">Caract\u00e9ristiques et avantages :<\/h2>\n\n\n\n<ul class=\"wp-block-list\">\n<li>Fabriqu\u00e9 selon les sp\u00e9cifications de l'usine pour une installation sans probl\u00e8me.<\/li>\n\n\n\n<li>Ajustement parfait, installation facile<\/li>\n\n\n\n<li>Con\u00e7u pour remplacer directement le capteur d'angle de braquage d'origine, il garantit une adaptation et des performances excellentes.<\/li>\n<\/ul>\n\n\n\n<h2 class=\"wp-block-heading\">Caract\u00e9ristiques du produit\uff1a<\/h2>\n\n\n\n<ul class=\"wp-block-list\">\n<li>Pr\u00e9cision : La pr\u00e9cision d\u00e9pend de la r\u00e9solution et de la marge d'erreur du capteur, g\u00e9n\u00e9ralement exprim\u00e9e en degr\u00e9s ou en radians.<\/li>\n\n\n\n<li>Temps de r\u00e9ponse : Gr\u00e2ce \u00e0 son temps de r\u00e9ponse rapide, il peut surveiller les changements d'angle des objets en temps r\u00e9el et fournir un retour d'information.<\/li>\n\n\n\n<li>Int\u00e9gration : Avec une sortie num\u00e9rique ou une interface avec d'autres capteurs et syst\u00e8mes, il peut \u00eatre facilement int\u00e9gr\u00e9 dans des syst\u00e8mes de contr\u00f4le complexes.<\/li>\n<\/ul>","protected":false},"excerpt":{"rendered":"Features &amp; Benefits: Product Features\uff1a","protected":false},"featured_media":4158,"menu_order":0,"template":"","meta":[],"product-tag":[],"products":[135],"brand":[32],"class_list":["post-4152","product","type-product","status-publish","has-post-thumbnail","hentry","products-steering-angle-sensor","brand-toyota"],"yoast_head":"<!-- This site is optimized with the Yoast SEO plugin v27.3 - https:\/\/yoast.com\/product\/yoast-seo-wordpress\/ -->\n<title>Wholesale Auto Steering Angle Sensor 8924B-0D020 89245-0K020 For Toyota Hilux Revo For Tuner 2016 - YZHIDIANF<\/title>\n<meta name=\"robots\" content=\"index, follow, max-snippet:-1, max-image-preview:large, max-video-preview:-1\" \/>\n<link rel=\"canonical\" href=\"https:\/\/www.myautopartsfactory.com\/fr\/product\/wholesale-auto-steering-angle-sensor-8924b-0d020-89245-0k020-for-toyota-hilux-revo-for-tuner-2016\/\" \/>\n<meta property=\"og:locale\" content=\"fr_FR\" \/>\n<meta property=\"og:type\" content=\"article\" \/>\n<meta property=\"og:title\" content=\"Wholesale Auto Steering Angle Sensor 8924B-0D020 89245-0K020 For Toyota Hilux Revo For Tuner 2016 - YZHIDIANF\" \/>\n<meta property=\"og:description\" content=\"Features &amp; Benefits: Product Features\uff1a\" \/>\n<meta property=\"og:url\" content=\"https:\/\/www.myautopartsfactory.com\/fr\/product\/wholesale-auto-steering-angle-sensor-8924b-0d020-89245-0k020-for-toyota-hilux-revo-for-tuner-2016\/\" \/>\n<meta property=\"og:site_name\" content=\"YZHIDIANF\" \/>\n<meta property=\"article:modified_time\" content=\"2024-07-30T07:12:03+00:00\" \/>\n<meta property=\"og:image\" content=\"https:\/\/www.myautopartsfactory.com\/wp-content\/uploads\/2024\/07\/8924B-0D020-6.jpg\" \/>\n\t<meta property=\"og:image:width\" content=\"800\" \/>\n\t<meta property=\"og:image:height\" content=\"800\" \/>\n\t<meta property=\"og:image:type\" content=\"image\/jpeg\" \/>\n<meta name=\"twitter:card\" content=\"summary_large_image\" \/>\n<meta name=\"twitter:label1\" content=\"Dur\u00e9e de lecture estim\u00e9e\" \/>\n\t<meta name=\"twitter:data1\" content=\"1 minute\" \/>\n<script type=\"application\/ld+json\" class=\"yoast-schema-graph\">{\"@context\":\"https:\\\/\\\/schema.org\",\"@graph\":[{\"@type\":\"WebPage\",\"@id\":\"https:\\\/\\\/www.myautopartsfactory.com\\\/product\\\/wholesale-auto-steering-angle-sensor-8924b-0d020-89245-0k020-for-toyota-hilux-revo-for-tuner-2016\",\"url\":\"https:\\\/\\\/www.myautopartsfactory.com\\\/product\\\/wholesale-auto-steering-angle-sensor-8924b-0d020-89245-0k020-for-toyota-hilux-revo-for-tuner-2016\",\"name\":\"Wholesale Auto Steering Angle Sensor 8924B-0D020 89245-0K020 For Toyota Hilux Revo For Tuner 2016 - YZHIDIANF\",\"isPartOf\":{\"@id\":\"https:\\\/\\\/www.myautopartsfactory.com\\\/#website\"},\"primaryImageOfPage\":{\"@id\":\"https:\\\/\\\/www.myautopartsfactory.com\\\/product\\\/wholesale-auto-steering-angle-sensor-8924b-0d020-89245-0k020-for-toyota-hilux-revo-for-tuner-2016#primaryimage\"},\"image\":{\"@id\":\"https:\\\/\\\/www.myautopartsfactory.com\\\/product\\\/wholesale-auto-steering-angle-sensor-8924b-0d020-89245-0k020-for-toyota-hilux-revo-for-tuner-2016#primaryimage\"},\"thumbnailUrl\":\"https:\\\/\\\/www.myautopartsfactory.com\\\/wp-content\\\/uploads\\\/2024\\\/07\\\/8924B-0D020-6.jpg\",\"datePublished\":\"2024-07-30T07:12:01+00:00\",\"dateModified\":\"2024-07-30T07:12:03+00:00\",\"breadcrumb\":{\"@id\":\"https:\\\/\\\/www.myautopartsfactory.com\\\/product\\\/wholesale-auto-steering-angle-sensor-8924b-0d020-89245-0k020-for-toyota-hilux-revo-for-tuner-2016#breadcrumb\"},\"inLanguage\":\"fr-FR\",\"potentialAction\":[{\"@type\":\"ReadAction\",\"target\":[\"https:\\\/\\\/www.myautopartsfactory.com\\\/product\\\/wholesale-auto-steering-angle-sensor-8924b-0d020-89245-0k020-for-toyota-hilux-revo-for-tuner-2016\"]}]},{\"@type\":\"ImageObject\",\"inLanguage\":\"fr-FR\",\"@id\":\"https:\\\/\\\/www.myautopartsfactory.com\\\/product\\\/wholesale-auto-steering-angle-sensor-8924b-0d020-89245-0k020-for-toyota-hilux-revo-for-tuner-2016#primaryimage\",\"url\":\"https:\\\/\\\/www.myautopartsfactory.com\\\/wp-content\\\/uploads\\\/2024\\\/07\\\/8924B-0D020-6.jpg\",\"contentUrl\":\"https:\\\/\\\/www.myautopartsfactory.com\\\/wp-content\\\/uploads\\\/2024\\\/07\\\/8924B-0D020-6.jpg\",\"width\":800,\"height\":800,\"caption\":\"8924B-0D020\"},{\"@type\":\"BreadcrumbList\",\"@id\":\"https:\\\/\\\/www.myautopartsfactory.com\\\/product\\\/wholesale-auto-steering-angle-sensor-8924b-0d020-89245-0k020-for-toyota-hilux-revo-for-tuner-2016#breadcrumb\",\"itemListElement\":[{\"@type\":\"ListItem\",\"position\":1,\"name\":\"\u9996\u9875\",\"item\":\"https:\\\/\\\/www.myautopartsfactory.com\\\/\"},{\"@type\":\"ListItem\",\"position\":2,\"name\":\"Wholesale Auto Steering Angle Sensor 8924B-0D020 89245-0K020 For Toyota Hilux Revo For Tuner 2016\"}]},{\"@type\":\"WebSite\",\"@id\":\"https:\\\/\\\/www.myautopartsfactory.com\\\/#website\",\"url\":\"https:\\\/\\\/www.myautopartsfactory.com\\\/\",\"name\":\"YZHIDIANF\",\"description\":\"One-Stop Auto Parts Supplier\",\"publisher\":{\"@id\":\"https:\\\/\\\/www.myautopartsfactory.com\\\/#organization\"},\"potentialAction\":[{\"@type\":\"SearchAction\",\"target\":{\"@type\":\"EntryPoint\",\"urlTemplate\":\"https:\\\/\\\/www.myautopartsfactory.com\\\/?s={search_term_string}\"},\"query-input\":{\"@type\":\"PropertyValueSpecification\",\"valueRequired\":true,\"valueName\":\"search_term_string\"}}],\"inLanguage\":\"fr-FR\"},{\"@type\":\"Organization\",\"@id\":\"https:\\\/\\\/www.myautopartsfactory.com\\\/#organization\",\"name\":\"YZHIDIANF\",\"url\":\"https:\\\/\\\/www.myautopartsfactory.com\\\/\",\"logo\":{\"@type\":\"ImageObject\",\"inLanguage\":\"fr-FR\",\"@id\":\"https:\\\/\\\/www.myautopartsfactory.com\\\/#\\\/schema\\\/logo\\\/image\\\/\",\"url\":\"https:\\\/\\\/www.myautopartsfactory.com\\\/wp-content\\\/uploads\\\/2024\\\/05\\\/fav.jpg\",\"contentUrl\":\"https:\\\/\\\/www.myautopartsfactory.com\\\/wp-content\\\/uploads\\\/2024\\\/05\\\/fav.jpg\",\"width\":80,\"height\":80,\"caption\":\"YZHIDIANF\"},\"image\":{\"@id\":\"https:\\\/\\\/www.myautopartsfactory.com\\\/#\\\/schema\\\/logo\\\/image\\\/\"}}]}<\/script>\n<!-- \/ Yoast SEO plugin. -->","yoast_head_json":{"title":"Wholesale Auto Steering Angle Sensor 8924B-0D020 89245-0K020 For Toyota Hilux Revo For Tuner 2016 - YZHIDIANF","robots":{"index":"index","follow":"follow","max-snippet":"max-snippet:-1","max-image-preview":"max-image-preview:large","max-video-preview":"max-video-preview:-1"},"canonical":"https:\/\/www.myautopartsfactory.com\/fr\/product\/wholesale-auto-steering-angle-sensor-8924b-0d020-89245-0k020-for-toyota-hilux-revo-for-tuner-2016\/","og_locale":"fr_FR","og_type":"article","og_title":"Wholesale Auto Steering Angle Sensor 8924B-0D020 89245-0K020 For Toyota Hilux Revo For Tuner 2016 - YZHIDIANF","og_description":"Features &amp; Benefits: Product Features\uff1a","og_url":"https:\/\/www.myautopartsfactory.com\/fr\/product\/wholesale-auto-steering-angle-sensor-8924b-0d020-89245-0k020-for-toyota-hilux-revo-for-tuner-2016\/","og_site_name":"YZHIDIANF","article_modified_time":"2024-07-30T07:12:03+00:00","og_image":[{"width":800,"height":800,"url":"https:\/\/www.myautopartsfactory.com\/wp-content\/uploads\/2024\/07\/8924B-0D020-6.jpg","type":"image\/jpeg"}],"twitter_card":"summary_large_image","twitter_misc":{"Dur\u00e9e de lecture estim\u00e9e":"1 minute"},"schema":{"@context":"https:\/\/schema.org","@graph":[{"@type":"WebPage","@id":"https:\/\/www.myautopartsfactory.com\/product\/wholesale-auto-steering-angle-sensor-8924b-0d020-89245-0k020-for-toyota-hilux-revo-for-tuner-2016","url":"https:\/\/www.myautopartsfactory.com\/product\/wholesale-auto-steering-angle-sensor-8924b-0d020-89245-0k020-for-toyota-hilux-revo-for-tuner-2016","name":"Wholesale Auto Steering Angle Sensor 8924B-0D020 89245-0K020 For Toyota Hilux Revo For Tuner 2016 - YZHIDIANF","isPartOf":{"@id":"https:\/\/www.myautopartsfactory.com\/#website"},"primaryImageOfPage":{"@id":"https:\/\/www.myautopartsfactory.com\/product\/wholesale-auto-steering-angle-sensor-8924b-0d020-89245-0k020-for-toyota-hilux-revo-for-tuner-2016#primaryimage"},"image":{"@id":"https:\/\/www.myautopartsfactory.com\/product\/wholesale-auto-steering-angle-sensor-8924b-0d020-89245-0k020-for-toyota-hilux-revo-for-tuner-2016#primaryimage"},"thumbnailUrl":"https:\/\/www.myautopartsfactory.com\/wp-content\/uploads\/2024\/07\/8924B-0D020-6.jpg","datePublished":"2024-07-30T07:12:01+00:00","dateModified":"2024-07-30T07:12:03+00:00","breadcrumb":{"@id":"https:\/\/www.myautopartsfactory.com\/product\/wholesale-auto-steering-angle-sensor-8924b-0d020-89245-0k020-for-toyota-hilux-revo-for-tuner-2016#breadcrumb"},"inLanguage":"fr-FR","potentialAction":[{"@type":"ReadAction","target":["https:\/\/www.myautopartsfactory.com\/product\/wholesale-auto-steering-angle-sensor-8924b-0d020-89245-0k020-for-toyota-hilux-revo-for-tuner-2016"]}]},{"@type":"ImageObject","inLanguage":"fr-FR","@id":"https:\/\/www.myautopartsfactory.com\/product\/wholesale-auto-steering-angle-sensor-8924b-0d020-89245-0k020-for-toyota-hilux-revo-for-tuner-2016#primaryimage","url":"https:\/\/www.myautopartsfactory.com\/wp-content\/uploads\/2024\/07\/8924B-0D020-6.jpg","contentUrl":"https:\/\/www.myautopartsfactory.com\/wp-content\/uploads\/2024\/07\/8924B-0D020-6.jpg","width":800,"height":800,"caption":"8924B-0D020"},{"@type":"BreadcrumbList","@id":"https:\/\/www.myautopartsfactory.com\/product\/wholesale-auto-steering-angle-sensor-8924b-0d020-89245-0k020-for-toyota-hilux-revo-for-tuner-2016#breadcrumb","itemListElement":[{"@type":"ListItem","position":1,"name":"\u9996\u9875","item":"https:\/\/www.myautopartsfactory.com\/"},{"@type":"ListItem","position":2,"name":"Wholesale Auto Steering Angle Sensor 8924B-0D020 89245-0K020 For Toyota Hilux Revo For Tuner 2016"}]},{"@type":"WebSite","@id":"https:\/\/www.myautopartsfactory.com\/#website","url":"https:\/\/www.myautopartsfactory.com\/","name":"YZHIDIANF","description":"Fournisseur unique de pi\u00e8ces d\u00e9tach\u00e9es automobiles","publisher":{"@id":"https:\/\/www.myautopartsfactory.com\/#organization"},"potentialAction":[{"@type":"SearchAction","target":{"@type":"EntryPoint","urlTemplate":"https:\/\/www.myautopartsfactory.com\/?s={search_term_string}"},"query-input":{"@type":"PropertyValueSpecification","valueRequired":true,"valueName":"search_term_string"}}],"inLanguage":"fr-FR"},{"@type":"Organization","@id":"https:\/\/www.myautopartsfactory.com\/#organization","name":"YZHIDIANF","url":"https:\/\/www.myautopartsfactory.com\/","logo":{"@type":"ImageObject","inLanguage":"fr-FR","@id":"https:\/\/www.myautopartsfactory.com\/#\/schema\/logo\/image\/","url":"https:\/\/www.myautopartsfactory.com\/wp-content\/uploads\/2024\/05\/fav.jpg","contentUrl":"https:\/\/www.myautopartsfactory.com\/wp-content\/uploads\/2024\/05\/fav.jpg","width":80,"height":80,"caption":"YZHIDIANF"},"image":{"@id":"https:\/\/www.myautopartsfactory.com\/#\/schema\/logo\/image\/"}}]}},"acf":[],"_links":{"self":[{"href":"https:\/\/www.myautopartsfactory.com\/fr\/wp-json\/wp\/v2\/product\/4152","targetHints":{"allow":["GET"]}}],"collection":[{"href":"https:\/\/www.myautopartsfactory.com\/fr\/wp-json\/wp\/v2\/product"}],"about":[{"href":"https:\/\/www.myautopartsfactory.com\/fr\/wp-json\/wp\/v2\/types\/product"}],"version-history":[{"count":0,"href":"https:\/\/www.myautopartsfactory.com\/fr\/wp-json\/wp\/v2\/product\/4152\/revisions"}],"wp:featuredmedia":[{"embeddable":true,"href":"https:\/\/www.myautopartsfactory.com\/fr\/wp-json\/wp\/v2\/media\/4158"}],"wp:attachment":[{"href":"https:\/\/www.myautopartsfactory.com\/fr\/wp-json\/wp\/v2\/media?parent=4152"}],"wp:term":[{"taxonomy":"product-tag","embeddable":true,"href":"https:\/\/www.myautopartsfactory.com\/fr\/wp-json\/wp\/v2\/product-tag?post=4152"},{"taxonomy":"products","embeddable":true,"href":"https:\/\/www.myautopartsfactory.com\/fr\/wp-json\/wp\/v2\/products?post=4152"},{"taxonomy":"brand","embeddable":true,"href":"https:\/\/www.myautopartsfactory.com\/fr\/wp-json\/wp\/v2\/brand?post=4152"}],"curies":[{"name":"wp","href":"https:\/\/api.w.org\/{rel}","templated":true}]}}