{"id":3945,"date":"2024-07-26T17:03:13","date_gmt":"2024-07-26T09:03:13","guid":{"rendered":"https:\/\/www.myautopartsfactory.com\/?post_type=product&#038;p=3945"},"modified":"2024-07-26T17:03:14","modified_gmt":"2024-07-26T09:03:14","slug":"auto-parts-camshaft-position-sensor-0232103144-55247740-for-fiat-500-toro-jeep-renegade-1-8","status":"publish","type":"product","link":"https:\/\/www.myautopartsfactory.com\/fr\/product\/auto-parts-camshaft-position-sensor-0232103144-55247740-for-fiat-500-toro-jeep-renegade-1-8","title":{"rendered":"Auto Parts Camshaft Position Sensor 0232103144 55247740 For fiat 500 toro jeep renegade 1.8"},"content":{"rendered":"<h2 class=\"wp-block-heading\">Caract\u00e9ristiques et avantages :<\/h2>\n\n\n\n<ul class=\"wp-block-list\">\n<li>Ajustement parfait, installation facile<\/li>\n\n\n\n<li>Fabriqu\u00e9 selon les sp\u00e9cifications de l'usine pour une installation sans probl\u00e8me.<\/li>\n\n\n\n<li>Con\u00e7u pour remplacer directement le capteur de position d'arbre \u00e0 cames d'origine, il garantit une adaptation et des performances excellentes.<\/li>\n<\/ul>\n\n\n\n<h2 class=\"wp-block-heading\">Caract\u00e9ristiques du produit\uff1a<\/h2>\n\n\n\n<ul class=\"wp-block-list\">\n<li><strong>Durabilit\u00e9 :<\/strong> Il a une longue dur\u00e9e de vie et peut maintenir des performances stables et fiables dans des environnements de travail difficiles.<\/li>\n\n\n\n<li><strong>Pr\u00e9cision :<\/strong> D\u00e9tecte avec pr\u00e9cision la position et la vitesse de l'arbre \u00e0 cames, fournissant des donn\u00e9es exactes pour assurer la stabilit\u00e9 et l'efficacit\u00e9 du moteur.<\/li>\n\n\n\n<li><strong>Efficacit\u00e9 du moteur : <\/strong>Contr\u00f4le en temps r\u00e9el de la position de l'arbre \u00e0 cames, contr\u00f4le pr\u00e9cis de l'allumage et de l'injection de carburant en fonction des diff\u00e9rentes vitesses et conditions de charge, et am\u00e9lioration de l'efficacit\u00e9 de la combustion.<\/li>\n<\/ul>","protected":false},"excerpt":{"rendered":"Features &amp; Benefits: Product Features\uff1a","protected":false},"featured_media":3951,"menu_order":0,"template":"","meta":[],"product-tag":[],"products":[5],"brand":[],"class_list":["post-3945","product","type-product","status-publish","has-post-thumbnail","hentry","products-camshaft-position-sensor"],"yoast_head":"<!-- This site is optimized with the Yoast SEO plugin v27.3 - https:\/\/yoast.com\/product\/yoast-seo-wordpress\/ -->\n<title>Auto Parts Camshaft Position Sensor 0232103144 55247740 For fiat 500 toro jeep renegade 1.8 - YZHIDIANF<\/title>\n<meta name=\"robots\" content=\"index, follow, max-snippet:-1, max-image-preview:large, max-video-preview:-1\" \/>\n<link rel=\"canonical\" href=\"https:\/\/www.myautopartsfactory.com\/fr\/product\/auto-parts-camshaft-position-sensor-0232103144-55247740-for-fiat-500-toro-jeep-renegade-1-8\/\" \/>\n<meta property=\"og:locale\" content=\"fr_FR\" \/>\n<meta property=\"og:type\" content=\"article\" \/>\n<meta property=\"og:title\" content=\"Auto Parts Camshaft Position Sensor 0232103144 55247740 For fiat 500 toro jeep renegade 1.8 - YZHIDIANF\" \/>\n<meta property=\"og:description\" content=\"Features &amp; Benefits: Product Features\uff1a\" \/>\n<meta property=\"og:url\" content=\"https:\/\/www.myautopartsfactory.com\/fr\/product\/auto-parts-camshaft-position-sensor-0232103144-55247740-for-fiat-500-toro-jeep-renegade-1-8\/\" \/>\n<meta property=\"og:site_name\" content=\"YZHIDIANF\" \/>\n<meta property=\"article:modified_time\" content=\"2024-07-26T09:03:14+00:00\" \/>\n<meta property=\"og:image\" content=\"https:\/\/www.myautopartsfactory.com\/wp-content\/uploads\/2024\/07\/0232103144-6.jpg\" \/>\n\t<meta property=\"og:image:width\" content=\"800\" \/>\n\t<meta property=\"og:image:height\" content=\"800\" \/>\n\t<meta property=\"og:image:type\" content=\"image\/jpeg\" \/>\n<meta name=\"twitter:card\" content=\"summary_large_image\" \/>\n<meta name=\"twitter:label1\" content=\"Dur\u00e9e de lecture estim\u00e9e\" \/>\n\t<meta name=\"twitter:data1\" content=\"1 minute\" \/>\n<script type=\"application\/ld+json\" class=\"yoast-schema-graph\">{\"@context\":\"https:\\\/\\\/schema.org\",\"@graph\":[{\"@type\":\"WebPage\",\"@id\":\"https:\\\/\\\/www.myautopartsfactory.com\\\/product\\\/auto-parts-camshaft-position-sensor-0232103144-55247740-for-fiat-500-toro-jeep-renegade-1-8\",\"url\":\"https:\\\/\\\/www.myautopartsfactory.com\\\/product\\\/auto-parts-camshaft-position-sensor-0232103144-55247740-for-fiat-500-toro-jeep-renegade-1-8\",\"name\":\"Auto Parts Camshaft Position Sensor 0232103144 55247740 For fiat 500 toro jeep renegade 1.8 - YZHIDIANF\",\"isPartOf\":{\"@id\":\"https:\\\/\\\/www.myautopartsfactory.com\\\/#website\"},\"primaryImageOfPage\":{\"@id\":\"https:\\\/\\\/www.myautopartsfactory.com\\\/product\\\/auto-parts-camshaft-position-sensor-0232103144-55247740-for-fiat-500-toro-jeep-renegade-1-8#primaryimage\"},\"image\":{\"@id\":\"https:\\\/\\\/www.myautopartsfactory.com\\\/product\\\/auto-parts-camshaft-position-sensor-0232103144-55247740-for-fiat-500-toro-jeep-renegade-1-8#primaryimage\"},\"thumbnailUrl\":\"https:\\\/\\\/www.myautopartsfactory.com\\\/wp-content\\\/uploads\\\/2024\\\/07\\\/0232103144-6.jpg\",\"datePublished\":\"2024-07-26T09:03:13+00:00\",\"dateModified\":\"2024-07-26T09:03:14+00:00\",\"breadcrumb\":{\"@id\":\"https:\\\/\\\/www.myautopartsfactory.com\\\/product\\\/auto-parts-camshaft-position-sensor-0232103144-55247740-for-fiat-500-toro-jeep-renegade-1-8#breadcrumb\"},\"inLanguage\":\"fr-FR\",\"potentialAction\":[{\"@type\":\"ReadAction\",\"target\":[\"https:\\\/\\\/www.myautopartsfactory.com\\\/product\\\/auto-parts-camshaft-position-sensor-0232103144-55247740-for-fiat-500-toro-jeep-renegade-1-8\"]}]},{\"@type\":\"ImageObject\",\"inLanguage\":\"fr-FR\",\"@id\":\"https:\\\/\\\/www.myautopartsfactory.com\\\/product\\\/auto-parts-camshaft-position-sensor-0232103144-55247740-for-fiat-500-toro-jeep-renegade-1-8#primaryimage\",\"url\":\"https:\\\/\\\/www.myautopartsfactory.com\\\/wp-content\\\/uploads\\\/2024\\\/07\\\/0232103144-6.jpg\",\"contentUrl\":\"https:\\\/\\\/www.myautopartsfactory.com\\\/wp-content\\\/uploads\\\/2024\\\/07\\\/0232103144-6.jpg\",\"width\":800,\"height\":800,\"caption\":\"0232103144\"},{\"@type\":\"BreadcrumbList\",\"@id\":\"https:\\\/\\\/www.myautopartsfactory.com\\\/product\\\/auto-parts-camshaft-position-sensor-0232103144-55247740-for-fiat-500-toro-jeep-renegade-1-8#breadcrumb\",\"itemListElement\":[{\"@type\":\"ListItem\",\"position\":1,\"name\":\"\u9996\u9875\",\"item\":\"https:\\\/\\\/www.myautopartsfactory.com\\\/\"},{\"@type\":\"ListItem\",\"position\":2,\"name\":\"Auto Parts Camshaft Position Sensor 0232103144 55247740 For fiat 500 toro jeep renegade 1.8\"}]},{\"@type\":\"WebSite\",\"@id\":\"https:\\\/\\\/www.myautopartsfactory.com\\\/#website\",\"url\":\"https:\\\/\\\/www.myautopartsfactory.com\\\/\",\"name\":\"YZHIDIANF\",\"description\":\"One-Stop Auto Parts Supplier\",\"publisher\":{\"@id\":\"https:\\\/\\\/www.myautopartsfactory.com\\\/#organization\"},\"potentialAction\":[{\"@type\":\"SearchAction\",\"target\":{\"@type\":\"EntryPoint\",\"urlTemplate\":\"https:\\\/\\\/www.myautopartsfactory.com\\\/?s={search_term_string}\"},\"query-input\":{\"@type\":\"PropertyValueSpecification\",\"valueRequired\":true,\"valueName\":\"search_term_string\"}}],\"inLanguage\":\"fr-FR\"},{\"@type\":\"Organization\",\"@id\":\"https:\\\/\\\/www.myautopartsfactory.com\\\/#organization\",\"name\":\"YZHIDIANF\",\"url\":\"https:\\\/\\\/www.myautopartsfactory.com\\\/\",\"logo\":{\"@type\":\"ImageObject\",\"inLanguage\":\"fr-FR\",\"@id\":\"https:\\\/\\\/www.myautopartsfactory.com\\\/#\\\/schema\\\/logo\\\/image\\\/\",\"url\":\"https:\\\/\\\/www.myautopartsfactory.com\\\/wp-content\\\/uploads\\\/2024\\\/05\\\/fav.jpg\",\"contentUrl\":\"https:\\\/\\\/www.myautopartsfactory.com\\\/wp-content\\\/uploads\\\/2024\\\/05\\\/fav.jpg\",\"width\":80,\"height\":80,\"caption\":\"YZHIDIANF\"},\"image\":{\"@id\":\"https:\\\/\\\/www.myautopartsfactory.com\\\/#\\\/schema\\\/logo\\\/image\\\/\"}}]}<\/script>\n<!-- \/ Yoast SEO plugin. -->","yoast_head_json":{"title":"Pi\u00e8ces Auto Capteur de Position d'Arbre \u00e0 Cames 0232103144 55247740 Pour fiat 500 toro jeep renegade 1.8 - YZHIDIANF","robots":{"index":"index","follow":"follow","max-snippet":"max-snippet:-1","max-image-preview":"max-image-preview:large","max-video-preview":"max-video-preview:-1"},"canonical":"https:\/\/www.myautopartsfactory.com\/fr\/product\/auto-parts-camshaft-position-sensor-0232103144-55247740-for-fiat-500-toro-jeep-renegade-1-8\/","og_locale":"fr_FR","og_type":"article","og_title":"Auto Parts Camshaft Position Sensor 0232103144 55247740 For fiat 500 toro jeep renegade 1.8 - YZHIDIANF","og_description":"Features &amp; Benefits: Product Features\uff1a","og_url":"https:\/\/www.myautopartsfactory.com\/fr\/product\/auto-parts-camshaft-position-sensor-0232103144-55247740-for-fiat-500-toro-jeep-renegade-1-8\/","og_site_name":"YZHIDIANF","article_modified_time":"2024-07-26T09:03:14+00:00","og_image":[{"width":800,"height":800,"url":"https:\/\/www.myautopartsfactory.com\/wp-content\/uploads\/2024\/07\/0232103144-6.jpg","type":"image\/jpeg"}],"twitter_card":"summary_large_image","twitter_misc":{"Dur\u00e9e de lecture estim\u00e9e":"1 minute"},"schema":{"@context":"https:\/\/schema.org","@graph":[{"@type":"WebPage","@id":"https:\/\/www.myautopartsfactory.com\/product\/auto-parts-camshaft-position-sensor-0232103144-55247740-for-fiat-500-toro-jeep-renegade-1-8","url":"https:\/\/www.myautopartsfactory.com\/product\/auto-parts-camshaft-position-sensor-0232103144-55247740-for-fiat-500-toro-jeep-renegade-1-8","name":"Pi\u00e8ces Auto Capteur de Position d'Arbre \u00e0 Cames 0232103144 55247740 Pour fiat 500 toro jeep renegade 1.8 - YZHIDIANF","isPartOf":{"@id":"https:\/\/www.myautopartsfactory.com\/#website"},"primaryImageOfPage":{"@id":"https:\/\/www.myautopartsfactory.com\/product\/auto-parts-camshaft-position-sensor-0232103144-55247740-for-fiat-500-toro-jeep-renegade-1-8#primaryimage"},"image":{"@id":"https:\/\/www.myautopartsfactory.com\/product\/auto-parts-camshaft-position-sensor-0232103144-55247740-for-fiat-500-toro-jeep-renegade-1-8#primaryimage"},"thumbnailUrl":"https:\/\/www.myautopartsfactory.com\/wp-content\/uploads\/2024\/07\/0232103144-6.jpg","datePublished":"2024-07-26T09:03:13+00:00","dateModified":"2024-07-26T09:03:14+00:00","breadcrumb":{"@id":"https:\/\/www.myautopartsfactory.com\/product\/auto-parts-camshaft-position-sensor-0232103144-55247740-for-fiat-500-toro-jeep-renegade-1-8#breadcrumb"},"inLanguage":"fr-FR","potentialAction":[{"@type":"ReadAction","target":["https:\/\/www.myautopartsfactory.com\/product\/auto-parts-camshaft-position-sensor-0232103144-55247740-for-fiat-500-toro-jeep-renegade-1-8"]}]},{"@type":"ImageObject","inLanguage":"fr-FR","@id":"https:\/\/www.myautopartsfactory.com\/product\/auto-parts-camshaft-position-sensor-0232103144-55247740-for-fiat-500-toro-jeep-renegade-1-8#primaryimage","url":"https:\/\/www.myautopartsfactory.com\/wp-content\/uploads\/2024\/07\/0232103144-6.jpg","contentUrl":"https:\/\/www.myautopartsfactory.com\/wp-content\/uploads\/2024\/07\/0232103144-6.jpg","width":800,"height":800,"caption":"0232103144"},{"@type":"BreadcrumbList","@id":"https:\/\/www.myautopartsfactory.com\/product\/auto-parts-camshaft-position-sensor-0232103144-55247740-for-fiat-500-toro-jeep-renegade-1-8#breadcrumb","itemListElement":[{"@type":"ListItem","position":1,"name":"\u9996\u9875","item":"https:\/\/www.myautopartsfactory.com\/"},{"@type":"ListItem","position":2,"name":"Auto Parts Camshaft Position Sensor 0232103144 55247740 For fiat 500 toro jeep renegade 1.8"}]},{"@type":"WebSite","@id":"https:\/\/www.myautopartsfactory.com\/#website","url":"https:\/\/www.myautopartsfactory.com\/","name":"YZHIDIANF","description":"Fournisseur unique de pi\u00e8ces d\u00e9tach\u00e9es automobiles","publisher":{"@id":"https:\/\/www.myautopartsfactory.com\/#organization"},"potentialAction":[{"@type":"SearchAction","target":{"@type":"EntryPoint","urlTemplate":"https:\/\/www.myautopartsfactory.com\/?s={search_term_string}"},"query-input":{"@type":"PropertyValueSpecification","valueRequired":true,"valueName":"search_term_string"}}],"inLanguage":"fr-FR"},{"@type":"Organization","@id":"https:\/\/www.myautopartsfactory.com\/#organization","name":"YZHIDIANF","url":"https:\/\/www.myautopartsfactory.com\/","logo":{"@type":"ImageObject","inLanguage":"fr-FR","@id":"https:\/\/www.myautopartsfactory.com\/#\/schema\/logo\/image\/","url":"https:\/\/www.myautopartsfactory.com\/wp-content\/uploads\/2024\/05\/fav.jpg","contentUrl":"https:\/\/www.myautopartsfactory.com\/wp-content\/uploads\/2024\/05\/fav.jpg","width":80,"height":80,"caption":"YZHIDIANF"},"image":{"@id":"https:\/\/www.myautopartsfactory.com\/#\/schema\/logo\/image\/"}}]}},"acf":[],"_links":{"self":[{"href":"https:\/\/www.myautopartsfactory.com\/fr\/wp-json\/wp\/v2\/product\/3945","targetHints":{"allow":["GET"]}}],"collection":[{"href":"https:\/\/www.myautopartsfactory.com\/fr\/wp-json\/wp\/v2\/product"}],"about":[{"href":"https:\/\/www.myautopartsfactory.com\/fr\/wp-json\/wp\/v2\/types\/product"}],"version-history":[{"count":0,"href":"https:\/\/www.myautopartsfactory.com\/fr\/wp-json\/wp\/v2\/product\/3945\/revisions"}],"wp:featuredmedia":[{"embeddable":true,"href":"https:\/\/www.myautopartsfactory.com\/fr\/wp-json\/wp\/v2\/media\/3951"}],"wp:attachment":[{"href":"https:\/\/www.myautopartsfactory.com\/fr\/wp-json\/wp\/v2\/media?parent=3945"}],"wp:term":[{"taxonomy":"product-tag","embeddable":true,"href":"https:\/\/www.myautopartsfactory.com\/fr\/wp-json\/wp\/v2\/product-tag?post=3945"},{"taxonomy":"products","embeddable":true,"href":"https:\/\/www.myautopartsfactory.com\/fr\/wp-json\/wp\/v2\/products?post=3945"},{"taxonomy":"brand","embeddable":true,"href":"https:\/\/www.myautopartsfactory.com\/fr\/wp-json\/wp\/v2\/brand?post=3945"}],"curies":[{"name":"wp","href":"https:\/\/api.w.org\/{rel}","templated":true}]}}