{"id":3716,"date":"2024-07-22T09:50:35","date_gmt":"2024-07-22T01:50:35","guid":{"rendered":"https:\/\/www.myautopartsfactory.com\/?post_type=product&#038;p=3716"},"modified":"2024-07-22T09:50:36","modified_gmt":"2024-07-22T01:50:36","slug":"wholesale-car-ignition-control-module-j723t-md349207-md326147-md338252-md338997-for-mitsubishi-3000gt-dodge-stealth-3-0-chrysler","status":"publish","type":"product","link":"https:\/\/www.myautopartsfactory.com\/fr\/product\/wholesale-car-ignition-control-module-j723t-md349207-md326147-md338252-md338997-for-mitsubishi-3000gt-dodge-stealth-3-0-chrysler","title":{"rendered":"Wholesale Car Ignition Control Module J723T MD349207 MD326147 MD338252 MD338997 For Mitsubishi 3000GT Dodge Stealth 3.0 Chrysler"},"content":{"rendered":"<h2 class=\"wp-block-heading\"><strong>Caract\u00e9ristiques et avantages :<\/strong><\/h2>\n\n\n\n<ul class=\"wp-block-list\">\n<li>Ajustement parfait, installation facile<\/li>\n\n\n\n<li>Fabriqu\u00e9 selon les sp\u00e9cifications de l'usine pour une installation sans probl\u00e8me.<\/li>\n\n\n\n<li>Con\u00e7u pour remplacer directement le module de commande d'allumage d'origine, ce qui garantit une adaptation et des performances excellentes.<\/li>\n<\/ul>\n\n\n\n<h2 class=\"wp-block-heading\"><strong>Caract\u00e9ristiques du produit\uff1a<\/strong><\/h2>\n\n\n\n<ul class=\"wp-block-list\">\n<li><strong>Contr\u00f4le pr\u00e9cis :<\/strong> Contr\u00f4ler avec pr\u00e9cision le moment de l'allumage et l'\u00e9nergie d'allumage pour assurer la stabilit\u00e9 et l'efficacit\u00e9 du processus de combustion.<\/li>\n\n\n\n<li><strong>Contr\u00f4le multicanal :<\/strong> Peut contr\u00f4ler l'allumage de plusieurs cylindres en m\u00eame temps pour obtenir un meilleur effet d'allumage et un meilleur \u00e9quilibre du moteur.<\/li>\n\n\n\n<li><strong>Grande fiabilit\u00e9 : <\/strong>L'utilisation de composants et de proc\u00e9d\u00e9s \u00e9lectroniques de haute qualit\u00e9 lui permet de fonctionner de mani\u00e8re stable et fiable, avec une bonne capacit\u00e9 anti-interf\u00e9rence et une bonne durabilit\u00e9.<\/li>\n\n\n\n<li><strong>Fonction de diagnostic des d\u00e9fauts : <\/strong>Dot\u00e9 d'une fonction de diagnostic des d\u00e9faillances, il peut surveiller l'\u00e9tat du syst\u00e8me d'allumage et d\u00e9clencher une alarme \u00e0 temps pour une inspection et une maintenance opportunes.<\/li>\n\n\n\n<li><strong>R\u00e9ponse rapide :<\/strong> L'utilisation de microprocesseurs et de capteurs \u00e0 grande vitesse permet de surveiller l'\u00e9tat de fonctionnement du moteur en temps r\u00e9el et d'ajuster rapidement les param\u00e8tres d'allumage pour r\u00e9pondre aux besoins d'allumage \u00e0 diff\u00e9rents r\u00e9gimes et \u00e0 diff\u00e9rentes charges.<\/li>\n<\/ul>","protected":false},"excerpt":{"rendered":"Features &amp; Benefits: Product Features\uff1a","protected":false},"featured_media":3723,"menu_order":0,"template":"","meta":[],"product-tag":[],"products":[102],"brand":[49,60],"class_list":["post-3716","product","type-product","status-publish","has-post-thumbnail","hentry","products-ignition-module","brand-mitsubishi","brand-chrysler"],"yoast_head":"<!-- This site is optimized with the Yoast SEO plugin v27.3 - https:\/\/yoast.com\/product\/yoast-seo-wordpress\/ -->\n<title>Wholesale Car Ignition Control Module J723T MD349207 MD326147 MD338252 MD338997 For Mitsubishi 3000GT Dodge Stealth 3.0 Chrysler - YZHIDIANF<\/title>\n<meta name=\"robots\" content=\"index, follow, max-snippet:-1, max-image-preview:large, max-video-preview:-1\" \/>\n<link rel=\"canonical\" href=\"https:\/\/www.myautopartsfactory.com\/fr\/product\/wholesale-car-ignition-control-module-j723t-md349207-md326147-md338252-md338997-for-mitsubishi-3000gt-dodge-stealth-3-0-chrysler\/\" \/>\n<meta property=\"og:locale\" content=\"fr_FR\" \/>\n<meta property=\"og:type\" content=\"article\" \/>\n<meta property=\"og:title\" content=\"Wholesale Car Ignition Control Module J723T MD349207 MD326147 MD338252 MD338997 For Mitsubishi 3000GT Dodge Stealth 3.0 Chrysler - YZHIDIANF\" \/>\n<meta property=\"og:description\" content=\"Features &amp; Benefits: Product Features\uff1a\" \/>\n<meta property=\"og:url\" content=\"https:\/\/www.myautopartsfactory.com\/fr\/product\/wholesale-car-ignition-control-module-j723t-md349207-md326147-md338252-md338997-for-mitsubishi-3000gt-dodge-stealth-3-0-chrysler\/\" \/>\n<meta property=\"og:site_name\" content=\"YZHIDIANF\" \/>\n<meta property=\"article:modified_time\" content=\"2024-07-22T01:50:36+00:00\" \/>\n<meta property=\"og:image\" content=\"https:\/\/www.myautopartsfactory.com\/wp-content\/uploads\/2024\/07\/j723t-6.jpg\" \/>\n\t<meta property=\"og:image:width\" content=\"800\" \/>\n\t<meta property=\"og:image:height\" content=\"800\" \/>\n\t<meta property=\"og:image:type\" content=\"image\/jpeg\" \/>\n<meta name=\"twitter:card\" content=\"summary_large_image\" \/>\n<meta name=\"twitter:label1\" content=\"Dur\u00e9e de lecture estim\u00e9e\" \/>\n\t<meta name=\"twitter:data1\" content=\"2 minutes\" \/>\n<script type=\"application\/ld+json\" class=\"yoast-schema-graph\">{\"@context\":\"https:\\\/\\\/schema.org\",\"@graph\":[{\"@type\":\"WebPage\",\"@id\":\"https:\\\/\\\/www.myautopartsfactory.com\\\/product\\\/wholesale-car-ignition-control-module-j723t-md349207-md326147-md338252-md338997-for-mitsubishi-3000gt-dodge-stealth-3-0-chrysler\",\"url\":\"https:\\\/\\\/www.myautopartsfactory.com\\\/product\\\/wholesale-car-ignition-control-module-j723t-md349207-md326147-md338252-md338997-for-mitsubishi-3000gt-dodge-stealth-3-0-chrysler\",\"name\":\"Wholesale Car Ignition Control Module J723T MD349207 MD326147 MD338252 MD338997 For Mitsubishi 3000GT Dodge Stealth 3.0 Chrysler - YZHIDIANF\",\"isPartOf\":{\"@id\":\"https:\\\/\\\/www.myautopartsfactory.com\\\/#website\"},\"primaryImageOfPage\":{\"@id\":\"https:\\\/\\\/www.myautopartsfactory.com\\\/product\\\/wholesale-car-ignition-control-module-j723t-md349207-md326147-md338252-md338997-for-mitsubishi-3000gt-dodge-stealth-3-0-chrysler#primaryimage\"},\"image\":{\"@id\":\"https:\\\/\\\/www.myautopartsfactory.com\\\/product\\\/wholesale-car-ignition-control-module-j723t-md349207-md326147-md338252-md338997-for-mitsubishi-3000gt-dodge-stealth-3-0-chrysler#primaryimage\"},\"thumbnailUrl\":\"https:\\\/\\\/www.myautopartsfactory.com\\\/wp-content\\\/uploads\\\/2024\\\/07\\\/j723t-6.jpg\",\"datePublished\":\"2024-07-22T01:50:35+00:00\",\"dateModified\":\"2024-07-22T01:50:36+00:00\",\"breadcrumb\":{\"@id\":\"https:\\\/\\\/www.myautopartsfactory.com\\\/product\\\/wholesale-car-ignition-control-module-j723t-md349207-md326147-md338252-md338997-for-mitsubishi-3000gt-dodge-stealth-3-0-chrysler#breadcrumb\"},\"inLanguage\":\"fr-FR\",\"potentialAction\":[{\"@type\":\"ReadAction\",\"target\":[\"https:\\\/\\\/www.myautopartsfactory.com\\\/product\\\/wholesale-car-ignition-control-module-j723t-md349207-md326147-md338252-md338997-for-mitsubishi-3000gt-dodge-stealth-3-0-chrysler\"]}]},{\"@type\":\"ImageObject\",\"inLanguage\":\"fr-FR\",\"@id\":\"https:\\\/\\\/www.myautopartsfactory.com\\\/product\\\/wholesale-car-ignition-control-module-j723t-md349207-md326147-md338252-md338997-for-mitsubishi-3000gt-dodge-stealth-3-0-chrysler#primaryimage\",\"url\":\"https:\\\/\\\/www.myautopartsfactory.com\\\/wp-content\\\/uploads\\\/2024\\\/07\\\/j723t-6.jpg\",\"contentUrl\":\"https:\\\/\\\/www.myautopartsfactory.com\\\/wp-content\\\/uploads\\\/2024\\\/07\\\/j723t-6.jpg\",\"width\":800,\"height\":800,\"caption\":\"j723t\"},{\"@type\":\"BreadcrumbList\",\"@id\":\"https:\\\/\\\/www.myautopartsfactory.com\\\/product\\\/wholesale-car-ignition-control-module-j723t-md349207-md326147-md338252-md338997-for-mitsubishi-3000gt-dodge-stealth-3-0-chrysler#breadcrumb\",\"itemListElement\":[{\"@type\":\"ListItem\",\"position\":1,\"name\":\"\u9996\u9875\",\"item\":\"https:\\\/\\\/www.myautopartsfactory.com\\\/\"},{\"@type\":\"ListItem\",\"position\":2,\"name\":\"Wholesale Car Ignition Control Module J723T MD349207 MD326147 MD338252 MD338997 For Mitsubishi 3000GT Dodge Stealth 3.0 Chrysler\"}]},{\"@type\":\"WebSite\",\"@id\":\"https:\\\/\\\/www.myautopartsfactory.com\\\/#website\",\"url\":\"https:\\\/\\\/www.myautopartsfactory.com\\\/\",\"name\":\"YZHIDIANF\",\"description\":\"One-Stop Auto Parts Supplier\",\"publisher\":{\"@id\":\"https:\\\/\\\/www.myautopartsfactory.com\\\/#organization\"},\"potentialAction\":[{\"@type\":\"SearchAction\",\"target\":{\"@type\":\"EntryPoint\",\"urlTemplate\":\"https:\\\/\\\/www.myautopartsfactory.com\\\/?s={search_term_string}\"},\"query-input\":{\"@type\":\"PropertyValueSpecification\",\"valueRequired\":true,\"valueName\":\"search_term_string\"}}],\"inLanguage\":\"fr-FR\"},{\"@type\":\"Organization\",\"@id\":\"https:\\\/\\\/www.myautopartsfactory.com\\\/#organization\",\"name\":\"YZHIDIANF\",\"url\":\"https:\\\/\\\/www.myautopartsfactory.com\\\/\",\"logo\":{\"@type\":\"ImageObject\",\"inLanguage\":\"fr-FR\",\"@id\":\"https:\\\/\\\/www.myautopartsfactory.com\\\/#\\\/schema\\\/logo\\\/image\\\/\",\"url\":\"https:\\\/\\\/www.myautopartsfactory.com\\\/wp-content\\\/uploads\\\/2024\\\/05\\\/fav.jpg\",\"contentUrl\":\"https:\\\/\\\/www.myautopartsfactory.com\\\/wp-content\\\/uploads\\\/2024\\\/05\\\/fav.jpg\",\"width\":80,\"height\":80,\"caption\":\"YZHIDIANF\"},\"image\":{\"@id\":\"https:\\\/\\\/www.myautopartsfactory.com\\\/#\\\/schema\\\/logo\\\/image\\\/\"}}]}<\/script>\n<!-- \/ Yoast SEO plugin. -->","yoast_head_json":{"title":"Module de contr\u00f4le d'allumage J723T MD349207 MD326147 MD338252 MD338997 pour Mitsubishi 3000GT Dodge Stealth 3.0 Chrysler - YZHIDIANF","robots":{"index":"index","follow":"follow","max-snippet":"max-snippet:-1","max-image-preview":"max-image-preview:large","max-video-preview":"max-video-preview:-1"},"canonical":"https:\/\/www.myautopartsfactory.com\/fr\/product\/wholesale-car-ignition-control-module-j723t-md349207-md326147-md338252-md338997-for-mitsubishi-3000gt-dodge-stealth-3-0-chrysler\/","og_locale":"fr_FR","og_type":"article","og_title":"Wholesale Car Ignition Control Module J723T MD349207 MD326147 MD338252 MD338997 For Mitsubishi 3000GT Dodge Stealth 3.0 Chrysler - YZHIDIANF","og_description":"Features &amp; Benefits: Product Features\uff1a","og_url":"https:\/\/www.myautopartsfactory.com\/fr\/product\/wholesale-car-ignition-control-module-j723t-md349207-md326147-md338252-md338997-for-mitsubishi-3000gt-dodge-stealth-3-0-chrysler\/","og_site_name":"YZHIDIANF","article_modified_time":"2024-07-22T01:50:36+00:00","og_image":[{"width":800,"height":800,"url":"https:\/\/www.myautopartsfactory.com\/wp-content\/uploads\/2024\/07\/j723t-6.jpg","type":"image\/jpeg"}],"twitter_card":"summary_large_image","twitter_misc":{"Dur\u00e9e de lecture estim\u00e9e":"2 minutes"},"schema":{"@context":"https:\/\/schema.org","@graph":[{"@type":"WebPage","@id":"https:\/\/www.myautopartsfactory.com\/product\/wholesale-car-ignition-control-module-j723t-md349207-md326147-md338252-md338997-for-mitsubishi-3000gt-dodge-stealth-3-0-chrysler","url":"https:\/\/www.myautopartsfactory.com\/product\/wholesale-car-ignition-control-module-j723t-md349207-md326147-md338252-md338997-for-mitsubishi-3000gt-dodge-stealth-3-0-chrysler","name":"Module de contr\u00f4le d'allumage J723T MD349207 MD326147 MD338252 MD338997 pour Mitsubishi 3000GT Dodge Stealth 3.0 Chrysler - YZHIDIANF","isPartOf":{"@id":"https:\/\/www.myautopartsfactory.com\/#website"},"primaryImageOfPage":{"@id":"https:\/\/www.myautopartsfactory.com\/product\/wholesale-car-ignition-control-module-j723t-md349207-md326147-md338252-md338997-for-mitsubishi-3000gt-dodge-stealth-3-0-chrysler#primaryimage"},"image":{"@id":"https:\/\/www.myautopartsfactory.com\/product\/wholesale-car-ignition-control-module-j723t-md349207-md326147-md338252-md338997-for-mitsubishi-3000gt-dodge-stealth-3-0-chrysler#primaryimage"},"thumbnailUrl":"https:\/\/www.myautopartsfactory.com\/wp-content\/uploads\/2024\/07\/j723t-6.jpg","datePublished":"2024-07-22T01:50:35+00:00","dateModified":"2024-07-22T01:50:36+00:00","breadcrumb":{"@id":"https:\/\/www.myautopartsfactory.com\/product\/wholesale-car-ignition-control-module-j723t-md349207-md326147-md338252-md338997-for-mitsubishi-3000gt-dodge-stealth-3-0-chrysler#breadcrumb"},"inLanguage":"fr-FR","potentialAction":[{"@type":"ReadAction","target":["https:\/\/www.myautopartsfactory.com\/product\/wholesale-car-ignition-control-module-j723t-md349207-md326147-md338252-md338997-for-mitsubishi-3000gt-dodge-stealth-3-0-chrysler"]}]},{"@type":"ImageObject","inLanguage":"fr-FR","@id":"https:\/\/www.myautopartsfactory.com\/product\/wholesale-car-ignition-control-module-j723t-md349207-md326147-md338252-md338997-for-mitsubishi-3000gt-dodge-stealth-3-0-chrysler#primaryimage","url":"https:\/\/www.myautopartsfactory.com\/wp-content\/uploads\/2024\/07\/j723t-6.jpg","contentUrl":"https:\/\/www.myautopartsfactory.com\/wp-content\/uploads\/2024\/07\/j723t-6.jpg","width":800,"height":800,"caption":"j723t"},{"@type":"BreadcrumbList","@id":"https:\/\/www.myautopartsfactory.com\/product\/wholesale-car-ignition-control-module-j723t-md349207-md326147-md338252-md338997-for-mitsubishi-3000gt-dodge-stealth-3-0-chrysler#breadcrumb","itemListElement":[{"@type":"ListItem","position":1,"name":"\u9996\u9875","item":"https:\/\/www.myautopartsfactory.com\/"},{"@type":"ListItem","position":2,"name":"Wholesale Car Ignition Control Module J723T MD349207 MD326147 MD338252 MD338997 For Mitsubishi 3000GT Dodge Stealth 3.0 Chrysler"}]},{"@type":"WebSite","@id":"https:\/\/www.myautopartsfactory.com\/#website","url":"https:\/\/www.myautopartsfactory.com\/","name":"YZHIDIANF","description":"Fournisseur unique de pi\u00e8ces d\u00e9tach\u00e9es automobiles","publisher":{"@id":"https:\/\/www.myautopartsfactory.com\/#organization"},"potentialAction":[{"@type":"SearchAction","target":{"@type":"EntryPoint","urlTemplate":"https:\/\/www.myautopartsfactory.com\/?s={search_term_string}"},"query-input":{"@type":"PropertyValueSpecification","valueRequired":true,"valueName":"search_term_string"}}],"inLanguage":"fr-FR"},{"@type":"Organization","@id":"https:\/\/www.myautopartsfactory.com\/#organization","name":"YZHIDIANF","url":"https:\/\/www.myautopartsfactory.com\/","logo":{"@type":"ImageObject","inLanguage":"fr-FR","@id":"https:\/\/www.myautopartsfactory.com\/#\/schema\/logo\/image\/","url":"https:\/\/www.myautopartsfactory.com\/wp-content\/uploads\/2024\/05\/fav.jpg","contentUrl":"https:\/\/www.myautopartsfactory.com\/wp-content\/uploads\/2024\/05\/fav.jpg","width":80,"height":80,"caption":"YZHIDIANF"},"image":{"@id":"https:\/\/www.myautopartsfactory.com\/#\/schema\/logo\/image\/"}}]}},"acf":[],"_links":{"self":[{"href":"https:\/\/www.myautopartsfactory.com\/fr\/wp-json\/wp\/v2\/product\/3716","targetHints":{"allow":["GET"]}}],"collection":[{"href":"https:\/\/www.myautopartsfactory.com\/fr\/wp-json\/wp\/v2\/product"}],"about":[{"href":"https:\/\/www.myautopartsfactory.com\/fr\/wp-json\/wp\/v2\/types\/product"}],"version-history":[{"count":0,"href":"https:\/\/www.myautopartsfactory.com\/fr\/wp-json\/wp\/v2\/product\/3716\/revisions"}],"wp:featuredmedia":[{"embeddable":true,"href":"https:\/\/www.myautopartsfactory.com\/fr\/wp-json\/wp\/v2\/media\/3723"}],"wp:attachment":[{"href":"https:\/\/www.myautopartsfactory.com\/fr\/wp-json\/wp\/v2\/media?parent=3716"}],"wp:term":[{"taxonomy":"product-tag","embeddable":true,"href":"https:\/\/www.myautopartsfactory.com\/fr\/wp-json\/wp\/v2\/product-tag?post=3716"},{"taxonomy":"products","embeddable":true,"href":"https:\/\/www.myautopartsfactory.com\/fr\/wp-json\/wp\/v2\/products?post=3716"},{"taxonomy":"brand","embeddable":true,"href":"https:\/\/www.myautopartsfactory.com\/fr\/wp-json\/wp\/v2\/brand?post=3716"}],"curies":[{"name":"wp","href":"https:\/\/api.w.org\/{rel}","templated":true}]}}