{"id":3606,"date":"2024-07-19T15:45:55","date_gmt":"2024-07-19T07:45:55","guid":{"rendered":"https:\/\/www.myautopartsfactory.com\/?post_type=product&#038;p=3606"},"modified":"2024-07-19T15:53:35","modified_gmt":"2024-07-19T07:53:35","slug":"ignition-coil-27301-2b010-273012b010-27300-2b010-273002b010-for-korean-car-hyundai-k-ia-l4-1-6l","status":"publish","type":"product","link":"https:\/\/www.myautopartsfactory.com\/fr\/product\/ignition-coil-27301-2b010-273012b010-27300-2b010-273002b010-for-korean-car-hyundai-k-ia-l4-1-6l","title":{"rendered":"Bobine d'allumage 27301-2B010 273012B010 27300-2B010 273002B010 Pour Voiture Cor\u00e9enne Hyundai K-ia L4 1.6L"},"content":{"rendered":"<p><strong>Caract\u00e9ristiques et avantages :<\/strong><\/p>\n\n\n\n<ul class=\"wp-block-list\">\n<li>Ajustement parfait, installation facile<\/li>\n\n\n\n<li>Fabriqu\u00e9 selon les sp\u00e9cifications de l'usine pour une installation sans probl\u00e8me.<\/li>\n\n\n\n<li>Designed as a direct replacement for your original Ignition Coil, ensuring excellent fitment and performance.<\/li>\n<\/ul>\n\n\n\n<p><strong>Caract\u00e9ristiques du produit\uff1a<\/strong><\/p>\n\n\n\n<ul class=\"wp-block-list\">\n<li><strong>Durabilit\u00e9 :<\/strong> Able to work stably for a long time, with high durability and reliability.<\/li>\n\n\n\n<li><strong>High-voltage output: <\/strong>Converts low-voltage current into high-voltage output, generatingenough voltage between the spark plugs to ignite the mixed gas.<\/li>\n\n\n\n<li><strong>High-temperature performance: <\/strong>Able to work normally in high-temperature environments because higher temperatures are generated when the engine is running.<\/li>\n<\/ul>","protected":false},"excerpt":{"rendered":"Features &amp; Benefits: Product Features\uff1a","protected":false},"featured_media":3607,"menu_order":0,"template":"","meta":[],"product-tag":[],"products":[101],"brand":[53,54],"class_list":["post-3606","product","type-product","status-publish","has-post-thumbnail","hentry","products-ignition-coils","brand-hyundai","brand-kia"],"yoast_head":"<!-- This site is optimized with the Yoast SEO plugin v27.3 - https:\/\/yoast.com\/product\/yoast-seo-wordpress\/ -->\n<title>Ignition Coil 27301-2B010 273012B010 27300-2B010 273002B010 For Korean Car Hyundai K-ia L4 1.6L - YZHIDIANF<\/title>\n<meta name=\"robots\" content=\"index, follow, max-snippet:-1, max-image-preview:large, max-video-preview:-1\" \/>\n<link rel=\"canonical\" href=\"https:\/\/www.myautopartsfactory.com\/fr\/product\/ignition-coil-27301-2b010-273012b010-27300-2b010-273002b010-for-korean-car-hyundai-k-ia-l4-1-6l\/\" \/>\n<meta property=\"og:locale\" content=\"fr_FR\" \/>\n<meta property=\"og:type\" content=\"article\" \/>\n<meta property=\"og:title\" content=\"Ignition Coil 27301-2B010 273012B010 27300-2B010 273002B010 For Korean Car Hyundai K-ia L4 1.6L - YZHIDIANF\" \/>\n<meta property=\"og:description\" content=\"Features &amp; Benefits: Product Features\uff1a\" \/>\n<meta property=\"og:url\" content=\"https:\/\/www.myautopartsfactory.com\/fr\/product\/ignition-coil-27301-2b010-273012b010-27300-2b010-273002b010-for-korean-car-hyundai-k-ia-l4-1-6l\/\" \/>\n<meta property=\"og:site_name\" content=\"YZHIDIANF\" \/>\n<meta property=\"article:modified_time\" content=\"2024-07-19T07:53:35+00:00\" \/>\n<meta property=\"og:image\" content=\"https:\/\/www.myautopartsfactory.com\/wp-content\/uploads\/2024\/07\/27301-2B010-1.jpg\" \/>\n\t<meta property=\"og:image:width\" content=\"800\" \/>\n\t<meta property=\"og:image:height\" content=\"739\" \/>\n\t<meta property=\"og:image:type\" content=\"image\/jpeg\" \/>\n<meta name=\"twitter:card\" content=\"summary_large_image\" \/>\n<meta name=\"twitter:label1\" content=\"Dur\u00e9e de lecture estim\u00e9e\" \/>\n\t<meta name=\"twitter:data1\" content=\"1 minute\" \/>\n<script type=\"application\/ld+json\" class=\"yoast-schema-graph\">{\"@context\":\"https:\\\/\\\/schema.org\",\"@graph\":[{\"@type\":\"WebPage\",\"@id\":\"https:\\\/\\\/www.myautopartsfactory.com\\\/product\\\/ignition-coil-27301-2b010-273012b010-27300-2b010-273002b010-for-korean-car-hyundai-k-ia-l4-1-6l\",\"url\":\"https:\\\/\\\/www.myautopartsfactory.com\\\/product\\\/ignition-coil-27301-2b010-273012b010-27300-2b010-273002b010-for-korean-car-hyundai-k-ia-l4-1-6l\",\"name\":\"Ignition Coil 27301-2B010 273012B010 27300-2B010 273002B010 For Korean Car Hyundai K-ia L4 1.6L - YZHIDIANF\",\"isPartOf\":{\"@id\":\"https:\\\/\\\/www.myautopartsfactory.com\\\/#website\"},\"primaryImageOfPage\":{\"@id\":\"https:\\\/\\\/www.myautopartsfactory.com\\\/product\\\/ignition-coil-27301-2b010-273012b010-27300-2b010-273002b010-for-korean-car-hyundai-k-ia-l4-1-6l#primaryimage\"},\"image\":{\"@id\":\"https:\\\/\\\/www.myautopartsfactory.com\\\/product\\\/ignition-coil-27301-2b010-273012b010-27300-2b010-273002b010-for-korean-car-hyundai-k-ia-l4-1-6l#primaryimage\"},\"thumbnailUrl\":\"https:\\\/\\\/www.myautopartsfactory.com\\\/wp-content\\\/uploads\\\/2024\\\/07\\\/27301-2B010-1.jpg\",\"datePublished\":\"2024-07-19T07:45:55+00:00\",\"dateModified\":\"2024-07-19T07:53:35+00:00\",\"breadcrumb\":{\"@id\":\"https:\\\/\\\/www.myautopartsfactory.com\\\/product\\\/ignition-coil-27301-2b010-273012b010-27300-2b010-273002b010-for-korean-car-hyundai-k-ia-l4-1-6l#breadcrumb\"},\"inLanguage\":\"fr-FR\",\"potentialAction\":[{\"@type\":\"ReadAction\",\"target\":[\"https:\\\/\\\/www.myautopartsfactory.com\\\/product\\\/ignition-coil-27301-2b010-273012b010-27300-2b010-273002b010-for-korean-car-hyundai-k-ia-l4-1-6l\"]}]},{\"@type\":\"ImageObject\",\"inLanguage\":\"fr-FR\",\"@id\":\"https:\\\/\\\/www.myautopartsfactory.com\\\/product\\\/ignition-coil-27301-2b010-273012b010-27300-2b010-273002b010-for-korean-car-hyundai-k-ia-l4-1-6l#primaryimage\",\"url\":\"https:\\\/\\\/www.myautopartsfactory.com\\\/wp-content\\\/uploads\\\/2024\\\/07\\\/27301-2B010-1.jpg\",\"contentUrl\":\"https:\\\/\\\/www.myautopartsfactory.com\\\/wp-content\\\/uploads\\\/2024\\\/07\\\/27301-2B010-1.jpg\",\"width\":800,\"height\":739,\"caption\":\"27301-2B010\"},{\"@type\":\"BreadcrumbList\",\"@id\":\"https:\\\/\\\/www.myautopartsfactory.com\\\/product\\\/ignition-coil-27301-2b010-273012b010-27300-2b010-273002b010-for-korean-car-hyundai-k-ia-l4-1-6l#breadcrumb\",\"itemListElement\":[{\"@type\":\"ListItem\",\"position\":1,\"name\":\"\u9996\u9875\",\"item\":\"https:\\\/\\\/www.myautopartsfactory.com\\\/\"},{\"@type\":\"ListItem\",\"position\":2,\"name\":\"Ignition Coil 27301-2B010 273012B010 27300-2B010 273002B010 For Korean Car Hyundai K-ia L4 1.6L\"}]},{\"@type\":\"WebSite\",\"@id\":\"https:\\\/\\\/www.myautopartsfactory.com\\\/#website\",\"url\":\"https:\\\/\\\/www.myautopartsfactory.com\\\/\",\"name\":\"YZHIDIANF\",\"description\":\"One-Stop Auto Parts Supplier\",\"publisher\":{\"@id\":\"https:\\\/\\\/www.myautopartsfactory.com\\\/#organization\"},\"potentialAction\":[{\"@type\":\"SearchAction\",\"target\":{\"@type\":\"EntryPoint\",\"urlTemplate\":\"https:\\\/\\\/www.myautopartsfactory.com\\\/?s={search_term_string}\"},\"query-input\":{\"@type\":\"PropertyValueSpecification\",\"valueRequired\":true,\"valueName\":\"search_term_string\"}}],\"inLanguage\":\"fr-FR\"},{\"@type\":\"Organization\",\"@id\":\"https:\\\/\\\/www.myautopartsfactory.com\\\/#organization\",\"name\":\"YZHIDIANF\",\"url\":\"https:\\\/\\\/www.myautopartsfactory.com\\\/\",\"logo\":{\"@type\":\"ImageObject\",\"inLanguage\":\"fr-FR\",\"@id\":\"https:\\\/\\\/www.myautopartsfactory.com\\\/#\\\/schema\\\/logo\\\/image\\\/\",\"url\":\"https:\\\/\\\/www.myautopartsfactory.com\\\/wp-content\\\/uploads\\\/2024\\\/05\\\/fav.jpg\",\"contentUrl\":\"https:\\\/\\\/www.myautopartsfactory.com\\\/wp-content\\\/uploads\\\/2024\\\/05\\\/fav.jpg\",\"width\":80,\"height\":80,\"caption\":\"YZHIDIANF\"},\"image\":{\"@id\":\"https:\\\/\\\/www.myautopartsfactory.com\\\/#\\\/schema\\\/logo\\\/image\\\/\"}}]}<\/script>\n<!-- \/ Yoast SEO plugin. -->","yoast_head_json":{"title":"Ignition Coil 27301-2B010 273012B010 27300-2B010 273002B010 For Korean Car Hyundai K-ia L4 1.6L - YZHIDIANF","robots":{"index":"index","follow":"follow","max-snippet":"max-snippet:-1","max-image-preview":"max-image-preview:large","max-video-preview":"max-video-preview:-1"},"canonical":"https:\/\/www.myautopartsfactory.com\/fr\/product\/ignition-coil-27301-2b010-273012b010-27300-2b010-273002b010-for-korean-car-hyundai-k-ia-l4-1-6l\/","og_locale":"fr_FR","og_type":"article","og_title":"Ignition Coil 27301-2B010 273012B010 27300-2B010 273002B010 For Korean Car Hyundai K-ia L4 1.6L - YZHIDIANF","og_description":"Features &amp; Benefits: Product Features\uff1a","og_url":"https:\/\/www.myautopartsfactory.com\/fr\/product\/ignition-coil-27301-2b010-273012b010-27300-2b010-273002b010-for-korean-car-hyundai-k-ia-l4-1-6l\/","og_site_name":"YZHIDIANF","article_modified_time":"2024-07-19T07:53:35+00:00","og_image":[{"width":800,"height":739,"url":"https:\/\/www.myautopartsfactory.com\/wp-content\/uploads\/2024\/07\/27301-2B010-1.jpg","type":"image\/jpeg"}],"twitter_card":"summary_large_image","twitter_misc":{"Dur\u00e9e de lecture estim\u00e9e":"1 minute"},"schema":{"@context":"https:\/\/schema.org","@graph":[{"@type":"WebPage","@id":"https:\/\/www.myautopartsfactory.com\/product\/ignition-coil-27301-2b010-273012b010-27300-2b010-273002b010-for-korean-car-hyundai-k-ia-l4-1-6l","url":"https:\/\/www.myautopartsfactory.com\/product\/ignition-coil-27301-2b010-273012b010-27300-2b010-273002b010-for-korean-car-hyundai-k-ia-l4-1-6l","name":"Ignition Coil 27301-2B010 273012B010 27300-2B010 273002B010 For Korean Car Hyundai K-ia L4 1.6L - YZHIDIANF","isPartOf":{"@id":"https:\/\/www.myautopartsfactory.com\/#website"},"primaryImageOfPage":{"@id":"https:\/\/www.myautopartsfactory.com\/product\/ignition-coil-27301-2b010-273012b010-27300-2b010-273002b010-for-korean-car-hyundai-k-ia-l4-1-6l#primaryimage"},"image":{"@id":"https:\/\/www.myautopartsfactory.com\/product\/ignition-coil-27301-2b010-273012b010-27300-2b010-273002b010-for-korean-car-hyundai-k-ia-l4-1-6l#primaryimage"},"thumbnailUrl":"https:\/\/www.myautopartsfactory.com\/wp-content\/uploads\/2024\/07\/27301-2B010-1.jpg","datePublished":"2024-07-19T07:45:55+00:00","dateModified":"2024-07-19T07:53:35+00:00","breadcrumb":{"@id":"https:\/\/www.myautopartsfactory.com\/product\/ignition-coil-27301-2b010-273012b010-27300-2b010-273002b010-for-korean-car-hyundai-k-ia-l4-1-6l#breadcrumb"},"inLanguage":"fr-FR","potentialAction":[{"@type":"ReadAction","target":["https:\/\/www.myautopartsfactory.com\/product\/ignition-coil-27301-2b010-273012b010-27300-2b010-273002b010-for-korean-car-hyundai-k-ia-l4-1-6l"]}]},{"@type":"ImageObject","inLanguage":"fr-FR","@id":"https:\/\/www.myautopartsfactory.com\/product\/ignition-coil-27301-2b010-273012b010-27300-2b010-273002b010-for-korean-car-hyundai-k-ia-l4-1-6l#primaryimage","url":"https:\/\/www.myautopartsfactory.com\/wp-content\/uploads\/2024\/07\/27301-2B010-1.jpg","contentUrl":"https:\/\/www.myautopartsfactory.com\/wp-content\/uploads\/2024\/07\/27301-2B010-1.jpg","width":800,"height":739,"caption":"27301-2B010"},{"@type":"BreadcrumbList","@id":"https:\/\/www.myautopartsfactory.com\/product\/ignition-coil-27301-2b010-273012b010-27300-2b010-273002b010-for-korean-car-hyundai-k-ia-l4-1-6l#breadcrumb","itemListElement":[{"@type":"ListItem","position":1,"name":"\u9996\u9875","item":"https:\/\/www.myautopartsfactory.com\/"},{"@type":"ListItem","position":2,"name":"Ignition Coil 27301-2B010 273012B010 27300-2B010 273002B010 For Korean Car Hyundai K-ia L4 1.6L"}]},{"@type":"WebSite","@id":"https:\/\/www.myautopartsfactory.com\/#website","url":"https:\/\/www.myautopartsfactory.com\/","name":"YZHIDIANF","description":"Fournisseur unique de pi\u00e8ces d\u00e9tach\u00e9es automobiles","publisher":{"@id":"https:\/\/www.myautopartsfactory.com\/#organization"},"potentialAction":[{"@type":"SearchAction","target":{"@type":"EntryPoint","urlTemplate":"https:\/\/www.myautopartsfactory.com\/?s={search_term_string}"},"query-input":{"@type":"PropertyValueSpecification","valueRequired":true,"valueName":"search_term_string"}}],"inLanguage":"fr-FR"},{"@type":"Organization","@id":"https:\/\/www.myautopartsfactory.com\/#organization","name":"YZHIDIANF","url":"https:\/\/www.myautopartsfactory.com\/","logo":{"@type":"ImageObject","inLanguage":"fr-FR","@id":"https:\/\/www.myautopartsfactory.com\/#\/schema\/logo\/image\/","url":"https:\/\/www.myautopartsfactory.com\/wp-content\/uploads\/2024\/05\/fav.jpg","contentUrl":"https:\/\/www.myautopartsfactory.com\/wp-content\/uploads\/2024\/05\/fav.jpg","width":80,"height":80,"caption":"YZHIDIANF"},"image":{"@id":"https:\/\/www.myautopartsfactory.com\/#\/schema\/logo\/image\/"}}]}},"acf":[],"_links":{"self":[{"href":"https:\/\/www.myautopartsfactory.com\/fr\/wp-json\/wp\/v2\/product\/3606","targetHints":{"allow":["GET"]}}],"collection":[{"href":"https:\/\/www.myautopartsfactory.com\/fr\/wp-json\/wp\/v2\/product"}],"about":[{"href":"https:\/\/www.myautopartsfactory.com\/fr\/wp-json\/wp\/v2\/types\/product"}],"version-history":[{"count":0,"href":"https:\/\/www.myautopartsfactory.com\/fr\/wp-json\/wp\/v2\/product\/3606\/revisions"}],"wp:featuredmedia":[{"embeddable":true,"href":"https:\/\/www.myautopartsfactory.com\/fr\/wp-json\/wp\/v2\/media\/3607"}],"wp:attachment":[{"href":"https:\/\/www.myautopartsfactory.com\/fr\/wp-json\/wp\/v2\/media?parent=3606"}],"wp:term":[{"taxonomy":"product-tag","embeddable":true,"href":"https:\/\/www.myautopartsfactory.com\/fr\/wp-json\/wp\/v2\/product-tag?post=3606"},{"taxonomy":"products","embeddable":true,"href":"https:\/\/www.myautopartsfactory.com\/fr\/wp-json\/wp\/v2\/products?post=3606"},{"taxonomy":"brand","embeddable":true,"href":"https:\/\/www.myautopartsfactory.com\/fr\/wp-json\/wp\/v2\/brand?post=3606"}],"curies":[{"name":"wp","href":"https:\/\/api.w.org\/{rel}","templated":true}]}}