{"id":3417,"date":"2024-07-18T10:10:12","date_gmt":"2024-07-18T02:10:12","guid":{"rendered":"https:\/\/www.myautopartsfactory.com\/?post_type=product&#038;p=3417"},"modified":"2024-07-18T10:10:13","modified_gmt":"2024-07-18T02:10:13","slug":"wholesale-auto-parts-mass-air-flow-sensor-1975000030-197500-0030-22204-30030-maf-sensor-for-toyota-yaris-hybrid-land-cruiser","status":"publish","type":"product","link":"https:\/\/www.myautopartsfactory.com\/fr\/product\/wholesale-auto-parts-mass-air-flow-sensor-1975000030-197500-0030-22204-30030-maf-sensor-for-toyota-yaris-hybrid-land-cruiser","title":{"rendered":"Wholesale Auto Parts Mass Air Flow Sensor 1975000030 197500-0030 22204-30030 MAF Sensor For Toyota Yaris Hybrid Land Cruiser"},"content":{"rendered":"<h2 class=\"wp-block-heading\"><strong>Caract\u00e9ristiques et avantages :<\/strong><\/h2>\n\n\n\n<ul class=\"wp-block-list\">\n<li>Ajustement parfait, installation facile<\/li>\n\n\n\n<li>Fabriqu\u00e9 selon les sp\u00e9cifications de l'usine pour une installation sans probl\u00e8me.<\/li>\n\n\n\n<li>Con\u00e7u pour remplacer directement le capteur de d\u00e9bit d'air massique d'origine, il garantit une adaptation et des performances excellentes.<\/li>\n<\/ul>\n\n\n\n<h2 class=\"wp-block-heading\"><strong>Caract\u00e9ristiques du produit\uff1a<\/strong><\/h2>\n\n\n\n<ul class=\"wp-block-list\">\n<li><strong>\u00c9conomie d'\u00e9nergie et protection de l'environnement : <\/strong>La conception \u00e0 faible consommation d'\u00e9nergie permet d'\u00e9conomiser efficacement l'\u00e9nergie.<\/li>\n\n\n\n<li><strong>Plusieurs options d'interface et de taille :<\/strong> Fournit une vari\u00e9t\u00e9 d'interfaces et d'options de taille pour r\u00e9pondre aux diff\u00e9rents besoins d'application.<\/li>\n\n\n\n<li><strong>Fiabilit\u00e9 et stabilit\u00e9 : <\/strong>G\u00e9n\u00e9ralement fabriqu\u00e9s avec des mat\u00e9riaux et des proc\u00e9d\u00e9s de haute qualit\u00e9, ils pr\u00e9sentent une bonne fiabilit\u00e9 et une bonne stabilit\u00e9.<\/li>\n<\/ul>","protected":false},"excerpt":{"rendered":"Features &amp; Benefits: Product Features\uff1a","protected":false},"featured_media":3419,"menu_order":0,"template":"","meta":[],"product-tag":[],"products":[9],"brand":[32],"class_list":["post-3417","product","type-product","status-publish","has-post-thumbnail","hentry","products-air-flow-sensor-maf","brand-toyota"],"yoast_head":"<!-- This site is optimized with the Yoast SEO plugin v27.3 - https:\/\/yoast.com\/product\/yoast-seo-wordpress\/ -->\n<title>Wholesale Auto Parts Mass Air Flow Sensor 1975000030 197500-0030 22204-30030 MAF Sensor For Toyota Yaris Hybrid Land Cruiser - YZHIDIANF<\/title>\n<meta name=\"robots\" content=\"index, follow, max-snippet:-1, max-image-preview:large, max-video-preview:-1\" \/>\n<link rel=\"canonical\" href=\"https:\/\/www.myautopartsfactory.com\/fr\/product\/wholesale-auto-parts-mass-air-flow-sensor-1975000030-197500-0030-22204-30030-maf-sensor-for-toyota-yaris-hybrid-land-cruiser\/\" \/>\n<meta property=\"og:locale\" content=\"fr_FR\" \/>\n<meta property=\"og:type\" content=\"article\" \/>\n<meta property=\"og:title\" content=\"Wholesale Auto Parts Mass Air Flow Sensor 1975000030 197500-0030 22204-30030 MAF Sensor For Toyota Yaris Hybrid Land Cruiser - YZHIDIANF\" \/>\n<meta property=\"og:description\" content=\"Features &amp; Benefits: Product Features\uff1a\" \/>\n<meta property=\"og:url\" content=\"https:\/\/www.myautopartsfactory.com\/fr\/product\/wholesale-auto-parts-mass-air-flow-sensor-1975000030-197500-0030-22204-30030-maf-sensor-for-toyota-yaris-hybrid-land-cruiser\/\" \/>\n<meta property=\"og:site_name\" content=\"YZHIDIANF\" \/>\n<meta property=\"article:modified_time\" content=\"2024-07-18T02:10:13+00:00\" \/>\n<meta property=\"og:image\" content=\"https:\/\/www.myautopartsfactory.com\/wp-content\/uploads\/2024\/07\/22204-30030-2.jpg\" \/>\n\t<meta property=\"og:image:width\" content=\"800\" \/>\n\t<meta property=\"og:image:height\" content=\"800\" \/>\n\t<meta property=\"og:image:type\" content=\"image\/jpeg\" \/>\n<meta name=\"twitter:card\" content=\"summary_large_image\" \/>\n<meta name=\"twitter:label1\" content=\"Dur\u00e9e de lecture estim\u00e9e\" \/>\n\t<meta name=\"twitter:data1\" content=\"1 minute\" \/>\n<script type=\"application\/ld+json\" class=\"yoast-schema-graph\">{\"@context\":\"https:\\\/\\\/schema.org\",\"@graph\":[{\"@type\":\"WebPage\",\"@id\":\"https:\\\/\\\/www.myautopartsfactory.com\\\/product\\\/wholesale-auto-parts-mass-air-flow-sensor-1975000030-197500-0030-22204-30030-maf-sensor-for-toyota-yaris-hybrid-land-cruiser\",\"url\":\"https:\\\/\\\/www.myautopartsfactory.com\\\/product\\\/wholesale-auto-parts-mass-air-flow-sensor-1975000030-197500-0030-22204-30030-maf-sensor-for-toyota-yaris-hybrid-land-cruiser\",\"name\":\"Wholesale Auto Parts Mass Air Flow Sensor 1975000030 197500-0030 22204-30030 MAF Sensor For Toyota Yaris Hybrid Land Cruiser - YZHIDIANF\",\"isPartOf\":{\"@id\":\"https:\\\/\\\/www.myautopartsfactory.com\\\/#website\"},\"primaryImageOfPage\":{\"@id\":\"https:\\\/\\\/www.myautopartsfactory.com\\\/product\\\/wholesale-auto-parts-mass-air-flow-sensor-1975000030-197500-0030-22204-30030-maf-sensor-for-toyota-yaris-hybrid-land-cruiser#primaryimage\"},\"image\":{\"@id\":\"https:\\\/\\\/www.myautopartsfactory.com\\\/product\\\/wholesale-auto-parts-mass-air-flow-sensor-1975000030-197500-0030-22204-30030-maf-sensor-for-toyota-yaris-hybrid-land-cruiser#primaryimage\"},\"thumbnailUrl\":\"https:\\\/\\\/www.myautopartsfactory.com\\\/wp-content\\\/uploads\\\/2024\\\/07\\\/22204-30030-2.jpg\",\"datePublished\":\"2024-07-18T02:10:12+00:00\",\"dateModified\":\"2024-07-18T02:10:13+00:00\",\"breadcrumb\":{\"@id\":\"https:\\\/\\\/www.myautopartsfactory.com\\\/product\\\/wholesale-auto-parts-mass-air-flow-sensor-1975000030-197500-0030-22204-30030-maf-sensor-for-toyota-yaris-hybrid-land-cruiser#breadcrumb\"},\"inLanguage\":\"fr-FR\",\"potentialAction\":[{\"@type\":\"ReadAction\",\"target\":[\"https:\\\/\\\/www.myautopartsfactory.com\\\/product\\\/wholesale-auto-parts-mass-air-flow-sensor-1975000030-197500-0030-22204-30030-maf-sensor-for-toyota-yaris-hybrid-land-cruiser\"]}]},{\"@type\":\"ImageObject\",\"inLanguage\":\"fr-FR\",\"@id\":\"https:\\\/\\\/www.myautopartsfactory.com\\\/product\\\/wholesale-auto-parts-mass-air-flow-sensor-1975000030-197500-0030-22204-30030-maf-sensor-for-toyota-yaris-hybrid-land-cruiser#primaryimage\",\"url\":\"https:\\\/\\\/www.myautopartsfactory.com\\\/wp-content\\\/uploads\\\/2024\\\/07\\\/22204-30030-2.jpg\",\"contentUrl\":\"https:\\\/\\\/www.myautopartsfactory.com\\\/wp-content\\\/uploads\\\/2024\\\/07\\\/22204-30030-2.jpg\",\"width\":800,\"height\":800,\"caption\":\"22204-30030\"},{\"@type\":\"BreadcrumbList\",\"@id\":\"https:\\\/\\\/www.myautopartsfactory.com\\\/product\\\/wholesale-auto-parts-mass-air-flow-sensor-1975000030-197500-0030-22204-30030-maf-sensor-for-toyota-yaris-hybrid-land-cruiser#breadcrumb\",\"itemListElement\":[{\"@type\":\"ListItem\",\"position\":1,\"name\":\"\u9996\u9875\",\"item\":\"https:\\\/\\\/www.myautopartsfactory.com\\\/\"},{\"@type\":\"ListItem\",\"position\":2,\"name\":\"Wholesale Auto Parts Mass Air Flow Sensor 1975000030 197500-0030 22204-30030 MAF Sensor For Toyota Yaris Hybrid Land Cruiser\"}]},{\"@type\":\"WebSite\",\"@id\":\"https:\\\/\\\/www.myautopartsfactory.com\\\/#website\",\"url\":\"https:\\\/\\\/www.myautopartsfactory.com\\\/\",\"name\":\"YZHIDIANF\",\"description\":\"One-Stop Auto Parts Supplier\",\"publisher\":{\"@id\":\"https:\\\/\\\/www.myautopartsfactory.com\\\/#organization\"},\"potentialAction\":[{\"@type\":\"SearchAction\",\"target\":{\"@type\":\"EntryPoint\",\"urlTemplate\":\"https:\\\/\\\/www.myautopartsfactory.com\\\/?s={search_term_string}\"},\"query-input\":{\"@type\":\"PropertyValueSpecification\",\"valueRequired\":true,\"valueName\":\"search_term_string\"}}],\"inLanguage\":\"fr-FR\"},{\"@type\":\"Organization\",\"@id\":\"https:\\\/\\\/www.myautopartsfactory.com\\\/#organization\",\"name\":\"YZHIDIANF\",\"url\":\"https:\\\/\\\/www.myautopartsfactory.com\\\/\",\"logo\":{\"@type\":\"ImageObject\",\"inLanguage\":\"fr-FR\",\"@id\":\"https:\\\/\\\/www.myautopartsfactory.com\\\/#\\\/schema\\\/logo\\\/image\\\/\",\"url\":\"https:\\\/\\\/www.myautopartsfactory.com\\\/wp-content\\\/uploads\\\/2024\\\/05\\\/fav.jpg\",\"contentUrl\":\"https:\\\/\\\/www.myautopartsfactory.com\\\/wp-content\\\/uploads\\\/2024\\\/05\\\/fav.jpg\",\"width\":80,\"height\":80,\"caption\":\"YZHIDIANF\"},\"image\":{\"@id\":\"https:\\\/\\\/www.myautopartsfactory.com\\\/#\\\/schema\\\/logo\\\/image\\\/\"}}]}<\/script>\n<!-- \/ Yoast SEO plugin. -->","yoast_head_json":{"title":"Wholesale Auto Parts Mass Air Flow Sensor 1975000030 197500-0030 22204-30030 MAF Sensor For Toyota Yaris Hybrid Land Cruiser - YZHIDIANF","robots":{"index":"index","follow":"follow","max-snippet":"max-snippet:-1","max-image-preview":"max-image-preview:large","max-video-preview":"max-video-preview:-1"},"canonical":"https:\/\/www.myautopartsfactory.com\/fr\/product\/wholesale-auto-parts-mass-air-flow-sensor-1975000030-197500-0030-22204-30030-maf-sensor-for-toyota-yaris-hybrid-land-cruiser\/","og_locale":"fr_FR","og_type":"article","og_title":"Wholesale Auto Parts Mass Air Flow Sensor 1975000030 197500-0030 22204-30030 MAF Sensor For Toyota Yaris Hybrid Land Cruiser - YZHIDIANF","og_description":"Features &amp; Benefits: Product Features\uff1a","og_url":"https:\/\/www.myautopartsfactory.com\/fr\/product\/wholesale-auto-parts-mass-air-flow-sensor-1975000030-197500-0030-22204-30030-maf-sensor-for-toyota-yaris-hybrid-land-cruiser\/","og_site_name":"YZHIDIANF","article_modified_time":"2024-07-18T02:10:13+00:00","og_image":[{"width":800,"height":800,"url":"https:\/\/www.myautopartsfactory.com\/wp-content\/uploads\/2024\/07\/22204-30030-2.jpg","type":"image\/jpeg"}],"twitter_card":"summary_large_image","twitter_misc":{"Dur\u00e9e de lecture estim\u00e9e":"1 minute"},"schema":{"@context":"https:\/\/schema.org","@graph":[{"@type":"WebPage","@id":"https:\/\/www.myautopartsfactory.com\/product\/wholesale-auto-parts-mass-air-flow-sensor-1975000030-197500-0030-22204-30030-maf-sensor-for-toyota-yaris-hybrid-land-cruiser","url":"https:\/\/www.myautopartsfactory.com\/product\/wholesale-auto-parts-mass-air-flow-sensor-1975000030-197500-0030-22204-30030-maf-sensor-for-toyota-yaris-hybrid-land-cruiser","name":"Wholesale Auto Parts Mass Air Flow Sensor 1975000030 197500-0030 22204-30030 MAF Sensor For Toyota Yaris Hybrid Land Cruiser - YZHIDIANF","isPartOf":{"@id":"https:\/\/www.myautopartsfactory.com\/#website"},"primaryImageOfPage":{"@id":"https:\/\/www.myautopartsfactory.com\/product\/wholesale-auto-parts-mass-air-flow-sensor-1975000030-197500-0030-22204-30030-maf-sensor-for-toyota-yaris-hybrid-land-cruiser#primaryimage"},"image":{"@id":"https:\/\/www.myautopartsfactory.com\/product\/wholesale-auto-parts-mass-air-flow-sensor-1975000030-197500-0030-22204-30030-maf-sensor-for-toyota-yaris-hybrid-land-cruiser#primaryimage"},"thumbnailUrl":"https:\/\/www.myautopartsfactory.com\/wp-content\/uploads\/2024\/07\/22204-30030-2.jpg","datePublished":"2024-07-18T02:10:12+00:00","dateModified":"2024-07-18T02:10:13+00:00","breadcrumb":{"@id":"https:\/\/www.myautopartsfactory.com\/product\/wholesale-auto-parts-mass-air-flow-sensor-1975000030-197500-0030-22204-30030-maf-sensor-for-toyota-yaris-hybrid-land-cruiser#breadcrumb"},"inLanguage":"fr-FR","potentialAction":[{"@type":"ReadAction","target":["https:\/\/www.myautopartsfactory.com\/product\/wholesale-auto-parts-mass-air-flow-sensor-1975000030-197500-0030-22204-30030-maf-sensor-for-toyota-yaris-hybrid-land-cruiser"]}]},{"@type":"ImageObject","inLanguage":"fr-FR","@id":"https:\/\/www.myautopartsfactory.com\/product\/wholesale-auto-parts-mass-air-flow-sensor-1975000030-197500-0030-22204-30030-maf-sensor-for-toyota-yaris-hybrid-land-cruiser#primaryimage","url":"https:\/\/www.myautopartsfactory.com\/wp-content\/uploads\/2024\/07\/22204-30030-2.jpg","contentUrl":"https:\/\/www.myautopartsfactory.com\/wp-content\/uploads\/2024\/07\/22204-30030-2.jpg","width":800,"height":800,"caption":"22204-30030"},{"@type":"BreadcrumbList","@id":"https:\/\/www.myautopartsfactory.com\/product\/wholesale-auto-parts-mass-air-flow-sensor-1975000030-197500-0030-22204-30030-maf-sensor-for-toyota-yaris-hybrid-land-cruiser#breadcrumb","itemListElement":[{"@type":"ListItem","position":1,"name":"\u9996\u9875","item":"https:\/\/www.myautopartsfactory.com\/"},{"@type":"ListItem","position":2,"name":"Wholesale Auto Parts Mass Air Flow Sensor 1975000030 197500-0030 22204-30030 MAF Sensor For Toyota Yaris Hybrid Land Cruiser"}]},{"@type":"WebSite","@id":"https:\/\/www.myautopartsfactory.com\/#website","url":"https:\/\/www.myautopartsfactory.com\/","name":"YZHIDIANF","description":"Fournisseur unique de pi\u00e8ces d\u00e9tach\u00e9es automobiles","publisher":{"@id":"https:\/\/www.myautopartsfactory.com\/#organization"},"potentialAction":[{"@type":"SearchAction","target":{"@type":"EntryPoint","urlTemplate":"https:\/\/www.myautopartsfactory.com\/?s={search_term_string}"},"query-input":{"@type":"PropertyValueSpecification","valueRequired":true,"valueName":"search_term_string"}}],"inLanguage":"fr-FR"},{"@type":"Organization","@id":"https:\/\/www.myautopartsfactory.com\/#organization","name":"YZHIDIANF","url":"https:\/\/www.myautopartsfactory.com\/","logo":{"@type":"ImageObject","inLanguage":"fr-FR","@id":"https:\/\/www.myautopartsfactory.com\/#\/schema\/logo\/image\/","url":"https:\/\/www.myautopartsfactory.com\/wp-content\/uploads\/2024\/05\/fav.jpg","contentUrl":"https:\/\/www.myautopartsfactory.com\/wp-content\/uploads\/2024\/05\/fav.jpg","width":80,"height":80,"caption":"YZHIDIANF"},"image":{"@id":"https:\/\/www.myautopartsfactory.com\/#\/schema\/logo\/image\/"}}]}},"acf":[],"_links":{"self":[{"href":"https:\/\/www.myautopartsfactory.com\/fr\/wp-json\/wp\/v2\/product\/3417","targetHints":{"allow":["GET"]}}],"collection":[{"href":"https:\/\/www.myautopartsfactory.com\/fr\/wp-json\/wp\/v2\/product"}],"about":[{"href":"https:\/\/www.myautopartsfactory.com\/fr\/wp-json\/wp\/v2\/types\/product"}],"version-history":[{"count":0,"href":"https:\/\/www.myautopartsfactory.com\/fr\/wp-json\/wp\/v2\/product\/3417\/revisions"}],"wp:featuredmedia":[{"embeddable":true,"href":"https:\/\/www.myautopartsfactory.com\/fr\/wp-json\/wp\/v2\/media\/3419"}],"wp:attachment":[{"href":"https:\/\/www.myautopartsfactory.com\/fr\/wp-json\/wp\/v2\/media?parent=3417"}],"wp:term":[{"taxonomy":"product-tag","embeddable":true,"href":"https:\/\/www.myautopartsfactory.com\/fr\/wp-json\/wp\/v2\/product-tag?post=3417"},{"taxonomy":"products","embeddable":true,"href":"https:\/\/www.myautopartsfactory.com\/fr\/wp-json\/wp\/v2\/products?post=3417"},{"taxonomy":"brand","embeddable":true,"href":"https:\/\/www.myautopartsfactory.com\/fr\/wp-json\/wp\/v2\/brand?post=3417"}],"curies":[{"name":"wp","href":"https:\/\/api.w.org\/{rel}","templated":true}]}}