{"id":306,"date":"2024-05-10T11:48:58","date_gmt":"2024-05-10T03:48:58","guid":{"rendered":"https:\/\/www.myautopartsfactory.com\/?post_type=product&#038;p=306"},"modified":"2024-05-10T11:49:00","modified_gmt":"2024-05-10T03:49:00","slug":"wholesale-crankshaft-position-sensor-cps-5s1695-su1207-pc123-10456256-for-chevrolet-gmc-oldsmobile","status":"publish","type":"product","link":"https:\/\/www.myautopartsfactory.com\/fr\/product\/wholesale-crankshaft-position-sensor-cps-5s1695-su1207-pc123-10456256-for-chevrolet-gmc-oldsmobile","title":{"rendered":"Wholesale Crankshaft Position Sensor CPS 5S1695 SU1207 PC123 10456256 Pour Chevrolet GMC Oldsmobile"},"content":{"rendered":"<h2 class=\"wp-block-heading\">Caract\u00e9ristiques et avantages :<\/h2>\n\n\n\n<p>Ajustement parfait, installation facile<\/p>\n\n\n\n<p>\u25cfFabriqu\u00e9 selon les sp\u00e9cifications de l'usine pour une installation sans tracas.<\/p>\n\n\n\n<p>\u25cfCon\u00e7u comme un remplacement direct de votre capteur de position de vilebrequin d'origine, garantissant un excellent ajustement et d'excellentes performances.<\/p>\n\n\n\n<h2 class=\"wp-block-heading\">Caract\u00e9ristiques du produit\uff1a<\/h2>\n\n\n\n<p>\u25cfHaute pr\u00e9cision : Fournir des donn\u00e9es de position du vilebrequin de haute pr\u00e9cision pour assurer un contr\u00f4le pr\u00e9cis dans diff\u00e9rentes conditions de travail.<\/p>\n\n\n\n<p>\u25cfFiabilit\u00e9 : Capables de fonctionner de mani\u00e8re stable dans des environnements de travail difficiles et dot\u00e9s de certaines capacit\u00e9s anti-interf\u00e9rences.<\/p>\n\n\n\n<p>\u25cfSortie de signal num\u00e9rique : \u00e9met g\u00e9n\u00e9ralement un signal num\u00e9rique pour une communication et un \u00e9change de donn\u00e9es rapides et pr\u00e9cis avec d'autres unit\u00e9s de contr\u00f4le \u00e9lectronique.<\/p>","protected":false},"excerpt":{"rendered":"Features &amp; Benefits: Perfect Fit, Easy Installation \u25cfMade to factory specifications for a hassle-free installation. \u25cfDesigned as a direct replacement for your original crankshaft position sensor, ensuring excellent fitment and performance. Product Features\uff1a \u25cfHigh precision: Provide high-precision crankshaft position data to ensure precise control under different working conditions. \u25cfReliability: Able to work stably in harsh [&hellip;]","protected":false},"featured_media":307,"menu_order":0,"template":"","meta":[],"product-tag":[],"products":[6],"brand":[],"class_list":["post-306","product","type-product","status-publish","has-post-thumbnail","hentry","products-crankshaft-position-sensor"],"yoast_head":"<!-- This site is optimized with the Yoast SEO plugin v27.3 - https:\/\/yoast.com\/product\/yoast-seo-wordpress\/ -->\n<title>Wholesale Crankshaft Position Sensor CPS 5S1695 SU1207 PC123 10456256 For Chevrolet GMC Oldsmobile - YZHIDIANF<\/title>\n<meta name=\"robots\" content=\"index, follow, max-snippet:-1, max-image-preview:large, max-video-preview:-1\" \/>\n<link rel=\"canonical\" href=\"https:\/\/www.myautopartsfactory.com\/fr\/product\/wholesale-crankshaft-position-sensor-cps-5s1695-su1207-pc123-10456256-for-chevrolet-gmc-oldsmobile\/\" \/>\n<meta property=\"og:locale\" content=\"fr_FR\" \/>\n<meta property=\"og:type\" content=\"article\" \/>\n<meta property=\"og:title\" content=\"Wholesale Crankshaft Position Sensor CPS 5S1695 SU1207 PC123 10456256 For Chevrolet GMC Oldsmobile - YZHIDIANF\" \/>\n<meta property=\"og:description\" content=\"Features &amp; Benefits: Perfect Fit, Easy Installation \u25cfMade to factory specifications for a hassle-free installation. \u25cfDesigned as a direct replacement for your original crankshaft position sensor, ensuring excellent fitment and performance. Product Features\uff1a \u25cfHigh precision: Provide high-precision crankshaft position data to ensure precise control under different working conditions. \u25cfReliability: Able to work stably in harsh [&hellip;]\" \/>\n<meta property=\"og:url\" content=\"https:\/\/www.myautopartsfactory.com\/fr\/product\/wholesale-crankshaft-position-sensor-cps-5s1695-su1207-pc123-10456256-for-chevrolet-gmc-oldsmobile\/\" \/>\n<meta property=\"og:site_name\" content=\"YZHIDIANF\" \/>\n<meta property=\"article:modified_time\" content=\"2024-05-10T03:49:00+00:00\" \/>\n<meta property=\"og:image\" content=\"https:\/\/www.myautopartsfactory.com\/wp-content\/uploads\/2024\/05\/SU1207-1.jpg\" \/>\n\t<meta property=\"og:image:width\" content=\"800\" \/>\n\t<meta property=\"og:image:height\" content=\"800\" \/>\n\t<meta property=\"og:image:type\" content=\"image\/jpeg\" \/>\n<meta name=\"twitter:card\" content=\"summary_large_image\" \/>\n<script type=\"application\/ld+json\" class=\"yoast-schema-graph\">{\"@context\":\"https:\\\/\\\/schema.org\",\"@graph\":[{\"@type\":\"WebPage\",\"@id\":\"https:\\\/\\\/www.myautopartsfactory.com\\\/product\\\/wholesale-crankshaft-position-sensor-cps-5s1695-su1207-pc123-10456256-for-chevrolet-gmc-oldsmobile\",\"url\":\"https:\\\/\\\/www.myautopartsfactory.com\\\/product\\\/wholesale-crankshaft-position-sensor-cps-5s1695-su1207-pc123-10456256-for-chevrolet-gmc-oldsmobile\",\"name\":\"Wholesale Crankshaft Position Sensor CPS 5S1695 SU1207 PC123 10456256 For Chevrolet GMC Oldsmobile - YZHIDIANF\",\"isPartOf\":{\"@id\":\"https:\\\/\\\/www.myautopartsfactory.com\\\/#website\"},\"primaryImageOfPage\":{\"@id\":\"https:\\\/\\\/www.myautopartsfactory.com\\\/product\\\/wholesale-crankshaft-position-sensor-cps-5s1695-su1207-pc123-10456256-for-chevrolet-gmc-oldsmobile#primaryimage\"},\"image\":{\"@id\":\"https:\\\/\\\/www.myautopartsfactory.com\\\/product\\\/wholesale-crankshaft-position-sensor-cps-5s1695-su1207-pc123-10456256-for-chevrolet-gmc-oldsmobile#primaryimage\"},\"thumbnailUrl\":\"https:\\\/\\\/www.myautopartsfactory.com\\\/wp-content\\\/uploads\\\/2024\\\/05\\\/SU1207-1.jpg\",\"datePublished\":\"2024-05-10T03:48:58+00:00\",\"dateModified\":\"2024-05-10T03:49:00+00:00\",\"breadcrumb\":{\"@id\":\"https:\\\/\\\/www.myautopartsfactory.com\\\/product\\\/wholesale-crankshaft-position-sensor-cps-5s1695-su1207-pc123-10456256-for-chevrolet-gmc-oldsmobile#breadcrumb\"},\"inLanguage\":\"fr-FR\",\"potentialAction\":[{\"@type\":\"ReadAction\",\"target\":[\"https:\\\/\\\/www.myautopartsfactory.com\\\/product\\\/wholesale-crankshaft-position-sensor-cps-5s1695-su1207-pc123-10456256-for-chevrolet-gmc-oldsmobile\"]}]},{\"@type\":\"ImageObject\",\"inLanguage\":\"fr-FR\",\"@id\":\"https:\\\/\\\/www.myautopartsfactory.com\\\/product\\\/wholesale-crankshaft-position-sensor-cps-5s1695-su1207-pc123-10456256-for-chevrolet-gmc-oldsmobile#primaryimage\",\"url\":\"https:\\\/\\\/www.myautopartsfactory.com\\\/wp-content\\\/uploads\\\/2024\\\/05\\\/SU1207-1.jpg\",\"contentUrl\":\"https:\\\/\\\/www.myautopartsfactory.com\\\/wp-content\\\/uploads\\\/2024\\\/05\\\/SU1207-1.jpg\",\"width\":800,\"height\":800},{\"@type\":\"BreadcrumbList\",\"@id\":\"https:\\\/\\\/www.myautopartsfactory.com\\\/product\\\/wholesale-crankshaft-position-sensor-cps-5s1695-su1207-pc123-10456256-for-chevrolet-gmc-oldsmobile#breadcrumb\",\"itemListElement\":[{\"@type\":\"ListItem\",\"position\":1,\"name\":\"\u9996\u9875\",\"item\":\"https:\\\/\\\/www.myautopartsfactory.com\\\/\"},{\"@type\":\"ListItem\",\"position\":2,\"name\":\"Wholesale Crankshaft Position Sensor CPS 5S1695 SU1207 PC123 10456256 For Chevrolet GMC Oldsmobile\"}]},{\"@type\":\"WebSite\",\"@id\":\"https:\\\/\\\/www.myautopartsfactory.com\\\/#website\",\"url\":\"https:\\\/\\\/www.myautopartsfactory.com\\\/\",\"name\":\"YZHIDIANF\",\"description\":\"One-Stop Auto Parts Supplier\",\"publisher\":{\"@id\":\"https:\\\/\\\/www.myautopartsfactory.com\\\/#organization\"},\"potentialAction\":[{\"@type\":\"SearchAction\",\"target\":{\"@type\":\"EntryPoint\",\"urlTemplate\":\"https:\\\/\\\/www.myautopartsfactory.com\\\/?s={search_term_string}\"},\"query-input\":{\"@type\":\"PropertyValueSpecification\",\"valueRequired\":true,\"valueName\":\"search_term_string\"}}],\"inLanguage\":\"fr-FR\"},{\"@type\":\"Organization\",\"@id\":\"https:\\\/\\\/www.myautopartsfactory.com\\\/#organization\",\"name\":\"YZHIDIANF\",\"url\":\"https:\\\/\\\/www.myautopartsfactory.com\\\/\",\"logo\":{\"@type\":\"ImageObject\",\"inLanguage\":\"fr-FR\",\"@id\":\"https:\\\/\\\/www.myautopartsfactory.com\\\/#\\\/schema\\\/logo\\\/image\\\/\",\"url\":\"https:\\\/\\\/www.myautopartsfactory.com\\\/wp-content\\\/uploads\\\/2024\\\/05\\\/fav.jpg\",\"contentUrl\":\"https:\\\/\\\/www.myautopartsfactory.com\\\/wp-content\\\/uploads\\\/2024\\\/05\\\/fav.jpg\",\"width\":80,\"height\":80,\"caption\":\"YZHIDIANF\"},\"image\":{\"@id\":\"https:\\\/\\\/www.myautopartsfactory.com\\\/#\\\/schema\\\/logo\\\/image\\\/\"}}]}<\/script>\n<!-- \/ Yoast SEO plugin. -->","yoast_head_json":{"title":"Grossiste Capteur de Position Vilebrequin CPS 5S1695 SU1207 PC123 10456256 Pour Chevrolet GMC Oldsmobile - YZHIDIANF","robots":{"index":"index","follow":"follow","max-snippet":"max-snippet:-1","max-image-preview":"max-image-preview:large","max-video-preview":"max-video-preview:-1"},"canonical":"https:\/\/www.myautopartsfactory.com\/fr\/product\/wholesale-crankshaft-position-sensor-cps-5s1695-su1207-pc123-10456256-for-chevrolet-gmc-oldsmobile\/","og_locale":"fr_FR","og_type":"article","og_title":"Wholesale Crankshaft Position Sensor CPS 5S1695 SU1207 PC123 10456256 For Chevrolet GMC Oldsmobile - YZHIDIANF","og_description":"Features &amp; Benefits: Perfect Fit, Easy Installation \u25cfMade to factory specifications for a hassle-free installation. \u25cfDesigned as a direct replacement for your original crankshaft position sensor, ensuring excellent fitment and performance. Product Features\uff1a \u25cfHigh precision: Provide high-precision crankshaft position data to ensure precise control under different working conditions. \u25cfReliability: Able to work stably in harsh [&hellip;]","og_url":"https:\/\/www.myautopartsfactory.com\/fr\/product\/wholesale-crankshaft-position-sensor-cps-5s1695-su1207-pc123-10456256-for-chevrolet-gmc-oldsmobile\/","og_site_name":"YZHIDIANF","article_modified_time":"2024-05-10T03:49:00+00:00","og_image":[{"width":800,"height":800,"url":"https:\/\/www.myautopartsfactory.com\/wp-content\/uploads\/2024\/05\/SU1207-1.jpg","type":"image\/jpeg"}],"twitter_card":"summary_large_image","schema":{"@context":"https:\/\/schema.org","@graph":[{"@type":"WebPage","@id":"https:\/\/www.myautopartsfactory.com\/product\/wholesale-crankshaft-position-sensor-cps-5s1695-su1207-pc123-10456256-for-chevrolet-gmc-oldsmobile","url":"https:\/\/www.myautopartsfactory.com\/product\/wholesale-crankshaft-position-sensor-cps-5s1695-su1207-pc123-10456256-for-chevrolet-gmc-oldsmobile","name":"Grossiste Capteur de Position Vilebrequin CPS 5S1695 SU1207 PC123 10456256 Pour Chevrolet GMC Oldsmobile - YZHIDIANF","isPartOf":{"@id":"https:\/\/www.myautopartsfactory.com\/#website"},"primaryImageOfPage":{"@id":"https:\/\/www.myautopartsfactory.com\/product\/wholesale-crankshaft-position-sensor-cps-5s1695-su1207-pc123-10456256-for-chevrolet-gmc-oldsmobile#primaryimage"},"image":{"@id":"https:\/\/www.myautopartsfactory.com\/product\/wholesale-crankshaft-position-sensor-cps-5s1695-su1207-pc123-10456256-for-chevrolet-gmc-oldsmobile#primaryimage"},"thumbnailUrl":"https:\/\/www.myautopartsfactory.com\/wp-content\/uploads\/2024\/05\/SU1207-1.jpg","datePublished":"2024-05-10T03:48:58+00:00","dateModified":"2024-05-10T03:49:00+00:00","breadcrumb":{"@id":"https:\/\/www.myautopartsfactory.com\/product\/wholesale-crankshaft-position-sensor-cps-5s1695-su1207-pc123-10456256-for-chevrolet-gmc-oldsmobile#breadcrumb"},"inLanguage":"fr-FR","potentialAction":[{"@type":"ReadAction","target":["https:\/\/www.myautopartsfactory.com\/product\/wholesale-crankshaft-position-sensor-cps-5s1695-su1207-pc123-10456256-for-chevrolet-gmc-oldsmobile"]}]},{"@type":"ImageObject","inLanguage":"fr-FR","@id":"https:\/\/www.myautopartsfactory.com\/product\/wholesale-crankshaft-position-sensor-cps-5s1695-su1207-pc123-10456256-for-chevrolet-gmc-oldsmobile#primaryimage","url":"https:\/\/www.myautopartsfactory.com\/wp-content\/uploads\/2024\/05\/SU1207-1.jpg","contentUrl":"https:\/\/www.myautopartsfactory.com\/wp-content\/uploads\/2024\/05\/SU1207-1.jpg","width":800,"height":800},{"@type":"BreadcrumbList","@id":"https:\/\/www.myautopartsfactory.com\/product\/wholesale-crankshaft-position-sensor-cps-5s1695-su1207-pc123-10456256-for-chevrolet-gmc-oldsmobile#breadcrumb","itemListElement":[{"@type":"ListItem","position":1,"name":"\u9996\u9875","item":"https:\/\/www.myautopartsfactory.com\/"},{"@type":"ListItem","position":2,"name":"Wholesale Crankshaft Position Sensor CPS 5S1695 SU1207 PC123 10456256 For Chevrolet GMC Oldsmobile"}]},{"@type":"WebSite","@id":"https:\/\/www.myautopartsfactory.com\/#website","url":"https:\/\/www.myautopartsfactory.com\/","name":"YZHIDIANF","description":"Fournisseur unique de pi\u00e8ces d\u00e9tach\u00e9es automobiles","publisher":{"@id":"https:\/\/www.myautopartsfactory.com\/#organization"},"potentialAction":[{"@type":"SearchAction","target":{"@type":"EntryPoint","urlTemplate":"https:\/\/www.myautopartsfactory.com\/?s={search_term_string}"},"query-input":{"@type":"PropertyValueSpecification","valueRequired":true,"valueName":"search_term_string"}}],"inLanguage":"fr-FR"},{"@type":"Organization","@id":"https:\/\/www.myautopartsfactory.com\/#organization","name":"YZHIDIANF","url":"https:\/\/www.myautopartsfactory.com\/","logo":{"@type":"ImageObject","inLanguage":"fr-FR","@id":"https:\/\/www.myautopartsfactory.com\/#\/schema\/logo\/image\/","url":"https:\/\/www.myautopartsfactory.com\/wp-content\/uploads\/2024\/05\/fav.jpg","contentUrl":"https:\/\/www.myautopartsfactory.com\/wp-content\/uploads\/2024\/05\/fav.jpg","width":80,"height":80,"caption":"YZHIDIANF"},"image":{"@id":"https:\/\/www.myautopartsfactory.com\/#\/schema\/logo\/image\/"}}]}},"acf":[],"_links":{"self":[{"href":"https:\/\/www.myautopartsfactory.com\/fr\/wp-json\/wp\/v2\/product\/306","targetHints":{"allow":["GET"]}}],"collection":[{"href":"https:\/\/www.myautopartsfactory.com\/fr\/wp-json\/wp\/v2\/product"}],"about":[{"href":"https:\/\/www.myautopartsfactory.com\/fr\/wp-json\/wp\/v2\/types\/product"}],"version-history":[{"count":0,"href":"https:\/\/www.myautopartsfactory.com\/fr\/wp-json\/wp\/v2\/product\/306\/revisions"}],"wp:featuredmedia":[{"embeddable":true,"href":"https:\/\/www.myautopartsfactory.com\/fr\/wp-json\/wp\/v2\/media\/307"}],"wp:attachment":[{"href":"https:\/\/www.myautopartsfactory.com\/fr\/wp-json\/wp\/v2\/media?parent=306"}],"wp:term":[{"taxonomy":"product-tag","embeddable":true,"href":"https:\/\/www.myautopartsfactory.com\/fr\/wp-json\/wp\/v2\/product-tag?post=306"},{"taxonomy":"products","embeddable":true,"href":"https:\/\/www.myautopartsfactory.com\/fr\/wp-json\/wp\/v2\/products?post=306"},{"taxonomy":"brand","embeddable":true,"href":"https:\/\/www.myautopartsfactory.com\/fr\/wp-json\/wp\/v2\/brand?post=306"}],"curies":[{"name":"wp","href":"https:\/\/api.w.org\/{rel}","templated":true}]}}