{"id":2879,"date":"2024-06-20T17:36:32","date_gmt":"2024-06-20T09:36:32","guid":{"rendered":"https:\/\/www.myautopartsfactory.com\/?post_type=product&#038;p=2879"},"modified":"2024-06-20T17:36:33","modified_gmt":"2024-06-20T09:36:33","slug":"factory-wholesale-car-o2-oxygen-sensor-89465-b1140-for-toyota-prado-2005-camry-hybrid-2019","status":"publish","type":"product","link":"https:\/\/www.myautopartsfactory.com\/fr\/product\/factory-wholesale-car-o2-oxygen-sensor-89465-b1140-for-toyota-prado-2005-camry-hybrid-2019","title":{"rendered":"Factory Wholesale Car O2 Oxygen Sensor 89465-B1140 For Toyota Prado 2005 Camry Hybrid 2019"},"content":{"rendered":"<h2 class=\"wp-block-heading\"><strong>Caract\u00e9ristiques et avantages :<\/strong><\/h2>\n\n\n\n<p>\u25cfUn ajustement parfait, une installation facile<\/p>\n\n\n\n<p>\u25cfFabriqu\u00e9 selon les sp\u00e9cifications de l'usine pour une installation sans tracas.<\/p>\n\n\n\n<p>\u25cfCon\u00e7u comme un remplacement direct de votre capteur d'oxyg\u00e8ne d'origine, assurant un excellent ajustement et d'excellentes performances.<\/p>\n\n\n\n<h2 class=\"wp-block-heading\"><strong>Caract\u00e9ristiques du produit\uff1a<\/strong><\/h2>\n\n\n\n<p>\u25cfLongue dur\u00e9e de vie : il a une longue dur\u00e9e de vie et peut continuer \u00e0 fonctionner pendant plusieurs ann\u00e9es sans \u00eatre remplac\u00e9 fr\u00e9quemment.<\/p>\n\n\n\n<p>\u25cfUne grande fiabilit\u00e9 : La conception est stable et fiable, a une capacit\u00e9 anti-interf\u00e9rence et n'est pas facilement affect\u00e9e par d'autres composants gazeux.<\/p>\n\n\n\n<p>\u25cfHaute pr\u00e9cision : Fournit des r\u00e9sultats de mesure de l'oxyg\u00e8ne de haute pr\u00e9cision, utilis\u00e9s dans les situations o\u00f9 des donn\u00e9es pr\u00e9cises sur la concentration d'oxyg\u00e8ne sont n\u00e9cessaires.<\/p>","protected":false},"excerpt":{"rendered":"Features &amp; Benefits: \u25cfPerfect Fit, Easy Installation \u25cfMade to factory specifications for a hassle-free installation. \u25cfDesigned as a direct replacement for your original oxygen sensor, ensuring excellent fitment and performance. Product Features\uff1a \u25cfLong life: It has a long service life and can continue to work for several years without frequent replacement. \u25cfHigh reliability: The design [&hellip;]","protected":false},"featured_media":2885,"menu_order":0,"template":"","meta":[],"product-tag":[],"products":[4],"brand":[32],"class_list":["post-2879","product","type-product","status-publish","has-post-thumbnail","hentry","products-oxygen-sensor","brand-toyota"],"yoast_head":"<!-- This site is optimized with the Yoast SEO plugin v27.3 - https:\/\/yoast.com\/product\/yoast-seo-wordpress\/ -->\n<title>Factory Wholesale Car O2 Oxygen Sensor 89465-B1140 For Toyota Prado 2005 Camry Hybrid 2019 - YZHIDIANF<\/title>\n<meta name=\"robots\" content=\"index, follow, max-snippet:-1, max-image-preview:large, max-video-preview:-1\" \/>\n<link rel=\"canonical\" href=\"https:\/\/www.myautopartsfactory.com\/fr\/product\/factory-wholesale-car-o2-oxygen-sensor-89465-b1140-for-toyota-prado-2005-camry-hybrid-2019\/\" \/>\n<meta property=\"og:locale\" content=\"fr_FR\" \/>\n<meta property=\"og:type\" content=\"article\" \/>\n<meta property=\"og:title\" content=\"Factory Wholesale Car O2 Oxygen Sensor 89465-B1140 For Toyota Prado 2005 Camry Hybrid 2019 - YZHIDIANF\" \/>\n<meta property=\"og:description\" content=\"Features &amp; Benefits: \u25cfPerfect Fit, Easy Installation \u25cfMade to factory specifications for a hassle-free installation. \u25cfDesigned as a direct replacement for your original oxygen sensor, ensuring excellent fitment and performance. Product Features\uff1a \u25cfLong life: It has a long service life and can continue to work for several years without frequent replacement. \u25cfHigh reliability: The design [&hellip;]\" \/>\n<meta property=\"og:url\" content=\"https:\/\/www.myautopartsfactory.com\/fr\/product\/factory-wholesale-car-o2-oxygen-sensor-89465-b1140-for-toyota-prado-2005-camry-hybrid-2019\/\" \/>\n<meta property=\"og:site_name\" content=\"YZHIDIANF\" \/>\n<meta property=\"article:modified_time\" content=\"2024-06-20T09:36:33+00:00\" \/>\n<meta property=\"og:image\" content=\"https:\/\/www.myautopartsfactory.com\/wp-content\/uploads\/2024\/06\/89465-B1140-6.jpg\" \/>\n\t<meta property=\"og:image:width\" content=\"800\" \/>\n\t<meta property=\"og:image:height\" content=\"800\" \/>\n\t<meta property=\"og:image:type\" content=\"image\/jpeg\" \/>\n<meta name=\"twitter:card\" content=\"summary_large_image\" \/>\n<meta name=\"twitter:label1\" content=\"Dur\u00e9e de lecture estim\u00e9e\" \/>\n\t<meta name=\"twitter:data1\" content=\"1 minute\" \/>\n<script type=\"application\/ld+json\" class=\"yoast-schema-graph\">{\"@context\":\"https:\\\/\\\/schema.org\",\"@graph\":[{\"@type\":\"WebPage\",\"@id\":\"https:\\\/\\\/www.myautopartsfactory.com\\\/product\\\/factory-wholesale-car-o2-oxygen-sensor-89465-b1140-for-toyota-prado-2005-camry-hybrid-2019\",\"url\":\"https:\\\/\\\/www.myautopartsfactory.com\\\/product\\\/factory-wholesale-car-o2-oxygen-sensor-89465-b1140-for-toyota-prado-2005-camry-hybrid-2019\",\"name\":\"Factory Wholesale Car O2 Oxygen Sensor 89465-B1140 For Toyota Prado 2005 Camry Hybrid 2019 - YZHIDIANF\",\"isPartOf\":{\"@id\":\"https:\\\/\\\/www.myautopartsfactory.com\\\/#website\"},\"primaryImageOfPage\":{\"@id\":\"https:\\\/\\\/www.myautopartsfactory.com\\\/product\\\/factory-wholesale-car-o2-oxygen-sensor-89465-b1140-for-toyota-prado-2005-camry-hybrid-2019#primaryimage\"},\"image\":{\"@id\":\"https:\\\/\\\/www.myautopartsfactory.com\\\/product\\\/factory-wholesale-car-o2-oxygen-sensor-89465-b1140-for-toyota-prado-2005-camry-hybrid-2019#primaryimage\"},\"thumbnailUrl\":\"https:\\\/\\\/www.myautopartsfactory.com\\\/wp-content\\\/uploads\\\/2024\\\/06\\\/89465-B1140-6.jpg\",\"datePublished\":\"2024-06-20T09:36:32+00:00\",\"dateModified\":\"2024-06-20T09:36:33+00:00\",\"breadcrumb\":{\"@id\":\"https:\\\/\\\/www.myautopartsfactory.com\\\/product\\\/factory-wholesale-car-o2-oxygen-sensor-89465-b1140-for-toyota-prado-2005-camry-hybrid-2019#breadcrumb\"},\"inLanguage\":\"fr-FR\",\"potentialAction\":[{\"@type\":\"ReadAction\",\"target\":[\"https:\\\/\\\/www.myautopartsfactory.com\\\/product\\\/factory-wholesale-car-o2-oxygen-sensor-89465-b1140-for-toyota-prado-2005-camry-hybrid-2019\"]}]},{\"@type\":\"ImageObject\",\"inLanguage\":\"fr-FR\",\"@id\":\"https:\\\/\\\/www.myautopartsfactory.com\\\/product\\\/factory-wholesale-car-o2-oxygen-sensor-89465-b1140-for-toyota-prado-2005-camry-hybrid-2019#primaryimage\",\"url\":\"https:\\\/\\\/www.myautopartsfactory.com\\\/wp-content\\\/uploads\\\/2024\\\/06\\\/89465-B1140-6.jpg\",\"contentUrl\":\"https:\\\/\\\/www.myautopartsfactory.com\\\/wp-content\\\/uploads\\\/2024\\\/06\\\/89465-B1140-6.jpg\",\"width\":800,\"height\":800},{\"@type\":\"BreadcrumbList\",\"@id\":\"https:\\\/\\\/www.myautopartsfactory.com\\\/product\\\/factory-wholesale-car-o2-oxygen-sensor-89465-b1140-for-toyota-prado-2005-camry-hybrid-2019#breadcrumb\",\"itemListElement\":[{\"@type\":\"ListItem\",\"position\":1,\"name\":\"\u9996\u9875\",\"item\":\"https:\\\/\\\/www.myautopartsfactory.com\\\/\"},{\"@type\":\"ListItem\",\"position\":2,\"name\":\"Factory Wholesale Car O2 Oxygen Sensor 89465-B1140 For Toyota Prado 2005 Camry Hybrid 2019\"}]},{\"@type\":\"WebSite\",\"@id\":\"https:\\\/\\\/www.myautopartsfactory.com\\\/#website\",\"url\":\"https:\\\/\\\/www.myautopartsfactory.com\\\/\",\"name\":\"YZHIDIANF\",\"description\":\"One-Stop Auto Parts Supplier\",\"publisher\":{\"@id\":\"https:\\\/\\\/www.myautopartsfactory.com\\\/#organization\"},\"potentialAction\":[{\"@type\":\"SearchAction\",\"target\":{\"@type\":\"EntryPoint\",\"urlTemplate\":\"https:\\\/\\\/www.myautopartsfactory.com\\\/?s={search_term_string}\"},\"query-input\":{\"@type\":\"PropertyValueSpecification\",\"valueRequired\":true,\"valueName\":\"search_term_string\"}}],\"inLanguage\":\"fr-FR\"},{\"@type\":\"Organization\",\"@id\":\"https:\\\/\\\/www.myautopartsfactory.com\\\/#organization\",\"name\":\"YZHIDIANF\",\"url\":\"https:\\\/\\\/www.myautopartsfactory.com\\\/\",\"logo\":{\"@type\":\"ImageObject\",\"inLanguage\":\"fr-FR\",\"@id\":\"https:\\\/\\\/www.myautopartsfactory.com\\\/#\\\/schema\\\/logo\\\/image\\\/\",\"url\":\"https:\\\/\\\/www.myautopartsfactory.com\\\/wp-content\\\/uploads\\\/2024\\\/05\\\/fav.jpg\",\"contentUrl\":\"https:\\\/\\\/www.myautopartsfactory.com\\\/wp-content\\\/uploads\\\/2024\\\/05\\\/fav.jpg\",\"width\":80,\"height\":80,\"caption\":\"YZHIDIANF\"},\"image\":{\"@id\":\"https:\\\/\\\/www.myautopartsfactory.com\\\/#\\\/schema\\\/logo\\\/image\\\/\"}}]}<\/script>\n<!-- \/ Yoast SEO plugin. -->","yoast_head_json":{"title":"Factory Wholesale Car O2 Oxygen Sensor 89465-B1140 For Toyota Prado 2005 Camry Hybrid 2019 - YZHIDIANF","robots":{"index":"index","follow":"follow","max-snippet":"max-snippet:-1","max-image-preview":"max-image-preview:large","max-video-preview":"max-video-preview:-1"},"canonical":"https:\/\/www.myautopartsfactory.com\/fr\/product\/factory-wholesale-car-o2-oxygen-sensor-89465-b1140-for-toyota-prado-2005-camry-hybrid-2019\/","og_locale":"fr_FR","og_type":"article","og_title":"Factory Wholesale Car O2 Oxygen Sensor 89465-B1140 For Toyota Prado 2005 Camry Hybrid 2019 - YZHIDIANF","og_description":"Features &amp; Benefits: \u25cfPerfect Fit, Easy Installation \u25cfMade to factory specifications for a hassle-free installation. \u25cfDesigned as a direct replacement for your original oxygen sensor, ensuring excellent fitment and performance. Product Features\uff1a \u25cfLong life: It has a long service life and can continue to work for several years without frequent replacement. \u25cfHigh reliability: The design [&hellip;]","og_url":"https:\/\/www.myautopartsfactory.com\/fr\/product\/factory-wholesale-car-o2-oxygen-sensor-89465-b1140-for-toyota-prado-2005-camry-hybrid-2019\/","og_site_name":"YZHIDIANF","article_modified_time":"2024-06-20T09:36:33+00:00","og_image":[{"width":800,"height":800,"url":"https:\/\/www.myautopartsfactory.com\/wp-content\/uploads\/2024\/06\/89465-B1140-6.jpg","type":"image\/jpeg"}],"twitter_card":"summary_large_image","twitter_misc":{"Dur\u00e9e de lecture estim\u00e9e":"1 minute"},"schema":{"@context":"https:\/\/schema.org","@graph":[{"@type":"WebPage","@id":"https:\/\/www.myautopartsfactory.com\/product\/factory-wholesale-car-o2-oxygen-sensor-89465-b1140-for-toyota-prado-2005-camry-hybrid-2019","url":"https:\/\/www.myautopartsfactory.com\/product\/factory-wholesale-car-o2-oxygen-sensor-89465-b1140-for-toyota-prado-2005-camry-hybrid-2019","name":"Factory Wholesale Car O2 Oxygen Sensor 89465-B1140 For Toyota Prado 2005 Camry Hybrid 2019 - YZHIDIANF","isPartOf":{"@id":"https:\/\/www.myautopartsfactory.com\/#website"},"primaryImageOfPage":{"@id":"https:\/\/www.myautopartsfactory.com\/product\/factory-wholesale-car-o2-oxygen-sensor-89465-b1140-for-toyota-prado-2005-camry-hybrid-2019#primaryimage"},"image":{"@id":"https:\/\/www.myautopartsfactory.com\/product\/factory-wholesale-car-o2-oxygen-sensor-89465-b1140-for-toyota-prado-2005-camry-hybrid-2019#primaryimage"},"thumbnailUrl":"https:\/\/www.myautopartsfactory.com\/wp-content\/uploads\/2024\/06\/89465-B1140-6.jpg","datePublished":"2024-06-20T09:36:32+00:00","dateModified":"2024-06-20T09:36:33+00:00","breadcrumb":{"@id":"https:\/\/www.myautopartsfactory.com\/product\/factory-wholesale-car-o2-oxygen-sensor-89465-b1140-for-toyota-prado-2005-camry-hybrid-2019#breadcrumb"},"inLanguage":"fr-FR","potentialAction":[{"@type":"ReadAction","target":["https:\/\/www.myautopartsfactory.com\/product\/factory-wholesale-car-o2-oxygen-sensor-89465-b1140-for-toyota-prado-2005-camry-hybrid-2019"]}]},{"@type":"ImageObject","inLanguage":"fr-FR","@id":"https:\/\/www.myautopartsfactory.com\/product\/factory-wholesale-car-o2-oxygen-sensor-89465-b1140-for-toyota-prado-2005-camry-hybrid-2019#primaryimage","url":"https:\/\/www.myautopartsfactory.com\/wp-content\/uploads\/2024\/06\/89465-B1140-6.jpg","contentUrl":"https:\/\/www.myautopartsfactory.com\/wp-content\/uploads\/2024\/06\/89465-B1140-6.jpg","width":800,"height":800},{"@type":"BreadcrumbList","@id":"https:\/\/www.myautopartsfactory.com\/product\/factory-wholesale-car-o2-oxygen-sensor-89465-b1140-for-toyota-prado-2005-camry-hybrid-2019#breadcrumb","itemListElement":[{"@type":"ListItem","position":1,"name":"\u9996\u9875","item":"https:\/\/www.myautopartsfactory.com\/"},{"@type":"ListItem","position":2,"name":"Factory Wholesale Car O2 Oxygen Sensor 89465-B1140 For Toyota Prado 2005 Camry Hybrid 2019"}]},{"@type":"WebSite","@id":"https:\/\/www.myautopartsfactory.com\/#website","url":"https:\/\/www.myautopartsfactory.com\/","name":"YZHIDIANF","description":"Fournisseur unique de pi\u00e8ces d\u00e9tach\u00e9es automobiles","publisher":{"@id":"https:\/\/www.myautopartsfactory.com\/#organization"},"potentialAction":[{"@type":"SearchAction","target":{"@type":"EntryPoint","urlTemplate":"https:\/\/www.myautopartsfactory.com\/?s={search_term_string}"},"query-input":{"@type":"PropertyValueSpecification","valueRequired":true,"valueName":"search_term_string"}}],"inLanguage":"fr-FR"},{"@type":"Organization","@id":"https:\/\/www.myautopartsfactory.com\/#organization","name":"YZHIDIANF","url":"https:\/\/www.myautopartsfactory.com\/","logo":{"@type":"ImageObject","inLanguage":"fr-FR","@id":"https:\/\/www.myautopartsfactory.com\/#\/schema\/logo\/image\/","url":"https:\/\/www.myautopartsfactory.com\/wp-content\/uploads\/2024\/05\/fav.jpg","contentUrl":"https:\/\/www.myautopartsfactory.com\/wp-content\/uploads\/2024\/05\/fav.jpg","width":80,"height":80,"caption":"YZHIDIANF"},"image":{"@id":"https:\/\/www.myautopartsfactory.com\/#\/schema\/logo\/image\/"}}]}},"acf":[],"_links":{"self":[{"href":"https:\/\/www.myautopartsfactory.com\/fr\/wp-json\/wp\/v2\/product\/2879","targetHints":{"allow":["GET"]}}],"collection":[{"href":"https:\/\/www.myautopartsfactory.com\/fr\/wp-json\/wp\/v2\/product"}],"about":[{"href":"https:\/\/www.myautopartsfactory.com\/fr\/wp-json\/wp\/v2\/types\/product"}],"version-history":[{"count":0,"href":"https:\/\/www.myautopartsfactory.com\/fr\/wp-json\/wp\/v2\/product\/2879\/revisions"}],"wp:featuredmedia":[{"embeddable":true,"href":"https:\/\/www.myautopartsfactory.com\/fr\/wp-json\/wp\/v2\/media\/2885"}],"wp:attachment":[{"href":"https:\/\/www.myautopartsfactory.com\/fr\/wp-json\/wp\/v2\/media?parent=2879"}],"wp:term":[{"taxonomy":"product-tag","embeddable":true,"href":"https:\/\/www.myautopartsfactory.com\/fr\/wp-json\/wp\/v2\/product-tag?post=2879"},{"taxonomy":"products","embeddable":true,"href":"https:\/\/www.myautopartsfactory.com\/fr\/wp-json\/wp\/v2\/products?post=2879"},{"taxonomy":"brand","embeddable":true,"href":"https:\/\/www.myautopartsfactory.com\/fr\/wp-json\/wp\/v2\/brand?post=2879"}],"curies":[{"name":"wp","href":"https:\/\/api.w.org\/{rel}","templated":true}]}}