{"id":2169,"date":"2024-06-18T11:38:17","date_gmt":"2024-06-18T03:38:17","guid":{"rendered":"https:\/\/www.myautopartsfactory.com\/?post_type=product&#038;p=2169"},"modified":"2024-06-18T11:38:18","modified_gmt":"2024-06-18T03:38:18","slug":"wholesale-automotive-parts-3-pin-crankshaft-position-sensor-5029811ac-for-dodge-charger-jeep-chrysler-300","status":"publish","type":"product","link":"https:\/\/www.myautopartsfactory.com\/fr\/product\/wholesale-automotive-parts-3-pin-crankshaft-position-sensor-5029811ac-for-dodge-charger-jeep-chrysler-300","title":{"rendered":"Wholesale Automotive Parts 3-Pin Crankshaft Position Sensor 5029811AC  For Dodge Charger Jeep Chrysler 300"},"content":{"rendered":"<h2 class=\"wp-block-heading\">Caract\u00e9ristiques et avantages :<\/h2>\n\n\n\n<p>\u25cfUn ajustement parfait, une installation facile<\/p>\n\n\n\n<p>\u25cfFabriqu\u00e9 selon les sp\u00e9cifications de l'usine pour une installation sans tracas.<\/p>\n\n\n\n<p>\u25cfCon\u00e7u comme un remplacement direct de votre capteur de position de vilebrequin d'origine, garantissant un excellent ajustement et d'excellentes performances.<\/p>\n\n\n\n<h2 class=\"wp-block-heading\">Caract\u00e9ristiques du produit\uff1a<\/h2>\n\n\n\n<p>\u25cf<strong>Haute pr\u00e9cision<\/strong>: Fournir des donn\u00e9es de haute pr\u00e9cision sur la position du vilebrequin afin d'assurer un contr\u00f4le pr\u00e9cis dans diff\u00e9rentes conditions de travail.<\/p>\n\n\n\n<p>\u25cf<strong>Fiabilit\u00e9<\/strong>: Capables de fonctionner de mani\u00e8re stable dans des environnements de travail difficiles et dot\u00e9s de certaines capacit\u00e9s anti-interf\u00e9rences.<\/p>\n\n\n\n<p>\u25cf<strong>Sortie du signal num\u00e9rique<\/strong>L'unit\u00e9 de contr\u00f4le \u00e9lectronique : elle \u00e9met g\u00e9n\u00e9ralement un signal num\u00e9rique pour une communication et un \u00e9change de donn\u00e9es rapides et pr\u00e9cis avec d'autres unit\u00e9s de contr\u00f4le \u00e9lectronique.<\/p>","protected":false},"excerpt":{"rendered":"Features &amp; Benefits: \u25cfPerfect Fit, Easy Installation \u25cfMade to factory specifications for a hassle-free installation. \u25cfDesigned as a direct replacement for your original crankshaft position sensor, ensuring excellent fitment and performance. Product Features\uff1a \u25cfHigh precision: Provide high-precision crankshaft position data to ensure precise control under different working conditions. \u25cfReliability: Able to work stably in harsh [&hellip;]","protected":false},"featured_media":2174,"menu_order":0,"template":"","meta":[],"product-tag":[],"products":[6],"brand":[60],"class_list":["post-2169","product","type-product","status-publish","has-post-thumbnail","hentry","products-crankshaft-position-sensor","brand-chrysler"],"yoast_head":"<!-- This site is optimized with the Yoast SEO plugin v27.3 - https:\/\/yoast.com\/product\/yoast-seo-wordpress\/ -->\n<title>Wholesale Automotive Parts 3-Pin Crankshaft Position Sensor 5029811AC For Dodge Charger Jeep Chrysler 300 - YZHIDIANF<\/title>\n<meta name=\"robots\" content=\"index, follow, max-snippet:-1, max-image-preview:large, max-video-preview:-1\" \/>\n<link rel=\"canonical\" href=\"https:\/\/www.myautopartsfactory.com\/fr\/product\/wholesale-automotive-parts-3-pin-crankshaft-position-sensor-5029811ac-for-dodge-charger-jeep-chrysler-300\/\" \/>\n<meta property=\"og:locale\" content=\"fr_FR\" \/>\n<meta property=\"og:type\" content=\"article\" \/>\n<meta property=\"og:title\" content=\"Wholesale Automotive Parts 3-Pin Crankshaft Position Sensor 5029811AC For Dodge Charger Jeep Chrysler 300 - YZHIDIANF\" \/>\n<meta property=\"og:description\" content=\"Features &amp; Benefits: \u25cfPerfect Fit, Easy Installation \u25cfMade to factory specifications for a hassle-free installation. \u25cfDesigned as a direct replacement for your original crankshaft position sensor, ensuring excellent fitment and performance. Product Features\uff1a \u25cfHigh precision: Provide high-precision crankshaft position data to ensure precise control under different working conditions. \u25cfReliability: Able to work stably in harsh [&hellip;]\" \/>\n<meta property=\"og:url\" content=\"https:\/\/www.myautopartsfactory.com\/fr\/product\/wholesale-automotive-parts-3-pin-crankshaft-position-sensor-5029811ac-for-dodge-charger-jeep-chrysler-300\/\" \/>\n<meta property=\"og:site_name\" content=\"YZHIDIANF\" \/>\n<meta property=\"article:modified_time\" content=\"2024-06-18T03:38:18+00:00\" \/>\n<meta property=\"og:image\" content=\"https:\/\/www.myautopartsfactory.com\/wp-content\/uploads\/2024\/06\/5029811AC-5.jpg\" \/>\n\t<meta property=\"og:image:width\" content=\"800\" \/>\n\t<meta property=\"og:image:height\" content=\"800\" \/>\n\t<meta property=\"og:image:type\" content=\"image\/jpeg\" \/>\n<meta name=\"twitter:card\" content=\"summary_large_image\" \/>\n<meta name=\"twitter:label1\" content=\"Dur\u00e9e de lecture estim\u00e9e\" \/>\n\t<meta name=\"twitter:data1\" content=\"1 minute\" \/>\n<script type=\"application\/ld+json\" class=\"yoast-schema-graph\">{\"@context\":\"https:\\\/\\\/schema.org\",\"@graph\":[{\"@type\":\"WebPage\",\"@id\":\"https:\\\/\\\/www.myautopartsfactory.com\\\/product\\\/wholesale-automotive-parts-3-pin-crankshaft-position-sensor-5029811ac-for-dodge-charger-jeep-chrysler-300\",\"url\":\"https:\\\/\\\/www.myautopartsfactory.com\\\/product\\\/wholesale-automotive-parts-3-pin-crankshaft-position-sensor-5029811ac-for-dodge-charger-jeep-chrysler-300\",\"name\":\"Wholesale Automotive Parts 3-Pin Crankshaft Position Sensor 5029811AC For Dodge Charger Jeep Chrysler 300 - YZHIDIANF\",\"isPartOf\":{\"@id\":\"https:\\\/\\\/www.myautopartsfactory.com\\\/#website\"},\"primaryImageOfPage\":{\"@id\":\"https:\\\/\\\/www.myautopartsfactory.com\\\/product\\\/wholesale-automotive-parts-3-pin-crankshaft-position-sensor-5029811ac-for-dodge-charger-jeep-chrysler-300#primaryimage\"},\"image\":{\"@id\":\"https:\\\/\\\/www.myautopartsfactory.com\\\/product\\\/wholesale-automotive-parts-3-pin-crankshaft-position-sensor-5029811ac-for-dodge-charger-jeep-chrysler-300#primaryimage\"},\"thumbnailUrl\":\"https:\\\/\\\/www.myautopartsfactory.com\\\/wp-content\\\/uploads\\\/2024\\\/06\\\/5029811AC-5.jpg\",\"datePublished\":\"2024-06-18T03:38:17+00:00\",\"dateModified\":\"2024-06-18T03:38:18+00:00\",\"breadcrumb\":{\"@id\":\"https:\\\/\\\/www.myautopartsfactory.com\\\/product\\\/wholesale-automotive-parts-3-pin-crankshaft-position-sensor-5029811ac-for-dodge-charger-jeep-chrysler-300#breadcrumb\"},\"inLanguage\":\"fr-FR\",\"potentialAction\":[{\"@type\":\"ReadAction\",\"target\":[\"https:\\\/\\\/www.myautopartsfactory.com\\\/product\\\/wholesale-automotive-parts-3-pin-crankshaft-position-sensor-5029811ac-for-dodge-charger-jeep-chrysler-300\"]}]},{\"@type\":\"ImageObject\",\"inLanguage\":\"fr-FR\",\"@id\":\"https:\\\/\\\/www.myautopartsfactory.com\\\/product\\\/wholesale-automotive-parts-3-pin-crankshaft-position-sensor-5029811ac-for-dodge-charger-jeep-chrysler-300#primaryimage\",\"url\":\"https:\\\/\\\/www.myautopartsfactory.com\\\/wp-content\\\/uploads\\\/2024\\\/06\\\/5029811AC-5.jpg\",\"contentUrl\":\"https:\\\/\\\/www.myautopartsfactory.com\\\/wp-content\\\/uploads\\\/2024\\\/06\\\/5029811AC-5.jpg\",\"width\":800,\"height\":800},{\"@type\":\"BreadcrumbList\",\"@id\":\"https:\\\/\\\/www.myautopartsfactory.com\\\/product\\\/wholesale-automotive-parts-3-pin-crankshaft-position-sensor-5029811ac-for-dodge-charger-jeep-chrysler-300#breadcrumb\",\"itemListElement\":[{\"@type\":\"ListItem\",\"position\":1,\"name\":\"\u9996\u9875\",\"item\":\"https:\\\/\\\/www.myautopartsfactory.com\\\/\"},{\"@type\":\"ListItem\",\"position\":2,\"name\":\"Wholesale Automotive Parts 3-Pin Crankshaft Position Sensor 5029811AC For Dodge Charger Jeep Chrysler 300\"}]},{\"@type\":\"WebSite\",\"@id\":\"https:\\\/\\\/www.myautopartsfactory.com\\\/#website\",\"url\":\"https:\\\/\\\/www.myautopartsfactory.com\\\/\",\"name\":\"YZHIDIANF\",\"description\":\"One-Stop Auto Parts Supplier\",\"publisher\":{\"@id\":\"https:\\\/\\\/www.myautopartsfactory.com\\\/#organization\"},\"potentialAction\":[{\"@type\":\"SearchAction\",\"target\":{\"@type\":\"EntryPoint\",\"urlTemplate\":\"https:\\\/\\\/www.myautopartsfactory.com\\\/?s={search_term_string}\"},\"query-input\":{\"@type\":\"PropertyValueSpecification\",\"valueRequired\":true,\"valueName\":\"search_term_string\"}}],\"inLanguage\":\"fr-FR\"},{\"@type\":\"Organization\",\"@id\":\"https:\\\/\\\/www.myautopartsfactory.com\\\/#organization\",\"name\":\"YZHIDIANF\",\"url\":\"https:\\\/\\\/www.myautopartsfactory.com\\\/\",\"logo\":{\"@type\":\"ImageObject\",\"inLanguage\":\"fr-FR\",\"@id\":\"https:\\\/\\\/www.myautopartsfactory.com\\\/#\\\/schema\\\/logo\\\/image\\\/\",\"url\":\"https:\\\/\\\/www.myautopartsfactory.com\\\/wp-content\\\/uploads\\\/2024\\\/05\\\/fav.jpg\",\"contentUrl\":\"https:\\\/\\\/www.myautopartsfactory.com\\\/wp-content\\\/uploads\\\/2024\\\/05\\\/fav.jpg\",\"width\":80,\"height\":80,\"caption\":\"YZHIDIANF\"},\"image\":{\"@id\":\"https:\\\/\\\/www.myautopartsfactory.com\\\/#\\\/schema\\\/logo\\\/image\\\/\"}}]}<\/script>\n<!-- \/ Yoast SEO plugin. -->","yoast_head_json":{"title":"Wholesale Automotive Parts 3-Pin Crankshaft Position Sensor 5029811AC For Dodge Charger Jeep Chrysler 300 - YZHIDIANF","robots":{"index":"index","follow":"follow","max-snippet":"max-snippet:-1","max-image-preview":"max-image-preview:large","max-video-preview":"max-video-preview:-1"},"canonical":"https:\/\/www.myautopartsfactory.com\/fr\/product\/wholesale-automotive-parts-3-pin-crankshaft-position-sensor-5029811ac-for-dodge-charger-jeep-chrysler-300\/","og_locale":"fr_FR","og_type":"article","og_title":"Wholesale Automotive Parts 3-Pin Crankshaft Position Sensor 5029811AC For Dodge Charger Jeep Chrysler 300 - YZHIDIANF","og_description":"Features &amp; Benefits: \u25cfPerfect Fit, Easy Installation \u25cfMade to factory specifications for a hassle-free installation. \u25cfDesigned as a direct replacement for your original crankshaft position sensor, ensuring excellent fitment and performance. Product Features\uff1a \u25cfHigh precision: Provide high-precision crankshaft position data to ensure precise control under different working conditions. \u25cfReliability: Able to work stably in harsh [&hellip;]","og_url":"https:\/\/www.myautopartsfactory.com\/fr\/product\/wholesale-automotive-parts-3-pin-crankshaft-position-sensor-5029811ac-for-dodge-charger-jeep-chrysler-300\/","og_site_name":"YZHIDIANF","article_modified_time":"2024-06-18T03:38:18+00:00","og_image":[{"width":800,"height":800,"url":"https:\/\/www.myautopartsfactory.com\/wp-content\/uploads\/2024\/06\/5029811AC-5.jpg","type":"image\/jpeg"}],"twitter_card":"summary_large_image","twitter_misc":{"Dur\u00e9e de lecture estim\u00e9e":"1 minute"},"schema":{"@context":"https:\/\/schema.org","@graph":[{"@type":"WebPage","@id":"https:\/\/www.myautopartsfactory.com\/product\/wholesale-automotive-parts-3-pin-crankshaft-position-sensor-5029811ac-for-dodge-charger-jeep-chrysler-300","url":"https:\/\/www.myautopartsfactory.com\/product\/wholesale-automotive-parts-3-pin-crankshaft-position-sensor-5029811ac-for-dodge-charger-jeep-chrysler-300","name":"Wholesale Automotive Parts 3-Pin Crankshaft Position Sensor 5029811AC For Dodge Charger Jeep Chrysler 300 - YZHIDIANF","isPartOf":{"@id":"https:\/\/www.myautopartsfactory.com\/#website"},"primaryImageOfPage":{"@id":"https:\/\/www.myautopartsfactory.com\/product\/wholesale-automotive-parts-3-pin-crankshaft-position-sensor-5029811ac-for-dodge-charger-jeep-chrysler-300#primaryimage"},"image":{"@id":"https:\/\/www.myautopartsfactory.com\/product\/wholesale-automotive-parts-3-pin-crankshaft-position-sensor-5029811ac-for-dodge-charger-jeep-chrysler-300#primaryimage"},"thumbnailUrl":"https:\/\/www.myautopartsfactory.com\/wp-content\/uploads\/2024\/06\/5029811AC-5.jpg","datePublished":"2024-06-18T03:38:17+00:00","dateModified":"2024-06-18T03:38:18+00:00","breadcrumb":{"@id":"https:\/\/www.myautopartsfactory.com\/product\/wholesale-automotive-parts-3-pin-crankshaft-position-sensor-5029811ac-for-dodge-charger-jeep-chrysler-300#breadcrumb"},"inLanguage":"fr-FR","potentialAction":[{"@type":"ReadAction","target":["https:\/\/www.myautopartsfactory.com\/product\/wholesale-automotive-parts-3-pin-crankshaft-position-sensor-5029811ac-for-dodge-charger-jeep-chrysler-300"]}]},{"@type":"ImageObject","inLanguage":"fr-FR","@id":"https:\/\/www.myautopartsfactory.com\/product\/wholesale-automotive-parts-3-pin-crankshaft-position-sensor-5029811ac-for-dodge-charger-jeep-chrysler-300#primaryimage","url":"https:\/\/www.myautopartsfactory.com\/wp-content\/uploads\/2024\/06\/5029811AC-5.jpg","contentUrl":"https:\/\/www.myautopartsfactory.com\/wp-content\/uploads\/2024\/06\/5029811AC-5.jpg","width":800,"height":800},{"@type":"BreadcrumbList","@id":"https:\/\/www.myautopartsfactory.com\/product\/wholesale-automotive-parts-3-pin-crankshaft-position-sensor-5029811ac-for-dodge-charger-jeep-chrysler-300#breadcrumb","itemListElement":[{"@type":"ListItem","position":1,"name":"\u9996\u9875","item":"https:\/\/www.myautopartsfactory.com\/"},{"@type":"ListItem","position":2,"name":"Wholesale Automotive Parts 3-Pin Crankshaft Position Sensor 5029811AC For Dodge Charger Jeep Chrysler 300"}]},{"@type":"WebSite","@id":"https:\/\/www.myautopartsfactory.com\/#website","url":"https:\/\/www.myautopartsfactory.com\/","name":"YZHIDIANF","description":"Fournisseur unique de pi\u00e8ces d\u00e9tach\u00e9es automobiles","publisher":{"@id":"https:\/\/www.myautopartsfactory.com\/#organization"},"potentialAction":[{"@type":"SearchAction","target":{"@type":"EntryPoint","urlTemplate":"https:\/\/www.myautopartsfactory.com\/?s={search_term_string}"},"query-input":{"@type":"PropertyValueSpecification","valueRequired":true,"valueName":"search_term_string"}}],"inLanguage":"fr-FR"},{"@type":"Organization","@id":"https:\/\/www.myautopartsfactory.com\/#organization","name":"YZHIDIANF","url":"https:\/\/www.myautopartsfactory.com\/","logo":{"@type":"ImageObject","inLanguage":"fr-FR","@id":"https:\/\/www.myautopartsfactory.com\/#\/schema\/logo\/image\/","url":"https:\/\/www.myautopartsfactory.com\/wp-content\/uploads\/2024\/05\/fav.jpg","contentUrl":"https:\/\/www.myautopartsfactory.com\/wp-content\/uploads\/2024\/05\/fav.jpg","width":80,"height":80,"caption":"YZHIDIANF"},"image":{"@id":"https:\/\/www.myautopartsfactory.com\/#\/schema\/logo\/image\/"}}]}},"acf":[],"_links":{"self":[{"href":"https:\/\/www.myautopartsfactory.com\/fr\/wp-json\/wp\/v2\/product\/2169","targetHints":{"allow":["GET"]}}],"collection":[{"href":"https:\/\/www.myautopartsfactory.com\/fr\/wp-json\/wp\/v2\/product"}],"about":[{"href":"https:\/\/www.myautopartsfactory.com\/fr\/wp-json\/wp\/v2\/types\/product"}],"version-history":[{"count":0,"href":"https:\/\/www.myautopartsfactory.com\/fr\/wp-json\/wp\/v2\/product\/2169\/revisions"}],"wp:featuredmedia":[{"embeddable":true,"href":"https:\/\/www.myautopartsfactory.com\/fr\/wp-json\/wp\/v2\/media\/2174"}],"wp:attachment":[{"href":"https:\/\/www.myautopartsfactory.com\/fr\/wp-json\/wp\/v2\/media?parent=2169"}],"wp:term":[{"taxonomy":"product-tag","embeddable":true,"href":"https:\/\/www.myautopartsfactory.com\/fr\/wp-json\/wp\/v2\/product-tag?post=2169"},{"taxonomy":"products","embeddable":true,"href":"https:\/\/www.myautopartsfactory.com\/fr\/wp-json\/wp\/v2\/products?post=2169"},{"taxonomy":"brand","embeddable":true,"href":"https:\/\/www.myautopartsfactory.com\/fr\/wp-json\/wp\/v2\/brand?post=2169"}],"curies":[{"name":"wp","href":"https:\/\/api.w.org\/{rel}","templated":true}]}}