{"id":1965,"date":"2024-06-17T14:18:54","date_gmt":"2024-06-17T06:18:54","guid":{"rendered":"https:\/\/www.myautopartsfactory.com\/?post_type=product&#038;p=1965"},"modified":"2024-06-17T14:18:55","modified_gmt":"2024-06-17T06:18:55","slug":"wholesale-car-vehicle-speed-sensor-md757541-for-2000-2001-mitsubishi-eclipse-l4-2-4l","status":"publish","type":"product","link":"https:\/\/www.myautopartsfactory.com\/fr\/product\/wholesale-car-vehicle-speed-sensor-md757541-for-2000-2001-mitsubishi-eclipse-l4-2-4l","title":{"rendered":"Wholesale Car Vehicle Speed Sensor MD757541 For 2000-2001 Mitsubishi Eclipse L4 2.4L"},"content":{"rendered":"<h2 class=\"wp-block-heading\">Caract\u00e9ristiques et avantages :<\/h2>\n\n\n\n<p>\u25cfUn ajustement parfait, une installation facile<\/p>\n\n\n\n<p>\u25cfFabriqu\u00e9 selon les sp\u00e9cifications de l'usine pour une installation sans tracas.<\/p>\n\n\n\n<p>\u25cfDesigned as a direct replacement for your original Transmission Speed Sensor, ensuring excellent fitment and performance.<\/p>\n\n\n\n<h2 class=\"wp-block-heading\">Caract\u00e9ristiques du produit\uff1a<\/h2>\n\n\n\n<p>\u25cf<strong>Haute pr\u00e9cision :<\/strong>&nbsp;Haute pr\u00e9cision, de tr\u00e8s faibles variations de vitesse peuvent \u00eatre mesur\u00e9es.<\/p>\n\n\n\n<p>\u25cf<strong>La diversit\u00e9 :&nbsp;<\/strong>Convient \u00e0 diff\u00e9rents types de mouvements d'objets, y compris les mouvements lin\u00e9aires et rotatifs.<\/p>\n\n\n\n<p>\u25cf<strong>Facile \u00e0 installer :<\/strong>&nbsp;G\u00e9n\u00e9ralement con\u00e7us pour \u00eatre petits et l\u00e9gers, ils sont faciles \u00e0 installer dans un grand nombre d'appareils.<\/p>\n\n\n\n<p>\u25cf<strong>Faible consommation d'\u00e9nergie :<\/strong>&nbsp;Gr\u00e2ce \u00e0 sa faible consommation d'\u00e9nergie, il peut prolonger la dur\u00e9e de vie de la batterie et r\u00e9duire les co\u00fbts \u00e9nerg\u00e9tiques.<\/p>\n\n\n\n<p><strong>R\u00e9ponse rapide :&nbsp;<\/strong>Il est capable de r\u00e9agir rapidement, de d\u00e9tecter et de restituer la vitesse de d\u00e9placement des objets en temps r\u00e9el.<\/p>\n\n\n\n<p>\u25cf<strong>Durabilit\u00e9 :<\/strong>&nbsp; Fabriqu\u00e9 \u00e0 partir de mat\u00e9riaux tr\u00e8s r\u00e9sistants, il pr\u00e9sente une bonne durabilit\u00e9 et une bonne r\u00e9sistance aux chocs et peut \u00eatre utilis\u00e9 dans des environnements difficiles.<\/p>","protected":false},"excerpt":{"rendered":"Features &amp; Benefits: \u25cfPerfect Fit, Easy Installation \u25cfMade to factory specifications for a hassle-free installation. \u25cfDesigned as a direct replacement for your original Transmission Speed Sensor, ensuring excellent fitment and performance. Product Features\uff1a \u25cfHigh accuracy:&nbsp;High accuracy, very small speed changes can be measured. \u25cfDiversity:&nbsp;Suitable for different types of object motion, including linear motion and rotational [&hellip;]","protected":false},"featured_media":1971,"menu_order":0,"template":"","meta":[],"product-tag":[],"products":[87],"brand":[49],"class_list":["post-1965","product","type-product","status-publish","has-post-thumbnail","hentry","products-transmission-speed-sensor","brand-mitsubishi"],"yoast_head":"<!-- This site is optimized with the Yoast SEO plugin v27.3 - https:\/\/yoast.com\/product\/yoast-seo-wordpress\/ -->\n<title>Wholesale Car Vehicle Speed Sensor MD757541 For 2000-2001 Mitsubishi Eclipse L4 2.4L - YZHIDIANF<\/title>\n<meta name=\"robots\" content=\"index, follow, max-snippet:-1, max-image-preview:large, max-video-preview:-1\" \/>\n<link rel=\"canonical\" href=\"https:\/\/www.myautopartsfactory.com\/fr\/product\/wholesale-car-vehicle-speed-sensor-md757541-for-2000-2001-mitsubishi-eclipse-l4-2-4l\/\" \/>\n<meta property=\"og:locale\" content=\"fr_FR\" \/>\n<meta property=\"og:type\" content=\"article\" \/>\n<meta property=\"og:title\" content=\"Wholesale Car Vehicle Speed Sensor MD757541 For 2000-2001 Mitsubishi Eclipse L4 2.4L - YZHIDIANF\" \/>\n<meta property=\"og:description\" content=\"Features &amp; Benefits: \u25cfPerfect Fit, Easy Installation \u25cfMade to factory specifications for a hassle-free installation. \u25cfDesigned as a direct replacement for your original Transmission Speed Sensor, ensuring excellent fitment and performance. Product Features\uff1a \u25cfHigh accuracy:&nbsp;High accuracy, very small speed changes can be measured. \u25cfDiversity:&nbsp;Suitable for different types of object motion, including linear motion and rotational [&hellip;]\" \/>\n<meta property=\"og:url\" content=\"https:\/\/www.myautopartsfactory.com\/fr\/product\/wholesale-car-vehicle-speed-sensor-md757541-for-2000-2001-mitsubishi-eclipse-l4-2-4l\/\" \/>\n<meta property=\"og:site_name\" content=\"YZHIDIANF\" \/>\n<meta property=\"article:modified_time\" content=\"2024-06-17T06:18:55+00:00\" \/>\n<meta property=\"og:image\" content=\"https:\/\/www.myautopartsfactory.com\/wp-content\/uploads\/2024\/06\/MD757541-6.jpg\" \/>\n\t<meta property=\"og:image:width\" content=\"800\" \/>\n\t<meta property=\"og:image:height\" content=\"800\" \/>\n\t<meta property=\"og:image:type\" content=\"image\/jpeg\" \/>\n<meta name=\"twitter:card\" content=\"summary_large_image\" \/>\n<meta name=\"twitter:label1\" content=\"Dur\u00e9e de lecture estim\u00e9e\" \/>\n\t<meta name=\"twitter:data1\" content=\"1 minute\" \/>\n<script type=\"application\/ld+json\" class=\"yoast-schema-graph\">{\"@context\":\"https:\\\/\\\/schema.org\",\"@graph\":[{\"@type\":\"WebPage\",\"@id\":\"https:\\\/\\\/www.myautopartsfactory.com\\\/product\\\/wholesale-car-vehicle-speed-sensor-md757541-for-2000-2001-mitsubishi-eclipse-l4-2-4l\",\"url\":\"https:\\\/\\\/www.myautopartsfactory.com\\\/product\\\/wholesale-car-vehicle-speed-sensor-md757541-for-2000-2001-mitsubishi-eclipse-l4-2-4l\",\"name\":\"Wholesale Car Vehicle Speed Sensor MD757541 For 2000-2001 Mitsubishi Eclipse L4 2.4L - YZHIDIANF\",\"isPartOf\":{\"@id\":\"https:\\\/\\\/www.myautopartsfactory.com\\\/#website\"},\"primaryImageOfPage\":{\"@id\":\"https:\\\/\\\/www.myautopartsfactory.com\\\/product\\\/wholesale-car-vehicle-speed-sensor-md757541-for-2000-2001-mitsubishi-eclipse-l4-2-4l#primaryimage\"},\"image\":{\"@id\":\"https:\\\/\\\/www.myautopartsfactory.com\\\/product\\\/wholesale-car-vehicle-speed-sensor-md757541-for-2000-2001-mitsubishi-eclipse-l4-2-4l#primaryimage\"},\"thumbnailUrl\":\"https:\\\/\\\/www.myautopartsfactory.com\\\/wp-content\\\/uploads\\\/2024\\\/06\\\/MD757541-6.jpg\",\"datePublished\":\"2024-06-17T06:18:54+00:00\",\"dateModified\":\"2024-06-17T06:18:55+00:00\",\"breadcrumb\":{\"@id\":\"https:\\\/\\\/www.myautopartsfactory.com\\\/product\\\/wholesale-car-vehicle-speed-sensor-md757541-for-2000-2001-mitsubishi-eclipse-l4-2-4l#breadcrumb\"},\"inLanguage\":\"fr-FR\",\"potentialAction\":[{\"@type\":\"ReadAction\",\"target\":[\"https:\\\/\\\/www.myautopartsfactory.com\\\/product\\\/wholesale-car-vehicle-speed-sensor-md757541-for-2000-2001-mitsubishi-eclipse-l4-2-4l\"]}]},{\"@type\":\"ImageObject\",\"inLanguage\":\"fr-FR\",\"@id\":\"https:\\\/\\\/www.myautopartsfactory.com\\\/product\\\/wholesale-car-vehicle-speed-sensor-md757541-for-2000-2001-mitsubishi-eclipse-l4-2-4l#primaryimage\",\"url\":\"https:\\\/\\\/www.myautopartsfactory.com\\\/wp-content\\\/uploads\\\/2024\\\/06\\\/MD757541-6.jpg\",\"contentUrl\":\"https:\\\/\\\/www.myautopartsfactory.com\\\/wp-content\\\/uploads\\\/2024\\\/06\\\/MD757541-6.jpg\",\"width\":800,\"height\":800},{\"@type\":\"BreadcrumbList\",\"@id\":\"https:\\\/\\\/www.myautopartsfactory.com\\\/product\\\/wholesale-car-vehicle-speed-sensor-md757541-for-2000-2001-mitsubishi-eclipse-l4-2-4l#breadcrumb\",\"itemListElement\":[{\"@type\":\"ListItem\",\"position\":1,\"name\":\"\u9996\u9875\",\"item\":\"https:\\\/\\\/www.myautopartsfactory.com\\\/\"},{\"@type\":\"ListItem\",\"position\":2,\"name\":\"Wholesale Car Vehicle Speed Sensor MD757541 For 2000-2001 Mitsubishi Eclipse L4 2.4L\"}]},{\"@type\":\"WebSite\",\"@id\":\"https:\\\/\\\/www.myautopartsfactory.com\\\/#website\",\"url\":\"https:\\\/\\\/www.myautopartsfactory.com\\\/\",\"name\":\"YZHIDIANF\",\"description\":\"One-Stop Auto Parts Supplier\",\"publisher\":{\"@id\":\"https:\\\/\\\/www.myautopartsfactory.com\\\/#organization\"},\"potentialAction\":[{\"@type\":\"SearchAction\",\"target\":{\"@type\":\"EntryPoint\",\"urlTemplate\":\"https:\\\/\\\/www.myautopartsfactory.com\\\/?s={search_term_string}\"},\"query-input\":{\"@type\":\"PropertyValueSpecification\",\"valueRequired\":true,\"valueName\":\"search_term_string\"}}],\"inLanguage\":\"fr-FR\"},{\"@type\":\"Organization\",\"@id\":\"https:\\\/\\\/www.myautopartsfactory.com\\\/#organization\",\"name\":\"YZHIDIANF\",\"url\":\"https:\\\/\\\/www.myautopartsfactory.com\\\/\",\"logo\":{\"@type\":\"ImageObject\",\"inLanguage\":\"fr-FR\",\"@id\":\"https:\\\/\\\/www.myautopartsfactory.com\\\/#\\\/schema\\\/logo\\\/image\\\/\",\"url\":\"https:\\\/\\\/www.myautopartsfactory.com\\\/wp-content\\\/uploads\\\/2024\\\/05\\\/fav.jpg\",\"contentUrl\":\"https:\\\/\\\/www.myautopartsfactory.com\\\/wp-content\\\/uploads\\\/2024\\\/05\\\/fav.jpg\",\"width\":80,\"height\":80,\"caption\":\"YZHIDIANF\"},\"image\":{\"@id\":\"https:\\\/\\\/www.myautopartsfactory.com\\\/#\\\/schema\\\/logo\\\/image\\\/\"}}]}<\/script>\n<!-- \/ Yoast SEO plugin. -->","yoast_head_json":{"title":"Wholesale Car Vehicle Speed Sensor MD757541 For 2000-2001 Mitsubishi Eclipse L4 2.4L - YZHIDIANF","robots":{"index":"index","follow":"follow","max-snippet":"max-snippet:-1","max-image-preview":"max-image-preview:large","max-video-preview":"max-video-preview:-1"},"canonical":"https:\/\/www.myautopartsfactory.com\/fr\/product\/wholesale-car-vehicle-speed-sensor-md757541-for-2000-2001-mitsubishi-eclipse-l4-2-4l\/","og_locale":"fr_FR","og_type":"article","og_title":"Wholesale Car Vehicle Speed Sensor MD757541 For 2000-2001 Mitsubishi Eclipse L4 2.4L - YZHIDIANF","og_description":"Features &amp; Benefits: \u25cfPerfect Fit, Easy Installation \u25cfMade to factory specifications for a hassle-free installation. \u25cfDesigned as a direct replacement for your original Transmission Speed Sensor, ensuring excellent fitment and performance. Product Features\uff1a \u25cfHigh accuracy:&nbsp;High accuracy, very small speed changes can be measured. \u25cfDiversity:&nbsp;Suitable for different types of object motion, including linear motion and rotational [&hellip;]","og_url":"https:\/\/www.myautopartsfactory.com\/fr\/product\/wholesale-car-vehicle-speed-sensor-md757541-for-2000-2001-mitsubishi-eclipse-l4-2-4l\/","og_site_name":"YZHIDIANF","article_modified_time":"2024-06-17T06:18:55+00:00","og_image":[{"width":800,"height":800,"url":"https:\/\/www.myautopartsfactory.com\/wp-content\/uploads\/2024\/06\/MD757541-6.jpg","type":"image\/jpeg"}],"twitter_card":"summary_large_image","twitter_misc":{"Dur\u00e9e de lecture estim\u00e9e":"1 minute"},"schema":{"@context":"https:\/\/schema.org","@graph":[{"@type":"WebPage","@id":"https:\/\/www.myautopartsfactory.com\/product\/wholesale-car-vehicle-speed-sensor-md757541-for-2000-2001-mitsubishi-eclipse-l4-2-4l","url":"https:\/\/www.myautopartsfactory.com\/product\/wholesale-car-vehicle-speed-sensor-md757541-for-2000-2001-mitsubishi-eclipse-l4-2-4l","name":"Wholesale Car Vehicle Speed Sensor MD757541 For 2000-2001 Mitsubishi Eclipse L4 2.4L - YZHIDIANF","isPartOf":{"@id":"https:\/\/www.myautopartsfactory.com\/#website"},"primaryImageOfPage":{"@id":"https:\/\/www.myautopartsfactory.com\/product\/wholesale-car-vehicle-speed-sensor-md757541-for-2000-2001-mitsubishi-eclipse-l4-2-4l#primaryimage"},"image":{"@id":"https:\/\/www.myautopartsfactory.com\/product\/wholesale-car-vehicle-speed-sensor-md757541-for-2000-2001-mitsubishi-eclipse-l4-2-4l#primaryimage"},"thumbnailUrl":"https:\/\/www.myautopartsfactory.com\/wp-content\/uploads\/2024\/06\/MD757541-6.jpg","datePublished":"2024-06-17T06:18:54+00:00","dateModified":"2024-06-17T06:18:55+00:00","breadcrumb":{"@id":"https:\/\/www.myautopartsfactory.com\/product\/wholesale-car-vehicle-speed-sensor-md757541-for-2000-2001-mitsubishi-eclipse-l4-2-4l#breadcrumb"},"inLanguage":"fr-FR","potentialAction":[{"@type":"ReadAction","target":["https:\/\/www.myautopartsfactory.com\/product\/wholesale-car-vehicle-speed-sensor-md757541-for-2000-2001-mitsubishi-eclipse-l4-2-4l"]}]},{"@type":"ImageObject","inLanguage":"fr-FR","@id":"https:\/\/www.myautopartsfactory.com\/product\/wholesale-car-vehicle-speed-sensor-md757541-for-2000-2001-mitsubishi-eclipse-l4-2-4l#primaryimage","url":"https:\/\/www.myautopartsfactory.com\/wp-content\/uploads\/2024\/06\/MD757541-6.jpg","contentUrl":"https:\/\/www.myautopartsfactory.com\/wp-content\/uploads\/2024\/06\/MD757541-6.jpg","width":800,"height":800},{"@type":"BreadcrumbList","@id":"https:\/\/www.myautopartsfactory.com\/product\/wholesale-car-vehicle-speed-sensor-md757541-for-2000-2001-mitsubishi-eclipse-l4-2-4l#breadcrumb","itemListElement":[{"@type":"ListItem","position":1,"name":"\u9996\u9875","item":"https:\/\/www.myautopartsfactory.com\/"},{"@type":"ListItem","position":2,"name":"Wholesale Car Vehicle Speed Sensor MD757541 For 2000-2001 Mitsubishi Eclipse L4 2.4L"}]},{"@type":"WebSite","@id":"https:\/\/www.myautopartsfactory.com\/#website","url":"https:\/\/www.myautopartsfactory.com\/","name":"YZHIDIANF","description":"Fournisseur unique de pi\u00e8ces d\u00e9tach\u00e9es automobiles","publisher":{"@id":"https:\/\/www.myautopartsfactory.com\/#organization"},"potentialAction":[{"@type":"SearchAction","target":{"@type":"EntryPoint","urlTemplate":"https:\/\/www.myautopartsfactory.com\/?s={search_term_string}"},"query-input":{"@type":"PropertyValueSpecification","valueRequired":true,"valueName":"search_term_string"}}],"inLanguage":"fr-FR"},{"@type":"Organization","@id":"https:\/\/www.myautopartsfactory.com\/#organization","name":"YZHIDIANF","url":"https:\/\/www.myautopartsfactory.com\/","logo":{"@type":"ImageObject","inLanguage":"fr-FR","@id":"https:\/\/www.myautopartsfactory.com\/#\/schema\/logo\/image\/","url":"https:\/\/www.myautopartsfactory.com\/wp-content\/uploads\/2024\/05\/fav.jpg","contentUrl":"https:\/\/www.myautopartsfactory.com\/wp-content\/uploads\/2024\/05\/fav.jpg","width":80,"height":80,"caption":"YZHIDIANF"},"image":{"@id":"https:\/\/www.myautopartsfactory.com\/#\/schema\/logo\/image\/"}}]}},"acf":[],"_links":{"self":[{"href":"https:\/\/www.myautopartsfactory.com\/fr\/wp-json\/wp\/v2\/product\/1965","targetHints":{"allow":["GET"]}}],"collection":[{"href":"https:\/\/www.myautopartsfactory.com\/fr\/wp-json\/wp\/v2\/product"}],"about":[{"href":"https:\/\/www.myautopartsfactory.com\/fr\/wp-json\/wp\/v2\/types\/product"}],"version-history":[{"count":0,"href":"https:\/\/www.myautopartsfactory.com\/fr\/wp-json\/wp\/v2\/product\/1965\/revisions"}],"wp:featuredmedia":[{"embeddable":true,"href":"https:\/\/www.myautopartsfactory.com\/fr\/wp-json\/wp\/v2\/media\/1971"}],"wp:attachment":[{"href":"https:\/\/www.myautopartsfactory.com\/fr\/wp-json\/wp\/v2\/media?parent=1965"}],"wp:term":[{"taxonomy":"product-tag","embeddable":true,"href":"https:\/\/www.myautopartsfactory.com\/fr\/wp-json\/wp\/v2\/product-tag?post=1965"},{"taxonomy":"products","embeddable":true,"href":"https:\/\/www.myautopartsfactory.com\/fr\/wp-json\/wp\/v2\/products?post=1965"},{"taxonomy":"brand","embeddable":true,"href":"https:\/\/www.myautopartsfactory.com\/fr\/wp-json\/wp\/v2\/brand?post=1965"}],"curies":[{"name":"wp","href":"https:\/\/api.w.org\/{rel}","templated":true}]}}