{"id":1758,"date":"2024-06-14T16:04:24","date_gmt":"2024-06-14T08:04:24","guid":{"rendered":"https:\/\/www.myautopartsfactory.com\/?post_type=product&#038;p=1758"},"modified":"2024-06-14T16:04:26","modified_gmt":"2024-06-14T08:04:26","slug":"wholesale-auto-engine-right-camshaft-position-sensor-3m4z6b288ab-aj5718230a-aj5718230-3m4z6b288ab-for-ford-fusion-lincoln","status":"publish","type":"product","link":"https:\/\/www.myautopartsfactory.com\/fr\/product\/wholesale-auto-engine-right-camshaft-position-sensor-3m4z6b288ab-aj5718230a-aj5718230-3m4z6b288ab-for-ford-fusion-lincoln","title":{"rendered":"Wholesale Auto Engine Right Camshaft Position Sensor 3M4Z6B288AB AJ5718230A AJ5718230 3M4Z6B288AB For Ford Fusion Lincoln"},"content":{"rendered":"<h2 class=\"wp-block-heading\">Caract\u00e9ristiques et avantages :<\/h2>\n\n\n\n<p>Ajustement parfait, installation facile<\/p>\n\n\n\n<p>\u25cfFabriqu\u00e9 selon les sp\u00e9cifications de l'usine pour une installation sans tracas.<\/p>\n\n\n\n<p>\u25cfCon\u00e7u comme un remplacement direct de votre capteur de position d'arbre \u00e0 cames d'origine, garantissant un excellent ajustement et d'excellentes performances.<\/p>\n\n\n\n<h2 class=\"wp-block-heading\">Caract\u00e9ristiques du produit\uff1a<\/h2>\n\n\n\n<p>\u25cfDurabilit\u00e9 : Il a une longue dur\u00e9e de vie et peut maintenir des performances stables et fiables dans des environnements de travail difficiles.<\/p>\n\n\n\n<p>\u25cfPr\u00e9cision : D\u00e9tecte avec pr\u00e9cision la position et la vitesse de l'arbre \u00e0 cames, fournissant des donn\u00e9es pr\u00e9cises pour assurer des performances stables et efficaces du moteur.<\/p>\n\n\n\n<p>\u25cf Efficacit\u00e9 du moteur : Surveillance en temps r\u00e9el de la position de l'arbre \u00e0 cames, contr\u00f4le pr\u00e9cis de l'allumage et de l'injection de carburant en fonction des diff\u00e9rentes vitesses et conditions de charge, et am\u00e9lioration de l'efficacit\u00e9 de la combustion.<\/p>","protected":false},"excerpt":{"rendered":"Features &amp; Benefits: Perfect Fit, Easy Installation \u25cfMade to factory specifications for a hassle-free installation. \u25cfDesigned as a direct replacement for your original camshaft position sensor, ensuring excellent fitment and performance. Product Features\uff1a \u25cfDurability: It has a long service life and can maintain stable and reliable performance in harsh working environments. \u25cfAccuracy: Accurately detects the [&hellip;]","protected":false},"featured_media":1764,"menu_order":0,"template":"","meta":[],"product-tag":[],"products":[5],"brand":[59,70],"class_list":["post-1758","product","type-product","status-publish","has-post-thumbnail","hentry","products-camshaft-position-sensor","brand-ford","brand-lincoln"],"yoast_head":"<!-- This site is optimized with the Yoast SEO plugin v27.3 - https:\/\/yoast.com\/product\/yoast-seo-wordpress\/ -->\n<title>Wholesale Auto Engine Right Camshaft Position Sensor 3M4Z6B288AB AJ5718230A AJ5718230 3M4Z6B288AB For Ford Fusion Lincoln - YZHIDIANF<\/title>\n<meta name=\"robots\" content=\"index, follow, max-snippet:-1, max-image-preview:large, max-video-preview:-1\" \/>\n<link rel=\"canonical\" href=\"https:\/\/www.myautopartsfactory.com\/fr\/product\/wholesale-auto-engine-right-camshaft-position-sensor-3m4z6b288ab-aj5718230a-aj5718230-3m4z6b288ab-for-ford-fusion-lincoln\/\" \/>\n<meta property=\"og:locale\" content=\"fr_FR\" \/>\n<meta property=\"og:type\" content=\"article\" \/>\n<meta property=\"og:title\" content=\"Wholesale Auto Engine Right Camshaft Position Sensor 3M4Z6B288AB AJ5718230A AJ5718230 3M4Z6B288AB For Ford Fusion Lincoln - YZHIDIANF\" \/>\n<meta property=\"og:description\" content=\"Features &amp; Benefits: Perfect Fit, Easy Installation \u25cfMade to factory specifications for a hassle-free installation. \u25cfDesigned as a direct replacement for your original camshaft position sensor, ensuring excellent fitment and performance. Product Features\uff1a \u25cfDurability: It has a long service life and can maintain stable and reliable performance in harsh working environments. \u25cfAccuracy: Accurately detects the [&hellip;]\" \/>\n<meta property=\"og:url\" content=\"https:\/\/www.myautopartsfactory.com\/fr\/product\/wholesale-auto-engine-right-camshaft-position-sensor-3m4z6b288ab-aj5718230a-aj5718230-3m4z6b288ab-for-ford-fusion-lincoln\/\" \/>\n<meta property=\"og:site_name\" content=\"YZHIDIANF\" \/>\n<meta property=\"article:modified_time\" content=\"2024-06-14T08:04:26+00:00\" \/>\n<meta property=\"og:image\" content=\"https:\/\/www.myautopartsfactory.com\/wp-content\/uploads\/2024\/06\/AJ5718230-6.jpg\" \/>\n\t<meta property=\"og:image:width\" content=\"800\" \/>\n\t<meta property=\"og:image:height\" content=\"800\" \/>\n\t<meta property=\"og:image:type\" content=\"image\/jpeg\" \/>\n<meta name=\"twitter:card\" content=\"summary_large_image\" \/>\n<meta name=\"twitter:label1\" content=\"Dur\u00e9e de lecture estim\u00e9e\" \/>\n\t<meta name=\"twitter:data1\" content=\"1 minute\" \/>\n<script type=\"application\/ld+json\" class=\"yoast-schema-graph\">{\"@context\":\"https:\\\/\\\/schema.org\",\"@graph\":[{\"@type\":\"WebPage\",\"@id\":\"https:\\\/\\\/www.myautopartsfactory.com\\\/product\\\/wholesale-auto-engine-right-camshaft-position-sensor-3m4z6b288ab-aj5718230a-aj5718230-3m4z6b288ab-for-ford-fusion-lincoln\",\"url\":\"https:\\\/\\\/www.myautopartsfactory.com\\\/product\\\/wholesale-auto-engine-right-camshaft-position-sensor-3m4z6b288ab-aj5718230a-aj5718230-3m4z6b288ab-for-ford-fusion-lincoln\",\"name\":\"Wholesale Auto Engine Right Camshaft Position Sensor 3M4Z6B288AB AJ5718230A AJ5718230 3M4Z6B288AB For Ford Fusion Lincoln - YZHIDIANF\",\"isPartOf\":{\"@id\":\"https:\\\/\\\/www.myautopartsfactory.com\\\/#website\"},\"primaryImageOfPage\":{\"@id\":\"https:\\\/\\\/www.myautopartsfactory.com\\\/product\\\/wholesale-auto-engine-right-camshaft-position-sensor-3m4z6b288ab-aj5718230a-aj5718230-3m4z6b288ab-for-ford-fusion-lincoln#primaryimage\"},\"image\":{\"@id\":\"https:\\\/\\\/www.myautopartsfactory.com\\\/product\\\/wholesale-auto-engine-right-camshaft-position-sensor-3m4z6b288ab-aj5718230a-aj5718230-3m4z6b288ab-for-ford-fusion-lincoln#primaryimage\"},\"thumbnailUrl\":\"https:\\\/\\\/www.myautopartsfactory.com\\\/wp-content\\\/uploads\\\/2024\\\/06\\\/AJ5718230-6.jpg\",\"datePublished\":\"2024-06-14T08:04:24+00:00\",\"dateModified\":\"2024-06-14T08:04:26+00:00\",\"breadcrumb\":{\"@id\":\"https:\\\/\\\/www.myautopartsfactory.com\\\/product\\\/wholesale-auto-engine-right-camshaft-position-sensor-3m4z6b288ab-aj5718230a-aj5718230-3m4z6b288ab-for-ford-fusion-lincoln#breadcrumb\"},\"inLanguage\":\"fr-FR\",\"potentialAction\":[{\"@type\":\"ReadAction\",\"target\":[\"https:\\\/\\\/www.myautopartsfactory.com\\\/product\\\/wholesale-auto-engine-right-camshaft-position-sensor-3m4z6b288ab-aj5718230a-aj5718230-3m4z6b288ab-for-ford-fusion-lincoln\"]}]},{\"@type\":\"ImageObject\",\"inLanguage\":\"fr-FR\",\"@id\":\"https:\\\/\\\/www.myautopartsfactory.com\\\/product\\\/wholesale-auto-engine-right-camshaft-position-sensor-3m4z6b288ab-aj5718230a-aj5718230-3m4z6b288ab-for-ford-fusion-lincoln#primaryimage\",\"url\":\"https:\\\/\\\/www.myautopartsfactory.com\\\/wp-content\\\/uploads\\\/2024\\\/06\\\/AJ5718230-6.jpg\",\"contentUrl\":\"https:\\\/\\\/www.myautopartsfactory.com\\\/wp-content\\\/uploads\\\/2024\\\/06\\\/AJ5718230-6.jpg\",\"width\":800,\"height\":800},{\"@type\":\"BreadcrumbList\",\"@id\":\"https:\\\/\\\/www.myautopartsfactory.com\\\/product\\\/wholesale-auto-engine-right-camshaft-position-sensor-3m4z6b288ab-aj5718230a-aj5718230-3m4z6b288ab-for-ford-fusion-lincoln#breadcrumb\",\"itemListElement\":[{\"@type\":\"ListItem\",\"position\":1,\"name\":\"\u9996\u9875\",\"item\":\"https:\\\/\\\/www.myautopartsfactory.com\\\/\"},{\"@type\":\"ListItem\",\"position\":2,\"name\":\"Wholesale Auto Engine Right Camshaft Position Sensor 3M4Z6B288AB AJ5718230A AJ5718230 3M4Z6B288AB For Ford Fusion Lincoln\"}]},{\"@type\":\"WebSite\",\"@id\":\"https:\\\/\\\/www.myautopartsfactory.com\\\/#website\",\"url\":\"https:\\\/\\\/www.myautopartsfactory.com\\\/\",\"name\":\"YZHIDIANF\",\"description\":\"One-Stop Auto Parts Supplier\",\"publisher\":{\"@id\":\"https:\\\/\\\/www.myautopartsfactory.com\\\/#organization\"},\"potentialAction\":[{\"@type\":\"SearchAction\",\"target\":{\"@type\":\"EntryPoint\",\"urlTemplate\":\"https:\\\/\\\/www.myautopartsfactory.com\\\/?s={search_term_string}\"},\"query-input\":{\"@type\":\"PropertyValueSpecification\",\"valueRequired\":true,\"valueName\":\"search_term_string\"}}],\"inLanguage\":\"fr-FR\"},{\"@type\":\"Organization\",\"@id\":\"https:\\\/\\\/www.myautopartsfactory.com\\\/#organization\",\"name\":\"YZHIDIANF\",\"url\":\"https:\\\/\\\/www.myautopartsfactory.com\\\/\",\"logo\":{\"@type\":\"ImageObject\",\"inLanguage\":\"fr-FR\",\"@id\":\"https:\\\/\\\/www.myautopartsfactory.com\\\/#\\\/schema\\\/logo\\\/image\\\/\",\"url\":\"https:\\\/\\\/www.myautopartsfactory.com\\\/wp-content\\\/uploads\\\/2024\\\/05\\\/fav.jpg\",\"contentUrl\":\"https:\\\/\\\/www.myautopartsfactory.com\\\/wp-content\\\/uploads\\\/2024\\\/05\\\/fav.jpg\",\"width\":80,\"height\":80,\"caption\":\"YZHIDIANF\"},\"image\":{\"@id\":\"https:\\\/\\\/www.myautopartsfactory.com\\\/#\\\/schema\\\/logo\\\/image\\\/\"}}]}<\/script>\n<!-- \/ Yoast SEO plugin. -->","yoast_head_json":{"title":"Wholesale Auto Engine Right Camshaft Position Sensor 3M4Z6B288AB AJ5718230A AJ5718230 3M4Z6B288AB For Ford Fusion Lincoln - YZHIDIANF","robots":{"index":"index","follow":"follow","max-snippet":"max-snippet:-1","max-image-preview":"max-image-preview:large","max-video-preview":"max-video-preview:-1"},"canonical":"https:\/\/www.myautopartsfactory.com\/fr\/product\/wholesale-auto-engine-right-camshaft-position-sensor-3m4z6b288ab-aj5718230a-aj5718230-3m4z6b288ab-for-ford-fusion-lincoln\/","og_locale":"fr_FR","og_type":"article","og_title":"Wholesale Auto Engine Right Camshaft Position Sensor 3M4Z6B288AB AJ5718230A AJ5718230 3M4Z6B288AB For Ford Fusion Lincoln - YZHIDIANF","og_description":"Features &amp; Benefits: Perfect Fit, Easy Installation \u25cfMade to factory specifications for a hassle-free installation. \u25cfDesigned as a direct replacement for your original camshaft position sensor, ensuring excellent fitment and performance. Product Features\uff1a \u25cfDurability: It has a long service life and can maintain stable and reliable performance in harsh working environments. \u25cfAccuracy: Accurately detects the [&hellip;]","og_url":"https:\/\/www.myautopartsfactory.com\/fr\/product\/wholesale-auto-engine-right-camshaft-position-sensor-3m4z6b288ab-aj5718230a-aj5718230-3m4z6b288ab-for-ford-fusion-lincoln\/","og_site_name":"YZHIDIANF","article_modified_time":"2024-06-14T08:04:26+00:00","og_image":[{"width":800,"height":800,"url":"https:\/\/www.myautopartsfactory.com\/wp-content\/uploads\/2024\/06\/AJ5718230-6.jpg","type":"image\/jpeg"}],"twitter_card":"summary_large_image","twitter_misc":{"Dur\u00e9e de lecture estim\u00e9e":"1 minute"},"schema":{"@context":"https:\/\/schema.org","@graph":[{"@type":"WebPage","@id":"https:\/\/www.myautopartsfactory.com\/product\/wholesale-auto-engine-right-camshaft-position-sensor-3m4z6b288ab-aj5718230a-aj5718230-3m4z6b288ab-for-ford-fusion-lincoln","url":"https:\/\/www.myautopartsfactory.com\/product\/wholesale-auto-engine-right-camshaft-position-sensor-3m4z6b288ab-aj5718230a-aj5718230-3m4z6b288ab-for-ford-fusion-lincoln","name":"Wholesale Auto Engine Right Camshaft Position Sensor 3M4Z6B288AB AJ5718230A AJ5718230 3M4Z6B288AB For Ford Fusion Lincoln - YZHIDIANF","isPartOf":{"@id":"https:\/\/www.myautopartsfactory.com\/#website"},"primaryImageOfPage":{"@id":"https:\/\/www.myautopartsfactory.com\/product\/wholesale-auto-engine-right-camshaft-position-sensor-3m4z6b288ab-aj5718230a-aj5718230-3m4z6b288ab-for-ford-fusion-lincoln#primaryimage"},"image":{"@id":"https:\/\/www.myautopartsfactory.com\/product\/wholesale-auto-engine-right-camshaft-position-sensor-3m4z6b288ab-aj5718230a-aj5718230-3m4z6b288ab-for-ford-fusion-lincoln#primaryimage"},"thumbnailUrl":"https:\/\/www.myautopartsfactory.com\/wp-content\/uploads\/2024\/06\/AJ5718230-6.jpg","datePublished":"2024-06-14T08:04:24+00:00","dateModified":"2024-06-14T08:04:26+00:00","breadcrumb":{"@id":"https:\/\/www.myautopartsfactory.com\/product\/wholesale-auto-engine-right-camshaft-position-sensor-3m4z6b288ab-aj5718230a-aj5718230-3m4z6b288ab-for-ford-fusion-lincoln#breadcrumb"},"inLanguage":"fr-FR","potentialAction":[{"@type":"ReadAction","target":["https:\/\/www.myautopartsfactory.com\/product\/wholesale-auto-engine-right-camshaft-position-sensor-3m4z6b288ab-aj5718230a-aj5718230-3m4z6b288ab-for-ford-fusion-lincoln"]}]},{"@type":"ImageObject","inLanguage":"fr-FR","@id":"https:\/\/www.myautopartsfactory.com\/product\/wholesale-auto-engine-right-camshaft-position-sensor-3m4z6b288ab-aj5718230a-aj5718230-3m4z6b288ab-for-ford-fusion-lincoln#primaryimage","url":"https:\/\/www.myautopartsfactory.com\/wp-content\/uploads\/2024\/06\/AJ5718230-6.jpg","contentUrl":"https:\/\/www.myautopartsfactory.com\/wp-content\/uploads\/2024\/06\/AJ5718230-6.jpg","width":800,"height":800},{"@type":"BreadcrumbList","@id":"https:\/\/www.myautopartsfactory.com\/product\/wholesale-auto-engine-right-camshaft-position-sensor-3m4z6b288ab-aj5718230a-aj5718230-3m4z6b288ab-for-ford-fusion-lincoln#breadcrumb","itemListElement":[{"@type":"ListItem","position":1,"name":"\u9996\u9875","item":"https:\/\/www.myautopartsfactory.com\/"},{"@type":"ListItem","position":2,"name":"Wholesale Auto Engine Right Camshaft Position Sensor 3M4Z6B288AB AJ5718230A AJ5718230 3M4Z6B288AB For Ford Fusion Lincoln"}]},{"@type":"WebSite","@id":"https:\/\/www.myautopartsfactory.com\/#website","url":"https:\/\/www.myautopartsfactory.com\/","name":"YZHIDIANF","description":"Fournisseur unique de pi\u00e8ces d\u00e9tach\u00e9es automobiles","publisher":{"@id":"https:\/\/www.myautopartsfactory.com\/#organization"},"potentialAction":[{"@type":"SearchAction","target":{"@type":"EntryPoint","urlTemplate":"https:\/\/www.myautopartsfactory.com\/?s={search_term_string}"},"query-input":{"@type":"PropertyValueSpecification","valueRequired":true,"valueName":"search_term_string"}}],"inLanguage":"fr-FR"},{"@type":"Organization","@id":"https:\/\/www.myautopartsfactory.com\/#organization","name":"YZHIDIANF","url":"https:\/\/www.myautopartsfactory.com\/","logo":{"@type":"ImageObject","inLanguage":"fr-FR","@id":"https:\/\/www.myautopartsfactory.com\/#\/schema\/logo\/image\/","url":"https:\/\/www.myautopartsfactory.com\/wp-content\/uploads\/2024\/05\/fav.jpg","contentUrl":"https:\/\/www.myautopartsfactory.com\/wp-content\/uploads\/2024\/05\/fav.jpg","width":80,"height":80,"caption":"YZHIDIANF"},"image":{"@id":"https:\/\/www.myautopartsfactory.com\/#\/schema\/logo\/image\/"}}]}},"acf":[],"_links":{"self":[{"href":"https:\/\/www.myautopartsfactory.com\/fr\/wp-json\/wp\/v2\/product\/1758","targetHints":{"allow":["GET"]}}],"collection":[{"href":"https:\/\/www.myautopartsfactory.com\/fr\/wp-json\/wp\/v2\/product"}],"about":[{"href":"https:\/\/www.myautopartsfactory.com\/fr\/wp-json\/wp\/v2\/types\/product"}],"version-history":[{"count":0,"href":"https:\/\/www.myautopartsfactory.com\/fr\/wp-json\/wp\/v2\/product\/1758\/revisions"}],"wp:featuredmedia":[{"embeddable":true,"href":"https:\/\/www.myautopartsfactory.com\/fr\/wp-json\/wp\/v2\/media\/1764"}],"wp:attachment":[{"href":"https:\/\/www.myautopartsfactory.com\/fr\/wp-json\/wp\/v2\/media?parent=1758"}],"wp:term":[{"taxonomy":"product-tag","embeddable":true,"href":"https:\/\/www.myautopartsfactory.com\/fr\/wp-json\/wp\/v2\/product-tag?post=1758"},{"taxonomy":"products","embeddable":true,"href":"https:\/\/www.myautopartsfactory.com\/fr\/wp-json\/wp\/v2\/products?post=1758"},{"taxonomy":"brand","embeddable":true,"href":"https:\/\/www.myautopartsfactory.com\/fr\/wp-json\/wp\/v2\/brand?post=1758"}],"curies":[{"name":"wp","href":"https:\/\/api.w.org\/{rel}","templated":true}]}}