{"id":1508,"date":"2024-06-13T16:56:23","date_gmt":"2024-06-13T08:56:23","guid":{"rendered":"https:\/\/www.myautopartsfactory.com\/?post_type=product&#038;p=1508"},"modified":"2025-02-10T15:12:51","modified_gmt":"2025-02-10T07:12:51","slug":"wholesale-auto-engine-gasoline-fuel-injector-nozzle-f01r00m153-for-baic-weiwang-m20-205","status":"publish","type":"product","link":"https:\/\/www.myautopartsfactory.com\/fr\/product\/wholesale-auto-engine-gasoline-fuel-injector-nozzle-f01r00m153-for-baic-weiwang-m20-205","title":{"rendered":"Wholesale Auto Engine Gasoline Injector Nozzle F01R00M153 For Baic Weiwang M20 205"},"content":{"rendered":"<h2 class=\"wp-block-heading\">Caract\u00e9ristiques et avantages :<\/h2>\n\n\n\n<ul class=\"wp-block-list\">\n<li>Ajustement parfait, installation facile<\/li>\n\n\n\n<li>Fabriqu\u00e9 selon les sp\u00e9cifications de l'usine pour une installation sans probl\u00e8me.<\/li>\n\n\n\n<li>Con\u00e7u pour remplacer directement l'injecteur de carburant d'origine, ce qui garantit une adaptation et des performances excellentes.<\/li>\n<\/ul>\n\n\n\n<h2 class=\"wp-block-heading\">Caract\u00e9ristiques du produit\uff1a<\/h2>\n\n\n\n<ul class=\"wp-block-list\">\n<li>Injection de haute pr\u00e9cision : Gr\u00e2ce \u00e0 sa capacit\u00e9 d'injection de haute pr\u00e9cision, il est pulv\u00e9ris\u00e9 dans le cylindre sous forme de particules fines et uniformes, ce qui am\u00e9liore l'efficacit\u00e9 de la combustion et la puissance.<\/li>\n\n\n\n<li>R\u00e9ponse rapide : R\u00e9ponse rapide gr\u00e2ce \u00e0 un contr\u00f4le pr\u00e9cis du temps d'injection et de la quantit\u00e9 inject\u00e9e pour s'adapter aux besoins en carburant dans diff\u00e9rentes conditions de travail.<\/li>\n\n\n\n<li>Durable et fiable : Adopte des mat\u00e9riaux r\u00e9sistants aux hautes temp\u00e9ratures et une technologie d'\u00e9tanch\u00e9it\u00e9 avanc\u00e9e pour r\u00e9sister \u00e0 la corrosion du carburant et aux chocs de pression.<\/li>\n<\/ul>","protected":false},"excerpt":{"rendered":"Features &amp; Benefits: Product Features\uff1a","protected":false},"featured_media":1513,"menu_order":0,"template":"","meta":[],"product-tag":[146],"products":[90],"brand":[],"class_list":["post-1508","product","type-product","status-publish","has-post-thumbnail","hentry","product-tag-fuel-injector-nozzle","products-fuel-injector"],"yoast_head":"<!-- This site is optimized with the Yoast SEO plugin v27.3 - https:\/\/yoast.com\/product\/yoast-seo-wordpress\/ -->\n<title>Wholesale Auto Engine Gasoline Fuel Injector Nozzle F01R00M153 For Baic Weiwang M20 205 - YZHIDIANF<\/title>\n<meta name=\"robots\" content=\"index, follow, max-snippet:-1, max-image-preview:large, max-video-preview:-1\" \/>\n<link rel=\"canonical\" href=\"https:\/\/www.myautopartsfactory.com\/fr\/product\/wholesale-auto-engine-gasoline-fuel-injector-nozzle-f01r00m153-for-baic-weiwang-m20-205\/\" \/>\n<meta property=\"og:locale\" content=\"fr_FR\" \/>\n<meta property=\"og:type\" content=\"article\" \/>\n<meta property=\"og:title\" content=\"Wholesale Auto Engine Gasoline Fuel Injector Nozzle F01R00M153 For Baic Weiwang M20 205 - YZHIDIANF\" \/>\n<meta property=\"og:description\" content=\"Features &amp; Benefits: Product Features\uff1a\" \/>\n<meta property=\"og:url\" content=\"https:\/\/www.myautopartsfactory.com\/fr\/product\/wholesale-auto-engine-gasoline-fuel-injector-nozzle-f01r00m153-for-baic-weiwang-m20-205\/\" \/>\n<meta property=\"og:site_name\" content=\"YZHIDIANF\" \/>\n<meta property=\"article:modified_time\" content=\"2025-02-10T07:12:51+00:00\" \/>\n<meta property=\"og:image\" content=\"https:\/\/www.myautopartsfactory.com\/wp-content\/uploads\/2024\/06\/F01R00M153-5.jpg\" \/>\n\t<meta property=\"og:image:width\" content=\"800\" \/>\n\t<meta property=\"og:image:height\" content=\"800\" \/>\n\t<meta property=\"og:image:type\" content=\"image\/jpeg\" \/>\n<meta name=\"twitter:card\" content=\"summary_large_image\" \/>\n<meta name=\"twitter:label1\" content=\"Dur\u00e9e de lecture estim\u00e9e\" \/>\n\t<meta name=\"twitter:data1\" content=\"1 minute\" \/>\n<script type=\"application\/ld+json\" class=\"yoast-schema-graph\">{\"@context\":\"https:\\\/\\\/schema.org\",\"@graph\":[{\"@type\":\"WebPage\",\"@id\":\"https:\\\/\\\/www.myautopartsfactory.com\\\/product\\\/wholesale-auto-engine-gasoline-fuel-injector-nozzle-f01r00m153-for-baic-weiwang-m20-205\",\"url\":\"https:\\\/\\\/www.myautopartsfactory.com\\\/product\\\/wholesale-auto-engine-gasoline-fuel-injector-nozzle-f01r00m153-for-baic-weiwang-m20-205\",\"name\":\"Wholesale Auto Engine Gasoline Fuel Injector Nozzle F01R00M153 For Baic Weiwang M20 205 - YZHIDIANF\",\"isPartOf\":{\"@id\":\"https:\\\/\\\/www.myautopartsfactory.com\\\/#website\"},\"primaryImageOfPage\":{\"@id\":\"https:\\\/\\\/www.myautopartsfactory.com\\\/product\\\/wholesale-auto-engine-gasoline-fuel-injector-nozzle-f01r00m153-for-baic-weiwang-m20-205#primaryimage\"},\"image\":{\"@id\":\"https:\\\/\\\/www.myautopartsfactory.com\\\/product\\\/wholesale-auto-engine-gasoline-fuel-injector-nozzle-f01r00m153-for-baic-weiwang-m20-205#primaryimage\"},\"thumbnailUrl\":\"https:\\\/\\\/www.myautopartsfactory.com\\\/wp-content\\\/uploads\\\/2024\\\/06\\\/F01R00M153-5.jpg\",\"datePublished\":\"2024-06-13T08:56:23+00:00\",\"dateModified\":\"2025-02-10T07:12:51+00:00\",\"breadcrumb\":{\"@id\":\"https:\\\/\\\/www.myautopartsfactory.com\\\/product\\\/wholesale-auto-engine-gasoline-fuel-injector-nozzle-f01r00m153-for-baic-weiwang-m20-205#breadcrumb\"},\"inLanguage\":\"fr-FR\",\"potentialAction\":[{\"@type\":\"ReadAction\",\"target\":[\"https:\\\/\\\/www.myautopartsfactory.com\\\/product\\\/wholesale-auto-engine-gasoline-fuel-injector-nozzle-f01r00m153-for-baic-weiwang-m20-205\"]}]},{\"@type\":\"ImageObject\",\"inLanguage\":\"fr-FR\",\"@id\":\"https:\\\/\\\/www.myautopartsfactory.com\\\/product\\\/wholesale-auto-engine-gasoline-fuel-injector-nozzle-f01r00m153-for-baic-weiwang-m20-205#primaryimage\",\"url\":\"https:\\\/\\\/www.myautopartsfactory.com\\\/wp-content\\\/uploads\\\/2024\\\/06\\\/F01R00M153-5.jpg\",\"contentUrl\":\"https:\\\/\\\/www.myautopartsfactory.com\\\/wp-content\\\/uploads\\\/2024\\\/06\\\/F01R00M153-5.jpg\",\"width\":800,\"height\":800},{\"@type\":\"BreadcrumbList\",\"@id\":\"https:\\\/\\\/www.myautopartsfactory.com\\\/product\\\/wholesale-auto-engine-gasoline-fuel-injector-nozzle-f01r00m153-for-baic-weiwang-m20-205#breadcrumb\",\"itemListElement\":[{\"@type\":\"ListItem\",\"position\":1,\"name\":\"\u9996\u9875\",\"item\":\"https:\\\/\\\/www.myautopartsfactory.com\\\/\"},{\"@type\":\"ListItem\",\"position\":2,\"name\":\"Wholesale Auto Engine Gasoline Fuel Injector Nozzle F01R00M153 For Baic Weiwang M20 205\"}]},{\"@type\":\"WebSite\",\"@id\":\"https:\\\/\\\/www.myautopartsfactory.com\\\/#website\",\"url\":\"https:\\\/\\\/www.myautopartsfactory.com\\\/\",\"name\":\"YZHIDIANF\",\"description\":\"One-Stop Auto Parts Supplier\",\"publisher\":{\"@id\":\"https:\\\/\\\/www.myautopartsfactory.com\\\/#organization\"},\"potentialAction\":[{\"@type\":\"SearchAction\",\"target\":{\"@type\":\"EntryPoint\",\"urlTemplate\":\"https:\\\/\\\/www.myautopartsfactory.com\\\/?s={search_term_string}\"},\"query-input\":{\"@type\":\"PropertyValueSpecification\",\"valueRequired\":true,\"valueName\":\"search_term_string\"}}],\"inLanguage\":\"fr-FR\"},{\"@type\":\"Organization\",\"@id\":\"https:\\\/\\\/www.myautopartsfactory.com\\\/#organization\",\"name\":\"YZHIDIANF\",\"url\":\"https:\\\/\\\/www.myautopartsfactory.com\\\/\",\"logo\":{\"@type\":\"ImageObject\",\"inLanguage\":\"fr-FR\",\"@id\":\"https:\\\/\\\/www.myautopartsfactory.com\\\/#\\\/schema\\\/logo\\\/image\\\/\",\"url\":\"https:\\\/\\\/www.myautopartsfactory.com\\\/wp-content\\\/uploads\\\/2024\\\/05\\\/fav.jpg\",\"contentUrl\":\"https:\\\/\\\/www.myautopartsfactory.com\\\/wp-content\\\/uploads\\\/2024\\\/05\\\/fav.jpg\",\"width\":80,\"height\":80,\"caption\":\"YZHIDIANF\"},\"image\":{\"@id\":\"https:\\\/\\\/www.myautopartsfactory.com\\\/#\\\/schema\\\/logo\\\/image\\\/\"}}]}<\/script>\n<!-- \/ Yoast SEO plugin. -->","yoast_head_json":{"title":"Wholesale Auto Engine Gasoline Fuel Injector Nozzle F01R00M153 For Baic Weiwang M20 205 - YZHIDIANF","robots":{"index":"index","follow":"follow","max-snippet":"max-snippet:-1","max-image-preview":"max-image-preview:large","max-video-preview":"max-video-preview:-1"},"canonical":"https:\/\/www.myautopartsfactory.com\/fr\/product\/wholesale-auto-engine-gasoline-fuel-injector-nozzle-f01r00m153-for-baic-weiwang-m20-205\/","og_locale":"fr_FR","og_type":"article","og_title":"Wholesale Auto Engine Gasoline Fuel Injector Nozzle F01R00M153 For Baic Weiwang M20 205 - YZHIDIANF","og_description":"Features &amp; Benefits: Product Features\uff1a","og_url":"https:\/\/www.myautopartsfactory.com\/fr\/product\/wholesale-auto-engine-gasoline-fuel-injector-nozzle-f01r00m153-for-baic-weiwang-m20-205\/","og_site_name":"YZHIDIANF","article_modified_time":"2025-02-10T07:12:51+00:00","og_image":[{"width":800,"height":800,"url":"https:\/\/www.myautopartsfactory.com\/wp-content\/uploads\/2024\/06\/F01R00M153-5.jpg","type":"image\/jpeg"}],"twitter_card":"summary_large_image","twitter_misc":{"Dur\u00e9e de lecture estim\u00e9e":"1 minute"},"schema":{"@context":"https:\/\/schema.org","@graph":[{"@type":"WebPage","@id":"https:\/\/www.myautopartsfactory.com\/product\/wholesale-auto-engine-gasoline-fuel-injector-nozzle-f01r00m153-for-baic-weiwang-m20-205","url":"https:\/\/www.myautopartsfactory.com\/product\/wholesale-auto-engine-gasoline-fuel-injector-nozzle-f01r00m153-for-baic-weiwang-m20-205","name":"Wholesale Auto Engine Gasoline Fuel Injector Nozzle F01R00M153 For Baic Weiwang M20 205 - YZHIDIANF","isPartOf":{"@id":"https:\/\/www.myautopartsfactory.com\/#website"},"primaryImageOfPage":{"@id":"https:\/\/www.myautopartsfactory.com\/product\/wholesale-auto-engine-gasoline-fuel-injector-nozzle-f01r00m153-for-baic-weiwang-m20-205#primaryimage"},"image":{"@id":"https:\/\/www.myautopartsfactory.com\/product\/wholesale-auto-engine-gasoline-fuel-injector-nozzle-f01r00m153-for-baic-weiwang-m20-205#primaryimage"},"thumbnailUrl":"https:\/\/www.myautopartsfactory.com\/wp-content\/uploads\/2024\/06\/F01R00M153-5.jpg","datePublished":"2024-06-13T08:56:23+00:00","dateModified":"2025-02-10T07:12:51+00:00","breadcrumb":{"@id":"https:\/\/www.myautopartsfactory.com\/product\/wholesale-auto-engine-gasoline-fuel-injector-nozzle-f01r00m153-for-baic-weiwang-m20-205#breadcrumb"},"inLanguage":"fr-FR","potentialAction":[{"@type":"ReadAction","target":["https:\/\/www.myautopartsfactory.com\/product\/wholesale-auto-engine-gasoline-fuel-injector-nozzle-f01r00m153-for-baic-weiwang-m20-205"]}]},{"@type":"ImageObject","inLanguage":"fr-FR","@id":"https:\/\/www.myautopartsfactory.com\/product\/wholesale-auto-engine-gasoline-fuel-injector-nozzle-f01r00m153-for-baic-weiwang-m20-205#primaryimage","url":"https:\/\/www.myautopartsfactory.com\/wp-content\/uploads\/2024\/06\/F01R00M153-5.jpg","contentUrl":"https:\/\/www.myautopartsfactory.com\/wp-content\/uploads\/2024\/06\/F01R00M153-5.jpg","width":800,"height":800},{"@type":"BreadcrumbList","@id":"https:\/\/www.myautopartsfactory.com\/product\/wholesale-auto-engine-gasoline-fuel-injector-nozzle-f01r00m153-for-baic-weiwang-m20-205#breadcrumb","itemListElement":[{"@type":"ListItem","position":1,"name":"\u9996\u9875","item":"https:\/\/www.myautopartsfactory.com\/"},{"@type":"ListItem","position":2,"name":"Wholesale Auto Engine Gasoline Fuel Injector Nozzle F01R00M153 For Baic Weiwang M20 205"}]},{"@type":"WebSite","@id":"https:\/\/www.myautopartsfactory.com\/#website","url":"https:\/\/www.myautopartsfactory.com\/","name":"YZHIDIANF","description":"Fournisseur unique de pi\u00e8ces d\u00e9tach\u00e9es automobiles","publisher":{"@id":"https:\/\/www.myautopartsfactory.com\/#organization"},"potentialAction":[{"@type":"SearchAction","target":{"@type":"EntryPoint","urlTemplate":"https:\/\/www.myautopartsfactory.com\/?s={search_term_string}"},"query-input":{"@type":"PropertyValueSpecification","valueRequired":true,"valueName":"search_term_string"}}],"inLanguage":"fr-FR"},{"@type":"Organization","@id":"https:\/\/www.myautopartsfactory.com\/#organization","name":"YZHIDIANF","url":"https:\/\/www.myautopartsfactory.com\/","logo":{"@type":"ImageObject","inLanguage":"fr-FR","@id":"https:\/\/www.myautopartsfactory.com\/#\/schema\/logo\/image\/","url":"https:\/\/www.myautopartsfactory.com\/wp-content\/uploads\/2024\/05\/fav.jpg","contentUrl":"https:\/\/www.myautopartsfactory.com\/wp-content\/uploads\/2024\/05\/fav.jpg","width":80,"height":80,"caption":"YZHIDIANF"},"image":{"@id":"https:\/\/www.myautopartsfactory.com\/#\/schema\/logo\/image\/"}}]}},"acf":[],"_links":{"self":[{"href":"https:\/\/www.myautopartsfactory.com\/fr\/wp-json\/wp\/v2\/product\/1508","targetHints":{"allow":["GET"]}}],"collection":[{"href":"https:\/\/www.myautopartsfactory.com\/fr\/wp-json\/wp\/v2\/product"}],"about":[{"href":"https:\/\/www.myautopartsfactory.com\/fr\/wp-json\/wp\/v2\/types\/product"}],"version-history":[{"count":0,"href":"https:\/\/www.myautopartsfactory.com\/fr\/wp-json\/wp\/v2\/product\/1508\/revisions"}],"wp:featuredmedia":[{"embeddable":true,"href":"https:\/\/www.myautopartsfactory.com\/fr\/wp-json\/wp\/v2\/media\/1513"}],"wp:attachment":[{"href":"https:\/\/www.myautopartsfactory.com\/fr\/wp-json\/wp\/v2\/media?parent=1508"}],"wp:term":[{"taxonomy":"product-tag","embeddable":true,"href":"https:\/\/www.myautopartsfactory.com\/fr\/wp-json\/wp\/v2\/product-tag?post=1508"},{"taxonomy":"products","embeddable":true,"href":"https:\/\/www.myautopartsfactory.com\/fr\/wp-json\/wp\/v2\/products?post=1508"},{"taxonomy":"brand","embeddable":true,"href":"https:\/\/www.myautopartsfactory.com\/fr\/wp-json\/wp\/v2\/brand?post=1508"}],"curies":[{"name":"wp","href":"https:\/\/api.w.org\/{rel}","templated":true}]}}