{"id":8,"date":"2024-04-11T22:15:17","date_gmt":"2024-04-11T14:15:17","guid":{"rendered":"https:\/\/www.myautopartsfactory.com\/?page_id=8"},"modified":"2026-03-12T15:59:37","modified_gmt":"2026-03-12T07:59:37","slug":"contact-us","status":"publish","type":"page","link":"https:\/\/www.myautopartsfactory.com\/fr\/contact-us","title":{"rendered":"Nous contacter"},"content":{"rendered":"\n<h1 class=\"wp-block-heading has-text-align-center\">Contact Us<\/h1>\n\n\n\n<div style=\"height:35px\" aria-hidden=\"true\" class=\"wp-block-spacer\"><\/div>\n\n\n\n<div class=\"wp-block-columns is-layout-flex wp-container-core-columns-is-layout-9d6595d7 wp-block-columns-is-layout-flex\">\n<div class=\"wp-block-column pt-40 pb-40 pl-40 pr-40 f8f9f9 shadow-sm rounded is-layout-flow wp-block-column-is-layout-flow\">\n<div class=\"wp-block-group text-center\"><div class=\"wp-block-group__inner-container is-layout-constrained wp-block-group-is-layout-constrained\"><div class=\"wp-block-image\">\n<figure class=\"aligncenter size-full\"><img decoding=\"async\" width=\"64\" height=\"64\" src=\"https:\/\/www.myautopartsfactory.com\/wp-content\/uploads\/2024\/04\/icon-quote.png\" alt=\"Get a quote from a product specialist\" class=\"wp-image-164\" srcset=\"https:\/\/www.myautopartsfactory.com\/wp-content\/uploads\/2024\/04\/icon-quote.png 64w, https:\/\/www.myautopartsfactory.com\/wp-content\/uploads\/2024\/04\/icon-quote-150x150.png 150w\" sizes=\"(max-width: 64px) 100vw, 64px\" \/><\/figure>\n<\/div>\n\n\n<h3 class=\"wp-block-heading\">Get a quote from a product specialist<\/h3>\n\n\n\n<p>We\u2019ll help you find the best pricing based on your auto parts needs.<\/p>\n\n\n\n<p class=\"has-text-align-center xs-btn c-btn\"><a href=\"https:\/\/www.myautopartsfactory.com\/request-a-quote\" target=\"_blank\" rel=\"noreferrer noopener\">Request a quote<\/a><\/p>\n<\/div><\/div>\n<\/div>\n\n\n\n<div class=\"wp-block-column pt-40 pb-40 pl-40 pr-40 f8f9f9 shadow-sm rounded is-layout-flow wp-block-column-is-layout-flow\">\n<div class=\"wp-block-group text-center\"><div class=\"wp-block-group__inner-container is-layout-constrained wp-block-group-is-layout-constrained\"><div class=\"wp-block-image\">\n<figure class=\"aligncenter size-full\"><img decoding=\"async\" width=\"64\" height=\"64\" src=\"https:\/\/www.myautopartsfactory.com\/wp-content\/uploads\/2024\/04\/icon-Expert-Support-1.png\" alt=\"Inquire about auto parts services\" class=\"wp-image-165\" srcset=\"https:\/\/www.myautopartsfactory.com\/wp-content\/uploads\/2024\/04\/icon-Expert-Support-1.png 64w, https:\/\/www.myautopartsfactory.com\/wp-content\/uploads\/2024\/04\/icon-Expert-Support-1-150x150.png 150w\" sizes=\"(max-width: 64px) 100vw, 64px\" \/><\/figure>\n<\/div>\n\n\n<h3 class=\"wp-block-heading\">Inquire about auto parts services<\/h3>\n\n\n\n<p>We tackle any auto parts problem, so don\u2019t hesitate to contact us!<\/p>\n\n\n\n<p class=\"has-text-align-center xs-btn c-btn\"><a href=\"https:\/\/www.myautopartsfactory.com\/request-a-quote\" target=\"_blank\" rel=\"noreferrer noopener\">Request a quote<\/a><\/p>\n<\/div><\/div>\n<\/div>\n\n\n\n<div class=\"wp-block-column pt-40 pb-40 pl-40 pr-40 f8f9f9 shadow-sm rounded is-layout-flow wp-block-column-is-layout-flow\">\n<div class=\"wp-block-group text-center\"><div class=\"wp-block-group__inner-container is-layout-constrained wp-block-group-is-layout-constrained\"><div class=\"wp-block-image\">\n<figure class=\"aligncenter size-full\"><img decoding=\"async\" width=\"64\" height=\"64\" src=\"https:\/\/www.myautopartsfactory.com\/wp-content\/uploads\/2024\/04\/icon-consultation.png\" alt=\"General auto parts expert support\" class=\"wp-image-166\" srcset=\"https:\/\/www.myautopartsfactory.com\/wp-content\/uploads\/2024\/04\/icon-consultation.png 64w, https:\/\/www.myautopartsfactory.com\/wp-content\/uploads\/2024\/04\/icon-consultation-150x150.png 150w\" sizes=\"(max-width: 64px) 100vw, 64px\" \/><\/figure>\n<\/div>\n\n\n<h3 class=\"wp-block-heading\">General auto parts expert support<\/h3>\n\n\n\n<p>Get instant support and answers to your questions from our help center.<\/p>\n\n\n\n<p class=\"has-text-align-center xs-btn c-btn\"><a href=\"#\">Help &amp; FAQ<\/a><\/p>\n<\/div><\/div>\n<\/div>\n<\/div>\n\n\n\n<div class=\"wp-block-columns are-vertically-aligned-center mt-60 is-layout-flex wp-container-core-columns-is-layout-9d6595d7 wp-block-columns-is-layout-flex\">\n<div class=\"wp-block-column is-vertically-aligned-center is-layout-flow wp-block-column-is-layout-flow\" style=\"flex-basis:50%\">\n<figure class=\"wp-block-image size-full is-style-default\"><img loading=\"lazy\" decoding=\"async\" width=\"1272\" height=\"1272\" src=\"https:\/\/www.myautopartsfactory.com\/wp-content\/uploads\/2024\/04\/consultation-support.webp\" alt=\"Get in contact with our auto parts experts\" class=\"wp-image-120\" srcset=\"https:\/\/www.myautopartsfactory.com\/wp-content\/uploads\/2024\/04\/consultation-support.webp 1272w, https:\/\/www.myautopartsfactory.com\/wp-content\/uploads\/2024\/04\/consultation-support-150x150.webp 150w, https:\/\/www.myautopartsfactory.com\/wp-content\/uploads\/2024\/04\/consultation-support-768x768.webp 768w\" sizes=\"(max-width: 1272px) 100vw, 1272px\" \/><\/figure>\n<\/div>\n\n\n\n<div class=\"wp-block-column is-layout-flow wp-block-column-is-layout-flow\" style=\"flex-basis:8%\"><\/div>\n\n\n\n<div class=\"wp-block-column is-vertically-aligned-center is-layout-flow wp-block-column-is-layout-flow\" style=\"flex-basis:42%\">\n<h2 class=\"wp-block-heading\">Looking for instant support? Speak with our auto parts experts within a minute.<\/h2>\n\n\n\n<p>Get in contact with our auto parts experts in a matter of minutes for direct support to your auto parts needs.<\/p>\n\n\n\n<h3 class=\"wp-block-heading\">Toll-free Call Center<\/h3>\n\n\n\n<p>WhatsApp: <strong><em><a href=\"https:\/\/api.whatsapp.com\/send\/?phone=8613450358058&amp;text=Hello+YZHIDIANF%21%0D%0AName%3A%0D%0ALike+to+know+more+information+about+-+%27Help+%26+FAQ%27+-+https%3A%2F%2Fwww.myautopartsfactory.com%2Fhelp-faq&amp;type=phone_number&amp;app_absent=0\">+86-13450358058<\/a><\/em><\/strong><br>Tel:<em>\u00a0<\/em>+86-13450358058<\/p>\n\n\n\n<h3 class=\"wp-block-heading\">Sales Inquiries<\/h3>\n\n\n\n<p>Email: <a href=\"mailto:jasmine@zhenhuaauto.com\">jasmine@zhenhuaauto.com<\/a><\/p>\n\n\n\n<div class=\"wp-block-columns is-layout-flex wp-container-core-columns-is-layout-9d6595d7 wp-block-columns-is-layout-flex\">\n<div class=\"wp-block-column is-layout-flow wp-block-column-is-layout-flow\"><\/div>\n<\/div>\n<\/div>\n<\/div>\n\n\n\n<div class=\"wp-block-columns is-layout-flex wp-container-core-columns-is-layout-9d6595d7 wp-block-columns-is-layout-flex\">\n<div class=\"wp-block-column is-layout-flow wp-block-column-is-layout-flow\" style=\"flex-basis:100%\"><div class=\"wpforms-container wpforms-container-full wpforms-block wpforms-block-170e8612-37ac-4dc2-a893-c527c3cd87cb wpforms-render-modern\" id=\"wpforms-119\"><form id=\"wpforms-form-119\" class=\"wpforms-validate wpforms-form wpforms-ajax-form\" data-formid=\"119\" method=\"post\" enctype=\"multipart\/form-data\" action=\"\/fr\/wp-json\/wp\/v2\/pages\/8\" data-token=\"43ab95043ff5b2a94c9443e182e6e3a1\" data-token-time=\"1776242207\"><noscript class=\"wpforms-error-noscript\">Veuillez activer JavaScript dans votre navigateur pour remplir ce formulaire.<\/noscript><div class=\"wpforms-hidden\" id=\"wpforms-error-noscript\">Veuillez activer JavaScript dans votre navigateur pour remplir ce formulaire.<\/div><div class=\"wpforms-field-container\"><div id=\"wpforms-119-field_1-container\" class=\"wpforms-field wpforms-field-text\" data-field-id=\"1\"><label class=\"wpforms-field-label wpforms-label-hide\" for=\"wpforms-119-field_1\" aria-hidden=\"false\">Your Name<\/label><input type=\"text\" id=\"wpforms-119-field_1\" class=\"wpforms-field-large\" name=\"wpforms[fields][1]\" placeholder=\"Your Name*\" aria-errormessage=\"wpforms-119-field_1-error\" ><\/div><div id=\"wpforms-119-field_2-container\" class=\"wpforms-field wpforms-field-text\" data-field-id=\"2\"><label class=\"wpforms-field-label wpforms-label-hide\" for=\"wpforms-119-field_2\" aria-hidden=\"false\">Business Email <span class=\"wpforms-required-label\" aria-hidden=\"true\">*<\/span><\/label><input type=\"text\" id=\"wpforms-119-field_2\" class=\"wpforms-field-large wpforms-field-required\" name=\"wpforms[fields][2]\" placeholder=\"Business Email*\" aria-errormessage=\"wpforms-119-field_2-error\" required><\/div><div id=\"wpforms-119-field_9-container\" class=\"wpforms-field wpforms-field-phone\" data-field-id=\"9\"><label class=\"wpforms-field-label wpforms-label-hide\" for=\"wpforms-119-field_9\" aria-hidden=\"false\">Phone\/WhatsApp <span class=\"wpforms-required-label\" aria-hidden=\"true\">*<\/span><\/label><input type=\"tel\" id=\"wpforms-119-field_9\" class=\"wpforms-field-large wpforms-field-required wpforms-smart-phone-field\" data-rule-smart-phone-field=\"true\" name=\"wpforms[fields][9]\" placeholder=\"Phone\/WhatsApp\" aria-label=\"Phone\/WhatsApp\" aria-errormessage=\"wpforms-119-field_9-error\" required><\/div><div id=\"wpforms-119-field_7-container\" class=\"wpforms-field wpforms-field-text\" data-field-id=\"7\"><label class=\"wpforms-field-label wpforms-label-hide\" for=\"wpforms-119-field_7\" aria-hidden=\"false\">Company Name<\/label><input type=\"text\" id=\"wpforms-119-field_7\" class=\"wpforms-field-large\" name=\"wpforms[fields][7]\" placeholder=\"Company Name*\" aria-errormessage=\"wpforms-119-field_7-error\" ><\/div><div id=\"wpforms-119-field_4-container\" class=\"wpforms-field wpforms-field-textarea\" data-field-id=\"4\"><label class=\"wpforms-field-label wpforms-label-hide\" for=\"wpforms-119-field_4\" aria-hidden=\"false\">Leave a message<\/label><textarea id=\"wpforms-119-field_4\" class=\"wpforms-field-medium\" name=\"wpforms[fields][4]\" placeholder=\"Leaving information on quantities and needs\" aria-errormessage=\"wpforms-119-field_4-error\" ><\/textarea><\/div><div id=\"wpforms-119-field_5-container\" class=\"wpforms-field wpforms-field-hidden\" data-field-id=\"5\"><input type=\"hidden\" id=\"wpforms-119-field_5\" name=\"wpforms[fields][5]\" value=\"216.73.216.3\"><\/div><div id=\"wpforms-119-field_6-container\" class=\"wpforms-field wpforms-field-hidden\" data-field-id=\"6\"><input type=\"hidden\" id=\"wpforms-119-field_6\" name=\"wpforms[fields][6]\" value=\"https:\/\/www.myautopartsfactory.com\/fr\/wp-json\/wp\/v2\/pages\/8\"><\/div><\/div><!-- .wpforms-field-container --><div class=\"wpforms-field wpforms-field-hp\"><label for=\"wpforms-119-field-hp\" class=\"wpforms-field-label\">Name<\/label><input type=\"text\" name=\"wpforms[hp]\" id=\"wpforms-119-field-hp\" class=\"wpforms-field-medium\"><\/div><div class=\"wpforms-submit-container\" ><input type=\"hidden\" name=\"wpforms[id]\" value=\"119\"><input type=\"hidden\" name=\"page_title\" value=\"\"><input type=\"hidden\" name=\"page_url\" value=\"https:\/\/www.myautopartsfactory.com\/fr\/wp-json\/wp\/v2\/pages\/8\"><input type=\"hidden\" name=\"url_referer\" value=\"\"><button type=\"submit\" name=\"wpforms[submit]\" id=\"wpforms-submit-119\" class=\"wpforms-submit\" data-alt-text=\"Send...\" data-submit-text=\"Send Now\" aria-live=\"assertive\" value=\"wpforms-submit\">Send Now<\/button><img loading=\"lazy\" decoding=\"async\" src=\"https:\/\/www.myautopartsfactory.com\/wp-content\/plugins\/wpforms\/assets\/images\/submit-spin.svg\" class=\"wpforms-submit-spinner\" style=\"display: none;\" width=\"26\" height=\"26\" alt=\"Chargement en cours\"><\/div><\/form><\/div>  <!-- .wpforms-container --><\/div>\n<\/div>\n","protected":false},"excerpt":{"rendered":"Contact Us Get a quote from a product specialist We\u2019ll help you find the best pricing based on your auto parts needs. Request a quote Inquire about auto parts services We tackle any auto parts problem, so don\u2019t hesitate to contact us! Request a quote General auto parts expert support Get instant support and answers [&hellip;]","protected":false},"author":4,"featured_media":165,"parent":0,"menu_order":0,"comment_status":"closed","ping_status":"closed","template":"","meta":{"footnotes":""},"class_list":["post-8","page","type-page","status-publish","has-post-thumbnail","hentry"],"yoast_head":"<!-- This site is optimized with the Yoast SEO plugin v27.3 - https:\/\/yoast.com\/product\/yoast-seo-wordpress\/ -->\n<title>Contact Us - YZHIDIANF<\/title>\n<meta name=\"description\" content=\"YZHIDIANF is a one-stop auto parts manufacturer and offers an end-to-end solution to take the stress out of vehicle repair and maintenance.\" \/>\n<meta name=\"robots\" content=\"index, follow, max-snippet:-1, max-image-preview:large, max-video-preview:-1\" \/>\n<link rel=\"canonical\" href=\"https:\/\/www.myautopartsfactory.com\/fr\/contact-us\/\" \/>\n<meta property=\"og:locale\" content=\"fr_FR\" \/>\n<meta property=\"og:type\" content=\"article\" \/>\n<meta property=\"og:title\" content=\"Contact Us - YZHIDIANF\" \/>\n<meta property=\"og:description\" content=\"YZHIDIANF is a one-stop auto parts manufacturer and offers an end-to-end solution to take the stress out of vehicle repair and maintenance.\" \/>\n<meta property=\"og:url\" content=\"https:\/\/www.myautopartsfactory.com\/fr\/contact-us\/\" \/>\n<meta property=\"og:site_name\" content=\"YZHIDIANF\" \/>\n<meta property=\"article:modified_time\" content=\"2026-03-12T07:59:37+00:00\" \/>\n<meta property=\"og:image\" content=\"https:\/\/www.myautopartsfactory.com\/wp-content\/uploads\/2024\/04\/icon-Expert-Support-1.png\" \/>\n\t<meta property=\"og:image:width\" content=\"64\" \/>\n\t<meta property=\"og:image:height\" content=\"64\" \/>\n\t<meta property=\"og:image:type\" content=\"image\/png\" \/>\n<meta name=\"twitter:card\" content=\"summary_large_image\" \/>\n<meta name=\"twitter:label1\" content=\"Dur\u00e9e de lecture estim\u00e9e\" \/>\n\t<meta name=\"twitter:data1\" content=\"2 minutes\" \/>\n<script type=\"application\/ld+json\" class=\"yoast-schema-graph\">{\"@context\":\"https:\\\/\\\/schema.org\",\"@graph\":[{\"@type\":\"WebPage\",\"@id\":\"https:\\\/\\\/www.myautopartsfactory.com\\\/contact-us\",\"url\":\"https:\\\/\\\/www.myautopartsfactory.com\\\/contact-us\",\"name\":\"Contact Us - YZHIDIANF\",\"isPartOf\":{\"@id\":\"https:\\\/\\\/www.myautopartsfactory.com\\\/#website\"},\"primaryImageOfPage\":{\"@id\":\"https:\\\/\\\/www.myautopartsfactory.com\\\/contact-us#primaryimage\"},\"image\":{\"@id\":\"https:\\\/\\\/www.myautopartsfactory.com\\\/contact-us#primaryimage\"},\"thumbnailUrl\":\"https:\\\/\\\/www.myautopartsfactory.com\\\/wp-content\\\/uploads\\\/2024\\\/04\\\/icon-Expert-Support-1.png\",\"datePublished\":\"2024-04-11T14:15:17+00:00\",\"dateModified\":\"2026-03-12T07:59:37+00:00\",\"description\":\"YZHIDIANF is a one-stop auto parts manufacturer and offers an end-to-end solution to take the stress out of vehicle repair and maintenance.\",\"breadcrumb\":{\"@id\":\"https:\\\/\\\/www.myautopartsfactory.com\\\/contact-us#breadcrumb\"},\"inLanguage\":\"fr-FR\",\"potentialAction\":[{\"@type\":\"ReadAction\",\"target\":[\"https:\\\/\\\/www.myautopartsfactory.com\\\/contact-us\"]}]},{\"@type\":\"ImageObject\",\"inLanguage\":\"fr-FR\",\"@id\":\"https:\\\/\\\/www.myautopartsfactory.com\\\/contact-us#primaryimage\",\"url\":\"https:\\\/\\\/www.myautopartsfactory.com\\\/wp-content\\\/uploads\\\/2024\\\/04\\\/icon-Expert-Support-1.png\",\"contentUrl\":\"https:\\\/\\\/www.myautopartsfactory.com\\\/wp-content\\\/uploads\\\/2024\\\/04\\\/icon-Expert-Support-1.png\",\"width\":64,\"height\":64},{\"@type\":\"BreadcrumbList\",\"@id\":\"https:\\\/\\\/www.myautopartsfactory.com\\\/contact-us#breadcrumb\",\"itemListElement\":[{\"@type\":\"ListItem\",\"position\":1,\"name\":\"\u9996\u9875\",\"item\":\"https:\\\/\\\/www.myautopartsfactory.com\\\/\"},{\"@type\":\"ListItem\",\"position\":2,\"name\":\"Contact Us\"}]},{\"@type\":\"WebSite\",\"@id\":\"https:\\\/\\\/www.myautopartsfactory.com\\\/#website\",\"url\":\"https:\\\/\\\/www.myautopartsfactory.com\\\/\",\"name\":\"YZHIDIANF\",\"description\":\"One-Stop Auto Parts Supplier\",\"publisher\":{\"@id\":\"https:\\\/\\\/www.myautopartsfactory.com\\\/#organization\"},\"potentialAction\":[{\"@type\":\"SearchAction\",\"target\":{\"@type\":\"EntryPoint\",\"urlTemplate\":\"https:\\\/\\\/www.myautopartsfactory.com\\\/?s={search_term_string}\"},\"query-input\":{\"@type\":\"PropertyValueSpecification\",\"valueRequired\":true,\"valueName\":\"search_term_string\"}}],\"inLanguage\":\"fr-FR\"},{\"@type\":\"Organization\",\"@id\":\"https:\\\/\\\/www.myautopartsfactory.com\\\/#organization\",\"name\":\"YZHIDIANF\",\"url\":\"https:\\\/\\\/www.myautopartsfactory.com\\\/\",\"logo\":{\"@type\":\"ImageObject\",\"inLanguage\":\"fr-FR\",\"@id\":\"https:\\\/\\\/www.myautopartsfactory.com\\\/#\\\/schema\\\/logo\\\/image\\\/\",\"url\":\"https:\\\/\\\/www.myautopartsfactory.com\\\/wp-content\\\/uploads\\\/2024\\\/05\\\/fav.jpg\",\"contentUrl\":\"https:\\\/\\\/www.myautopartsfactory.com\\\/wp-content\\\/uploads\\\/2024\\\/05\\\/fav.jpg\",\"width\":80,\"height\":80,\"caption\":\"YZHIDIANF\"},\"image\":{\"@id\":\"https:\\\/\\\/www.myautopartsfactory.com\\\/#\\\/schema\\\/logo\\\/image\\\/\"}}]}<\/script>\n<!-- \/ Yoast SEO plugin. -->","yoast_head_json":{"title":"Nous contacter - YZHIDIANF","description":"YZHIDIANF est un fabricant de pi\u00e8ces automobiles \u00e0 guichet unique qui offre une solution de bout en bout pour r\u00e9duire le stress li\u00e9 \u00e0 la r\u00e9paration et \u00e0 l'entretien des v\u00e9hicules.","robots":{"index":"index","follow":"follow","max-snippet":"max-snippet:-1","max-image-preview":"max-image-preview:large","max-video-preview":"max-video-preview:-1"},"canonical":"https:\/\/www.myautopartsfactory.com\/fr\/contact-us\/","og_locale":"fr_FR","og_type":"article","og_title":"Contact Us - YZHIDIANF","og_description":"YZHIDIANF is a one-stop auto parts manufacturer and offers an end-to-end solution to take the stress out of vehicle repair and maintenance.","og_url":"https:\/\/www.myautopartsfactory.com\/fr\/contact-us\/","og_site_name":"YZHIDIANF","article_modified_time":"2026-03-12T07:59:37+00:00","og_image":[{"width":64,"height":64,"url":"https:\/\/www.myautopartsfactory.com\/wp-content\/uploads\/2024\/04\/icon-Expert-Support-1.png","type":"image\/png"}],"twitter_card":"summary_large_image","twitter_misc":{"Dur\u00e9e de lecture estim\u00e9e":"2 minutes"},"schema":{"@context":"https:\/\/schema.org","@graph":[{"@type":"WebPage","@id":"https:\/\/www.myautopartsfactory.com\/contact-us","url":"https:\/\/www.myautopartsfactory.com\/contact-us","name":"Nous contacter - YZHIDIANF","isPartOf":{"@id":"https:\/\/www.myautopartsfactory.com\/#website"},"primaryImageOfPage":{"@id":"https:\/\/www.myautopartsfactory.com\/contact-us#primaryimage"},"image":{"@id":"https:\/\/www.myautopartsfactory.com\/contact-us#primaryimage"},"thumbnailUrl":"https:\/\/www.myautopartsfactory.com\/wp-content\/uploads\/2024\/04\/icon-Expert-Support-1.png","datePublished":"2024-04-11T14:15:17+00:00","dateModified":"2026-03-12T07:59:37+00:00","description":"YZHIDIANF est un fabricant de pi\u00e8ces automobiles \u00e0 guichet unique qui offre une solution de bout en bout pour r\u00e9duire le stress li\u00e9 \u00e0 la r\u00e9paration et \u00e0 l'entretien des v\u00e9hicules.","breadcrumb":{"@id":"https:\/\/www.myautopartsfactory.com\/contact-us#breadcrumb"},"inLanguage":"fr-FR","potentialAction":[{"@type":"ReadAction","target":["https:\/\/www.myautopartsfactory.com\/contact-us"]}]},{"@type":"ImageObject","inLanguage":"fr-FR","@id":"https:\/\/www.myautopartsfactory.com\/contact-us#primaryimage","url":"https:\/\/www.myautopartsfactory.com\/wp-content\/uploads\/2024\/04\/icon-Expert-Support-1.png","contentUrl":"https:\/\/www.myautopartsfactory.com\/wp-content\/uploads\/2024\/04\/icon-Expert-Support-1.png","width":64,"height":64},{"@type":"BreadcrumbList","@id":"https:\/\/www.myautopartsfactory.com\/contact-us#breadcrumb","itemListElement":[{"@type":"ListItem","position":1,"name":"\u9996\u9875","item":"https:\/\/www.myautopartsfactory.com\/"},{"@type":"ListItem","position":2,"name":"Contact Us"}]},{"@type":"WebSite","@id":"https:\/\/www.myautopartsfactory.com\/#website","url":"https:\/\/www.myautopartsfactory.com\/","name":"YZHIDIANF","description":"Fournisseur unique de pi\u00e8ces d\u00e9tach\u00e9es automobiles","publisher":{"@id":"https:\/\/www.myautopartsfactory.com\/#organization"},"potentialAction":[{"@type":"SearchAction","target":{"@type":"EntryPoint","urlTemplate":"https:\/\/www.myautopartsfactory.com\/?s={search_term_string}"},"query-input":{"@type":"PropertyValueSpecification","valueRequired":true,"valueName":"search_term_string"}}],"inLanguage":"fr-FR"},{"@type":"Organization","@id":"https:\/\/www.myautopartsfactory.com\/#organization","name":"YZHIDIANF","url":"https:\/\/www.myautopartsfactory.com\/","logo":{"@type":"ImageObject","inLanguage":"fr-FR","@id":"https:\/\/www.myautopartsfactory.com\/#\/schema\/logo\/image\/","url":"https:\/\/www.myautopartsfactory.com\/wp-content\/uploads\/2024\/05\/fav.jpg","contentUrl":"https:\/\/www.myautopartsfactory.com\/wp-content\/uploads\/2024\/05\/fav.jpg","width":80,"height":80,"caption":"YZHIDIANF"},"image":{"@id":"https:\/\/www.myautopartsfactory.com\/#\/schema\/logo\/image\/"}}]}},"acf":[],"_links":{"self":[{"href":"https:\/\/www.myautopartsfactory.com\/fr\/wp-json\/wp\/v2\/pages\/8","targetHints":{"allow":["GET"]}}],"collection":[{"href":"https:\/\/www.myautopartsfactory.com\/fr\/wp-json\/wp\/v2\/pages"}],"about":[{"href":"https:\/\/www.myautopartsfactory.com\/fr\/wp-json\/wp\/v2\/types\/page"}],"author":[{"embeddable":true,"href":"https:\/\/www.myautopartsfactory.com\/fr\/wp-json\/wp\/v2\/users\/4"}],"replies":[{"embeddable":true,"href":"https:\/\/www.myautopartsfactory.com\/fr\/wp-json\/wp\/v2\/comments?post=8"}],"version-history":[{"count":0,"href":"https:\/\/www.myautopartsfactory.com\/fr\/wp-json\/wp\/v2\/pages\/8\/revisions"}],"wp:featuredmedia":[{"embeddable":true,"href":"https:\/\/www.myautopartsfactory.com\/fr\/wp-json\/wp\/v2\/media\/165"}],"wp:attachment":[{"href":"https:\/\/www.myautopartsfactory.com\/fr\/wp-json\/wp\/v2\/media?parent=8"}],"curies":[{"name":"wp","href":"https:\/\/api.w.org\/{rel}","templated":true}]}}