{"id":214,"date":"2024-04-17T14:11:26","date_gmt":"2024-04-17T06:11:26","guid":{"rendered":"https:\/\/www.myautopartsfactory.com\/?page_id=214"},"modified":"2024-04-17T14:11:41","modified_gmt":"2024-04-17T06:11:41","slug":"privacy-policy","status":"publish","type":"page","link":"https:\/\/www.myautopartsfactory.com\/fr\/privacy-policy","title":{"rendered":"Politique de confidentialit\u00e9"},"content":{"rendered":"<h3 class=\"wp-block-heading\">Quelles sont les informations que nous recueillons ?<\/h3>\n\n\n\n<p>Nous recueillons des informations aupr\u00e8s de vous lorsque vous vous inscrivez sur le site, passez une commande, participez \u00e0 un concours ou \u00e0 une loterie, r\u00e9pondez \u00e0 une enqu\u00eate ou \u00e0 une communication telle qu'un courrier \u00e9lectronique, ou participez \u00e0 une autre fonction du site. Lors d'une commande ou d'une inscription, nous pouvons vous demander votre nom, votre adresse \u00e9lectronique, votre adresse postale, votre num\u00e9ro de t\u00e9l\u00e9phone, des informations sur votre carte de cr\u00e9dit ou d'autres informations. Vous pouvez toutefois visiter notre site de mani\u00e8re anonyme. Nous recueillons \u00e9galement des informations sur les destinataires des cadeaux afin de pouvoir honorer l'achat du cadeau. Les informations que nous recueillons sur les destinataires des cadeaux ne sont pas utilis\u00e9es \u00e0 des fins de marketing. Comme de nombreux sites web, nous utilisons des \u201ccookies\u201d pour am\u00e9liorer votre exp\u00e9rience et recueillir des informations sur les visiteurs et les visites de nos sites web. Veuillez vous reporter \u00e0 la section \u201cUtilisons-nous des \u2018cookies\u2019 ?\u201d ci-dessous pour obtenir des informations sur les cookies et la mani\u00e8re dont nous les utilisons.<\/p>\n\n\n\n<h3 class=\"wp-block-heading\">Comment utilisons-nous vos informations ?<\/h3>\n\n\n\n<p>Nous pouvons utiliser les informations que nous recueillons aupr\u00e8s de vous lorsque vous vous inscrivez, achetez des produits, participez \u00e0 un concours ou \u00e0 une promotion, r\u00e9pondez \u00e0 une enqu\u00eate ou \u00e0 une communication marketing, naviguez sur le site web ou utilisez certaines autres fonctions du site de la mani\u00e8re suivante : Pour personnaliser votre exp\u00e9rience sur le site et nous permettre de vous proposer le type de contenu et d'offres de produits qui vous int\u00e9ressent le plus. Pour nous permettre de mieux vous servir en r\u00e9pondant \u00e0 vos demandes de service \u00e0 la client\u00e8le. Pour traiter rapidement vos transactions. pour g\u00e9rer un concours, une promotion, une enqu\u00eate ou une autre fonction du site. Si vous avez choisi de recevoir notre bulletin d'information par courrier \u00e9lectronique, nous pouvons vous envoyer des courriers \u00e9lectroniques p\u00e9riodiques. Si vous ne souhaitez plus recevoir d'e-mails promotionnels de notre part, veuillez vous r\u00e9f\u00e9rer \u00e0 la section \u201cRetrait de votre consentement\u201d ci-dessous. Si vous n'avez pas choisi de recevoir les bulletins d'information par courrier \u00e9lectronique, vous ne recevrez pas ces courriers. Les visiteurs qui s'inscrivent ou participent \u00e0 d'autres fonctions du site, telles que les programmes de marketing et le contenu r\u00e9serv\u00e9 aux membres, auront la possibilit\u00e9 de choisir s'ils souhaitent figurer sur notre liste d'adresses \u00e9lectroniques et recevoir des communications par courrier \u00e9lectronique de notre part.<\/p>\n\n\n\n<h3 class=\"wp-block-heading\">Comment prot\u00e9geons-nous les informations relatives aux visiteurs ?<\/h3>\n\n\n\n<p>Nous mettons en \u0153uvre une s\u00e9rie de mesures de s\u00e9curit\u00e9 pour pr\u00e9server la s\u00e9curit\u00e9 de vos informations personnelles. Vos informations personnelles sont conserv\u00e9es dans des r\u00e9seaux s\u00e9curis\u00e9s et ne sont accessibles qu'\u00e0 un nombre limit\u00e9 de personnes disposant de droits d'acc\u00e8s sp\u00e9ciaux \u00e0 ces syst\u00e8mes et tenues de pr\u00e9server la confidentialit\u00e9 de ces informations. Lorsque vous passez des commandes ou acc\u00e9dez \u00e0 vos informations personnelles, nous vous proposons d'utiliser un serveur s\u00e9curis\u00e9. Toutes les informations sensibles\/de cr\u00e9dit que vous fournissez sont transmises via la technologie Secure Socket Layer (SSL) et ensuite crypt\u00e9es dans nos bases de donn\u00e9es pour n'\u00eatre accessibles que comme indiqu\u00e9 ci-dessus.<\/p>\n\n\n\n<h3 class=\"wp-block-heading\">Utilisons-nous des \u201ccookies\u201d ?<\/h3>\n\n\n\n<p>Oui. Les cookies sont de petits fichiers qu'un site ou son fournisseur de services transf\u00e8re sur le disque dur de votre ordinateur par l'interm\u00e9diaire de votre navigateur Web (si vous l'autorisez) et qui permet aux syst\u00e8mes du site ou du fournisseur de services de reconna\u00eetre votre navigateur et de capturer et m\u00e9moriser certaines informations. Par exemple, nous utilisons des cookies pour nous aider \u00e0 m\u00e9moriser et \u00e0 traiter les articles de votre panier d'achat. Ils sont \u00e9galement utilis\u00e9s pour nous aider \u00e0 comprendre vos pr\u00e9f\u00e9rences en fonction de vos activit\u00e9s ant\u00e9rieures ou actuelles sur le site, ce qui nous permet de vous fournir des services am\u00e9lior\u00e9s. Nous utilisons \u00e9galement des cookies pour nous aider \u00e0 compiler des donn\u00e9es globales sur le trafic et l'interaction sur le site afin de pouvoir offrir de meilleures exp\u00e9riences et de meilleurs outils \u00e0 l'avenir. Nous pouvons faire appel \u00e0 des prestataires de services tiers pour nous aider \u00e0 mieux comprendre les visiteurs de notre site. Ces prestataires de services ne sont pas autoris\u00e9s \u00e0 utiliser les informations collect\u00e9es en notre nom, sauf pour nous aider \u00e0 mener et \u00e0 am\u00e9liorer nos activit\u00e9s. Vous pouvez choisir de faire en sorte que votre ordinateur vous avertisse chaque fois qu'un cookie est envoy\u00e9, ou vous pouvez choisir de d\u00e9sactiver tous les cookies. Vous pouvez le faire via les param\u00e8tres de votre navigateur (comme Google Chrome, Microsoft Edge ou Safari). Chaque navigateur \u00e9tant l\u00e9g\u00e8rement diff\u00e9rent, consultez le menu \u2018Aide\u2019 de votre navigateur pour conna\u00eetre la bonne fa\u00e7on de modifier vos cookies. Si vous d\u00e9sactivez les cookies, vous n'aurez pas acc\u00e8s \u00e0 de nombreuses fonctions qui rendent votre exp\u00e9rience du site plus efficace et certains de nos services ne fonctionneront pas correctement. Toutefois, vous pouvez toujours passer des commandes par t\u00e9l\u00e9phone en contactant le service client\u00e8le.<\/p>\n\n\n\n<h3 class=\"wp-block-heading\">Les informations que nous recueillons sont-elles divulgu\u00e9es \u00e0 des tiers ?<\/h3>\n\n\n\n<p>Nous ne vendons pas, n'\u00e9changeons pas et ne transf\u00e9rons pas de quelque mani\u00e8re que ce soit vos informations personnelles identifiables \u00e0 des tiers, sauf si nous vous en informons \u00e0 l'avance, \u00e0 l'exception des cas d\u00e9crits ci-dessous. Le terme \u201cparties ext\u00e9rieures\u201d n'inclut pas notre entreprise. Il n'inclut pas non plus les partenaires d'h\u00e9bergement du site web et les autres parties qui nous aident \u00e0 exploiter notre site web, \u00e0 mener nos activit\u00e9s ou \u00e0 vous fournir des services, pour autant que ces parties acceptent de garder ces informations confidentielles. Nous pouvons \u00e9galement divulguer vos informations lorsque nous estimons qu'il est appropri\u00e9 de le faire pour respecter la loi, appliquer les politiques de notre site ou prot\u00e9ger nos droits, notre propri\u00e9t\u00e9 ou notre s\u00e9curit\u00e9, ainsi que ceux d'autres personnes. Toutefois, les informations non personnellement identifiables concernant les visiteurs peuvent \u00eatre fournies \u00e0 des tiers \u00e0 des fins de marketing, de publicit\u00e9 ou autres. Comment pouvez-vous refuser, supprimer ou modifier les informations que vous nous avez fournies ? Pour modifier vos abonnements aux courriels, veuillez nous en informer en modifiant vos pr\u00e9f\u00e9rences dans la section \u2019Mon compte\u201c. Veuillez noter qu'en raison des calendriers de production des courriels, il se peut que vous receviez les courriels d\u00e9j\u00e0 en cours de production. Pour supprimer de notre base de donn\u00e9es toutes les informations relatives \u00e0 votre compte en ligne, connectez-vous \u00e0 la section \u201dMon compte\u201c de notre site et supprimez vos adresses de livraison et de facturation ainsi que vos informations de paiement. Veuillez noter que nous pouvons conserver des informations sur une transaction de vente individuelle afin d'assurer le service de cette transaction et de conserver des archives. Liens avec des tiers Dans le but de vous offrir une valeur ajout\u00e9e, nous pouvons inclure des liens avec des tiers sur notre site. Ces sites ont des politiques de confidentialit\u00e9 distinctes et ind\u00e9pendantes. Nous ne sommes donc pas responsables du contenu et des activit\u00e9s de ces sites. N\u00e9anmoins, nous cherchons \u00e0 prot\u00e9ger l'int\u00e9grit\u00e9 de notre site et nous accueillons volontiers tout commentaire sur ces sites li\u00e9s (y compris si un lien sp\u00e9cifique ne fonctionne pas). Les modifications apport\u00e9es \u00e0 notre politique, si nous d\u00e9cidons de modifier notre politique de confidentialit\u00e9, seront publi\u00e9es sur cette page. Les modifications de la politique ne s'appliqueront qu'aux informations collect\u00e9es apr\u00e8s la date de la modification. Cette politique a \u00e9t\u00e9 modifi\u00e9e pour la derni\u00e8re fois le 25 mai 2018.<\/p>\n\n\n\n<h3 class=\"wp-block-heading\">Questions et commentaires<\/h3>\n\n\n\n<p>Vos questions, commentaires et pr\u00e9occupations concernant la protection de la vie priv\u00e9e sont les bienvenus. N'h\u00e9sitez pas \u00e0 nous faire part de vos commentaires sur la protection de la vie priv\u00e9e ou sur tout autre sujet. Politique en ligne uniquement. Cette politique de confidentialit\u00e9 en ligne ne s'applique qu'aux informations collect\u00e9es sur notre site web et non aux informations collect\u00e9es hors ligne.<\/p>\n\n\n\n<h3 class=\"wp-block-heading\">Votre consentement<\/h3>\n\n\n\n<p>En effectuant un achat sur notre site web ou en soumettant une demande d'informations personnelles ou professionnelles pour obtenir un devis, effectuer un paiement par quelque moyen que ce soit pour une commande ou organiser une livraison, vous consentez \u00e0 ce que nous recueillions, stockions et utilisions ces informations \u00e0 votre profit et\/ou pour am\u00e9liorer nos services et nos offres. Ce faisant, vous consentez \u00e9galement \u00e0 ce que nous r\u00e9v\u00e9lions que vous \u00eates un client de MugFactory et \u00e0 ce que nous utilisions le nom de votre entreprise, votre logo et votre emballage dans le but de pr\u00e9senter nos produits et services, \u00e0 moins qu'il n'en soit sp\u00e9cifi\u00e9 autrement.<\/p>\n\n\n\n<h3 class=\"wp-block-heading\">Retrait du consentement<\/h3>\n\n\n\n<p>\u00c0 tout moment, vous pouvez choisir de retirer votre consentement \u00e0 la collecte, l'utilisation ou la divulgation de vos informations par MugFactory, \u00e0 tout moment, en nous contactant. MugFactory se r\u00e9serve le droit de conserver toute information pr\u00e9c\u00e9demment collect\u00e9e afin d'honorer toute commande ou de r\u00e9soudre tout litige ou enqu\u00eate. Lorsque vous visitez notre site web, nous recevons automatiquement l'adresse IP (Internet Protocol) de votre appareil, la r\u00e9gion g\u00e9ographique approximative et d'autres informations de base sur votre navigateur et votre syst\u00e8me d'exploitation afin de mieux vous assister et de fournir une exp\u00e9rience meilleure et plus personnalis\u00e9e \u00e0 nos clients.<\/p>","protected":false},"excerpt":{"rendered":"What information do we collect? We collect information from you when you register on the site, place an order, enter a contest or sweepstakes, respond to a survey or communication such as e-mail, or participate in another site feature. When ordering or registering, we may ask you for your name, e-mail address, mailing address, phone [&hellip;]","protected":false},"author":4,"featured_media":0,"parent":0,"menu_order":0,"comment_status":"closed","ping_status":"closed","template":"","meta":{"footnotes":""},"class_list":["post-214","page","type-page","status-publish","hentry"],"yoast_head":"<!-- This site is optimized with the Yoast SEO plugin v27.3 - https:\/\/yoast.com\/product\/yoast-seo-wordpress\/ -->\n<title>Privacy Policy - YZHIDIANF<\/title>\n<meta name=\"robots\" content=\"index, follow, max-snippet:-1, max-image-preview:large, max-video-preview:-1\" \/>\n<link rel=\"canonical\" href=\"https:\/\/www.myautopartsfactory.com\/fr\/privacy-policy\/\" \/>\n<meta property=\"og:locale\" content=\"fr_FR\" \/>\n<meta property=\"og:type\" content=\"article\" \/>\n<meta property=\"og:title\" content=\"Privacy Policy - YZHIDIANF\" \/>\n<meta property=\"og:description\" content=\"What information do we collect? We collect information from you when you register on the site, place an order, enter a contest or sweepstakes, respond to a survey or communication such as e-mail, or participate in another site feature. When ordering or registering, we may ask you for your name, e-mail address, mailing address, phone [&hellip;]\" \/>\n<meta property=\"og:url\" content=\"https:\/\/www.myautopartsfactory.com\/fr\/privacy-policy\/\" \/>\n<meta property=\"og:site_name\" content=\"YZHIDIANF\" \/>\n<meta property=\"article:modified_time\" content=\"2024-04-17T06:11:41+00:00\" \/>\n<meta name=\"twitter:card\" content=\"summary_large_image\" \/>\n<script type=\"application\/ld+json\" class=\"yoast-schema-graph\">{\"@context\":\"https:\\\/\\\/schema.org\",\"@graph\":[{\"@type\":\"WebPage\",\"@id\":\"https:\\\/\\\/www.myautopartsfactory.com\\\/privacy-policy\",\"url\":\"https:\\\/\\\/www.myautopartsfactory.com\\\/privacy-policy\",\"name\":\"Privacy Policy - YZHIDIANF\",\"isPartOf\":{\"@id\":\"https:\\\/\\\/www.myautopartsfactory.com\\\/#website\"},\"datePublished\":\"2024-04-17T06:11:26+00:00\",\"dateModified\":\"2024-04-17T06:11:41+00:00\",\"breadcrumb\":{\"@id\":\"https:\\\/\\\/www.myautopartsfactory.com\\\/privacy-policy#breadcrumb\"},\"inLanguage\":\"fr-FR\",\"potentialAction\":[{\"@type\":\"ReadAction\",\"target\":[\"https:\\\/\\\/www.myautopartsfactory.com\\\/privacy-policy\"]}]},{\"@type\":\"BreadcrumbList\",\"@id\":\"https:\\\/\\\/www.myautopartsfactory.com\\\/privacy-policy#breadcrumb\",\"itemListElement\":[{\"@type\":\"ListItem\",\"position\":1,\"name\":\"\u9996\u9875\",\"item\":\"https:\\\/\\\/www.myautopartsfactory.com\\\/\"},{\"@type\":\"ListItem\",\"position\":2,\"name\":\"Privacy Policy\"}]},{\"@type\":\"WebSite\",\"@id\":\"https:\\\/\\\/www.myautopartsfactory.com\\\/#website\",\"url\":\"https:\\\/\\\/www.myautopartsfactory.com\\\/\",\"name\":\"YZHIDIANF\",\"description\":\"One-Stop Auto Parts Supplier\",\"publisher\":{\"@id\":\"https:\\\/\\\/www.myautopartsfactory.com\\\/#organization\"},\"potentialAction\":[{\"@type\":\"SearchAction\",\"target\":{\"@type\":\"EntryPoint\",\"urlTemplate\":\"https:\\\/\\\/www.myautopartsfactory.com\\\/?s={search_term_string}\"},\"query-input\":{\"@type\":\"PropertyValueSpecification\",\"valueRequired\":true,\"valueName\":\"search_term_string\"}}],\"inLanguage\":\"fr-FR\"},{\"@type\":\"Organization\",\"@id\":\"https:\\\/\\\/www.myautopartsfactory.com\\\/#organization\",\"name\":\"YZHIDIANF\",\"url\":\"https:\\\/\\\/www.myautopartsfactory.com\\\/\",\"logo\":{\"@type\":\"ImageObject\",\"inLanguage\":\"fr-FR\",\"@id\":\"https:\\\/\\\/www.myautopartsfactory.com\\\/#\\\/schema\\\/logo\\\/image\\\/\",\"url\":\"https:\\\/\\\/www.myautopartsfactory.com\\\/wp-content\\\/uploads\\\/2024\\\/05\\\/fav.jpg\",\"contentUrl\":\"https:\\\/\\\/www.myautopartsfactory.com\\\/wp-content\\\/uploads\\\/2024\\\/05\\\/fav.jpg\",\"width\":80,\"height\":80,\"caption\":\"YZHIDIANF\"},\"image\":{\"@id\":\"https:\\\/\\\/www.myautopartsfactory.com\\\/#\\\/schema\\\/logo\\\/image\\\/\"}}]}<\/script>\n<!-- \/ Yoast SEO plugin. -->","yoast_head_json":{"title":"Politique de confidentialit\u00e9 - YZHIDIANF","robots":{"index":"index","follow":"follow","max-snippet":"max-snippet:-1","max-image-preview":"max-image-preview:large","max-video-preview":"max-video-preview:-1"},"canonical":"https:\/\/www.myautopartsfactory.com\/fr\/privacy-policy\/","og_locale":"fr_FR","og_type":"article","og_title":"Privacy Policy - YZHIDIANF","og_description":"What information do we collect? We collect information from you when you register on the site, place an order, enter a contest or sweepstakes, respond to a survey or communication such as e-mail, or participate in another site feature. When ordering or registering, we may ask you for your name, e-mail address, mailing address, phone [&hellip;]","og_url":"https:\/\/www.myautopartsfactory.com\/fr\/privacy-policy\/","og_site_name":"YZHIDIANF","article_modified_time":"2024-04-17T06:11:41+00:00","twitter_card":"summary_large_image","schema":{"@context":"https:\/\/schema.org","@graph":[{"@type":"WebPage","@id":"https:\/\/www.myautopartsfactory.com\/privacy-policy","url":"https:\/\/www.myautopartsfactory.com\/privacy-policy","name":"Politique de confidentialit\u00e9 - YZHIDIANF","isPartOf":{"@id":"https:\/\/www.myautopartsfactory.com\/#website"},"datePublished":"2024-04-17T06:11:26+00:00","dateModified":"2024-04-17T06:11:41+00:00","breadcrumb":{"@id":"https:\/\/www.myautopartsfactory.com\/privacy-policy#breadcrumb"},"inLanguage":"fr-FR","potentialAction":[{"@type":"ReadAction","target":["https:\/\/www.myautopartsfactory.com\/privacy-policy"]}]},{"@type":"BreadcrumbList","@id":"https:\/\/www.myautopartsfactory.com\/privacy-policy#breadcrumb","itemListElement":[{"@type":"ListItem","position":1,"name":"\u9996\u9875","item":"https:\/\/www.myautopartsfactory.com\/"},{"@type":"ListItem","position":2,"name":"Privacy Policy"}]},{"@type":"WebSite","@id":"https:\/\/www.myautopartsfactory.com\/#website","url":"https:\/\/www.myautopartsfactory.com\/","name":"YZHIDIANF","description":"Fournisseur unique de pi\u00e8ces d\u00e9tach\u00e9es automobiles","publisher":{"@id":"https:\/\/www.myautopartsfactory.com\/#organization"},"potentialAction":[{"@type":"SearchAction","target":{"@type":"EntryPoint","urlTemplate":"https:\/\/www.myautopartsfactory.com\/?s={search_term_string}"},"query-input":{"@type":"PropertyValueSpecification","valueRequired":true,"valueName":"search_term_string"}}],"inLanguage":"fr-FR"},{"@type":"Organization","@id":"https:\/\/www.myautopartsfactory.com\/#organization","name":"YZHIDIANF","url":"https:\/\/www.myautopartsfactory.com\/","logo":{"@type":"ImageObject","inLanguage":"fr-FR","@id":"https:\/\/www.myautopartsfactory.com\/#\/schema\/logo\/image\/","url":"https:\/\/www.myautopartsfactory.com\/wp-content\/uploads\/2024\/05\/fav.jpg","contentUrl":"https:\/\/www.myautopartsfactory.com\/wp-content\/uploads\/2024\/05\/fav.jpg","width":80,"height":80,"caption":"YZHIDIANF"},"image":{"@id":"https:\/\/www.myautopartsfactory.com\/#\/schema\/logo\/image\/"}}]}},"acf":[],"_links":{"self":[{"href":"https:\/\/www.myautopartsfactory.com\/fr\/wp-json\/wp\/v2\/pages\/214","targetHints":{"allow":["GET"]}}],"collection":[{"href":"https:\/\/www.myautopartsfactory.com\/fr\/wp-json\/wp\/v2\/pages"}],"about":[{"href":"https:\/\/www.myautopartsfactory.com\/fr\/wp-json\/wp\/v2\/types\/page"}],"author":[{"embeddable":true,"href":"https:\/\/www.myautopartsfactory.com\/fr\/wp-json\/wp\/v2\/users\/4"}],"replies":[{"embeddable":true,"href":"https:\/\/www.myautopartsfactory.com\/fr\/wp-json\/wp\/v2\/comments?post=214"}],"version-history":[{"count":0,"href":"https:\/\/www.myautopartsfactory.com\/fr\/wp-json\/wp\/v2\/pages\/214\/revisions"}],"wp:attachment":[{"href":"https:\/\/www.myautopartsfactory.com\/fr\/wp-json\/wp\/v2\/media?parent=214"}],"curies":[{"name":"wp","href":"https:\/\/api.w.org\/{rel}","templated":true}]}}