{"id":111,"date":"2024-04-14T22:16:33","date_gmt":"2024-04-14T14:16:33","guid":{"rendered":"https:\/\/www.myautopartsfactory.com\/?page_id=111"},"modified":"2025-10-20T16:54:11","modified_gmt":"2025-10-20T08:54:11","slug":"help-faq","status":"publish","type":"page","link":"https:\/\/www.myautopartsfactory.com\/fr\/help-faq","title":{"rendered":"Aide et FAQ"},"content":{"rendered":"<h2 class=\"wp-block-heading\">Where is your company located?<\/h2>\n\n\n\n<p>Nous sommes situ\u00e9s \u00e0 Guangzhou, en Chine, et nos clients se trouvent dans le monde entier. Avez-vous d\u00e9j\u00e0 import\u00e9 de Chine ?<\/p>\n\n\n\n<h2 class=\"wp-block-heading\">What do you mainly sell?<\/h2>\n\n\n\n<p>Nous vendons principalement <a href=\"https:\/\/www.myautopartsfactory.com\/fr\/products\/engine-system-parts\/\">pi\u00e8ces du syst\u00e8me moteur<\/a> et <a href=\"https:\/\/www.myautopartsfactory.com\/fr\/products\/fuel-system-parts\/\">pi\u00e8ces du syst\u00e8me d'alimentation en carburant<\/a>, including sensors, fuel injectors, ignition coils, window switches, SCVs, and other engine accessories. We have 17 years of experience in Auto parts, and we have many customers in your local area.<\/p>\n\n\n\n<h2 class=\"wp-block-heading\">Can you send the products catalog?<\/h2>\n\n\n\n<p>Can you tell me the products you mainly sell? In this way I can send you the corresponding product catalog.<\/p>\n\n\n\n<h2 class=\"wp-block-heading\">Are you a factory?<\/h2>\n\n\n\n<p>Yes, we have our own factory, we are a company integrating industry and trade, so our price and quality are very advantageous. You can send me the products you need and I will send you the best price<\/p>\n\n\n\n<h2 class=\"wp-block-heading\">What is your payment method? How do I purchase?<\/h2>\n\n\n\n<p>Nous acceptons les paiements par TT, Western Union, Alibaba, Visa, paypal, etc. Quel mode de paiement vous convient le mieux ?<\/p>\n\n\n\n<p>You can&nbsp;also&nbsp;contact our colleagues and place orders through our official website, Alibaba, AliExpress, and 1688.<\/p>\n\n\n\n<h2 class=\"wp-block-heading\">What is your MOQ? How is your packaging?<\/h2>\n\n\n\n<p>Our MOQ&nbsp;is 10 pieces, and we can provide neutral or our brand packaging boxes.<\/p>\n\n\n<div class=\"wp-block-image\">\n<figure class=\"aligncenter size-full\"><img fetchpriority=\"high\" decoding=\"async\" width=\"832\" height=\"440\" src=\"https:\/\/www.myautopartsfactory.com\/wp-content\/uploads\/2024\/05\/we-can-provide-neutral-or-our-brand-packaging-boxes.jpg\" alt=\"packaging method\" class=\"wp-image-336\" srcset=\"https:\/\/www.myautopartsfactory.com\/wp-content\/uploads\/2024\/05\/we-can-provide-neutral-or-our-brand-packaging-boxes.jpg 832w, https:\/\/www.myautopartsfactory.com\/wp-content\/uploads\/2024\/05\/we-can-provide-neutral-or-our-brand-packaging-boxes-768x406.jpg 768w\" sizes=\"(max-width: 832px) 100vw, 832px\" \/><\/figure>\n<\/div>\n\n\n<h2 class=\"wp-block-heading\">What is your shipping method?<\/h2>\n\n\n\n<p>Nous exp\u00e9dions g\u00e9n\u00e9ralement par fret a\u00e9rien, tel que UPS, DHL et FedEx. Si vous avez votre propre agent, nous pouvons \u00e9galement l'envoyer \u00e0 votre agent.<\/p>\n\n\n\n<h2 class=\"wp-block-heading\">Do you have a store in our local area?<\/h2>\n\n\n\n<p>Nous n'avons pas de magasin dans votre r\u00e9gion. Notre entreprise est situ\u00e9e \u00e0 Guangzhou, en Chine, mais nous vendons nos produits dans le monde entier par l'interm\u00e9diaire d'Internet.<\/p>\n\n\n\n<h2 class=\"wp-block-heading\">Do you support customization?<\/h2>\n\n\n\n<p>Oui, <a href=\"https:\/\/www.myautopartsfactory.com\/fr\/about-us\/\">customized services<\/a> are one of our distinctive services, we can help you laser print your logo for free, you just need to send me your logo picture\u00a0or words.<\/p>\n\n\n\n<h2 class=\"wp-block-heading\">How do you ensure quality and what is your after-sales service?<\/h2>\n\n\n\n<p>As a professional auto parts manufacturer, our products will be tested before shipment. If there are no problems in the test, we will arrange shipment. Our warranty is one year. If there are quality problems with the product ,We can provide you with returns and exchanges.<\/p>","protected":false},"excerpt":{"rendered":"Where is your company located? We are located in Guangzhou, China, and our customers are located all over the world. Have you ever imported from China? What do you mainly sell? We mainly sell engine system parts and fuel system parts, including sensors, fuel injectors, ignition coils, window switches, SCVs, and other engine accessories. We [&hellip;]","protected":false},"author":4,"featured_media":0,"parent":0,"menu_order":0,"comment_status":"closed","ping_status":"closed","template":"","meta":{"footnotes":""},"class_list":["post-111","page","type-page","status-publish","hentry"],"yoast_head":"<!-- This site is optimized with the Yoast SEO plugin v27.3 - https:\/\/yoast.com\/product\/yoast-seo-wordpress\/ -->\n<title>Help &amp; FAQ | Auto parts supplier - YZHIDIANF<\/title>\n<meta name=\"description\" content=\"Guangzhou-based factory Auto parts supplier of engine &amp; fuel auto parts\u201417 yrs expertise, global shipping, OEM custom, low MOQ, 1-yr warranty.\" \/>\n<meta name=\"robots\" content=\"index, follow, max-snippet:-1, max-image-preview:large, max-video-preview:-1\" \/>\n<link rel=\"canonical\" href=\"https:\/\/www.myautopartsfactory.com\/fr\/help-faq\/\" \/>\n<meta property=\"og:locale\" content=\"fr_FR\" \/>\n<meta property=\"og:type\" content=\"article\" \/>\n<meta property=\"og:title\" content=\"Help &amp; FAQ | Auto parts supplier - YZHIDIANF\" \/>\n<meta property=\"og:description\" content=\"Guangzhou-based factory Auto parts supplier of engine &amp; fuel auto parts\u201417 yrs expertise, global shipping, OEM custom, low MOQ, 1-yr warranty.\" \/>\n<meta property=\"og:url\" content=\"https:\/\/www.myautopartsfactory.com\/fr\/help-faq\/\" \/>\n<meta property=\"og:site_name\" content=\"YZHIDIANF\" \/>\n<meta property=\"article:modified_time\" content=\"2025-10-20T08:54:11+00:00\" \/>\n<meta property=\"og:image\" content=\"https:\/\/www.myautopartsfactory.com\/wp-content\/uploads\/2024\/05\/we-can-provide-neutral-or-our-brand-packaging-boxes.jpg\" \/>\n\t<meta property=\"og:image:width\" content=\"832\" \/>\n\t<meta property=\"og:image:height\" content=\"440\" \/>\n\t<meta property=\"og:image:type\" content=\"image\/jpeg\" \/>\n<meta name=\"twitter:card\" content=\"summary_large_image\" \/>\n<meta name=\"twitter:label1\" content=\"Dur\u00e9e de lecture estim\u00e9e\" \/>\n\t<meta name=\"twitter:data1\" content=\"3 minutes\" \/>\n<script type=\"application\/ld+json\" class=\"yoast-schema-graph\">{\"@context\":\"https:\\\/\\\/schema.org\",\"@graph\":[{\"@type\":\"WebPage\",\"@id\":\"https:\\\/\\\/www.myautopartsfactory.com\\\/help-faq\",\"url\":\"https:\\\/\\\/www.myautopartsfactory.com\\\/help-faq\",\"name\":\"Help &amp; FAQ | Auto parts supplier - YZHIDIANF\",\"isPartOf\":{\"@id\":\"https:\\\/\\\/www.myautopartsfactory.com\\\/#website\"},\"primaryImageOfPage\":{\"@id\":\"https:\\\/\\\/www.myautopartsfactory.com\\\/help-faq#primaryimage\"},\"image\":{\"@id\":\"https:\\\/\\\/www.myautopartsfactory.com\\\/help-faq#primaryimage\"},\"thumbnailUrl\":\"https:\\\/\\\/www.myautopartsfactory.com\\\/wp-content\\\/uploads\\\/2024\\\/05\\\/we-can-provide-neutral-or-our-brand-packaging-boxes.jpg\",\"datePublished\":\"2024-04-14T14:16:33+00:00\",\"dateModified\":\"2025-10-20T08:54:11+00:00\",\"description\":\"Guangzhou-based factory Auto parts supplier of engine & fuel auto parts\u201417 yrs expertise, global shipping, OEM custom, low MOQ, 1-yr warranty.\",\"breadcrumb\":{\"@id\":\"https:\\\/\\\/www.myautopartsfactory.com\\\/help-faq#breadcrumb\"},\"inLanguage\":\"fr-FR\",\"potentialAction\":[{\"@type\":\"ReadAction\",\"target\":[\"https:\\\/\\\/www.myautopartsfactory.com\\\/help-faq\"]}]},{\"@type\":\"ImageObject\",\"inLanguage\":\"fr-FR\",\"@id\":\"https:\\\/\\\/www.myautopartsfactory.com\\\/help-faq#primaryimage\",\"url\":\"https:\\\/\\\/www.myautopartsfactory.com\\\/wp-content\\\/uploads\\\/2024\\\/05\\\/we-can-provide-neutral-or-our-brand-packaging-boxes.jpg\",\"contentUrl\":\"https:\\\/\\\/www.myautopartsfactory.com\\\/wp-content\\\/uploads\\\/2024\\\/05\\\/we-can-provide-neutral-or-our-brand-packaging-boxes.jpg\"},{\"@type\":\"BreadcrumbList\",\"@id\":\"https:\\\/\\\/www.myautopartsfactory.com\\\/help-faq#breadcrumb\",\"itemListElement\":[{\"@type\":\"ListItem\",\"position\":1,\"name\":\"\u9996\u9875\",\"item\":\"https:\\\/\\\/www.myautopartsfactory.com\\\/\"},{\"@type\":\"ListItem\",\"position\":2,\"name\":\"Help &amp; FAQ\"}]},{\"@type\":\"WebSite\",\"@id\":\"https:\\\/\\\/www.myautopartsfactory.com\\\/#website\",\"url\":\"https:\\\/\\\/www.myautopartsfactory.com\\\/\",\"name\":\"YZHIDIANF\",\"description\":\"One-Stop Auto Parts Supplier\",\"publisher\":{\"@id\":\"https:\\\/\\\/www.myautopartsfactory.com\\\/#organization\"},\"potentialAction\":[{\"@type\":\"SearchAction\",\"target\":{\"@type\":\"EntryPoint\",\"urlTemplate\":\"https:\\\/\\\/www.myautopartsfactory.com\\\/?s={search_term_string}\"},\"query-input\":{\"@type\":\"PropertyValueSpecification\",\"valueRequired\":true,\"valueName\":\"search_term_string\"}}],\"inLanguage\":\"fr-FR\"},{\"@type\":\"Organization\",\"@id\":\"https:\\\/\\\/www.myautopartsfactory.com\\\/#organization\",\"name\":\"YZHIDIANF\",\"url\":\"https:\\\/\\\/www.myautopartsfactory.com\\\/\",\"logo\":{\"@type\":\"ImageObject\",\"inLanguage\":\"fr-FR\",\"@id\":\"https:\\\/\\\/www.myautopartsfactory.com\\\/#\\\/schema\\\/logo\\\/image\\\/\",\"url\":\"https:\\\/\\\/www.myautopartsfactory.com\\\/wp-content\\\/uploads\\\/2024\\\/05\\\/fav.jpg\",\"contentUrl\":\"https:\\\/\\\/www.myautopartsfactory.com\\\/wp-content\\\/uploads\\\/2024\\\/05\\\/fav.jpg\",\"width\":80,\"height\":80,\"caption\":\"YZHIDIANF\"},\"image\":{\"@id\":\"https:\\\/\\\/www.myautopartsfactory.com\\\/#\\\/schema\\\/logo\\\/image\\\/\"}}]}<\/script>\n<!-- \/ Yoast SEO plugin. -->","yoast_head_json":{"title":"Help &amp; FAQ | Auto parts supplier - YZHIDIANF","description":"Guangzhou-based factory Auto parts supplier of engine & fuel auto parts\u201417 yrs expertise, global shipping, OEM custom, low MOQ, 1-yr warranty.","robots":{"index":"index","follow":"follow","max-snippet":"max-snippet:-1","max-image-preview":"max-image-preview:large","max-video-preview":"max-video-preview:-1"},"canonical":"https:\/\/www.myautopartsfactory.com\/fr\/help-faq\/","og_locale":"fr_FR","og_type":"article","og_title":"Help &amp; FAQ | Auto parts supplier - YZHIDIANF","og_description":"Guangzhou-based factory Auto parts supplier of engine & fuel auto parts\u201417 yrs expertise, global shipping, OEM custom, low MOQ, 1-yr warranty.","og_url":"https:\/\/www.myautopartsfactory.com\/fr\/help-faq\/","og_site_name":"YZHIDIANF","article_modified_time":"2025-10-20T08:54:11+00:00","og_image":[{"width":832,"height":440,"url":"https:\/\/www.myautopartsfactory.com\/wp-content\/uploads\/2024\/05\/we-can-provide-neutral-or-our-brand-packaging-boxes.jpg","type":"image\/jpeg"}],"twitter_card":"summary_large_image","twitter_misc":{"Dur\u00e9e de lecture estim\u00e9e":"3 minutes"},"schema":{"@context":"https:\/\/schema.org","@graph":[{"@type":"WebPage","@id":"https:\/\/www.myautopartsfactory.com\/help-faq","url":"https:\/\/www.myautopartsfactory.com\/help-faq","name":"Help &amp; FAQ | Auto parts supplier - YZHIDIANF","isPartOf":{"@id":"https:\/\/www.myautopartsfactory.com\/#website"},"primaryImageOfPage":{"@id":"https:\/\/www.myautopartsfactory.com\/help-faq#primaryimage"},"image":{"@id":"https:\/\/www.myautopartsfactory.com\/help-faq#primaryimage"},"thumbnailUrl":"https:\/\/www.myautopartsfactory.com\/wp-content\/uploads\/2024\/05\/we-can-provide-neutral-or-our-brand-packaging-boxes.jpg","datePublished":"2024-04-14T14:16:33+00:00","dateModified":"2025-10-20T08:54:11+00:00","description":"Guangzhou-based factory Auto parts supplier of engine & fuel auto parts\u201417 yrs expertise, global shipping, OEM custom, low MOQ, 1-yr warranty.","breadcrumb":{"@id":"https:\/\/www.myautopartsfactory.com\/help-faq#breadcrumb"},"inLanguage":"fr-FR","potentialAction":[{"@type":"ReadAction","target":["https:\/\/www.myautopartsfactory.com\/help-faq"]}]},{"@type":"ImageObject","inLanguage":"fr-FR","@id":"https:\/\/www.myautopartsfactory.com\/help-faq#primaryimage","url":"https:\/\/www.myautopartsfactory.com\/wp-content\/uploads\/2024\/05\/we-can-provide-neutral-or-our-brand-packaging-boxes.jpg","contentUrl":"https:\/\/www.myautopartsfactory.com\/wp-content\/uploads\/2024\/05\/we-can-provide-neutral-or-our-brand-packaging-boxes.jpg"},{"@type":"BreadcrumbList","@id":"https:\/\/www.myautopartsfactory.com\/help-faq#breadcrumb","itemListElement":[{"@type":"ListItem","position":1,"name":"\u9996\u9875","item":"https:\/\/www.myautopartsfactory.com\/"},{"@type":"ListItem","position":2,"name":"Help &amp; FAQ"}]},{"@type":"WebSite","@id":"https:\/\/www.myautopartsfactory.com\/#website","url":"https:\/\/www.myautopartsfactory.com\/","name":"YZHIDIANF","description":"Fournisseur unique de pi\u00e8ces d\u00e9tach\u00e9es automobiles","publisher":{"@id":"https:\/\/www.myautopartsfactory.com\/#organization"},"potentialAction":[{"@type":"SearchAction","target":{"@type":"EntryPoint","urlTemplate":"https:\/\/www.myautopartsfactory.com\/?s={search_term_string}"},"query-input":{"@type":"PropertyValueSpecification","valueRequired":true,"valueName":"search_term_string"}}],"inLanguage":"fr-FR"},{"@type":"Organization","@id":"https:\/\/www.myautopartsfactory.com\/#organization","name":"YZHIDIANF","url":"https:\/\/www.myautopartsfactory.com\/","logo":{"@type":"ImageObject","inLanguage":"fr-FR","@id":"https:\/\/www.myautopartsfactory.com\/#\/schema\/logo\/image\/","url":"https:\/\/www.myautopartsfactory.com\/wp-content\/uploads\/2024\/05\/fav.jpg","contentUrl":"https:\/\/www.myautopartsfactory.com\/wp-content\/uploads\/2024\/05\/fav.jpg","width":80,"height":80,"caption":"YZHIDIANF"},"image":{"@id":"https:\/\/www.myautopartsfactory.com\/#\/schema\/logo\/image\/"}}]}},"acf":[],"_links":{"self":[{"href":"https:\/\/www.myautopartsfactory.com\/fr\/wp-json\/wp\/v2\/pages\/111","targetHints":{"allow":["GET"]}}],"collection":[{"href":"https:\/\/www.myautopartsfactory.com\/fr\/wp-json\/wp\/v2\/pages"}],"about":[{"href":"https:\/\/www.myautopartsfactory.com\/fr\/wp-json\/wp\/v2\/types\/page"}],"author":[{"embeddable":true,"href":"https:\/\/www.myautopartsfactory.com\/fr\/wp-json\/wp\/v2\/users\/4"}],"replies":[{"embeddable":true,"href":"https:\/\/www.myautopartsfactory.com\/fr\/wp-json\/wp\/v2\/comments?post=111"}],"version-history":[{"count":0,"href":"https:\/\/www.myautopartsfactory.com\/fr\/wp-json\/wp\/v2\/pages\/111\/revisions"}],"wp:attachment":[{"href":"https:\/\/www.myautopartsfactory.com\/fr\/wp-json\/wp\/v2\/media?parent=111"}],"curies":[{"name":"wp","href":"https:\/\/api.w.org\/{rel}","templated":true}]}}